{"id":32969,"date":"2022-01-10T09:15:55","date_gmt":"2022-01-10T06:15:55","guid":{"rendered":"http:\/\/turkaesthetic.com\/?page_id=32969"},"modified":"2025-06-18T15:19:42","modified_gmt":"2025-06-18T12:19:42","slug":"eyebrow-transplant","status":"publish","type":"page","link":"https:\/\/www.turkaesthetic.com\/es\/eyebrow-transplant\/","title":{"rendered":"Trasplante De Cejas"},"content":{"rendered":"\n<p><strong>El trasplante de cejas<\/strong> es un procedimiento en el que se extraen fol\u00edculos pilosos de la zona donante en la parte posterior de la cabeza y se trasplantan en la zona de las cejas despu\u00e9s de dise\u00f1ar una nueva forma de ceja que complemente los rasgos faciales. El trasplante de cejas en Turqu\u00eda es uno de los procedimientos m\u00e1s populares para las personas que experimentan un debilitamiento o p\u00e9rdida total de las cejas.<\/p>\n\n\n\n<figure class=\"wp-block-table\"><table><tbody><tr><td>Anestesia&nbsp;<\/td><td>Local \/ Sedaci\u00f3n<\/td><\/tr><tr><td>Tiempo de proceso<\/td><td>3 &#8211; 4 horas<\/td><\/tr><tr><td>Convalecencia<\/td><td>No es necesario considerarlas instrucciones despu\u00e9s del proceso<\/td><\/tr><tr><td>Resultados&nbsp;<\/td><td>Los resultados primarios comienzan despu\u00e9s de 3 meses y duran hasta el mes 6.<\/td><\/tr><tr><td>Permanencia de resultados&nbsp;<\/td><td>Vida&nbsp;<\/td><\/tr><tr><td>Estancia&nbsp;<\/td><td>3 Noches &#8211; 4 D\u00edas son suficientes<\/td><\/tr><\/tbody><\/table><figcaption class=\"wp-element-caption\">Trasplante de cejas<\/figcaption><\/figure>\n\n\n\n<h2 class=\"wp-block-heading\">\u00bfC\u00f3mo se realiza el trasplante de cejas?<\/h2>\n\n\n\n<p>En cuanto a la t\u00e9cnica, los trasplantes de cejas son muy similares a los <strong><a href=\"https:\/\/www.turkaesthetic.com\/es\/beard-transplant\/\" target=\"_blank\" data-type=\"page\" data-id=\"32959\" rel=\"noreferrer noopener\">trasplantes de barba<\/a><\/strong> o <strong><a href=\"https:\/\/www.turkaesthetic.com\/es\/hair-transplant\/\" target=\"_blank\" data-type=\"page\" data-id=\"32955\" rel=\"noreferrer noopener\">cabello<\/a><\/strong>. La \u00fanica diferencia entre ellos es el \u00e1rea donde se trasplantan los fol\u00edculos pilosos; en un procedimiento de trasplante de cabello, los fol\u00edculos se colocan en el cuero cabelludo, mientras que en un proceso de trasplante de cejas, se colocan en el \u00e1rea de las cejas. Durante el procedimiento, se extraen fol\u00edculos pilosos de la zona donante en la parte posterior de la cabeza y se trasplantan al \u00e1rea de las cejas.<\/p>\n\n\n\n<h3 class=\"wp-block-heading\">V\u00eddeo de trasplante de cejas<\/h3>\n\n\n\n<p>A continuaci\u00f3n, se incluye un v\u00eddeo que proporciona una explicaci\u00f3n detallada del proceso de trasplante.<\/p>\n\n\n\n<figure class=\"wp-block-embed is-type-video is-provider-youtube wp-block-embed-youtube wp-embed-aspect-16-9 wp-has-aspect-ratio\"><div class=\"wp-block-embed__wrapper\">\n<iframe loading=\"lazy\" title=\"Eyebrow Transplant - Turk Aesthetic\" width=\"800\" height=\"450\" src=\"https:\/\/www.youtube.com\/embed\/gAWxwWo0mnk?feature=oembed\" frameborder=\"0\" allow=\"accelerometer; autoplay; clipboard-write; encrypted-media; gyroscope; picture-in-picture; web-share\" referrerpolicy=\"strict-origin-when-cross-origin\" allowfullscreen><\/iframe>\n<\/div><figcaption class=\"wp-element-caption\">Trasplante de cejas en<strong> <\/strong>Turqu\u00eda<\/figcaption><\/figure>\n\n\n\n<h3 class=\"wp-block-heading\">\u00bfQui\u00e9n puede someterse a un trasplante de cejas?<\/h3>\n\n\n\n<p>Cualquier mujer mayor de 18 a\u00f1os que no sufra enfermedades graves o infecciosas y que tenga las cejas ralas o haya perdido todas las cejas puede someterse a un trasplante de cejas. Este sencillo procedimiento permite al paciente volver a sus actividades normales el mismo d\u00eda sin necesidad de un per\u00edodo de recuperaci\u00f3n. Puede ser necesaria una sesi\u00f3n de seguimiento para aumentar la densidad del vello unos seis meses o un a\u00f1o despu\u00e9s del trasplante inicial.<\/p>\n\n\n\n<h4 class=\"wp-block-heading\">\u00bfQui\u00e9n no puede someterse a un trasplante de cejas?<\/h4>\n\n\n\n<ul class=\"wp-block-list\">\n<li>Pacientes diab\u00e9ticos avanzados.<\/li>\n\n\n\n<li>Aquellos con enfermedad card\u00edaca avanzada.<\/li>\n\n\n\n<li>Personas con enfermedades de transmisi\u00f3n sangu\u00ednea<\/li>\n\n\n\n<li>Aquellos con insuficiencia renal o hep\u00e1tica grave<\/li>\n\n\n\n<li>Personas con densidad capilar insuficiente en la zona donante<\/li>\n\n\n\n<li>Pacientes con enfermedades de la piel en la zona del trasplante<\/li>\n\n\n\n<li>Personas con trastornos de la coagulaci\u00f3n sangu\u00ednea<\/li>\n\n\n\n<li>Personas con anemia grave<\/li>\n<\/ul>\n\n\n\n<h4 class=\"wp-block-heading\">\u00bfQui\u00e9n realiza un trasplante de cejas?<\/h4>\n\n\n\n<p>El trasplante de cejas es un procedimiento cosm\u00e9tico sencillo que realiza un equipo m\u00e9dico especializado bajo la supervisi\u00f3n de un dermat\u00f3logo o cirujano est\u00e9tico. El \u00e9xito del procedimiento depende en gran medida de la calidad de la zona donante, que suele estar en la parte posterior de la cabeza, as\u00ed como de la experiencia y la habilidad del equipo m\u00e9dico. La nueva forma de la ceja se dise\u00f1a primero delineando la forma deseada, luego extrayendo los fol\u00edculos pilosos de la zona donante e implement\u00e1ndolos en la zona de las cejas.<\/p>\n\n\n\n<h3 class=\"wp-block-heading\">La zona donante<\/h3>\n\n\n\n<p>La <a href=\"https:\/\/www.turkaesthetic.com\/es\/hair-transplant-es\/donor-area\/\" target=\"_blank\" data-type=\"link\" data-id=\"https:\/\/www.turkaesthetic.com\/es\/hair-transplant-es\/donor-area\/\" rel=\"noreferrer noopener\">zona donante<\/a> es de donde se extraen los fol\u00edculos pilosos, ya sea para trasplantes de cabello, barba o cejas. La parte posterior de la cabeza es una zona donante ideal debido a la fuerza y \u200b\u200bla calidad gen\u00e9tica de los fol\u00edculos pilosos. El \u00e9xito de cualquier procedimiento basado en fol\u00edculos pilosos depende principalmente de la calidad de la zona donante. mejores \u00e1reas donantes para la fuerza y la calidad gen\u00e9tica del fol\u00edculo piloso, donde el \u00e9xito de cualquier operaci\u00f3n que dependa del fol\u00edculo piloso depende de la calidad del \u00e1rea donante es de primera clase.<\/p>\n\n\n\n<figure class=\"wp-block-image size-full\"><img loading=\"lazy\" decoding=\"async\" width=\"800\" height=\"600\" src=\"http:\/\/turkaesthetic.com\/wp-content\/uploads\/2021\/11\/hair-transplant-9-1.webp\" alt=\"El Trasplante Capilar En Turqu\u00eda\" class=\"wp-image-19688\"\/><figcaption class=\"wp-element-caption\">El Trasplante Capilar En Turqu\u00eda<\/figcaption><\/figure>\n\n\n\n<h3 class=\"wp-block-heading\">Tipos de anestesia en el trasplante de cejas<\/h3>\n\n\n\n<p><strong>Anestesia local<\/strong><\/p>\n\n\n\n<p>La mayor\u00eda de los trasplantes de cabello, cejas y barba se realizan con anestesia local. La anestesia general no es necesaria para estos procedimientos superficiales y sencillos.<\/p>\n\n\n\n<p><strong>Anestesia con sedaci\u00f3n<\/strong><\/p>\n\n\n\n<p>Se utiliza anestesia temporal si el paciente no puede tolerar la anestesia local. Dura unos diez minutos, durante los cuales se administra anestesia local tanto en la ceja como en las zonas donantes de la parte posterior de la cabeza.<\/p>\n\n\n\n<h3 class=\"wp-block-heading\">Pasos del procedimiento de trasplante de cejas<\/h3>\n\n\n\n<p>El procedimiento implica varios pasos, que explicaremos en detalle:<\/p>\n\n\n\n<h4 class=\"wp-block-heading\">Antes del procedimiento<\/h4>\n\n\n\n<p>En esta etapa, el paciente comparte fotos de sus cejas con el equipo m\u00e9dico para obtener recomendaciones de los m\u00e9dicos especialistas. Se discuten los resultados esperados, incluido el n\u00famero de injertos y la forma deseada de las cejas.<\/p>\n\n\n\n<figure class=\"wp-block-image size-full\"><img loading=\"lazy\" decoding=\"async\" width=\"800\" height=\"600\" src=\"https:\/\/www.turkaesthetic.com\/wp-content\/uploads\/2021\/12\/eyebrow-tranplant.jpg\" alt=\"Antes del trasplante de cejas\" class=\"wp-image-19707\"\/><figcaption class=\"wp-element-caption\">Antes del trasplante de cejas<\/figcaption><\/figure>\n\n\n\n<h4 class=\"wp-block-heading\">Durante el procedimiento<\/h4>\n\n\n<div id=\"rank-math-howto\" class=\"rank-math-block\" >\n<div class=\"rank-math-howto-description\">\n<img loading=\"lazy\" decoding=\"async\" width=\"800\" height=\"600\" src=\"https:\/\/www.turkaesthetic.com\/wp-content\/uploads\/2022\/03\/eyebrow-tranplant.jpg\" class=\"attachment-full size-full\" alt=\"Despu\u00e9s del trasplante de cejas\" \/>\n<p>El proceso de trasplante en s\u00ed se divide en varias etapas:<\/p>\n\n<\/div>\n<p class=\"rank-math-howto-duration\"><strong>Tiempo total:<\/strong> <span>4 horas<\/span><\/p>\n<div class=\"rank-math-steps \">\n<div id=\"howto-step-1674631212529\" class=\"rank-math-step\">\n<h3 class=\"rank-math-step-title \">Vista previa inicial<\/h3>\n<div class=\"rank-math-step-content \"><p>Despu\u00e9s de la primera visita al m\u00e9dico, se ha acordado el n\u00famero de fol\u00edculos que se van a trasplantar.<br \/>Durante la primera visita, se selecciona el n\u00famero de injerto. Luego, se crea un historial m\u00e9dico para el paciente, que incluye respuestas a preguntas importantes como:<br \/>\u2013 Estado de salud.<br \/>\u2013 Nombre y edad.<br \/>\u2013 Cirug\u00edas previas.<br \/>\u2013 Enfermedades cr\u00f3nicas, si las hubiera.<br \/>\u2013 Medicamentos espec\u00edficos que est\u00e9 tomando.<br \/>\u2013 Alergias a medicamentos particulares.<br \/>\u2013 H\u00e1bitos de alcohol y tabaco.<\/p>\n<\/div>\n<\/div>\n<div id=\"howto-step-1674631250828\" class=\"rank-math-step\">\n<h3 class=\"rank-math-step-title \">An\u00e1lisis de sangre<\/h3>\n<div class=\"rank-math-step-content \"><p>Se toma una muestra de sangre y se analiza para asegurarse de que no haya enfermedades o afecciones que puedan impedir el trasplante de cejas y para confirmar que no existan enfermedades infecciosas.<\/p>\n<\/div>\n<\/div>\n<div id=\"howto-step-1674631266713\" class=\"rank-math-step\">\n<h3 class=\"rank-math-step-title \">Afeitado<\/h3>\n<div class=\"rank-math-step-content \"><p>Se afeita una peque\u00f1a secci\u00f3n de cabello en la parte posterior de la cabeza (la zona donante) para facilitar la extracci\u00f3n de fol\u00edculos, que luego se almacenan en una soluci\u00f3n especial hasta que comienza el trasplante.<\/p>\n<\/div>\n<\/div>\n<div id=\"howto-step-1674631273247\" class=\"rank-math-step\">\n<h3 class=\"rank-math-step-title \">Anestesia<\/h3>\n<div class=\"rank-math-step-content \"><p>En esta etapa, se aplica anestesia local tanto en la zona donante como en la zona de las cejas<\/p>\n<\/div>\n<\/div>\n<div id=\"howto-step-1674631287360\" class=\"rank-math-step\">\n<h3 class=\"rank-math-step-title \">Etapa de extracci\u00f3n del fol\u00edculo<\/h3>\n<div class=\"rank-math-step-content \"><p>Para el trasplante de cejas se necesitan menos fol\u00edculos que para el trasplante de cabello o barba, lo que hace que este proceso sea m\u00e1s corto y sencillo.<\/p>\n<\/div>\n<\/div>\n<div id=\"howto-step-1674631311488\" class=\"rank-math-step\">\n<h3 class=\"rank-math-step-title \">Dibujar l\u00edneas de cejas<\/h3>\n<div class=\"rank-math-step-content \"><img loading=\"lazy\" decoding=\"async\" width=\"800\" height=\"600\" src=\"https:\/\/www.turkaesthetic.com\/wp-content\/uploads\/2022\/01\/eyebrow-transplant.webp\" class=\"attachment-full size-full\" alt=\"Dibujo del trasplante de cejas\" \/><p>Durante esta etapa se dibuja el nuevo contorno de la ceja, creando una forma que se combine con los rasgos faciales.<\/p>\n<\/div>\n<\/div>\n<div id=\"howto-step-1674631316470\" class=\"rank-math-step\">\n<h3 class=\"rank-math-step-title \">Trasplante\u00a0<\/h3>\n<div class=\"rank-math-step-content \"><img loading=\"lazy\" decoding=\"async\" width=\"800\" height=\"600\" src=\"https:\/\/www.turkaesthetic.com\/wp-content\/uploads\/2022\/01\/during-eyebrow-transplant.webp\" class=\"attachment-full size-full\" alt=\"Procedimiento de trasplante de cejas\" \/><p>Despu\u00e9s de extraer los fol\u00edculos pilosos y colocarlos en una soluci\u00f3n especial, se dibuja la nueva forma de la ceja y los fol\u00edculos extra\u00eddos de la zona donante se trasplantan a la nueva zona de la ceja.<\/p>\n<\/div>\n<\/div>\n<\/div>\n<\/div>\n<p class=\"rank-math-howto-estimatedCost\"><strong>Coste estimado:<\/strong> <span>1200 Euro<\/span><\/p>\n\n\n\n\n\n<h4 class=\"wp-block-heading\">Vendaje del \u00e1rea donante<\/h4>\n\n\n\n<p>Despu\u00e9s de extraer los fol\u00edculos pilosos y colocarlos en una soluci\u00f3n especial, se dibuja la nueva forma de la ceja y los fol\u00edculos extra\u00eddos de la zona donante se trasplantan a la nueva zona de la ceja.<\/p>\n\n\n\n<figure class=\"wp-block-image size-full\"><img loading=\"lazy\" decoding=\"async\" width=\"800\" height=\"600\" src=\"https:\/\/www.turkaesthetic.com\/wp-content\/uploads\/2022\/03\/eyebrow-tranplant.jpg\" alt=\"Despu\u00e9s del trasplante de cejas\" class=\"wp-image-32430\"\/><figcaption class=\"wp-element-caption\">Despu\u00e9s del trasplante de cejas<\/figcaption><\/figure>\n\n\n\n<h3 class=\"wp-block-heading\">Despu\u00e9s del procedimiento<\/h3>\n\n\n\n<p>Esta es la etapa final del procedimiento de trasplante de cejas. Se coloca un peque\u00f1o vendaje en la zona donante en la parte posterior de la cabeza para mantenerla limpia y esterilizada hasta el segundo d\u00eda, cuando el m\u00e9dico o el equipo m\u00e9dico retira el vendaje y realiza el primer lavado.<\/p>\n\n\n\n<h3 class=\"wp-block-heading\">Antes y despu\u00e9s del trasplante de cejas<\/h3>\n\n\n\n<p>A continuaci\u00f3n, se muestran algunas fotos de antes y despu\u00e9s de casos de trasplante de cejas realizados en Turk Aesthetic.<\/p>\n\n\n\n<h3 class=\"wp-block-heading\">Lavado especial despu\u00e9s del procedimiento<\/h3>\n\n\n\n<p>El especialista realiza un lavado especial de cejas al d\u00eda siguiente del procedimiento. El equipo m\u00e9dico o el m\u00e9dico explica esta t\u00e9cnica de lavado al paciente en detalle y c\u00f3mo cuidar las cejas trasplantadas durante los 12 d\u00edas posteriores al procedimiento para lograr resultados \u00f3ptimos.<\/p>\n\n\n\n<h3 class=\"wp-block-heading\">T\u00e9cnicas de trasplante de cejas<\/h3>\n\n\n\n<p>Se utilizan varias t\u00e9cnicas para este procedimiento. Las m\u00e1s destacadas son los m\u00e9todos <strong><a href=\"https:\/\/www.turkaesthetic.com\/es\/fue-hair-transplant\/\" target=\"_blank\" data-type=\"page\" data-id=\"61567\" rel=\"noreferrer noopener\">FUE<\/a><\/strong> (Extracci\u00f3n de unidades foliculares) y DHI (Implantaci\u00f3n directa de cabello).<\/p>\n\n\n\n<h4 class=\"wp-block-heading\">T\u00e9cnica FUE<\/h4>\n\n\n\n<p>Esta es una de las principales t\u00e9cnicas para trasplantes de cabello, barba y cejas. Se usa ampliamente para varios procedimientos, lo que la convierte en una de las t\u00e9cnicas m\u00e1s populares para trasplantes de cejas.<\/p>\n\n\n\n<figure class=\"wp-block-image size-full\"><img loading=\"lazy\" decoding=\"async\" width=\"800\" height=\"600\" src=\"http:\/\/turkaesthetic.com\/wp-content\/uploads\/2021\/11\/fue-hair-transplant.webp\" alt=\"El Trasplante Capilar En Turqu\u00eda\" class=\"wp-image-19694\"\/><figcaption class=\"wp-element-caption\">El Trasplante Capilar En Turqu\u00eda<\/figcaption><\/figure>\n\n\n\n<h4 class=\"wp-block-heading\">T\u00e9cnica DHI<\/h4>\n\n\n\n<p>La t\u00e9cnica <strong><a href=\"https:\/\/www.turkaesthetic.com\/es\/dhi-hair-transplant\/\" target=\"_blank\" data-type=\"page\" data-id=\"59849\" rel=\"noreferrer noopener\">DHI<\/a><\/strong> es especialmente eficaz para procedimientos de precisi\u00f3n como el trasplante de barba y cejas. Este m\u00e9todo es el preferido para el trasplante de cejas debido a su alta tasa de \u00e9xito y a sus efectos secundarios m\u00ednimos.<\/p>\n\n\n\n<figure class=\"wp-block-image size-full\"><img loading=\"lazy\" decoding=\"async\" width=\"800\" height=\"600\" src=\"https:\/\/www.turkaesthetic.com\/wp-content\/uploads\/2021\/11\/hair-transplant-11-1.webp\" alt=\"Bol\u00edgrafos Choi\" class=\"wp-image-19690\"\/><figcaption class=\"wp-element-caption\">Bol\u00edgrafos Choi<\/figcaption><\/figure>\n\n\n\n<h3 class=\"wp-block-heading\">Instrucciones despu\u00e9s del trasplante de cejas<\/h3>\n\n\n\n<ul class=\"wp-block-list\">\n<li>Duerma boca arriba durante una semana.<\/li>\n\n\n\n<li>Evite la exposici\u00f3n al sol durante una semana.<\/li>\n\n\n\n<li>No use maquinillas de afeitar durante 6 meses.<\/li>\n\n\n\n<li>Evite la exposici\u00f3n al calor, como saunas y camas solares, durante un mes.<\/li>\n\n\n\n<li>Evite los deportes extenuantes durante dos meses; los ejercicios ligeros se pueden reanudar despu\u00e9s de un mes.<\/li>\n\n\n\n<li>Tenga cuidado con las \u00e1reas trasplantadas para evitar lesiones.<\/li>\n\n\n\n<li>Evite rascarse el \u00e1rea trasplantada durante un mes.<\/li>\n\n\n\n<li>Despu\u00e9s del duod\u00e9cimo d\u00eda, limpie suavemente las costras sin da\u00f1ar el \u00e1rea.<\/li>\n\n\n\n<li>Tome los medicamentos recetados con regularidad y a tiempo.<\/li>\n\n\n\n<li>Siga la rutina de lavado durante 12 d\u00edas, como se muestra en el video instructivo.<\/li>\n<\/ul>\n\n\n\n<h3 class=\"wp-block-heading\">Ventajas<\/h3>\n\n\n\n<p>El trasplante de cejas ofrece m\u00faltiples beneficios, incluida la restauraci\u00f3n de la apariencia natural de las cejas sin la necesidad de procedimientos adicionales como tatuajes permanentes o temporales. Tambi\u00e9n mejora la confianza en s\u00ed mismos de las personas que se someten a este procedimiento.<\/p>\n\n\n\n<h4 class=\"wp-block-heading\">Desventajas<\/h4>\n\n\n\n<p>Uno de los principales inconvenientes de este procedimiento es que pueden ser necesarias varias sesiones para conseguir la densidad natural de las cejas. Como las cejas naturales son densas, los pacientes pueden no conseguir la plenitud deseada en la primera sesi\u00f3n y pueden necesitar una o dos sesiones adicionales para conseguir una densidad \u00f3ptima.<\/p>\n\n\n\n<h5 class=\"wp-block-heading\">Efectos secundarios<\/h5>\n\n\n\n<ul class=\"wp-block-list\">\n<li>Hinchaz\u00f3n facial temporal que dura unos d\u00edas.<\/li>\n\n\n\n<li>Leve dolor de cabeza el primer d\u00eda.<\/li>\n\n\n\n<li>Costras.<\/li>\n\n\n\n<li>Leve enrojecimiento.<\/li>\n\n\n\n<li>La anestesia se expulsa a trav\u00e9s de la orina y el sudor.<\/li>\n\n\n\n<li>Estos efectos secundarios son habituales y deber\u00edan desaparecer en un plazo de 7 a 10 d\u00edas. Si surge alg\u00fan problema inesperado, es imprescindible consultar al m\u00e9dico.<\/li>\n<\/ul>\n\n\n\n<h3 class=\"wp-block-heading\">Trasplante de cejas en Estambul, Turqu\u00eda<\/h3>\n\n\n\n<p>El trasplante de cejas en Turqu\u00eda es uno de los procedimientos cosm\u00e9ticos faciales m\u00e1s importantes, especialmente para mujeres o cualquier persona que experimente una p\u00e9rdida parcial o total de las cejas. Es una soluci\u00f3n permanente para conseguir unas cejas bien formadas y sim\u00e9tricas. Los pacientes que visitan Estambul pueden programar c\u00f3modamente el procedimiento durante su estancia, ya que el procedimiento medio no dura m\u00e1s de cuatro horas. Siguiendo las instrucciones postoperatorias, pueden reanudar sus actividades normales inmediatamente despu\u00e9s del trasplante.<\/p>\n\n\n\n<h4 class=\"wp-block-heading\">Costo de trasplante de cejas<\/h4>\n\n\n\n<p>El costo de un trasplante de cejas es generalmente asequible, oscilando entre 1000 \u20ac y 1200 \u20ac, lo que lo convierte en una opci\u00f3n econ\u00f3mica en comparaci\u00f3n con los precios en otros pa\u00edses.<\/p>\n\n\n\n<p><strong>Paquetes de Turk Aesthetic<\/strong><\/p>\n\n\n\n<p>En Turk Aesthetic, el trasplante de cejas es uno de los servicios que ofrecemos. Tambi\u00e9n proporcionamos opciones de paquetes adicionales, que incluyen:<\/p>\n\n\n\n<ul class=\"wp-block-list\">\n<li>Recogida y regreso al aeropuerto.<\/li>\n\n\n\n<li>Botiqu\u00edn de medicaci\u00f3n post-trasplante.<\/li>\n\n\n\n<li>Int\u00e9rprete.<\/li>\n\n\n\n<li>Alojamiento en hotel.<\/li>\n\n\n\n<li>Traslado VIP entre el hotel y el hospital.<\/li>\n<\/ul>\n\n\n\n<h3 class=\"wp-block-heading\">La mejor cl\u00ednica de trasplante de cejas<\/h3>\n\n\n\n<p>En Turk Aesthetic, nos dedicamos a lograr resultados positivos y satisfactorios para nuestros pacientes utilizando las \u00faltimas t\u00e9cnicas globales de trasplante de cabello y cejas. Nos esforzamos por ofrecer a nuestros pacientes los mejores m\u00e9dicos y especialistas en los mejores hospitales. Generar la confianza del paciente es una prioridad m\u00e1xima y lograr los resultados deseados es nuestro objetivo constante.<\/p>\n\n\n\n<h2 class=\"wp-block-heading\">Preguntas frecuentes<\/h2>\n\n\n<div id=\"rank-math-faq\" class=\"rank-math-block\">\n<div class=\"rank-math-list \">\n<div id=\"faq-question-1674632967435\" class=\"rank-math-list-item\">\n<h3 class=\"rank-math-question \">\u00bfCu\u00e1ndo se caen las cejas trasplantadas? <\/h3>\n<div class=\"rank-math-answer \">\n\n<p>Las cejas trasplantadas pueden tener una fase de ca\u00edda temporal, que ocurre t\u00edpicamente entre 12 d\u00edas y 2 meses despu\u00e9s del procedimiento. Despu\u00e9s de este per\u00edodo, los fol\u00edculos se estabilizan y comienza el crecimiento permanente.<\/p>\n\n<\/div>\n<\/div>\n<div id=\"faq-question-1674632972023\" class=\"rank-math-list-item\">\n<h3 class=\"rank-math-question \">\u00bfExiste una garant\u00eda del resultado deseado del trasplante de cejas?<\/h3>\n<div class=\"rank-math-answer \">\n\n<p>En medicina, no existe garant\u00eda para ning\u00fan procedimiento. Sin embargo, la gran mayor\u00eda de los casos arrojan resultados satisfactorios tanto para los pacientes como para los m\u00e9dicos.<\/p>\n\n<\/div>\n<\/div>\n<div id=\"faq-question-1674632979660\" class=\"rank-math-list-item\">\n<h3 class=\"rank-math-question \">\u00bfCu\u00e1ndo comienzan a crecer las cejas despu\u00e9s del trasplante?<\/h3>\n<div class=\"rank-math-answer \">\n\n<p>El crecimiento generalmente comienza alrededor del tercer mes despu\u00e9s de la cirug\u00eda y mejora gradualmente hasta que se logra el resultado final despu\u00e9s de aproximadamente 12 meses.<\/p>\n\n<\/div>\n<\/div>\n<div id=\"faq-question-1674632993542\" class=\"rank-math-list-item\">\n<h3 class=\"rank-math-question \">\u00bfCu\u00e1ndo ser\u00e1n visibles los resultados finales del trasplante?<\/h3>\n<div class=\"rank-math-answer \">\n\n<p>Los resultados son inmediatamente visibles despu\u00e9s del procedimiento; sin embargo, algunos casos pueden experimentar una ca\u00edda temporal durante hasta dos meses.<\/p>\n\n<\/div>\n<\/div>\n<div id=\"faq-question-1674633001048\" class=\"rank-math-list-item\">\n<h3 class=\"rank-math-question \">\u00bfSe caen las cejas trasplantadas despu\u00e9s del procedimiento?<\/h3>\n<div class=\"rank-math-answer \">\n\n<p>La ca\u00edda temporal del cabello de las cejas puede ocurrir en el primer y segundo mes. Despu\u00e9s, las cejas vuelven a crecer de forma permanente.<\/p>\n\n<\/div>\n<\/div>\n<div id=\"faq-question-1674633008123\" class=\"rank-math-list-item\">\n<h3 class=\"rank-math-question \">\u00bfCu\u00e1nto dura el trasplante de cejas?<\/h3>\n<div class=\"rank-math-answer \">\n\n<p>El procedimiento suele durar alrededor de 4 horas, dependiendo de la cantidad de injertos y el tama\u00f1o del \u00e1rea trasplantada. Una estancia de 3 d\u00edas suele ser suficiente.<\/p>\n\n<\/div>\n<\/div>\n<div id=\"faq-question-1674633021119\" class=\"rank-math-list-item\">\n<h3 class=\"rank-math-question \">\u00bfCu\u00e1les son los riesgos y efectos secundarios del trasplante de cejas?<\/h3>\n<div class=\"rank-math-answer \">\n\n<p>El procedimiento se considera seguro y sencillo, pero seguir al pie de la letra las instrucciones posoperatorias ayuda a minimizar los efectos secundarios previstos. Se recomienda ponerse en contacto con el equipo m\u00e9dico si se produce alg\u00fan efecto secundario inesperado.<\/p>\n\n<\/div>\n<\/div>\n<div id=\"faq-question-1674633028170\" class=\"rank-math-list-item\">\n<h3 class=\"rank-math-question \">\u00bfPueden someterse al procedimiento los ni\u00f1os?<\/h3>\n<div class=\"rank-math-answer \">\n\n<p>En general, se recomienda que los ni\u00f1os menores de 18 a\u00f1os esperen hasta que tengan entre 18 y 20 a\u00f1os antes de someterse al procedimiento.<\/p>\n\n<\/div>\n<\/div>\n<div id=\"faq-question-1674633036314\" class=\"rank-math-list-item\">\n<h3 class=\"rank-math-question \">\u00bfCu\u00e1nto cuesta (precio) un trasplante de cejas?<\/h3>\n<div class=\"rank-math-answer \">\n\n<p>El coste medio de un trasplante de cejas oscila entre 1000 y 1200 \u20ac.Preguntas frecuentes &#8211; Trasplante de cejas.<\/p>\n\n<\/div>\n<\/div>\n<\/div>\n<\/div>\n\n\n<p>Y finalmente, puede ponerse en\u00a0<a href=\"https:\/\/www.turkaesthetic.com\/es\/contact-us\/\" target=\"_blank\" data-type=\"link\" data-id=\"https:\/\/www.turkaesthetic.com\/es\/contact-us\/\" rel=\"noreferrer noopener\">contacto\u00a0<\/a>directamente para solicitar informaci\u00f3n y precios de\u00a0<a href=\"https:\/\/www.youtube.com\/channel\/UC0zggzdm5CFwpRMmn_CPpFQ\" target=\"_blank\" rel=\"noreferrer noopener\">Turk Aesthetic<\/a>.<a href=\"http:\/\/turkaesthetic.com\/es\/beard-transplant\/\"><\/a><\/p>\n","protected":false},"excerpt":{"rendered":"<p>El trasplante de cejas es un procedimiento en el que se extraen fol\u00edculos pilosos de la zona donante en la parte posterior de la cabeza y se trasplantan en la zona de las cejas despu\u00e9s de dise\u00f1ar una nueva forma de ceja que complemente los rasgos faciales. El trasplante de cejas en Turqu\u00eda es uno [&hellip;]<\/p>\n","protected":false},"author":1,"featured_media":19788,"parent":0,"menu_order":0,"comment_status":"closed","ping_status":"closed","template":"","meta":{"footnotes":""},"dep":[1352],"class_list":["post-32969","page","type-page","status-publish","has-post-thumbnail","hentry","dep-hair-transplant"],"_links":{"self":[{"href":"https:\/\/www.turkaesthetic.com\/es\/wp-json\/wp\/v2\/pages\/32969","targetHints":{"allow":["GET"]}}],"collection":[{"href":"https:\/\/www.turkaesthetic.com\/es\/wp-json\/wp\/v2\/pages"}],"about":[{"href":"https:\/\/www.turkaesthetic.com\/es\/wp-json\/wp\/v2\/types\/page"}],"author":[{"embeddable":true,"href":"https:\/\/www.turkaesthetic.com\/es\/wp-json\/wp\/v2\/users\/1"}],"replies":[{"embeddable":true,"href":"https:\/\/www.turkaesthetic.com\/es\/wp-json\/wp\/v2\/comments?post=32969"}],"version-history":[{"count":0,"href":"https:\/\/www.turkaesthetic.com\/es\/wp-json\/wp\/v2\/pages\/32969\/revisions"}],"wp:featuredmedia":[{"embeddable":true,"href":"https:\/\/www.turkaesthetic.com\/es\/wp-json\/wp\/v2\/media\/19788"}],"wp:attachment":[{"href":"https:\/\/www.turkaesthetic.com\/es\/wp-json\/wp\/v2\/media?parent=32969"}],"wp:term":[{"taxonomy":"dep","embeddable":true,"href":"https:\/\/www.turkaesthetic.com\/es\/wp-json\/wp\/v2\/dep?post=32969"}],"curies":[{"name":"wp","href":"https:\/\/api.w.org\/{rel}","templated":true}]}}