{"id":53377,"date":"2024-03-31T23:04:30","date_gmt":"2024-03-31T20:04:30","guid":{"rendered":"http:\/\/turkaesthetic.com\/?page_id=53377"},"modified":"2024-03-31T23:53:36","modified_gmt":"2024-03-31T20:53:36","slug":"genital-aesthetic","status":"publish","type":"page","link":"https:\/\/www.turkaesthetic.com\/en\/genital-aesthetic\/","title":{"rendered":"Genital Aesthetic"},"content":{"rendered":"\t\t<div data-elementor-type=\"wp-page\" data-elementor-id=\"53377\" class=\"elementor elementor-53377 elementor-53352\" data-elementor-post-type=\"page\">\n\t\t\t\t\t\t<section class=\"elementor-section elementor-top-section elementor-element elementor-element-21096341 elementor-section-height-min-height elementor-section-boxed elementor-section-height-default elementor-section-items-middle\" data-id=\"21096341\" data-element_type=\"section\" data-e-type=\"section\" data-settings=\"{&quot;background_background&quot;:&quot;classic&quot;,&quot;jet_parallax_layout_list&quot;:[]}\">\n\t\t\t\t\t\t\t<div class=\"elementor-background-overlay\"><\/div>\n\t\t\t\t\t\t\t<div class=\"elementor-container elementor-column-gap-default\">\n\t\t\t\t\t<div class=\"elementor-column elementor-col-50 elementor-top-column elementor-element elementor-element-23fd2736\" data-id=\"23fd2736\" data-element_type=\"column\" data-e-type=\"column\" data-settings=\"{&quot;background_background&quot;:&quot;classic&quot;}\">\n\t\t\t<div class=\"elementor-widget-wrap elementor-element-populated\">\n\t\t\t\t\t\t<div class=\"elementor-element elementor-element-12f236bf elementor-widget elementor-widget-image\" data-id=\"12f236bf\" data-element_type=\"widget\" data-e-type=\"widget\" data-widget_type=\"image.default\">\n\t\t\t\t\t\t\t\t\t\t\t\t\t\t\t<img loading=\"lazy\" decoding=\"async\" width=\"1024\" height=\"682\" src=\"https:\/\/www.turkaesthetic.com\/wp-content\/uploads\/2022\/08\/genital-aesthetic.jpg\" class=\"attachment-full size-full wp-image-25501\" alt=\"genital aesthetic turkey\" srcset=\"https:\/\/www.turkaesthetic.com\/wp-content\/uploads\/2022\/08\/genital-aesthetic.jpg 1024w, https:\/\/www.turkaesthetic.com\/wp-content\/uploads\/2022\/08\/genital-aesthetic-300x200.jpg 300w, https:\/\/www.turkaesthetic.com\/wp-content\/uploads\/2022\/08\/genital-aesthetic-768x512.jpg 768w\" sizes=\"auto, (max-width: 1024px) 100vw, 1024px\" \/>\t\t\t\t\t\t\t\t\t\t\t\t\t\t\t<\/div>\n\t\t\t\t\t<\/div>\n\t\t<\/div>\n\t\t\t\t<div class=\"elementor-column elementor-col-50 elementor-top-column elementor-element elementor-element-44ccfca9\" data-id=\"44ccfca9\" data-element_type=\"column\" data-e-type=\"column\">\n\t\t\t<div class=\"elementor-widget-wrap elementor-element-populated\">\n\t\t\t\t\t\t<div class=\"elementor-element elementor-element-69c8c1e0 elementor-widget elementor-widget-heading\" data-id=\"69c8c1e0\" data-element_type=\"widget\" data-e-type=\"widget\" data-widget_type=\"heading.default\">\n\t\t\t\t\t<h1 class=\"elementor-heading-title elementor-size-default\">Genital Aesthetic<\/h1>\t\t\t\t<\/div>\n\t\t\t\t<div class=\"elementor-element elementor-element-7a96efa3 elementor-widget elementor-widget-text-editor\" data-id=\"7a96efa3\" data-element_type=\"widget\" data-e-type=\"widget\" data-widget_type=\"text-editor.default\">\n\t\t\t\t\t\t\t\t\t<p>Genital Aesthetic in Istanbul Turkey include many different cosmetic operations such as beautification of the external vaginal blades, hymen grafting and clitoral plastic surgery, in addition to laser or surgical vaginal narrowing that is performed by either a plastic surgeon or a specialized gynecologist. You can see the details of each process by itself.<\/p>\t\t\t\t\t\t\t\t<\/div>\n\t\t\t\t\t<\/div>\n\t\t<\/div>\n\t\t\t\t\t<\/div>\n\t\t<\/section>\n\t\t\t\t<section class=\"elementor-section elementor-top-section elementor-element elementor-element-73228922 elementor-section-stretched elementor-section-boxed elementor-section-height-default elementor-section-height-default\" data-id=\"73228922\" data-element_type=\"section\" data-e-type=\"section\" data-settings=\"{&quot;stretch_section&quot;:&quot;section-stretched&quot;,&quot;background_background&quot;:&quot;classic&quot;,&quot;jet_parallax_layout_list&quot;:[]}\">\n\t\t\t\t\t\t<div class=\"elementor-container elementor-column-gap-default\">\n\t\t\t\t\t<div class=\"elementor-column elementor-col-100 elementor-top-column elementor-element elementor-element-2da4f1\" data-id=\"2da4f1\" data-element_type=\"column\" data-e-type=\"column\">\n\t\t\t<div class=\"elementor-widget-wrap elementor-element-populated\">\n\t\t\t\t\t\t<section class=\"elementor-section elementor-inner-section elementor-element elementor-element-41d10d60 elementor-section-content-middle elementor-section-boxed elementor-section-height-default elementor-section-height-default\" data-id=\"41d10d60\" data-element_type=\"section\" data-e-type=\"section\" data-settings=\"{&quot;jet_parallax_layout_list&quot;:[]}\">\n\t\t\t\t\t\t<div class=\"elementor-container elementor-column-gap-default\">\n\t\t\t\t\t<div class=\"elementor-column elementor-col-50 elementor-inner-column elementor-element elementor-element-707c970b\" data-id=\"707c970b\" data-element_type=\"column\" data-e-type=\"column\">\n\t\t\t<div class=\"elementor-widget-wrap elementor-element-populated\">\n\t\t\t\t\t\t<div class=\"elementor-element elementor-element-57a00fbf elementor-position-top elementor-widget elementor-widget-image-box\" data-id=\"57a00fbf\" data-element_type=\"widget\" data-e-type=\"widget\" data-widget_type=\"image-box.default\">\n\t\t\t\t\t<div class=\"elementor-image-box-wrapper\"><figure class=\"elementor-image-box-img\"><a href=\"http:\/\/turkaesthetic.com\/en\/labiaplasty\/\" tabindex=\"-1\"><img decoding=\"async\" src=\"https:\/\/www.turkaesthetic.com\/wp-content\/uploads\/elementor\/thumbs\/Labiaplasty-in-Turkey-r34xmcmbi0sjryso46bpcxuy87781ww6byh0eb3kqg.webp\" title=\"Labiaplasty\" alt=\"Labiaplasty\" class=\"elementor-animation-hang\" loading=\"lazy\" \/><\/a><\/figure><\/div>\t\t\t\t<\/div>\n\t\t\t\t\t<\/div>\n\t\t<\/div>\n\t\t\t\t<div class=\"elementor-column elementor-col-50 elementor-inner-column elementor-element elementor-element-4cccefaf\" data-id=\"4cccefaf\" data-element_type=\"column\" data-e-type=\"column\">\n\t\t\t<div class=\"elementor-widget-wrap elementor-element-populated\">\n\t\t\t\t\t\t<div class=\"elementor-element elementor-element-4ee38995 elementor-widget elementor-widget-heading\" data-id=\"4ee38995\" data-element_type=\"widget\" data-e-type=\"widget\" data-widget_type=\"heading.default\">\n\t\t\t\t\t<h2 class=\"elementor-heading-title elementor-size-default\">Labiaplasty<\/h2>\t\t\t\t<\/div>\n\t\t\t\t<div class=\"elementor-element elementor-element-56bc6581 elementor-widget elementor-widget-heading\" data-id=\"56bc6581\" data-element_type=\"widget\" data-e-type=\"widget\" data-widget_type=\"heading.default\">\n\t\t\t\t\t<h3 class=\"elementor-heading-title elementor-size-default\">What does labiaplasty (genital aesthetic) mean?<\/h3>\t\t\t\t<\/div>\n\t\t\t\t<div class=\"elementor-element elementor-element-30d23374 elementor-widget elementor-widget-text-editor\" data-id=\"30d23374\" data-element_type=\"widget\" data-e-type=\"widget\" data-widget_type=\"text-editor.default\">\n\t\t\t\t\t\t\t\t\t<p>Labiaplasty in Turkey Istanbul is a plastic surgery aimed to reduce the labiaplasty of the vagina to make it fit the shape of the vagina better. This operation is performed under general or local anesthesia. Where some women suffer from the drooping of the blades inside the vagina or their large size, and this process provides psychological comfort in terms of shape and aesthetics on the one hand, and physical comfort on the one hand, and some women suffer from discomfort as a result of the large size of their blades. The demand for such operations is increasing day by day all over the world.<\/p>\t\t\t\t\t\t\t\t<\/div>\n\t\t\t\t\t<\/div>\n\t\t<\/div>\n\t\t\t\t\t<\/div>\n\t\t<\/section>\n\t\t\t\t\t<\/div>\n\t\t<\/div>\n\t\t\t\t\t<\/div>\n\t\t<\/section>\n\t\t\t\t<section class=\"elementor-section elementor-top-section elementor-element elementor-element-1977c71 elementor-section-stretched elementor-section-boxed elementor-section-height-default elementor-section-height-default\" data-id=\"1977c71\" data-element_type=\"section\" data-e-type=\"section\" data-settings=\"{&quot;stretch_section&quot;:&quot;section-stretched&quot;,&quot;jet_parallax_layout_list&quot;:[]}\">\n\t\t\t\t\t\t<div class=\"elementor-container elementor-column-gap-default\">\n\t\t\t\t\t<div class=\"elementor-column elementor-col-100 elementor-top-column elementor-element elementor-element-3f712879\" data-id=\"3f712879\" data-element_type=\"column\" data-e-type=\"column\">\n\t\t\t<div class=\"elementor-widget-wrap elementor-element-populated\">\n\t\t\t\t\t\t<section class=\"elementor-section elementor-inner-section elementor-element elementor-element-675e943a elementor-section-content-middle elementor-section-boxed elementor-section-height-default elementor-section-height-default\" data-id=\"675e943a\" data-element_type=\"section\" data-e-type=\"section\" data-settings=\"{&quot;jet_parallax_layout_list&quot;:[]}\">\n\t\t\t\t\t\t<div class=\"elementor-container elementor-column-gap-default\">\n\t\t\t\t\t<div class=\"elementor-column elementor-col-50 elementor-inner-column elementor-element elementor-element-3bf27231\" data-id=\"3bf27231\" data-element_type=\"column\" data-e-type=\"column\">\n\t\t\t<div class=\"elementor-widget-wrap elementor-element-populated\">\n\t\t\t\t\t\t<div class=\"elementor-element elementor-element-329e7fbb elementor-widget elementor-widget-heading\" data-id=\"329e7fbb\" data-element_type=\"widget\" data-e-type=\"widget\" data-widget_type=\"heading.default\">\n\t\t\t\t\t<h2 class=\"elementor-heading-title elementor-size-default\">Hymenoplasty<\/h2>\t\t\t\t<\/div>\n\t\t\t\t<div class=\"elementor-element elementor-element-7f33a872 elementor-widget elementor-widget-heading\" data-id=\"7f33a872\" data-element_type=\"widget\" data-e-type=\"widget\" data-widget_type=\"heading.default\">\n\t\t\t\t\t<h3 class=\"elementor-heading-title elementor-size-default\">What does hymenoplasty (genital aesthetic) mean?<\/h3>\t\t\t\t<\/div>\n\t\t\t\t<div class=\"elementor-element elementor-element-be86f0b elementor-widget elementor-widget-text-editor\" data-id=\"be86f0b\" data-element_type=\"widget\" data-e-type=\"widget\" data-widget_type=\"text-editor.default\">\n\t\t\t\t\t\t\t\t\t<p>Hymenoplasty in Turkey Istanbul, is a surgical procedure performed by women who have lost their virginity to regain their virginity, as before marriage or sexual intercourse. The purpose of hymen surgery is to restore the vagina and bleeding that occurs in the woman during sexual intercourse. A woman who is about to get married for the first time wants to complete this type of transaction. It is a common procedure performed to help the girl regain her self-confidence when considering marriage, especially as a symbol of virginity in eastern societies.<\/p>\t\t\t\t\t\t\t\t<\/div>\n\t\t\t\t\t<\/div>\n\t\t<\/div>\n\t\t\t\t<div class=\"elementor-column elementor-col-50 elementor-inner-column elementor-element elementor-element-23ef8a56\" data-id=\"23ef8a56\" data-element_type=\"column\" data-e-type=\"column\">\n\t\t\t<div class=\"elementor-widget-wrap elementor-element-populated\">\n\t\t\t\t\t\t<div class=\"elementor-element elementor-element-411911ec elementor-position-top elementor-widget elementor-widget-image-box\" data-id=\"411911ec\" data-element_type=\"widget\" data-e-type=\"widget\" data-widget_type=\"image-box.default\">\n\t\t\t\t\t<div class=\"elementor-image-box-wrapper\"><figure class=\"elementor-image-box-img\"><a href=\"http:\/\/turkaesthetic.com\/en\/hymenoplasty\/\" tabindex=\"-1\"><img decoding=\"async\" src=\"http:\/\/turkaesthetic.com\/wp-content\/uploads\/2021\/12\/after-hymenoplasty.webp\" title=\"\" alt=\"istanbul da k\u0131zl\u0131k zar\u0131 dikimi\" class=\"elementor-animation-hang\" loading=\"lazy\" \/><\/a><\/figure><\/div>\t\t\t\t<\/div>\n\t\t\t\t\t<\/div>\n\t\t<\/div>\n\t\t\t\t\t<\/div>\n\t\t<\/section>\n\t\t\t\t\t<\/div>\n\t\t<\/div>\n\t\t\t\t\t<\/div>\n\t\t<\/section>\n\t\t\t\t<section class=\"elementor-section elementor-top-section elementor-element elementor-element-727f1de elementor-section-stretched elementor-section-boxed elementor-section-height-default elementor-section-height-default\" data-id=\"727f1de\" data-element_type=\"section\" data-e-type=\"section\" data-settings=\"{&quot;stretch_section&quot;:&quot;section-stretched&quot;,&quot;background_background&quot;:&quot;classic&quot;,&quot;jet_parallax_layout_list&quot;:[]}\">\n\t\t\t\t\t\t<div class=\"elementor-container elementor-column-gap-default\">\n\t\t\t\t\t<div class=\"elementor-column elementor-col-100 elementor-top-column elementor-element elementor-element-34b787e4\" data-id=\"34b787e4\" data-element_type=\"column\" data-e-type=\"column\">\n\t\t\t<div class=\"elementor-widget-wrap elementor-element-populated\">\n\t\t\t\t\t\t<section class=\"elementor-section elementor-inner-section elementor-element elementor-element-2cf5bbb4 elementor-section-content-middle elementor-section-boxed elementor-section-height-default elementor-section-height-default\" data-id=\"2cf5bbb4\" data-element_type=\"section\" data-e-type=\"section\" data-settings=\"{&quot;jet_parallax_layout_list&quot;:[]}\">\n\t\t\t\t\t\t<div class=\"elementor-container elementor-column-gap-default\">\n\t\t\t\t\t<div class=\"elementor-column elementor-col-50 elementor-inner-column elementor-element elementor-element-3fb169a0\" data-id=\"3fb169a0\" data-element_type=\"column\" data-e-type=\"column\">\n\t\t\t<div class=\"elementor-widget-wrap elementor-element-populated\">\n\t\t\t\t\t\t<div class=\"elementor-element elementor-element-3ab7114c elementor-position-top elementor-widget elementor-widget-image-box\" data-id=\"3ab7114c\" data-element_type=\"widget\" data-e-type=\"widget\" data-widget_type=\"image-box.default\">\n\t\t\t\t\t<div class=\"elementor-image-box-wrapper\"><figure class=\"elementor-image-box-img\"><a href=\"http:\/\/turkaesthetic.com\/en\/clitoris-aesthetics\/\" tabindex=\"-1\"><img decoding=\"async\" src=\"https:\/\/www.turkaesthetic.com\/wp-content\/uploads\/elementor\/thumbs\/Clitoris-Aesthetic-in-Turkey-pvz7kx1an1dm4433d05absysm4nlrqi5jew223lm7s.webp\" title=\"Clitoris Aesthetic in Turkey\" alt=\"Clitoris Aesthetic in Turkey\" class=\"elementor-animation-hang\" loading=\"lazy\" \/><\/a><\/figure><\/div>\t\t\t\t<\/div>\n\t\t\t\t\t<\/div>\n\t\t<\/div>\n\t\t\t\t<div class=\"elementor-column elementor-col-50 elementor-inner-column elementor-element elementor-element-89e5d8\" data-id=\"89e5d8\" data-element_type=\"column\" data-e-type=\"column\">\n\t\t\t<div class=\"elementor-widget-wrap elementor-element-populated\">\n\t\t\t\t\t\t<div class=\"elementor-element elementor-element-49c39d59 elementor-widget elementor-widget-heading\" data-id=\"49c39d59\" data-element_type=\"widget\" data-e-type=\"widget\" data-widget_type=\"heading.default\">\n\t\t\t\t\t<h2 class=\"elementor-heading-title elementor-size-default\">Clitoris Aesthetics<\/h2>\t\t\t\t<\/div>\n\t\t\t\t<div class=\"elementor-element elementor-element-6a7ee490 elementor-widget elementor-widget-heading\" data-id=\"6a7ee490\" data-element_type=\"widget\" data-e-type=\"widget\" data-widget_type=\"heading.default\">\n\t\t\t\t\t<h3 class=\"elementor-heading-title elementor-size-default\">What is Clitoris Aesthetics (Hudoplasty)?<\/h3>\t\t\t\t<\/div>\n\t\t\t\t<div class=\"elementor-element elementor-element-4b424572 elementor-widget elementor-widget-text-editor\" data-id=\"4b424572\" data-element_type=\"widget\" data-e-type=\"widget\" data-widget_type=\"text-editor.default\">\n\t\t\t\t\t\t\t\t\t<p>In Turkey, clitoris aesthetic surgery is one of the most famous plastic surgeries for the female reproductive system. The clitoris is a small erectile organ in the female reproductive system located in the front part of the female reproductive system. It may seem like a minor or minor part of the female genital organ, but in fact, the clitoris organ plays a major role in women&#8217;s excitement and pleasure, and any problem encountered in this area may affect the woman&#8217;s pleasure and require others. It is a corrective operation to get full pleasure during sexual intercourse. Any wrong action to this area may cause psychological anxiety.<\/p>\t\t\t\t\t\t\t\t<\/div>\n\t\t\t\t\t<\/div>\n\t\t<\/div>\n\t\t\t\t\t<\/div>\n\t\t<\/section>\n\t\t\t\t\t<\/div>\n\t\t<\/div>\n\t\t\t\t\t<\/div>\n\t\t<\/section>\n\t\t\t\t<section class=\"elementor-section elementor-top-section elementor-element elementor-element-2d6b8366 elementor-section-stretched elementor-section-boxed elementor-section-height-default elementor-section-height-default\" data-id=\"2d6b8366\" data-element_type=\"section\" data-e-type=\"section\" data-settings=\"{&quot;stretch_section&quot;:&quot;section-stretched&quot;,&quot;jet_parallax_layout_list&quot;:[]}\">\n\t\t\t\t\t\t<div class=\"elementor-container elementor-column-gap-default\">\n\t\t\t\t\t<div class=\"elementor-column elementor-col-100 elementor-top-column elementor-element elementor-element-92f55a7\" data-id=\"92f55a7\" data-element_type=\"column\" data-e-type=\"column\">\n\t\t\t<div class=\"elementor-widget-wrap elementor-element-populated\">\n\t\t\t\t\t\t<section class=\"elementor-section elementor-inner-section elementor-element elementor-element-3b9e45 elementor-section-content-middle elementor-section-boxed elementor-section-height-default elementor-section-height-default\" data-id=\"3b9e45\" data-element_type=\"section\" data-e-type=\"section\" data-settings=\"{&quot;jet_parallax_layout_list&quot;:[]}\">\n\t\t\t\t\t\t<div class=\"elementor-container elementor-column-gap-default\">\n\t\t\t\t\t<div class=\"elementor-column elementor-col-50 elementor-inner-column elementor-element elementor-element-4acecd18\" data-id=\"4acecd18\" data-element_type=\"column\" data-e-type=\"column\">\n\t\t\t<div class=\"elementor-widget-wrap elementor-element-populated\">\n\t\t\t\t\t\t<div class=\"elementor-element elementor-element-7c8981c6 elementor-widget elementor-widget-heading\" data-id=\"7c8981c6\" data-element_type=\"widget\" data-e-type=\"widget\" data-widget_type=\"heading.default\">\n\t\t\t\t\t<h2 class=\"elementor-heading-title elementor-size-default\">Vaginal Tightening<\/h2>\t\t\t\t<\/div>\n\t\t\t\t<div class=\"elementor-element elementor-element-5effebc7 elementor-widget elementor-widget-heading\" data-id=\"5effebc7\" data-element_type=\"widget\" data-e-type=\"widget\" data-widget_type=\"heading.default\">\n\t\t\t\t\t<h2 class=\"elementor-heading-title elementor-size-default\">What is Vaginal Tightening Surgery (genital aesthetic)?<\/h2>\t\t\t\t<\/div>\n\t\t\t\t<div class=\"elementor-element elementor-element-713c3267 elementor-widget elementor-widget-text-editor\" data-id=\"713c3267\" data-element_type=\"widget\" data-e-type=\"widget\" data-widget_type=\"text-editor.default\">\n\t\t\t\t\t\t\t\t\t<p>Vaginal tightening surgery in Turkey is a solution for vaginal enlargement caused by childbirth and abortion. No matter how happy the moments of birth are for the partners, the effects after birth, when a scalpel is used to facilitate the normal birth process, can often cause psychological damage to the mother, who experiences problems such as vaginal sagging or deformation of the vagina, vaginal prolapse or vaginal labia deformation. Vaginal aesthetics may occur after puberty, especially after childbirth or abortion, when many women feel that the vagina is expanding and need to intervene quickly to return the vagina to its normal position. Achieving the desired size and a successful sexual life may be different, but the goal is the same.<\/p>\t\t\t\t\t\t\t\t<\/div>\n\t\t\t\t\t<\/div>\n\t\t<\/div>\n\t\t\t\t<div class=\"elementor-column elementor-col-50 elementor-inner-column elementor-element elementor-element-cd77160\" data-id=\"cd77160\" data-element_type=\"column\" data-e-type=\"column\">\n\t\t\t<div class=\"elementor-widget-wrap elementor-element-populated\">\n\t\t\t\t\t\t<div class=\"elementor-element elementor-element-3371ee8e elementor-position-top elementor-widget elementor-widget-image-box\" data-id=\"3371ee8e\" data-element_type=\"widget\" data-e-type=\"widget\" data-widget_type=\"image-box.default\">\n\t\t\t\t\t<div class=\"elementor-image-box-wrapper\"><figure class=\"elementor-image-box-img\"><a href=\"http:\/\/turkaesthetic.com\/en\/vaginoplasty\/\" tabindex=\"-1\"><img decoding=\"async\" src=\"https:\/\/www.turkaesthetic.com\/wp-content\/uploads\/elementor\/thumbs\/Vaginoplasty-in-Turkey-rjag6w9gtpcz3y1maod6ev4her5uqwhz64j5iotho8.webp\" title=\"Vaginal tightening in Turkey\" alt=\"Vaginal tightening in Turkey\" class=\"elementor-animation-hang\" loading=\"lazy\" \/><\/a><\/figure><\/div>\t\t\t\t<\/div>\n\t\t\t\t\t<\/div>\n\t\t<\/div>\n\t\t\t\t\t<\/div>\n\t\t<\/section>\n\t\t\t\t\t<\/div>\n\t\t<\/div>\n\t\t\t\t\t<\/div>\n\t\t<\/section>\n\t\t\t\t<section class=\"elementor-section elementor-top-section elementor-element elementor-element-a81a702 elementor-section-boxed elementor-section-height-default elementor-section-height-default\" data-id=\"a81a702\" data-element_type=\"section\" data-e-type=\"section\" data-settings=\"{&quot;jet_parallax_layout_list&quot;:[]}\">\n\t\t\t\t\t\t<div class=\"elementor-container elementor-column-gap-default\">\n\t\t\t\t\t<div class=\"elementor-column elementor-col-100 elementor-top-column elementor-element elementor-element-5a7016b\" data-id=\"5a7016b\" data-element_type=\"column\" data-e-type=\"column\">\n\t\t\t<div class=\"elementor-widget-wrap elementor-element-populated\">\n\t\t\t\t\t\t<div class=\"elementor-element elementor-element-6c101de elementor-widget elementor-widget-text-editor\" data-id=\"6c101de\" data-element_type=\"widget\" data-e-type=\"widget\" data-widget_type=\"text-editor.default\">\n\t\t\t\t\t\t\t\t\t<p>For more information, you can follow our <a href=\"https:\/\/www.youtube.com\/@turkaesthetic\" target=\"_blank\" rel=\"noopener\">YouTube<\/a> channel or <a href=\"http:\/\/turkaesthetic.com\/en\/contact-us\/\" target=\"_blank\" rel=\"noopener\">contact us<\/a> directly.<\/p>\t\t\t\t\t\t\t\t<\/div>\n\t\t\t\t\t<\/div>\n\t\t<\/div>\n\t\t\t\t\t<\/div>\n\t\t<\/section>\n\t\t\t\t<\/div>\n\t\t","protected":false},"excerpt":{"rendered":"<p>Genital Aesthetic in Istanbul Turkey include many different cosmetic operations such as beautification of the external vaginal blades, hymen grafting and clitoral plastic surgery, in addition to laser or surgical vaginal narrowing that is performed by either a plastic surgeon or a specialized gynecologist. You can see the details of each process by itself. Labiaplasty [&hellip;]<\/p>\n","protected":false},"author":1,"featured_media":25501,"parent":0,"menu_order":0,"comment_status":"closed","ping_status":"closed","template":"elementor_header_footer","meta":{"footnotes":""},"dep":[1354],"class_list":["post-53377","page","type-page","status-publish","has-post-thumbnail","hentry","dep-plastic-surgeries"],"_links":{"self":[{"href":"https:\/\/www.turkaesthetic.com\/en\/wp-json\/wp\/v2\/pages\/53377","targetHints":{"allow":["GET"]}}],"collection":[{"href":"https:\/\/www.turkaesthetic.com\/en\/wp-json\/wp\/v2\/pages"}],"about":[{"href":"https:\/\/www.turkaesthetic.com\/en\/wp-json\/wp\/v2\/types\/page"}],"author":[{"embeddable":true,"href":"https:\/\/www.turkaesthetic.com\/en\/wp-json\/wp\/v2\/users\/1"}],"replies":[{"embeddable":true,"href":"https:\/\/www.turkaesthetic.com\/en\/wp-json\/wp\/v2\/comments?post=53377"}],"version-history":[{"count":0,"href":"https:\/\/www.turkaesthetic.com\/en\/wp-json\/wp\/v2\/pages\/53377\/revisions"}],"wp:featuredmedia":[{"embeddable":true,"href":"https:\/\/www.turkaesthetic.com\/en\/wp-json\/wp\/v2\/media\/25501"}],"wp:attachment":[{"href":"https:\/\/www.turkaesthetic.com\/en\/wp-json\/wp\/v2\/media?parent=53377"}],"wp:term":[{"taxonomy":"dep","embeddable":true,"href":"https:\/\/www.turkaesthetic.com\/en\/wp-json\/wp\/v2\/dep?post=53377"}],"curies":[{"name":"wp","href":"https:\/\/api.w.org\/{rel}","templated":true}]}}