{"id":73579,"date":"2026-04-15T22:54:25","date_gmt":"2026-04-15T19:54:25","guid":{"rendered":"https:\/\/www.turkaesthetic.com\/?page_id=73579"},"modified":"2026-04-16T13:52:01","modified_gmt":"2026-04-16T10:52:01","slug":"eyelid-surgery","status":"publish","type":"page","link":"https:\/\/www.turkaesthetic.com\/de\/eyelid-surgery\/","title":{"rendered":"Augenlidstraffung"},"content":{"rendered":"\n<p>Die Augenlidstraffung (Blepharoplastik) gilt als einer der h\u00e4ufigsten \u00e4sthetischen Eingriffe, da sie die Gesichtsausdr\u00fccke direkt beeinflusst. Mit der Zeit k\u00f6nnen Hauterschlaffung, Tr\u00e4nens\u00e4cke und ein m\u00fcdes Erscheinungsbild dazu f\u00fchren, dass eine Person \u00e4lter aussieht, als sie tats\u00e4chlich ist. In einigen F\u00e4llen kann dieser Zustand auch das Sichtfeld beeintr\u00e4chtigen und funktionelle Probleme verursachen.<\/p>\n\n\n\n<p>Durch diesen \u00e4sthetischen Eingriff werden \u00fcbersch\u00fcssige Haut und Fettgewebe entfernt, um ein dynamischeres, j\u00fcngeres und nat\u00fcrlicheres Aussehen zu erzielen. Dieser Eingriff wird von erfahrenen Fach\u00e4rzten durchgef\u00fchrt und zeichnet sich durch wirksame und nat\u00fcrliche Ergebnisse innerhalb kurzer Zeit aus.<\/p>\n\n\n\n<figure class=\"wp-block-image size-large\"><img loading=\"lazy\" decoding=\"async\" width=\"800\" height=\"533\" src=\"https:\/\/www.turkaesthetic.com\/wp-content\/uploads\/2026\/04\/eyelid-surgery-before-after-1-800x533.webp\" alt=\"augenlidstraffung vorher nachher nat\u00fcrliches ergebnis\" class=\"wp-image-73464\" srcset=\"https:\/\/www.turkaesthetic.com\/wp-content\/uploads\/2026\/04\/eyelid-surgery-before-after-1-800x533.webp 800w, https:\/\/www.turkaesthetic.com\/wp-content\/uploads\/2026\/04\/eyelid-surgery-before-after-1-400x267.webp 400w, https:\/\/www.turkaesthetic.com\/wp-content\/uploads\/2026\/04\/eyelid-surgery-before-after-1-150x100.webp 150w, https:\/\/www.turkaesthetic.com\/wp-content\/uploads\/2026\/04\/eyelid-surgery-before-after-1-768x512.webp 768w, https:\/\/www.turkaesthetic.com\/wp-content\/uploads\/2026\/04\/eyelid-surgery-before-after-1.webp 1200w\" sizes=\"auto, (max-width: 800px) 100vw, 800px\" \/><figcaption class=\"wp-element-caption\">Ein j\u00fcngeres und dynamischeres Aussehen nach der Augenlidstraffung<\/figcaption><\/figure>\n\n\n\n<figure class=\"wp-block-table is-style-stripes\"><table class=\"has-fixed-layout\"><thead><tr><th>Art des Eingriffs<\/th><th>\u00c4sthetische Augenlidoperation<\/th><\/tr><\/thead><tbody><tr><td>An\u00e4sthesie<\/td><td>Lokal oder allgemein<\/td><\/tr><tr><td>Dauer des Eingriffs<\/td><td>45 \u2013 90 Minuten<\/td><\/tr><tr><td>Krankenhausaufenthalt<\/td><td>Nicht erforderlich<\/td><\/tr><tr><td>Erholungszeit<\/td><td>5 \u2013 7 Tage<\/td><\/tr><tr><td>Bluterg\u00fcsse und Schwellungen<\/td><td>7 \u2013 14 Tage<\/td><\/tr><tr><td>Sichtbare Ergebnisse<\/td><td>2 \u2013 3 Wochen<\/td><\/tr><tr><td>Dauer der Ergebnisse<\/td><td>Lang anhaltend<\/td><\/tr><tr><td>Narben<\/td><td>In der Regel nicht sichtbar<\/td><\/tr><\/tbody><\/table><\/figure>\n\n\n\n<h2 class=\"wp-block-heading\">Vorher und Nachher der Augenlidstraffung<\/h2>\n\n\n\n<p>Vorher-Nachher-Vergleiche der Augenlidstraffung zeigen deutlich die sichtbare Ver\u00e4nderung, die dieser Eingriff am Erscheinungsbild der Augen bewirkt. Erschlaffte Augenlider werden beseitigt und Tr\u00e4nens\u00e4cke deutlich reduziert, wodurch das Gesicht j\u00fcnger und dynamischer wirkt.<\/p>\n\n\n\n<p>Der Eingriff tr\u00e4gt au\u00dferdem dazu bei, die Augenpartie klarer zu definieren und das Gleichgewicht dieses Bereichs wiederherzustellen, wobei ein nat\u00fcrliches und nicht \u00fcbertriebenes Ergebnis erhalten bleibt.<\/p>\n\n\n\n<figure class=\"wp-block-image size-large\"><img loading=\"lazy\" decoding=\"async\" width=\"800\" height=\"533\" src=\"https:\/\/www.turkaesthetic.com\/wp-content\/uploads\/2026\/04\/upper-eyelid-surgery-before-after-800x533.webp\" alt=\"oberlidstraffung vorher nachher korrektur der erschlaffung\" class=\"wp-image-73473\" srcset=\"https:\/\/www.turkaesthetic.com\/wp-content\/uploads\/2026\/04\/upper-eyelid-surgery-before-after-800x533.webp 800w, https:\/\/www.turkaesthetic.com\/wp-content\/uploads\/2026\/04\/upper-eyelid-surgery-before-after-400x267.webp 400w, https:\/\/www.turkaesthetic.com\/wp-content\/uploads\/2026\/04\/upper-eyelid-surgery-before-after-150x100.webp 150w, https:\/\/www.turkaesthetic.com\/wp-content\/uploads\/2026\/04\/upper-eyelid-surgery-before-after-768x512.webp 768w, https:\/\/www.turkaesthetic.com\/wp-content\/uploads\/2026\/04\/upper-eyelid-surgery-before-after.webp 1200w\" sizes=\"auto, (max-width: 800px) 100vw, 800px\" \/><figcaption class=\"wp-element-caption\">Die Erschlaffung des Oberlids wird durch den Eingriff beseitigt<\/figcaption><\/figure>\n\n\n\n<h2 class=\"wp-block-heading\">Was ist eine Augenlidstraffung?<\/h2>\n\n\n\n<p>Dieser Eingriff ist eine chirurgische Operation, die darauf abzielt, \u00fcbersch\u00fcssige Haut, Fettansammlungen und Erschlaffungen an den oberen und unteren Augenlidern zu entfernen. Dank dieses Eingriffs erh\u00e4lt die Augenpartie ein j\u00fcngeres, dynamischeres und ges\u00fcnderes Aussehen.<\/p>\n\n\n\n<p>Im Laufe der Zeit kann die Erschlaffung des Oberlids das Sichtfeld einschr\u00e4nken, w\u00e4hrend Schwellungen am Unterlid ein dauerhaft m\u00fcdes Erscheinungsbild verursachen. Dieser Eingriff hilft, diese Probleme zu beseitigen und bietet sowohl \u00e4sthetische als auch funktionelle Vorteile.<\/p>\n\n\n\n<figure class=\"wp-block-embed is-type-video is-provider-youtube wp-block-embed-youtube wp-embed-aspect-16-9 wp-has-aspect-ratio\"><div class=\"wp-block-embed__wrapper\">\n<iframe loading=\"lazy\" title=\"Eyelid Surgery (Blepharoplasty) in Istanbul, Turkey \u2013 (Look Younger. Look Rested. Look Refreshed.)\" width=\"800\" height=\"450\" src=\"https:\/\/www.youtube.com\/embed\/5JIFJu4EPQI?feature=oembed\" frameborder=\"0\" allow=\"accelerometer; autoplay; clipboard-write; encrypted-media; gyroscope; picture-in-picture; web-share\" referrerpolicy=\"strict-origin-when-cross-origin\" allowfullscreen><\/iframe>\n<\/div><\/figure>\n\n\n\n<h2 class=\"wp-block-heading\">Warum wird eine Augenlidstraffung durchgef\u00fchrt?<\/h2>\n\n\n\n<p>Dieser Eingriff kann aus verschiedenen Gr\u00fcnden gew\u00e4hlt werden, die h\u00e4ufigsten sind:<\/p>\n\n\n\n<ul class=\"wp-block-list\">\n<li>Erschlaffung des Oberlids<\/li>\n\n\n\n<li>Tr\u00e4nens\u00e4cke und Schwellungen unter den Augen<\/li>\n\n\n\n<li>Falten um die Augen<\/li>\n\n\n\n<li>M\u00fcdes und gealtertes Erscheinungsbild<\/li>\n\n\n\n<li>\u00dcbersch\u00fcssige Haut, die das Sichtfeld beeintr\u00e4chtigt<\/li>\n<\/ul>\n\n\n\n<p>Dieser Eingriff hilft, die Gesichtsz\u00fcge lebendiger und frischer wirken zu lassen und verleiht ein j\u00fcngeres Erscheinungsbild.<\/p>\n\n\n\n<h2 class=\"wp-block-heading\">Wie wird eine Augenlidstraffung durchgef\u00fchrt?<\/h2>\n\n\n<div id=\"rank-math-howto\" class=\"rank-math-block\" >\n<div class=\"rank-math-howto-description\">\n\n<p>Der Eingriff wird entsprechend den Bed\u00fcrfnissen des Patienten geplant und in der Regel unter \u00f6rtlicher Bet\u00e4ubung durchgef\u00fchrt. W\u00e4hrend der Operation werden sowohl \u00e4sthetische als auch funktionelle Ergebnisse angestrebt.<\/p>\n\n<\/div>\n<p class=\"rank-math-howto-duration\"><strong>Gesamtzeit:<\/strong> <span>45 Minuten<\/span><\/p>\n<div class=\"rank-math-steps \">\n<div id=\"howto-step-1776247219318\" class=\"rank-math-step\">\n<h3 class=\"rank-math-step-title \">Untersuchung und Planung<\/h3>\n<div class=\"rank-math-step-content \"><img loading=\"lazy\" decoding=\"async\" width=\"800\" height=\"533\" src=\"https:\/\/www.turkaesthetic.com\/wp-content\/uploads\/2026\/04\/eyelid-surgery-consultation-preparation.webp\" class=\"attachment-full size-full\" alt=\"g\u00f6z kapa\u011f\u0131 esteti\u011fi \u00f6ncesi muayene ve haz\u0131rl\u0131k a\u015famas\u0131\" srcset=\"https:\/\/www.turkaesthetic.com\/wp-content\/uploads\/2026\/04\/eyelid-surgery-consultation-preparation.webp 800w, https:\/\/www.turkaesthetic.com\/wp-content\/uploads\/2026\/04\/eyelid-surgery-consultation-preparation-400x267.webp 400w, https:\/\/www.turkaesthetic.com\/wp-content\/uploads\/2026\/04\/eyelid-surgery-consultation-preparation-150x100.webp 150w, https:\/\/www.turkaesthetic.com\/wp-content\/uploads\/2026\/04\/eyelid-surgery-consultation-preparation-768x512.webp 768w\" sizes=\"auto, (max-width: 800px) 100vw, 800px\" \/><p>Die Augenstruktur wird detailliert analysiert.<\/p>\n<\/div>\n<\/div>\n<div id=\"howto-step-1776247228411\" class=\"rank-math-step\">\n<h3 class=\"rank-math-step-title \">An\u00e4sthesie<\/h3>\n<div class=\"rank-math-step-content \"><img loading=\"lazy\" decoding=\"async\" width=\"800\" height=\"533\" src=\"https:\/\/www.turkaesthetic.com\/wp-content\/uploads\/2026\/04\/eyelid-surgery-anesthesia.webp\" class=\"attachment-full size-full\" alt=\"g\u00f6z kapa\u011f\u0131 esteti\u011fi s\u0131ras\u0131nda lokal anestezi uygulamas\u0131\" srcset=\"https:\/\/www.turkaesthetic.com\/wp-content\/uploads\/2026\/04\/eyelid-surgery-anesthesia.webp 800w, https:\/\/www.turkaesthetic.com\/wp-content\/uploads\/2026\/04\/eyelid-surgery-anesthesia-400x267.webp 400w, https:\/\/www.turkaesthetic.com\/wp-content\/uploads\/2026\/04\/eyelid-surgery-anesthesia-150x100.webp 150w, https:\/\/www.turkaesthetic.com\/wp-content\/uploads\/2026\/04\/eyelid-surgery-anesthesia-768x512.webp 768w\" sizes=\"auto, (max-width: 800px) 100vw, 800px\" \/><p>In der Regel wird eine \u00f6rtliche Bet\u00e4ubung angewendet.<\/p>\n<\/div>\n<\/div>\n<div id=\"howto-step-1776247245177\" class=\"rank-math-step\">\n<h3 class=\"rank-math-step-title \">Chirurgischer Schnitt<\/h3>\n<div class=\"rank-math-step-content \"><img loading=\"lazy\" decoding=\"async\" width=\"800\" height=\"533\" src=\"https:\/\/www.turkaesthetic.com\/wp-content\/uploads\/2026\/04\/eyelid-surgery-incision.webp\" class=\"attachment-full size-full\" alt=\"g\u00f6z kapa\u011f\u0131 esteti\u011fi cerrahi kesi a\u015famas\u0131\" srcset=\"https:\/\/www.turkaesthetic.com\/wp-content\/uploads\/2026\/04\/eyelid-surgery-incision.webp 800w, https:\/\/www.turkaesthetic.com\/wp-content\/uploads\/2026\/04\/eyelid-surgery-incision-400x267.webp 400w, https:\/\/www.turkaesthetic.com\/wp-content\/uploads\/2026\/04\/eyelid-surgery-incision-150x100.webp 150w, https:\/\/www.turkaesthetic.com\/wp-content\/uploads\/2026\/04\/eyelid-surgery-incision-768x512.webp 768w\" sizes=\"auto, (max-width: 800px) 100vw, 800px\" \/><p>Der Schnitt erfolgt entlang der nat\u00fcrlichen Lidfalte des Oberlids, unterhalb der Wimpern oder von innen am Unterlid.<\/p>\n<\/div>\n<\/div>\n<div id=\"howto-step-1776247265061\" class=\"rank-math-step\">\n<h3 class=\"rank-math-step-title \">Entfernung von Fett und Haut<\/h3>\n<div class=\"rank-math-step-content \"><img loading=\"lazy\" decoding=\"async\" width=\"800\" height=\"533\" src=\"https:\/\/www.turkaesthetic.com\/wp-content\/uploads\/2026\/04\/eyelid-surgery-fat-skin-adjustment.webp\" class=\"attachment-full size-full\" alt=\"g\u00f6z kapa\u011f\u0131 esteti\u011fi ya\u011f ve deri d\u00fczenleme a\u015famas\u0131\" srcset=\"https:\/\/www.turkaesthetic.com\/wp-content\/uploads\/2026\/04\/eyelid-surgery-fat-skin-adjustment.webp 800w, https:\/\/www.turkaesthetic.com\/wp-content\/uploads\/2026\/04\/eyelid-surgery-fat-skin-adjustment-400x267.webp 400w, https:\/\/www.turkaesthetic.com\/wp-content\/uploads\/2026\/04\/eyelid-surgery-fat-skin-adjustment-150x100.webp 150w, https:\/\/www.turkaesthetic.com\/wp-content\/uploads\/2026\/04\/eyelid-surgery-fat-skin-adjustment-768x512.webp 768w\" sizes=\"auto, (max-width: 800px) 100vw, 800px\" \/><p>\u00dcbersch\u00fcssiges Gewebe wird entfernt oder neu geformt.<\/p>\n<\/div>\n<\/div>\n<div id=\"howto-step-1776247285904\" class=\"rank-math-step\">\n<h3 class=\"rank-math-step-title \">Verschluss<\/h3>\n<div class=\"rank-math-step-content \"><img loading=\"lazy\" decoding=\"async\" width=\"800\" height=\"533\" src=\"https:\/\/www.turkaesthetic.com\/wp-content\/uploads\/2026\/04\/eyelid-surgery-closure.webp\" class=\"attachment-full size-full\" alt=\"g\u00f6z kapa\u011f\u0131 esteti\u011fi sonras\u0131 estetik diki\u015f kapatma a\u015famas\u0131\" srcset=\"https:\/\/www.turkaesthetic.com\/wp-content\/uploads\/2026\/04\/eyelid-surgery-closure.webp 800w, https:\/\/www.turkaesthetic.com\/wp-content\/uploads\/2026\/04\/eyelid-surgery-closure-400x267.webp 400w, https:\/\/www.turkaesthetic.com\/wp-content\/uploads\/2026\/04\/eyelid-surgery-closure-150x100.webp 150w, https:\/\/www.turkaesthetic.com\/wp-content\/uploads\/2026\/04\/eyelid-surgery-closure-768x512.webp 768w\" sizes=\"auto, (max-width: 800px) 100vw, 800px\" \/><p>Der Eingriff wird mit feinen \u00e4sthetischen N\u00e4hten abgeschlossen.<\/p>\n<\/div>\n<\/div>\n<\/div>\n<\/div>\n<p class=\"rank-math-howto-estimatedCost\"><strong>Gesch\u00e4tzte Kosten:<\/strong> <span>1450 EUR<\/span><\/p>\n\n\n\n\n\n<p>Dank dieser Technik sind Narben in der Regel kaum sichtbar und ein nat\u00fcrliches Erscheinungsbild wird erzielt.<\/p>\n\n\n\n<h2 class=\"wp-block-heading\">Wie lange dauert eine Augenlidstraffung?<\/h2>\n\n\n\n<p>Eine Augenlidstraffung (Blepharoplastik) dauert in der Regel zwischen <strong>45 und 90 Minuten<\/strong>.<br>Die Dauer kann variieren, je nachdem, ob nur das Oberlid oder sowohl Ober- als auch Unterlid behandelt werden.<\/p>\n\n\n\n<p>In den meisten F\u00e4llen kann der Patient noch am selben Tag die Klinik verlassen, ein Krankenhausaufenthalt ist nicht erforderlich.<\/p>\n\n\n\n<h2 class=\"wp-block-heading\">Erholungsphase nach der Augenlidstraffung<\/h2>\n\n\n\n<p>Die Erholungsphase nach dem Eingriff ist in der Regel schnell und unkompliziert:<\/p>\n\n\n\n<ul class=\"wp-block-list\">\n<li>In den ersten Tagen k\u00f6nnen leichte Schwellungen und Bluterg\u00fcsse auftreten<\/li>\n\n\n\n<li>Die R\u00fcckkehr zum Alltag ist innerhalb von 5\u20137 Tagen m\u00f6glich<\/li>\n\n\n\n<li>Die F\u00e4den werden nach kurzer Zeit entfernt<\/li>\n\n\n\n<li>Sichtbare Spuren verschwinden innerhalb von 10\u201314 Tagen<\/li>\n<\/ul>\n\n\n\n<p>Wenn die \u00e4rztlichen Anweisungen befolgt werden, verl\u00e4uft die Heilung reibungslos und ohne Komplikationen.<\/p>\n\n\n\n<h2 class=\"wp-block-heading\">Ergebnisse der Augenlidstraffung<\/h2>\n\n\n\n<p>Nach dem Eingriff erh\u00e4lt die Augenpartie ein j\u00fcngeres, frischeres und lebendigeres Aussehen. Die Erschlaffung des Oberlids wird beseitigt, w\u00e4hrend die Schwellungen am Unterlid deutlich reduziert werden.<\/p>\n\n\n\n<p>Die erzielten Ergebnisse sind in den meisten F\u00e4llen langanhaltend und tragen dazu bei, die Gesichtsz\u00fcge auf nat\u00fcrliche Weise zu verbessern. Bei Anwendung der richtigen Technik sind von au\u00dfen keine sichtbaren Spuren des Eingriffs erkennbar.<\/p>\n\n\n\n<figure class=\"wp-block-image size-large\"><img loading=\"lazy\" decoding=\"async\" width=\"800\" height=\"533\" src=\"https:\/\/www.turkaesthetic.com\/wp-content\/uploads\/2026\/04\/lower-eyelid-surgery-before-after-800x533.webp\" alt=\"unterlidstraffung vorher nachher entfernung der tr\u00e4nens\u00e4cke\" class=\"wp-image-73491\" srcset=\"https:\/\/www.turkaesthetic.com\/wp-content\/uploads\/2026\/04\/lower-eyelid-surgery-before-after-800x533.webp 800w, https:\/\/www.turkaesthetic.com\/wp-content\/uploads\/2026\/04\/lower-eyelid-surgery-before-after-400x267.webp 400w, https:\/\/www.turkaesthetic.com\/wp-content\/uploads\/2026\/04\/lower-eyelid-surgery-before-after-150x100.webp 150w, https:\/\/www.turkaesthetic.com\/wp-content\/uploads\/2026\/04\/lower-eyelid-surgery-before-after-768x512.webp 768w, https:\/\/www.turkaesthetic.com\/wp-content\/uploads\/2026\/04\/lower-eyelid-surgery-before-after.webp 1200w\" sizes=\"auto, (max-width: 800px) 100vw, 800px\" \/><figcaption class=\"wp-element-caption\">Die Entfernung von Tr\u00e4nens\u00e4cken sorgt f\u00fcr ein erholteres und frischeres Aussehen<\/figcaption><\/figure>\n\n\n\n<h2 class=\"wp-block-heading\">Ist die Augenlidstraffung sicher?<\/h2>\n\n\n\n<p>Dieser Eingriff gilt als sicher, wenn er von erfahrenen Fach\u00e4rzten mit modernen Techniken durchgef\u00fchrt wird. Er wird in fortschrittlichen medizinischen Zentren durchgef\u00fchrt und tr\u00e4gt zu erfolgreichen \u00e4sthetischen und funktionellen Ergebnissen bei.<\/p>\n\n\n\n<p>Dank moderner Technologien, pr\u00e4ziser Planung und individueller Behandlungskonzepte kann nach der Augenlidstraffung ein nat\u00fcrliches und harmonisches Erscheinungsbild erreicht werden.<\/p>\n\n\n\n<p>F\u00fcr weitere Informationen k\u00f6nnen Sie die Seiten zur Augenlidstraffung in der T\u00fcrkei und zu den Kosten der Augenlidstraffung besuchen.<\/p>\n\n\n\n<h2 class=\"wp-block-heading\">H\u00e4ufig gestellte Fragen<\/h2>\n\n\n<div id=\"rank-math-faq\" class=\"rank-math-block\">\n<div class=\"rank-math-list \">\n<div id=\"faq-question-1776176709554\" class=\"rank-math-list-item\">\n<h3 class=\"rank-math-question \">Sind die Ergebnisse der Augenlidstraffung dauerhaft?<\/h3>\n<div class=\"rank-math-answer \">\n\n<p>Die Ergebnisse halten viele Jahre an, allerdings k\u00f6nnen im Laufe des nat\u00fcrlichen Alterungsprozesses leichte Ver\u00e4nderungen auftreten.<\/p>\n\n<\/div>\n<\/div>\n<div id=\"faq-question-1776176735169\" class=\"rank-math-list-item\">\n<h3 class=\"rank-math-question \">Bleiben nach dem Eingriff Narben zur\u00fcck?<\/h3>\n<div class=\"rank-math-answer \">\n\n<p>Die Schnitte werden in den nat\u00fcrlichen Lidfalten versteckt, sodass Narben in der Regel kaum sichtbar sind.<\/p>\n\n<\/div>\n<\/div>\n<div id=\"faq-question-1776176745219\" class=\"rank-math-list-item\">\n<h3 class=\"rank-math-question \">Ist der Eingriff schmerzhaft?<\/h3>\n<div class=\"rank-math-answer \">\n\n<p>Der Eingriff wird in der Regel unter \u00f6rtlicher Bet\u00e4ubung durchgef\u00fchrt, sodass w\u00e4hrend der Operation keine Schmerzen versp\u00fcrt werden. Danach kann ein leichtes Unbehagen auftreten.<\/p>\n\n<\/div>\n<\/div>\n<div id=\"faq-question-1776176755152\" class=\"rank-math-list-item\">\n<h3 class=\"rank-math-question \">Wer ist f\u00fcr den Eingriff geeignet?<\/h3>\n<div class=\"rank-math-answer \">\n\n<p>Personen mit erschlafften Augenlidern, Schwellungen oder einem m\u00fcden Erscheinungsbild gelten als geeignete Kandidaten.<\/p>\n\n<\/div>\n<\/div>\n<div id=\"faq-question-1776176765452\" class=\"rank-math-list-item\">\n<h3 class=\"rank-math-question \">Wann sind die Ergebnisse sichtbar?<\/h3>\n<div class=\"rank-math-answer \">\n\n<p>Erste Ergebnisse sind bereits nach kurzer Zeit sichtbar, w\u00e4hrend die endg\u00fcltigen Ergebnisse nach mehreren Wochen erscheinen.<\/p>\n\n<\/div>\n<\/div>\n<\/div>\n<\/div>\n\n\n<p>F\u00fcr detaillierte Informationen zum Eingriff und um den f\u00fcr Sie am besten geeigneten Behandlungsplan zu erfahren, k\u00f6nnen Sie <a href=\"https:\/\/www.turkaesthetic.com\/de\/contact-us\/\">uns kontaktieren<\/a> oder uns \u00fcber <a href=\"https:\/\/wa.me\/908503046000\" target=\"_blank\" rel=\"noreferrer noopener\">WhatsApp schreiben<\/a>.<\/p>\n","protected":false},"excerpt":{"rendered":"<p>Die Augenlidstraffung (Blepharoplastik) gilt als einer der h\u00e4ufigsten \u00e4sthetischen Eingriffe, da sie die Gesichtsausdr\u00fccke direkt beeinflusst. Mit der Zeit k\u00f6nnen Hauterschlaffung, Tr\u00e4nens\u00e4cke und ein m\u00fcdes Erscheinungsbild dazu f\u00fchren, dass eine Person \u00e4lter aussieht, als sie tats\u00e4chlich ist. In einigen F\u00e4llen kann dieser Zustand auch das Sichtfeld beeintr\u00e4chtigen und funktionelle Probleme verursachen. Durch diesen \u00e4sthetischen Eingriff [&hellip;]<\/p>\n","protected":false},"author":1,"featured_media":73504,"parent":0,"menu_order":0,"comment_status":"closed","ping_status":"closed","template":"","meta":{"footnotes":""},"dep":[1354],"class_list":["post-73579","page","type-page","status-publish","has-post-thumbnail","hentry","dep-plastic-surgeries"],"_links":{"self":[{"href":"https:\/\/www.turkaesthetic.com\/de\/wp-json\/wp\/v2\/pages\/73579","targetHints":{"allow":["GET"]}}],"collection":[{"href":"https:\/\/www.turkaesthetic.com\/de\/wp-json\/wp\/v2\/pages"}],"about":[{"href":"https:\/\/www.turkaesthetic.com\/de\/wp-json\/wp\/v2\/types\/page"}],"author":[{"embeddable":true,"href":"https:\/\/www.turkaesthetic.com\/de\/wp-json\/wp\/v2\/users\/1"}],"replies":[{"embeddable":true,"href":"https:\/\/www.turkaesthetic.com\/de\/wp-json\/wp\/v2\/comments?post=73579"}],"version-history":[{"count":2,"href":"https:\/\/www.turkaesthetic.com\/de\/wp-json\/wp\/v2\/pages\/73579\/revisions"}],"predecessor-version":[{"id":73581,"href":"https:\/\/www.turkaesthetic.com\/de\/wp-json\/wp\/v2\/pages\/73579\/revisions\/73581"}],"wp:featuredmedia":[{"embeddable":true,"href":"https:\/\/www.turkaesthetic.com\/de\/wp-json\/wp\/v2\/media\/73504"}],"wp:attachment":[{"href":"https:\/\/www.turkaesthetic.com\/de\/wp-json\/wp\/v2\/media?parent=73579"}],"wp:term":[{"taxonomy":"dep","embeddable":true,"href":"https:\/\/www.turkaesthetic.com\/de\/wp-json\/wp\/v2\/dep?post=73579"}],"curies":[{"name":"wp","href":"https:\/\/api.w.org\/{rel}","templated":true}]}}