{"id":65700,"date":"2025-08-25T13:42:49","date_gmt":"2025-08-25T10:42:49","guid":{"rendered":"https:\/\/www.turkaesthetic.com\/?page_id=65700"},"modified":"2025-08-27T13:37:50","modified_gmt":"2025-08-27T10:37:50","slug":"e-max","status":"publish","type":"page","link":"https:\/\/www.turkaesthetic.com\/de\/e-max\/","title":{"rendered":"E Max Veneers"},"content":{"rendered":"\n<p><strong>E Max Veneers<\/strong> z\u00e4hlen zu den modernsten und \u00e4sthetischsten L\u00f6sungen in der Zahnkosmetik. Diese Methode wird besonders von Patienten bevorzugt, die sich ein nat\u00fcrliches Aussehen ihrer Vorderz\u00e4hne w\u00fcnschen. Sie wird aus Lithiumdisilikat-Glaskeramik hergestellt. Dank ihrer Haltbarkeit und Lichtdurchl\u00e4ssigkeit erzielt sie Ergebnisse, die nat\u00fcrlichen Z\u00e4hnen sehr nahe kommen. Sie erfreut sich in der Zahnmedizin weltweit zunehmender Beliebtheit, da sie sowohl \u00e4sthetische als auch funktionelle Anspr\u00fcche erf\u00fcllt.<\/p>\n\n\n\n<h2 class=\"wp-block-heading\">Was ist ein E Max Veneer?<\/h2>\n\n\n\n<p>Ein E Max Veneer ist ein Material, das im Vergleich zu herk\u00f6mmlichen Porzellanveneers deutlich d\u00fcnner, lichtdurchl\u00e4ssiger und haltbarer ist. Da es das Licht wie ein nat\u00fcrlicher Zahn reflektiert, sorgt es f\u00fcr makellose \u00e4sthetische Ergebnisse, insbesondere im Frontzahnbereich. Dank der perfekten Farbanpassung sorgt es f\u00fcr eine vollkommen nat\u00fcrliche Harmonie mit den eigenen Z\u00e4hnen. Im Gegensatz zu metallgest\u00fctzten Veneers entstehen zudem keine grauen Reflexe am Zahnfleischrand.<\/p>\n\n\n\n<figure class=\"wp-block-embed is-type-video is-provider-youtube wp-block-embed-youtube wp-embed-aspect-16-9 wp-has-aspect-ratio\"><div class=\"wp-block-embed__wrapper\">\n<iframe loading=\"lazy\" title=\"Dental Veneers - Turk Aesthetic\" width=\"800\" height=\"450\" src=\"https:\/\/www.youtube.com\/embed\/03FDckdC-Ew?list=PLcqCyZU2kPzX40Ehz1mZX0ph89SD7Wz6v\" frameborder=\"0\" allow=\"accelerometer; autoplay; clipboard-write; encrypted-media; gyroscope; picture-in-picture; web-share\" referrerpolicy=\"strict-origin-when-cross-origin\" allowfullscreen><\/iframe>\n<\/div><figcaption class=\"wp-element-caption\">E Max Veneers<\/figcaption><\/figure>\n\n\n\n<h3 class=\"wp-block-heading\">Warum E Max Veneers?<\/h3>\n\n\n\n<p>Die Hauptgr\u00fcnde, warum Patienten E-Max bevorzugen, sind:<\/p>\n\n\n\n<ul class=\"wp-block-list\">\n<li>Nat\u00fcrliches Aussehen: Bietet eine Lichtdurchl\u00e4ssigkeit, die der nat\u00fcrlicher Z\u00e4hne am n\u00e4chsten kommt.<\/li>\n\n\n\n<li>Haltbarkeit: Trotz der geringen Dicke ist es sehr stabil und h\u00e4lt viele Jahre.<\/li>\n\n\n\n<li>Metallfrei: Kein Allergierisiko, hohe Zahnfleischvertr\u00e4glichkeit.<\/li>\n\n\n\n<li>Minimale Reduktion: Erfordert nur eine minimale Entfernung der nat\u00fcrlichen Zahnsubstanz.<\/li>\n\n\n\n<li>Farbstabilit\u00e4t: Verf\u00e4rbt sich nicht mit der Zeit.<\/li>\n<\/ul>\n\n\n\n<h4 class=\"wp-block-heading\">F\u00fcr wen ist es geeignet?<\/h4>\n\n\n\n<p>E-Max-Veneers sind eine der besten L\u00f6sungen f\u00fcr Personen, die sich eine \u00e4sthetische Frontzahnbehandlung w\u00fcnschen. Sie werden h\u00e4ufig in folgenden F\u00e4llen bevorzugt:<\/p>\n\n\n\n<ul class=\"wp-block-list\">\n<li>Dauerhafte Zahnverf\u00e4rbungen.<\/li>\n\n\n\n<li>Gebrochene, rissige oder verformte Frontz\u00e4hne.<\/li>\n\n\n\n<li>Diastema (Zahnl\u00fccken).<\/li>\n\n\n\n<li>F\u00fcr alle, die sich ein wei\u00dferes und symmetrischeres L\u00e4cheln w\u00fcnschen.<\/li>\n\n\n\n<li>F\u00fcr Patienten mit einer Allergie gegen metallgest\u00fctzte Veneers.<\/li>\n\n\n\n<li>E-Max ist jedoch m\u00f6glicherweise nicht immer f\u00fcr Backenz\u00e4hne geeignet, die starkem Kaudruck ausgesetzt sind. In solchen F\u00e4llen ist die Beurteilung durch den Zahnarzt entscheidend.<\/li>\n<\/ul>\n\n\n\n<h2 class=\"wp-block-heading\">Wie werden E Max Veneers angebracht?<\/h2>\n\n\n<div id=\"rank-math-howto\" class=\"rank-math-block\" >\n<div class=\"rank-math-howto-description\">\n\n<p>Der Behandlungsablauf kann je nach Patientenbedarf variieren, umfasst aber in der Regel folgende Schritte:<\/p>\n\n<\/div>\n<p class=\"rank-math-howto-duration\"><strong>Gesamtzeit:<\/strong> <span>5 Tage<\/span><\/p>\n<div class=\"rank-math-steps \">\n<div id=\"howto-step-1756118023023\" class=\"rank-math-step\">\n<h3 class=\"rank-math-step-title \">Untersuchung und Planung:<\/h3>\n<div class=\"rank-math-step-content \"><p>Der Zahnarzt untersucht die Z\u00e4hne und ermittelt die \u00e4sthetischen Erwartungen. Bei Bedarf wird ein digitales L\u00e4chelndesign erstellt.<\/p>\n<\/div>\n<\/div>\n<div id=\"howto-step-1756124093653\" class=\"rank-math-step\">\n<h3 class=\"rank-math-step-title \">Zahnvorbereitung:<\/h3>\n<div class=\"rank-math-step-content \"><p>F\u00fcr eine optimale Platzierung des Veneers wird nur minimaler Zahnschmelz von der Zahnoberfl\u00e4che entfernt.<\/p>\n<\/div>\n<\/div>\n<div id=\"howto-step-1756124098191\" class=\"rank-math-step\">\n<h3 class=\"rank-math-step-title \">Abdrucknahme:<\/h3>\n<div class=\"rank-math-step-content \"><p>Die Z\u00e4hne werden mit einem digitalen Scanner oder herk\u00f6mmlichen Abdruckmethoden vermessen.<\/p>\n<\/div>\n<\/div>\n<div id=\"howto-step-1756124103207\" class=\"rank-math-step\">\n<h3 class=\"rank-math-step-title \">Dauerhafte Anwendung:<\/h3>\n<div class=\"rank-math-step-content \"><p>Die E-Max Veneers werden mit speziellen Klebstoffen an den Z\u00e4hnen befestigt. Der gesamte Prozess ist in der Regel innerhalb von 5 bis 7 Tagen abgeschlossen.<\/p>\n<\/div>\n<\/div>\n<\/div>\n<\/div>\n<p class=\"rank-math-howto-estimatedCost\"><strong>Gesch\u00e4tzte Kosten:<\/strong> <span>190 Euro<\/span><\/p>\n\n\n\n\n\n<h4 class=\"wp-block-heading\">Vorteile<\/h4>\n\n\n\n<ul class=\"wp-block-list\">\n<li>Sorgt f\u00fcr ein besonders nat\u00fcrliches \u00e4sthetisches Ergebnis.<\/li>\n\n\n\n<li>Langlebig, kann bis zu 15 Jahre problemlos getragen werden.<\/li>\n\n\n\n<li>Zahnfleischfreundlich und biokompatibel.<\/li>\n\n\n\n<li>Verursacht keine Vergilbung oder Verf\u00e4rbung.<\/li>\n\n\n\n<li>Eine der beliebtesten L\u00f6sungen f\u00fcr das Smile-Design.<\/li>\n<\/ul>\n\n\n\n<h5 class=\"wp-block-heading\">Vor und nach E Max Veneers<\/h5>\n\n\n\n<p>Vor E-Max Veneers k\u00f6nnen Zahnverf\u00e4rbungen, L\u00fccken oder unregelm\u00e4\u00dfige Formen auftreten. Nach der Behandlung:<\/p>\n\n\n\n<p>Wei\u00dfere, \u00e4sthetischere und nat\u00fcrlichere Z\u00e4hne werden erreicht.<br>Der Gesichtsausdruck wirkt j\u00fcnger und ausgeglichener.<br>Die <a href=\"https:\/\/www.turkaesthetic.com\/de\/dentistry-de\/hollywood-smile-cost\/\" target=\"_blank\" data-type=\"post\" data-id=\"47710\" rel=\"noreferrer noopener\">\u00c4sthetik des L\u00e4chelns<\/a> verbessert sich deutlich.<br>Das Selbstbewusstsein des Patienten steigt.<\/p>\n\n\n<style>.kb-gallery-id-65700_bb9882-78 .kadence-blocks-gallery-item .kb-gal-image-radius, .kb-gallery-id-65700_bb9882-78 .kb-slide-item .kb-gal-image-radius img{border-radius:0px 0px 0px 0px;;}.kb-gallery-wrap-id-65700_bb9882-78.wp-block-kadence-advancedgallery{overflow:visible;}.kb-gallery-wrap-id-65700_bb9882-78.wp-block-kadence-advancedgallery .kt-blocks-carousel{overflow:visible;}<\/style><div class=\"kb-gallery-wrap-id-65700_bb9882-78 alignnone wp-block-kadence-advancedgallery\"><div class=\"kb-gallery-ul kb-gallery-non-static kb-gallery-type-slider kb-gallery-id-65700_bb9882-78 kb-gallery-caption-style-bottom-hover kb-gallery-filter-none\" data-image-filter=\"none\" data-lightbox-caption=\"true\"><div class=\"kt-blocks-carousel splide kt-carousel-container-dotstyle-dark kt-carousel-arrowstyle-whiteondark kt-carousel-dotstyle-dark kb-slider-group-arrow kb-slider-arrow-position-center\" data-slider-anim-speed=\"400\" data-slider-scroll=\"1\" data-slider-arrows=\"true\" data-slider-fade=\"true\" data-slider-dots=\"true\" data-slider-type=\"slider\" data-slider-hover-pause=\"false\" data-slider-auto=\"\" data-slider-speed=\"7000\" data-show-pause-button=\"false\"><div class=\"splide__track\"><ul class=\"kt-blocks-carousel-init kb-blocks-slider splide__list\"><li class=\"kb-slide-item kb-gallery-slide-item splide__slide\"><div class=\"kadence-blocks-gallery-item\"><div class=\"kadence-blocks-gallery-item-inner\"><figure class=\"kb-gallery-figure kadence-blocks-gallery-item-hide-caption\"><div class=\"kb-gal-image-radius\"><div class=\"kb-gallery-image-contain kadence-blocks-gallery-intrinsic kb-gallery-image-ratio-land32 kb-has-image-ratio-land32\" ><img loading=\"lazy\" decoding=\"async\" src=\"https:\/\/www.turkaesthetic.com\/wp-content\/uploads\/2023\/12\/Hollywood-smile-before-after-8.webp\" width=\"1200\" height=\"800\" alt=\"emax kaplama \u00f6ncesi ve sonras\u0131\" data-full-image=\"https:\/\/www.turkaesthetic.com\/wp-content\/uploads\/2023\/12\/Hollywood-smile-before-after-8.webp\" data-light-image=\"https:\/\/www.turkaesthetic.com\/wp-content\/uploads\/2023\/12\/Hollywood-smile-before-after-8.webp\" data-id=\"49486\" class=\"wp-image-49486 skip-lazy\"\/><\/div><\/div><\/figure><\/div><\/div><\/li><li class=\"kb-slide-item kb-gallery-slide-item splide__slide\"><div class=\"kadence-blocks-gallery-item\"><div class=\"kadence-blocks-gallery-item-inner\"><figure class=\"kb-gallery-figure kadence-blocks-gallery-item-hide-caption\"><div class=\"kb-gal-image-radius\"><div class=\"kb-gallery-image-contain kadence-blocks-gallery-intrinsic kb-gallery-image-ratio-land32 kb-has-image-ratio-land32\" ><img loading=\"lazy\" decoding=\"async\" src=\"https:\/\/www.turkaesthetic.com\/wp-content\/uploads\/2023\/12\/Hollywood-smile-before-after-9.webp\" width=\"1200\" height=\"800\" alt=\"emax kaplama \u00f6ncesi ve sonras\u0131\" data-full-image=\"https:\/\/www.turkaesthetic.com\/wp-content\/uploads\/2023\/12\/Hollywood-smile-before-after-9.webp\" data-light-image=\"https:\/\/www.turkaesthetic.com\/wp-content\/uploads\/2023\/12\/Hollywood-smile-before-after-9.webp\" data-id=\"49495\" class=\"wp-image-49495 skip-lazy\"\/><\/div><\/div><\/figure><\/div><\/div><\/li><li class=\"kb-slide-item kb-gallery-slide-item splide__slide\"><div class=\"kadence-blocks-gallery-item\"><div class=\"kadence-blocks-gallery-item-inner\"><figure class=\"kb-gallery-figure kadence-blocks-gallery-item-hide-caption\"><div class=\"kb-gal-image-radius\"><div class=\"kb-gallery-image-contain kadence-blocks-gallery-intrinsic kb-gallery-image-ratio-land32 kb-has-image-ratio-land32\" ><img loading=\"lazy\" decoding=\"async\" src=\"https:\/\/www.turkaesthetic.com\/wp-content\/uploads\/2023\/12\/Hollywood-smile-before-after-10.webp\" width=\"1200\" height=\"800\" alt=\"emax kaplama \u00f6ncesi ve sonras\u0131\" data-full-image=\"https:\/\/www.turkaesthetic.com\/wp-content\/uploads\/2023\/12\/Hollywood-smile-before-after-10.webp\" data-light-image=\"https:\/\/www.turkaesthetic.com\/wp-content\/uploads\/2023\/12\/Hollywood-smile-before-after-10.webp\" data-id=\"49504\" class=\"wp-image-49504 skip-lazy\"\/><\/div><\/div><\/figure><\/div><\/div><\/li><li class=\"kb-slide-item kb-gallery-slide-item splide__slide\"><div class=\"kadence-blocks-gallery-item\"><div class=\"kadence-blocks-gallery-item-inner\"><figure class=\"kb-gallery-figure kadence-blocks-gallery-item-hide-caption\"><div class=\"kb-gal-image-radius\"><div class=\"kb-gallery-image-contain kadence-blocks-gallery-intrinsic kb-gallery-image-ratio-land32 kb-has-image-ratio-land32\" ><img loading=\"lazy\" decoding=\"async\" src=\"https:\/\/www.turkaesthetic.com\/wp-content\/uploads\/2023\/12\/Hollywood-smile-before-after-11.webp\" width=\"1200\" height=\"800\" alt=\"emax kaplama \u00f6ncesi ve sonras\u0131\" data-full-image=\"https:\/\/www.turkaesthetic.com\/wp-content\/uploads\/2023\/12\/Hollywood-smile-before-after-11.webp\" data-light-image=\"https:\/\/www.turkaesthetic.com\/wp-content\/uploads\/2023\/12\/Hollywood-smile-before-after-11.webp\" data-id=\"49513\" class=\"wp-image-49513 skip-lazy\"\/><\/div><\/div><\/figure><\/div><\/div><\/li><\/ul><\/div><\/div><\/div><\/div>\n\n\n<h3 class=\"wp-block-heading\">Wie pflegt man E Max Veneers?<\/h3>\n\n\n\n<p>E-Max Veneers ben\u00f6tigen keine besondere Pflege. Mit t\u00e4glichem Z\u00e4hneputzen, Zahnseide und regelm\u00e4\u00dfigen Zahnarztbesuchen k\u00f6nnen sie viele Jahre lang problemlos verwendet werden.<br>Auch das Vermeiden von kratzigen Speisen tr\u00e4gt zur Lebensdauer der Veneers bei.<\/p>\n\n\n\n<h4 class=\"wp-block-heading\">Kosten f\u00fcr E Max Veneers<\/h4>\n\n\n\n<p>Die Preise variieren je nach verwendetem Material, der Erfahrung des Zahnarztes und dem Standort der Klinik. Im Allgemeinen sind E-Max Veneers etwas teurer als Porzellan- und Zirkonium-Veneers. Angesichts ihrer \u00e4sthetischen und langlebigen Ergebnisse sind sie f\u00fcr die meisten Patienten jedoch eine lohnende Investition.<\/p>\n\n\n\n<p>Bei Turk Aesthetic kostet ein E-Max Veneer 190 \u20ac pro Zahn.<\/p>\n\n\n\n<h2 class=\"wp-block-heading\">FAQ \u2013 E Max Veneers<\/h2>\n\n\n<div id=\"rank-math-faq\" class=\"rank-math-block\">\n<div class=\"rank-math-list \">\n<div id=\"faq-question-1756118181771\" class=\"rank-math-list-item\">\n<h3 class=\"rank-math-question \">Sind E-Max Veneers langlebig?<\/h3>\n<div class=\"rank-math-answer \">\n\n<p>Ja, bei korrekter Anwendung und regelm\u00e4\u00dfiger Pflege sind sie viele Jahre haltbar.<\/p>\n\n<\/div>\n<\/div>\n<div id=\"faq-question-1756124180613\" class=\"rank-math-list-item\">\n<h3 class=\"rank-math-question \">Wie viele Tage dauert die Behandlung?<\/h3>\n<div class=\"rank-math-answer \">\n\n<p>Die Fertigstellung dauert in der Regel 5\u20137 Tage.<\/p>\n\n<\/div>\n<\/div>\n<div id=\"faq-question-1756124185317\" class=\"rank-math-list-item\">\n<h3 class=\"rank-math-question \">Sehen sie nat\u00fcrlich aus?<\/h3>\n<div class=\"rank-math-answer \">\n\n<p>Ja, dank ihrer Lichtdurchl\u00e4ssigkeit bieten sie ein besonders nat\u00fcrliches Aussehen, das echten Z\u00e4hnen am n\u00e4chsten kommt.<\/p>\n\n<\/div>\n<\/div>\n<div id=\"faq-question-1756124191082\" class=\"rank-math-list-item\">\n<h3 class=\"rank-math-question \">Ver\u00e4ndert sich ihre Farbe mit der Zeit?<\/h3>\n<div class=\"rank-math-answer \">\n\n<p>Nein, bei richtiger Pflege bleiben sie farbstabil.<\/p>\n\n<\/div>\n<\/div>\n<div id=\"faq-question-1756124195362\" class=\"rank-math-list-item\">\n<h3 class=\"rank-math-question \">K\u00f6nnen sie auf alle Z\u00e4hne aufgetragen werden?<\/h3>\n<div class=\"rank-math-answer \">\n\n<p>Sie werden meist f\u00fcr die Vorderz\u00e4hne bevorzugt. F\u00fcr Backenz\u00e4hne ist eine zahn\u00e4rztliche Beurteilung erforderlich.<\/p>\n\n<\/div>\n<\/div>\n<\/div>\n<\/div>\n\n\n<p><strong>Fazit<\/strong><\/p>\n\n\n\n<p>E-Max-Veneers geh\u00f6ren zu den fortschrittlichsten Veneer-Typen und erf\u00fcllen sowohl \u00e4sthetische als auch funktionelle Anspr\u00fcche. Ihre nat\u00fcrliche Lichtdurchl\u00e4ssigkeit, Haltbarkeit und Biokompatibilit\u00e4t machen sie zu einer hervorragenden Option. Sie eignen sich besonders f\u00fcr Menschen, die sich nat\u00fcrliche, wei\u00dfe und symmetrische Vorderz\u00e4hne f\u00fcr ein perfektes L\u00e4cheln w\u00fcnschen.<\/p>\n\n\n\n<p>F\u00fcr weitere Informationen oder Preisanfragen k\u00f6nnen Sie&nbsp;<a href=\"https:\/\/www.youtube.com\/channel\/UC0zggzdm5CFwpRMmn_CPpFQ\" target=\"_blank\" rel=\"noreferrer noopener\">Turk Aesthetic<\/a>&nbsp;in Istanbul, T\u00fcrkei, \u00fcber die offiziellen Kan\u00e4le&nbsp;<a href=\"https:\/\/www.turkaesthetic.com\/de\/contact-us\/\" target=\"_blank\" rel=\"noreferrer noopener\">kontaktieren<\/a>.<\/p>\n","protected":false},"excerpt":{"rendered":"<p>E Max Veneers z\u00e4hlen zu den modernsten und \u00e4sthetischsten L\u00f6sungen in der Zahnkosmetik. Diese Methode wird besonders von Patienten bevorzugt, die sich ein nat\u00fcrliches Aussehen ihrer Vorderz\u00e4hne w\u00fcnschen. Sie wird aus Lithiumdisilikat-Glaskeramik hergestellt. Dank ihrer Haltbarkeit und Lichtdurchl\u00e4ssigkeit erzielt sie Ergebnisse, die nat\u00fcrlichen Z\u00e4hnen sehr nahe kommen. Sie erfreut sich in der Zahnmedizin weltweit zunehmender [&hellip;]<\/p>\n","protected":false},"author":4,"featured_media":65675,"parent":0,"menu_order":0,"comment_status":"closed","ping_status":"closed","template":"","meta":{"footnotes":""},"dep":[1356],"class_list":["post-65700","page","type-page","status-publish","has-post-thumbnail","hentry","dep-cosmetic-dentistry"],"_links":{"self":[{"href":"https:\/\/www.turkaesthetic.com\/de\/wp-json\/wp\/v2\/pages\/65700","targetHints":{"allow":["GET"]}}],"collection":[{"href":"https:\/\/www.turkaesthetic.com\/de\/wp-json\/wp\/v2\/pages"}],"about":[{"href":"https:\/\/www.turkaesthetic.com\/de\/wp-json\/wp\/v2\/types\/page"}],"author":[{"embeddable":true,"href":"https:\/\/www.turkaesthetic.com\/de\/wp-json\/wp\/v2\/users\/4"}],"replies":[{"embeddable":true,"href":"https:\/\/www.turkaesthetic.com\/de\/wp-json\/wp\/v2\/comments?post=65700"}],"version-history":[{"count":0,"href":"https:\/\/www.turkaesthetic.com\/de\/wp-json\/wp\/v2\/pages\/65700\/revisions"}],"wp:featuredmedia":[{"embeddable":true,"href":"https:\/\/www.turkaesthetic.com\/de\/wp-json\/wp\/v2\/media\/65675"}],"wp:attachment":[{"href":"https:\/\/www.turkaesthetic.com\/de\/wp-json\/wp\/v2\/media?parent=65700"}],"wp:term":[{"taxonomy":"dep","embeddable":true,"href":"https:\/\/www.turkaesthetic.com\/de\/wp-json\/wp\/v2\/dep?post=65700"}],"curies":[{"name":"wp","href":"https:\/\/api.w.org\/{rel}","templated":true}]}}