{"id":65196,"date":"2025-08-01T12:10:06","date_gmt":"2025-08-01T09:10:06","guid":{"rendered":"https:\/\/www.turkaesthetic.com\/?page_id=65196"},"modified":"2025-08-08T15:29:17","modified_gmt":"2025-08-08T12:29:17","slug":"teeth-cleaning","status":"publish","type":"page","link":"https:\/\/www.turkaesthetic.com\/de\/teeth-cleaning\/","title":{"rendered":"Zahnreinigung"},"content":{"rendered":"\n<p><strong>Zahnreinigung<\/strong> ist die Entfernung von Plaque, Zahnstein und Verf\u00e4rbungen aus dem Mundraum mithilfe spezieller Ger\u00e4te durch professionelle Zahn\u00e4rzte. Obwohl oft als \u201eeinfach\u201c angesehen, spielt regelm\u00e4\u00dfige Zahnreinigung eine entscheidende Rolle bei der Vorbeugung von Zahnfleischerkrankungen und Zahnverlust. Dank fortschrittlicher Technologien kann die Zahnsteinreinigung heute schneller, angenehmer und effektiver durchgef\u00fchrt werden.<\/p>\n\n\n\n<h2 class=\"wp-block-heading\">Warum ist eine notwendig?<\/h2>\n\n\n\n<p>Bakterien im Mund f\u00fchren allm\u00e4hlich zur Bildung von Plaque, der sich mit der Zeit zu Zahnstein (auch bekannt als Calculus) auf den Zahnoberfl\u00e4chen verh\u00e4rtet. Diese Ablagerungen k\u00f6nnen folgende Ursachen haben:<\/p>\n\n\n\n<ul class=\"wp-block-list\">\n<li>Zahnfleischentz\u00fcndung (<a href=\"https:\/\/www.turkaesthetic.com\/de\/dentistry-de\/gingivektomi-in-turkey\/\" target=\"_blank\" data-type=\"post\" data-id=\"25167\" rel=\"noreferrer noopener\">Gingivitis<\/a>),<\/li>\n\n\n\n<li>Zahnfleischr\u00fcckgang,<\/li>\n\n\n\n<li>Mundgeruch,<\/li>\n\n\n\n<li>Zahnverlust,<\/li>\n\n\n\n<li>Vergilbung der Zahnoberfl\u00e4che.<\/li>\n\n\n\n<li>Z\u00e4hneputzen und Zahnseide zu Hause k\u00f6nnen diese Bildungen nicht vollst\u00e4ndig verhindern. Hier ist eine professionelle unerl\u00e4sslich.<\/li>\n<\/ul>\n\n\n\n<h2 class=\"wp-block-heading\">Wie wird sie durchgef\u00fchrt?<\/h2>\n\n\n<div id=\"rank-math-howto\" class=\"rank-math-block\" >\n<div class=\"rank-math-howto-description\">\n\n<p>Der Eingriff umfasst in der Regel folgende Schritte:<\/p>\n\n<\/div>\n<p class=\"rank-math-howto-duration\"><strong>Gesamtzeit:<\/strong> <span>15 Minuten<\/span><\/p>\n<div class=\"rank-math-steps \">\n<div id=\"howto-step-1754038907495\" class=\"rank-math-step\">\n<h3 class=\"rank-math-step-title \"><strong>Untersuchung<\/strong><\/h3>\n<div class=\"rank-math-step-content \"><p>Der Zahnarzt oder die Dentalhygienikerin untersucht die Z\u00e4hne.<\/p>\n<\/div>\n<\/div>\n<div id=\"howto-step-1754564079235\" class=\"rank-math-step\">\n<h3 class=\"rank-math-step-title \">Ultraschallreinigung<\/h3>\n<div class=\"rank-math-step-content \"><p>Ultraschallger\u00e4te mit hochfrequenten Vibrationen entfernen grobe Zahnsteinablagerungen.<\/p>\n<\/div>\n<\/div>\n<div id=\"howto-step-1754564086163\" class=\"rank-math-step\">\n<h3 class=\"rank-math-step-title \">Manuelle Reinigung<\/h3>\n<div class=\"rank-math-step-content \"><p>Verbleibende kleine Plaques und Zahnstein werden mit speziellen Handger\u00e4ten entfernt.<\/p>\n<\/div>\n<\/div>\n<div id=\"howto-step-1754564091065\" class=\"rank-math-step\">\n<h3 class=\"rank-math-step-title \">Polieren<\/h3>\n<div class=\"rank-math-step-content \"><p>Die Zahnoberfl\u00e4che wird mit langsam laufenden B\u00fcrsten poliert.<\/p>\n<\/div>\n<\/div>\n<div id=\"howto-step-1754564097285\" class=\"rank-math-step\">\n<h3 class=\"rank-math-step-title \">Fluoridierung<\/h3>\n<div class=\"rank-math-step-content \"><p>Zur St\u00e4rkung des Zahnschmelzes kann ein Fluoridgel aufgetragen werden.<\/p>\n<\/div>\n<\/div>\n<\/div>\n<\/div>\n<p class=\"rank-math-howto-estimatedCost\"><strong>Gesch\u00e4tzte Kosten:<\/strong> <span>50 Euro<\/span><\/p>\n\n\n\n\n\n<figure class=\"wp-block-embed is-type-video is-provider-youtube wp-block-embed-youtube wp-embed-aspect-16-9 wp-has-aspect-ratio\"><div class=\"wp-block-embed__wrapper\">\n<iframe loading=\"lazy\" title=\"Teeth Cleaning - Turk Aesthetic\" width=\"800\" height=\"450\" src=\"https:\/\/www.youtube.com\/embed\/WTg4TjfAHX4?feature=oembed\" frameborder=\"0\" allow=\"accelerometer; autoplay; clipboard-write; encrypted-media; gyroscope; picture-in-picture; web-share\" referrerpolicy=\"strict-origin-when-cross-origin\" allowfullscreen><\/iframe>\n<\/div><\/figure>\n\n\n\n<h4 class=\"wp-block-heading\">Wer sollte eine durchf\u00fchren lassen?<\/h4>\n\n\n\n<ul class=\"wp-block-list\">\n<li>Personen mit Zahnfleischbluten.<\/li>\n\n\n\n<li>Personen mit Mundgeruch.<\/li>\n\n\n\n<li>Personen mit sichtbarem Zahnstein.<\/li>\n\n\n\n<li>Starke Raucher und h\u00e4ufige Kaffee-\/Teetrinker.<\/li>\n\n\n\n<li>Personen in kieferorthop\u00e4discher Behandlung.<\/li>\n\n\n\n<li>Eine Zahnreinigung ist eine vorbeugende Behandlung, die alle 6 Monate empfohlen wird. Da die Zahnsteinbildung jedoch individuell unterschiedlich ist, ben\u00f6tigen manche Patienten eine alle 3 Monate.<\/li>\n<\/ul>\n\n\n\n<h5 class=\"wp-block-heading\">Vorteile<\/h5>\n\n\n\n<ul class=\"wp-block-list\">\n<li>Erh\u00e4lt die Gesundheit des Zahnfleisches.<\/li>\n\n\n\n<li>Reduziert das Risiko von Zahnverlust.<\/li>\n\n\n\n<li>Beugt Mundgeruch vor.<\/li>\n\n\n\n<li>Entfernt oberfl\u00e4chliche Verf\u00e4rbungen und verbessert so die Zahn\u00e4sthetik.<\/li>\n\n\n\n<li>Steigert die Wirksamkeit der h\u00e4uslichen Zahnpflege.<\/li>\n<\/ul>\n\n\n\n<h3 class=\"wp-block-heading\">Vorher und nachher<\/h3>\n\n\n\n<p>Vor der Reinigung k\u00f6nnen die Z\u00e4hne gelblich erscheinen, Zahnsteinbildung aufweisen und gelegentlich bluten. Nach der Reinigung:<\/p>\n\n\n\n<ul class=\"wp-block-list\">\n<li>Die Z\u00e4hne wirken gl\u00e4nzender und glatter.<\/li>\n\n\n\n<li>Das Zahnfleisch wird rosa, und die Blutung nimmt ab.<\/li>\n\n\n\n<li>Ein leichtes Frischegef\u00fchl im Mund ist sp\u00fcrbar.<\/li>\n\n\n\n<li>Eine leichte Empfindlichkeit am ersten Tag ist normal und verschwindet in der Regel schnell.<\/li>\n<\/ul>\n\n\n<style>.kb-gallery-id-65196_e6d9a8-c9 .kadence-blocks-gallery-item .kb-gal-image-radius, .kb-gallery-id-65196_e6d9a8-c9 .kb-slide-item .kb-gal-image-radius img{border-radius:0px 0px 0px 0px;;}.kb-gallery-wrap-id-65196_e6d9a8-c9.wp-block-kadence-advancedgallery{overflow:visible;}.kb-gallery-wrap-id-65196_e6d9a8-c9.wp-block-kadence-advancedgallery .kt-blocks-carousel{overflow:visible;}<\/style><div class=\"kb-gallery-wrap-id-65196_e6d9a8-c9 alignnone wp-block-kadence-advancedgallery\"><div class=\"kb-gallery-ul kb-gallery-non-static kb-gallery-type-slider kb-gallery-id-65196_e6d9a8-c9 kb-gallery-caption-style-bottom-hover kb-gallery-filter-none\" data-image-filter=\"none\" data-lightbox-caption=\"true\"><div class=\"kt-blocks-carousel splide kt-carousel-container-dotstyle-dark kt-carousel-arrowstyle-whiteondark kt-carousel-dotstyle-dark kb-slider-group-arrow kb-slider-arrow-position-center\" data-slider-anim-speed=\"400\" data-slider-scroll=\"1\" data-slider-arrows=\"true\" data-slider-fade=\"true\" data-slider-dots=\"true\" data-slider-type=\"slider\" data-slider-hover-pause=\"false\" data-slider-auto=\"\" data-slider-speed=\"7000\" data-show-pause-button=\"false\"><div class=\"splide__track\"><ul class=\"kt-blocks-carousel-init kb-blocks-slider splide__list\"><li class=\"kb-slide-item kb-gallery-slide-item splide__slide\"><div class=\"kadence-blocks-gallery-item\"><div class=\"kadence-blocks-gallery-item-inner\"><figure class=\"kb-gallery-figure kadence-blocks-gallery-item-hide-caption\"><div class=\"kb-gal-image-radius\"><div class=\"kb-gallery-image-contain kadence-blocks-gallery-intrinsic kb-gallery-image-ratio-land32 kb-has-image-ratio-land32\" ><img loading=\"lazy\" decoding=\"async\" src=\"https:\/\/www.turkaesthetic.com\/wp-content\/uploads\/2023\/11\/before-after-teeth-cleaning-1.jpg\" width=\"1200\" height=\"800\" alt=\"Vor und nach der Zahnreinigung\" data-full-image=\"https:\/\/www.turkaesthetic.com\/wp-content\/uploads\/2023\/11\/before-after-teeth-cleaning-1.jpg\" data-light-image=\"https:\/\/www.turkaesthetic.com\/wp-content\/uploads\/2023\/11\/before-after-teeth-cleaning-1.jpg\" data-id=\"46639\" class=\"wp-image-46639 skip-lazy\"\/><\/div><\/div><\/figure><\/div><\/div><\/li><li class=\"kb-slide-item kb-gallery-slide-item splide__slide\"><div class=\"kadence-blocks-gallery-item\"><div class=\"kadence-blocks-gallery-item-inner\"><figure class=\"kb-gallery-figure kadence-blocks-gallery-item-hide-caption\"><div class=\"kb-gal-image-radius\"><div class=\"kb-gallery-image-contain kadence-blocks-gallery-intrinsic kb-gallery-image-ratio-land32 kb-has-image-ratio-land32\" ><img loading=\"lazy\" decoding=\"async\" src=\"https:\/\/www.turkaesthetic.com\/wp-content\/uploads\/2023\/11\/before-after-teeth-cleaning-2.jpg\" width=\"1200\" height=\"800\" alt=\"Vor und nach der Zahnreinigung\" data-full-image=\"https:\/\/www.turkaesthetic.com\/wp-content\/uploads\/2023\/11\/before-after-teeth-cleaning-2.jpg\" data-light-image=\"https:\/\/www.turkaesthetic.com\/wp-content\/uploads\/2023\/11\/before-after-teeth-cleaning-2.jpg\" data-id=\"46648\" class=\"wp-image-46648 skip-lazy\"\/><\/div><\/div><\/figure><\/div><\/div><\/li><li class=\"kb-slide-item kb-gallery-slide-item splide__slide\"><div class=\"kadence-blocks-gallery-item\"><div class=\"kadence-blocks-gallery-item-inner\"><figure class=\"kb-gallery-figure kadence-blocks-gallery-item-hide-caption\"><div class=\"kb-gal-image-radius\"><div class=\"kb-gallery-image-contain kadence-blocks-gallery-intrinsic kb-gallery-image-ratio-land32 kb-has-image-ratio-land32\" ><img loading=\"lazy\" decoding=\"async\" src=\"https:\/\/www.turkaesthetic.com\/wp-content\/uploads\/2023\/11\/before-after-teeth-cleaning-3.jpg\" width=\"1200\" height=\"800\" alt=\"Vor und nach der Zahnreinigung\" data-full-image=\"https:\/\/www.turkaesthetic.com\/wp-content\/uploads\/2023\/11\/before-after-teeth-cleaning-3.jpg\" data-light-image=\"https:\/\/www.turkaesthetic.com\/wp-content\/uploads\/2023\/11\/before-after-teeth-cleaning-3.jpg\" data-id=\"46657\" class=\"wp-image-46657 skip-lazy\"\/><\/div><\/div><\/figure><\/div><\/div><\/li><li class=\"kb-slide-item kb-gallery-slide-item splide__slide\"><div class=\"kadence-blocks-gallery-item\"><div class=\"kadence-blocks-gallery-item-inner\"><figure class=\"kb-gallery-figure kadence-blocks-gallery-item-hide-caption\"><div class=\"kb-gal-image-radius\"><div class=\"kb-gallery-image-contain kadence-blocks-gallery-intrinsic kb-gallery-image-ratio-land32 kb-has-image-ratio-land32\" ><img loading=\"lazy\" decoding=\"async\" src=\"https:\/\/www.turkaesthetic.com\/wp-content\/uploads\/2023\/11\/before-after-teeth-cleaning-4.jpg\" width=\"1200\" height=\"800\" alt=\"Vor und nach der Zahnreinigung\" data-full-image=\"https:\/\/www.turkaesthetic.com\/wp-content\/uploads\/2023\/11\/before-after-teeth-cleaning-4.jpg\" data-light-image=\"https:\/\/www.turkaesthetic.com\/wp-content\/uploads\/2023\/11\/before-after-teeth-cleaning-4.jpg\" data-id=\"46666\" class=\"wp-image-46666 skip-lazy\"\/><\/div><\/div><\/figure><\/div><\/div><\/li><\/ul><\/div><\/div><\/div><\/div>\n\n\n<h4 class=\"wp-block-heading\">Kosten f\u00fcr Zahnreinigungen im Jahr 2025<\/h4>\n\n\n\n<p>In Istanbul variieren die Kosten f\u00fcr eine Zahnreinigung je nach Klinikstandort, verwendeter Technologie und Fachkompetenz des Zahnarztes:<\/p>\n\n\n\n<p>Standard-: 50 \u20ac<br>Tiefenreinigung des Zahnfleisches (K\u00fcrettage): 75 \u20ac<\/p>\n\n\n\n<h2 class=\"wp-block-heading\">H\u00e4ufig gestellte Fragen<\/h2>\n\n\n<div id=\"rank-math-faq\" class=\"rank-math-block\">\n<div class=\"rank-math-list \">\n<div id=\"faq-question-1754039176908\" class=\"rank-math-list-item\">\n<h3 class=\"rank-math-question \">Sch\u00e4digt eine Zahnreinigung den Zahnschmelz?<\/h3>\n<div class=\"rank-math-answer \">\n\n<p>Nein. Wenn sie mit dem richtigen Ger\u00e4t und von einem erfahrenen Zahnarzt durchgef\u00fchrt wird, schadet sie den Z\u00e4hnen nicht.<\/p>\n\n<\/div>\n<\/div>\n<div id=\"faq-question-1754564212843\" class=\"rank-math-list-item\">\n<h3 class=\"rank-math-question \">Werden meine Z\u00e4hne nach der Reinigung empfindlicher?<\/h3>\n<div class=\"rank-math-answer \">\n\n<p>Es kann vor\u00fcbergehend zu Empfindlichkeit kommen, die aber in der Regel innerhalb von 1\u20132 Tagen abklingt.<\/p>\n\n<\/div>\n<\/div>\n<div id=\"faq-question-1754564217097\" class=\"rank-math-list-item\">\n<h3 class=\"rank-math-question \">Ich rauche \u2013 ist eine Zahnreinigung trotzdem wirksam?<\/h3>\n<div class=\"rank-math-answer \">\n\n<p>Ja, rauchbedingte Verf\u00e4rbungen k\u00f6nnen entfernt werden. F\u00fcr dauerhafte Ergebnisse wird jedoch empfohlen, das Rauchen einzuschr\u00e4nken.<\/p>\n\n<\/div>\n<\/div>\n<div id=\"faq-question-1754564222223\" class=\"rank-math-list-item\">\n<h3 class=\"rank-math-question \">Reicht die h\u00e4usliche Zahnpflege nicht aus?<\/h3>\n<div class=\"rank-math-answer \">\n\n<p>Eine Zahnreinigung zu Hause entfernt nur etwa 70 % des Zahnbelags. Der verbleibende Zahnstein erfordert professionelle Hilfe.<\/p>\n\n<\/div>\n<\/div>\n<div id=\"faq-question-1754564227324\" class=\"rank-math-list-item\">\n<h3 class=\"rank-math-question \">K\u00f6nnen schwangere Frauen eine Zahnreinigung durchf\u00fchren lassen?<\/h3>\n<div class=\"rank-math-answer \">\n\n<p>Ja. Besonders im zweiten Trimester wird sie f\u00fcr ein gesundes Zahnfleisch empfohlen.<\/p>\n\n<\/div>\n<\/div>\n<\/div>\n<\/div>\n\n\n<h2 class=\"wp-block-heading\">Fazit<\/h2>\n\n\n\n<p>Eine Zahnreinigung ist nicht nur ein kosmetischer Eingriff, sondern ein Grundpfeiler langfristiger Mundgesundheit. Mit regelm\u00e4\u00dfiger professioneller Zahnreinigung k\u00f6nnen Sie Zahnfleischerkrankungen vorbeugen, Zahnverlust vermeiden und sich \u00fcber ein ges\u00fcnderes L\u00e4cheln freuen. Wir begr\u00fc\u00dfen Sie in unserer Klinik in Istanbul zu einer angenehmen und effektiven durch unsere erfahrenen Zahn\u00e4rzte.<\/p>\n\n\n\n<p>F\u00fcr weitere Informationen oder Preisanfragen k\u00f6nnen Sie&nbsp;<a href=\"https:\/\/www.youtube.com\/channel\/UC0zggzdm5CFwpRMmn_CPpFQ\" target=\"_blank\" rel=\"noreferrer noopener\">Turk Aesthetic<\/a>&nbsp;in Istanbul, T\u00fcrkei, \u00fcber die offiziellen Kan\u00e4le&nbsp;<a href=\"https:\/\/www.turkaesthetic.com\/de\/contact-us\/\" target=\"_blank\" rel=\"noreferrer noopener\">kontaktieren<\/a>.<br><br><\/p>\n","protected":false},"excerpt":{"rendered":"<p>Zahnreinigung ist die Entfernung von Plaque, Zahnstein und Verf\u00e4rbungen aus dem Mundraum mithilfe spezieller Ger\u00e4te durch professionelle Zahn\u00e4rzte. Obwohl oft als \u201eeinfach\u201c angesehen, spielt regelm\u00e4\u00dfige Zahnreinigung eine entscheidende Rolle bei der Vorbeugung von Zahnfleischerkrankungen und Zahnverlust. Dank fortschrittlicher Technologien kann die Zahnsteinreinigung heute schneller, angenehmer und effektiver durchgef\u00fchrt werden. Warum ist eine notwendig? Bakterien im [&hellip;]<\/p>\n","protected":false},"author":4,"featured_media":64914,"parent":0,"menu_order":0,"comment_status":"closed","ping_status":"closed","template":"","meta":{"footnotes":""},"dep":[1356],"class_list":["post-65196","page","type-page","status-publish","has-post-thumbnail","hentry","dep-cosmetic-dentistry"],"_links":{"self":[{"href":"https:\/\/www.turkaesthetic.com\/de\/wp-json\/wp\/v2\/pages\/65196","targetHints":{"allow":["GET"]}}],"collection":[{"href":"https:\/\/www.turkaesthetic.com\/de\/wp-json\/wp\/v2\/pages"}],"about":[{"href":"https:\/\/www.turkaesthetic.com\/de\/wp-json\/wp\/v2\/types\/page"}],"author":[{"embeddable":true,"href":"https:\/\/www.turkaesthetic.com\/de\/wp-json\/wp\/v2\/users\/4"}],"replies":[{"embeddable":true,"href":"https:\/\/www.turkaesthetic.com\/de\/wp-json\/wp\/v2\/comments?post=65196"}],"version-history":[{"count":0,"href":"https:\/\/www.turkaesthetic.com\/de\/wp-json\/wp\/v2\/pages\/65196\/revisions"}],"wp:featuredmedia":[{"embeddable":true,"href":"https:\/\/www.turkaesthetic.com\/de\/wp-json\/wp\/v2\/media\/64914"}],"wp:attachment":[{"href":"https:\/\/www.turkaesthetic.com\/de\/wp-json\/wp\/v2\/media?parent=65196"}],"wp:term":[{"taxonomy":"dep","embeddable":true,"href":"https:\/\/www.turkaesthetic.com\/de\/wp-json\/wp\/v2\/dep?post=65196"}],"curies":[{"name":"wp","href":"https:\/\/api.w.org\/{rel}","templated":true}]}}