{"id":64970,"date":"2025-07-31T13:11:09","date_gmt":"2025-07-31T10:11:09","guid":{"rendered":"https:\/\/www.turkaesthetic.com\/?page_id=64970"},"modified":"2026-03-15T13:25:19","modified_gmt":"2026-03-15T10:25:19","slug":"all-on-8","status":"publish","type":"page","link":"https:\/\/www.turkaesthetic.com\/de\/all-on-8\/","title":{"rendered":"All on 8 Zahnimplantate"},"content":{"rendered":"\n<p>Die <strong>All on 8 Zahnimplantate <\/strong>ist eine fortschrittliche Behandlungsmethode f\u00fcr Patienten mit vollst\u00e4ndigem Zahnverlust. Dabei werden acht Implantate in einen Kiefer eingesetzt, um eine festsitzende Prothese zu st\u00fctzen. Sie bietet maximale Haltbarkeit und Langlebigkeit. Das System wurde speziell f\u00fcr Patienten mit hohem Knochenvolumen, j\u00fcngere Menschen oder diejenigen entwickelt, die eine langfristige L\u00f6sung suchen.<\/p>\n\n\n\n<p>Dank der prothetischen Struktur, die von acht gleichm\u00e4\u00dfig \u00fcber den Kieferknochen verteilten Titanimplantaten getragen wird, bietet All-on-8 sowohl \u00e4sthetisch als auch funktionell hervorragende Ergebnisse. Ziel dieser Behandlung ist es, eine Kaukraft zu erreichen, die der nat\u00fcrlicher Z\u00e4hne am n\u00e4chsten kommt, und dem Patienten ein komfortables t\u00e4gliches Leben zu erm\u00f6glichen, ohne w\u00e4hrend der Behandlung zahnlos zu bleiben.<\/p>\n\n\n\n<h2 class=\"wp-block-heading\">F\u00fcr wen ist die All on 8 Zahnimplantate geeignet?<\/h2>\n\n\n\n<p>All-on-8 ist m\u00f6glicherweise nicht f\u00fcr jeden geeignet, stellt aber eine ideale Behandlung f\u00fcr folgende Gruppen dar:<\/p>\n\n\n\n<ul class=\"wp-block-list\">\n<li>Personen mit langfristigem Zahnverlust.<\/li>\n\n\n\n<li>Patienten mit ausreichendem Knochenvolumen.<\/li>\n\n\n\n<li>Personen, die keinen herausnehmbaren Zahnersatz w\u00fcnschen.<\/li>\n\n\n\n<li>Personen, die eine hohe Kaukraft w\u00fcnschen.<\/li>\n\n\n\n<li>Patienten, denen \u00c4sthetik und Haltbarkeit gleicherma\u00dfen am Herzen liegen.<\/li>\n\n\n\n<li>F\u00fcr Patienten, die eine langfristige Investition suchen und eine L\u00f6sung w\u00fcnschen, die mit einem einzigen Eingriff jahrelang h\u00e4lt.<\/li>\n<\/ul>\n\n\n\n<figure class=\"wp-block-embed is-type-video is-provider-youtube wp-block-embed-youtube wp-embed-aspect-16-9 wp-has-aspect-ratio\"><div class=\"wp-block-embed__wrapper\">\n<iframe loading=\"lazy\" title=\"Dental Implants in Turkey: 20 Years Guarantee\" width=\"800\" height=\"450\" src=\"https:\/\/www.youtube.com\/embed\/TBysQr_RQJA?feature=oembed\" frameborder=\"0\" allow=\"accelerometer; autoplay; clipboard-write; encrypted-media; gyroscope; picture-in-picture; web-share\" referrerpolicy=\"strict-origin-when-cross-origin\" allowfullscreen><\/iframe>\n<\/div><figcaption class=\"wp-element-caption\">All on 8 Zahnimplantate <\/figcaption><\/figure>\n\n\n\n<hr class=\"wp-block-separator has-alpha-channel-opacity\"\/>\n\n\n\n<h3 class=\"wp-block-heading\"><strong>Wie wird die <strong>All on 8 Zahnimplantate<\/strong> angewendet?<\/strong><\/h3>\n\n\n<div id=\"rank-math-howto\" class=\"rank-math-block\" >\n<div class=\"rank-math-howto-description\">\n\n<p>Behandlungsschritte:<\/p>\n\n<\/div>\n<p class=\"rank-math-howto-duration\"><strong>Gesamtzeit:<\/strong> <span>5 Minuten<\/span><\/p>\n<div class=\"rank-math-steps \">\n<div id=\"howto-step-1753702713122\" class=\"rank-math-step\">\n<h3 class=\"rank-math-step-title \">Erweiterte Untersuchung<br><\/h3>\n<div class=\"rank-math-step-content \"><p>Der Zahnarzt erstellt eine Panoramar\u00f6ntgenaufnahme und eine 3D-Tomographie, um Knochenvolumen, Knochenqualit\u00e4t und Implantationsbereiche zu analysieren.<\/p>\n<\/div>\n<\/div>\n<div id=\"howto-step-1754054044541\" class=\"rank-math-step\">\n<h3 class=\"rank-math-step-title \">Behandlungsplanung<\/h3>\n<div class=\"rank-math-step-content \"><p>Die Implantatpositionen werden anhand der Belastungsverteilung bestimmt. Digitale Simulationen helfen, Fehlertoleranzen zu minimieren.<\/p>\n<\/div>\n<\/div>\n<div id=\"howto-step-1754054049370\" class=\"rank-math-step\">\n<h3 class=\"rank-math-step-title \">Implantation<\/h3>\n<div class=\"rank-math-step-content \"><p>Unter \u00f6rtlicher Bet\u00e4ubung werden acht Implantate in den Kieferknochen eingesetzt. Sie werden gleichm\u00e4\u00dfig \u00fcber den Kiefer verteilt und manchmal durch abgewinkelte Implantate im hinteren Bereich unterst\u00fctzt.<\/p>\n<\/div>\n<\/div>\n<div id=\"howto-step-1754054053478\" class=\"rank-math-step\">\n<h3 class=\"rank-math-step-title \">Provisorische Prothesenversorgung<\/h3>\n<div class=\"rank-math-step-content \"><p>In geeigneten F\u00e4llen werden noch am selben Tag provisorische festsitzende Z\u00e4hne eingesetzt, sodass der Patient seinen Alltag bequem fortsetzen kann.<\/p>\n<\/div>\n<\/div>\n<div id=\"howto-step-1754054059052\" class=\"rank-math-step\">\n<h3 class=\"rank-math-step-title \">Heilungsprozess &amp; bleibende Z\u00e4hne<\/h3>\n<div class=\"rank-math-step-content \"><p>Nach einer 3- bis 4-monatigen Heilungsphase verwachsen die Implantate mit dem Knochen. Anschlie\u00dfend wird individuell angefertigter, dauerhafter festsitzender Zahnersatz mit \u00e4sthetischen und funktionellen Eigenschaften angebracht.<\/p>\n<\/div>\n<\/div>\n<\/div>\n<\/div>\n<p class=\"rank-math-howto-estimatedCost\"><strong>Gesch\u00e4tzte Kosten:<\/strong> <span>360 Euro<\/span><\/p>\n\n\n\n\n\n<h3 class=\"wp-block-heading\">Warum <strong>All on 8 Zahnimplantate<\/strong> w\u00e4hlen?<\/h3>\n\n\n\n<p>Im Gegensatz zu anderen Implantatoptionen sorgt die All-on-8-Implantattechnik f\u00fcr eine optimale Lastverteilung im Kieferknochen. Dies tr\u00e4gt zum langfristigen Erhalt der Knochenstruktur bei und verl\u00e4ngert die Lebensdauer der Prothese.<\/p>\n\n\n\n<p><strong>Vorteile:<\/strong><\/p>\n\n\n\n<ul class=\"wp-block-list\">\n<li>Maximale Stabilit\u00e4t und Haltbarkeit.<\/li>\n\n\n\n<li>Umfassende Kauunterst\u00fctzung.<\/li>\n\n\n\n<li>H\u00f6here Widerstandsf\u00e4higkeit gegen Knochenschwund.<\/li>\n\n\n\n<li>Angenehmes Kaugef\u00fchl, \u00e4hnlich dem nat\u00fcrlicher Z\u00e4hne.<\/li>\n\n\n\n<li>Langlebige L\u00f6sung, insbesondere f\u00fcr \u00e4ltere Patienten.<\/li>\n\n\n\n<li>Hochwertige \u00e4sthetische Ergebnisse mit mehr Implantaten pro Kiefer.<\/li>\n\n\n\n<li>Die Technik kann oft ohne Knochentransplantation durchgef\u00fchrt werden.<\/li>\n<\/ul>\n\n\n\n<hr class=\"wp-block-separator has-alpha-channel-opacity\"\/>\n\n\n\n<h3 class=\"wp-block-heading\">Was Sie nach der <strong>All on 8 Zahnimplantate<\/strong> beachten sollten<\/h3>\n\n\n\n<ul class=\"wp-block-list\">\n<li>In den ersten Tagen nach dem Eingriff sollten Sie nur weiche Lebensmittel zu sich nehmen.<\/li>\n\n\n\n<li>Hygiene ist sehr wichtig: Verwenden Sie spezielle B\u00fcrsten f\u00fcr die Implantatzwischenr\u00e4ume und Mundduschen.<\/li>\n\n\n\n<li>Rauchen und Alkohol k\u00f6nnen den Heilungsprozess verl\u00e4ngern und den Implantaterfolg beeintr\u00e4chtigen.<\/li>\n\n\n\n<li>Kontrolltermine sollten nicht vernachl\u00e4ssigt werden.<\/li>\n\n\n\n<li>Vor dem Einsetzen der endg\u00fcltigen Prothese sollten Sie sehr harte und schalige Lebensmittel meiden.<\/li>\n<\/ul>\n\n\n\n<h4 class=\"wp-block-heading\">\ud83e\uddb7 Vorher und nachher mit <strong>All on 8 Zahnimplantate<\/strong><\/h4>\n\n\n\n<p>Die <a href=\"https:\/\/www.turkaesthetic.com\/de\/dentistry-de\/all-on-8-implants\/\" target=\"_blank\" data-type=\"post\" data-id=\"52478\" rel=\"noreferrer noopener\">All-on-8<\/a>-Implantat-Technik ist eine revolution\u00e4re \u00e4sthetische und funktionelle L\u00f6sung f\u00fcr Menschen ohne Z\u00e4hne oder Unzufriedenheit mit ihrer alten Prothese. Auf dem Bild unten sehen Sie deutlich den Unterschied zwischen vor und nach der Behandlung:<br>Eine starke Kieferstruktur, ausgeglichenes Kauen und ein selbstbewusstes L\u00e4cheln erwarten Sie<\/p>\n\n\n<style>.kb-gallery-id-64970_4aa6bf-81 .kadence-blocks-gallery-item .kb-gal-image-radius, .kb-gallery-id-64970_4aa6bf-81 .kb-slide-item .kb-gal-image-radius img{border-radius:0px 0px 0px 0px;;}.kb-gallery-wrap-id-64970_4aa6bf-81.wp-block-kadence-advancedgallery{overflow:visible;}.kb-gallery-wrap-id-64970_4aa6bf-81.wp-block-kadence-advancedgallery .kt-blocks-carousel{overflow:visible;}<\/style><div class=\"kb-gallery-wrap-id-64970_4aa6bf-81 alignnone wp-block-kadence-advancedgallery\"><div class=\"kb-gallery-ul kb-gallery-non-static kb-gallery-type-slider kb-gallery-id-64970_4aa6bf-81 kb-gallery-caption-style-bottom-hover kb-gallery-filter-none\" data-image-filter=\"none\" data-lightbox-caption=\"true\"><div class=\"kt-blocks-carousel splide kt-carousel-container-dotstyle-dark kt-carousel-arrowstyle-whiteondark kt-carousel-dotstyle-dark kb-slider-group-arrow kb-slider-arrow-position-center\" data-slider-anim-speed=\"400\" data-slider-scroll=\"1\" data-slider-arrows=\"true\" data-slider-fade=\"true\" data-slider-dots=\"true\" data-slider-type=\"slider\" data-slider-hover-pause=\"false\" data-slider-auto=\"\" data-slider-speed=\"7000\" data-show-pause-button=\"false\"><div class=\"splide__track\"><ul class=\"kt-blocks-carousel-init kb-blocks-slider splide__list\"><li class=\"kb-slide-item kb-gallery-slide-item splide__slide\"><div class=\"kadence-blocks-gallery-item\"><div class=\"kadence-blocks-gallery-item-inner\"><figure class=\"kb-gallery-figure kadence-blocks-gallery-item-hide-caption\"><div class=\"kb-gal-image-radius\"><div class=\"kb-gallery-image-contain kadence-blocks-gallery-intrinsic kb-gallery-image-ratio-land32 kb-has-image-ratio-land32\" ><img loading=\"lazy\" decoding=\"async\" src=\"https:\/\/www.turkaesthetic.com\/wp-content\/uploads\/2023\/11\/before-after-dental-implant-4.jpg\" width=\"1200\" height=\"800\" alt=\"Di\u015f implant\u0131 \u00f6ncesi ve sonras\u0131\" data-full-image=\"https:\/\/www.turkaesthetic.com\/wp-content\/uploads\/2023\/11\/before-after-dental-implant-4.jpg\" data-light-image=\"https:\/\/www.turkaesthetic.com\/wp-content\/uploads\/2023\/11\/before-after-dental-implant-4.jpg\" data-id=\"45374\" class=\"wp-image-45374 skip-lazy\"\/><\/div><\/div><\/figure><\/div><\/div><\/li><li class=\"kb-slide-item kb-gallery-slide-item splide__slide\"><div class=\"kadence-blocks-gallery-item\"><div class=\"kadence-blocks-gallery-item-inner\"><figure class=\"kb-gallery-figure kadence-blocks-gallery-item-hide-caption\"><div class=\"kb-gal-image-radius\"><div class=\"kb-gallery-image-contain kadence-blocks-gallery-intrinsic kb-gallery-image-ratio-land32 kb-has-image-ratio-land32\" ><img loading=\"lazy\" decoding=\"async\" src=\"https:\/\/www.turkaesthetic.com\/wp-content\/uploads\/2023\/11\/before-after-dental-implant-3.jpg\" width=\"1200\" height=\"800\" alt=\"Di\u015f implant\u0131 \u00f6ncesi ve sonras\u0131\" data-full-image=\"https:\/\/www.turkaesthetic.com\/wp-content\/uploads\/2023\/11\/before-after-dental-implant-3.jpg\" data-light-image=\"https:\/\/www.turkaesthetic.com\/wp-content\/uploads\/2023\/11\/before-after-dental-implant-3.jpg\" data-id=\"45365\" class=\"wp-image-45365 skip-lazy\"\/><\/div><\/div><\/figure><\/div><\/div><\/li><li class=\"kb-slide-item kb-gallery-slide-item splide__slide\"><div class=\"kadence-blocks-gallery-item\"><div class=\"kadence-blocks-gallery-item-inner\"><figure class=\"kb-gallery-figure kadence-blocks-gallery-item-hide-caption\"><div class=\"kb-gal-image-radius\"><div class=\"kb-gallery-image-contain kadence-blocks-gallery-intrinsic kb-gallery-image-ratio-land32 kb-has-image-ratio-land32\" ><img loading=\"lazy\" decoding=\"async\" src=\"https:\/\/www.turkaesthetic.com\/wp-content\/uploads\/2023\/11\/before-after-dental-implant-2.jpg\" width=\"1200\" height=\"800\" alt=\"Di\u015f implant\u0131 \u00f6ncesi ve sonras\u0131\" data-full-image=\"https:\/\/www.turkaesthetic.com\/wp-content\/uploads\/2023\/11\/before-after-dental-implant-2.jpg\" data-light-image=\"https:\/\/www.turkaesthetic.com\/wp-content\/uploads\/2023\/11\/before-after-dental-implant-2.jpg\" data-id=\"45356\" class=\"wp-image-45356 skip-lazy\"\/><\/div><\/div><\/figure><\/div><\/div><\/li><li class=\"kb-slide-item kb-gallery-slide-item splide__slide\"><div class=\"kadence-blocks-gallery-item\"><div class=\"kadence-blocks-gallery-item-inner\"><figure class=\"kb-gallery-figure kadence-blocks-gallery-item-hide-caption\"><div class=\"kb-gal-image-radius\"><div class=\"kb-gallery-image-contain kadence-blocks-gallery-intrinsic kb-gallery-image-ratio-land32 kb-has-image-ratio-land32\" ><img loading=\"lazy\" decoding=\"async\" src=\"https:\/\/www.turkaesthetic.com\/wp-content\/uploads\/2023\/11\/before-after-dental-implant-1.jpg\" width=\"1200\" height=\"800\" alt=\"Di\u015f implant\u0131 \u00f6ncesi ve sonras\u0131\" data-full-image=\"https:\/\/www.turkaesthetic.com\/wp-content\/uploads\/2023\/11\/before-after-dental-implant-1.jpg\" data-light-image=\"https:\/\/www.turkaesthetic.com\/wp-content\/uploads\/2023\/11\/before-after-dental-implant-1.jpg\" data-id=\"45347\" class=\"wp-image-45347 skip-lazy\"\/><\/div><\/div><\/figure><\/div><\/div><\/li><\/ul><\/div><\/div><\/div><\/div>\n\n\n<hr class=\"wp-block-separator has-alpha-channel-opacity\"\/>\n\n\n\n<h2 class=\"wp-block-heading\">H\u00e4ufig gestellte Fragen \u2013 <strong>All on 8 Zahnimplantate<\/strong><\/h2>\n\n\n<div id=\"rank-math-faq\" class=\"rank-math-block\">\n<div class=\"rank-math-list \">\n<div id=\"faq-question-1753702820957\" class=\"rank-math-list-item\">\n<h3 class=\"rank-math-question \">Wer ist nicht f\u00fcr All-on-8-Implantate geeignet?<\/h3>\n<div class=\"rank-math-answer \">\n\n<p>Die Behandlung wird nicht f\u00fcr Menschen mit stark insuffizientem Knochenvolumen oder unkontrollierten systemischen Erkrankungen empfohlen.<\/p>\n\n<\/div>\n<\/div>\n<div id=\"faq-question-1754054125261\" class=\"rank-math-list-item\">\n<h3 class=\"rank-math-question \">Warum 8 Implantate?<\/h3>\n<div class=\"rank-math-answer \">\n\n<p>Acht Implantate bieten dem festsitzenden Zahnersatz an jeder Stelle starken Halt. Das ist ideal f\u00fcr langfristige Haltbarkeit und maximale Stabilit\u00e4t.<\/p>\n\n<\/div>\n<\/div>\n<div id=\"faq-question-1754054129273\" class=\"rank-math-list-item\">\n<h3 class=\"rank-math-question \">Wie lange dauert die Behandlung?<\/h3>\n<div class=\"rank-math-answer \">\n\n<p>Ein 3- bis 4-t\u00e4giger Aufenthalt in Istanbul reicht f\u00fcr die erste Phase aus. 3-4 Monate sp\u00e4ter m\u00fcssen Sie f\u00fcr die Eingliederung der bleibenden Z\u00e4hne wiederkommen.<\/p>\n\n<\/div>\n<\/div>\n<div id=\"faq-question-1754054133483\" class=\"rank-math-list-item\">\n<h3 class=\"rank-math-question \">Was ist der Unterschied zwischen All-on-8 und All-on-4?<\/h3>\n<div class=\"rank-math-answer \">\n\n<p>Bei All-on-4 werden weniger Implantate verwendet. All-on-8-Implantate st\u00e4rken die Kieferstruktur mit mehr Implantaten und bieten eine stabilere Basis f\u00fcr den Zahnersatz.<\/p>\n\n<\/div>\n<\/div>\n<\/div>\n<\/div>\n\n\n<p>F\u00fcr weitere Informationen oder Preisanfragen k\u00f6nnen Sie\u00a0<a href=\"https:\/\/www.youtube.com\/channel\/UC0zggzdm5CFwpRMmn_CPpFQ\" target=\"_blank\" rel=\"noreferrer noopener\">Turk Aesthetic<\/a>\u00a0in Istanbul, T\u00fcrkei, \u00fcber die offiziellen Kan\u00e4le\u00a0<a href=\"https:\/\/www.turkaesthetic.com\/de\/contact-us\/\" target=\"_blank\" rel=\"noreferrer noopener\">kontaktieren<\/a>.<\/p>\n","protected":false},"excerpt":{"rendered":"<p>Die All on 8 Zahnimplantate ist eine fortschrittliche Behandlungsmethode f\u00fcr Patienten mit vollst\u00e4ndigem Zahnverlust. Dabei werden acht Implantate in einen Kiefer eingesetzt, um eine festsitzende Prothese zu st\u00fctzen. Sie bietet maximale Haltbarkeit und Langlebigkeit. Das System wurde speziell f\u00fcr Patienten mit hohem Knochenvolumen, j\u00fcngere Menschen oder diejenigen entwickelt, die eine langfristige L\u00f6sung suchen. Dank der [&hellip;]<\/p>\n","protected":false},"author":4,"featured_media":64839,"parent":0,"menu_order":0,"comment_status":"closed","ping_status":"closed","template":"","meta":{"footnotes":""},"dep":[1356],"class_list":["post-64970","page","type-page","status-publish","has-post-thumbnail","hentry","dep-cosmetic-dentistry"],"_links":{"self":[{"href":"https:\/\/www.turkaesthetic.com\/de\/wp-json\/wp\/v2\/pages\/64970","targetHints":{"allow":["GET"]}}],"collection":[{"href":"https:\/\/www.turkaesthetic.com\/de\/wp-json\/wp\/v2\/pages"}],"about":[{"href":"https:\/\/www.turkaesthetic.com\/de\/wp-json\/wp\/v2\/types\/page"}],"author":[{"embeddable":true,"href":"https:\/\/www.turkaesthetic.com\/de\/wp-json\/wp\/v2\/users\/4"}],"replies":[{"embeddable":true,"href":"https:\/\/www.turkaesthetic.com\/de\/wp-json\/wp\/v2\/comments?post=64970"}],"version-history":[{"count":1,"href":"https:\/\/www.turkaesthetic.com\/de\/wp-json\/wp\/v2\/pages\/64970\/revisions"}],"predecessor-version":[{"id":71343,"href":"https:\/\/www.turkaesthetic.com\/de\/wp-json\/wp\/v2\/pages\/64970\/revisions\/71343"}],"wp:featuredmedia":[{"embeddable":true,"href":"https:\/\/www.turkaesthetic.com\/de\/wp-json\/wp\/v2\/media\/64839"}],"wp:attachment":[{"href":"https:\/\/www.turkaesthetic.com\/de\/wp-json\/wp\/v2\/media?parent=64970"}],"wp:term":[{"taxonomy":"dep","embeddable":true,"href":"https:\/\/www.turkaesthetic.com\/de\/wp-json\/wp\/v2\/dep?post=64970"}],"curies":[{"name":"wp","href":"https:\/\/api.w.org\/{rel}","templated":true}]}}