{"id":64933,"date":"2025-07-28T14:59:17","date_gmt":"2025-07-28T11:59:17","guid":{"rendered":"https:\/\/www.turkaesthetic.com\/?page_id=64933"},"modified":"2026-03-15T13:17:19","modified_gmt":"2026-03-15T10:17:19","slug":"all-on-6","status":"publish","type":"page","link":"https:\/\/www.turkaesthetic.com\/de\/all-on-6\/","title":{"rendered":"All on 6 Zahnimplantate"},"content":{"rendered":"\n<p>Die <strong>All on 6 Zahnimplantate<\/strong> Technik ist eine fortschrittliche Behandlungsmethode f\u00fcr Patienten mit vollst\u00e4ndigem Zahnverlust. Dabei werden sechs Implantate in einen Kiefer eingesetzt, um einen festsitzenden Zahnersatz zu st\u00fctzen. Im Vergleich zu herk\u00f6mmlichen Zahnersatzl\u00f6sungen ist sie stabiler, \u00e4sthetischer und langlebiger. Die All-on-6-Implantat-Technik wird insbesondere f\u00fcr Patienten ohne fortgeschrittenen Knochenverlust empfohlen, da sie die Kieferstruktur besser st\u00fctzt und die Lebensdauer des festsitzenden Zahnersatzes verl\u00e4ngert.<\/p>\n\n\n\n<p>Bei dieser Methode werden sechs Titanimplantate chirurgisch in den Ober- oder Unterkiefer eingesetzt. Diese Implantate bilden eine stabile Basis f\u00fcr den Zahnersatz. In den meisten F\u00e4llen werden noch am selben Tag provisorische Z\u00e4hne eingesetzt, sodass der Patient seinen Alltag ohne Zahnlosigkeit fortsetzen kann.<\/p>\n\n\n\n<figure class=\"wp-block-embed is-type-video is-provider-youtube wp-block-embed-youtube wp-embed-aspect-16-9 wp-has-aspect-ratio\"><div class=\"wp-block-embed__wrapper\">\n<iframe loading=\"lazy\" title=\"Dental Implants in Turkey: 20 Years Guarantee\" width=\"800\" height=\"450\" src=\"https:\/\/www.youtube.com\/embed\/TBysQr_RQJA?feature=oembed\" frameborder=\"0\" allow=\"accelerometer; autoplay; clipboard-write; encrypted-media; gyroscope; picture-in-picture; web-share\" referrerpolicy=\"strict-origin-when-cross-origin\" allowfullscreen><\/iframe>\n<\/div><figcaption class=\"wp-element-caption\"><strong>All on 6 Zahnimplantate<\/strong><\/figcaption><\/figure>\n\n\n\n<hr class=\"wp-block-separator has-alpha-channel-opacity\"\/>\n\n\n\n<h3 class=\"wp-block-heading\">F\u00fcr wen ist die All on 6 Zahnimplantate-Technik geeignet?<\/h3>\n\n\n\n<ul class=\"wp-block-list\">\n<li>Patienten, die alle Z\u00e4hne verloren haben.<\/li>\n\n\n\n<li>Patienten, die sich feste Z\u00e4hne w\u00fcnschen, f\u00fcr die aber eine Vollimplantation nicht in Frage kommt.<\/li>\n\n\n\n<li>Patienten, die mit herausnehmbarem Zahnersatz unzufrieden sind.<\/li>\n\n\n\n<li>Patienten mit ausreichend Knochenvolumen.<\/li>\n\n\n\n<li>Patienten, die sich aus \u00e4sthetischen Gr\u00fcnden ein nat\u00fcrlich aussehendes, festes L\u00e4cheln w\u00fcnschen.<\/li>\n\n\n\n<li>Patienten, die eine langfristige L\u00f6sung zur Verbesserung ihrer Lebensqualit\u00e4t suchen.<\/li>\n\n\n\n<li>Die <a href=\"https:\/\/www.turkaesthetic.com\/de\/dentistry-de\/all-on-6-dental-implants\/\" target=\"_blank\" data-type=\"post\" data-id=\"52783\" rel=\"noreferrer noopener\">All-on-6<\/a>-Implantat-Technik bietet Patienten mit geeigneter Kieferknochenstruktur eine sicherere und praktischere Alternative zu herk\u00f6mmlichen Implantaten.<\/li>\n<\/ul>\n\n\n\n<h3 class=\"wp-block-heading\">Verfahrensschritte f\u00fcr All on 6 Zahnimplantate<\/h3>\n\n\n<div id=\"rank-math-howto\" class=\"rank-math-block\" >\n<div class=\"rank-math-howto-description\">\n\n<p>Die Schritte der All-on-6-Implantat-Technik sind wie folgt:<\/p>\n\n<\/div>\n<p class=\"rank-math-howto-duration\"><strong>Gesamtzeit:<\/strong> <span>5 Minuten<\/span><\/p>\n<div class=\"rank-math-steps \">\n<div id=\"howto-step-1753701693683\" class=\"rank-math-step\">\n<h3 class=\"rank-math-step-title \">Untersuchung und digitale Planung<\/h3>\n<div class=\"rank-math-step-content \"><p>Der Kieferknochen wird mittels 3D-Tomographie analysiert. Die Implantationspunkte werden bestimmt.<\/p>\n<\/div>\n<\/div>\n<div id=\"howto-step-1754041286430\" class=\"rank-math-step\">\n<h3 class=\"rank-math-step-title \">Implantatsetzung<\/h3>\n<div class=\"rank-math-step-content \"><p>Wird unter \u00f6rtlicher Bet\u00e4ubung durchgef\u00fchrt, um den Patientenkomfort zu gew\u00e4hrleisten. Sechs Implantate werden vorsichtig in den Kiefer eingesetzt. Bei Bedarf k\u00f6nnen einige Implantate schr\u00e4g positioniert werden.<\/p>\n<\/div>\n<\/div>\n<div id=\"howto-step-1754041291705\" class=\"rank-math-step\">\n<h3 class=\"rank-math-step-title \">Provisorische feste Z\u00e4hne<\/h3>\n<div class=\"rank-math-step-content \"><p>Am ersten Tag werden provisorische Prothesen eingesetzt, damit der Patient seinen Alltag mit festen Z\u00e4hnen wieder aufnehmen kann.<\/p>\n<\/div>\n<\/div>\n<div id=\"howto-step-1754041297244\" class=\"rank-math-step\">\n<h3 class=\"rank-math-step-title \">Heilungsprozess und bleibende Z\u00e4hne<\/h3>\n<div class=\"rank-math-step-content \"><p>Implantate verwachsen innerhalb von 3\u20134 Monaten mit dem Knochen. Anschlie\u00dfend werden speziell entwickelte permanente feste Z\u00e4hne aus Porzellan oder Zirkonium eingesetzt.<\/p>\n<\/div>\n<\/div>\n<\/div>\n<\/div>\n<p class=\"rank-math-howto-estimatedCost\"><strong>Gesch\u00e4tzte Kosten:<\/strong> <span>360 Euro<\/span><\/p>\n\n\n\n\n\n<h4 class=\"wp-block-heading\">Warum All on 6 Zahnimplantate w\u00e4hlen?<\/h4>\n\n\n\n<p>Die All-on-6-Implantattechnik bietet gegen\u00fcber herk\u00f6mmlichen Methoden mehrere Vorteile:<\/p>\n\n\n\n<ul class=\"wp-block-list\">\n<li>Bessere Unterst\u00fctzung: Sechs Implantate verteilen die Kaukr\u00e4fte gleichm\u00e4\u00dfiger und sorgen f\u00fcr eine stabilere Struktur.<\/li>\n\n\n\n<li>Hohe Haltbarkeit: Die Prothese bleibt viele Jahre lang stabil und funktionsf\u00e4hig.<\/li>\n\n\n\n<li>Nat\u00fcrliches Aussehen: Das \u00e4sthetische Design imitiert den nat\u00fcrlichen Zahnfleischrand.<\/li>\n\n\n\n<li>Z\u00e4hne am selben Tag: Provisorische feste Z\u00e4hne werden am selben Tag wie der Eingriff eingesetzt.<\/li>\n\n\n\n<li>Verbesserter Sprech- und Kaukomfort: Die Prothese verrutscht nicht.<\/li>\n\n\n\n<li>Abschied von herausnehmbarem Zahnersatz: Keine Haftmittel oder t\u00e4gliches Herausnehmen erforderlich.<\/li>\n\n\n\n<li>Langanhaltende Ergebnisse: Bei richtiger Pflege kann All on 6 ein Leben lang halten.<\/li>\n<\/ul>\n\n\n\n<hr class=\"wp-block-separator has-alpha-channel-opacity\"\/>\n\n\n\n<h5 class=\"wp-block-heading\">Nachbehandlung bei All on 6 Zahnimplantate<\/h5>\n\n\n\n<ul class=\"wp-block-list\">\n<li>Essen Sie in der ersten Woche weiche, lauwarme Speisen.<\/li>\n\n\n\n<li>Sorgen Sie f\u00fcr eine ausgezeichnete Mundhygiene mit Interdentalb\u00fcrsten und Mundduschen.<\/li>\n\n\n\n<li>Vermeiden Sie Alkohol und Rauchen, da diese die Heilung verlangsamen k\u00f6nnen.<\/li>\n\n\n\n<li>Befolgen Sie die Reinigungs- und Pflegeanweisungen Ihres Zahnarztes genau.<\/li>\n\n\n\n<li>Vers\u00e4umen Sie keine Nachsorgetermine.<\/li>\n\n\n\n<li>Vermeiden Sie harte Speisen, bis der dauerhafte Zahnersatz eingesetzt ist.<\/li>\n<\/ul>\n\n\n\n<h3 class=\"wp-block-heading\">\ud83e\uddb7 Vorher &amp; Nachher \u2013 All on 6 Zahnimplantate<\/h3>\n\n\n\n<p>Dank All-on-6 dauert der \u00dcbergang von einem zahnlosen L\u00e4cheln zu einem sch\u00f6nen, festen Gebiss nur wenige Tage.<br>Sie k\u00f6nnen die dramatische Verwandlung auf dem Bild unten sehen:<br>Ein st\u00e4rkerer Kiefer, ein nat\u00fcrlicheres L\u00e4cheln und ein deutliches Plus an Wohlbefinden und Selbstvertrauen.<\/p>\n\n\n<style>.kb-gallery-id-64933_6e1f44-5f .kadence-blocks-gallery-item .kb-gal-image-radius, .kb-gallery-id-64933_6e1f44-5f .kb-slide-item .kb-gal-image-radius img{border-radius:0px 0px 0px 0px;;}.kb-gallery-wrap-id-64933_6e1f44-5f.wp-block-kadence-advancedgallery{overflow:visible;}.kb-gallery-wrap-id-64933_6e1f44-5f.wp-block-kadence-advancedgallery .kt-blocks-carousel{overflow:visible;}<\/style><div class=\"kb-gallery-wrap-id-64933_6e1f44-5f alignnone wp-block-kadence-advancedgallery\"><div class=\"kb-gallery-ul kb-gallery-non-static kb-gallery-type-slider kb-gallery-id-64933_6e1f44-5f kb-gallery-caption-style-bottom-hover kb-gallery-filter-none\" data-image-filter=\"none\" data-lightbox-caption=\"true\"><div class=\"kt-blocks-carousel splide kt-carousel-container-dotstyle-dark kt-carousel-arrowstyle-whiteondark kt-carousel-dotstyle-dark kb-slider-group-arrow kb-slider-arrow-position-center\" data-slider-anim-speed=\"400\" data-slider-scroll=\"1\" data-slider-arrows=\"true\" data-slider-fade=\"true\" data-slider-dots=\"true\" data-slider-type=\"slider\" data-slider-hover-pause=\"false\" data-slider-auto=\"\" data-slider-speed=\"7000\" data-show-pause-button=\"false\"><div class=\"splide__track\"><ul class=\"kt-blocks-carousel-init kb-blocks-slider splide__list\"><li class=\"kb-slide-item kb-gallery-slide-item splide__slide\"><div class=\"kadence-blocks-gallery-item\"><div class=\"kadence-blocks-gallery-item-inner\"><figure class=\"kb-gallery-figure kadence-blocks-gallery-item-hide-caption\"><div class=\"kb-gal-image-radius\"><div class=\"kb-gallery-image-contain kadence-blocks-gallery-intrinsic kb-gallery-image-ratio-land32 kb-has-image-ratio-land32\" ><img loading=\"lazy\" decoding=\"async\" src=\"https:\/\/www.turkaesthetic.com\/wp-content\/uploads\/2023\/11\/before-after-dental-implant-4.jpg\" width=\"1200\" height=\"800\" alt=\"Di\u015f implant\u0131 \u00f6ncesi ve sonras\u0131\" data-full-image=\"https:\/\/www.turkaesthetic.com\/wp-content\/uploads\/2023\/11\/before-after-dental-implant-4.jpg\" data-light-image=\"https:\/\/www.turkaesthetic.com\/wp-content\/uploads\/2023\/11\/before-after-dental-implant-4.jpg\" data-id=\"45374\" class=\"wp-image-45374 skip-lazy\"\/><\/div><\/div><\/figure><\/div><\/div><\/li><li class=\"kb-slide-item kb-gallery-slide-item splide__slide\"><div class=\"kadence-blocks-gallery-item\"><div class=\"kadence-blocks-gallery-item-inner\"><figure class=\"kb-gallery-figure kadence-blocks-gallery-item-hide-caption\"><div class=\"kb-gal-image-radius\"><div class=\"kb-gallery-image-contain kadence-blocks-gallery-intrinsic kb-gallery-image-ratio-land32 kb-has-image-ratio-land32\" ><img loading=\"lazy\" decoding=\"async\" src=\"https:\/\/www.turkaesthetic.com\/wp-content\/uploads\/2023\/11\/before-after-dental-implant-3.jpg\" width=\"1200\" height=\"800\" alt=\"Di\u015f implant\u0131 \u00f6ncesi ve sonras\u0131\" data-full-image=\"https:\/\/www.turkaesthetic.com\/wp-content\/uploads\/2023\/11\/before-after-dental-implant-3.jpg\" data-light-image=\"https:\/\/www.turkaesthetic.com\/wp-content\/uploads\/2023\/11\/before-after-dental-implant-3.jpg\" data-id=\"45365\" class=\"wp-image-45365 skip-lazy\"\/><\/div><\/div><\/figure><\/div><\/div><\/li><li class=\"kb-slide-item kb-gallery-slide-item splide__slide\"><div class=\"kadence-blocks-gallery-item\"><div class=\"kadence-blocks-gallery-item-inner\"><figure class=\"kb-gallery-figure kadence-blocks-gallery-item-hide-caption\"><div class=\"kb-gal-image-radius\"><div class=\"kb-gallery-image-contain kadence-blocks-gallery-intrinsic kb-gallery-image-ratio-land32 kb-has-image-ratio-land32\" ><img loading=\"lazy\" decoding=\"async\" src=\"https:\/\/www.turkaesthetic.com\/wp-content\/uploads\/2023\/11\/before-after-dental-implant-2.jpg\" width=\"1200\" height=\"800\" alt=\"Di\u015f implant\u0131 \u00f6ncesi ve sonras\u0131\" data-full-image=\"https:\/\/www.turkaesthetic.com\/wp-content\/uploads\/2023\/11\/before-after-dental-implant-2.jpg\" data-light-image=\"https:\/\/www.turkaesthetic.com\/wp-content\/uploads\/2023\/11\/before-after-dental-implant-2.jpg\" data-id=\"45356\" class=\"wp-image-45356 skip-lazy\"\/><\/div><\/div><\/figure><\/div><\/div><\/li><li class=\"kb-slide-item kb-gallery-slide-item splide__slide\"><div class=\"kadence-blocks-gallery-item\"><div class=\"kadence-blocks-gallery-item-inner\"><figure class=\"kb-gallery-figure kadence-blocks-gallery-item-hide-caption\"><div class=\"kb-gal-image-radius\"><div class=\"kb-gallery-image-contain kadence-blocks-gallery-intrinsic kb-gallery-image-ratio-land32 kb-has-image-ratio-land32\" ><img loading=\"lazy\" decoding=\"async\" src=\"https:\/\/www.turkaesthetic.com\/wp-content\/uploads\/2023\/11\/before-after-dental-implant-1.jpg\" width=\"1200\" height=\"800\" alt=\"Di\u015f implant\u0131 \u00f6ncesi ve sonras\u0131\" data-full-image=\"https:\/\/www.turkaesthetic.com\/wp-content\/uploads\/2023\/11\/before-after-dental-implant-1.jpg\" data-light-image=\"https:\/\/www.turkaesthetic.com\/wp-content\/uploads\/2023\/11\/before-after-dental-implant-1.jpg\" data-id=\"45347\" class=\"wp-image-45347 skip-lazy\"\/><\/div><\/div><\/figure><\/div><\/div><\/li><\/ul><\/div><\/div><\/div><\/div>\n\n\n<hr class=\"wp-block-separator has-alpha-channel-opacity\"\/>\n\n\n\n<h2 class=\"wp-block-heading\">H\u00e4ufig gestellte Fragen \u2013 All on 6 Zahnimplantate<\/h2>\n\n\n<div id=\"rank-math-faq\" class=\"rank-math-block\">\n<div class=\"rank-math-list \">\n<div id=\"faq-question-1753701866213\" class=\"rank-math-list-item\">\n<h3 class=\"rank-math-question \">Ist All-on-6 ein schmerzhafter Eingriff?<\/h3>\n<div class=\"rank-math-answer \">\n\n<p>Nein. Er wird unter \u00f6rtlicher Bet\u00e4ubung durchgef\u00fchrt und ist schmerzfrei. Leichte Empfindlichkeit kann auftreten.<\/p>\n\n<\/div>\n<\/div>\n<div id=\"faq-question-1754041362600\" class=\"rank-math-list-item\">\n<h3 class=\"rank-math-question \">Wie viele Implantate werden ben\u00f6tigt?<\/h3>\n<div class=\"rank-math-answer \">\n\n<p>In der Regel werden sechs Implantate pro Kiefer eingesetzt. Die Anzahl kann je nach Einsch\u00e4tzung Ihres Zahnarztes variieren.<\/p>\n\n<\/div>\n<\/div>\n<div id=\"faq-question-1754041369301\" class=\"rank-math-list-item\">\n<h3 class=\"rank-math-question \">Wie lange dauert die Behandlung?<\/h3>\n<div class=\"rank-math-answer \">\n\n<p>Die erste Phase dauert etwa 2\u20133 Tage. Die bleibenden Z\u00e4hne werden nach 3\u20134 Monaten eingesetzt.<\/p>\n\n<\/div>\n<\/div>\n<div id=\"faq-question-1754041374113\" class=\"rank-math-list-item\">\n<h3 class=\"rank-math-question \">Ist die Behandlung f\u00fcr jeden geeignet?<\/h3>\n<div class=\"rank-math-answer \">\n\n<p>Ja, f\u00fcr Patienten mit gutem Allgemeinzustand und ausreichend Kieferknochen.<\/p>\n\n<\/div>\n<\/div>\n<div id=\"faq-question-1754041379413\" class=\"rank-math-list-item\">\n<h3 class=\"rank-math-question \">Was ist der Unterschied zu All-on-4?<\/h3>\n<div class=\"rank-math-answer \">\n\n<p>Bei All-on-6 werden mehr Implantate f\u00fcr zus\u00e4tzlichen Halt verwendet, was zu einer stabileren und langlebigeren Prothese f\u00fchrt.<\/p>\n\n<\/div>\n<\/div>\n<\/div>\n<\/div>\n\n\n<p>F\u00fcr weitere Informationen oder Preisanfragen k\u00f6nnen Sie\u00a0<a href=\"https:\/\/www.youtube.com\/channel\/UC0zggzdm5CFwpRMmn_CPpFQ\" target=\"_blank\" rel=\"noreferrer noopener\">Turk Aesthetic<\/a>\u00a0in Istanbul, T\u00fcrkei, \u00fcber die offiziellen Kan\u00e4le\u00a0<a href=\"https:\/\/www.turkaesthetic.com\/de\/contact-us\/\" target=\"_blank\" rel=\"noreferrer noopener\">kontaktieren<\/a>.<\/p>\n","protected":false},"excerpt":{"rendered":"<p>Die All on 6 Zahnimplantate Technik ist eine fortschrittliche Behandlungsmethode f\u00fcr Patienten mit vollst\u00e4ndigem Zahnverlust. Dabei werden sechs Implantate in einen Kiefer eingesetzt, um einen festsitzenden Zahnersatz zu st\u00fctzen. Im Vergleich zu herk\u00f6mmlichen Zahnersatzl\u00f6sungen ist sie stabiler, \u00e4sthetischer und langlebiger. Die All-on-6-Implantat-Technik wird insbesondere f\u00fcr Patienten ohne fortgeschrittenen Knochenverlust empfohlen, da sie die Kieferstruktur besser [&hellip;]<\/p>\n","protected":false},"author":4,"featured_media":64759,"parent":0,"menu_order":0,"comment_status":"closed","ping_status":"closed","template":"","meta":{"footnotes":""},"dep":[1356],"class_list":["post-64933","page","type-page","status-publish","has-post-thumbnail","hentry","dep-cosmetic-dentistry"],"_links":{"self":[{"href":"https:\/\/www.turkaesthetic.com\/de\/wp-json\/wp\/v2\/pages\/64933","targetHints":{"allow":["GET"]}}],"collection":[{"href":"https:\/\/www.turkaesthetic.com\/de\/wp-json\/wp\/v2\/pages"}],"about":[{"href":"https:\/\/www.turkaesthetic.com\/de\/wp-json\/wp\/v2\/types\/page"}],"author":[{"embeddable":true,"href":"https:\/\/www.turkaesthetic.com\/de\/wp-json\/wp\/v2\/users\/4"}],"replies":[{"embeddable":true,"href":"https:\/\/www.turkaesthetic.com\/de\/wp-json\/wp\/v2\/comments?post=64933"}],"version-history":[{"count":1,"href":"https:\/\/www.turkaesthetic.com\/de\/wp-json\/wp\/v2\/pages\/64933\/revisions"}],"predecessor-version":[{"id":71334,"href":"https:\/\/www.turkaesthetic.com\/de\/wp-json\/wp\/v2\/pages\/64933\/revisions\/71334"}],"wp:featuredmedia":[{"embeddable":true,"href":"https:\/\/www.turkaesthetic.com\/de\/wp-json\/wp\/v2\/media\/64759"}],"wp:attachment":[{"href":"https:\/\/www.turkaesthetic.com\/de\/wp-json\/wp\/v2\/media?parent=64933"}],"wp:term":[{"taxonomy":"dep","embeddable":true,"href":"https:\/\/www.turkaesthetic.com\/de\/wp-json\/wp\/v2\/dep?post=64933"}],"curies":[{"name":"wp","href":"https:\/\/api.w.org\/{rel}","templated":true}]}}