{"id":64853,"date":"2025-07-26T13:09:01","date_gmt":"2025-07-26T10:09:01","guid":{"rendered":"https:\/\/www.turkaesthetic.com\/?page_id=64853"},"modified":"2025-08-04T15:06:38","modified_gmt":"2025-08-04T12:06:38","slug":"all-on-4","status":"publish","type":"page","link":"https:\/\/www.turkaesthetic.com\/de\/all-on-4\/","title":{"rendered":"All on 4 Implantat"},"content":{"rendered":"\n<p>Die <strong>All on 4 Implantat <\/strong>-Technik ist eine innovative Behandlungsmethode, die speziell f\u00fcr Patienten mit vollst\u00e4ndigem Zahnverlust entwickelt wurde. Bei dieser Methode wird mit nur vier Implantaten ein festsitzender Zahnersatz in einem einzelnen Kiefer eingesetzt. Im Vergleich zu herk\u00f6mmlichen Implantatbehandlungen ist dieses System deutlich schneller, kosteng\u00fcnstiger und komfortabler. Es ist eine hervorragende L\u00f6sung, insbesondere f\u00fcr Patienten mit Knochenschwund oder Patienten, die mit herausnehmbarem Zahnersatz unzufrieden sind.<\/p>\n\n\n\n<p>In einer einzigen chirurgischen Sitzung werden vier Titanimplantate in den Kiefer eingesetzt. Diese Implantate bilden die Grundlage f\u00fcr einen festsitzenden und \u00e4sthetischen Zahnersatz. Provisorische Z\u00e4hne werden noch am selben Tag eingesetzt, sodass der Patient nicht zahnlos bleibt.<\/p>\n\n\n\n<h2 class=\"wp-block-heading\">F\u00fcr wen ist die All on 4 Implantat Technik geeignet?<\/h2>\n\n\n\n<ul class=\"wp-block-list\">\n<li>Personen mit vollst\u00e4ndigem Zahnverlust.<\/li>\n\n\n\n<li>Personen mit ausreichend Knochenvolumen im Ober- oder Unterkiefer.<\/li>\n\n\n\n<li>Patienten, die mit herausnehmbarem Zahnersatz unzufrieden sind.<\/li>\n\n\n\n<li>Patienten, die wenig Zeit haben und eine schnelle L\u00f6sung w\u00fcnschen.<\/li>\n\n\n\n<li>F\u00e4lle, in denen eine Knochentransplantation f\u00fcr konventionelle Implantate empfohlen wird.<\/li>\n\n\n\n<li>Diese Behandlung ist ideal f\u00fcr alle, die sich \u00e4sthetische und funktionale Z\u00e4hne an nur einem Tag w\u00fcnschen, ohne zeitaufw\u00e4ndige chirurgische Eingriffe.<\/li>\n<\/ul>\n\n\n\n<h3 class=\"wp-block-heading\">\u201eWie bekommt man mit der All on 4 Implantat Technik an nur einem Tag feste Z\u00e4hne?\u201c<\/h3>\n\n\n\n<p>Im folgenden Video k\u00f6nnen Sie alle Schritte der All on 4 Implantat-Behandlung im Detail verfolgen. Der Untersuchungsablauf, die Implantation, die Befestigung provisorischer Z\u00e4hne und der \u00dcbergang zu dauerhaft festen Z\u00e4hnen werden anschaulich erkl\u00e4rt. Dar\u00fcber hinaus enth\u00e4lt das Video die w\u00e4hrend des Eingriffs verwendeten Technologien, Patientenberichte und die Erkl\u00e4rungen des Arztes zum Ablauf. Wenn Sie nach einer dauerhaften, \u00e4sthetischen und komfortablen L\u00f6sung f\u00fcr Zahnverlust suchen, ist dieses Video die ideale Quelle, um die Behandlung genauer kennenzulernen. <\/p>\n\n\n\n<p>Sehen Sie sich jetzt das Video an und erfahren Sie mehr \u00fcber die Erfahrungsberichte echter Patienten und alle Details des Behandlungsablaufs! proceso. Si busca una soluci\u00f3n permanente, est\u00e9tica y c\u00f3moda para la p\u00e9rdida de dientes, este video es ideal para conocer el tratamiento m\u00e1s de cerca. \u00a1Vea ahora para ver experiencias reales de pacientes y cada detalle del proceso!<\/p>\n\n\n\n<figure class=\"wp-block-embed is-type-video is-provider-youtube wp-block-embed-youtube wp-embed-aspect-16-9 wp-has-aspect-ratio\"><div class=\"wp-block-embed__wrapper\">\n<iframe loading=\"lazy\" title=\"Dental Implants in Turkey: 20 Years Guarantee\" width=\"800\" height=\"450\" src=\"https:\/\/www.youtube.com\/embed\/TBysQr_RQJA?feature=oembed\" frameborder=\"0\" allow=\"accelerometer; autoplay; clipboard-write; encrypted-media; gyroscope; picture-in-picture; web-share\" referrerpolicy=\"strict-origin-when-cross-origin\" allowfullscreen><\/iframe>\n<\/div><figcaption class=\"wp-element-caption\">All on 4 Implantat <\/figcaption><\/figure>\n\n\n\n<hr class=\"wp-block-separator has-alpha-channel-opacity\"\/>\n\n\n\n<h3 class=\"wp-block-heading\"><strong>Wie wird es angewendet?<\/strong><\/h3>\n\n\n<div id=\"rank-math-howto\" class=\"rank-math-block\" >\n<div class=\"rank-math-howto-description\">\n\n<p>Die Behandlungsschritte sind wie folgt:<\/p>\n\n<\/div>\n<p class=\"rank-math-howto-duration\"><strong>Gesamtzeit:<\/strong> <span>10 Minuten<\/span><\/p>\n<div class=\"rank-math-steps \">\n<div id=\"howto-step-1753522438757\" class=\"rank-math-step\">\n<h3 class=\"rank-math-step-title \">Vor dem Eingriff<\/h3>\n<div class=\"rank-math-step-content \"><p>Detaillierte Untersuchung und 3D-Bildgebung: Ihr Zahnarzt untersucht Ihren Mundinnenraum und erstellt eine digitale Tomographie (3D-R\u00f6ntgenbild), um den Zustand Ihres Kieferknochens zu beurteilen.<br \/>Behandlungsplanung: Die Bereiche und Winkel f\u00fcr die Implantation werden mithilfe einer speziellen Software geplant.<\/p>\n<\/div>\n<\/div>\n<div id=\"howto-step-1753958832074\" class=\"rank-math-step\">\n<h3 class=\"rank-math-step-title \">W\u00e4hrend des Eingriffs<\/h3>\n<div class=\"rank-math-step-content \"><p>Chirurgischer Eingriff: In der Regel unter \u00f6rtlicher Bet\u00e4ubung werden insgesamt vier Implantate eingesetzt (zwei im Vorder- und zwei im Hinterkiefer). Die hinteren Implantate werden schr\u00e4g platziert, um die Knochenunterst\u00fctzung zu maximieren.<br \/>Provisorische festsitzende Z\u00e4hne: Am selben Tag erh\u00e4lt der Patient eine provisorische festsitzende Prothese. So kann er sein Leben fortsetzen, ohne zahnlos zu sein.<\/p>\n<\/div>\n<\/div>\n<div id=\"howto-step-1753958844964\" class=\"rank-math-step\">\n<h3 class=\"rank-math-step-title \">Nach dem Eingriff<\/h3>\n<div class=\"rank-math-step-content \"><p>Einsetzen der permanenten Prothese: Nach 3\u20134 Monaten, wenn die Implantate vollst\u00e4ndig mit dem Knochen verwachsen sind, werden \u00e4sthetisch und funktionell perfekte, dauerhaft festsitzende Z\u00e4hne eingesetzt.<\/p>\n<\/div>\n<\/div>\n<\/div>\n<\/div>\n<p class=\"rank-math-howto-estimatedCost\"><strong>Gesch\u00e4tzte Kosten:<\/strong> <span>360 Euro<\/span><\/p>\n\n\n\n\n\n<h4 class=\"wp-block-heading\">Warum All on 4 Implantate?<\/h4>\n\n\n\n<p>Die All-on-4-Implantatbehandlung sorgt nicht nur f\u00fcr ein \u00e4sthetisches L\u00e4cheln, sondern gibt Ihnen auch mehr Komfort im Alltag:<\/p>\n\n\n\n<ul class=\"wp-block-list\">\n<li>Feste Z\u00e4hne an einem Tag: Sowohl Implantate als auch provisorische Z\u00e4hne werden am selben Tag eingesetzt.<\/li>\n\n\n\n<li>Weniger Implantate, kosteng\u00fcnstigere Behandlung: Nur 4 Implantate statt 8\u201310.<\/li>\n\n\n\n<li>Knochenaufbau ist oft unn\u00f6tig: Die abgewinkelte Implantation reduziert den Bedarf an zus\u00e4tzlichen chirurgischen Eingriffen.<\/li>\n\n\n\n<li>Zeitsparend: Schnellere Ergebnisse.<\/li>\n\n\n\n<li>Einfachere Reinigung: Hygienisch konzipiert.<\/li>\n\n\n\n<li>Hohe Patientenzufriedenheit: Verbessertes Kauen, Sprechen und eine verbesserte \u00c4sthetik des L\u00e4chelns.<\/li>\n<\/ul>\n\n\n\n<h5 class=\"wp-block-heading\">Nachbehandlung bei All-on-4-Implantaten<\/h5>\n\n\n\n<ul class=\"wp-block-list\">\n<li>Beschr\u00e4nken Sie sich in den ersten Tagen auf weiche Kost.<\/li>\n\n\n\n<li>Sorgen Sie f\u00fcr eine gute Mundhygiene mit speziellen Zahnb\u00fcrsten und Interdentalb\u00fcrsten.<\/li>\n\n\n\n<li>Vermeiden Sie Rauchen und Alkohol, da diese die Heilung beeintr\u00e4chtigen k\u00f6nnen.<\/li>\n\n\n\n<li>Vers\u00e4umen Sie nicht regelm\u00e4\u00dfige Kontrolluntersuchungen.<\/li>\n\n\n\n<li>Vermeiden Sie extrem harte Lebensmittel, bis die bleibenden Z\u00e4hne eingesetzt sind.<\/li>\n<\/ul>\n\n\n\n<h3 class=\"wp-block-heading\">Vorher und nachher mit All on 4 <a href=\"https:\/\/www.turkaesthetic.com\/de\/dentistry-de\/all-on-four\/\" data-type=\"post\" data-id=\"24430\" target=\"_blank\" rel=\"noreferrer noopener\">Implantaten<\/a><\/h3>\n\n\n\n<p>Patienten mit vollst\u00e4ndigem Zahnverlust erhalten nach All-on-4-Implantaten \u00e4sthetische, feste und nat\u00fcrlich aussehende Z\u00e4hne. Diese Ver\u00e4nderung sehen Sie auf dem folgenden Foto:<\/p>\n\n\n<style>.kb-gallery-id-64853_fb27e3-0a .kadence-blocks-gallery-item .kb-gal-image-radius, .kb-gallery-id-64853_fb27e3-0a .kb-slide-item .kb-gal-image-radius img{border-radius:0px 0px 0px 0px;;}.kb-gallery-wrap-id-64853_fb27e3-0a.wp-block-kadence-advancedgallery{overflow:visible;}.kb-gallery-wrap-id-64853_fb27e3-0a.wp-block-kadence-advancedgallery .kt-blocks-carousel{overflow:visible;}<\/style><div class=\"kb-gallery-wrap-id-64853_fb27e3-0a alignnone wp-block-kadence-advancedgallery\"><div class=\"kb-gallery-ul kb-gallery-non-static kb-gallery-type-slider kb-gallery-id-64853_fb27e3-0a kb-gallery-caption-style-bottom-hover kb-gallery-filter-none\" data-image-filter=\"none\" data-lightbox-caption=\"true\"><div class=\"kt-blocks-carousel splide kt-carousel-container-dotstyle-dark kt-carousel-arrowstyle-whiteondark kt-carousel-dotstyle-dark kb-slider-group-arrow kb-slider-arrow-position-center\" data-slider-anim-speed=\"400\" data-slider-scroll=\"1\" data-slider-arrows=\"true\" data-slider-fade=\"true\" data-slider-dots=\"true\" data-slider-type=\"slider\" data-slider-hover-pause=\"false\" data-slider-auto=\"\" data-slider-speed=\"7000\" data-show-pause-button=\"false\"><div class=\"splide__track\"><ul class=\"kt-blocks-carousel-init kb-blocks-slider splide__list\"><li class=\"kb-slide-item kb-gallery-slide-item splide__slide\"><div class=\"kadence-blocks-gallery-item\"><div class=\"kadence-blocks-gallery-item-inner\"><figure class=\"kb-gallery-figure kadence-blocks-gallery-item-hide-caption\"><div class=\"kb-gal-image-radius\"><div class=\"kb-gallery-image-contain kadence-blocks-gallery-intrinsic kb-gallery-image-ratio-land32 kb-has-image-ratio-land32\" ><img loading=\"lazy\" decoding=\"async\" src=\"https:\/\/www.turkaesthetic.com\/wp-content\/uploads\/2023\/11\/before-after-dental-implant-4.jpg\" width=\"1200\" height=\"800\" alt=\"Di\u015f implant\u0131 \u00f6ncesi ve sonras\u0131\" data-full-image=\"https:\/\/www.turkaesthetic.com\/wp-content\/uploads\/2023\/11\/before-after-dental-implant-4.jpg\" data-light-image=\"https:\/\/www.turkaesthetic.com\/wp-content\/uploads\/2023\/11\/before-after-dental-implant-4.jpg\" data-id=\"45374\" class=\"wp-image-45374 skip-lazy\"\/><\/div><\/div><\/figure><\/div><\/div><\/li><li class=\"kb-slide-item kb-gallery-slide-item splide__slide\"><div class=\"kadence-blocks-gallery-item\"><div class=\"kadence-blocks-gallery-item-inner\"><figure class=\"kb-gallery-figure kadence-blocks-gallery-item-hide-caption\"><div class=\"kb-gal-image-radius\"><div class=\"kb-gallery-image-contain kadence-blocks-gallery-intrinsic kb-gallery-image-ratio-land32 kb-has-image-ratio-land32\" ><img loading=\"lazy\" decoding=\"async\" src=\"https:\/\/www.turkaesthetic.com\/wp-content\/uploads\/2023\/11\/before-after-dental-implant-3.jpg\" width=\"1200\" height=\"800\" alt=\"Di\u015f implant\u0131 \u00f6ncesi ve sonras\u0131\" data-full-image=\"https:\/\/www.turkaesthetic.com\/wp-content\/uploads\/2023\/11\/before-after-dental-implant-3.jpg\" data-light-image=\"https:\/\/www.turkaesthetic.com\/wp-content\/uploads\/2023\/11\/before-after-dental-implant-3.jpg\" data-id=\"45365\" class=\"wp-image-45365 skip-lazy\"\/><\/div><\/div><\/figure><\/div><\/div><\/li><li class=\"kb-slide-item kb-gallery-slide-item splide__slide\"><div class=\"kadence-blocks-gallery-item\"><div class=\"kadence-blocks-gallery-item-inner\"><figure class=\"kb-gallery-figure kadence-blocks-gallery-item-hide-caption\"><div class=\"kb-gal-image-radius\"><div class=\"kb-gallery-image-contain kadence-blocks-gallery-intrinsic kb-gallery-image-ratio-land32 kb-has-image-ratio-land32\" ><img loading=\"lazy\" decoding=\"async\" src=\"https:\/\/www.turkaesthetic.com\/wp-content\/uploads\/2023\/11\/before-after-dental-implant-2.jpg\" width=\"1200\" height=\"800\" alt=\"Di\u015f implant\u0131 \u00f6ncesi ve sonras\u0131\" data-full-image=\"https:\/\/www.turkaesthetic.com\/wp-content\/uploads\/2023\/11\/before-after-dental-implant-2.jpg\" data-light-image=\"https:\/\/www.turkaesthetic.com\/wp-content\/uploads\/2023\/11\/before-after-dental-implant-2.jpg\" data-id=\"45356\" class=\"wp-image-45356 skip-lazy\"\/><\/div><\/div><\/figure><\/div><\/div><\/li><li class=\"kb-slide-item kb-gallery-slide-item splide__slide\"><div class=\"kadence-blocks-gallery-item\"><div class=\"kadence-blocks-gallery-item-inner\"><figure class=\"kb-gallery-figure kadence-blocks-gallery-item-hide-caption\"><div class=\"kb-gal-image-radius\"><div class=\"kb-gallery-image-contain kadence-blocks-gallery-intrinsic kb-gallery-image-ratio-land32 kb-has-image-ratio-land32\" ><img loading=\"lazy\" decoding=\"async\" src=\"https:\/\/www.turkaesthetic.com\/wp-content\/uploads\/2023\/11\/before-after-dental-implant-1.jpg\" width=\"1200\" height=\"800\" alt=\"Di\u015f implant\u0131 \u00f6ncesi ve sonras\u0131\" data-full-image=\"https:\/\/www.turkaesthetic.com\/wp-content\/uploads\/2023\/11\/before-after-dental-implant-1.jpg\" data-light-image=\"https:\/\/www.turkaesthetic.com\/wp-content\/uploads\/2023\/11\/before-after-dental-implant-1.jpg\" data-id=\"45347\" class=\"wp-image-45347 skip-lazy\"\/><\/div><\/div><\/figure><\/div><\/div><\/li><\/ul><\/div><\/div><\/div><\/div>\n\n\n<hr class=\"wp-block-separator has-alpha-channel-opacity\"\/>\n\n\n\n<h2 class=\"wp-block-heading\">H\u00e4ufig gestellte Fragen \u2013 All on 4 Implantate<\/h2>\n\n\n<div id=\"rank-math-faq\" class=\"rank-math-block\">\n<div class=\"rank-math-list \">\n<div id=\"faq-question-1753522615956\" class=\"rank-math-list-item\">\n<h3 class=\"rank-math-question \">Ist die Behandlung mit All on 4 Implantaten schmerzhaft?<\/h3>\n<div class=\"rank-math-answer \">\n\n<p>Nein. Sie wird unter \u00f6rtlicher Bet\u00e4ubung durchgef\u00fchrt und ist schmerzfrei. Es kann im Anschluss zu leichten Empfindlichkeiten kommen.<\/p>\n\n<\/div>\n<\/div>\n<div id=\"faq-question-1753958622170\" class=\"rank-math-list-item\">\n<h3 class=\"rank-math-question \">Werden die Z\u00e4hne wirklich noch am selben Tag eingesetzt?<\/h3>\n<div class=\"rank-math-answer \">\n\n<p>Ja. In geeigneten F\u00e4llen werden provisorische, festsitzende Z\u00e4hne noch am selben Tag eingesetzt, sodass der Patient nicht zahnlos bleibt.<\/p>\n\n<\/div>\n<\/div>\n<div id=\"faq-question-1753958977765\" class=\"rank-math-list-item\">\n<h3 class=\"rank-math-question \">Wie lange halten All-on-4-Implantate?<\/h3>\n<div class=\"rank-math-answer \">\n\n<p>Bei richtiger Pflege und regelm\u00e4\u00dfigen Kontrolluntersuchungen k\u00f6nnen sie ein Leben lang halten.<\/p>\n\n<\/div>\n<\/div>\n<div id=\"faq-question-1753958982728\" class=\"rank-math-list-item\">\n<h3 class=\"rank-math-question \">Wie viele Tage muss ich in Istanbul bleiben?<\/h3>\n<div class=\"rank-math-answer \">\n\n<p>F\u00fcr die erste Phase reichen in der Regel 2\u20133 Tage. F\u00fcr den zweiten Besuch, um die bleibenden Z\u00e4hne zu erhalten, reichen 5\u20137 Tage.<\/p>\n\n<\/div>\n<\/div>\n<div id=\"faq-question-1753958989314\" class=\"rank-math-list-item\">\n<h3 class=\"rank-math-question \">Kann All-on-4 nur an einem Kiefer durchgef\u00fchrt werden?<\/h3>\n<div class=\"rank-math-answer \">\n\n<p>Ja. Es kann nur im Oberkiefer oder nur im Unterkiefer angewendet werden.<\/p>\n\n<\/div>\n<\/div>\n<\/div>\n<\/div>\n\n\n<p>F\u00fcr weitere Informationen oder Preisanfragen k\u00f6nnen Sie\u00a0<a href=\"https:\/\/www.youtube.com\/channel\/UC0zggzdm5CFwpRMmn_CPpFQ\" target=\"_blank\" rel=\"noreferrer noopener\">Turk Aesthetic<\/a>\u00a0in Istanbul, T\u00fcrkei, \u00fcber die offiziellen Kan\u00e4le\u00a0<a href=\"https:\/\/www.turkaesthetic.com\/de\/contact-us\/\" target=\"_blank\" rel=\"noreferrer noopener\">kontaktieren<\/a>.<\/p>\n","protected":false},"excerpt":{"rendered":"<p>Die All on 4 Implantat -Technik ist eine innovative Behandlungsmethode, die speziell f\u00fcr Patienten mit vollst\u00e4ndigem Zahnverlust entwickelt wurde. Bei dieser Methode wird mit nur vier Implantaten ein festsitzender Zahnersatz in einem einzelnen Kiefer eingesetzt. Im Vergleich zu herk\u00f6mmlichen Implantatbehandlungen ist dieses System deutlich schneller, kosteng\u00fcnstiger und komfortabler. Es ist eine hervorragende L\u00f6sung, insbesondere f\u00fcr [&hellip;]<\/p>\n","protected":false},"author":4,"featured_media":64742,"parent":0,"menu_order":0,"comment_status":"closed","ping_status":"closed","template":"","meta":{"footnotes":""},"dep":[1356],"class_list":["post-64853","page","type-page","status-publish","has-post-thumbnail","hentry","dep-cosmetic-dentistry"],"_links":{"self":[{"href":"https:\/\/www.turkaesthetic.com\/de\/wp-json\/wp\/v2\/pages\/64853","targetHints":{"allow":["GET"]}}],"collection":[{"href":"https:\/\/www.turkaesthetic.com\/de\/wp-json\/wp\/v2\/pages"}],"about":[{"href":"https:\/\/www.turkaesthetic.com\/de\/wp-json\/wp\/v2\/types\/page"}],"author":[{"embeddable":true,"href":"https:\/\/www.turkaesthetic.com\/de\/wp-json\/wp\/v2\/users\/4"}],"replies":[{"embeddable":true,"href":"https:\/\/www.turkaesthetic.com\/de\/wp-json\/wp\/v2\/comments?post=64853"}],"version-history":[{"count":0,"href":"https:\/\/www.turkaesthetic.com\/de\/wp-json\/wp\/v2\/pages\/64853\/revisions"}],"wp:featuredmedia":[{"embeddable":true,"href":"https:\/\/www.turkaesthetic.com\/de\/wp-json\/wp\/v2\/media\/64742"}],"wp:attachment":[{"href":"https:\/\/www.turkaesthetic.com\/de\/wp-json\/wp\/v2\/media?parent=64853"}],"wp:term":[{"taxonomy":"dep","embeddable":true,"href":"https:\/\/www.turkaesthetic.com\/de\/wp-json\/wp\/v2\/dep?post=64853"}],"curies":[{"name":"wp","href":"https:\/\/api.w.org\/{rel}","templated":true}]}}