{"id":64803,"date":"2025-07-25T17:03:12","date_gmt":"2025-07-25T14:03:12","guid":{"rendered":"https:\/\/www.turkaesthetic.com\/?page_id=64803"},"modified":"2025-08-07T12:53:21","modified_gmt":"2025-08-07T09:53:21","slug":"root-canal-treatment","status":"publish","type":"page","link":"https:\/\/www.turkaesthetic.com\/de\/root-canal-treatment\/","title":{"rendered":"Wurzelkanalbehandlung"},"content":{"rendered":"\n<p>Eine <strong>Wurzelkanalbehandlung<\/strong> ist ein zahn\u00e4rztlicher Eingriff, der durchgef\u00fchrt wird, wenn das lebende Gewebe (Pulpa) im Zahn entz\u00fcndet oder besch\u00e4digt ist. Sie wird durchgef\u00fchrt, um die Extraktion des infizierten Zahns zu verhindern und seine Gesundheit im Mund zu erhalten.<\/p>\n\n\n\n<p>Diese Erkrankung \u00e4u\u00dfert sich typischerweise durch Symptome wie Schmerzen, Druckempfindlichkeit, W\u00e4rme- oder K\u00e4lteempfindlichkeit oder das Auftreten eines Abszesses. Mit einer rechtzeitigen Wurzelkanalbehandlung kann der <a href=\"https:\/\/www.turkaesthetic.com\/de\/dental-crowns\/\" target=\"_blank\" data-type=\"page\" data-id=\"64481\" rel=\"noreferrer noopener\">Zahn<\/a> jedoch erhalten werden und seine Funktionsf\u00e4higkeit \u00fcber viele Jahre erhalten bleiben.<\/p>\n\n\n\n<h2 class=\"wp-block-heading\">Warum ist eine Wurzelkanalbehandlung notwendig?<\/h2>\n\n\n\n<p>Das Nerven- und Blutgewebe im Zahn kann sich aus verschiedenen Gr\u00fcnden entz\u00fcnden oder besch\u00e4digen, z. B.:<\/p>\n\n\n\n<ul class=\"wp-block-list\">\n<li>Tiefe Karies.<\/li>\n\n\n\n<li>Traumabedingte Zahnfrakturen.<\/li>\n\n\n\n<li>Versagende vorherige F\u00fcllungen.<\/li>\n\n\n\n<li>Starke Belastung des Zahns.<\/li>\n\n\n\n<li>Infektion oder Abszess im Zahn.<\/li>\n\n\n\n<li>Unbehandelt k\u00f6nnen diese Erkrankungen zur Ausbreitung der Infektion auf das umliegende Gewebe und schlie\u00dflich zum Zahnverlust f\u00fchren. Daher ist eine Wurzelkanalbehandlung die ideale L\u00f6sung, um den Zahn zu erhalten, anstatt ihn zu ziehen.<\/li>\n<\/ul>\n\n\n\n<figure class=\"wp-block-embed is-type-video is-provider-youtube wp-block-embed-youtube wp-embed-aspect-16-9 wp-has-aspect-ratio\"><div class=\"wp-block-embed__wrapper\">\n<iframe loading=\"lazy\" title=\"Root Canal Treatment in Turkey - Turk Aesthetic\" width=\"800\" height=\"450\" src=\"https:\/\/www.youtube.com\/embed\/zgCdD_UW0tg?feature=oembed\" frameborder=\"0\" allow=\"accelerometer; autoplay; clipboard-write; encrypted-media; gyroscope; picture-in-picture; web-share\" referrerpolicy=\"strict-origin-when-cross-origin\" allowfullscreen><\/iframe>\n<\/div><figcaption class=\"wp-element-caption\">Wurzelkanalbehandlung<\/figcaption><\/figure>\n\n\n\n<hr class=\"wp-block-separator has-alpha-channel-opacity\"\/>\n\n\n\n<h3 class=\"wp-block-heading\">Wie wird es durchgef\u00fchrt?<\/h3>\n\n\n<div id=\"rank-math-howto\" class=\"rank-math-block\" >\n<div class=\"rank-math-howto-description\">\n\n<p>Eine Wurzelkanalbehandlung ist ein schmerzfreier Eingriff, der unter \u00f6rtlicher Bet\u00e4ubung durchgef\u00fchrt wird und in der Regel in ein oder zwei Sitzungen abgeschlossen ist.<\/p>\n\n<\/div>\n<p class=\"rank-math-howto-duration\"><strong>Gesamtzeit:<\/strong> <span>20 Minuten<\/span><\/p>\n<div class=\"rank-math-steps \">\n<div id=\"howto-step-1753451839847\" class=\"rank-math-step\">\n<h3 class=\"rank-math-step-title \">Vor dem Eingriff:<\/h3>\n<div class=\"rank-math-step-content \"><p>Untersuchung und R\u00f6ntgen: Der Zustand des Zahns wird beurteilt und das Ausma\u00df des infizierten Gewebes bestimmt.<\/p>\n<\/div>\n<\/div>\n<div id=\"howto-step-1753791844214\" class=\"rank-math-step\">\n<h3 class=\"rank-math-step-title \">W\u00e4hrend des Eingriffs:<\/h3>\n<div class=\"rank-math-step-content \"><p>Zugang zum Zahn: Karies wird entfernt und der Zugang zum Zahninneren hergestellt.<br \/>Lokalan\u00e4sthesie: Sorgt daf\u00fcr, dass der Eingriff schmerzfrei ist.<br \/>Reinigung des Wurzelkanals: Infiziertes Nervengewebe wird mit Spezialinstrumenten entfernt und die Kan\u00e4le werden desinfiziert.<br \/>Ausformung des Wurzelkanals: Die Kan\u00e4le werden entsprechend geformt und getrocknet.<br \/>F\u00fcllung des Wurzelkanals: Die gereinigten Kan\u00e4le werden mit einem speziellen F\u00fcllmaterial verschlossen.<\/p>\n<\/div>\n<\/div>\n<div id=\"howto-step-1753791856974\" class=\"rank-math-step\">\n<h3 class=\"rank-math-step-title \">Nach dem Eingriff:<\/h3>\n<div class=\"rank-math-step-content \"><p>Obere F\u00fcllung oder Krone: Falls erforderlich, wird der obere Zahnteil mit einer F\u00fcllung oder einer Porzellankrone wiederhergestellt.<\/p>\n<\/div>\n<\/div>\n<\/div>\n<\/div>\n<p class=\"rank-math-howto-estimatedCost\"><strong>Gesch\u00e4tzte Kosten:<\/strong> <span>75 Euro<\/span><\/p>\n\n\n\n\n\n<h4 class=\"wp-block-heading\">Vorteile<\/h4>\n\n\n\n<ul class=\"wp-block-list\">\n<li>Verhindert Zahnextraktionen.<\/li>\n\n\n\n<li>Erh\u00e4lt die nat\u00fcrliche Zahnstruktur.<\/li>\n\n\n\n<li>Erh\u00e4lt die Kaufunktion.<\/li>\n\n\n\n<li>Sorgt f\u00fcr ein \u00e4sthetisches Erscheinungsbild.<\/li>\n\n\n\n<li>Sorgt f\u00fcr lang anhaltende Ergebnisse.<\/li>\n\n\n\n<li>Mit regelm\u00e4\u00dfigen Kontrolluntersuchungen und guter Mundhygiene kann ein wurzelbehandelter Zahn viele Jahre lang gesund und funktionsf\u00e4hig bleiben.<\/li>\n<\/ul>\n\n\n\n<hr class=\"wp-block-separator has-alpha-channel-opacity\"\/>\n\n\n\n<h3 class=\"wp-block-heading\">Nachbehandlung nach einer Wurzelkanalbehandlung<\/h3>\n\n\n\n<p>Die Genesung nach einer Wurzelkanalbehandlung verl\u00e4uft in der Regel problemlos. F\u00fcr ein erfolgreiches Ergebnis sollten Sie jedoch die folgenden Hinweise beachten:<\/p>\n\n\n\n<p><strong>Vermeiden Sie harte Speisen in den ersten 24 Stunden.<\/strong><\/p>\n\n\n\n<p>Der behandelte Zahn kann noch br\u00fcchig sein und bruchgef\u00e4hrdet sein. Essen Sie in dieser Zeit weiche Speisen.<\/p>\n\n\n\n<p><strong>Vor\u00fcbergehende Empfindlichkeit ist normal.<\/strong><\/p>\n\n\n\n<p>Leichte Beschwerden oder Empfindlichkeit gegen\u00fcber Hitze oder K\u00e4lte k\u00f6nnen auftreten. Diese klingen in der Regel innerhalb weniger Tage ab.<\/p>\n\n\n\n<p><strong>Achten Sie auf eine gute Mundhygiene.<\/strong><\/p>\n\n\n\n<p>Putzen Sie Ihre Z\u00e4hne zweimal t\u00e4glich und verwenden Sie regelm\u00e4\u00dfig Zahnseide.<\/p>\n\n\n\n<p><strong>Nehmen Sie zahn\u00e4rztliche Nachsorgetermine wahr.<\/strong><\/p>\n\n\n\n<p>Vers\u00e4umen Sie keine Kontrolluntersuchungen. Bei Bedarf empfiehlt Ihr Zahnarzt m\u00f6glicherweise eine Krone f\u00fcr zus\u00e4tzlichen Schutz.<\/p>\n\n\n\n<p><strong>Melden Sie anhaltende Schmerzen oder Schwellungen an.<\/strong><\/p>\n\n\n\n<p>Wenn Sie anhaltende Schmerzen, Schwellungen oder Druckgef\u00fchle versp\u00fcren, suchen Sie umgehend Ihren Zahnarzt auf.<\/p>\n\n\n\n<h2 class=\"wp-block-heading\">H\u00e4ufig gestellte Fragen<\/h2>\n\n\n<div id=\"rank-math-faq\" class=\"rank-math-block\">\n<div class=\"rank-math-list \">\n<div id=\"faq-question-1753452010678\" class=\"rank-math-list-item\">\n<h3 class=\"rank-math-question \">Ist eine Wurzelkanalbehandlung schmerzhaft?<\/h3>\n<div class=\"rank-math-answer \">\n\n<p>Nein. Der Eingriff wird unter \u00f6rtlicher Bet\u00e4ubung durchgef\u00fchrt und ist daher schmerzfrei. Leichte Beschwerden nach dem Eingriff sind normal und vor\u00fcbergehend.<\/p>\n\n<\/div>\n<\/div>\n<div id=\"faq-question-1753791956306\" class=\"rank-math-list-item\">\n<h3 class=\"rank-math-question \">Wie viele Sitzungen sind erforderlich?<\/h3>\n<div class=\"rank-math-answer \">\n\n<p>In den meisten F\u00e4llen ist die Behandlung in einer einzigen Sitzung abgeschlossen. Bei einer Infektion kann ein zweiter Besuch erforderlich sein.<\/p>\n\n<\/div>\n<\/div>\n<div id=\"faq-question-1753791960517\" class=\"rank-math-list-item\">\n<h3 class=\"rank-math-question \">Wie lange h\u00e4lt der Zahn nach der Behandlung?<\/h3>\n<div class=\"rank-math-answer \">\n\n<p>Bei richtiger Pflege kann ein wurzelbehandelter Zahn 10 Jahre oder l\u00e4nger halten.<\/p>\n\n<\/div>\n<\/div>\n<div id=\"faq-question-1753791967625\" class=\"rank-math-list-item\">\n<h3 class=\"rank-math-question \">Ist danach eine Krone notwendig?<\/h3>\n<div class=\"rank-math-answer \">\n\n<p>Bei Backenz\u00e4hnen ist dies in der Regel notwendig. Bei Vorderz\u00e4hnen kann eine F\u00fcllung ausreichend sein.<\/p>\n\n<\/div>\n<\/div>\n<div id=\"faq-question-1753791973819\" class=\"rank-math-list-item\">\n<h3 class=\"rank-math-question \">Kann sich ein wurzelbehandelter Zahn erneut entz\u00fcnden?<\/h3>\n<div class=\"rank-math-answer \">\n\n<p>Ja, insbesondere bei mangelnder Mundhygiene oder wenn die F\u00fcllung undicht ist. Regelm\u00e4\u00dfige zahn\u00e4rztliche Kontrolluntersuchungen sind unerl\u00e4sslich.<\/p>\n\n<\/div>\n<\/div>\n<\/div>\n<\/div>\n\n\n<p>F\u00fcr weitere Informationen oder Preisanfragen k\u00f6nnen Sie\u00a0<a href=\"https:\/\/www.youtube.com\/channel\/UC0zggzdm5CFwpRMmn_CPpFQ\" target=\"_blank\" rel=\"noreferrer noopener\">Turk Aesthetic<\/a>\u00a0in Istanbul, T\u00fcrkei, \u00fcber die offiziellen Kan\u00e4le\u00a0<a href=\"https:\/\/www.turkaesthetic.com\/de\/contact-us\/\" target=\"_blank\" rel=\"noreferrer noopener\">kontaktieren<\/a>.<\/p>\n","protected":false},"excerpt":{"rendered":"<p>Eine Wurzelkanalbehandlung ist ein zahn\u00e4rztlicher Eingriff, der durchgef\u00fchrt wird, wenn das lebende Gewebe (Pulpa) im Zahn entz\u00fcndet oder besch\u00e4digt ist. Sie wird durchgef\u00fchrt, um die Extraktion des infizierten Zahns zu verhindern und seine Gesundheit im Mund zu erhalten. Diese Erkrankung \u00e4u\u00dfert sich typischerweise durch Symptome wie Schmerzen, Druckempfindlichkeit, W\u00e4rme- oder K\u00e4lteempfindlichkeit oder das Auftreten eines [&hellip;]<\/p>\n","protected":false},"author":4,"featured_media":64712,"parent":0,"menu_order":0,"comment_status":"closed","ping_status":"closed","template":"","meta":{"footnotes":""},"dep":[1356],"class_list":["post-64803","page","type-page","status-publish","has-post-thumbnail","hentry","dep-cosmetic-dentistry"],"_links":{"self":[{"href":"https:\/\/www.turkaesthetic.com\/de\/wp-json\/wp\/v2\/pages\/64803","targetHints":{"allow":["GET"]}}],"collection":[{"href":"https:\/\/www.turkaesthetic.com\/de\/wp-json\/wp\/v2\/pages"}],"about":[{"href":"https:\/\/www.turkaesthetic.com\/de\/wp-json\/wp\/v2\/types\/page"}],"author":[{"embeddable":true,"href":"https:\/\/www.turkaesthetic.com\/de\/wp-json\/wp\/v2\/users\/4"}],"replies":[{"embeddable":true,"href":"https:\/\/www.turkaesthetic.com\/de\/wp-json\/wp\/v2\/comments?post=64803"}],"version-history":[{"count":0,"href":"https:\/\/www.turkaesthetic.com\/de\/wp-json\/wp\/v2\/pages\/64803\/revisions"}],"wp:featuredmedia":[{"embeddable":true,"href":"https:\/\/www.turkaesthetic.com\/de\/wp-json\/wp\/v2\/media\/64712"}],"wp:attachment":[{"href":"https:\/\/www.turkaesthetic.com\/de\/wp-json\/wp\/v2\/media?parent=64803"}],"wp:term":[{"taxonomy":"dep","embeddable":true,"href":"https:\/\/www.turkaesthetic.com\/de\/wp-json\/wp\/v2\/dep?post=64803"}],"curies":[{"name":"wp","href":"https:\/\/api.w.org\/{rel}","templated":true}]}}