{"id":64566,"date":"2025-07-07T15:29:11","date_gmt":"2025-07-07T12:29:11","guid":{"rendered":"https:\/\/www.turkaesthetic.com\/?page_id=64566"},"modified":"2025-08-06T16:33:12","modified_gmt":"2025-08-06T13:33:12","slug":"laser-teeth-whitening","status":"publish","type":"page","link":"https:\/\/www.turkaesthetic.com\/de\/laser-teeth-whitening\/","title":{"rendered":"Laser Zahnaufhellung"},"content":{"rendered":"\n<p><strong>Laser Zahnaufhellung<\/strong> (Bleaching) ist eine schnelle und effektive kosmetische Zahnbehandlung, um Verf\u00e4rbungen und ein stumpfes Aussehen der <a href=\"https:\/\/www.turkaesthetic.com\/de\/dental-crowns\/\" target=\"_blank\" data-type=\"page\" data-id=\"64481\" rel=\"noreferrer noopener\">Z\u00e4hne<\/a> zu beseitigen. Ein spezielles Aufhellungsgel wird auf die Zahnoberfl\u00e4che aufgetragen und mithilfe von Laserlicht aktiviert. So kann eine um mehrere Nuancen aufgehellte Zahnfarbe erreicht werden, ohne den Zahnschmelz zu sch\u00e4digen.<\/p>\n\n\n\n<p>Da das Interesse an einer \u00e4sthetischen Zahnaufhellung zunimmt, wird die lasergest\u00fctzte Zahnaufhellung heute von Frauen und M\u00e4nnern gleicherma\u00dfen bevorzugt. Sie bietet eine schnelle L\u00f6sung, insbesondere bei Verf\u00e4rbungen, die durch Tee-, Kaffee- und Rauchkonsum verursacht werden.<\/p>\n\n\n\n<figure class=\"wp-block-embed is-type-video is-provider-youtube wp-block-embed-youtube wp-embed-aspect-16-9 wp-has-aspect-ratio\"><div class=\"wp-block-embed__wrapper\">\n<iframe loading=\"lazy\" title=\"Teeth Whitening - Turk Aesthetic\" width=\"800\" height=\"450\" src=\"https:\/\/www.youtube.com\/embed\/p0FJ2ExiKfM?feature=oembed\" frameborder=\"0\" allow=\"accelerometer; autoplay; clipboard-write; encrypted-media; gyroscope; picture-in-picture; web-share\" referrerpolicy=\"strict-origin-when-cross-origin\" allowfullscreen><\/iframe>\n<\/div><figcaption class=\"wp-element-caption\">Laser Zahnaufhellung<\/figcaption><\/figure>\n\n\n\n<h2 class=\"wp-block-heading\">Zahnaufhellungsmethoden<\/h2>\n\n\n\n<p>Zahnaufhellung wird in der Regel mit drei Hauptmethoden durchgef\u00fchrt:<\/p>\n\n\n\n<ol class=\"wp-block-list\">\n<li><strong>Laser Zahnaufhellung in der Praxis<\/strong><\/li>\n<\/ol>\n\n\n\n<p>Diese Methode wird von einem Fachzahnarzt in einer Praxis durchgef\u00fchrt. Ein spezielles Aufhellungsgel wird auf die Z\u00e4hne aufgetragen und anschlie\u00dfend durch Laserlicht aktiviert. Die Behandlung dauert etwa 30\u201345 Minuten, und die Ergebnisse sind sofort sichtbar. Es ist die effektivste und schnellste Methode.<\/p>\n\n\n\n<ol start=\"2\" class=\"wp-block-list\">\n<li><strong>Zahnaufhellung zu Hause (Home Bleaching)<\/strong><\/li>\n<\/ol>\n\n\n\n<p>Zahnaufhellungssets f\u00fcr die Heimanwendung sind in Apotheken und Sanit\u00e4tsh\u00e4usern erh\u00e4ltlich.<\/p>\n\n\n\n<h3 class=\"wp-block-heading\">Wie l\u00e4uft eine Laser Zahnaufhellung ab?<\/h3>\n\n\n<div id=\"rank-math-howto\" class=\"rank-math-block\" >\n<div class=\"rank-math-howto-description\">\n\n<p>Die Laser-Zahnaufhellung erfolgt in folgenden Schritten:<\/p>\n\n<\/div>\n<p class=\"rank-math-howto-duration\"><strong>Gesamtzeit:<\/strong> <span>45 Minuten<\/span><\/p>\n<div class=\"rank-math-steps \">\n<div id=\"howto-step-1752677165047\" class=\"rank-math-step\">\n<h3 class=\"rank-math-step-title \">Untersuchung und Eignungsfeststellung:<\/h3>\n<div class=\"rank-math-step-content \"><p>Der Zahnarzt beurteilt das Zahnfleisch, das Vorhandensein von Karies und die allgemeine Mundgesundheit.<\/p>\n<\/div>\n<\/div>\n<div id=\"howto-step-1752677648369\" class=\"rank-math-step\">\n<h3 class=\"rank-math-step-title \">Zahnreinigung:<\/h3>\n<div class=\"rank-math-step-content \"><p>Sollte Zahnstein vorhanden sein, wird dieser vor der Behandlung entfernt und die Mundhygiene sichergestellt.<\/p>\n<\/div>\n<\/div>\n<div id=\"howto-step-1752677653519\" class=\"rank-math-step\">\n<h3 class=\"rank-math-step-title \">Gelanwendung:<\/h3>\n<div class=\"rank-math-step-content \"><p>Das Zahnfleisch wird mit einem speziellen Schutzmaterial isoliert, und ein Aufhellungsgel wird auf die Zahnoberfl\u00e4che aufgetragen.<\/p>\n<\/div>\n<\/div>\n<div id=\"howto-step-1752677658686\" class=\"rank-math-step\">\n<h3 class=\"rank-math-step-title \">Aktivierung mit Laserlicht:<\/h3>\n<div class=\"rank-math-step-content \"><p>Das Laserlicht aktiviert die Inhaltsstoffe des Gels und hellt die Zahnfarbe auf. Dieser Schritt dauert in der Regel 15\u201320 Minuten und kann 1\u20132 Mal wiederholt werden.<\/p>\n<\/div>\n<\/div>\n<\/div>\n<\/div>\n<p class=\"rank-math-howto-estimatedCost\"><strong>Gesch\u00e4tzte Kosten:<\/strong> <span>150 Euro<\/span><\/p>\n\n\n\n\n\n<h3 class=\"wp-block-heading\">Vorteile der Laser Zahnaufhellung<\/h3>\n\n\n\n<p>Die Laser-Zahnaufhellung bietet viele Vorteile:<\/p>\n\n\n\n<ul class=\"wp-block-list\">\n<li>Schnelle Ergebnisse: F\u00fcr sichtbar wei\u00dfere Z\u00e4hne in nur einer Sitzung.<\/li>\n\n\n\n<li>Schmerzfrei und angenehm: Keine Lokalan\u00e4sthesie erforderlich, und in der Regel sind Schmerzen oder Beschwerden schmerzfrei.<\/li>\n\n\n\n<li>Sicheres Verfahren: Bei fachkundiger Anwendung wird der Zahnschmelz nicht gesch\u00e4digt.<\/li>\n\n\n\n<li>\u00c4sthetische Verbesserung: F\u00fcr ein strahlenderes, strahlenderes L\u00e4cheln.<\/li>\n\n\n\n<li>Lang anhaltende Wirkung: Bei guter Pflege k\u00f6nnen die Ergebnisse 1\u20132 Jahre anhalten.<\/li>\n<\/ul>\n\n\n\n<h4 class=\"wp-block-heading\">Was nach der Laser-Zahnaufhellung zu beachten ist<\/h4>\n\n\n\n<p>Nach einer Zahnaufhellung h\u00e4lt die Wirkung des Gels noch eine Weile an. In dieser Zeit reagieren die Z\u00e4hne empfindlicher auf \u00e4u\u00dfere Einfl\u00fcsse. F\u00fcr dauerhafte und gesunde Ergebnisse sollten Sie Folgendes beachten:<\/p>\n\n\n\n<p><strong>Vermeiden Sie in den ersten 2 Stunden Essen und Trinken.<br><\/strong>Nach der Behandlung kann es zu kurzzeitiger Empfindlichkeit der Z\u00e4hne kommen. Verzichten Sie in dieser Zeit auf Essen und Trinken, damit sich die Wirkung des Gels vollst\u00e4ndig entfalten kann.<\/p>\n\n\n\n<p><strong>Vermeiden Sie hei\u00dfe und kalte Speisen<\/strong><\/p>\n\n\n\n<p>Vermeiden Sie in den ersten 24 Stunden extrem hei\u00dfe oder kalte Speisen und Getr\u00e4nke. Insbesondere Suppe, Kaffee und Eiscreme k\u00f6nnen die Zahnempfindlichkeit erh\u00f6hen.<\/p>\n\n\n\n<p><strong>Vermeiden Sie Tee, Kaffee und gef\u00e4rbte Lebensmittel.<\/strong><\/p>\n\n\n\n<p>Vermeiden Sie mindestens eine Woche lang gef\u00e4rbte Lebensmittel und Getr\u00e4nke wie Tee, Kaffee, Rotwein, Kirschsaft und Tomatenso\u00dfe. Diese Substanzen k\u00f6nnen Zahnverf\u00e4rbungen verursachen.<\/p>\n\n\n\n<p><strong>Nicht rauchen oder Tabakprodukte verwenden.<\/strong><\/p>\n\n\n\n<p>Rauchen mindert nicht nur die Wei\u00dfe der Z\u00e4hne, sondern schadet auch dem Zahnfleisch und der allgemeinen Mundgesundheit. Besonders in den ersten Tagen nach der Zahnaufhellung ist es wichtig, vollst\u00e4ndig auf das Rauchen zu verzichten.<\/p>\n\n\n\n<p><strong>Regelm\u00e4\u00dfiges Z\u00e4hneputzen<\/strong><\/p>\n\n\n\n<p>Putzen Sie Ihre Z\u00e4hne mindestens zweimal t\u00e4glich mit einer weichen Zahnb\u00fcrste. Nach der Zahnaufhellung ist besondere Mundhygiene wichtig.<\/p>\n\n\n\n<p><strong>Sie k\u00f6nnen eine Zahnaufhellungszahnpasta verwenden.<\/strong><\/p>\n\n\n\n<p>Die Verwendung einer von Ihrem Zahnarzt empfohlenen Zahnaufhellungszahnpasta kann dazu beitragen, die Ergebnisse l\u00e4nger zu erhalten.<\/p>\n\n\n\n<h3 class=\"wp-block-heading\">Vorher und Nachher<\/h3>\n\n\n\n<p>Vor der Behandlung k\u00f6nnen die Z\u00e4hne gelblich, durch Rauchen oder Kaffee verf\u00e4rbt und allgemein stumpf erscheinen. Nach einer Laser-Zahnaufhellung werden eine sp\u00fcrbare Helligkeit, ein hellerer Farbton und ein klareres Aussehen erreicht. Das L\u00e4cheln wird optisch sch\u00f6ner und das Selbstbewusstsein gest\u00e4rkt.<\/p>\n\n\n<style>.kb-gallery-id-64566_1c9410-d7 .kadence-blocks-gallery-item .kb-gal-image-radius, .kb-gallery-id-64566_1c9410-d7 .kb-slide-item .kb-gal-image-radius img{border-radius:0px 0px 0px 0px;;}.kb-gallery-wrap-id-64566_1c9410-d7.wp-block-kadence-advancedgallery{overflow:visible;}.kb-gallery-wrap-id-64566_1c9410-d7.wp-block-kadence-advancedgallery .kt-blocks-carousel{overflow:visible;}<\/style><div class=\"kb-gallery-wrap-id-64566_1c9410-d7 alignnone wp-block-kadence-advancedgallery\"><div class=\"kb-gallery-ul kb-gallery-non-static kb-gallery-type-slider kb-gallery-id-64566_1c9410-d7 kb-gallery-caption-style-bottom-hover kb-gallery-filter-none\" data-image-filter=\"none\" data-lightbox-caption=\"true\"><div class=\"kt-blocks-carousel splide kt-carousel-container-dotstyle-dark kt-carousel-arrowstyle-whiteondark kt-carousel-dotstyle-dark kb-slider-group-arrow kb-slider-arrow-position-center\" data-slider-anim-speed=\"400\" data-slider-scroll=\"1\" data-slider-arrows=\"true\" data-slider-fade=\"true\" data-slider-dots=\"true\" data-slider-type=\"slider\" data-slider-hover-pause=\"false\" data-slider-auto=\"\" data-slider-speed=\"7000\" data-show-pause-button=\"false\"><div class=\"splide__track\"><ul class=\"kt-blocks-carousel-init kb-blocks-slider splide__list\"><li class=\"kb-slide-item kb-gallery-slide-item splide__slide\"><div class=\"kadence-blocks-gallery-item\"><div class=\"kadence-blocks-gallery-item-inner\"><figure class=\"kb-gallery-figure kadence-blocks-gallery-item-hide-caption\"><div class=\"kb-gal-image-radius\"><div class=\"kb-gallery-image-contain kadence-blocks-gallery-intrinsic kb-gallery-image-ratio-land32 kb-has-image-ratio-land32\" ><img loading=\"lazy\" decoding=\"async\" src=\"https:\/\/www.turkaesthetic.com\/wp-content\/uploads\/2023\/08\/before-after-laser-teeth-whitening-in-turkey-1.webp\" width=\"1200\" height=\"800\" alt=\"Vor und nach der Zahnaufhellung\" data-full-image=\"https:\/\/www.turkaesthetic.com\/wp-content\/uploads\/2023\/08\/before-after-laser-teeth-whitening-in-turkey-1.webp\" data-light-image=\"https:\/\/www.turkaesthetic.com\/wp-content\/uploads\/2023\/08\/before-after-laser-teeth-whitening-in-turkey-1.webp\" data-id=\"65124\" class=\"wp-image-65124 skip-lazy\"\/><\/div><\/div><\/figure><\/div><\/div><\/li><li class=\"kb-slide-item kb-gallery-slide-item splide__slide\"><div class=\"kadence-blocks-gallery-item\"><div class=\"kadence-blocks-gallery-item-inner\"><figure class=\"kb-gallery-figure kadence-blocks-gallery-item-hide-caption\"><div class=\"kb-gal-image-radius\"><div class=\"kb-gallery-image-contain kadence-blocks-gallery-intrinsic kb-gallery-image-ratio-land32 kb-has-image-ratio-land32\" ><img loading=\"lazy\" decoding=\"async\" src=\"https:\/\/www.turkaesthetic.com\/wp-content\/uploads\/2023\/11\/before-after-teeth-whitening-1.jpg\" width=\"1200\" height=\"800\" alt=\"Vor und nach der Zahnaufhellung\" data-full-image=\"https:\/\/www.turkaesthetic.com\/wp-content\/uploads\/2023\/11\/before-after-teeth-whitening-1.jpg\" data-light-image=\"https:\/\/www.turkaesthetic.com\/wp-content\/uploads\/2023\/11\/before-after-teeth-whitening-1.jpg\" data-id=\"46675\" class=\"wp-image-46675 skip-lazy\"\/><\/div><\/div><\/figure><\/div><\/div><\/li><li class=\"kb-slide-item kb-gallery-slide-item splide__slide\"><div class=\"kadence-blocks-gallery-item\"><div class=\"kadence-blocks-gallery-item-inner\"><figure class=\"kb-gallery-figure kadence-blocks-gallery-item-hide-caption\"><div class=\"kb-gal-image-radius\"><div class=\"kb-gallery-image-contain kadence-blocks-gallery-intrinsic kb-gallery-image-ratio-land32 kb-has-image-ratio-land32\" ><img loading=\"lazy\" decoding=\"async\" src=\"https:\/\/www.turkaesthetic.com\/wp-content\/uploads\/2023\/11\/before-after-teeth-whitening-2.jpg\" width=\"1200\" height=\"800\" alt=\"Vor und nach der Zahnaufhellung\" data-full-image=\"https:\/\/www.turkaesthetic.com\/wp-content\/uploads\/2023\/11\/before-after-teeth-whitening-2.jpg\" data-light-image=\"https:\/\/www.turkaesthetic.com\/wp-content\/uploads\/2023\/11\/before-after-teeth-whitening-2.jpg\" data-id=\"46684\" class=\"wp-image-46684 skip-lazy\"\/><\/div><\/div><\/figure><\/div><\/div><\/li><li class=\"kb-slide-item kb-gallery-slide-item splide__slide\"><div class=\"kadence-blocks-gallery-item\"><div class=\"kadence-blocks-gallery-item-inner\"><figure class=\"kb-gallery-figure kadence-blocks-gallery-item-hide-caption\"><div class=\"kb-gal-image-radius\"><div class=\"kb-gallery-image-contain kadence-blocks-gallery-intrinsic kb-gallery-image-ratio-land32 kb-has-image-ratio-land32\" ><img loading=\"lazy\" decoding=\"async\" src=\"https:\/\/www.turkaesthetic.com\/wp-content\/uploads\/2023\/11\/before-after-teeth-whitening-3.jpg\" width=\"1200\" height=\"800\" alt=\"Vor und nach der Zahnaufhellung\" data-full-image=\"https:\/\/www.turkaesthetic.com\/wp-content\/uploads\/2023\/11\/before-after-teeth-whitening-3.jpg\" data-light-image=\"https:\/\/www.turkaesthetic.com\/wp-content\/uploads\/2023\/11\/before-after-teeth-whitening-3.jpg\" data-id=\"46693\" class=\"wp-image-46693 skip-lazy\"\/><\/div><\/div><\/figure><\/div><\/div><\/li><li class=\"kb-slide-item kb-gallery-slide-item splide__slide\"><div class=\"kadence-blocks-gallery-item\"><div class=\"kadence-blocks-gallery-item-inner\"><figure class=\"kb-gallery-figure kadence-blocks-gallery-item-hide-caption\"><div class=\"kb-gal-image-radius\"><div class=\"kb-gallery-image-contain kadence-blocks-gallery-intrinsic kb-gallery-image-ratio-land32 kb-has-image-ratio-land32\" ><img loading=\"lazy\" decoding=\"async\" src=\"https:\/\/www.turkaesthetic.com\/wp-content\/uploads\/2023\/12\/Teeth-whitening-before-after-4.webp\" width=\"1200\" height=\"800\" alt=\"Vor und nach der Zahnaufhellung\" data-full-image=\"https:\/\/www.turkaesthetic.com\/wp-content\/uploads\/2023\/12\/Teeth-whitening-before-after-4.webp\" data-light-image=\"https:\/\/www.turkaesthetic.com\/wp-content\/uploads\/2023\/12\/Teeth-whitening-before-after-4.webp\" data-id=\"49626\" class=\"wp-image-49626 skip-lazy\"\/><\/div><\/div><\/figure><\/div><\/div><\/li><li class=\"kb-slide-item kb-gallery-slide-item splide__slide\"><div class=\"kadence-blocks-gallery-item\"><div class=\"kadence-blocks-gallery-item-inner\"><figure class=\"kb-gallery-figure kadence-blocks-gallery-item-hide-caption\"><div class=\"kb-gal-image-radius\"><div class=\"kb-gallery-image-contain kadence-blocks-gallery-intrinsic kb-gallery-image-ratio-land32 kb-has-image-ratio-land32\" ><img loading=\"lazy\" decoding=\"async\" src=\"https:\/\/www.turkaesthetic.com\/wp-content\/uploads\/2023\/12\/Teeth-whitening-before-after-5.webp\" width=\"1200\" height=\"800\" alt=\"Vor und nach der Zahnaufhellung\" data-full-image=\"https:\/\/www.turkaesthetic.com\/wp-content\/uploads\/2023\/12\/Teeth-whitening-before-after-5.webp\" data-light-image=\"https:\/\/www.turkaesthetic.com\/wp-content\/uploads\/2023\/12\/Teeth-whitening-before-after-5.webp\" data-id=\"49635\" class=\"wp-image-49635 skip-lazy\"\/><\/div><\/div><\/figure><\/div><\/div><\/li><\/ul><\/div><\/div><\/div><\/div>\n\n\n<h2 class=\"wp-block-heading\">H\u00e4ufig gestellte Fragen \u2013 Laser Zahnaufhellung<\/h2>\n\n\n<div id=\"rank-math-faq\" class=\"rank-math-block\">\n<div class=\"rank-math-list \">\n<div id=\"faq-question-1752677785941\" class=\"rank-math-list-item\">\n<h3 class=\"rank-math-question \">Ist eine Laser Zahnaufhellung f\u00fcr jeden geeignet?<\/h3>\n<div class=\"rank-math-answer \">\n\n<p>Sie ist grunds\u00e4tzlich f\u00fcr gesunde Menschen geeignet. Schwangere, stillende M\u00fctter und Personen mit ernsthaften Zahnfleischproblemen werden jedoch nicht empfohlen.<\/p>\n\n<\/div>\n<\/div>\n<div id=\"faq-question-1752677790879\" class=\"rank-math-list-item\">\n<h3 class=\"rank-math-question \">Kann nach einer Laser-Zahnaufhellung eine Empfindlichkeit auftreten?<\/h3>\n<div class=\"rank-math-answer \">\n\n<p>Eine vor\u00fcbergehende Empfindlichkeit kann auftreten, verschwindet aber in der Regel innerhalb von 24\u201348 Stunden von selbst.<\/p>\n\n<\/div>\n<\/div>\n<div id=\"faq-question-1752677795872\" class=\"rank-math-list-item\">\n<h3 class=\"rank-math-question \">Wie lange h\u00e4lt der Aufhellungseffekt an?<\/h3>\n<div class=\"rank-math-answer \">\n\n<p>Bei eingeschr\u00e4nktem Konsum von f\u00e4rbenden Substanzen wie Kaffee, Tee und Zigaretten kann der Effekt ein bis zwei Jahre anhalten.<\/p>\n\n<\/div>\n<\/div>\n<div id=\"faq-question-1752677801380\" class=\"rank-math-list-item\">\n<h3 class=\"rank-math-question \">Ist der Laser sch\u00e4dlich?<\/h3>\n<div class=\"rank-math-answer \">\n\n<p>Nein, Dentallaser sind kontrolliert und sicher. Sie sch\u00e4digen den Zahnschmelz nicht.<\/p>\n\n<\/div>\n<\/div>\n<div id=\"faq-question-1752677806096\" class=\"rank-math-list-item\">\n<h3 class=\"rank-math-question \">Funktioniert Laser Zahnaufhellung auch bei Z\u00e4hnen mit Veneers oder F\u00fcllungen?<\/h3>\n<div class=\"rank-math-answer \">\n\n<p>Nein, dieses Verfahren wirkt nur auf nat\u00fcrliches Zahngewebe. Die Farbe von Veneers oder F\u00fcllungen wird dadurch nicht ver\u00e4ndert<\/p>\n\n<\/div>\n<\/div>\n<\/div>\n<\/div>\n\n\n<p>F\u00fcr weitere Informationen oder Preisanfragen k\u00f6nnen Sie&nbsp;<a href=\"https:\/\/www.youtube.com\/channel\/UC0zggzdm5CFwpRMmn_CPpFQ\" target=\"_blank\" rel=\"noreferrer noopener\">Turk Aesthetic<\/a>&nbsp;in Istanbul, T\u00fcrkei, \u00fcber die offiziellen Kan\u00e4le&nbsp;<a href=\"https:\/\/www.turkaesthetic.com\/de\/contact-us\/\" target=\"_blank\" rel=\"noreferrer noopener\">kontaktieren<\/a>.<\/p>\n","protected":false},"excerpt":{"rendered":"<p>Laser Zahnaufhellung (Bleaching) ist eine schnelle und effektive kosmetische Zahnbehandlung, um Verf\u00e4rbungen und ein stumpfes Aussehen der Z\u00e4hne zu beseitigen. Ein spezielles Aufhellungsgel wird auf die Zahnoberfl\u00e4che aufgetragen und mithilfe von Laserlicht aktiviert. So kann eine um mehrere Nuancen aufgehellte Zahnfarbe erreicht werden, ohne den Zahnschmelz zu sch\u00e4digen. Da das Interesse an einer \u00e4sthetischen Zahnaufhellung [&hellip;]<\/p>\n","protected":false},"author":4,"featured_media":64503,"parent":0,"menu_order":0,"comment_status":"closed","ping_status":"closed","template":"","meta":{"footnotes":""},"dep":[1356],"class_list":["post-64566","page","type-page","status-publish","has-post-thumbnail","hentry","dep-cosmetic-dentistry"],"_links":{"self":[{"href":"https:\/\/www.turkaesthetic.com\/de\/wp-json\/wp\/v2\/pages\/64566","targetHints":{"allow":["GET"]}}],"collection":[{"href":"https:\/\/www.turkaesthetic.com\/de\/wp-json\/wp\/v2\/pages"}],"about":[{"href":"https:\/\/www.turkaesthetic.com\/de\/wp-json\/wp\/v2\/types\/page"}],"author":[{"embeddable":true,"href":"https:\/\/www.turkaesthetic.com\/de\/wp-json\/wp\/v2\/users\/4"}],"replies":[{"embeddable":true,"href":"https:\/\/www.turkaesthetic.com\/de\/wp-json\/wp\/v2\/comments?post=64566"}],"version-history":[{"count":0,"href":"https:\/\/www.turkaesthetic.com\/de\/wp-json\/wp\/v2\/pages\/64566\/revisions"}],"wp:featuredmedia":[{"embeddable":true,"href":"https:\/\/www.turkaesthetic.com\/de\/wp-json\/wp\/v2\/media\/64503"}],"wp:attachment":[{"href":"https:\/\/www.turkaesthetic.com\/de\/wp-json\/wp\/v2\/media?parent=64566"}],"wp:term":[{"taxonomy":"dep","embeddable":true,"href":"https:\/\/www.turkaesthetic.com\/de\/wp-json\/wp\/v2\/dep?post=64566"}],"curies":[{"name":"wp","href":"https:\/\/api.w.org\/{rel}","templated":true}]}}