{"id":64481,"date":"2025-07-05T12:42:16","date_gmt":"2025-07-05T09:42:16","guid":{"rendered":"https:\/\/www.turkaesthetic.com\/?page_id=64481"},"modified":"2025-07-21T16:34:28","modified_gmt":"2025-07-21T13:34:28","slug":"dental-crowns","status":"publish","type":"page","link":"https:\/\/www.turkaesthetic.com\/de\/dental-crowns\/","title":{"rendered":"Zahnkronen"},"content":{"rendered":"\n<p><strong>Zahnkronen<\/strong> sind eine spezielle Zahnbehandlung, die aus \u00e4sthetischen und funktionellen Gr\u00fcnden auf die Vorderseite der Z\u00e4hne aufgebracht wird. Sie bedecken entweder den gesamten Zahn oder nur den sichtbaren Bereich. In der \u00e4sthetischen Zahnmedizin zeichnen sich Zirkonium, E-Max, Veneers und Lumineer heute durch herausragende L\u00f6sungen aus, die das L\u00e4cheln der Patienten \u00e4sthetisch ver\u00e4ndern.<\/p>\n\n\n\n<figure class=\"wp-block-embed is-type-video is-provider-youtube wp-block-embed-youtube wp-embed-aspect-16-9 wp-has-aspect-ratio\"><div class=\"wp-block-embed__wrapper\">\n<iframe loading=\"lazy\" title=\"Dental Crowns - Turk Aesthetic\" width=\"800\" height=\"450\" src=\"https:\/\/www.youtube.com\/embed\/ZXMWDcQCJs0?feature=oembed\" frameborder=\"0\" allow=\"accelerometer; autoplay; clipboard-write; encrypted-media; gyroscope; picture-in-picture; web-share\" referrerpolicy=\"strict-origin-when-cross-origin\" allowfullscreen><\/iframe>\n<\/div><\/figure>\n\n\n\n<h2 class=\"wp-block-heading\">Wie l\u00e4uft die Zahnkronenbehandlung ab?<\/h2>\n\n\n<div id=\"rank-math-howto\" class=\"rank-math-block\" >\n<div class=\"rank-math-howto-description\">\n\n<p>Die Zahnkronenbehandlung wird entsprechend der Mundstruktur und den \u00e4sthetischen Erwartungen des Patienten geplant. Die allgemeinen Schritte sind wie folgt:<\/p>\n\n<\/div>\n<p class=\"rank-math-howto-duration\"><strong>Gesamtzeit:<\/strong> <span>5 Tage<\/span><\/p>\n<div class=\"rank-math-steps \">\n<div id=\"howto-step-1751706281662\" class=\"rank-math-step\">\n<h3 class=\"rank-math-step-title \">Untersuchung und Planung<\/h3>\n<div class=\"rank-math-step-content \"><p>Mithilfe digitaler Intraoralscans werden die Z\u00e4hne vermessen.<\/p>\n<\/div>\n<\/div>\n<div id=\"howto-step-1751882066157\" class=\"rank-math-step\">\n<h3 class=\"rank-math-step-title \">Zahnvorbereitung:<\/h3>\n<div class=\"rank-math-step-content \"><p>Bei Bedarf wird ein minimaler Zahnschliff durchgef\u00fchrt.<\/p>\n<\/div>\n<\/div>\n<div id=\"howto-step-1751882071377\" class=\"rank-math-step\">\n<h3 class=\"rank-math-step-title \">Provisorische Kronen:<\/h3>\n<div class=\"rank-math-step-content \"><p>W\u00e4hrend die permanenten Veneers vorbereitet werden, werden zum Schutz der Z\u00e4hne provisorische Kronen angebracht.<\/p>\n<\/div>\n<\/div>\n<div id=\"howto-step-1751882085947\" class=\"rank-math-step\">\n<h3 class=\"rank-math-step-title \">Kronenanwendung:<\/h3>\n<div class=\"rank-math-step-content \"><p>Die vorbereiteten Kronen werden mit speziellen Klebstoffen an den Z\u00e4hnen befestigt. Dieses Verfahren kann sowohl an Vorder- als auch an Backenz\u00e4hnen angewendet werden. Die durchschnittliche Behandlungsdauer betr\u00e4gt 4\u20137 Tage.<\/p>\n<\/div>\n<\/div>\n<\/div>\n<\/div>\n<p class=\"rank-math-howto-estimatedCost\"><strong>Gesch\u00e4tzte Kosten:<\/strong> <span>130 Euro<\/span><\/p>\n\n\n\n\n\n<h3 class=\"wp-block-heading\">F\u00fcr wen ist es geeignet?<\/h3>\n\n\n\n<ul class=\"wp-block-list\">\n<li>Personen mit verf\u00e4rbten oder fleckigen Z\u00e4hnen.<\/li>\n\n\n\n<li>Personen mit abgebrochenen, rissigen oder abgenutzten Zahnstrukturen.<\/li>\n\n\n\n<li>Personen, die ihr L\u00e4cheln \u00e4sthetisch verbessern m\u00f6chten (Hollywood-L\u00e4cheln).<\/li>\n\n\n\n<li>Personen mit Zahnl\u00fccken.<\/li>\n\n\n\n<li>Personen mit verformten Vorderz\u00e4hnen.<\/li>\n\n\n\n<li>Patienten mit schweren Zahnfleischerkrankungen, fortgeschrittener Karies oder Bruxismus (Z\u00e4hneknirschen) wird jedoch empfohlen, diese Probleme vor einer Veneer-Behandlung zu behandeln.<\/li>\n<\/ul>\n\n\n\n<h4 class=\"wp-block-heading\">Arten von Veneers und ihre Vergleiche<\/h4>\n\n\n\n<p><strong><a href=\"https:\/\/www.turkaesthetic.com\/de\/zirconium-crown\/\" target=\"_blank\" data-type=\"page\" data-id=\"50746\" rel=\"noreferrer noopener\">Zirkonkronen<\/a><\/strong><\/p>\n\n\n\n<p>Vorteile: Hohe Haltbarkeit, metallfrei, nat\u00fcrliches Wei\u00df.<br>Anwendungsbereich: Ideal f\u00fcr Backenz\u00e4hne und \u00e4sthetische Vorderz\u00e4hne.<\/p>\n\n\n\n<p><strong><a href=\"https:\/\/www.turkaesthetic.com\/de\/dentistry-de\/emax-veneer\/\" target=\"_blank\" data-type=\"post\" data-id=\"51636\" rel=\"noreferrer noopener\">E-Max<\/a>-Kronen:<\/strong><\/p>\n\n\n\n<p>Vorteile: Hergestellt aus Glaskeramik mit h\u00f6chster Lichtdurchl\u00e4ssigkeit.<br>Anwendungsbereich: Erzielt hervorragende Ergebnisse, insbesondere f\u00fcr die \u00c4sthetik der Vorderz\u00e4hne.<\/p>\n\n\n\n<p><strong><a href=\"https:\/\/www.turkaesthetic.com\/de\/dental-veneer\/\" target=\"_blank\" data-type=\"page\" data-id=\"14774\" rel=\"noreferrer noopener\">Veneers<\/a> (Porzellanlaminat)<\/strong><\/p>\n\n\n\n<p>Vorteile: Erfordert nur minimalen Zahnabtrag und sorgt f\u00fcr ein \u00e4sthetisches Aussehen.<br>Anwendungsbereich: Bietet eine kosmetische L\u00f6sung mit minimalem Eingriff an den Vorderz\u00e4hnen.<\/p>\n\n\n\n<p><strong><a href=\"https:\/\/www.turkaesthetic.com\/de\/dental-lumineers\/\" target=\"_blank\" data-type=\"page\" data-id=\"14857\" rel=\"noreferrer noopener\">Lumineers<\/a><\/strong><\/p>\n\n\n\n<p>Vorteile: Kann ohne Abschleifen der Z\u00e4hne angebracht werden, ultrad\u00fcnne Struktur.<br>Anwendungsbereich: Ideal f\u00fcr Menschen mit empfindlichen Z\u00e4hnen, erm\u00f6glicht ein schmerzfreies L\u00e4cheln.<\/p>\n\n\n\n<hr class=\"wp-block-separator has-alpha-channel-opacity\"\/>\n\n\n\n<h3 class=\"wp-block-heading\">Was vor und nach Zahnkronen zu beachten ist<\/h3>\n\n\n\n<p><strong>Vor dem Eingriff:<\/strong><\/p>\n\n\n\n<ul class=\"wp-block-list\">\n<li>Die Gesundheit des Zahnfleisches sollte \u00fcberpr\u00fcft werden.<\/li>\n\n\n\n<li>Eine professionelle Zahnreinigung kann erforderlich sein.<\/li>\n\n\n\n<li>Vermeiden Sie verf\u00e4rbende Substanzen wie Kaffee und Zigaretten.<\/li>\n<\/ul>\n\n\n\n<p><strong>Nach dem Eingriff:<\/strong><\/p>\n\n\n\n<ul class=\"wp-block-list\">\n<li>Vermeiden Sie harte Speisen.<\/li>\n\n\n\n<li>Putzen Sie Ihre Z\u00e4hne zweimal t\u00e4glich.<\/li>\n\n\n\n<li>Die Verwendung von Zahnseide und Mundduschen wird empfohlen.<\/li>\n\n\n\n<li>Zahn\u00e4rztliche Kontrolluntersuchungen sollten alle 6 Monate durchgef\u00fchrt werden.<\/li>\n<\/ul>\n\n\n\n<h3 class=\"wp-block-heading\">Vor und nach<\/h3>\n\n\n<style>.kb-gallery-id-64481_af98f2-cd .kadence-blocks-gallery-item .kb-gal-image-radius, .kb-gallery-id-64481_af98f2-cd .kb-slide-item .kb-gal-image-radius img{border-radius:0px 0px 0px 0px;;}.kb-gallery-wrap-id-64481_af98f2-cd.wp-block-kadence-advancedgallery{overflow:visible;}.kb-gallery-wrap-id-64481_af98f2-cd.wp-block-kadence-advancedgallery .kt-blocks-carousel{overflow:visible;}<\/style><div class=\"kb-gallery-wrap-id-64481_af98f2-cd alignnone wp-block-kadence-advancedgallery\"><div class=\"kb-gallery-ul kb-gallery-non-static kb-gallery-type-slider kb-gallery-id-64481_af98f2-cd kb-gallery-caption-style-bottom-hover kb-gallery-filter-none\" data-image-filter=\"none\" data-lightbox-caption=\"true\"><div class=\"kt-blocks-carousel splide kt-carousel-container-dotstyle-dark kt-carousel-arrowstyle-whiteondark kt-carousel-dotstyle-dark kb-slider-group-arrow kb-slider-arrow-position-center\" data-slider-anim-speed=\"400\" data-slider-scroll=\"1\" data-slider-arrows=\"true\" data-slider-fade=\"true\" data-slider-dots=\"true\" data-slider-type=\"slider\" data-slider-hover-pause=\"false\" data-slider-auto=\"\" data-slider-speed=\"7000\" data-show-pause-button=\"false\"><div class=\"splide__track\"><ul class=\"kt-blocks-carousel-init kb-blocks-slider splide__list\"><li class=\"kb-slide-item kb-gallery-slide-item splide__slide\"><div class=\"kadence-blocks-gallery-item\"><div class=\"kadence-blocks-gallery-item-inner\"><figure class=\"kb-gallery-figure kadence-blocks-gallery-item-hide-caption\"><div class=\"kb-gal-image-radius\"><div class=\"kb-gallery-image-contain kadence-blocks-gallery-intrinsic kb-gallery-image-ratio-land32 kb-has-image-ratio-land32\" ><img loading=\"lazy\" decoding=\"async\" src=\"https:\/\/www.turkaesthetic.com\/wp-content\/uploads\/2023\/12\/Dental-Crown-before-after-1.webp\" width=\"1200\" height=\"800\" alt=\"Di\u015f kaplamas\u0131 \u00f6ncesi ve sonras\u0131\" data-full-image=\"https:\/\/www.turkaesthetic.com\/wp-content\/uploads\/2023\/12\/Dental-Crown-before-after-1.webp\" data-light-image=\"https:\/\/www.turkaesthetic.com\/wp-content\/uploads\/2023\/12\/Dental-Crown-before-after-1.webp\" data-id=\"48886\" class=\"wp-image-48886 skip-lazy\"\/><\/div><\/div><\/figure><\/div><\/div><\/li><li class=\"kb-slide-item kb-gallery-slide-item splide__slide\"><div class=\"kadence-blocks-gallery-item\"><div class=\"kadence-blocks-gallery-item-inner\"><figure class=\"kb-gallery-figure kadence-blocks-gallery-item-hide-caption\"><div class=\"kb-gal-image-radius\"><div class=\"kb-gallery-image-contain kadence-blocks-gallery-intrinsic kb-gallery-image-ratio-land32 kb-has-image-ratio-land32\" ><img loading=\"lazy\" decoding=\"async\" src=\"https:\/\/www.turkaesthetic.com\/wp-content\/uploads\/2023\/12\/Dental-Crown-before-after-2.webp\" width=\"1200\" height=\"800\" alt=\"Di\u015f kaplamas\u0131 \u00f6ncesi ve sonras\u0131\" data-full-image=\"https:\/\/www.turkaesthetic.com\/wp-content\/uploads\/2023\/12\/Dental-Crown-before-after-2.webp\" data-light-image=\"https:\/\/www.turkaesthetic.com\/wp-content\/uploads\/2023\/12\/Dental-Crown-before-after-2.webp\" data-id=\"48895\" class=\"wp-image-48895 skip-lazy\"\/><\/div><\/div><\/figure><\/div><\/div><\/li><li class=\"kb-slide-item kb-gallery-slide-item splide__slide\"><div class=\"kadence-blocks-gallery-item\"><div class=\"kadence-blocks-gallery-item-inner\"><figure class=\"kb-gallery-figure kadence-blocks-gallery-item-hide-caption\"><div class=\"kb-gal-image-radius\"><div class=\"kb-gallery-image-contain kadence-blocks-gallery-intrinsic kb-gallery-image-ratio-land32 kb-has-image-ratio-land32\" ><img loading=\"lazy\" decoding=\"async\" src=\"https:\/\/www.turkaesthetic.com\/wp-content\/uploads\/2023\/12\/Dental-Crown-before-after-3.webp\" width=\"1200\" height=\"800\" alt=\"Di\u015f kaplamas\u0131 \u00f6ncesi ve sonras\u0131\" data-full-image=\"https:\/\/www.turkaesthetic.com\/wp-content\/uploads\/2023\/12\/Dental-Crown-before-after-3.webp\" data-light-image=\"https:\/\/www.turkaesthetic.com\/wp-content\/uploads\/2023\/12\/Dental-Crown-before-after-3.webp\" data-id=\"48904\" class=\"wp-image-48904 skip-lazy\"\/><\/div><\/div><\/figure><\/div><\/div><\/li><li class=\"kb-slide-item kb-gallery-slide-item splide__slide\"><div class=\"kadence-blocks-gallery-item\"><div class=\"kadence-blocks-gallery-item-inner\"><figure class=\"kb-gallery-figure kadence-blocks-gallery-item-hide-caption\"><div class=\"kb-gal-image-radius\"><div class=\"kb-gallery-image-contain kadence-blocks-gallery-intrinsic kb-gallery-image-ratio-land32 kb-has-image-ratio-land32\" ><img loading=\"lazy\" decoding=\"async\" src=\"https:\/\/www.turkaesthetic.com\/wp-content\/uploads\/2023\/12\/Dental-Crown-before-after-4.webp\" width=\"1200\" height=\"800\" alt=\"Di\u015f kaplamas\u0131 \u00f6ncesi ve sonras\u0131\" data-full-image=\"https:\/\/www.turkaesthetic.com\/wp-content\/uploads\/2023\/12\/Dental-Crown-before-after-4.webp\" data-light-image=\"https:\/\/www.turkaesthetic.com\/wp-content\/uploads\/2023\/12\/Dental-Crown-before-after-4.webp\" data-id=\"48913\" class=\"wp-image-48913 skip-lazy\"\/><\/div><\/div><\/figure><\/div><\/div><\/li><li class=\"kb-slide-item kb-gallery-slide-item splide__slide\"><div class=\"kadence-blocks-gallery-item\"><div class=\"kadence-blocks-gallery-item-inner\"><figure class=\"kb-gallery-figure kadence-blocks-gallery-item-hide-caption\"><div class=\"kb-gal-image-radius\"><div class=\"kb-gallery-image-contain kadence-blocks-gallery-intrinsic kb-gallery-image-ratio-land32 kb-has-image-ratio-land32\" ><img loading=\"lazy\" decoding=\"async\" src=\"https:\/\/www.turkaesthetic.com\/wp-content\/uploads\/2023\/12\/Dental-Crown-before-after-5.webp\" width=\"1200\" height=\"800\" alt=\"Di\u015f kaplamas\u0131 \u00f6ncesi ve sonras\u0131\" data-full-image=\"https:\/\/www.turkaesthetic.com\/wp-content\/uploads\/2023\/12\/Dental-Crown-before-after-5.webp\" data-light-image=\"https:\/\/www.turkaesthetic.com\/wp-content\/uploads\/2023\/12\/Dental-Crown-before-after-5.webp\" data-id=\"48922\" class=\"wp-image-48922 skip-lazy\"\/><\/div><\/div><\/figure><\/div><\/div><\/li><\/ul><\/div><\/div><\/div><\/div>\n\n\n<hr class=\"wp-block-separator has-alpha-channel-opacity\"\/>\n\n\n\n<h3 class=\"wp-block-heading\">Kosten f\u00fcr Zahnkronen (Istanbul 2025)<\/h3>\n\n\n\n<p>Die Kosten f\u00fcr Zahnkronen in Istanbul variieren je nach verwendetem Material, Erfahrung des Zahnarztes, Standort der Klinik und Anzahl der Veneers:<\/p>\n\n\n\n<p>Zirkonkrone: 130 \u20ac<br>E-Max-Krone: 190 \u20ac<br>Veneer &amp; Lumineer: 130\u2013190 \u20ac (pro Zahn)<br>F\u00fcr mehrere Kronen (z. B. <a href=\"https:\/\/www.turkaesthetic.com\/de\/hollywood-smile\/\" target=\"_blank\" data-type=\"page\" data-id=\"15926\" rel=\"noreferrer noopener\">Hollywood Smile)<\/a> k\u00f6nnen individuelle Paketpreise angeboten werden.<\/p>\n\n\n\n<h2 class=\"wp-block-heading\">FAQ <\/h2>\n\n\n<div id=\"rank-math-faq\" class=\"rank-math-block\">\n<div class=\"rank-math-list \">\n<div id=\"faq-question-1751706553327\" class=\"rank-math-list-item\">\n<h3 class=\"rank-math-question \">Ist das Einsetzen von Zahnkronen schmerzhaft?<\/h3>\n<div class=\"rank-math-answer \">\n\n<p>Nein. Es erfolgt unter \u00f6rtlicher Bet\u00e4ubung und ist in der Regel schmerzfrei.<\/p>\n\n<\/div>\n<\/div>\n<div id=\"faq-question-1751882441426\" class=\"rank-math-list-item\">\n<h3 class=\"rank-math-question \">Wie lange halten Zahnkronen?<\/h3>\n<div class=\"rank-math-answer \">\n\n<p>Bei richtiger Pflege k\u00f6nnen sie problemlos 10\u201315 Jahre oder sogar l\u00e4nger halten.<\/p>\n\n<\/div>\n<\/div>\n<div id=\"faq-question-1751882446339\" class=\"rank-math-list-item\">\n<h3 class=\"rank-math-question \">Ver\u00e4ndert sich die Farbe von Zahnkronen?<\/h3>\n<div class=\"rank-math-answer \">\n\n<p>Zahnkronen wie Zirkonium und E-Max sind farbstabil, \u00fcberm\u00e4\u00dfiger Konsum von Tee, Kaffee und Zigaretten kann jedoch die Farbe ver\u00e4ndern.<\/p>\n\n<\/div>\n<\/div>\n<\/div>\n<\/div>\n\n\n<hr class=\"wp-block-separator has-alpha-channel-opacity\"\/>\n\n\n\n<h2 class=\"wp-block-heading\">Fazit<\/h2>\n\n\n\n<p>Zahnkronen sind nicht nur eine \u00e4sthetische L\u00f6sung, sondern auch eine Behandlung, die das Selbstvertrauen wiederherstellt. Mit Optionen wie Zirkonium, E-Max, Veneer und Lumineer finden Sie eine individuelle L\u00f6sung f\u00fcr Ihre individuellen Bed\u00fcrfnisse. Als Fachklinik in Istanbul verhelfen wir Ihnen zu einem m\u00f6glichst nat\u00fcrlichen L\u00e4cheln.<\/p>\n\n\n\n<p>Schlie\u00dflich k\u00f6nnen Sie unser Team direkt \u00fcber den Link\u00a0<a href=\"https:\/\/www.turkaesthetic.com\/de\/contact-us\/\" target=\"_blank\" data-type=\"link\" data-id=\"https:\/\/www.turkaesthetic.com\/de\/contact-us\/\" rel=\"noreferrer noopener\"><strong>kontaktieren<\/strong><\/a>, um Informationen und Preise von\u00a0<strong><a href=\"https:\/\/www.youtube.com\/channel\/UC0zggzdm5CFwpRMmn_CPpFQ\" target=\"_blank\" rel=\"noreferrer noopener\">Turk Aesthetic<\/a>\u00a0<\/strong>anzufordern.<br><\/p>\n","protected":false},"excerpt":{"rendered":"<p>Zahnkronen sind eine spezielle Zahnbehandlung, die aus \u00e4sthetischen und funktionellen Gr\u00fcnden auf die Vorderseite der Z\u00e4hne aufgebracht wird. Sie bedecken entweder den gesamten Zahn oder nur den sichtbaren Bereich. In der \u00e4sthetischen Zahnmedizin zeichnen sich Zirkonium, E-Max, Veneers und Lumineer heute durch herausragende L\u00f6sungen aus, die das L\u00e4cheln der Patienten \u00e4sthetisch ver\u00e4ndern. Wie l\u00e4uft die [&hellip;]<\/p>\n","protected":false},"author":4,"featured_media":64429,"parent":0,"menu_order":0,"comment_status":"closed","ping_status":"closed","template":"","meta":{"footnotes":""},"dep":[1356],"class_list":["post-64481","page","type-page","status-publish","has-post-thumbnail","hentry","dep-cosmetic-dentistry"],"_links":{"self":[{"href":"https:\/\/www.turkaesthetic.com\/de\/wp-json\/wp\/v2\/pages\/64481","targetHints":{"allow":["GET"]}}],"collection":[{"href":"https:\/\/www.turkaesthetic.com\/de\/wp-json\/wp\/v2\/pages"}],"about":[{"href":"https:\/\/www.turkaesthetic.com\/de\/wp-json\/wp\/v2\/types\/page"}],"author":[{"embeddable":true,"href":"https:\/\/www.turkaesthetic.com\/de\/wp-json\/wp\/v2\/users\/4"}],"replies":[{"embeddable":true,"href":"https:\/\/www.turkaesthetic.com\/de\/wp-json\/wp\/v2\/comments?post=64481"}],"version-history":[{"count":0,"href":"https:\/\/www.turkaesthetic.com\/de\/wp-json\/wp\/v2\/pages\/64481\/revisions"}],"wp:featuredmedia":[{"embeddable":true,"href":"https:\/\/www.turkaesthetic.com\/de\/wp-json\/wp\/v2\/media\/64429"}],"wp:attachment":[{"href":"https:\/\/www.turkaesthetic.com\/de\/wp-json\/wp\/v2\/media?parent=64481"}],"wp:term":[{"taxonomy":"dep","embeddable":true,"href":"https:\/\/www.turkaesthetic.com\/de\/wp-json\/wp\/v2\/dep?post=64481"}],"curies":[{"name":"wp","href":"https:\/\/api.w.org\/{rel}","templated":true}]}}