{"id":63277,"date":"2025-02-18T15:11:32","date_gmt":"2025-02-18T12:11:32","guid":{"rendered":"https:\/\/www.turkaesthetic.com\/?page_id=63277"},"modified":"2026-04-02T14:22:24","modified_gmt":"2026-04-02T11:22:24","slug":"body-hair-transplant","status":"publish","type":"page","link":"https:\/\/www.turkaesthetic.com\/de\/body-hair-transplant\/","title":{"rendered":"BHT Haartransplantation"},"content":{"rendered":"\n<p>Die <strong>BHT Haartransplantation<\/strong> (Body Hair Transplant) ist eine Methode, die angewendet wird, wenn nicht gen\u00fcgend Spenderhaar auf der Kopfhaut vorhanden ist. In solchen F\u00e4llen werden Haarfollikel aus anderen K\u00f6rperregionen entnommen und f\u00fcr die Haartransplantation verwendet. Diese Methode bietet eine effektive Alternative, insbesondere f\u00fcr Personen mit unzureichendem Spenderhaar im Nackenbereich.<\/p>\n\n\n\n<p>Haarfollikel aus Bereichen wie Bart oder Brust k\u00f6nnen verwendet werden, um w\u00e4hrend der Transplantation ein volleres Aussehen zu erzielen<\/p>\n\n\n\n<h2 class=\"wp-block-heading\">Wie l\u00e4uft eine BHT Haartransplantation ab?<\/h2>\n\n\n<div id=\"rank-math-howto\" class=\"rank-math-block\" >\n<div class=\"rank-math-howto-description\">\n\n<p>-Behandlungsschritte:<\/p>\n\n<\/div>\n<p class=\"rank-math-howto-duration\"><strong>Gesamtzeit:<\/strong> <span>7 Stunden<\/span><\/p>\n<div class=\"rank-math-steps \">\n<div id=\"howto-step-1739878386381\" class=\"rank-math-step\">\n<h3 class=\"rank-math-step-title \">Erster Schritt:<\/h3>\n<div class=\"rank-math-step-content \"><p>Untersuchung und Planung: Der Haarausfall des Patienten wird analysiert und geeignete Spenderbereiche am K\u00f6rper werden identifiziert.<\/p>\n<\/div>\n<\/div>\n<div id=\"howto-step-1739878404506\" class=\"rank-math-step\">\n<h3 class=\"rank-math-step-title \">N\u00e4chster Schritt:<\/h3>\n<div class=\"rank-math-step-content \"><p>Entnahme der Spenderfollikel: Die K\u00f6rperhaare werden sorgf\u00e4ltig einzeln mit speziellen Mikromotoren entnommen.<br \/>Vorbereitung der Grafts: Die entnommenen Haare werden aufbereitet und f\u00fcr die Transplantation auf die Kopfhaut vorbereitet.<br \/>Haartransplantation: Die vorbereiteten K\u00f6rperhaarfollikel werden pr\u00e4zise in kahle oder sch\u00fcttere Bereiche transplantiert.<\/p>\n<\/div>\n<\/div>\n<div id=\"howto-step-1739878417538\" class=\"rank-math-step\">\n<h3 class=\"rank-math-step-title \">Endphase<\/h3>\n<div class=\"rank-math-step-content \"><p>Verband: Nach dem Eingriff wird der Spenderbereich mit einer antibiotischen Salbe behandelt und verbunden.<br \/>Genesungsprozess: Die frisch transplantierten Follikel gew\u00f6hnen sich an ihre neue Umgebung.<\/p>\n<\/div>\n<\/div>\n<\/div>\n<\/div>\n<p class=\"rank-math-howto-estimatedCost\"><strong>Gesch\u00e4tzte Kosten:<\/strong> <span>1800 Euro<\/span><\/p>\n\n\n\n\n\n<h3 class=\"wp-block-heading\">Video zur BHT Haartransplantation<\/h3>\n\n\n\n<p>Sie k\u00f6nnen sich das Video ansehen, um den Ablauf des Eingriffs Schritt f\u00fcr Schritt zu verfolgen.<\/p>\n\n\n\n<figure class=\"wp-block-embed is-type-video is-provider-youtube wp-block-embed-youtube wp-embed-aspect-16-9 wp-has-aspect-ratio\"><div class=\"wp-block-embed__wrapper\">\n<iframe loading=\"lazy\" title=\"Hair Transplant Techniques - Turk Aesthetic\" width=\"800\" height=\"450\" src=\"https:\/\/www.youtube.com\/embed\/rqiNLzLCCPg?feature=oembed\" frameborder=\"0\" allow=\"accelerometer; autoplay; clipboard-write; encrypted-media; gyroscope; picture-in-picture; web-share\" referrerpolicy=\"strict-origin-when-cross-origin\" allowfullscreen><\/iframe>\n<\/div><figcaption class=\"wp-element-caption\"> BHT Haartransplantation<\/figcaption><\/figure>\n\n\n\n<h3 class=\"wp-block-heading\">Welche Bereiche werden bei der BHT bevorzugt?<\/h3>\n\n\n\n<h3 class=\"wp-block-heading\">Bartbereich<\/h3>\n\n\n\n<p>Bei der BHT-Technik werden Bartfollikel besonders bevorzugt, da sie in Textur und Dicke dem Kopfhaar sehr \u00e4hnlich sind. Aus diesem Grund ist der Bartbereich w\u00e4hrend der Behandlung oft die am h\u00e4ufigsten gew\u00e4hlte Spenderregion.<\/p>\n\n\n\n<figure class=\"wp-block-image size-full\"><img loading=\"lazy\" decoding=\"async\" width=\"800\" height=\"600\" src=\"https:\/\/www.turkaesthetic.com\/wp-content\/uploads\/2025\/02\/BHT-2.webp\" alt=\"BHT tekni\u011fi\" class=\"wp-image-60567\" srcset=\"https:\/\/www.turkaesthetic.com\/wp-content\/uploads\/2025\/02\/BHT-2.webp 800w, https:\/\/www.turkaesthetic.com\/wp-content\/uploads\/2025\/02\/BHT-2-768x576.webp 768w\" sizes=\"auto, (max-width: 800px) 100vw, 800px\" \/><figcaption class=\"wp-element-caption\">Bartbereich<\/figcaption><\/figure>\n\n\n\n<h4 class=\"wp-block-heading\">Brustbereich<\/h4>\n\n\n\n<p>Der Brustbereich kann insbesondere bei \u00e4sthetischer Chirurgie und Behandlungen wie der BHT bevorzugt werden. Diese Entscheidung sollte jedoch von Haartransplantationsspezialisten getroffen werden.<\/p>\n\n\n\n<h3 class=\"wp-block-heading\">F\u00fcr wen ist die BHT Haartransplantation geeignet?<\/h3>\n\n\n\n<p>Die BHT-Methode wird in folgenden Situationen bevorzugt:<\/p>\n\n\n\n<ul class=\"wp-block-list\">\n<li>Personen mit unzureichendem Spenderhaar im Nackenbereich.<\/li>\n\n\n\n<li>Personen mit fortgeschrittenem Haarausfall.<\/li>\n\n\n\n<li>Personen, die eine h\u00f6here Haardichte w\u00fcnschen.<\/li>\n\n\n\n<li>Patienten mit eingeschr\u00e4nktem Spenderbereich aufgrund von Verbrennungen oder Narben.<\/li>\n\n\n\n<li>Da K\u00f6rperhaar jedoch andere Eigenschaften als Kopfhaar aufweist, ist es m\u00f6glicherweise nicht f\u00fcr jeden geeignet. Ein Facharzt muss die Eignung beurteilen.<\/li>\n<\/ul>\n\n\n\n<p><strong>DHI-Technik (Direkte Haarimplantation)<\/strong><\/p>\n\n\n\n<p><a href=\"https:\/\/www.turkaesthetic.com\/de\/dhi-hair-transplant\/\" target=\"_blank\" data-type=\"page\" data-id=\"59845\" rel=\"noreferrer noopener\">DHI<\/a>-Haartransplantation bezeichnet die direkte Haarimplantation. Bei dieser Technik werden Haarfollikel mithilfe eines speziellen Choi-Implantationsstifts direkt in die Zielregion implantiert.<\/p>\n\n\n\n<p><strong>FUE-Technik<\/strong><\/p>\n\n\n\n<p><a href=\"https:\/\/www.turkaesthetic.com\/de\/fue-hair-transplant\/\" target=\"_blank\" data-type=\"page\" data-id=\"61559\" rel=\"noreferrer noopener\">FUE<\/a> (Follicular Unit Extraction) ist eine Haartransplantationstechnik, bei der Haarfollikel einzeln entnommen und implantiert werden. Dabei entstehen nur minimale Narben und es sind keine N\u00e4hte erforderlich. Bei dieser Methode werden die Follikel mithilfe eines Mikromotors oder einer manuellen Punch-Operation aus dem Spenderbereich in die kahle Stelle \u00fcbertragen.<\/p>\n\n\n\n<h3 class=\"wp-block-heading\">Vor- und Nachteile der BHT Haartransplantation<\/h3>\n\n\n\n<hr class=\"wp-block-separator has-alpha-channel-opacity\"\/>\n\n\n\n<p><strong>Vorteile:<\/strong><\/p>\n\n\n\n<ul class=\"wp-block-list\">\n<li>Bietet eine zus\u00e4tzliche L\u00f6sung f\u00fcr Patienten mit unzureichendem Spenderhaar im Nackenbereich.<\/li>\n\n\n\n<li>Erm\u00f6glicht eine h\u00f6here Haardichte.<\/li>\n\n\n\n<li>Haare k\u00f6nnen von verschiedenen K\u00f6rperstellen entnommen werden.<\/li>\n<\/ul>\n\n\n\n<p><strong>Nachteile:<\/strong><\/p>\n\n\n\n<ul class=\"wp-block-list\">\n<li>K\u00f6rperhaar hat eine andere Struktur als Kopfhaar, wodurch ein vollkommen nat\u00fcrliches Aussehen schwieriger zu erreichen ist.<\/li>\n\n\n\n<li>Der Wachstumszyklus von K\u00f6rperhaar unterscheidet sich vom Kopfhaar, was zu unterschiedlichen Ergebnissen f\u00fchren kann.<\/li>\n\n\n\n<li>Der Eingriff kann l\u00e4nger dauern als herk\u00f6mmliche Haartransplantationstechniken.<\/li>\n\n\n\n<li>Was vor und nach der BHT-Haartransplantation zu beachten ist<\/li>\n<\/ul>\n\n\n\n<p><strong>Vor dem Eingriff:<\/strong><\/p>\n\n\n\n<ul class=\"wp-block-list\">\n<li>Blutverd\u00fcnnende Medikamente sollten (auf \u00e4rztliche Empfehlung) abgesetzt werden.<\/li>\n\n\n\n<li>Rauchen und Alkoholkonsum sollten reduziert werden.<\/li>\n\n\n\n<li>K\u00f6rperhaar sollte in nat\u00fcrlicher L\u00e4nge gehalten werden.<\/li>\n\n\n\n<li>Auf eine gesunde Ern\u00e4hrung und einen gesunden Schlaf sollte geachtet werden.<\/li>\n<\/ul>\n\n\n\n<p><strong>Nach dem Eingriff:<\/strong><\/p>\n\n\n\n<ul class=\"wp-block-list\">\n<li>Der Verband wird am n\u00e4chsten Tag entfernt und die Haare gewaschen.<\/li>\n\n\n\n<li>Enge Kleidung sollte vermieden und der Transplantationsbereich nicht gereizt werden.<\/li>\n\n\n\n<li>Die Anweisungen des Arztes sind strikt zu befolgen.<\/li>\n\n\n\n<li>Aktivit\u00e4ten wie anstrengender Sport und Saunag\u00e4nge sollten vermieden werden.<\/li>\n<\/ul>\n\n\n\n<h3 class=\"wp-block-heading\">Vorher-Nachher-Fotos der BHT Haartransplantation<\/h3>\n\n\n\n<p>F\u00fcr alle, die eine BHT-Haartransplantation in Erw\u00e4gung ziehen, sind Vorher-Nachher-Fotos unerl\u00e4sslich, um den Ablauf und die Ergebnisse zu verstehen. Eine Haartransplantation mit K\u00f6rperhaar kann sich von einer herk\u00f6mmlichen Haartransplantation unterscheiden. Daher helfen Fotos von Patientenerfahrungen, die Erwartungen zu sch\u00e4rfen. In der Regel werden innerhalb von 6\u201312 Monaten nach der BHT-Haartransplantation sichtbare Ergebnisse erzielt.<\/p>\n\n\n<style>.kb-gallery-id-63277_b3ef7b-38 .kadence-blocks-gallery-item .kb-gal-image-radius, .kb-gallery-id-63277_b3ef7b-38 .kb-slide-item .kb-gal-image-radius img{border-radius:0px 0px 0px 0px;;}.kb-gallery-wrap-id-63277_b3ef7b-38.wp-block-kadence-advancedgallery{overflow:visible;}.kb-gallery-wrap-id-63277_b3ef7b-38.wp-block-kadence-advancedgallery .kt-blocks-carousel{overflow:visible;}<\/style><div class=\"kb-gallery-wrap-id-63277_b3ef7b-38 alignnone wp-block-kadence-advancedgallery\"><div class=\"kb-gallery-ul kb-gallery-non-static kb-gallery-type-slider kb-gallery-id-63277_b3ef7b-38 kb-gallery-caption-style-bottom-hover kb-gallery-filter-none\" data-image-filter=\"none\" data-lightbox-caption=\"true\"><div class=\"kt-blocks-carousel splide kt-carousel-container-dotstyle-dark kt-carousel-arrowstyle-whiteondark kt-carousel-dotstyle-dark kb-slider-group-arrow kb-slider-arrow-position-center\" data-slider-anim-speed=\"400\" data-slider-scroll=\"1\" data-slider-arrows=\"true\" data-slider-fade=\"true\" data-slider-dots=\"true\" data-slider-type=\"slider\" data-slider-hover-pause=\"false\" data-slider-auto=\"\" data-slider-speed=\"7000\" data-show-pause-button=\"false\"><div class=\"splide__track\"><ul class=\"kt-blocks-carousel-init kb-blocks-slider splide__list\"><li class=\"kb-slide-item kb-gallery-slide-item splide__slide\"><div class=\"kadence-blocks-gallery-item\"><div class=\"kadence-blocks-gallery-item-inner\"><figure class=\"kb-gallery-figure kadence-blocks-gallery-item-hide-caption\"><div class=\"kb-gal-image-radius\"><div class=\"kb-gallery-image-contain kadence-blocks-gallery-intrinsic kb-gallery-image-ratio-land32 kb-has-image-ratio-land32\" ><img loading=\"lazy\" decoding=\"async\" src=\"https:\/\/www.turkaesthetic.com\/wp-content\/uploads\/2023\/12\/Hair-transplant-before-after-9.webp\" width=\"1200\" height=\"800\" alt=\"Vor und nach der Haartransplantation perkutan\" data-full-image=\"https:\/\/www.turkaesthetic.com\/wp-content\/uploads\/2023\/12\/Hair-transplant-before-after-9.webp\" data-light-image=\"https:\/\/www.turkaesthetic.com\/wp-content\/uploads\/2023\/12\/Hair-transplant-before-after-9.webp\" data-id=\"49148\" class=\"wp-image-49148 skip-lazy\"\/><\/div><\/div><\/figure><\/div><\/div><\/li><li class=\"kb-slide-item kb-gallery-slide-item splide__slide\"><div class=\"kadence-blocks-gallery-item\"><div class=\"kadence-blocks-gallery-item-inner\"><figure class=\"kb-gallery-figure kadence-blocks-gallery-item-hide-caption\"><div class=\"kb-gal-image-radius\"><div class=\"kb-gallery-image-contain kadence-blocks-gallery-intrinsic kb-gallery-image-ratio-land32 kb-has-image-ratio-land32\" ><img loading=\"lazy\" decoding=\"async\" src=\"https:\/\/www.turkaesthetic.com\/wp-content\/uploads\/2023\/12\/Hair-transplant-before-after-10.webp\" width=\"1200\" height=\"800\" alt=\"Vor und nach der Haartransplantation perkutan\" data-full-image=\"https:\/\/www.turkaesthetic.com\/wp-content\/uploads\/2023\/12\/Hair-transplant-before-after-10.webp\" data-light-image=\"https:\/\/www.turkaesthetic.com\/wp-content\/uploads\/2023\/12\/Hair-transplant-before-after-10.webp\" data-id=\"49157\" class=\"wp-image-49157 skip-lazy\"\/><\/div><\/div><\/figure><\/div><\/div><\/li><li class=\"kb-slide-item kb-gallery-slide-item splide__slide\"><div class=\"kadence-blocks-gallery-item\"><div class=\"kadence-blocks-gallery-item-inner\"><figure class=\"kb-gallery-figure kadence-blocks-gallery-item-hide-caption\"><div class=\"kb-gal-image-radius\"><div class=\"kb-gallery-image-contain kadence-blocks-gallery-intrinsic kb-gallery-image-ratio-land32 kb-has-image-ratio-land32\" ><img loading=\"lazy\" decoding=\"async\" src=\"https:\/\/www.turkaesthetic.com\/wp-content\/uploads\/2023\/12\/Hair-transplant-before-after-11.webp\" width=\"1200\" height=\"800\" alt=\"Vor und nach der Haartransplantation perkutan\" data-full-image=\"https:\/\/www.turkaesthetic.com\/wp-content\/uploads\/2023\/12\/Hair-transplant-before-after-11.webp\" data-light-image=\"https:\/\/www.turkaesthetic.com\/wp-content\/uploads\/2023\/12\/Hair-transplant-before-after-11.webp\" data-id=\"49166\" class=\"wp-image-49166 skip-lazy\"\/><\/div><\/div><\/figure><\/div><\/div><\/li><li class=\"kb-slide-item kb-gallery-slide-item splide__slide\"><div class=\"kadence-blocks-gallery-item\"><div class=\"kadence-blocks-gallery-item-inner\"><figure class=\"kb-gallery-figure kadence-blocks-gallery-item-hide-caption\"><div class=\"kb-gal-image-radius\"><div class=\"kb-gallery-image-contain kadence-blocks-gallery-intrinsic kb-gallery-image-ratio-land32 kb-has-image-ratio-land32\" ><img loading=\"lazy\" decoding=\"async\" src=\"https:\/\/www.turkaesthetic.com\/wp-content\/uploads\/2023\/12\/Hair-transplant-before-after-12.webp\" width=\"1200\" height=\"800\" alt=\"Vor und nach der Haartransplantation perkutan\" data-full-image=\"https:\/\/www.turkaesthetic.com\/wp-content\/uploads\/2023\/12\/Hair-transplant-before-after-12.webp\" data-light-image=\"https:\/\/www.turkaesthetic.com\/wp-content\/uploads\/2023\/12\/Hair-transplant-before-after-12.webp\" data-id=\"49175\" class=\"wp-image-49175 skip-lazy\"\/><\/div><\/div><\/figure><\/div><\/div><\/li><\/ul><\/div><\/div><\/div><\/div>\n\n\n<h3 class=\"wp-block-heading\">Wann sind BHT-Ergebnisse sichtbar?<\/h3>\n\n\n\n<p>Das Haarwachstum mit der BHT-Methode beginnt innerhalb von 3\u20136 Monaten. Die vollst\u00e4ndigen Ergebnisse sind nach 12\u201318 Monaten sichtbar. Ein vor\u00fcbergehender Haarausfall, bekannt als \u201eSchockverlust\u201c, kann auftreten. Dies ist jedoch ein normaler Prozess, und die transplantierten Follikel werden mit der Zeit kr\u00e4ftiger.<\/p>\n\n\n\n<h4 class=\"wp-block-heading\">Kosten einer BHT Haartransplantation in Istanbul, T\u00fcrkei<\/h4>\n\n\n\n<p>Bei einer BHT-Haartransplantation werden Haarfollikel aus verschiedenen K\u00f6rperregionen entnommen und auf die Kopfhaut transplantiert.<br>Sie sollten eine Klinik oder ein Krankenhaus mit den besten Erfahrungs-, Sicherheits- und Sterilisationsstandards w\u00e4hlen.<br>Eine Haartransplantation mit der BHT-Methode kann etwas teurer sein als andere Techniken. Der Eingriff kostet in Istanbul, T\u00fcrkei, typischerweise zwischen 1.800 und 2.000 Euro.<\/p>\n\n\n\n<h2 class=\"wp-block-heading\">FAQ \u2013 BHT Haartransplantation<\/h2>\n\n\n\n<hr class=\"wp-block-separator has-alpha-channel-opacity\"\/>\n\n\n<div id=\"rank-math-faq\" class=\"rank-math-block\">\n<div class=\"rank-math-list \">\n<div id=\"faq-question-1739878229117\" class=\"rank-math-list-item\">\n<h3 class=\"rank-math-question \">Verursacht die BHT-Haartransplantation Schmerzen?<\/h3>\n<div class=\"rank-math-answer \">\n\n<p>Der Eingriff wird unter \u00f6rtlicher Bet\u00e4ubung durchgef\u00fchrt, sodass keine Schmerzen auftreten. Es k\u00f6nnen jedoch leichte Beschwerden auftreten.<\/p>\n\n<\/div>\n<\/div>\n<div id=\"faq-question-1747746206870\" class=\"rank-math-list-item\">\n<h3 class=\"rank-math-question \">Sind die transplantierten K\u00f6rperhaare dauerhaft?<\/h3>\n<div class=\"rank-math-answer \">\n\n<p>Ja, die transplantierten Haare sind dauerhaft. Da K\u00f6rperhaare jedoch einen anderen Wachstumszyklus haben, ben\u00f6tigen sie in bestimmten F\u00e4llen besondere Pflege.<\/p>\n\n<\/div>\n<\/div>\n<div id=\"faq-question-1747746212511\" class=\"rank-math-list-item\">\n<h3 class=\"rank-math-question \">Welche K\u00f6rperregionen werden bei der BHT-Haartransplantation f\u00fcr die Haarentnahme genutzt?<\/h3>\n<div class=\"rank-math-answer \">\n\n<p>Bart und Brustbereich sind die h\u00e4ufigsten Spenderregionen.<\/p>\n\n<\/div>\n<\/div>\n<div id=\"faq-question-1747746221005\" class=\"rank-math-list-item\">\n<h3 class=\"rank-math-question \">Wachsen K\u00f6rperhaare wie Kopfhaare?<\/h3>\n<div class=\"rank-math-answer \">\n\n<p>K\u00f6rperhaare k\u00f6nnen je nach genetischen Faktoren k\u00fcrzer und feiner sein. Sie k\u00f6nnen sich jedoch mit der Zeit allm\u00e4hlich an die Kopfhaut anpassen.<\/p>\n\n<\/div>\n<\/div>\n<div id=\"faq-question-1747746227633\" class=\"rank-math-list-item\">\n<h3 class=\"rank-math-question \">Ist die BHT-Haartransplantation f\u00fcr jeden geeignet?<\/h3>\n<div class=\"rank-math-answer \">\n\n<p>Nein. Die Struktur der K\u00f6rperhaare sollte zum Haartyp der Person passen. Zur Feststellung der Eignung ist eine \u00e4rztliche Untersuchung erforderlich.<\/p>\n\n<\/div>\n<\/div>\n<\/div>\n<\/div>\n\n\n<hr class=\"wp-block-separator has-alpha-channel-opacity\"\/>\n\n\n\n<h3 class=\"wp-block-heading\">Fazit<\/h3>\n\n\n\n<p>Die BHT-Haartransplantation bietet eine wichtige Alternative f\u00fcr Personen mit unzureichenden Spenderfl\u00e4chen im Nackenbereich. Erfolgreiche und nat\u00fcrliche Ergebnisse k\u00f6nnen mit der richtigen Planung und von einem erfahrenen Experten erzielt werden. Da K\u00f6rperhaare jedoch eine andere Struktur als Kopfhaare haben, ist eine professionelle Untersuchung unerl\u00e4sslich.<\/p>\n\n\n\n<p>Wenn Sie nicht gen\u00fcgend Spenderbereiche f\u00fcr eine Haartransplantation haben und eine Haartransplantation mit der BHT-Technik in Erw\u00e4gung ziehen, k\u00f6nnen Sie einen Haartransplantationsspezialisten konsultieren, um die beste L\u00f6sung zu finden.<\/p>\n\n\n\n<p>Schlie\u00dflich k\u00f6nnen direkt \u00fcber den Link&nbsp;<a href=\"http:\/\/turkaesthetic.com\/de\/contact-us\/\" target=\"_blank\" rel=\"noreferrer noopener\"><strong>kontaktieren<\/strong><\/a>, um Informationen und Preise von<strong>&nbsp;<a href=\"https:\/\/www.youtube.com\/channel\/UC0zggzdm5CFwpRMmn_CPpFQ\" target=\"_blank\" rel=\"noreferrer noopener\">Turk Aesthetic<\/a><\/strong>&nbsp;anzufordern.<a href=\"http:\/\/turkaesthetic.com\/de\/surgeries-de\/lip-lifting\/\"><\/a><a href=\"http:\/\/turkaesthetic.com\/de\/non-surgical-de\/cheek-filler\/\"><\/a><a href=\"https:\/\/www.turkaesthetic.com\/wp-content\/uploads\/2022\/01\/drawing-beard-before-transplant.webp\"><\/a><\/p>\n","protected":false},"excerpt":{"rendered":"<p>Die BHT Haartransplantation (Body Hair Transplant) ist eine Methode, die angewendet wird, wenn nicht gen\u00fcgend Spenderhaar auf der Kopfhaut vorhanden ist. In solchen F\u00e4llen werden Haarfollikel aus anderen K\u00f6rperregionen entnommen und f\u00fcr die Haartransplantation verwendet. Diese Methode bietet eine effektive Alternative, insbesondere f\u00fcr Personen mit unzureichendem Spenderhaar im Nackenbereich. Haarfollikel aus Bereichen wie Bart oder [&hellip;]<\/p>\n","protected":false},"author":4,"featured_media":60562,"parent":0,"menu_order":0,"comment_status":"closed","ping_status":"closed","template":"","meta":{"footnotes":""},"dep":[1352],"class_list":["post-63277","page","type-page","status-publish","has-post-thumbnail","hentry","dep-hair-transplant"],"_links":{"self":[{"href":"https:\/\/www.turkaesthetic.com\/de\/wp-json\/wp\/v2\/pages\/63277","targetHints":{"allow":["GET"]}}],"collection":[{"href":"https:\/\/www.turkaesthetic.com\/de\/wp-json\/wp\/v2\/pages"}],"about":[{"href":"https:\/\/www.turkaesthetic.com\/de\/wp-json\/wp\/v2\/types\/page"}],"author":[{"embeddable":true,"href":"https:\/\/www.turkaesthetic.com\/de\/wp-json\/wp\/v2\/users\/4"}],"replies":[{"embeddable":true,"href":"https:\/\/www.turkaesthetic.com\/de\/wp-json\/wp\/v2\/comments?post=63277"}],"version-history":[{"count":1,"href":"https:\/\/www.turkaesthetic.com\/de\/wp-json\/wp\/v2\/pages\/63277\/revisions"}],"predecessor-version":[{"id":72675,"href":"https:\/\/www.turkaesthetic.com\/de\/wp-json\/wp\/v2\/pages\/63277\/revisions\/72675"}],"wp:featuredmedia":[{"embeddable":true,"href":"https:\/\/www.turkaesthetic.com\/de\/wp-json\/wp\/v2\/media\/60562"}],"wp:attachment":[{"href":"https:\/\/www.turkaesthetic.com\/de\/wp-json\/wp\/v2\/media?parent=63277"}],"wp:term":[{"taxonomy":"dep","embeddable":true,"href":"https:\/\/www.turkaesthetic.com\/de\/wp-json\/wp\/v2\/dep?post=63277"}],"curies":[{"name":"wp","href":"https:\/\/api.w.org\/{rel}","templated":true}]}}