{"id":62824,"date":"2025-04-29T13:51:10","date_gmt":"2025-04-29T10:51:10","guid":{"rendered":"https:\/\/www.turkaesthetic.com\/?page_id=62824"},"modified":"2026-04-02T13:15:47","modified_gmt":"2026-04-02T10:15:47","slug":"sapphire-fue","status":"publish","type":"page","link":"https:\/\/www.turkaesthetic.com\/de\/sapphire-fue\/","title":{"rendered":"Saphir-Haartransplantation"},"content":{"rendered":"\n<p><strong>Saphir-Haartransplantation: <\/strong>Was ist eine Saphir-Haartransplantation? Die Saphir-Haartransplantation ist eine spezielle Variante der FUE-Technik (Follicular Unit Extraction). Bei der traditionellen FUE-Technik werden Metallschlitze verwendet, um Haarfollikel zu entnehmen und Poren f\u00fcr die Implantation zu schaffen. Bei der Saphir-Haartransplantation kommen stattdessen speziell entwickelte Saphirklingen zum Einsatz. Diese Technik erm\u00f6glicht eine pr\u00e4zisere Poren\u00f6ffnung, verbessert die Transplantatretention und sorgt f\u00fcr ein nat\u00fcrlicheres Ergebnis.<\/p>\n\n\n\n<h2 class=\"wp-block-heading\">Vorteile der Saphir Technik<\/h2>\n\n\n\n<p>Nat\u00fcrliches Aussehen: Dank der Saphirklingen k\u00f6nnen die Poren kleiner und sch\u00e4rfer ge\u00f6ffnet werden, wodurch das transplantierte Haar in eine nat\u00fcrlichere Richtung w\u00e4chst.<br>Geringere Gewebesch\u00e4digung: Im Vergleich zu Metallschlitzen verursachen Saphirspitzen weniger Gewebesch\u00e4digungen, was den Heilungsprozess beschleunigt.<br>Dichtere Transplantation: Durch die Schaffung engerer und pr\u00e4ziserer Poren ist ein dichterer und nat\u00fcrlicher wirkender Haaransatz m\u00f6glich.<br>Schnellere Heilung: Die mit Saphirklingen ge\u00f6ffneten Mikroporen heilen schneller, wodurch das Infektionsrisiko minimiert wird.<br>Weniger Krustenbildung: Bei Eingriffen mit Saphirspitzen kommt es nach der Transplantation zu weniger Schorf- und Wundbildung.<\/p>\n\n\n\n<h3 class=\"wp-block-heading\">Saphir-Haartransplantation<\/h3>\n\n\n\n<hr class=\"wp-block-separator has-alpha-channel-opacity\"\/>\n\n\n<div id=\"rank-math-howto\" class=\"rank-math-block\" >\n<div class=\"rank-math-howto-description\">\n\n<p>Phasen:<\/p>\n\n<\/div>\n<p class=\"rank-math-howto-duration\"><strong>Gesamtzeit:<\/strong> <span>7 Stunden<\/span><\/p>\n<div class=\"rank-math-steps \">\n<div id=\"howto-step-1740142238348\" class=\"rank-math-step\">\n<h3 class=\"rank-math-step-title \">Anfangsphase<\/h3>\n<div class=\"rank-math-step-content \"><img loading=\"lazy\" decoding=\"async\" width=\"800\" height=\"600\" src=\"https:\/\/www.turkaesthetic.com\/wp-content\/uploads\/2025\/02\/safir-2-1.webp\" class=\"attachment-full size-full\" alt=\"Greffe de Cheveux Saphir\" srcset=\"https:\/\/www.turkaesthetic.com\/wp-content\/uploads\/2025\/02\/safir-2-1.webp 800w, https:\/\/www.turkaesthetic.com\/wp-content\/uploads\/2025\/02\/safir-2-1-768x576.webp 768w\" sizes=\"auto, (max-width: 800px) 100vw, 800px\" \/><p>Vorberatung und Planung: Vor der Haartransplantation beurteilt ein Facharzt die Haarstruktur des Patienten, den Grad des Haarausfalls und das Spendergebiet.<br \/>Entnahme der Haarfollikel: Mit der Saphir-FUE-Methode werden die Haarfollikel mithilfe eines Mikromotors einzeln entnommen.<\/p>\n<\/div>\n<\/div>\n<div id=\"howto-step-1740142244223\" class=\"rank-math-step\">\n<h3 class=\"rank-math-step-title \">Zwischenphase<\/h3>\n<div class=\"rank-math-step-content \"><p>Poren\u00f6ffnung mit Saphirklingen: W\u00e4hrend der Poren\u00f6ffnungsphase werden Saphirklingen verwendet, um die richtige Richtung und den richtigen Winkel f\u00fcr nat\u00fcrliches Wachstum zu gew\u00e4hrleisten.<br \/>Implantation der Follikel: Die entnommenen Haarfollikel werden in die ge\u00f6ffneten Poren eingesetzt und schlie\u00dfen damit die Transplantation ab.<\/p>\n<\/div>\n<\/div>\n<div id=\"howto-step-1740142257044\" class=\"rank-math-step\">\n<h3 class=\"rank-math-step-title \">Endphase<\/h3>\n<div class=\"rank-math-step-content \"><p>Verband: Das Spendergebiet wird nach dem Eingriff mit einer antibiotischen Salbe behandelt und verbunden.<br \/>Heilung und Ergebnisse: Durch Befolgen der postoperativen Anweisungen des Arztes k\u00f6nnen Patienten ihre Genesung beschleunigen. Erste Ergebnisse sind innerhalb von 3\u20136 Monaten sichtbar, das vollst\u00e4ndige Ergebnis in der Regel nach etwa 12 Monaten.<\/p>\n<\/div>\n<\/div>\n<\/div>\n<\/div>\n<p class=\"rank-math-howto-estimatedCost\"><strong>Gesch\u00e4tzte Kosten:<\/strong> <span>1200 Euro<\/span><\/p>\n\n\n\n\n\n<h3 class=\"wp-block-heading\">Vorher und Nachher<\/h3>\n\n\n\n<hr class=\"wp-block-separator has-alpha-channel-opacity\"\/>\n\n\n\n<p>Bei Patienten, die sich der Saphir-Technik unterziehen, verwandelt sich das sp\u00e4rliche und d\u00fcnner werdende Haar vor dem Eingriff allm\u00e4hlich in ein ges\u00fcnderes und nat\u00fcrlicheres Aussehen. In den ersten Monaten kann das nachwachsende Haar zart und d\u00fcnn erscheinen, wird aber mit der Zeit dichter und voller.<\/p>\n\n\n<style>.kb-gallery-id-62824_476436-56 .kadence-blocks-gallery-item .kb-gal-image-radius, .kb-gallery-id-62824_476436-56 .kb-slide-item .kb-gal-image-radius img{border-radius:0px 0px 0px 0px;;}.kb-gallery-wrap-id-62824_476436-56.wp-block-kadence-advancedgallery{overflow:visible;}.kb-gallery-wrap-id-62824_476436-56.wp-block-kadence-advancedgallery .kt-blocks-carousel{overflow:visible;}<\/style><div class=\"kb-gallery-wrap-id-62824_476436-56 alignnone wp-block-kadence-advancedgallery\"><div class=\"kb-gallery-ul kb-gallery-non-static kb-gallery-type-slider kb-gallery-id-62824_476436-56 kb-gallery-caption-style-bottom-hover kb-gallery-filter-none\" data-image-filter=\"none\" data-lightbox-caption=\"true\"><div class=\"kt-blocks-carousel splide kt-carousel-container-dotstyle-dark kt-carousel-arrowstyle-whiteondark kt-carousel-dotstyle-dark kb-slider-group-arrow kb-slider-arrow-position-center\" data-slider-anim-speed=\"400\" data-slider-scroll=\"1\" data-slider-arrows=\"true\" data-slider-fade=\"true\" data-slider-dots=\"true\" data-slider-type=\"slider\" data-slider-hover-pause=\"false\" data-slider-auto=\"\" data-slider-speed=\"7000\" data-show-pause-button=\"false\"><div class=\"splide__track\"><ul class=\"kt-blocks-carousel-init kb-blocks-slider splide__list\"><li class=\"kb-slide-item kb-gallery-slide-item splide__slide\"><div class=\"kadence-blocks-gallery-item\"><div class=\"kadence-blocks-gallery-item-inner\"><figure class=\"kb-gallery-figure kadence-blocks-gallery-item-hide-caption\"><div class=\"kb-gal-image-radius\"><div class=\"kb-gallery-image-contain kadence-blocks-gallery-intrinsic kb-gallery-image-ratio-land32 kb-has-image-ratio-land32\" ><img loading=\"lazy\" decoding=\"async\" src=\"https:\/\/www.turkaesthetic.com\/wp-content\/uploads\/2023\/12\/Hair-transplant-before-after-13.webp\" width=\"1200\" height=\"800\" alt=\"Vor und nach der Haartransplantation sapphire\" data-full-image=\"https:\/\/www.turkaesthetic.com\/wp-content\/uploads\/2023\/12\/Hair-transplant-before-after-13.webp\" data-light-image=\"https:\/\/www.turkaesthetic.com\/wp-content\/uploads\/2023\/12\/Hair-transplant-before-after-13.webp\" data-id=\"49184\" class=\"wp-image-49184 skip-lazy\"\/><\/div><\/div><\/figure><\/div><\/div><\/li><li class=\"kb-slide-item kb-gallery-slide-item splide__slide\"><div class=\"kadence-blocks-gallery-item\"><div class=\"kadence-blocks-gallery-item-inner\"><figure class=\"kb-gallery-figure kadence-blocks-gallery-item-hide-caption\"><div class=\"kb-gal-image-radius\"><div class=\"kb-gallery-image-contain kadence-blocks-gallery-intrinsic kb-gallery-image-ratio-land32 kb-has-image-ratio-land32\" ><img loading=\"lazy\" decoding=\"async\" src=\"https:\/\/www.turkaesthetic.com\/wp-content\/uploads\/2023\/12\/Hair-transplant-before-after-14.webp\" width=\"1200\" height=\"800\" alt=\"Vor und nach der Haartransplantation sapphire\" data-full-image=\"https:\/\/www.turkaesthetic.com\/wp-content\/uploads\/2023\/12\/Hair-transplant-before-after-14.webp\" data-light-image=\"https:\/\/www.turkaesthetic.com\/wp-content\/uploads\/2023\/12\/Hair-transplant-before-after-14.webp\" data-id=\"49193\" class=\"wp-image-49193 skip-lazy\"\/><\/div><\/div><\/figure><\/div><\/div><\/li><li class=\"kb-slide-item kb-gallery-slide-item splide__slide\"><div class=\"kadence-blocks-gallery-item\"><div class=\"kadence-blocks-gallery-item-inner\"><figure class=\"kb-gallery-figure kadence-blocks-gallery-item-hide-caption\"><div class=\"kb-gal-image-radius\"><div class=\"kb-gallery-image-contain kadence-blocks-gallery-intrinsic kb-gallery-image-ratio-land32 kb-has-image-ratio-land32\" ><img loading=\"lazy\" decoding=\"async\" src=\"https:\/\/www.turkaesthetic.com\/wp-content\/uploads\/2023\/12\/Hair-transplant-before-after-15.webp\" width=\"1200\" height=\"800\" alt=\"Vor und nach der Haartransplantation sapphire\" data-full-image=\"https:\/\/www.turkaesthetic.com\/wp-content\/uploads\/2023\/12\/Hair-transplant-before-after-15.webp\" data-light-image=\"https:\/\/www.turkaesthetic.com\/wp-content\/uploads\/2023\/12\/Hair-transplant-before-after-15.webp\" data-id=\"49202\" class=\"wp-image-49202 skip-lazy\"\/><\/div><\/div><\/figure><\/div><\/div><\/li><li class=\"kb-slide-item kb-gallery-slide-item splide__slide\"><div class=\"kadence-blocks-gallery-item\"><div class=\"kadence-blocks-gallery-item-inner\"><figure class=\"kb-gallery-figure kadence-blocks-gallery-item-hide-caption\"><div class=\"kb-gal-image-radius\"><div class=\"kb-gallery-image-contain kadence-blocks-gallery-intrinsic kb-gallery-image-ratio-land32 kb-has-image-ratio-land32\" ><img loading=\"lazy\" decoding=\"async\" src=\"https:\/\/www.turkaesthetic.com\/wp-content\/uploads\/2023\/12\/Hair-transplant-before-after-16.webp\" width=\"1200\" height=\"800\" alt=\"Vor und nach der Haartransplantation sapphire\" data-full-image=\"https:\/\/www.turkaesthetic.com\/wp-content\/uploads\/2023\/12\/Hair-transplant-before-after-16.webp\" data-light-image=\"https:\/\/www.turkaesthetic.com\/wp-content\/uploads\/2023\/12\/Hair-transplant-before-after-16.webp\" data-id=\"49211\" class=\"wp-image-49211 skip-lazy\"\/><\/div><\/div><\/figure><\/div><\/div><\/li><\/ul><\/div><\/div><\/div><\/div>\n\n\n<h4 class=\"wp-block-heading\">Video zur Saphir Technik<\/h4>\n\n\n\n<hr class=\"wp-block-separator has-alpha-channel-opacity\"\/>\n\n\n\n<p>Um einen detaillierteren Einblick in den Saphir-Haartransplantationsprozess und seine Ergebnisse zu erhalten, k\u00f6nnen Sie sich professionell erstellte Videos von Experten ansehen, in denen Sie jeden Schritt des Verfahrens detailliert verfolgen k\u00f6nnen.<\/p>\n\n\n\n<figure class=\"wp-block-embed is-type-video is-provider-youtube wp-block-embed-youtube wp-embed-aspect-16-9 wp-has-aspect-ratio\"><div class=\"wp-block-embed__wrapper\">\n<iframe loading=\"lazy\" title=\"Hair Transplant Techniques - Turk Aesthetic\" width=\"800\" height=\"450\" src=\"https:\/\/www.youtube.com\/embed\/rqiNLzLCCPg?feature=oembed\" frameborder=\"0\" allow=\"accelerometer; autoplay; clipboard-write; encrypted-media; gyroscope; picture-in-picture; web-share\" referrerpolicy=\"strict-origin-when-cross-origin\" allowfullscreen><\/iframe>\n<\/div><figcaption class=\"wp-element-caption\"> Saphir Technik<\/figcaption><\/figure>\n\n\n\n<h3 class=\"wp-block-heading\">Saphir-Technik: Vergleich mit FUE und DHI<\/h3>\n\n\n\n<p>Die Saphir-Haartransplantation unterscheidet sich in vielerlei Hinsicht von den herk\u00f6mmlichen <a href=\"https:\/\/www.turkaesthetic.com\/de\/fue-hair-transplant\/\" target=\"_blank\" data-type=\"page\" data-id=\"61559\" rel=\"noreferrer noopener\">FUE<\/a>&#8211; und <a href=\"https:\/\/www.turkaesthetic.com\/de\/dhi-hair-transplant\/\" target=\"_blank\" data-type=\"page\" data-id=\"59845\" rel=\"noreferrer noopener\">DHI<\/a>-Methoden. W\u00e4hrend bei der Standard-FUE-Technik Metallschlitze verwendet werden, kommen bei der Saphir-Haartransplantation speziell entwickelte Saphirklingen zum Einsatz, die das Gewebe weniger sch\u00e4digen. Bei der DHI-Methode werden die Haarfollikel nach der Entnahme mit einem stift\u00e4hnlichen Instrument direkt implantiert. Diese Methode wird typischerweise bei F\u00e4llen bevorzugt, bei denen eine geringere Haardichte erforderlich ist. Die Saphir-Technik ist die ideale Option f\u00fcr alle, die ein dichtes und nat\u00fcrlich wirkendes Ergebnis w\u00fcnschen.<\/p>\n\n\n\n<h4 class=\"wp-block-heading\">Kosten der Saphir-Technik in der T\u00fcrkei, Istanbul<\/h4>\n\n\n\n<p>Die Saphir-<a href=\"https:\/\/www.turkaesthetic.com\/de\/hair-transplant\/\" target=\"_blank\" data-type=\"page\" data-id=\"15901\" rel=\"noreferrer noopener\">Haartransplantation<\/a> ist eine innovative Technik, die in Istanbul in letzter Zeit zunehmend beliebter wird, insbesondere aufgrund ihrer nat\u00fcrlich wirkenden Ergebnisse und der kurzen Genesungszeit. Im Gegensatz zur traditionellen FUE-Methode werden bei dieser Technik spezielle Saphirklingen verwendet, um Implantationsporen zu erzeugen. Dies erm\u00f6glicht die Transplantation dichterer und ges\u00fcnderer Haarfollikel.<\/p>\n\n\n\n<p>Viele Haartransplantationskliniken in Istanbul bieten diese Methode an. Die Preise variieren je nach Erfahrung der Klinik, der Expertise des Arztes und der Anzahl der zu transplantierenden Grafts. Ab 2025 liegen die Kosten f\u00fcr eine Saphir-Haartransplantation in der Regel zwischen 1.200 und 1.500 Euro. Bei der Wahl einer Klinik sollten jedoch nicht nur die Kosten, sondern auch die Erfolgsquote, die Sterilisationsstandards und die Patientenzufriedenheit ber\u00fccksichtigt werden.<\/p>\n\n\n\n<h2 class=\"wp-block-heading\">FAQ \u2013 Saphir Technik<\/h2>\n\n\n\n<hr class=\"wp-block-separator has-alpha-channel-opacity\"\/>\n\n\n<div id=\"rank-math-faq\" class=\"rank-math-block\">\n<div class=\"rank-math-list \">\n<div id=\"faq-question-1740142346730\" class=\"rank-math-list-item\">\n<h3 class=\"rank-math-question \">Verursacht eine Saphir-Haartransplantation Schmerzen?<\/h3>\n<div class=\"rank-math-answer \">\n\n<p>Nein, der Eingriff wird unter \u00f6rtlicher Bet\u00e4ubung durchgef\u00fchrt, daher sind in der Regel keine Schmerzen zu sp\u00fcren, es kann jedoch zu einer leichten Empfindlichkeit kommen.<\/p>\n\n<\/div>\n<\/div>\n<div id=\"faq-question-1745932449183\" class=\"rank-math-list-item\">\n<h3 class=\"rank-math-question \">Wie lange dauert die Erholungsphase?<\/h3>\n<div class=\"rank-math-answer \">\n\n<p>Die Schorfbildung bildet sich in der Regel innerhalb von 7 bis 10 Tagen zur\u00fcck.<\/p>\n\n<\/div>\n<\/div>\n<div id=\"faq-question-1745932451956\" class=\"rank-math-list-item\">\n<h3 class=\"rank-math-question \">Ist die SaphirTechnik f\u00fcr jeden geeignet?<\/h3>\n<div class=\"rank-math-answer \">\n\n<p>Die Eignung h\u00e4ngt von Faktoren wie der genetischen Veranlagung, dem Ausma\u00df des Haarausfalls und der Eignung des Spenderbereichs ab.<\/p>\n\n<\/div>\n<\/div>\n<div id=\"faq-question-1745932459315\" class=\"rank-math-list-item\">\n<h3 class=\"rank-math-question \">Wann beginnen die transplantierten Haare zu wachsen?<\/h3>\n<div class=\"rank-math-answer \">\n\n<p>Neues Haar w\u00e4chst in der Regel innerhalb der ersten 3 Monate; das vollst\u00e4ndige Ergebnis ist etwa 12 Monate nach dem Eingriff sichtbar.<\/p>\n\n<\/div>\n<\/div>\n<div id=\"faq-question-1745932465644\" class=\"rank-math-list-item\">\n<h3 class=\"rank-math-question \">Was ist nach einer Saphir-Haartransplantation zu beachten?<\/h3>\n<div class=\"rank-math-answer \">\n\n<p>Vermeiden Sie in den ersten Wochen k\u00f6rperliche Belastungen und befolgen Sie die Nachsorgehinweise Ihres Arztes sorgf\u00e4ltig.<\/p>\n\n<\/div>\n<\/div>\n<\/div>\n<\/div>\n\n\n<h3 class=\"wp-block-heading\">Fazit<\/h3>\n\n\n\n<p>Die Haartransplantation mit der Saphir-Technik ist eine fortschrittliche Technik, die nat\u00fcrliche und \u00e4sthetische Ergebnisse liefert. Im Vergleich zu herk\u00f6mmlichen Methoden verursacht sie weniger Gewebesch\u00e4den und sorgt f\u00fcr einen schnelleren Heilungsprozess. Sie ist eine hervorragende Option f\u00fcr alle, die sich einen dichten und nat\u00fcrlichen Haaransatz w\u00fcnschen. Geeigneten Kandidaten bietet die Saphir-Haartransplantation lang anhaltende und zufriedenstellende Ergebnisse.<\/p>\n\n\n\n<p>F\u00fcr weitere Informationen oder Preisanfragen k\u00f6nnen Sie <a href=\"https:\/\/www.youtube.com\/channel\/UC0zggzdm5CFwpRMmn_CPpFQ\" data-type=\"link\" data-id=\"https:\/\/www.turkaesthetic.com\/de\/contact-us\/\" target=\"_blank\" rel=\"noreferrer noopener\">Turk Aesthetic<\/a> in Istanbul, T\u00fcrkei, \u00fcber die offiziellen Kan\u00e4le <a href=\"https:\/\/www.turkaesthetic.com\/de\/contact-us\/\" data-type=\"link\" data-id=\"https:\/\/www.turkaesthetic.com\/de\/contact-us\/\" target=\"_blank\" rel=\"noreferrer noopener\">kontaktieren<\/a>.<\/p>\n","protected":false},"excerpt":{"rendered":"<p>Saphir-Haartransplantation: Was ist eine Saphir-Haartransplantation? Die Saphir-Haartransplantation ist eine spezielle Variante der FUE-Technik (Follicular Unit Extraction). Bei der traditionellen FUE-Technik werden Metallschlitze verwendet, um Haarfollikel zu entnehmen und Poren f\u00fcr die Implantation zu schaffen. Bei der Saphir-Haartransplantation kommen stattdessen speziell entwickelte Saphirklingen zum Einsatz. Diese Technik erm\u00f6glicht eine pr\u00e4zisere Poren\u00f6ffnung, verbessert die Transplantatretention und sorgt [&hellip;]<\/p>\n","protected":false},"author":1,"featured_media":60824,"parent":0,"menu_order":0,"comment_status":"closed","ping_status":"closed","template":"","meta":{"footnotes":""},"dep":[1352],"class_list":["post-62824","page","type-page","status-publish","has-post-thumbnail","hentry","dep-hair-transplant"],"_links":{"self":[{"href":"https:\/\/www.turkaesthetic.com\/de\/wp-json\/wp\/v2\/pages\/62824","targetHints":{"allow":["GET"]}}],"collection":[{"href":"https:\/\/www.turkaesthetic.com\/de\/wp-json\/wp\/v2\/pages"}],"about":[{"href":"https:\/\/www.turkaesthetic.com\/de\/wp-json\/wp\/v2\/types\/page"}],"author":[{"embeddable":true,"href":"https:\/\/www.turkaesthetic.com\/de\/wp-json\/wp\/v2\/users\/1"}],"replies":[{"embeddable":true,"href":"https:\/\/www.turkaesthetic.com\/de\/wp-json\/wp\/v2\/comments?post=62824"}],"version-history":[{"count":1,"href":"https:\/\/www.turkaesthetic.com\/de\/wp-json\/wp\/v2\/pages\/62824\/revisions"}],"predecessor-version":[{"id":72698,"href":"https:\/\/www.turkaesthetic.com\/de\/wp-json\/wp\/v2\/pages\/62824\/revisions\/72698"}],"wp:featuredmedia":[{"embeddable":true,"href":"https:\/\/www.turkaesthetic.com\/de\/wp-json\/wp\/v2\/media\/60824"}],"wp:attachment":[{"href":"https:\/\/www.turkaesthetic.com\/de\/wp-json\/wp\/v2\/media?parent=62824"}],"wp:term":[{"taxonomy":"dep","embeddable":true,"href":"https:\/\/www.turkaesthetic.com\/de\/wp-json\/wp\/v2\/dep?post=62824"}],"curies":[{"name":"wp","href":"https:\/\/api.w.org\/{rel}","templated":true}]}}