{"id":60766,"date":"2025-02-17T18:06:31","date_gmt":"2025-02-17T15:06:31","guid":{"rendered":"https:\/\/www.turkaesthetic.com\/?page_id=60766"},"modified":"2025-06-08T20:46:05","modified_gmt":"2025-06-08T17:46:05","slug":"women-hair-transplant","status":"publish","type":"page","link":"https:\/\/www.turkaesthetic.com\/de\/women-hair-transplant\/","title":{"rendered":"Haartransplantation f\u00fcr Frauen"},"content":{"rendered":"\n<p>Bei <strong>einer Haartransplantation f\u00fcr Frauen <\/strong>werden gesunde Haarfollikel in Bereiche mit Haarausfall transplantiert. Normalerweise werden zwei verschiedene Techniken verwendet: FUE (Follicular Unit Extraction) und DHI (Direct Hair Implantation).<\/p>\n\n\n<div id=\"rank-math-howto\" class=\"rank-math-block\" >\n<div class=\"rank-math-howto-description\">\n\n<p>Der Prozess l\u00e4uft normalerweise in den folgenden Schritten ab:<\/p>\n\n<\/div>\n<p class=\"rank-math-howto-duration\"><strong>Gesamtzeit:<\/strong> <span>7 Stunden<\/span><\/p>\n<div class=\"rank-math-steps \">\n<div id=\"howto-step-1739805291705\" class=\"rank-math-step\">\n<h3 class=\"rank-math-step-title \">Erster Schritt<\/h3>\n<div class=\"rank-math-step-content \"><p><strong>Untersuchung und Planung:<\/strong> Der Haarausfallzustand der Person wird beurteilt und die am besten geeignete Haartransplantationsmethode bestimmt.<br \/><strong>Auswahl des <a href=\"https:\/\/www.turkaesthetic.com\/de\/hair-transplant-de\/donor-area\/\" target=\"_blank\" data-type=\"post\" data-id=\"20773\" rel=\"noreferrer noopener\">Spenderbereichs<\/a><\/strong>: Gesunde Haarfollikel werden normalerweise aus dem Spenderbereich oder den Seiten des Kopfes entnommen.<\/p>\n<\/div>\n<\/div>\n<div id=\"howto-step-1739805303045\" class=\"rank-math-step\">\n<h3 class=\"rank-math-step-title \">N\u00e4chster Schritt<\/h3>\n<div class=\"rank-math-step-content \"><p><strong>Transplantatextraktion:<\/strong> Je nach gew\u00e4hlter Methode werden die Follikel mit einem Mikromotor oder speziellen Stiften extrahiert.<br \/><strong>Haarfollikeltransplantation:<\/strong> Die Follikel werden in die ge\u00f6ffneten Poren eingesetzt oder mit einem speziellen Stift direkt implantiert.<\/p>\n<\/div>\n<\/div>\n<div id=\"howto-step-1739805334897\" class=\"rank-math-step\">\n<h3 class=\"rank-math-step-title \">Letzter Schritt<\/h3>\n<div class=\"rank-math-step-content \"><p><strong>Erholungsprozess:<\/strong> Die transplantierten Haarfollikel ben\u00f6tigen Zeit, um sich an ihren neuen Bereich anzupassen.<br \/>Eine Haartransplantation ist ein Verfahren, das normalerweise etwa 6 bis 8 Stunden dauert. Nach dem Eingriff wird der Patient normalerweise am selben Tag entlassen, der Genesungsprozess kann jedoch bis zu einer Woche dauern.<\/p>\n<\/div>\n<\/div>\n<\/div>\n<\/div>\n<p class=\"rank-math-howto-estimatedCost\"><strong>Gesch\u00e4tzte Kosten:<\/strong> <span>1200 Euro<\/span><\/p>\n\n\n\n\n\n<h2 class=\"wp-block-heading\">Video<\/h2>\n\n\n\n<hr class=\"wp-block-separator has-alpha-channel-opacity\"\/>\n\n\n\n<p>In diesem Video sehen Sie die <a href=\"https:\/\/www.turkaesthetic.com\/de\/hair-transplant\/\" target=\"_blank\" data-type=\"page\" data-id=\"15901\" rel=\"noreferrer noopener\">Haartransplantation<\/a> bei Frauen im Detail. Erfahren Sie anhand von Vorher-Nachher-Fotos, wie der Eingriff durchgef\u00fchrt wird, welche Techniken verwendet werden und welche Ergebnisse erzielt werden. Vergessen Sie nicht, sich das Video anzusehen, um alles zu erfahren, was Sie \u00fcber Haartransplantationen wissen m\u00fcssen!<\/p>\n\n\n\n<figure class=\"wp-block-embed is-type-video is-provider-youtube wp-block-embed-youtube wp-embed-aspect-16-9 wp-has-aspect-ratio\"><div class=\"wp-block-embed__wrapper\">\n<iframe loading=\"lazy\" title=\"Hair Transplant in Turkey (Details and Results - Before and After)\" width=\"800\" height=\"450\" src=\"https:\/\/www.youtube.com\/embed\/sDaOfQ-2E2w?list=PLcqCyZU2kPzVa-xkNjXOTWRLyaYi9KkAT\" frameborder=\"0\" allow=\"accelerometer; autoplay; clipboard-write; encrypted-media; gyroscope; picture-in-picture; web-share\" referrerpolicy=\"strict-origin-when-cross-origin\" allowfullscreen><\/iframe>\n<\/div><figcaption class=\"wp-element-caption\">Haartransplantation f\u00fcr Frauen<\/figcaption><\/figure>\n\n\n\n<h3 class=\"wp-block-heading\">Wer f\u00fchrt Haartransplantationen durch?<\/h3>\n\n\n\n<hr class=\"wp-block-separator has-alpha-channel-opacity\"\/>\n\n\n\n<h4 class=\"wp-block-heading\">Wer kann sich einer Haartransplantation bei Frauen unterziehen?<\/h4>\n\n\n\n<p>Eine Haartransplantation bei Frauen kann in folgenden F\u00e4llen durchgef\u00fchrt werden:<\/p>\n\n\n\n<p>Haartransplantationen sollten von Dermatologen, plastischen Chirurgen oder spezialisierten Haartransplantationsteams durchgef\u00fchrt werden. Der Eingriff muss in einer vom Gesundheitsministerium zugelassenen Klinik oder einem Krankenhaus stattfinden. Da es sich um einen spezialisierten Eingriff handelt, kann er, wenn er nicht von einem erfahrenen Team durchgef\u00fchrt wird, zu unerw\u00fcnschten Ergebnissen f\u00fchren.<\/p>\n\n\n\n<ul class=\"wp-block-list\">\n<li>Bei genetisch bedingtem oder hormonell bedingtem Haarausfall.<\/li>\n\n\n\n<li>Bei Haarausfall aufgrund von Verbrennungen oder Traumata.<\/li>\n\n\n\n<li>Bei Haarausfall oder fleckigem Haarausfall.<\/li>\n\n\n\n<li>Bei vollerem und dickerem Haar.<\/li>\n\n\n\n<li>Bei Haarausfall, der auf bestimmte Krankheiten zur\u00fcckzuf\u00fchren ist (z. B. Schilddr\u00fcsenerkrankungen, An\u00e4mie oder Alopecia areata), muss die zugrunde liegende Erkrankung zuerst behandelt werden.<\/li>\n<\/ul>\n\n\n\n<figure class=\"wp-block-image size-full\"><img loading=\"lazy\" decoding=\"async\" width=\"800\" height=\"600\" src=\"https:\/\/www.turkaesthetic.com\/wp-content\/uploads\/2025\/02\/Women-hair-transplnat-2.webp\" alt=\"Kad\u0131nlara Sa\u00e7 Ekimi\" class=\"wp-image-60540\" srcset=\"https:\/\/www.turkaesthetic.com\/wp-content\/uploads\/2025\/02\/Women-hair-transplnat-2.webp 800w, https:\/\/www.turkaesthetic.com\/wp-content\/uploads\/2025\/02\/Women-hair-transplnat-2-768x576.webp 768w\" sizes=\"auto, (max-width: 800px) 100vw, 800px\" \/><figcaption class=\"wp-element-caption\">Haartransplantation f\u00fcr Frauen<\/figcaption><\/figure>\n\n\n\n<h4 class=\"wp-block-heading\">Haartransplantation bei Frauen: Vorher und Nachher<\/h4>\n\n\n\n<p>Vorher-Nachher-Fotos sind f\u00fcr Personen, die eine Haartransplantation in Erw\u00e4gung ziehen, von entscheidender Bedeutung, da sie helfen, die Wirksamkeit des Eingriffs zu visualisieren. Diese Bilder zeigen die Ver\u00e4nderung des behandelten Bereichs und demonstrieren sowohl den Erfolg der Transplantation als auch den Fortschritt des Heilungsprozesses. Die Ergebnisse einer Haartransplantation bei Frauen werden normalerweise innerhalb von 6 bis 12 Monaten sichtbar.<\/p>\n\n\n\n<h3 class=\"wp-block-heading\">Dinge, die vor und nach dem Eingriff zu beachten sind<\/h3>\n\n\n\n<p><strong>Vor dem Eingriff:<\/strong><\/p>\n\n\n\n<ul class=\"wp-block-list\">\n<li>Blutverd\u00fcnner sollten abgesetzt werden (auf \u00e4rztlichen Rat).<\/li>\n\n\n\n<li>Rauchen und Alkoholkonsum sollten reduziert werden.<\/li>\n\n\n\n<li>Kosmetische Produkte sollten nicht auf den Bereich der Haartransplantation aufgetragen werden.<\/li>\n\n\n\n<li>Eine gesunde Ern\u00e4hrung und ein gesunder Schlafrhythmus sollten eingehalten werden.<\/li>\n\n\n\n<li>Vermeiden Sie Koffeinkonsum vor der Operation.<\/li>\n\n\n\n<li>Trinken Sie viel Wasser.<\/li>\n<\/ul>\n\n\n\n<p><strong>Nach dem Eingriff:<\/strong><\/p>\n\n\n\n<ul class=\"wp-block-list\">\n<li>Einen Tag nach dem Eingriff wird eine spezielle Haarw\u00e4sche durchgef\u00fchrt und 12 Tage lang t\u00e4glich fortgesetzt.<\/li>\n\n\n\n<li>Sch\u00fctzen Sie Ihren Kopf sorgf\u00e4ltig vor St\u00f6\u00dfen.<\/li>\n\n\n\n<li>Vermeiden Sie es, den transplantierten Bereich zu kratzen oder zu reizen.<\/li>\n\n\n\n<li>Verwenden Sie die verschriebenen Medikamente und Pflegeprodukte konsequent.<\/li>\n\n\n\n<li>Verzichten Sie im ersten Monat auf intensive k\u00f6rperliche Aktivit\u00e4ten, Sauna oder Dampfb\u00e4der.<\/li>\n\n\n\n<li>Sch\u00fctzen Sie sich vor direkter Sonneneinstrahlung und vermeiden Sie in den ersten 7\u201310 Tagen das Tragen eines Hutes.<\/li>\n<\/ul>\n\n\n\n<h3 class=\"wp-block-heading\"><strong>Welche Techniken werden bei Haartransplantationen bei Frauen angewendet?<\/strong><\/h3>\n\n\n\n<hr class=\"wp-block-separator has-alpha-channel-opacity\"\/>\n\n\n\n<h4 class=\"wp-block-heading\">FUE-Technik (Follicular Unit Extraction)<\/h4>\n\n\n\n<p>Bei dieser Methode werden Haarfollikel einzeln entnommen und in den Bereich mit Haarausfall transplantiert. Die No-Shave-<a href=\"https:\/\/www.turkaesthetic.com\/de\/hair\/fue-technique\/\" target=\"_blank\" data-type=\"post\" data-id=\"25292\" rel=\"noreferrer noopener\">FUE<\/a>-Methode wird von Frauen bevorzugt, da sie eine nat\u00fcrlicher aussehende Haartransplantation erm\u00f6glicht.<\/p>\n\n\n\n<figure class=\"wp-block-image size-full\"><img loading=\"lazy\" decoding=\"async\" width=\"800\" height=\"600\" src=\"https:\/\/www.turkaesthetic.com\/wp-content\/uploads\/2024\/12\/fue-hair-transplant-turkey.webp\" alt=\"FUE Haartransplantation T\u00fcrkei\" class=\"wp-image-58833\"\/><figcaption class=\"wp-element-caption\">FUE Haartransplantation T\u00fcrkei<\/figcaption><\/figure>\n\n\n\n<p><strong>Vorteile:<\/strong><\/p>\n\n\n\n<p>Es ist eine weniger invasive Methode.<br>Der Heilungsprozess ist schneller.<br>Es ist eine nahtfreie Technik.<\/p>\n\n\n\n<p><strong>Nachteile:<\/strong><\/p>\n\n\n\n<p>Dauert l\u00e4nger als die <a href=\"https:\/\/www.turkaesthetic.com\/de\/dhi-hair-transplant\/\" target=\"_blank\" data-type=\"page\" data-id=\"59845\" rel=\"noreferrer noopener\">DHI<\/a>-Technik.<br>Erfordert einen zus\u00e4tzlichen Kanal\u00f6ffnungsschritt.<\/p>\n\n\n\n<h4 class=\"wp-block-heading\">DHI-Methode (Direct Hair Implantation)<\/h4>\n\n\n\n<p>Bei dieser Methode werden Haarfollikel mit einem speziellen Stift (Choi Implanter) direkt in den Empf\u00e4ngerbereich implantiert. Die DHI-Technik wird vor allem von Frauen bevorzugt, da sie ein dichteres und nat\u00fcrlicheres Aussehen bietet.<\/p>\n\n\n\n<figure class=\"wp-block-image size-full\"><img decoding=\"async\" src=\"https:\/\/www.turkaesthetic.com\/wp-content\/uploads\/2024\/12\/dhi-_1_.webp\" alt=\"DHI Haartransplantation T\u00fcrkei\" class=\"wp-image-58842\"\/><figcaption class=\"wp-element-caption\">DHI Haartransplantation T\u00fcrkei<\/figcaption><\/figure>\n\n\n\n<p><strong>Vorteile:<\/strong><\/p>\n\n\n\n<ul class=\"wp-block-list\">\n<li>Erm\u00f6glicht dichtere und nat\u00fcrlicher aussehende Ergebnisse.<\/li>\n\n\n\n<li>Kann ohne Rasur des Haares durchgef\u00fchrt werden.<\/li>\n\n\n\n<li>Sorgt f\u00fcr einen schnelleren Genesungsprozess.<\/li>\n\n\n\n<li>Wie viel kostet eine Haartransplantation f\u00fcr Frauen?<\/li>\n\n\n\n<li>Die Kosten einer Haartransplantation variieren je nach Faktoren wie dem Standort der Klinik, der Erfahrung des Arztes und der verwendeten Technik. In der T\u00fcrkei liegen die Kosten f\u00fcr eine Haartransplantation f\u00fcr Frauen normalerweise zwischen 1200 und 1500 Euro. 500 \u20ac.<\/li>\n<\/ul>\n\n\n\n<h2 class=\"wp-block-heading\">5 h\u00e4ufig gestellte Fragen zur Haartransplantation f\u00fcr Frauen<\/h2>\n\n\n\n<hr class=\"wp-block-separator has-alpha-channel-opacity\"\/>\n\n\n<div id=\"rank-math-faq\" class=\"rank-math-block\">\n<div class=\"rank-math-list \">\n<div id=\"faq-question-1739802198614\" class=\"rank-math-list-item\">\n<h3 class=\"rank-math-question \">Ist eine Haartransplantation f\u00fcr Frauen schmerzhaft?<\/h3>\n<div class=\"rank-math-answer \">\n\n<p>Da der Eingriff unter \u00f6rtlicher Bet\u00e4ubung durchgef\u00fchrt wird, ist kein Schmerz zu sp\u00fcren. Es kann jedoch ein leichtes Unbehagen auftreten.<\/p>\n\n<\/div>\n<\/div>\n<div id=\"faq-question-1740136940942\" class=\"rank-math-list-item\">\n<h3 class=\"rank-math-question \">Wann w\u00e4chst das transplantierte Haar?<\/h3>\n<div class=\"rank-math-answer \">\n\n<p>Normalerweise beginnt es nach 3\u20134 Monaten zu wachsen und innerhalb von 12 Monaten sind die vollst\u00e4ndigen Ergebnisse sichtbar.<\/p>\n\n<\/div>\n<\/div>\n<div id=\"faq-question-1740136957587\" class=\"rank-math-list-item\">\n<h3 class=\"rank-math-question \">K\u00f6nnen sich Frauen einer Haartransplantation ohne Rasur unterziehen?<\/h3>\n<div class=\"rank-math-answer \">\n\n<p>Ja, eine Haartransplantation kann bei Frauen ohne Rasur durchgef\u00fchrt werden, insbesondere mit DHI- oder FUE-Methoden.<\/p>\n\n<\/div>\n<\/div>\n<div id=\"faq-question-1740136964065\" class=\"rank-math-list-item\">\n<h3 class=\"rank-math-question \">F\u00e4llt Frauen nach einer Haartransplantation das Haar aus?<\/h3>\n<div class=\"rank-math-answer \">\n\n<p>In den ersten Wochen kann es zu \u201eSchockhaarausfall\u201c kommen. Die transplantierten Haarfollikel bleiben jedoch intakt und beginnen danach wieder zu wachsen.<\/p>\n\n<\/div>\n<\/div>\n<div id=\"faq-question-1740136970339\" class=\"rank-math-list-item\">\n<h3 class=\"rank-math-question \">Ist eine Haartransplantation f\u00fcr Frauen dauerhaft?<\/h3>\n<div class=\"rank-math-answer \">\n\n<p>Ja, eine Haartransplantation f\u00fcr Frauen ist dauerhaft, solange keine genetischen oder hormonellen Probleme das Haarwachstum beeintr\u00e4chtigen.<\/p>\n\n<\/div>\n<\/div>\n<\/div>\n<\/div>\n\n\n<h3 class=\"wp-block-heading\">Fazit<\/h3>\n\n\n\n<hr class=\"wp-block-separator has-alpha-channel-opacity\"\/>\n\n\n\n<p>Eine Haartransplantation f\u00fcr Frauen f\u00fchrt mit der richtigen Technik und einem erfahrenen Arzt zu erfolgreichen Ergebnissen. Mit FUE- und DHI-Methoden durchgef\u00fchrte Eingriffe sorgen f\u00fcr ein nat\u00fcrliches und \u00e4sthetisches Erscheinungsbild. Wenn Sie unter Haarausfall leiden und eine Transplantation in Erw\u00e4gung ziehen, sollten Sie unbedingt einen Spezialisten konsultieren, um die f\u00fcr Sie beste Methode zu bestimmen.<\/p>\n\n\n\n<p>Schlie\u00dflich k\u00f6nnen direkt \u00fcber den Link&nbsp;<a href=\"http:\/\/turkaesthetic.com\/de\/contact-us\/\" target=\"_blank\" rel=\"noreferrer noopener\">kontaktieren<\/a>, um Informationen und Preise von&nbsp;<a href=\"https:\/\/www.youtube.com\/channel\/UC0zggzdm5CFwpRMmn_CPpFQ\" target=\"_blank\" rel=\"noreferrer noopener\">Turk Aesthetic<\/a>&nbsp;anzufordern.<a href=\"http:\/\/turkaesthetic.com\/de\/surgeries-de\/lip-lifting\/\"><\/a><a href=\"http:\/\/turkaesthetic.com\/de\/non-surgical-de\/cheek-filler\/\"><\/a><\/p>\n\n\n\n<p><a href=\"https:\/\/www.turkaesthetic.com\/wp-content\/uploads\/2022\/01\/drawing-beard-before-transplant.webp\"><\/a><\/p>\n\n\n\n<p><a href=\"https:\/\/www.turkaesthetic.com\/wp-content\/uploads\/2023\/12\/Beard-transplant-before-after-7.webp\"><\/a><\/p>\n\n\n\n<p><a href=\"https:\/\/www.turkaesthetic.com\/wp-content\/uploads\/2023\/11\/before-after-beard-transplant-4.jpg\"><\/a><\/p>\n\n\n\n<p><a href=\"https:\/\/www.turkaesthetic.com\/wp-content\/uploads\/2023\/11\/before-after-beard-transplant-2.jpg\"><\/a><\/p>\n","protected":false},"excerpt":{"rendered":"<p>Bei einer Haartransplantation f\u00fcr Frauen werden gesunde Haarfollikel in Bereiche mit Haarausfall transplantiert. Normalerweise werden zwei verschiedene Techniken verwendet: FUE (Follicular Unit Extraction) und DHI (Direct Hair Implantation). Video In diesem Video sehen Sie die Haartransplantation bei Frauen im Detail. Erfahren Sie anhand von Vorher-Nachher-Fotos, wie der Eingriff durchgef\u00fchrt wird, welche Techniken verwendet werden und [&hellip;]<\/p>\n","protected":false},"author":4,"featured_media":60535,"parent":0,"menu_order":0,"comment_status":"closed","ping_status":"closed","template":"","meta":{"footnotes":""},"dep":[1352],"class_list":["post-60766","page","type-page","status-publish","has-post-thumbnail","hentry","dep-hair-transplant"],"_links":{"self":[{"href":"https:\/\/www.turkaesthetic.com\/de\/wp-json\/wp\/v2\/pages\/60766","targetHints":{"allow":["GET"]}}],"collection":[{"href":"https:\/\/www.turkaesthetic.com\/de\/wp-json\/wp\/v2\/pages"}],"about":[{"href":"https:\/\/www.turkaesthetic.com\/de\/wp-json\/wp\/v2\/types\/page"}],"author":[{"embeddable":true,"href":"https:\/\/www.turkaesthetic.com\/de\/wp-json\/wp\/v2\/users\/4"}],"replies":[{"embeddable":true,"href":"https:\/\/www.turkaesthetic.com\/de\/wp-json\/wp\/v2\/comments?post=60766"}],"version-history":[{"count":0,"href":"https:\/\/www.turkaesthetic.com\/de\/wp-json\/wp\/v2\/pages\/60766\/revisions"}],"wp:featuredmedia":[{"embeddable":true,"href":"https:\/\/www.turkaesthetic.com\/de\/wp-json\/wp\/v2\/media\/60535"}],"wp:attachment":[{"href":"https:\/\/www.turkaesthetic.com\/de\/wp-json\/wp\/v2\/media?parent=60766"}],"wp:term":[{"taxonomy":"dep","embeddable":true,"href":"https:\/\/www.turkaesthetic.com\/de\/wp-json\/wp\/v2\/dep?post=60766"}],"curies":[{"name":"wp","href":"https:\/\/api.w.org\/{rel}","templated":true}]}}