{"id":53412,"date":"2024-03-31T23:04:30","date_gmt":"2024-03-31T20:04:30","guid":{"rendered":"http:\/\/turkaesthetic.com\/?page_id=53412"},"modified":"2024-04-01T01:02:52","modified_gmt":"2024-03-31T22:02:52","slug":"genital-aesthetic","status":"publish","type":"page","link":"https:\/\/www.turkaesthetic.com\/de\/genital-aesthetic\/","title":{"rendered":"Genital\u00e4sthetik"},"content":{"rendered":"\t\t<div data-elementor-type=\"wp-page\" data-elementor-id=\"53412\" class=\"elementor elementor-53412 elementor-53352\" data-elementor-post-type=\"page\">\n\t\t\t\t\t\t<section class=\"elementor-section elementor-top-section elementor-element elementor-element-21096341 elementor-section-height-min-height elementor-section-boxed elementor-section-height-default elementor-section-items-middle\" data-id=\"21096341\" data-element_type=\"section\" data-e-type=\"section\" data-settings=\"{&quot;background_background&quot;:&quot;classic&quot;,&quot;jet_parallax_layout_list&quot;:[]}\">\n\t\t\t\t\t\t\t<div class=\"elementor-background-overlay\"><\/div>\n\t\t\t\t\t\t\t<div class=\"elementor-container elementor-column-gap-default\">\n\t\t\t\t\t<div class=\"elementor-column elementor-col-50 elementor-top-column elementor-element elementor-element-23fd2736\" data-id=\"23fd2736\" data-element_type=\"column\" data-e-type=\"column\" data-settings=\"{&quot;background_background&quot;:&quot;classic&quot;}\">\n\t\t\t<div class=\"elementor-widget-wrap elementor-element-populated\">\n\t\t\t\t\t\t<div class=\"elementor-element elementor-element-12f236bf elementor-widget elementor-widget-image\" data-id=\"12f236bf\" data-element_type=\"widget\" data-e-type=\"widget\" data-widget_type=\"image.default\">\n\t\t\t\t\t\t\t\t\t\t\t\t\t\t\t<img loading=\"lazy\" decoding=\"async\" width=\"1024\" height=\"682\" src=\"https:\/\/www.turkaesthetic.com\/wp-content\/uploads\/2022\/08\/genital-aesthetic.jpg\" class=\"attachment-full size-full wp-image-25503\" alt=\"Genital\u00e4sthetik in der T\u00fcrkei\" \/>\t\t\t\t\t\t\t\t\t\t\t\t\t\t\t<\/div>\n\t\t\t\t\t<\/div>\n\t\t<\/div>\n\t\t\t\t<div class=\"elementor-column elementor-col-50 elementor-top-column elementor-element elementor-element-44ccfca9\" data-id=\"44ccfca9\" data-element_type=\"column\" data-e-type=\"column\">\n\t\t\t<div class=\"elementor-widget-wrap elementor-element-populated\">\n\t\t\t\t\t\t<div class=\"elementor-element elementor-element-69c8c1e0 elementor-widget elementor-widget-heading\" data-id=\"69c8c1e0\" data-element_type=\"widget\" data-e-type=\"widget\" data-widget_type=\"heading.default\">\n\t\t\t\t\t<h1 class=\"elementor-heading-title elementor-size-default\">Genital\u00e4sthetik<\/h1>\t\t\t\t<\/div>\n\t\t\t\t<div class=\"elementor-element elementor-element-7a96efa3 elementor-widget elementor-widget-text-editor\" data-id=\"7a96efa3\" data-element_type=\"widget\" data-e-type=\"widget\" data-widget_type=\"text-editor.default\">\n\t\t\t\t\t\t\t\t\t<p>Die Genital\u00e4sthetik in Istanbul T\u00fcrkei wird von einem plastischen Chirurgen oder einem spezialisierten Gyn\u00e4kologen durchgef\u00fchrt. Sie umfasst neben der Laser- oder chirurgischen Vaginalstraffung viele verschiedene \u00e4sthetische Operationen wie die Versch\u00f6nerung der \u00e4u\u00dferen Schamlippen, die Hymennaht und die Klitorisplastik. Sie k\u00f6nnen die Details jeder Transaktion einzeln einsehen.<\/p>\t\t\t\t\t\t\t\t<\/div>\n\t\t\t\t\t<\/div>\n\t\t<\/div>\n\t\t\t\t\t<\/div>\n\t\t<\/section>\n\t\t\t\t<section class=\"elementor-section elementor-top-section elementor-element elementor-element-73228922 elementor-section-stretched elementor-section-boxed elementor-section-height-default elementor-section-height-default\" data-id=\"73228922\" data-element_type=\"section\" data-e-type=\"section\" data-settings=\"{&quot;stretch_section&quot;:&quot;section-stretched&quot;,&quot;background_background&quot;:&quot;classic&quot;,&quot;jet_parallax_layout_list&quot;:[]}\">\n\t\t\t\t\t\t<div class=\"elementor-container elementor-column-gap-default\">\n\t\t\t\t\t<div class=\"elementor-column elementor-col-100 elementor-top-column elementor-element elementor-element-2da4f1\" data-id=\"2da4f1\" data-element_type=\"column\" data-e-type=\"column\">\n\t\t\t<div class=\"elementor-widget-wrap elementor-element-populated\">\n\t\t\t\t\t\t<section class=\"elementor-section elementor-inner-section elementor-element elementor-element-41d10d60 elementor-section-content-middle elementor-section-boxed elementor-section-height-default elementor-section-height-default\" data-id=\"41d10d60\" data-element_type=\"section\" data-e-type=\"section\" data-settings=\"{&quot;jet_parallax_layout_list&quot;:[]}\">\n\t\t\t\t\t\t<div class=\"elementor-container elementor-column-gap-default\">\n\t\t\t\t\t<div class=\"elementor-column elementor-col-50 elementor-inner-column elementor-element elementor-element-707c970b\" data-id=\"707c970b\" data-element_type=\"column\" data-e-type=\"column\">\n\t\t\t<div class=\"elementor-widget-wrap elementor-element-populated\">\n\t\t\t\t\t\t<div class=\"elementor-element elementor-element-57a00fbf elementor-position-top elementor-widget elementor-widget-image-box\" data-id=\"57a00fbf\" data-element_type=\"widget\" data-e-type=\"widget\" data-widget_type=\"image-box.default\">\n\t\t\t\t\t<div class=\"elementor-image-box-wrapper\"><figure class=\"elementor-image-box-img\"><a href=\"http:\/\/turkaesthetic.com\/de\/labiaplasty\/\" tabindex=\"-1\"><img decoding=\"async\" src=\"https:\/\/www.turkaesthetic.com\/wp-content\/uploads\/elementor\/thumbs\/Labiaplasty-in-Turkey-r34xmcmbi0sjryso46bpcxuy87781ww6byh0eb3kqg.webp\" title=\"Schamlippenkorrektur\" alt=\"Schamlippenkorrektur\" class=\"elementor-animation-hang\" loading=\"lazy\" \/><\/a><\/figure><\/div>\t\t\t\t<\/div>\n\t\t\t\t\t<\/div>\n\t\t<\/div>\n\t\t\t\t<div class=\"elementor-column elementor-col-50 elementor-inner-column elementor-element elementor-element-4cccefaf\" data-id=\"4cccefaf\" data-element_type=\"column\" data-e-type=\"column\">\n\t\t\t<div class=\"elementor-widget-wrap elementor-element-populated\">\n\t\t\t\t\t\t<div class=\"elementor-element elementor-element-4ee38995 elementor-widget elementor-widget-heading\" data-id=\"4ee38995\" data-element_type=\"widget\" data-e-type=\"widget\" data-widget_type=\"heading.default\">\n\t\t\t\t\t<h2 class=\"elementor-heading-title elementor-size-default\">Schamlippenkorrektur<\/h2>\t\t\t\t<\/div>\n\t\t\t\t<div class=\"elementor-element elementor-element-56bc6581 elementor-widget elementor-widget-heading\" data-id=\"56bc6581\" data-element_type=\"widget\" data-e-type=\"widget\" data-widget_type=\"heading.default\">\n\t\t\t\t\t<h3 class=\"elementor-heading-title elementor-size-default\">Was Ist Schamlippenkorrektur?<\/h3>\t\t\t\t<\/div>\n\t\t\t\t<div class=\"elementor-element elementor-element-30d23374 elementor-widget elementor-widget-text-editor\" data-id=\"30d23374\" data-element_type=\"widget\" data-e-type=\"widget\" data-widget_type=\"text-editor.default\">\n\t\t\t\t\t\t\t\t\t<p>Die Schamlippenkorrektur in der T\u00fcrkei ist eine plastische Operation, die darauf abzielt, die Schamlippenkorrektur der Vagina zu reduzieren, um sie besser an die Form der Vagina anzupassen. Diese Operation wird unter Vollnarkose oder \u00f6rtlicher Bet\u00e4ubung durchgef\u00fchrt. Wo einige Frauen unter dem Herabh\u00e4ngen der Klingen in der Vagina oder ihrer gro\u00dfen Gr\u00f6\u00dfe leiden, und dieser Prozess bietet einerseits psychologische Behaglichkeit in Bezug auf Form und \u00c4sthetik und andererseits k\u00f6rperliche Bequemlichkeit, und einige Frauen leiden unter Beschwerden wie ein Ergebnis der gro\u00dfen Gr\u00f6\u00dfe ihrer Klingen. Die Nachfrage nach solchen Operationen steigt weltweit von Tag zu Tag.<\/p>\t\t\t\t\t\t\t\t<\/div>\n\t\t\t\t\t<\/div>\n\t\t<\/div>\n\t\t\t\t\t<\/div>\n\t\t<\/section>\n\t\t\t\t\t<\/div>\n\t\t<\/div>\n\t\t\t\t\t<\/div>\n\t\t<\/section>\n\t\t\t\t<section class=\"elementor-section elementor-top-section elementor-element elementor-element-1977c71 elementor-section-stretched elementor-section-boxed elementor-section-height-default elementor-section-height-default\" data-id=\"1977c71\" data-element_type=\"section\" data-e-type=\"section\" data-settings=\"{&quot;stretch_section&quot;:&quot;section-stretched&quot;,&quot;jet_parallax_layout_list&quot;:[]}\">\n\t\t\t\t\t\t<div class=\"elementor-container elementor-column-gap-default\">\n\t\t\t\t\t<div class=\"elementor-column elementor-col-100 elementor-top-column elementor-element elementor-element-3f712879\" data-id=\"3f712879\" data-element_type=\"column\" data-e-type=\"column\">\n\t\t\t<div class=\"elementor-widget-wrap elementor-element-populated\">\n\t\t\t\t\t\t<section class=\"elementor-section elementor-inner-section elementor-element elementor-element-675e943a elementor-section-content-middle elementor-section-boxed elementor-section-height-default elementor-section-height-default\" data-id=\"675e943a\" data-element_type=\"section\" data-e-type=\"section\" data-settings=\"{&quot;jet_parallax_layout_list&quot;:[]}\">\n\t\t\t\t\t\t<div class=\"elementor-container elementor-column-gap-default\">\n\t\t\t\t\t<div class=\"elementor-column elementor-col-50 elementor-inner-column elementor-element elementor-element-3bf27231\" data-id=\"3bf27231\" data-element_type=\"column\" data-e-type=\"column\">\n\t\t\t<div class=\"elementor-widget-wrap elementor-element-populated\">\n\t\t\t\t\t\t<div class=\"elementor-element elementor-element-329e7fbb elementor-widget elementor-widget-heading\" data-id=\"329e7fbb\" data-element_type=\"widget\" data-e-type=\"widget\" data-widget_type=\"heading.default\">\n\t\t\t\t\t<h2 class=\"elementor-heading-title elementor-size-default\">Hymenrekonstruktion<\/h2>\t\t\t\t<\/div>\n\t\t\t\t<div class=\"elementor-element elementor-element-7f33a872 elementor-widget elementor-widget-heading\" data-id=\"7f33a872\" data-element_type=\"widget\" data-e-type=\"widget\" data-widget_type=\"heading.default\">\n\t\t\t\t\t<h3 class=\"elementor-heading-title elementor-size-default\">Was Ist Hymenoplastik (Genital\u00e4sthetik)?<\/h3>\t\t\t\t<\/div>\n\t\t\t\t<div class=\"elementor-element elementor-element-be86f0b elementor-widget elementor-widget-text-editor\" data-id=\"be86f0b\" data-element_type=\"widget\" data-e-type=\"widget\" data-widget_type=\"text-editor.default\">\n\t\t\t\t\t\t\t\t\t<p>Hymenoplastik in der T\u00fcrkei (Hymenrekonstruktion) ist ein chirurgischer Eingriff, der von Frauen durchgef\u00fchrt wird, die ihre Jungfr\u00e4ulichkeit verloren haben, mit dem Ziel, ihre Jungfr\u00e4ulichkeit wie vor der Ehe oder vor dem Sex wiederherzustellen. Das Ziel der Jungfernh\u00e4utchen Operation ist die Wiederherstellung der Blutung, die bei der Frau beim Geschlechtsverkehr auftritt, und die Wiederherstellung der Vagina. Eine Frau<\/p>\t\t\t\t\t\t\t\t<\/div>\n\t\t\t\t\t<\/div>\n\t\t<\/div>\n\t\t\t\t<div class=\"elementor-column elementor-col-50 elementor-inner-column elementor-element elementor-element-23ef8a56\" data-id=\"23ef8a56\" data-element_type=\"column\" data-e-type=\"column\">\n\t\t\t<div class=\"elementor-widget-wrap elementor-element-populated\">\n\t\t\t\t\t\t<div class=\"elementor-element elementor-element-411911ec elementor-position-top elementor-widget elementor-widget-image-box\" data-id=\"411911ec\" data-element_type=\"widget\" data-e-type=\"widget\" data-widget_type=\"image-box.default\">\n\t\t\t\t\t<div class=\"elementor-image-box-wrapper\"><figure class=\"elementor-image-box-img\"><a href=\"http:\/\/turkaesthetic.com\/de\/hymenoplasty\/\" tabindex=\"-1\"><img decoding=\"async\" src=\"http:\/\/turkaesthetic.com\/wp-content\/uploads\/2021\/12\/after-hymenoplasty.webp\" title=\"\" alt=\"istanbul da k\u0131zl\u0131k zar\u0131 dikimi\" class=\"elementor-animation-hang\" loading=\"lazy\" \/><\/a><\/figure><\/div>\t\t\t\t<\/div>\n\t\t\t\t\t<\/div>\n\t\t<\/div>\n\t\t\t\t\t<\/div>\n\t\t<\/section>\n\t\t\t\t\t<\/div>\n\t\t<\/div>\n\t\t\t\t\t<\/div>\n\t\t<\/section>\n\t\t\t\t<section class=\"elementor-section elementor-top-section elementor-element elementor-element-727f1de elementor-section-stretched elementor-section-boxed elementor-section-height-default elementor-section-height-default\" data-id=\"727f1de\" data-element_type=\"section\" data-e-type=\"section\" data-settings=\"{&quot;stretch_section&quot;:&quot;section-stretched&quot;,&quot;background_background&quot;:&quot;classic&quot;,&quot;jet_parallax_layout_list&quot;:[]}\">\n\t\t\t\t\t\t<div class=\"elementor-container elementor-column-gap-default\">\n\t\t\t\t\t<div class=\"elementor-column elementor-col-100 elementor-top-column elementor-element elementor-element-34b787e4\" data-id=\"34b787e4\" data-element_type=\"column\" data-e-type=\"column\">\n\t\t\t<div class=\"elementor-widget-wrap elementor-element-populated\">\n\t\t\t\t\t\t<section class=\"elementor-section elementor-inner-section elementor-element elementor-element-2cf5bbb4 elementor-section-content-middle elementor-section-boxed elementor-section-height-default elementor-section-height-default\" data-id=\"2cf5bbb4\" data-element_type=\"section\" data-e-type=\"section\" data-settings=\"{&quot;jet_parallax_layout_list&quot;:[]}\">\n\t\t\t\t\t\t<div class=\"elementor-container elementor-column-gap-default\">\n\t\t\t\t\t<div class=\"elementor-column elementor-col-50 elementor-inner-column elementor-element elementor-element-3fb169a0\" data-id=\"3fb169a0\" data-element_type=\"column\" data-e-type=\"column\">\n\t\t\t<div class=\"elementor-widget-wrap elementor-element-populated\">\n\t\t\t\t\t\t<div class=\"elementor-element elementor-element-3ab7114c elementor-position-top elementor-widget elementor-widget-image-box\" data-id=\"3ab7114c\" data-element_type=\"widget\" data-e-type=\"widget\" data-widget_type=\"image-box.default\">\n\t\t\t\t\t<div class=\"elementor-image-box-wrapper\"><figure class=\"elementor-image-box-img\"><a href=\"http:\/\/turkaesthetic.com\/de\/clitoris-aesthetics\/\" tabindex=\"-1\"><img decoding=\"async\" src=\"https:\/\/www.turkaesthetic.com\/wp-content\/uploads\/elementor\/thumbs\/Clitoris-Aesthetic-in-Turkey-pvz7kx1an1dm4433d05absysm4nlrqi5jew223lm7s.webp\" title=\"Klitorismantelstraffung\" alt=\"Klitorismantelstraffung\" class=\"elementor-animation-hang\" loading=\"lazy\" \/><\/a><\/figure><\/div>\t\t\t\t<\/div>\n\t\t\t\t\t<\/div>\n\t\t<\/div>\n\t\t\t\t<div class=\"elementor-column elementor-col-50 elementor-inner-column elementor-element elementor-element-89e5d8\" data-id=\"89e5d8\" data-element_type=\"column\" data-e-type=\"column\">\n\t\t\t<div class=\"elementor-widget-wrap elementor-element-populated\">\n\t\t\t\t\t\t<div class=\"elementor-element elementor-element-49c39d59 elementor-widget elementor-widget-heading\" data-id=\"49c39d59\" data-element_type=\"widget\" data-e-type=\"widget\" data-widget_type=\"heading.default\">\n\t\t\t\t\t<h2 class=\"elementor-heading-title elementor-size-default\">Klitorale \u00c4sthetik<\/h2>\t\t\t\t<\/div>\n\t\t\t\t<div class=\"elementor-element elementor-element-6a7ee490 elementor-widget elementor-widget-heading\" data-id=\"6a7ee490\" data-element_type=\"widget\" data-e-type=\"widget\" data-widget_type=\"heading.default\">\n\t\t\t\t\t<h3 class=\"elementor-heading-title elementor-size-default\">Was Ist Klitorale \u00c4sthetik (Genital\u00e4sthetik) Chirurgie?<\/h3>\t\t\t\t<\/div>\n\t\t\t\t<div class=\"elementor-element elementor-element-4b424572 elementor-widget elementor-widget-text-editor\" data-id=\"4b424572\" data-element_type=\"widget\" data-e-type=\"widget\" data-widget_type=\"text-editor.default\">\n\t\t\t\t\t\t\t\t\t<p>Klitoris-\u00c4sthetik in der T\u00fcrkei ist eine der bekanntesten plastischen Operationen f\u00fcr das weibliche Fortpflanzungssystem. Klitoris ist ein kleines Erektionsorgan im weiblichen Fortpflanzungssystem, das sich im vorderen Teil des weiblichen Fortpflanzungssystems befindet. Es mag von geringer Bedeutung oder ein kleiner Teil des weiblichen Genitalorgans sein, aber tats\u00e4chlich spielt das Klitoris-Organ eine gro\u00dfe Rolle bei der Erregung und dem Vergn\u00fcgen von Frauen, und alle Probleme, die in diesem Bereich auftreten, k\u00f6nnen das Vergn\u00fcgen von Frauen beeintr\u00e4chtigen, dann m\u00fcssen andere Korrekturoperationen, um beim Geschlechtsverkehr die volle Freude zu erlangen. Jede falsche Vorgehensweise in diesem Bereich kann zu psychischen \u00c4ngsten f\u00fchren.<\/p>\t\t\t\t\t\t\t\t<\/div>\n\t\t\t\t\t<\/div>\n\t\t<\/div>\n\t\t\t\t\t<\/div>\n\t\t<\/section>\n\t\t\t\t\t<\/div>\n\t\t<\/div>\n\t\t\t\t\t<\/div>\n\t\t<\/section>\n\t\t\t\t<section class=\"elementor-section elementor-top-section elementor-element elementor-element-2d6b8366 elementor-section-stretched elementor-section-boxed elementor-section-height-default elementor-section-height-default\" data-id=\"2d6b8366\" data-element_type=\"section\" data-e-type=\"section\" data-settings=\"{&quot;stretch_section&quot;:&quot;section-stretched&quot;,&quot;jet_parallax_layout_list&quot;:[]}\">\n\t\t\t\t\t\t<div class=\"elementor-container elementor-column-gap-default\">\n\t\t\t\t\t<div class=\"elementor-column elementor-col-100 elementor-top-column elementor-element elementor-element-92f55a7\" data-id=\"92f55a7\" data-element_type=\"column\" data-e-type=\"column\">\n\t\t\t<div class=\"elementor-widget-wrap elementor-element-populated\">\n\t\t\t\t\t\t<section class=\"elementor-section elementor-inner-section elementor-element elementor-element-3b9e45 elementor-section-content-middle elementor-section-boxed elementor-section-height-default elementor-section-height-default\" data-id=\"3b9e45\" data-element_type=\"section\" data-e-type=\"section\" data-settings=\"{&quot;jet_parallax_layout_list&quot;:[]}\">\n\t\t\t\t\t\t<div class=\"elementor-container elementor-column-gap-default\">\n\t\t\t\t\t<div class=\"elementor-column elementor-col-50 elementor-inner-column elementor-element elementor-element-4acecd18\" data-id=\"4acecd18\" data-element_type=\"column\" data-e-type=\"column\">\n\t\t\t<div class=\"elementor-widget-wrap elementor-element-populated\">\n\t\t\t\t\t\t<div class=\"elementor-element elementor-element-7c8981c6 elementor-widget elementor-widget-heading\" data-id=\"7c8981c6\" data-element_type=\"widget\" data-e-type=\"widget\" data-widget_type=\"heading.default\">\n\t\t\t\t\t<h2 class=\"elementor-heading-title elementor-size-default\">Vaginalplastik<\/h2>\t\t\t\t<\/div>\n\t\t\t\t<div class=\"elementor-element elementor-element-5effebc7 elementor-widget elementor-widget-heading\" data-id=\"5effebc7\" data-element_type=\"widget\" data-e-type=\"widget\" data-widget_type=\"heading.default\">\n\t\t\t\t\t<h2 class=\"elementor-heading-title elementor-size-default\">Was Ist Vaginalplastik (Genital\u00e4sthetik)?<\/h2>\t\t\t\t<\/div>\n\t\t\t\t<div class=\"elementor-element elementor-element-713c3267 elementor-widget elementor-widget-text-editor\" data-id=\"713c3267\" data-element_type=\"widget\" data-e-type=\"widget\" data-widget_type=\"text-editor.default\">\n\t\t\t\t\t\t\t\t\t<p>Die Vaginalplastik in der T\u00fcrkei ist eine L\u00f6sung f\u00fcr die vaginale Erweiterung, die durch Geburt und Abtreibung verursacht wird, So gl\u00fccklich die Gelegenheiten der Geburt f\u00fcr die Ehepartner auch sind, ihre Auswirkungen nach der Geburt k\u00f6nnen der Mutter psychische Sch\u00e4den zuf\u00fcgen, die oft unter einer Erschlaffung der Vagina oder einer Verformung der Vagina leidet, wenn ein Skalpell verwendet wird, um den Prozess der nat\u00fcrlichen Geburt zu erleichtern. Vaginalprolaps oder Deformierung der Schamlippen.<\/p>\t\t\t\t\t\t\t\t<\/div>\n\t\t\t\t\t<\/div>\n\t\t<\/div>\n\t\t\t\t<div class=\"elementor-column elementor-col-50 elementor-inner-column elementor-element elementor-element-cd77160\" data-id=\"cd77160\" data-element_type=\"column\" data-e-type=\"column\">\n\t\t\t<div class=\"elementor-widget-wrap elementor-element-populated\">\n\t\t\t\t\t\t<div class=\"elementor-element elementor-element-3371ee8e elementor-position-top elementor-widget elementor-widget-image-box\" data-id=\"3371ee8e\" data-element_type=\"widget\" data-e-type=\"widget\" data-widget_type=\"image-box.default\">\n\t\t\t\t\t<div class=\"elementor-image-box-wrapper\"><figure class=\"elementor-image-box-img\"><a href=\"http:\/\/turkaesthetic.com\/de\/vaginoplasty\/\" tabindex=\"-1\"><img decoding=\"async\" src=\"https:\/\/www.turkaesthetic.com\/wp-content\/uploads\/elementor\/thumbs\/Vaginoplasty-in-Turkey-rjag6w9gtpcz3y1maod6ev4her5uqwhz64j5iotho8.webp\" title=\"Vaginalstraffung in der T\u00fcrkei\" alt=\"Vaginalstraffung in der T\u00fcrkei\" class=\"elementor-animation-hang\" loading=\"lazy\" \/><\/a><\/figure><\/div>\t\t\t\t<\/div>\n\t\t\t\t\t<\/div>\n\t\t<\/div>\n\t\t\t\t\t<\/div>\n\t\t<\/section>\n\t\t\t\t\t<\/div>\n\t\t<\/div>\n\t\t\t\t\t<\/div>\n\t\t<\/section>\n\t\t\t\t<section class=\"elementor-section elementor-top-section elementor-element elementor-element-a81a702 elementor-section-boxed elementor-section-height-default elementor-section-height-default\" data-id=\"a81a702\" data-element_type=\"section\" data-e-type=\"section\" data-settings=\"{&quot;jet_parallax_layout_list&quot;:[]}\">\n\t\t\t\t\t\t<div class=\"elementor-container elementor-column-gap-default\">\n\t\t\t\t\t<div class=\"elementor-column elementor-col-100 elementor-top-column elementor-element elementor-element-5a7016b\" data-id=\"5a7016b\" data-element_type=\"column\" data-e-type=\"column\">\n\t\t\t<div class=\"elementor-widget-wrap elementor-element-populated\">\n\t\t\t\t\t\t<div class=\"elementor-element elementor-element-6c101de elementor-widget elementor-widget-text-editor\" data-id=\"6c101de\" data-element_type=\"widget\" data-e-type=\"widget\" data-widget_type=\"text-editor.default\">\n\t\t\t\t\t\t\t\t\t<p>F\u00fcr weitere Informationen k\u00f6nnen Sie unserem <a href=\"https:\/\/www.youtube.com\/@turkaesthetic\" target=\"_blank\" rel=\"noopener\">YouTube<\/a>-Kanal folgen oder uns direkt <a href=\"http:\/\/turkaesthetic.com\/de\/contact-us\/\" target=\"_blank\" rel=\"noopener\">kontaktieren<\/a>.<\/p>\t\t\t\t\t\t\t\t<\/div>\n\t\t\t\t\t<\/div>\n\t\t<\/div>\n\t\t\t\t\t<\/div>\n\t\t<\/section>\n\t\t\t\t<\/div>\n\t\t","protected":false},"excerpt":{"rendered":"<p>Die Genital\u00e4sthetik in Istanbul T\u00fcrkei wird von einem plastischen Chirurgen oder einem spezialisierten Gyn\u00e4kologen durchgef\u00fchrt. Sie umfasst neben der Laser- oder chirurgischen Vaginalstraffung viele verschiedene \u00e4sthetische Operationen wie die Versch\u00f6nerung der \u00e4u\u00dferen Schamlippen, die Hymennaht und die Klitorisplastik. Sie k\u00f6nnen die Details jeder Transaktion einzeln einsehen. Schamlippenkorrektur Was Ist Schamlippenkorrektur? Die Schamlippenkorrektur in der T\u00fcrkei [&hellip;]<\/p>\n","protected":false},"author":1,"featured_media":25503,"parent":0,"menu_order":0,"comment_status":"closed","ping_status":"closed","template":"elementor_header_footer","meta":{"footnotes":""},"dep":[1354],"class_list":["post-53412","page","type-page","status-publish","has-post-thumbnail","hentry","dep-plastic-surgeries"],"_links":{"self":[{"href":"https:\/\/www.turkaesthetic.com\/de\/wp-json\/wp\/v2\/pages\/53412","targetHints":{"allow":["GET"]}}],"collection":[{"href":"https:\/\/www.turkaesthetic.com\/de\/wp-json\/wp\/v2\/pages"}],"about":[{"href":"https:\/\/www.turkaesthetic.com\/de\/wp-json\/wp\/v2\/types\/page"}],"author":[{"embeddable":true,"href":"https:\/\/www.turkaesthetic.com\/de\/wp-json\/wp\/v2\/users\/1"}],"replies":[{"embeddable":true,"href":"https:\/\/www.turkaesthetic.com\/de\/wp-json\/wp\/v2\/comments?post=53412"}],"version-history":[{"count":0,"href":"https:\/\/www.turkaesthetic.com\/de\/wp-json\/wp\/v2\/pages\/53412\/revisions"}],"wp:featuredmedia":[{"embeddable":true,"href":"https:\/\/www.turkaesthetic.com\/de\/wp-json\/wp\/v2\/media\/25503"}],"wp:attachment":[{"href":"https:\/\/www.turkaesthetic.com\/de\/wp-json\/wp\/v2\/media?parent=53412"}],"wp:term":[{"taxonomy":"dep","embeddable":true,"href":"https:\/\/www.turkaesthetic.com\/de\/wp-json\/wp\/v2\/dep?post=53412"}],"curies":[{"name":"wp","href":"https:\/\/api.w.org\/{rel}","templated":true}]}}