{"id":51529,"date":"2024-02-02T17:26:42","date_gmt":"2024-02-02T14:26:42","guid":{"rendered":"http:\/\/turkaesthetic.com\/?page_id=51529"},"modified":"2024-02-05T14:02:14","modified_gmt":"2024-02-05T11:02:14","slug":"urinary-incontinence","status":"publish","type":"page","link":"https:\/\/www.turkaesthetic.com\/de\/urinary-incontinence\/","title":{"rendered":"Behandlung von Harninkontinenz"},"content":{"rendered":"\n<p><strong>Behandlung von Harninkontinenz der T\u00fcrkei<\/strong> je nach Art und Schweregrad der Harninkontinenz einer Person variieren. Dies kann zwar zu einem Verlust des Selbstvertrauens f\u00fchren, wirkt sich jedoch gleichzeitig negativ auf die Lebensqualit\u00e4t einer Person aus. Die <a href=\"http:\/\/turkaesthetic.com\/de\/treatment\/\" data-type=\"page\" data-id=\"28057\" target=\"_blank\" rel=\"noreferrer noopener\">Behandlung <\/a>umfasst im Allgemeinen eine oder mehrere Methoden und wird auf der Grundlage der Empfehlungen des Arztes festgelegt. In diesem Artikel besprechen wir Behandlungsmethoden und Harninkontinenzoperationen.<\/p>\n\n\n\n<h2 class=\"wp-block-heading\">Methoden zur Behandlung von Harninkontinenz:<\/h2>\n\n\n\n<p>1. Kegel-\u00dcbungen: Kegel-\u00dcbungen k\u00f6nnen helfen, die Beckenbodenmuskulatur zu st\u00e4rken. Sie k\u00f6nnen unter Anleitung eines Physiotherapeuten durchgef\u00fchrt werden und k\u00f6nnen bei der Behandlung verschiedener Arten von Harninkontinenz hilfreich sein.<\/p>\n\n\n\n<p>2. Medikamente: Einige Medikamente, insbesondere solche zur Behandlung von unwillk\u00fcrlicher Harninkontinenz, k\u00f6nnen die Kontrolle \u00fcber die Blasenmuskulatur verbessern oder eine \u00dcberaktivit\u00e4t der Blase verringern.<\/p>\n\n\n\n<p>3. Beckenboden-Physiotherapie: Die von einem Physiotherapeuten durchgef\u00fchrte Physiotherapie umfasst spezifische \u00dcbungen zur St\u00e4rkung und Kontrolle der Beckenbodenmuskulatur. Dies kann bei der Behandlung von Belastungsinkontinenz und Mischinkontinenz wirksam sein.<\/p>\n\n\n\n<p>4. Elektrostimulation: Elektrostimulationsger\u00e4te k\u00f6nnen zur Stimulation der Beckenbodenmuskulatur eingesetzt werden und so zur Muskelst\u00e4rkung beitragen.<\/p>\n\n\n\n<p>5. Botulinumtoxin-Injektionen (<a href=\"http:\/\/turkaesthetic.com\/de\/non-surgical-de\/botox-cost\/\" target=\"_blank\" data-type=\"post\" data-id=\"48250\" rel=\"noreferrer noopener\">Botox<\/a>): In einigen F\u00e4llen k\u00f6nnen Botulinumtoxin-Injektionen zur Behandlung von Dranginkontinenz eingesetzt werden. Diese Injektionen k\u00f6nnen die Blasenmuskulatur entspannen und so die Kontrolle verbessern.<\/p>\n\n\n\n<p>6. Harninkontinenz-TOT-Operation: Bei schwereren F\u00e4llen von Harninkontinenz oder wenn andere Behandlungen nicht wirksam sind, kann eine Operation in Betracht gezogen werden.<\/p>\n\n\n\n<p>7. Harninkontinenzprodukte: F\u00fcr Personen mit Harninkontinenz stehen Produkte wie Binden, Kleidungsst\u00fccke und Inkontinenzmaterialien zur Verf\u00fcgung.<\/p>\n\n\n\n<p>8. <a href=\"http:\/\/turkaesthetic.com\/de\/fractional-laser\/\" target=\"_blank\" data-type=\"page\" data-id=\"15936\" rel=\"noreferrer noopener\">Fraktionierter Laser<\/a>: In j\u00fcngster Zeit wurde die fraktionierte Lasertechnologie in der T\u00fcrkei, insbesondere in Istanbul, weiterentwickelt. Der fraktionierte Laser wird bei verschiedenen Behandlungsmethoden eingesetzt und wird bei Frauen mit Harninkontinenz bevorzugt. Dieser einfache und kurze Prozess erm\u00f6glicht es dem Einzelnen, unmittelbar danach in sein t\u00e4gliches Leben zur\u00fcckzukehren.<\/p>\n\n\n\n<h3 class=\"wp-block-heading\">\u00c4rzte, die in der T\u00fcrkei Harninkontinenz Behandlungen durchf\u00fchren<\/h3>\n\n\n\n<p>Dieser Eingriff wird bei Frauen von Geburtshelfern und Gyn\u00e4kologen und bei M\u00e4nnern von Urologen durchgef\u00fchrt. Ein Arzt eines anderen Fachgebiets kann diesen Eingriff nicht durchf\u00fchren. Um gute Ergebnisse zu erzielen, ist es wichtig, einen erfolgreichen Arzt und ein medizinisches Zentrum auf diesem Gebiet auszuw\u00e4hlen.<\/p>\n\n\n\n<h4 class=\"wp-block-heading\">Harninkontinenz-TOT-Chirurgie in der T\u00fcrkei<\/h4>\n\n\n\n<p>In der T\u00fcrkei gilt die TOT-Operation als hochwirksame Methode zur Behandlung von Harninkontinenz, insbesondere von Stressinkontinenz, die bei Aktivit\u00e4ten wie Husten, Niesen und Lachen auftritt. Es f\u00fchrt bei vielen Patienten zu erfolgreichen Ergebnissen. Ziel des Eingriffs ist die Unterst\u00fctzung und Kontrolle der Harnr\u00f6hre durch das Anbringen eines speziellen Tapes.<\/p>\n\n\n<div id=\"rank-math-howto\" class=\"rank-math-block\" >\n<div class=\"rank-math-howto-description\">\n\n<p>Verfahrensschritte Behandlung von Harninkontinenz der T\u00fcrkei :<\/p>\n\n<\/div>\n<p class=\"rank-math-howto-duration\"><strong>Gesamtzeit:<\/strong> <span>20 Minuten<\/span><\/p>\n<div class=\"rank-math-steps \">\n<div id=\"howto-step-1707130327835\" class=\"rank-math-step\">\n<h3 class=\"rank-math-step-title \">Vorverfahren<\/h3>\n<div class=\"rank-math-step-content \"><p>Der Arzt f\u00fchrt eine ausf\u00fchrliche Untersuchung durch und f\u00fchrt alle notwendigen Tests durch.<\/p>\n<\/div>\n<\/div>\n<div id=\"howto-step-1707130442690\" class=\"rank-math-step\">\n<h3 class=\"rank-math-step-title \">W\u00e4hrend des Verfahrens:<\/h3>\n<div class=\"rank-math-step-content \"><p>Es kommt eine Vollnarkose oder eine Spinalan\u00e4sthesie zum Einsatz. Anschlie\u00dfend macht der Arzt einen kleinen Einschnitt und platziert das Band zur Unterst\u00fctzung der Beckenbodenmuskulatur mit dem Ziel, die Harnr\u00f6hre zu fixieren und die Harninkontinenz zu beseitigen. Der Vorgang dauert etwa 30 Minuten.<\/p>\n<\/div>\n<\/div>\n<div id=\"howto-step-1707130449277\" class=\"rank-math-step\">\n<h3 class=\"rank-math-step-title \">Nachbehandlung:<\/h3>\n<div class=\"rank-math-step-content \"><p>Die Person sollte im Krankenhaus \u00fcbernachten. Es ist wichtig, die Anweisungen des Arztes zu befolgen und regelm\u00e4\u00dfig Medikamente einzunehmen.<\/p>\n<\/div>\n<\/div>\n<\/div>\n<\/div>\n\n\n\n\n\n\n<h5 class=\"wp-block-heading\">Vorteile Behandlung von Harninkontinenz der T\u00fcrkei<\/h5>\n\n\n\n<ul class=\"wp-block-list\">\n<li>Verbesserte Lebensqualit\u00e4t.<\/li>\n\n\n\n<li>Reduzierung von Harnwegsinfektionen.<\/li>\n\n\n\n<li>Erh\u00f6htes Selbstvertrauen.<\/li>\n<\/ul>\n\n\n\n<h5 class=\"wp-block-heading\">Nachteile<\/h5>\n\n\n\n<ul class=\"wp-block-list\">\n<li>Bei Durchf\u00fchrung durch Laien k\u00f6nnen die Ergebnisse erfolglos sein.<\/li>\n\n\n\n<li>Bei manchen Patienten k\u00f6nnen weitere Nebenwirkungen auftreten.<\/li>\n\n\n\n<li>Jede Behandlung ist individuell und m\u00f6glicherweise erzielt nicht jeder das gleiche erfolgreiche Ergebnis, insbesondere bei Laser- und Bewegungstherapien.<\/li>\n<\/ul>\n\n\n\n<h5 class=\"wp-block-heading\">Nebenwirkungen<\/h5>\n\n\n\n<ul class=\"wp-block-list\">\n<li>Leichte Schmerzen und ein brennendes Gef\u00fchl nach der Operation.<\/li>\n\n\n\n<li>Bei unsachgem\u00e4\u00dfer Pflege kann es zu Infektionen kommen.<\/li>\n\n\n\n<li>Nach der fraktionierten Laserbehandlung kann es einige Tage lang zu vaginalem Ausfluss kommen.<\/li>\n<\/ul>\n\n\n\n<h3 class=\"wp-block-heading\">Kosten f\u00fcr die Behandlung von Harninkontinenz der T\u00fcrkei<\/h3>\n\n\n\n<p>Die Behandlung von Harninkontinenz der T\u00fcrkei erfordert \u00c4rzte mit Erfahrung auf diesem Gebiet.<\/p>\n\n\n\n<p>Es ist immer ratsam, ein vertrauensw\u00fcrdiges medizinisches Zentrum zu w\u00e4hlen, um Fachwissen und Sterilisation sicherzustellen.<\/p>\n\n\n\n<p>Die Kosten f\u00fcr die Behandlung von Harninkontinenz der T\u00fcrkei h\u00e4ngen von der verwendeten Technik ab.<\/p>\n\n\n\n<ul class=\"wp-block-list\">\n<li>Bruchlaser: 500 Euro.<\/li>\n\n\n\n<li>Harninkontinenz-TOT-Operation in der T\u00fcrkei: 2200 Euro.<\/li>\n<\/ul>\n\n\n\n<figure class=\"wp-block-gallery has-nested-images columns-default is-cropped wp-block-gallery-1 is-layout-flex wp-block-gallery-is-layout-flex\">\n<figure class=\"wp-block-image size-large\"><img decoding=\"async\" data-id=\"51444\" src=\"http:\/\/turkaesthetic.com\/wp-content\/uploads\/2024\/02\/urinary-incontinence-in-Turkey-1024x576.webp\" alt=\"Behandlung von Harninkontinenz der T\u00fcrkei\" class=\"wp-image-51444\"\/><figcaption class=\"wp-element-caption\">Behandlung von Harninkontinenz der T\u00fcrkei<\/figcaption><\/figure>\n<\/figure>\n\n\n\n<h2 class=\"wp-block-heading\">FAQ \u2013 Behandlung von Harninkontinenz der T\u00fcrkei<\/h2>\n\n\n<div id=\"rank-math-faq\" class=\"rank-math-block\">\n<div class=\"rank-math-list \">\n<div id=\"faq-question-1707130281640\" class=\"rank-math-list-item\">\n<h3 class=\"rank-math-question \">Ist die <strong>Behandlung von Harninkontinenz der T\u00fcrkei<\/strong> mit fraktioniertem Laser schmerzhaft?<\/h3>\n<div class=\"rank-math-answer \">\n\n<p>Nein, die Laserbehandlung erfolgt mit personalisierten Intensit\u00e4tsstufen und dauert etwa 20 Minuten. Der Patient kann sofort in den Alltag zur\u00fcckkehren.<\/p>\n\n<\/div>\n<\/div>\n<div id=\"faq-question-1707130284186\" class=\"rank-math-list-item\">\n<h3 class=\"rank-math-question \">Wie viele Tage dauert die Genesung nach einer Harninkontinenz-TOT-Operation in der T\u00fcrkei?<\/h3>\n<div class=\"rank-math-answer \">\n\n<p>Alle Nebenwirkungen verschwinden innerhalb von 7\u201310 Tagen.<\/p>\n\n<\/div>\n<\/div>\n<div id=\"faq-question-1707130289333\" class=\"rank-math-list-item\">\n<h3 class=\"rank-math-question \">Was verursacht Harninkontinenzprobleme?<\/h3>\n<div class=\"rank-math-answer \">\n\n<p>Die Beckenbodenmuskulatur unterst\u00fctzt die Blase und die Harnr\u00f6hre und kontrolliert den Urin. Diese Muskeln k\u00f6nnen aufgrund des Alterns oder aus Gr\u00fcnden wie Schwangerschaft, Geburt und \u00fcberm\u00e4\u00dfiger Gewichtszunahme schw\u00e4cher werden.<\/p>\n\n<\/div>\n<\/div>\n<div id=\"faq-question-1707130295388\" class=\"rank-math-list-item\">\n<h3 class=\"rank-math-question \">Kann die Behandlung von Harninkontinenz mit einem Laser durchgef\u00fchrt werden?<\/h3>\n<div class=\"rank-math-answer \">\n\n<p>Ja, dies ist mit einem Laser m\u00f6glich, allerdings muss der Arzt zun\u00e4chst den Zustand untersuchen und beurteilen. Wenn der Patient f\u00fcr eine Laserbehandlung geeignet ist, kann diese durchgef\u00fchrt werden.<\/p>\n\n<\/div>\n<\/div>\n<div id=\"faq-question-1707130303602\" class=\"rank-math-list-item\">\n<h3 class=\"rank-math-question \">Was ist der Unterschied zwischen Laserbehandlung und Operation?<\/h3>\n<div class=\"rank-math-answer \">\n\n<p>Mit der Laserbehandlung ist eine sofortige R\u00fcckkehr in den Alltag m\u00f6glich, ein Krankenhausaufenthalt ist nicht notwendig. Die Operation erfordert einen Aufenthalt \u00fcber Nacht und die Genesung erfolgt innerhalb von 7\u201310 Tagen.<\/p>\n\n<\/div>\n<\/div>\n<\/div>\n<\/div>\n\n\n<p><strong>Schlie\u00dflich k\u00f6nnen Sie unser Team direkt \u00fcber den Link <a href=\"http:\/\/turkaesthetic.com\/de\/contact-us\/\">kontaktieren<\/a>, um Informationen und Preise von <a href=\"https:\/\/www.youtube.com\/channel\/UC0zggzdm5CFwpRMmn_CPpFQ\" target=\"_blank\" rel=\"noreferrer noopener\">Turk Aesthetic<\/a> anzufordern.<\/strong><\/p>\n","protected":false},"excerpt":{"rendered":"<p>Behandlung von Harninkontinenz der T\u00fcrkei je nach Art und Schweregrad der Harninkontinenz einer Person variieren. Dies kann zwar zu einem Verlust des Selbstvertrauens f\u00fchren, wirkt sich jedoch gleichzeitig negativ auf die Lebensqualit\u00e4t einer Person aus. Die Behandlung umfasst im Allgemeinen eine oder mehrere Methoden und wird auf der Grundlage der Empfehlungen des Arztes festgelegt. In [&hellip;]<\/p>\n","protected":false},"author":4,"featured_media":51444,"parent":0,"menu_order":0,"comment_status":"closed","ping_status":"closed","template":"","meta":{"footnotes":""},"dep":[1357],"class_list":["post-51529","page","type-page","status-publish","has-post-thumbnail","hentry","dep-treatment"],"_links":{"self":[{"href":"https:\/\/www.turkaesthetic.com\/de\/wp-json\/wp\/v2\/pages\/51529","targetHints":{"allow":["GET"]}}],"collection":[{"href":"https:\/\/www.turkaesthetic.com\/de\/wp-json\/wp\/v2\/pages"}],"about":[{"href":"https:\/\/www.turkaesthetic.com\/de\/wp-json\/wp\/v2\/types\/page"}],"author":[{"embeddable":true,"href":"https:\/\/www.turkaesthetic.com\/de\/wp-json\/wp\/v2\/users\/4"}],"replies":[{"embeddable":true,"href":"https:\/\/www.turkaesthetic.com\/de\/wp-json\/wp\/v2\/comments?post=51529"}],"version-history":[{"count":0,"href":"https:\/\/www.turkaesthetic.com\/de\/wp-json\/wp\/v2\/pages\/51529\/revisions"}],"wp:featuredmedia":[{"embeddable":true,"href":"https:\/\/www.turkaesthetic.com\/de\/wp-json\/wp\/v2\/media\/51444"}],"wp:attachment":[{"href":"https:\/\/www.turkaesthetic.com\/de\/wp-json\/wp\/v2\/media?parent=51529"}],"wp:term":[{"taxonomy":"dep","embeddable":true,"href":"https:\/\/www.turkaesthetic.com\/de\/wp-json\/wp\/v2\/dep?post=51529"}],"curies":[{"name":"wp","href":"https:\/\/api.w.org\/{rel}","templated":true}]}}