{"id":50746,"date":"2024-01-06T13:17:41","date_gmt":"2024-01-06T10:17:41","guid":{"rendered":"http:\/\/turkaesthetic.com\/?page_id=50746"},"modified":"2025-07-04T17:32:33","modified_gmt":"2025-07-04T14:32:33","slug":"zirconium-crown","status":"publish","type":"page","link":"https:\/\/www.turkaesthetic.com\/de\/zirconium-crown\/","title":{"rendered":"Zirkonkronen"},"content":{"rendered":"\n<p><strong>Zirkonkronen <\/strong>sind eine option, die haltbarere und \u00e4sthetischere ergebnisse liefern kann, insbesondere im vergleich zu porzellankronen. Diese kronen k\u00f6nnen verwendet werden, um Z\u00e4hne auf nat\u00fcrliche Weise wiederherzustellen und verschiedene zahnprobleme zu korrigieren. Zahnkronen k\u00f6nnen f\u00fcr verschiedene zwecke eingesetzt werden, z. B. um Z\u00e4hne zu st\u00e4rken, ihre Farbe zu korrigieren, l\u00fccken zwischen ihnen zu schlie\u00dfen oder Form und Gr\u00f6\u00dfe der Z\u00e4hne zu \u00e4ndern.<\/p>\n\n\n\n<h2 class=\"wp-block-heading\">Video zu Zirkonkronen<\/h2>\n\n\n\n<p>Im folgenden video k\u00f6nnen sie sich die stadien der zahnkronen aus zirkonium ansehen.<\/p>\n\n\n\n<figure class=\"wp-block-embed is-type-video is-provider-youtube wp-block-embed-youtube wp-embed-aspect-16-9 wp-has-aspect-ratio\"><div class=\"wp-block-embed__wrapper\">\n<iframe loading=\"lazy\" title=\"Dental Crowns in Turkey (5) Days - Turk Aesthetic\" width=\"800\" height=\"450\" src=\"https:\/\/www.youtube.com\/embed\/4K8NUpRHABw?feature=oembed\" frameborder=\"0\" allow=\"accelerometer; autoplay; clipboard-write; encrypted-media; gyroscope; picture-in-picture; web-share\" referrerpolicy=\"strict-origin-when-cross-origin\" allowfullscreen><\/iframe>\n<\/div><\/figure>\n\n\n\n<h3 class=\"wp-block-heading\">Arten von Zahnkronen<\/h3>\n\n\n\n<ul class=\"wp-block-list\">\n<li>E-Max-Zahnveneer: <a href=\"http:\/\/turkaesthetic.com\/de\/dentistry-de\/emax-veneer\/\" data-type=\"post\" data-id=\"51636\" target=\"_blank\" rel=\"noreferrer noopener\"><strong>E-<\/strong><\/a><a href=\"https:\/\/www.turkaesthetic.com\/de\/dentistry-de\/emax-veneer\/\" target=\"_blank\" data-type=\"link\" data-id=\"https:\/\/www.turkaesthetic.com\/de\/dentistry-de\/emax-veneer\/\" rel=\"noreferrer noopener\"><strong>Max<\/strong><\/a> ist eine Art Veneer, der Porzellan \u00e4hnelt. Es ist bekannt f\u00fcr seine \u00c4sthetik und Haltbarkeit. Mit seinen Zahnfarboptionen und seinem nat\u00fcrlichen Aussehen ist es eine bevorzugte Option.<\/li>\n\n\n\n<li>Lumineers: <strong><a href=\"https:\/\/www.turkaesthetic.com\/de\/dental-lumineers\/\" target=\"_blank\" data-type=\"link\" data-id=\"https:\/\/www.turkaesthetic.com\/de\/dental-lumineers\/\" rel=\"noreferrer noopener\">Lumineers<\/a><\/strong> sind Veneers, die aus einer d\u00fcnnen und speziellen Porzellanschicht bestehen. Sie werden auf der Vorderseite der Z\u00e4hne angebracht.<\/li>\n\n\n\n<li>Veneers: <strong><a href=\"https:\/\/www.turkaesthetic.com\/de\/dental-veneer\/\" target=\"_blank\" data-type=\"link\" data-id=\"https:\/\/www.turkaesthetic.com\/de\/dental-veneer\/\" rel=\"noreferrer noopener\">Veneers<\/a><\/strong> werden normalerweise aus Porzellan oder Verbundwerkstoffen hergestellt und auch in Zahnkronen verwendet. Ihre Farbpalette erm\u00f6glicht es Ihnen, ein individuelles L\u00e4cheln zu kreieren.<\/li>\n<\/ul>\n\n\n\n<h4 class=\"wp-block-heading\">Prozessschritte f\u00fcr Zirkonkronen<\/h4>\n\n\n\n<ul class=\"wp-block-list\">\n<li>Untersuchung und Beratung: Der erste Schritt ist die Beratung durch den Zahnarzt. Der Zahnarzt untersucht Ihre Z\u00e4hne, um Ihren Bedarf zu ermitteln und beurteilt, ob Sie f\u00fcr Zirkonkronen geeignet sind.<\/li>\n\n\n\n<li>Zahnvorbereitung: Ihre Z\u00e4hne m\u00fcssen m\u00f6glicherweise f\u00fcr Zirkonkronen vorbereitet werden. Einige Z\u00e4hne m\u00fcssen vor diesem Schritt m\u00f6glicherweise gefeilt und ausged\u00fcnnt werden.<\/li>\n\n\n\n<li>Abdruckschritt: Ihr Zahnarzt verwendet ein spezielles Abdruckmaterial, um Abdr\u00fccke der vorbereiteten Z\u00e4hne zu nehmen. Diese Messungen werden verwendet, um die Vorbereitung der Zirkonkronen im Labor individuell anzupassen. Die vorgenommenen Messungen werden an das Labor gesendet.<\/li>\n\n\n\n<li>Tempor\u00e4re Kronen: Die Vorbereitung des Zirkoniums kann mehrere Tage dauern. W\u00e4hrend dieser Zeit kann der Zahnarzt tempor\u00e4re Kronen auf Ihre Z\u00e4hne setzen.<\/li>\n\n\n\n<li>Verkleben der Kronen: Nachdem der Spezialist die Kronen im Labor vorbereitet hat, setzt der Zahnarzt sie ein. Dann \u00fcberpr\u00fcft er, ob sie richtig passen und \u00e4sthetisch ansprechend sind, und verklebt sie dann dauerhaft.<\/li>\n\n\n\n<li>Letzte Kontrollen: Nachdem der Zahnarzt die Kronen eingesetzt hat, f\u00fchrt er letzte Kontrollen durch, um den Prozess abzuschlie\u00dfen. Er stellt auch sicher, dass sich Ihre Z\u00e4hne in Bezug auf Bei\u00dfen, Sprechen und Aussehen nat\u00fcrlich und passend anf\u00fchlen.<\/li>\n<\/ul>\n\n\n\n<h3 class=\"wp-block-heading\">Zirkonium-Zahnkrone in der T\u00fcrkei, Istanbul<\/h3>\n\n\n\n<p>Es gibt viele Optionen f\u00fcr Zirkoniumkronen in der T\u00fcrkei und andere \u00e4sthetische Zahnbehandlungen in Istanbul. Sie werden bevorzugt, weil sie ein \u00e4sthetisches Erscheinungsbild und eine dauerhafte Zahnrekonstruktion bieten. Istanbul ist eine der beliebtesten Metropolen mit Kliniken, Krankenh\u00e4usern und \u00c4rzten, die Experten auf ihrem Gebiet sind. Die T\u00fcrkei und Istanbul sind auch viel g\u00fcnstiger als Europa und andere L\u00e4nder.<\/p>\n\n\n\n<h4 class=\"wp-block-heading\">Oberseite von Zirkonium-Implantatkronen<\/h4>\n\n\n\n<p>Implantatgest\u00fctzte Zirkoniumkronen werden auf das Implantat gesetzt und bieten ein nat\u00fcrliches Erscheinungsbild. Sie sind f\u00fcr ihre Haltbarkeit bekannt, wodurch implantatgest\u00fctzte Kronen \u00e4sthetisch nat\u00fcrlicher und attraktiver werden. Zirkonium unterscheidet sich von anderen Kronen nur in der Form. Gleichzeitig ist das Allergierisiko aufgrund seiner Biokompatibilit\u00e4t gering. Die Installation der Kronen auf den Implantaten wird individuell an die Zahnstruktur des Patienten, den Zustand des Implantats und die \u00e4sthetischen Erwartungen angepasst.<\/p>\n\n\n\n<h5 class=\"wp-block-heading\">Die Kosten f\u00fcr Zirkonium-Zahnkronen<\/h5>\n\n\n\n<p>Die Preise f\u00fcr Zirkonium-Zahnkronen k\u00f6nnen je nach verschiedenen Faktoren variieren, wie z. B. der Erfahrung des Zahnarztes, der Qualit\u00e4t der verwendeten Materialien, der Komplexit\u00e4t des Behandlungsprozesses und der Wahl der Klinik oder des Krankenhauses.<\/p>\n\n\n\n<p>Es ist viel wirtschaftlicher als in anderen L\u00e4ndern. Im Durchschnitt liegen die internationalen Preise f\u00fcr Zahnkronen zwischen 1000 und 2000 Euro pro Zahn. Im Durchschnitt liegen die Preise f\u00fcr Zirkonium-Zahnkronen zwischen 100 und 150 Euro. Ein Zirkonium-Zahn bei Turk Aesthetic kostet 100 \u2013 130 Euro.<\/p>\n\n\n\n<h6 class=\"wp-block-heading\">Vorteile<\/h6>\n\n\n\n<ul class=\"wp-block-list\">\n<li>Es sieht mit seinem \u00e4sthetischen Erscheinungsbild wie ein nat\u00fcrlicher Zahn aus.<\/li>\n\n\n\n<li>Es ist die Art von Krone mit der h\u00f6chsten Haltbarkeit.<\/li>\n\n\n\n<li>Es ist weniger anf\u00e4llig f\u00fcr Flecken und Vergilbung.<\/li>\n\n\n\n<li>Es ist eine k\u00f6rpervertr\u00e4gliche Substanz.<\/li>\n\n\n\n<li>Es enth\u00e4lt kein Metall.<\/li>\n<\/ul>\n\n\n\n<h6 class=\"wp-block-heading\">Nachteil<\/h6>\n\n\n\n<p>Je nach Verwendung k\u00f6nnen sich Z\u00e4hne mit der Zeit abnutzen.<br>Bei unsachgem\u00e4\u00dfer Anwendung oder \u00fcberm\u00e4\u00dfiger Krafteinwirkung besteht die M\u00f6glichkeit von Rissen oder Br\u00fcchen.<br>Der Patient kann sie viele Jahre lang verwenden, wenn er alle Anweisungen des Arztes befolgt.<\/p>\n\n\n\n<h3 class=\"wp-block-heading\">Die beste Klinik f\u00fcr zirkonkronen<\/h3>\n\n\n\n<p>In Istanbul, T\u00fcrkei, gibt es viele Zahnkliniken und Krankenh\u00e4user. Um die beste unter ihnen auszuw\u00e4hlen, werden folgende Kriterien festgelegt:<br>Erfahrung und Referenzen des Arztes<br>Verwendete Techniken und Technologien<br>Sterilit\u00e4t<br>Preis<br>Der Patient sollte alle diese Kriterien bewerten und die am besten geeignete Klinik ausw\u00e4hlen.<\/p>\n\n\n\n<h4 class=\"wp-block-heading\">Unterschiede zwischen zirkonkronen und veneers<\/h4>\n\n\n\n<p>Sie haben eine Struktur, die den gesamten Zahn bedeckt. Veneers bedecken nur die Vorderseite der Z\u00e4hne.<br>Da die Kronen dicker sind, sind sie haltbarer als furnierte Z\u00e4hne.<br>W\u00e4hrend Zirkonz\u00e4hne f\u00fcr umfangreiche Restaurationen bevorzugt werden, werden Veneers f\u00fcr kleinere \u00c4nderungen bevorzugt.<\/p>\n\n\n\n<h3 class=\"wp-block-heading\">Vor und nach der zahnkrone aus zirkonium<\/h3>\n\n\n\n<p>Einige Vorher- und Nachher-Fotos der zirkoniumkronen, angefertigt von Turk Aesthetic.<\/p>\n\n\n<style>.kb-gallery-id-50746_321cce-91 .kadence-blocks-gallery-item .kb-gal-image-radius, .kb-gallery-id-50746_321cce-91 .kb-slide-item .kb-gal-image-radius img{border-radius:0px 0px 0px 0px;;}.kb-gallery-wrap-id-50746_321cce-91.wp-block-kadence-advancedgallery{overflow:visible;}.kb-gallery-wrap-id-50746_321cce-91.wp-block-kadence-advancedgallery .kt-blocks-carousel{overflow:visible;}<\/style><div class=\"kb-gallery-wrap-id-50746_321cce-91 alignnone wp-block-kadence-advancedgallery\"><div class=\"kb-gallery-ul kb-gallery-non-static kb-gallery-type-slider kb-gallery-id-50746_321cce-91 kb-gallery-caption-style-bottom-hover kb-gallery-filter-none\" data-image-filter=\"none\" data-lightbox-caption=\"true\"><div class=\"kt-blocks-carousel splide kt-carousel-container-dotstyle-dark kt-carousel-arrowstyle-whiteondark kt-carousel-dotstyle-dark kb-slider-group-arrow kb-slider-arrow-position-center\" data-slider-anim-speed=\"400\" data-slider-scroll=\"1\" data-slider-arrows=\"true\" data-slider-fade=\"true\" data-slider-dots=\"true\" data-slider-type=\"slider\" data-slider-hover-pause=\"false\" data-slider-auto=\"\" data-slider-speed=\"7000\" data-show-pause-button=\"false\"><div class=\"splide__track\"><ul class=\"kt-blocks-carousel-init kb-blocks-slider splide__list\"><li class=\"kb-slide-item kb-gallery-slide-item splide__slide\"><div class=\"kadence-blocks-gallery-item\"><div class=\"kadence-blocks-gallery-item-inner\"><figure class=\"kb-gallery-figure kadence-blocks-gallery-item-hide-caption\"><div class=\"kb-gal-image-radius\"><div class=\"kb-gallery-image-contain kadence-blocks-gallery-intrinsic kb-gallery-image-ratio-land32 kb-has-image-ratio-land32\" ><img loading=\"lazy\" decoding=\"async\" src=\"https:\/\/www.turkaesthetic.com\/wp-content\/uploads\/2023\/12\/Dental-Crown-before-after-1.webp\" width=\"1200\" height=\"800\" alt=\"Vor und nach Zahnkronen\" data-full-image=\"https:\/\/www.turkaesthetic.com\/wp-content\/uploads\/2023\/12\/Dental-Crown-before-after-1.webp\" data-light-image=\"https:\/\/www.turkaesthetic.com\/wp-content\/uploads\/2023\/12\/Dental-Crown-before-after-1.webp\" data-id=\"48890\" class=\"wp-image-48890 skip-lazy\"\/><\/div><\/div><\/figure><\/div><\/div><\/li><li class=\"kb-slide-item kb-gallery-slide-item splide__slide\"><div class=\"kadence-blocks-gallery-item\"><div class=\"kadence-blocks-gallery-item-inner\"><figure class=\"kb-gallery-figure kadence-blocks-gallery-item-hide-caption\"><div class=\"kb-gal-image-radius\"><div class=\"kb-gallery-image-contain kadence-blocks-gallery-intrinsic kb-gallery-image-ratio-land32 kb-has-image-ratio-land32\" ><img loading=\"lazy\" decoding=\"async\" src=\"https:\/\/www.turkaesthetic.com\/wp-content\/uploads\/2023\/12\/Dental-Crown-before-after-2.webp\" width=\"1200\" height=\"800\" alt=\"Vor und nach Zahnkronen\" data-full-image=\"https:\/\/www.turkaesthetic.com\/wp-content\/uploads\/2023\/12\/Dental-Crown-before-after-2.webp\" data-light-image=\"https:\/\/www.turkaesthetic.com\/wp-content\/uploads\/2023\/12\/Dental-Crown-before-after-2.webp\" data-id=\"48899\" class=\"wp-image-48899 skip-lazy\"\/><\/div><\/div><\/figure><\/div><\/div><\/li><li class=\"kb-slide-item kb-gallery-slide-item splide__slide\"><div class=\"kadence-blocks-gallery-item\"><div class=\"kadence-blocks-gallery-item-inner\"><figure class=\"kb-gallery-figure kadence-blocks-gallery-item-hide-caption\"><div class=\"kb-gal-image-radius\"><div class=\"kb-gallery-image-contain kadence-blocks-gallery-intrinsic kb-gallery-image-ratio-land32 kb-has-image-ratio-land32\" ><img loading=\"lazy\" decoding=\"async\" src=\"https:\/\/www.turkaesthetic.com\/wp-content\/uploads\/2023\/12\/Dental-Crown-before-after-3.webp\" width=\"1200\" height=\"800\" alt=\"Vor und nach Zahnkronen\" data-full-image=\"https:\/\/www.turkaesthetic.com\/wp-content\/uploads\/2023\/12\/Dental-Crown-before-after-3.webp\" data-light-image=\"https:\/\/www.turkaesthetic.com\/wp-content\/uploads\/2023\/12\/Dental-Crown-before-after-3.webp\" data-id=\"48908\" class=\"wp-image-48908 skip-lazy\"\/><\/div><\/div><\/figure><\/div><\/div><\/li><li class=\"kb-slide-item kb-gallery-slide-item splide__slide\"><div class=\"kadence-blocks-gallery-item\"><div class=\"kadence-blocks-gallery-item-inner\"><figure class=\"kb-gallery-figure kadence-blocks-gallery-item-hide-caption\"><div class=\"kb-gal-image-radius\"><div class=\"kb-gallery-image-contain kadence-blocks-gallery-intrinsic kb-gallery-image-ratio-land32 kb-has-image-ratio-land32\" ><img loading=\"lazy\" decoding=\"async\" src=\"https:\/\/www.turkaesthetic.com\/wp-content\/uploads\/2023\/12\/Dental-Crown-before-after-4.webp\" width=\"1200\" height=\"800\" alt=\"Vor und nach Zahnkronen\" data-full-image=\"https:\/\/www.turkaesthetic.com\/wp-content\/uploads\/2023\/12\/Dental-Crown-before-after-4.webp\" data-light-image=\"https:\/\/www.turkaesthetic.com\/wp-content\/uploads\/2023\/12\/Dental-Crown-before-after-4.webp\" data-id=\"48917\" class=\"wp-image-48917 skip-lazy\"\/><\/div><\/div><\/figure><\/div><\/div><\/li><li class=\"kb-slide-item kb-gallery-slide-item splide__slide\"><div class=\"kadence-blocks-gallery-item\"><div class=\"kadence-blocks-gallery-item-inner\"><figure class=\"kb-gallery-figure kadence-blocks-gallery-item-hide-caption\"><div class=\"kb-gal-image-radius\"><div class=\"kb-gallery-image-contain kadence-blocks-gallery-intrinsic kb-gallery-image-ratio-land32 kb-has-image-ratio-land32\" ><img loading=\"lazy\" decoding=\"async\" src=\"https:\/\/www.turkaesthetic.com\/wp-content\/uploads\/2023\/12\/Dental-Crown-before-after-5.webp\" width=\"1200\" height=\"800\" alt=\"Vor und nach Zahnkronen\" data-full-image=\"https:\/\/www.turkaesthetic.com\/wp-content\/uploads\/2023\/12\/Dental-Crown-before-after-5.webp\" data-light-image=\"https:\/\/www.turkaesthetic.com\/wp-content\/uploads\/2023\/12\/Dental-Crown-before-after-5.webp\" data-id=\"48926\" class=\"wp-image-48926 skip-lazy\"\/><\/div><\/div><\/figure><\/div><\/div><\/li><\/ul><\/div><\/div><\/div><\/div>\n\n\n<h2 class=\"wp-block-heading\">FAQ<\/h2>\n\n\n<div id=\"rank-math-faq\" class=\"rank-math-block\">\n<div class=\"rank-math-list \">\n<div id=\"faq-question-1725364541216\" class=\"rank-math-list-item\">\n<h3 class=\"rank-math-question \">Wie viele tage sollte ich bleiben?<\/h3>\n<div class=\"rank-math-answer \">\n\n<p>Die Person muss durchschnittlich 5 \u2013 10 Tage in Istanbul bleiben.<\/p>\n\n<\/div>\n<\/div>\n<div id=\"faq-question-1725364543827\" class=\"rank-math-list-item\">\n<h3 class=\"rank-math-question \">Ist es schmerzhaft?<\/h3>\n<div class=\"rank-math-answer \">\n\n<p>Bei der Herstellung von Zahnkronen wird eine \u00f6rtliche Bet\u00e4ubung angewendet. W\u00e4hrend des Eingriffs sind keine Schmerzen oder Beschwerden zu sp\u00fcren.<\/p>\n\n<\/div>\n<\/div>\n<div id=\"faq-question-1725364548676\" class=\"rank-math-list-item\">\n<h3 class=\"rank-math-question \">Was sind die Preise f\u00fcr zirkonkronen im jahr 2024?<\/h3>\n<div class=\"rank-math-answer \">\n\n<p>Die durchschnittlichen Kosten im Jahr 2024 betragen 100 \u2013 130 Euro pro Zahn.<\/p>\n\n<\/div>\n<\/div>\n<div id=\"faq-question-1725364554065\" class=\"rank-math-list-item\">\n<h3 class=\"rank-math-question \">Wie viele Jahre werden zirkonkronen im durchschnitt verwendet?<\/h3>\n<div class=\"rank-math-answer \">\n\n<p>Zahnkronen haben eine durchschnittliche Garantiezeit von 10 Jahren. Dar\u00fcber hinaus kann der Patient sie bei guter Pflege der Z\u00e4hne viele Jahre lang verwenden.<\/p>\n\n<\/div>\n<\/div>\n<div id=\"faq-question-1725364560320\" class=\"rank-math-list-item\">\n<h3 class=\"rank-math-question \">Wer kann zirkonkronen bekommen?<\/h3>\n<div class=\"rank-math-answer \">\n\n<p>Jeder \u00fcber 18, der unter Problemen mit der Zahnform und -farbe leidet, kann Zahnkronen bekommen.<\/p>\n\n<\/div>\n<\/div>\n<\/div>\n<\/div>\n\n\n<p>Schlie\u00dflich k\u00f6nnen Sie unser Team direkt \u00fcber den Link\u00a0<strong><a href=\"https:\/\/www.turkaesthetic.com\/de\/contact-us\/\" target=\"_blank\" data-type=\"link\" data-id=\"https:\/\/www.turkaesthetic.com\/de\/contact-us\/\" rel=\"noreferrer noopener\">kontaktieren<\/a><\/strong>, um Informationen und Preise von\u00a0<a href=\"https:\/\/www.youtube.com\/channel\/UC0zggzdm5CFwpRMmn_CPpFQ\" target=\"_blank\" rel=\"noreferrer noopener\"><strong>Turk<\/strong> <strong>Aesthetic<\/strong><\/a>\u00a0anzufordern.<a href=\"http:\/\/turkaesthetic.com\/de\/surgeries-de\/lip-lifting\/\"><\/a><a href=\"http:\/\/turkaesthetic.com\/de\/non-surgical-de\/cheek-filler\/\"><\/a><\/p>\n\n\n\n<p><\/p>\n","protected":false},"excerpt":{"rendered":"<p>Zirkonkronen sind eine option, die haltbarere und \u00e4sthetischere ergebnisse liefern kann, insbesondere im vergleich zu porzellankronen. Diese kronen k\u00f6nnen verwendet werden, um Z\u00e4hne auf nat\u00fcrliche Weise wiederherzustellen und verschiedene zahnprobleme zu korrigieren. Zahnkronen k\u00f6nnen f\u00fcr verschiedene zwecke eingesetzt werden, z. B. um Z\u00e4hne zu st\u00e4rken, ihre Farbe zu korrigieren, l\u00fccken zwischen ihnen zu schlie\u00dfen oder [&hellip;]<\/p>\n","protected":false},"author":4,"featured_media":50680,"parent":0,"menu_order":0,"comment_status":"closed","ping_status":"closed","template":"","meta":{"footnotes":""},"dep":[1356],"class_list":["post-50746","page","type-page","status-publish","has-post-thumbnail","hentry","dep-cosmetic-dentistry"],"_links":{"self":[{"href":"https:\/\/www.turkaesthetic.com\/de\/wp-json\/wp\/v2\/pages\/50746","targetHints":{"allow":["GET"]}}],"collection":[{"href":"https:\/\/www.turkaesthetic.com\/de\/wp-json\/wp\/v2\/pages"}],"about":[{"href":"https:\/\/www.turkaesthetic.com\/de\/wp-json\/wp\/v2\/types\/page"}],"author":[{"embeddable":true,"href":"https:\/\/www.turkaesthetic.com\/de\/wp-json\/wp\/v2\/users\/4"}],"replies":[{"embeddable":true,"href":"https:\/\/www.turkaesthetic.com\/de\/wp-json\/wp\/v2\/comments?post=50746"}],"version-history":[{"count":0,"href":"https:\/\/www.turkaesthetic.com\/de\/wp-json\/wp\/v2\/pages\/50746\/revisions"}],"wp:featuredmedia":[{"embeddable":true,"href":"https:\/\/www.turkaesthetic.com\/de\/wp-json\/wp\/v2\/media\/50680"}],"wp:attachment":[{"href":"https:\/\/www.turkaesthetic.com\/de\/wp-json\/wp\/v2\/media?parent=50746"}],"wp:term":[{"taxonomy":"dep","embeddable":true,"href":"https:\/\/www.turkaesthetic.com\/de\/wp-json\/wp\/v2\/dep?post=50746"}],"curies":[{"name":"wp","href":"https:\/\/api.w.org\/{rel}","templated":true}]}}