{"id":42380,"date":"2023-09-01T19:37:44","date_gmt":"2023-09-01T19:37:44","guid":{"rendered":"http:\/\/turkaesthetic.com\/premature-ejaculation-treatment\/"},"modified":"2023-09-05T10:21:40","modified_gmt":"2023-09-05T10:21:40","slug":"premature-ejaculation-treatment","status":"publish","type":"page","link":"https:\/\/www.turkaesthetic.com\/de\/premature-ejaculation-treatment\/","title":{"rendered":"Behandlung der Vorzeitigen Ejakulation in der T\u00fcrkei"},"content":{"rendered":"\n<p>Behandlung der vorzeitigen ejakulation in der T\u00fcrkei: Unter vorzeitiger Ejakulation versteht man einen vorzeitigen Samenerguss (Ejakulation) beim Geschlechtsverkehr. Die Behandlung kann viele verschiedene Methoden umfassen und je nach Zustand des Einzelnen variieren. Nachfolgend finden Sie viele Methoden zur Behandlung vorzeitiger Ejakulation.<\/p>\n\n\n\n<h2 class=\"wp-block-heading\">Methoden zur behandlung der vorzeitigen ejakulation in der T\u00fcrkei<\/h2>\n\n\n\n<p>Behandlung der vorzeitigen ejakulation in der T\u00fcrkei kann h\u00e4ufig Methoden wie kognitive Verhaltenstherapie, Medikamente und Sexualtherapie umfassen. Der Behandlungsansatz kann je nach Lebensstil, Krankengeschichte und Vorlieben des Einzelnen variieren.<\/p>\n\n\n\n<p>Ein spezialisierter Sexualtherapeut oder ein Urologe kann dabei helfen, die am besten geeignete Behandlungsmethode zu ermitteln, indem er den Zustand des Patienten beurteilt.<\/p>\n\n\n\n<figure class=\"wp-block-embed is-type-video is-provider-youtube wp-block-embed-youtube wp-embed-aspect-16-9 wp-has-aspect-ratio\"><div class=\"wp-block-embed__wrapper\">\n<iframe loading=\"lazy\" title=\"Premature Ejaculation Treatment (15) Minutes - Turk Aesthetic\" width=\"800\" height=\"450\" src=\"https:\/\/www.youtube.com\/embed\/qe1hSH5CXLg?feature=oembed\" frameborder=\"0\" allow=\"accelerometer; autoplay; clipboard-write; encrypted-media; gyroscope; picture-in-picture; web-share\" allowfullscreen><\/iframe>\n<\/div><figcaption class=\"wp-element-caption\"><em><strong>Behandlung der vorzeitigen ejakulation in der T\u00fcrkei<\/strong><\/em><\/figcaption><\/figure>\n\n\n\n<p><strong>Kognitive Verhaltenstherapie (CBT):<\/strong><\/p>\n\n\n\n<p>CBT ist einer der psychologischen Ans\u00e4tze zur L\u00f6sung des Problems der vorzeitigen Ejakulation. Diese Art der Therapie zielt darauf ab, die negativen Gedanken zu \u00e4ndern und eine bessere Kontrolle zu erm\u00f6glichen, indem die sexuellen Gedanken und Verhaltensweisen des Einzelnen analysiert werden.<\/p>\n\n\n\n<p><strong>Medikamente<\/strong>:<\/p>\n\n\n\n<p>Zur Behandlung einer vorzeitigen Ejakulation k\u00f6nnen Medikamente wie Antidepressiva sowie Cremes oder Sprays mit Lokalan\u00e4sthetika eingesetzt werden. Antidepressiva k\u00f6nnen die Ejakulationskontrolle verbessern, indem sie den Serotoninspiegel beeinflussen. Um die Intensit\u00e4t der Emotionen zu reduzieren, k\u00f6nnen Produkte mit Lokalan\u00e4sthetika auf den <a href=\"http:\/\/turkaesthetic.com\/de\/penis-enlargement\/\" data-type=\"page\" data-id=\"15896\">Penis<\/a> aufgetragen werden.<\/p>\n\n\n\n<p><strong>Sexualtherapie<\/strong>:<\/p>\n\n\n\n<p>Bei der Sexualtherapie werden die sexuellen Erfahrungen und Beziehungen einer Person bewertet. Sexualtherapeuten konzentrieren sich m\u00f6glicherweise auf die Verbesserung der Kommunikationsf\u00e4higkeiten, die St\u00e4rkung der emotionalen Bindung zwischen Partnern und die Verringerung der Angst vor sexueller Leistungsf\u00e4higkeit.<\/p>\n\n\n\n<p><strong>\u00dcbungen f\u00fcr die Beckenbodenmuskulatur:<\/strong><\/p>\n\n\n\n<p>Die St\u00e4rkung der Beckenbodenmuskulatur kann dabei helfen, die Ejakulation zu kontrollieren. Kegel\u00fcbungen, die diese Muskeln st\u00e4rken, k\u00f6nnen in einigen F\u00e4llen vorzeitiger Ejakulation wirksam sein.<\/p>\n\n\n\n<p><strong>Verwendung von Kondomen<\/strong>:<\/p>\n\n\n\n<p>Die Verwendung von Kondomen zur Verringerung der Reizintensit\u00e4t kann in manchen F\u00e4llen einer vorzeitigen Ejakulation von Vorteil sein.<\/p>\n\n\n\n<p><strong>Peniskopff\u00fcller<\/strong>:<\/p>\n\n\n\n<p>Aufgrund der fr\u00fchen Stimulation kommt es bei Menschen zu einer vorzeitigen Ejakulation. Dieser F\u00fcller wird unter die Haut des Peniskopfes injiziert, wodurch die Erregung verz\u00f6gert werden kann.<\/p>\n\n\n\n<h3 class=\"wp-block-heading\">Was ist ein Peniskopff\u00fcller und wie wird er durchgef\u00fchrt?<\/h3>\n\n\n\n<p>Physiologisch oder psychologisch kann es bei Menschen aufgrund einer \u00fcberm\u00e4\u00dfigen Empfindlichkeit des Penis zu Erregung kommen, die zu einer vorzeitigen Ejakulation f\u00fchrt. Sowohl M\u00e4nner als auch Frauen leiden unter diesem Problem. Bei M\u00e4nnern f\u00fchrt diese Situation zu Depressionen, mangelndem Selbstvertrauen und einem Gef\u00fchl der Unzul\u00e4nglichkeit, w\u00e4hrend bei Frauen die Zufriedenheit abnimmt.<\/p>\n\n\n\n<p>Der Zweck der Eichelf\u00fcllung besteht darin, eine subkutane Barriere zu schaffen, wodurch die Empfindlichkeit verringert und die Ejakulationszeit um das 3- bis 4-fache verl\u00e4ngert wird. Diese F\u00fcllungen werden speziell f\u00fcr das m\u00e4nnliche Fortpflanzungsorgan und das weibliche Fortpflanzungsorgan hergestellt.<\/p>\n\n\n\n<p>Es handelt sich um einen nicht-chirurgischen Eingriff, der einfach in einer klinischen Umgebung durchgef\u00fchrt wird. Die Wirksamkeit h\u00e4lt durchschnittlich 6-12 Monate an. Pro Penis werden 3 ml F\u00fcller injiziert. Bei Bedarf kann noch mehr getan werden oder der Vorgang nach einer gewissen Zeit wiederholt werden.<\/p>\n\n\n\n<h3 class=\"wp-block-heading\">Verarbeitungsschritte<\/h3>\n\n\n<div id=\"rank-math-howto\" class=\"rank-math-block\" >\n<div class=\"rank-math-howto-description\">\n\n<p><strong><em>Behandlung der Vorzeitigen Ejakulation in der T\u00fcrkei<\/em><\/strong><\/p>\n\n<\/div>\n<p class=\"rank-math-howto-duration\"><strong>Gesamtzeit:<\/strong> <span>15 Minuten<\/span><\/p>\n<div class=\"rank-math-steps \">\n<div id=\"howto-step-1693676613247\" class=\"rank-math-step\">\n<h3 class=\"rank-math-step-title \">Beratung<\/h3>\n<div class=\"rank-math-step-content \"><p>Zun\u00e4chst f\u00fchrt der Arzt die notwendigen Untersuchungen und Untersuchungen durch und entscheidet \u00fcber die f\u00fcr die Person am besten geeignete Behandlungsmethode.<\/p>\n<\/div>\n<\/div>\n<div id=\"howto-step-1693676622527\" class=\"rank-math-step\">\n<h3 class=\"rank-math-step-title \">An\u00e4sthesie<\/h3>\n<div class=\"rank-math-step-content \"><p>Anschlie\u00dfend wird eine \u00f6rtliche Bet\u00e4ubung auf die Unterseite des Penis oder eine Bet\u00e4ubungscreme auf die Eichel aufgetragen.<\/p>\n<\/div>\n<\/div>\n<div id=\"howto-step-1693676627419\" class=\"rank-math-step\">\n<h3 class=\"rank-math-step-title \">Injektion<\/h3>\n<div class=\"rank-math-step-content \"><p>Der Arzt injiziert eine gleiche Menge subkutanen F\u00fcllmaterials in gleicher Tiefe in die Eichel und schafft so eine Barriere f\u00fcr die Nerven.<\/p>\n<\/div>\n<\/div>\n<div id=\"howto-step-1693676632254\" class=\"rank-math-step\">\n<h3 class=\"rank-math-step-title \">Dauer<\/h3>\n<div class=\"rank-math-step-content \"><p>Die Gesamtbearbeitungszeit betr\u00e4gt 15\u201320 Minuten.<\/p>\n<\/div>\n<\/div>\n<div id=\"howto-step-1693676636993\" class=\"rank-math-step\">\n<h3 class=\"rank-math-step-title \">Bandage<\/h3>\n<div class=\"rank-math-step-content \"><p>Abschlie\u00dfend k\u00f6nnen noch kleine Klebestreifen an den Einstichstellen angebracht werden.<\/p>\n<\/div>\n<\/div>\n<\/div>\n<\/div>\n\n\n\n\n\n\n<h4 class=\"wp-block-heading\">Vorteile behandlung der vorzeitigen ejakulation in der T\u00fcrkei<\/h4>\n\n\n\n<ul class=\"wp-block-list\">\n<li>Behandlung der vorzeitigen ejakulation in der T\u00fcrkei ist eine nicht-chirurgische Methode.<\/li>\n\n\n\n<li>Nach der Lokalan\u00e4sthesie versp\u00fcrt die Person keine Schmerzen oder Schmerzen.<\/li>\n\n\n\n<li>Der Eingriff dauert durchschnittlich 15-20 Minuten.<\/li>\n\n\n\n<li>Erregung und Ejakulation der Person erh\u00f6hen sich um das 3- bis 4-fache.<\/li>\n<\/ul>\n\n\n\n<h4 class=\"wp-block-heading\">Nachteil behandlung der vorzeitigen ejakulation in der T\u00fcrkei<\/h4>\n\n\n\n<p>Der <a href=\"http:\/\/turkaesthetic.com\/de\/filler\/\" data-type=\"page\" data-id=\"14913\">Filler<\/a> ist durchschnittlich 6 \u2013 12 Monate wirksam und stellt keine dauerhafte L\u00f6sung f\u00fcr das ganze Leben dar.<\/p>\n\n\n\n<p>Es entsteht kein Nachteil, wenn die richtige Behandlung vom richtigen Spezialisten an der Person durchgef\u00fchrt wird.<\/p>\n\n\n\n<h4 class=\"wp-block-heading\">Nebenwirkungen behandlung der vorzeitigen ejakulation in der T\u00fcrkei<\/h4>\n\n\n\n<p>Nach dem Eingriff kann es zu leichten Schwellungen, R\u00f6tungen und Bluterg\u00fcssen an den Einstichstellen an der Eichel kommen. Alle Nebenwirkungen verschwinden innerhalb weniger Tage.<\/p>\n\n\n\n<h3 class=\"wp-block-heading\">Was ist nach der F\u00fcllung des Peniskopfes zu tun?<\/h3>\n\n\n\n<ul class=\"wp-block-list\">\n<li>Nach dem Eingriff kann die Person zu ihrem normalen Leben zur\u00fcckkehren.<\/li>\n\n\n\n<li>Am ersten Tag sollte nicht geduscht werden.<\/li>\n\n\n\n<li>Auf schwere k\u00f6rperliche Aktivit\u00e4ten sollte f\u00fcr 1 \u2013 2 Tage verzichtet werden.<\/li>\n\n\n\n<li>Nach durchschnittlich zwei Wochen sollte der Geschlechtsverkehr erlebt werden.<\/li>\n\n\n\n<li>Es sollte viel Fl\u00fcssigkeit zu sich genommen werden.<\/li>\n\n\n\n<li>Nach zwei Wochen wird empfohlen, das Verz\u00f6gerungsspray 15 Tage lang 15 Minuten vor dem Geschlechtsverkehr zu verwenden.<\/li>\n<\/ul>\n\n\n\n<h3 class=\"wp-block-heading\">Wer wird in der T\u00fcrkei wegen vorzeitiger Ejakulation behandelt?<\/h3>\n\n\n\n<p>Alle Behandlungen zur vorzeitigen Ejakulation und zum F\u00fcllen der Eichel werden in der Regel von Urologen durchgef\u00fchrt. Urologen sind \u00c4rzte, die sich mit urologischen Gesundheitsproblemen befassen, auch die sexuelle Gesundheit geh\u00f6rt zu diesem Bereich. Da es sich bei der Peniskopff\u00fcllung um einen Eingriff handelt, der in der Regel aus \u00e4sthetischen Gr\u00fcnden durchgef\u00fchrt wird, ist es wichtig, einen Urologen zu konsultieren, der Erfahrung auf diesem Gebiet hat.<\/p>\n\n\n\n<p>Vor jedem medizinischen Eingriff ist es jedoch wichtig, sorgf\u00e4ltig zu recherchieren, einen erfahrenen und geeigneten Spezialisten zu konsultieren und bei Bedarf mehrere Meinungen einzuholen. Bei der Entscheidung \u00fcber medizinische Eingriffe ist es wichtig, sich von vertrauensw\u00fcrdigen Experten beraten zu lassen, um Ihre Gesundheit nicht zu gef\u00e4hrden<\/p>\n\n\n\n<h3 class=\"wp-block-heading\">Preis f\u00fcr die behandlung der vorzeitigen ejakulation in der T\u00fcrkei<\/h3>\n\n\n\n<p>Das F\u00fcllen des Peniskopfes, eine der Methoden zur behandlung der vorzeitigen ejakulation in der T\u00fcrkei, erfordert \u00c4rzte mit Erfahrung auf diesem Gebiet.<\/p>\n\n\n\n<p>Es wird immer empfohlen, ein zuverl\u00e4ssiges medizinisches Zentrum zu w\u00e4hlen, das Fachwissen und Sterilisation bietet.<\/p>\n\n\n\n<p>In der T\u00fcrkei ist die Eichel mit 3 ml gef\u00fcllt und kostet 750 Euro.<\/p>\n\n\n\n<h2 class=\"wp-block-heading\">FAQ &#8211; Behandlung der vorzeitigen ejakulation in der T\u00fcrkei<\/h2>\n\n\n<div id=\"rank-math-faq\" class=\"rank-math-block\">\n<div class=\"rank-math-list \">\n<div id=\"faq-question-1693654318291\" class=\"rank-math-list-item\">\n<h3 class=\"rank-math-question \">Wer kann in der T\u00fcrkei eine Peniskopff\u00fcllung, eine Behandlung gegen vorzeitige Ejakulation, durchf\u00fchren lassen?<\/h3>\n<div class=\"rank-math-answer \">\n\n<p>Es wird bei Personen \u00fcber 18 Jahren angewendet, die Probleme mit der vorzeitigen Ejakulation haben.<\/p>\n\n<\/div>\n<\/div>\n<div id=\"faq-question-1693654324009\" class=\"rank-math-list-item\">\n<h3 class=\"rank-math-question \">Was kostet ein Peniskopff\u00fcller in der T\u00fcrkei?<\/h3>\n<div class=\"rank-math-answer \">\n\n<p>In der T\u00fcrkei werden durchschnittlich 3 ml Filler pro Penis aufgetragen und der Preis liegt bei 750 Euro.<\/p>\n\n<\/div>\n<\/div>\n<div id=\"faq-question-1693654333114\" class=\"rank-math-list-item\">\n<h3 class=\"rank-math-question \">Wie lange verz\u00f6gert ein Peniskopff\u00fcller die vorzeitige Ejakulation?<\/h3>\n<div class=\"rank-math-answer \">\n\n<p>Wenn es von Fach\u00e4rzten sicher durchgef\u00fchrt wird, sorgt es f\u00fcr eine drei- bis viermal verz\u00f6gerte Ejakulation.<\/p>\n\n<\/div>\n<\/div>\n<div id=\"faq-question-1693654344594\" class=\"rank-math-list-item\">\n<h3 class=\"rank-math-question \">Ist der auf den Penis aufgetragene Filler sch\u00e4dlich?<\/h3>\n<div class=\"rank-math-answer \">\n\n<p>Der Inhaltsstoff des F\u00fcllstoffs ist Hyalurons\u00e4ure, da diese S\u00e4ure auch in unserem K\u00f6rper vorhanden ist, vertr\u00e4glich ist und nicht schadet. Da es auf die Eichel und nur unter die Haut aufgetragen wird, hat es nichts mit dem Harnkanal oder dem Samenkanal zu tun und verursacht keine negativen Auswirkungen.<\/p>\n\n<\/div>\n<\/div>\n<\/div>\n<\/div>\n\n\n<p>Und schlie\u00dflich k\u00f6nnen Sie sich \u00fcber einen direkten <a href=\"http:\/\/turkaesthetic.com\/de\/contact-us\/\" data-type=\"page\" data-id=\"15941\">Link<\/a> an das technische Support-Team wenden, um Informationen und Preise von T\u00fcrkiye \u0130stanbul <a href=\"https:\/\/www.youtube.com\/channel\/UC0zggzdm5CFwpRMmn_CPpFQ\" data-type=\"link\" data-id=\"https:\/\/www.youtube.com\/channel\/UC0zggzdm5CFwpRMmn_CPpFQ\" target=\"_blank\" rel=\"noopener\">Turk Aesthetic<\/a> anzufordern.<\/p>\n","protected":false},"excerpt":{"rendered":"<p>Behandlung der vorzeitigen ejakulation in der T\u00fcrkei: Unter vorzeitiger Ejakulation versteht man einen vorzeitigen Samenerguss (Ejakulation) beim Geschlechtsverkehr. Die Behandlung kann viele verschiedene Methoden umfassen und je nach Zustand des Einzelnen variieren. Nachfolgend finden Sie viele Methoden zur Behandlung vorzeitiger Ejakulation. Methoden zur behandlung der vorzeitigen ejakulation in der T\u00fcrkei Behandlung der vorzeitigen ejakulation in [&hellip;]<\/p>\n","protected":false},"author":1,"featured_media":42342,"parent":0,"menu_order":0,"comment_status":"closed","ping_status":"closed","template":"","meta":{"footnotes":""},"dep":[1357],"class_list":["post-42380","page","type-page","status-publish","has-post-thumbnail","hentry","dep-treatment"],"_links":{"self":[{"href":"https:\/\/www.turkaesthetic.com\/de\/wp-json\/wp\/v2\/pages\/42380","targetHints":{"allow":["GET"]}}],"collection":[{"href":"https:\/\/www.turkaesthetic.com\/de\/wp-json\/wp\/v2\/pages"}],"about":[{"href":"https:\/\/www.turkaesthetic.com\/de\/wp-json\/wp\/v2\/types\/page"}],"author":[{"embeddable":true,"href":"https:\/\/www.turkaesthetic.com\/de\/wp-json\/wp\/v2\/users\/1"}],"replies":[{"embeddable":true,"href":"https:\/\/www.turkaesthetic.com\/de\/wp-json\/wp\/v2\/comments?post=42380"}],"version-history":[{"count":0,"href":"https:\/\/www.turkaesthetic.com\/de\/wp-json\/wp\/v2\/pages\/42380\/revisions"}],"wp:featuredmedia":[{"embeddable":true,"href":"https:\/\/www.turkaesthetic.com\/de\/wp-json\/wp\/v2\/media\/42342"}],"wp:attachment":[{"href":"https:\/\/www.turkaesthetic.com\/de\/wp-json\/wp\/v2\/media?parent=42380"}],"wp:term":[{"taxonomy":"dep","embeddable":true,"href":"https:\/\/www.turkaesthetic.com\/de\/wp-json\/wp\/v2\/dep?post=42380"}],"curies":[{"name":"wp","href":"https:\/\/api.w.org\/{rel}","templated":true}]}}