{"id":15876,"date":"2021-12-16T10:07:33","date_gmt":"2021-12-16T07:07:33","guid":{"rendered":"http:\/\/turkaesthetic.com\/breast\/"},"modified":"2025-04-07T17:56:49","modified_gmt":"2025-04-07T14:56:49","slug":"breast","status":"publish","type":"page","link":"https:\/\/www.turkaesthetic.com\/de\/breast\/","title":{"rendered":"Brust\u00e4sthetik"},"content":{"rendered":"\n<figure class=\"wp-block-gallery has-nested-images columns-4 is-cropped wp-block-gallery-1 is-layout-flex wp-block-gallery-is-layout-flex\">\n<figure class=\"wp-block-image size-large\"><img loading=\"lazy\" decoding=\"async\" width=\"1200\" height=\"628\" data-id=\"11978\" src=\"https:\/\/www.turkaesthetic.com\/wp-content\/uploads\/2021\/12\/Breast-Augmentation.webp\" alt=\"Meme B\u00fcy\u00fctme\" class=\"wp-image-11978\" srcset=\"https:\/\/www.turkaesthetic.com\/wp-content\/uploads\/2021\/12\/Breast-Augmentation.webp 1200w, https:\/\/www.turkaesthetic.com\/wp-content\/uploads\/2021\/12\/Breast-Augmentation-768x402.webp 768w\" sizes=\"auto, (max-width: 1200px) 100vw, 1200px\" \/><figcaption class=\"wp-element-caption\"><a href=\"https:\/\/www.turkaesthetic.com\/de\/breast-enlargement\/\" target=\"_blank\" data-type=\"page\" data-id=\"15871\" rel=\"noreferrer noopener\">Brustvergr\u00f6\u00dferung<\/a><\/figcaption><\/figure>\n\n\n\n<figure class=\"wp-block-image size-large\"><img loading=\"lazy\" decoding=\"async\" width=\"1200\" height=\"628\" data-id=\"11979\" src=\"https:\/\/www.turkaesthetic.com\/wp-content\/uploads\/2021\/12\/breast-lift.webp\" alt=\"Meme Dikle\u015ftirme\" class=\"wp-image-11979\" srcset=\"https:\/\/www.turkaesthetic.com\/wp-content\/uploads\/2021\/12\/breast-lift.webp 1200w, https:\/\/www.turkaesthetic.com\/wp-content\/uploads\/2021\/12\/breast-lift-768x402.webp 768w\" sizes=\"auto, (max-width: 1200px) 100vw, 1200px\" \/><figcaption class=\"wp-element-caption\"><a href=\"https:\/\/www.turkaesthetic.com\/de\/breast-lift\/\" data-type=\"page\" data-id=\"15811\">Brust<\/a><a href=\"https:\/\/www.turkaesthetic.com\/de\/breast-lift\/\" target=\"_blank\" data-type=\"page\" data-id=\"15811\" rel=\"noreferrer noopener\">s<\/a><a href=\"https:\/\/www.turkaesthetic.com\/de\/breast-lift\/\" data-type=\"page\" data-id=\"15811\">traffung<\/a><\/figcaption><\/figure>\n\n\n\n<figure class=\"wp-block-image size-large\"><img loading=\"lazy\" decoding=\"async\" width=\"1200\" height=\"628\" data-id=\"13205\" src=\"https:\/\/www.turkaesthetic.com\/wp-content\/uploads\/2022\/03\/breast-Reduction.webp\" alt=\"meme k\u00fc\u00e7\u00fcltme\" class=\"wp-image-13205\" srcset=\"https:\/\/www.turkaesthetic.com\/wp-content\/uploads\/2022\/03\/breast-Reduction.webp 1200w, https:\/\/www.turkaesthetic.com\/wp-content\/uploads\/2022\/03\/breast-Reduction-768x402.webp 768w\" sizes=\"auto, (max-width: 1200px) 100vw, 1200px\" \/><figcaption class=\"wp-element-caption\"><a href=\"https:\/\/www.turkaesthetic.com\/de\/breast-reduction\/\" target=\"_blank\" data-type=\"page\" data-id=\"15860\" rel=\"noreferrer noopener\">Brustverkleinerung<\/a><\/figcaption><\/figure>\n\n\n\n<figure class=\"wp-block-image size-large is-style-default\"><img loading=\"lazy\" decoding=\"async\" width=\"1200\" height=\"628\" data-id=\"11977\" src=\"https:\/\/www.turkaesthetic.com\/wp-content\/uploads\/2021\/12\/Gynecomastia.webp\" alt=\"Jinekomasti\" class=\"wp-image-11977\" srcset=\"https:\/\/www.turkaesthetic.com\/wp-content\/uploads\/2021\/12\/Gynecomastia.webp 1200w, https:\/\/www.turkaesthetic.com\/wp-content\/uploads\/2021\/12\/Gynecomastia-768x402.webp 768w\" sizes=\"auto, (max-width: 1200px) 100vw, 1200px\" \/><figcaption class=\"wp-element-caption\"><a href=\"https:\/\/www.turkaesthetic.com\/de\/gynecomastia\/\" target=\"_blank\" data-type=\"page\" data-id=\"15773\" rel=\"noreferrer noopener\">Gyn\u00e4komastie<\/a><\/figcaption><\/figure>\n<\/figure>\n\n\n\n<p><strong>Brust\u00e4sthetik: Umfassende L\u00f6sungen f\u00fcr Frauen und M\u00e4nner<\/strong><\/p>\n\n\n\n<p>Die Brust\u00e4sthetik ist ein Bereich der \u00e4sthetischen Chirurgie und umfasst chirurgische Eingriffe zur Verbesserung von Form, Gr\u00f6\u00dfe und Symmetrie der Br\u00fcste. W\u00e4hrend Operationen wie Brustvergr\u00f6\u00dferung, -verkleinerung und -straffung bei Frauen beliebt sind, bevorzugen M\u00e4nner h\u00e4ufig eine Gyn\u00e4komastie-Behandlung oder Brustverkleinerung. Solche \u00e4sthetischen Eingriffe verbessern nicht nur das Aussehen, sondern steigern auch das Wohlbefinden und das Selbstbewusstsein der Patientin.<\/p>\n\n\n\n<p>Die Brust\u00e4sthetik dient dazu, die K\u00f6rperlinien auszugleichen und der Person eine besondere Form zu verleihen. W\u00e4hrend gro\u00dfe Br\u00fcste R\u00fccken- und Schulterschmerzen verursachen k\u00f6nnen, k\u00f6nnen kleine oder h\u00e4ngende Br\u00fcste dazu f\u00fchren, dass man sich \u00e4sthetisch unzul\u00e4nglich f\u00fchlt. Bei M\u00e4nnern kann eine hervorstehende Brust das soziale Leben beeintr\u00e4chtigen. Deshalb wird die Brust\u00e4sthetik individuell nach den pers\u00f6nlichen Bed\u00fcrfnissen geplant und gew\u00e4hrleistet ein m\u00f6glichst nat\u00fcrliches und \u00e4sthetisches Ergebnis.<\/p>\n\n\n\n<h2 class=\"wp-block-heading\">Brust\u00e4sthetik f\u00fcr Frauen<\/h2>\n\n\n\n<h3 class=\"wp-block-heading\">Brustvergr\u00f6\u00dferung: Vollere und formsch\u00f6ne Br\u00fcste<\/h3>\n\n\n\n<p>Die <a href=\"https:\/\/www.turkaesthetic.com\/de\/breast-enlargement\/\" target=\"_blank\" data-type=\"page\" data-id=\"15871\" rel=\"noreferrer noopener\">Brustvergr\u00f6\u00dferung<\/a> ist eine der beliebtesten \u00e4sthetischen Operationen f\u00fcr Frauen, die ihr Brustvolumen vergr\u00f6\u00dfern und ein volleres Aussehen erreichen m\u00f6chten. Dabei kommen zwei grundlegende Methoden zum Einsatz: Silikonimplantate und Fettinjektion.<\/p>\n\n\n\n<p>Silikonimplantate sind die g\u00e4ngigste Methode zur Brustvergr\u00f6\u00dferung und bieten nat\u00fcrliche und langanhaltende Ergebnisse. Sie werden durch kleine Schnitte unter der Brust, um die Brustwarze oder unter der Achselh\u00f6hle eingesetzt. Es gibt Implantate in verschiedenen Gr\u00f6\u00dfen und Formen, die auf die K\u00f6rperstruktur der Patientin abgestimmt sind.<\/p>\n\n\n\n<p>Die Fettinjektion ist eine weitere Alternative f\u00fcr alle, die eine nat\u00fcrlichere Vergr\u00f6\u00dferung w\u00fcnschen. Bei diesem Verfahren werden Fettzellen aus verschiedenen K\u00f6rperregionen entnommen, aufbereitet und in den Brustbereich injiziert. Obwohl die Fettinjektion im Vergleich zu Silikonimplantaten einen geringeren Volumenzuwachs bewirkt, ist sie eine Methode, die mit nat\u00fcrlichem Gewebe kompatibel ist.<\/p>\n\n\n\n<h3 class=\"wp-block-heading\">Brustverkleinerung: Leichtere und proportionierte Br\u00fcste<\/h3>\n\n\n\n<p>Gro\u00dfe Br\u00fcste k\u00f6nnen bei vielen Frauen R\u00fccken-, Schulter- und Nackenschmerzen, Haltungssch\u00e4den und Hautreizungen verursachen. Eine <a href=\"https:\/\/www.turkaesthetic.com\/de\/breast-reduction\/\" target=\"_blank\" data-type=\"page\" data-id=\"15860\" rel=\"noreferrer noopener\">Brustverkleinerung<\/a> entfernt \u00fcbersch\u00fcssiges Gewebe und Fett, wodurch die Br\u00fcste leichter und proportionaler zum K\u00f6rper werden. Dank dieser Operation k\u00f6nnen Patientinnen ein angenehmeres Leben f\u00fchren und sich in ihrer Kleidung freier f\u00fchlen.<\/p>\n\n\n\n<p>Eine Brustverkleinerung wird auch aus \u00e4sthetischen Gr\u00fcnden bevorzugt. Gro\u00dfe Br\u00fcste k\u00f6nnen unvereinbar mit der eigenen K\u00f6rperform sein. Dies kann dazu f\u00fchren, dass sich Frauen im sozialen Leben und im Alltag unwohl f\u00fchlen. Nach einer Brustverkleinerung erhalten Patientinnen ein ausgeglicheneres und \u00e4sthetischeres Aussehen.<\/p>\n\n\n\n<h3 class=\"wp-block-heading\">Bruststraffung: Ein jugendliches und straffes Aussehen<\/h3>\n\n\n\n<p>Mit der Zeit kann es durch Alterung, Schwangerschaft, Stillen oder schnelle Gewichtsver\u00e4nderungen zu einem H\u00e4ngen der Br\u00fcste kommen. Eine <a href=\"https:\/\/www.turkaesthetic.com\/de\/breast-lift\/\" target=\"_blank\" data-type=\"page\" data-id=\"15811\" rel=\"noreferrer noopener\">Bruststraffung<\/a> zielt darauf ab, die Br\u00fcste zu straffen und ihnen ein j\u00fcngeres und strafferes Aussehen zu verleihen.<\/p>\n\n\n\n<p>Bei diesem Eingriff wird \u00fcbersch\u00fcssige Haut entfernt, das Brustgewebe neu geformt und die Brustwarze in die optimale Position gebracht. Bei Volumenverlust der Br\u00fcste kann die Bruststraffung mit Silikonimplantaten kombiniert werden, um ein volleres Aussehen zu erzielen.<\/p>\n\n\n\n<h3 class=\"wp-block-heading\">Korrektur von Brustasymmetrien: Symmetrische und ausgeglichene Br\u00fcste<\/h3>\n\n\n\n<p>Die Br\u00fcste vieler Frauen sind von Natur aus nicht symmetrisch. Manchmal kann jedoch eine Brust gr\u00f6\u00dfer, schlaffer oder anders geformt sein als die andere. Solche Asymmetrien k\u00f6nnen angeboren sein oder nach dem Stillen, Gewichtsver\u00e4nderungen oder chirurgischen Eingriffen entstehen.<\/p>\n\n\n\n<p>Zur Korrektur von Brustasymmetrien stehen verschiedene chirurgische Methoden zur Verf\u00fcgung. Kleine Br\u00fcste k\u00f6nnen vergr\u00f6\u00dfert, gro\u00dfe Br\u00fcste verkleinert oder bei H\u00e4ngebr\u00fcsten mit einer Bruststraffung die ideale Form erreicht werden. Die Methode richtet sich nach der K\u00f6rperstruktur und den W\u00fcnschen der Patientin.<\/p>\n\n\n\n<h2 class=\"wp-block-heading\">2.Brustverkleinerung f\u00fcr M\u00e4nner (Gyn\u00e4komastie-Operation)<\/h2>\n\n\n\n<ol start=\"2\" class=\"wp-block-list\">\n<li><\/li>\n<\/ol>\n\n\n\n<p><a href=\"https:\/\/www.turkaesthetic.com\/de\/gynecomastia\/\" target=\"_blank\" data-type=\"page\" data-id=\"15773\" rel=\"noreferrer noopener\">Gyn\u00e4komastie<\/a> bezeichnet ein \u00fcberm\u00e4\u00dfiges Wachstum des Brustgewebes bei M\u00e4nnern. Sie kann durch hormonelle Ungleichgewichte, genetische Faktoren, Gewichtszunahme oder Nebenwirkungen bestimmter Medikamente entstehen. Gro\u00dfe Br\u00fcste k\u00f6nnen bei M\u00e4nnern zu Problemen f\u00fchren, wie z. B. Schwierigkeiten beim Tragen von T-Shirts, Unbehagen im sozialen Umfeld und eingeschr\u00e4nkte Bewegungsfreiheit beim Sport, insbesondere in den Sommermonaten.<\/p>\n\n\n\n<p>Die effektivste Methode zur Behandlung von Gyn\u00e4komastie ist ein chirurgischer Eingriff. Dabei wird \u00fcbersch\u00fcssiges Fettgewebe mittels Fettabsaugung und, falls erforderlich, auch \u00fcbersch\u00fcssiges Brustgewebe entfernt. Nach der Operation wirkt die Brust flacher und m\u00e4nnlicher.<\/p>\n\n\n\n<p>Die Genesung nach der Operation verl\u00e4uft recht schnell. Der Patient kann in der Regel innerhalb weniger Tage wieder seinen Alltagsaktivit\u00e4ten nachgehen. Schwellungen und leichte Schmerzen klingen innerhalb der ersten Woche ab, das endg\u00fcltige Ergebnis ist jedoch erst nach einigen Monaten sichtbar. M\u00e4nner, die sich einer Gyn\u00e4komastie-Operation unterziehen, haben nicht nur eine athletischere Bruststruktur, sondern gewinnen auch ihr Selbstvertrauen zur\u00fcck.<\/p>\n\n\n\n<h3 class=\"wp-block-heading\">Der Genesungsprozess nach einer Brust\u00e4sthetik<\/h3>\n\n\n\n<p>Der Genesungsprozess nach einer Brust\u00e4sthetik variiert je nach Gesundheitszustand der Patientin und Art des Eingriffs. In den ersten Tagen nach der Operation k\u00f6nnen leichte Schmerzen, Schwellungen und Druckempfindlichkeit auftreten. Die Einnahme von Schmerzmitteln und st\u00fctzenden BHs nach \u00e4rztlicher Empfehlung kann den Heilungsprozess erleichtern.<\/p>\n\n\n\n<p>In der ersten Woche sollten schwere k\u00f6rperliche Aktivit\u00e4ten und belastende Bewegungen vermieden werden. Die N\u00e4hte fallen nach der Operation ab, und die Schwellungen klingen gr\u00f6\u00dftenteils innerhalb des ersten Monats ab. Das endg\u00fcltige Ergebnis ist in der Regel nach 3 bis 6 Monaten vollst\u00e4ndig sichtbar.<\/p>\n\n\n\n<h3 class=\"wp-block-heading\">Ergebnis: Brust\u00e4sthetik f\u00fcr ein \u00e4sthetisches und nat\u00fcrliches Aussehen<\/h3>\n\n\n\n<p>Die Brust\u00e4sthetik ist eine L\u00f6sung f\u00fcr ein ausgewogeneres, nat\u00fcrlicheres und \u00e4sthetischeres Aussehen bei Frauen und M\u00e4nnern. Sie sorgt f\u00fcr vollere, aufrechtere und symmetrischere Br\u00fcste bei Frauen, w\u00e4hrend sie bei M\u00e4nnern f\u00fcr eine flachere und athletischere Bruststruktur sorgt.<\/p>\n\n\n\n<p>Wenn Sie detaillierte Informationen zur Brust\u00e4sthetik w\u00fcnschen und die f\u00fcr Sie am besten geeignete Behandlungsmethode finden m\u00f6chten, k\u00f6nnen Sie einen Facharzt f\u00fcr Plastische Chirurgie konsultieren und eine individuelle Beratung erhalten. Eine gute Planung und eine Operation durch Experten k\u00f6nnen Ihnen helfen, Ihr Wunschbild zu erreichen.<\/p>\n\n\n\n<p>Und schlie\u00dflich k\u00f6nnen Sie uns \u00fcber den <a href=\"https:\/\/www.turkaesthetic.com\/de\/contact-us\/\" target=\"_blank\" data-type=\"page\" data-id=\"15941\" rel=\"noreferrer noopener\">Link<\/a> kontaktieren, um Informationen und Preise von <a href=\"https:\/\/www.youtube.com\/@turkaesthetic\" target=\"_blank\" data-type=\"link\" data-id=\"https:\/\/www.youtube.com\/@turkaesthetic\" rel=\"noreferrer noopener\">Turk Aesthetic<\/a> anzufordern.<\/p>\n","protected":false},"excerpt":{"rendered":"<p>Brust\u00e4sthetik: Umfassende L\u00f6sungen f\u00fcr Frauen und M\u00e4nner Die Brust\u00e4sthetik ist ein Bereich der \u00e4sthetischen Chirurgie und umfasst chirurgische Eingriffe zur Verbesserung von Form, Gr\u00f6\u00dfe und Symmetrie der Br\u00fcste. W\u00e4hrend Operationen wie Brustvergr\u00f6\u00dferung, -verkleinerung und -straffung bei Frauen beliebt sind, bevorzugen M\u00e4nner h\u00e4ufig eine Gyn\u00e4komastie-Behandlung oder Brustverkleinerung. Solche \u00e4sthetischen Eingriffe verbessern nicht nur das Aussehen, sondern [&hellip;]<\/p>\n","protected":false},"author":1,"featured_media":15853,"parent":0,"menu_order":0,"comment_status":"closed","ping_status":"closed","template":"","meta":{"footnotes":""},"dep":[1354],"class_list":["post-15876","page","type-page","status-publish","has-post-thumbnail","hentry","dep-plastic-surgeries"],"_links":{"self":[{"href":"https:\/\/www.turkaesthetic.com\/de\/wp-json\/wp\/v2\/pages\/15876","targetHints":{"allow":["GET"]}}],"collection":[{"href":"https:\/\/www.turkaesthetic.com\/de\/wp-json\/wp\/v2\/pages"}],"about":[{"href":"https:\/\/www.turkaesthetic.com\/de\/wp-json\/wp\/v2\/types\/page"}],"author":[{"embeddable":true,"href":"https:\/\/www.turkaesthetic.com\/de\/wp-json\/wp\/v2\/users\/1"}],"replies":[{"embeddable":true,"href":"https:\/\/www.turkaesthetic.com\/de\/wp-json\/wp\/v2\/comments?post=15876"}],"version-history":[{"count":0,"href":"https:\/\/www.turkaesthetic.com\/de\/wp-json\/wp\/v2\/pages\/15876\/revisions"}],"wp:featuredmedia":[{"embeddable":true,"href":"https:\/\/www.turkaesthetic.com\/de\/wp-json\/wp\/v2\/media\/15853"}],"wp:attachment":[{"href":"https:\/\/www.turkaesthetic.com\/de\/wp-json\/wp\/v2\/media?parent=15876"}],"wp:term":[{"taxonomy":"dep","embeddable":true,"href":"https:\/\/www.turkaesthetic.com\/de\/wp-json\/wp\/v2\/dep?post=15876"}],"curies":[{"name":"wp","href":"https:\/\/api.w.org\/{rel}","templated":true}]}}