{"id":15871,"date":"2021-12-18T09:45:00","date_gmt":"2021-12-18T06:45:00","guid":{"rendered":"http:\/\/turkaesthetic.com\/breast-enlargement\/"},"modified":"2025-04-07T17:15:14","modified_gmt":"2025-04-07T14:15:14","slug":"breast-enlargement","status":"publish","type":"page","link":"https:\/\/www.turkaesthetic.com\/de\/breast-enlargement\/","title":{"rendered":"Brustvergr\u00f6\u00dferung"},"content":{"rendered":"\n<p>Eine <strong>Brustvergr\u00f6\u00dferung<\/strong> ist ein kosmetischer chirurgischer Eingriff, der von einem spezialisierten plastischen Chirurgen durchgef\u00fchrt wird. Viele Frauen entscheiden sich f\u00fcr diesen Eingriff, um ihre Brust zu vergr\u00f6\u00dfern, insbesondere bei nat\u00fcrlich kleinen Br\u00fcsten, einem Brustvolumenverlust durch Unf\u00e4lle oder Brustkrebs oder dem Austausch alter Silikonimplantate aus einer fr\u00fcheren Operation.<\/p>\n\n\n\n<figure class=\"wp-block-table\"><table><tbody><tr><td>An\u00e4sthesie<\/td><td>voll<\/td><\/tr><tr><td>Prozessdauer<\/td><td>3-4 Stunden<\/td><\/tr><tr><td>Aufenthalt im Krankenhaus<\/td><td>1 Nacht wird nach dem Prozess ben\u00f6tigt<\/td><\/tr><tr><td>Ergebnisse<\/td><td>Sofort \/ 15 Jahre<\/td><\/tr><tr><td>Rekonvaleszenz<\/td><td>10 Tage<\/td><\/tr><\/tbody><\/table><\/figure>\n\n\n\n<h2 class=\"wp-block-heading\">Wie wird eine Brustvergr\u00f6\u00dferung durchgef\u00fchrt?<\/h2>\n\n\n\n<p>Eine Brustvergr\u00f6\u00dferung wird mit verschiedenen Techniken durchgef\u00fchrt, am h\u00e4ufigsten mit dem Einsetzen von festen Silikonimplantaten. Der Chirurg platziert die Implantate sorgf\u00e4ltig so, dass die <a href=\"https:\/\/www.turkaesthetic.com\/de\/breast-lift\/\" target=\"_blank\" data-type=\"page\" data-id=\"15811\" rel=\"noreferrer noopener\">Brust<\/a> gr\u00f6\u00dfe vergr\u00f6\u00dfert und gleichzeitig ein nat\u00fcrliches Aussehen erhalten bleibt. Gr\u00f6\u00dfe und Form der Implantate werden vor dem Eingriff mit der Patientin besprochen, um das gew\u00fcnschte Ergebnis sicherzustellen.<\/p>\n\n\n\n<p>Der Eingriff dauert in der Regel 2 bis 3 Stunden. Die Patientin bleibt eine Nacht im Krankenhaus und wird am n\u00e4chsten Tag entlassen.<\/p>\n\n\n\n<h3 class=\"wp-block-heading\">Video<\/h3>\n\n\n\n<p>Im Folgenden sehen Sie ein Video, das den Ablauf einer Brustvergr\u00f6\u00dferung demonstriert.<\/p>\n\n\n\n<figure class=\"wp-block-embed is-type-video is-provider-youtube wp-block-embed-youtube wp-embed-aspect-16-9 wp-has-aspect-ratio\"><div class=\"wp-block-embed__wrapper\">\n<iframe loading=\"lazy\" title=\"Breast Augmentation - Turk Aesthetic\" width=\"800\" height=\"450\" src=\"https:\/\/www.youtube.com\/embed\/VzFDUDkzs9E?feature=oembed\" frameborder=\"0\" allow=\"accelerometer; autoplay; clipboard-write; encrypted-media; gyroscope; picture-in-picture; web-share\" referrerpolicy=\"strict-origin-when-cross-origin\" allowfullscreen><\/iframe>\n<\/div><figcaption class=\"wp-element-caption\">Brustvergr\u00f6\u00dferung<\/figcaption><\/figure>\n\n\n\n<h3 class=\"wp-block-heading\">Frauen, die f\u00fcr eine Brustvergr\u00f6\u00dferung in Frage kommen<\/h3>\n\n\n\n<p>Frauen \u00fcber 18 Jahren k\u00f6nnen sich aus verschiedenen Gr\u00fcnden einer Brustvergr\u00f6\u00dferung unterziehen. Dieser Eingriff wird h\u00e4ufig von Frauen gew\u00fcnscht, die nach der Pubert\u00e4t von Natur aus kleine Br\u00fcste haben, an einer Brustasymmetrie leiden oder aufgrund von Erkrankungen oder Unf\u00e4llen Deformationen aufweisen. Der Eingriff dient auch rekonstruktiven Zwecken und nicht nur der kosmetischen Verbesserung.<\/p>\n\n\n\n<p>Vor dem Eingriff ist es wichtig, den Chirurgen \u00fcber chronische Erkrankungen und die aktuelle Medikamenteneinnahme zu informieren. Besprechen Sie auch alle fr\u00fcheren Operationen, die Sie hinter sich haben. Eine realistische Erwartung an den Eingriff und die m\u00f6glichen Ergebnisse ist entscheidend. Eine klare Kommunikation in diesen Punkten tr\u00e4gt zu einem sicheren und effektiven Operationserlebnis bei.<\/p>\n\n\n\n<h4 class=\"wp-block-heading\">Wer ist NICHT f\u00fcr eine Brustvergr\u00f6\u00dferung geeignet?<\/h4>\n\n\n\n<p>Wie jede andere kosmetische Operation ist auch eine nicht f\u00fcr jede Frau geeignet. Viele Frauen sind daf\u00fcr geeignet, andere m\u00f6glicherweise nicht. Es ist wichtig, einen Arzt oder das medizinische Team von Turk Aesthetic zu konsultieren, um eine individuelle Beratung zu erhalten. Dies kann durch die Bereitstellung von Fotos oder die Weitergabe relevanter Informationen zum eigenen Gesundheitszustand geschehen.<\/p>\n\n\n\n<p>Bestimmte Frauen, z. B. mit fortgeschrittenen Herzerkrankungen, schwerem Diabetes oder chronischen Atemwegserkrankungen, m\u00f6chten diesen Eingriff m\u00f6glicherweise vermeiden.<\/p>\n\n\n\n<h3 class=\"wp-block-heading\">Wer f\u00fchrt eine Brustvergr\u00f6\u00dferung durch?<\/h3>\n\n\n\n<p>Eine Brustvergr\u00f6\u00dferung ist ein kosmetischer Eingriff und muss von einem zertifizierten plastischen Chirurgen mit Fachkenntnissen in \u00e4sthetischer Chirurgie durchgef\u00fchrt werden. Andere Fach\u00e4rzte aus anderen Bereichen k\u00f6nnen diesen Eingriff nicht durchf\u00fchren, da er streng der plastischen Chirurgie zugeordnet ist.<\/p>\n\n\n\n<h4 class=\"wp-block-heading\">H\u00e4ufige Gr\u00fcnde f\u00fcr <\/h4>\n\n\n\n<p>Frauen entscheiden sich aus verschiedenen Gr\u00fcnden f\u00fcr, darunter:<\/p>\n\n\n\n<ul class=\"wp-block-list\">\n<li>Kleine Brust.<\/li>\n\n\n\n<li>Mangelndes Selbstvertrauen.<\/li>\n\n\n\n<li>Unzul\u00e4nglichkeitsgef\u00fchl.<\/li>\n\n\n\n<li>Brustasymmetrie.<\/li>\n\n\n\n<li>Brustrekonstruktion nach einem Unfall oder einer Erkrankung.<\/li>\n\n\n\n<li>Ersatz alter Silikonimplantate.<\/li>\n<\/ul>\n\n\n\n<h3 class=\"wp-block-heading\">Art der An\u00e4sthesie bei einer<\/h3>\n\n\n\n<p>Eine Brustvergr\u00f6\u00dferung kann nicht unter \u00f6rtlicher Bet\u00e4ubung durchgef\u00fchrt werden; sie erfolgt ausschlie\u00dflich unter Vollnarkose. Die Patientin wird vor Beginn des Eingriffs vollst\u00e4ndig sediert und bleibt bis zum Abschluss sediert. Patienten m\u00fcssen vor der Operation mindestens sechs Stunden lang fasten, um ihre Sicherheit w\u00e4hrend des Eingriffs zu gew\u00e4hrleisten. Nach der Operation ist es wichtig, dass Patienten etwa vier Stunden lang weder essen noch trinken. <\/p>\n\n\n\n<p>Danach k\u00f6nnen sie mit leichten Mahlzeiten beginnen und schrittweise wieder zu einer normalen Ern\u00e4hrung zur\u00fcckkehren, sobald sie sich wohl f\u00fchlen.uert und die Patientin n\u00fcchtern muss f\u00fcr mindestens sechs Stunden vor Beginn dieser Operation und n\u00fcchtern Nach Beendigung der Operation f\u00fcr einen Zeitraum von etwa vier Stunden in der Mitte kann der Patient dann eine einfache Aufgabe erledigen und dann zu einem normalen Leben in Bezug auf Essen und Trinken zur\u00fcckkehren.<\/p>\n\n\n\n<h3 class=\"wp-block-heading\">Schritte zur Brustvergr\u00f6\u00dferung<\/h3>\n\n\n<div id=\"rank-math-howto\" class=\"rank-math-block\" >\n<div class=\"rank-math-howto-description\">\n\n<p>Stufen:<\/p>\n\n<\/div>\n<p class=\"rank-math-howto-duration\"><strong>Gesamtzeit:<\/strong> <span>3 Stunden<\/span><\/p>\n<div class=\"rank-math-steps \">\n<div id=\"howto-step-1677068720439\" class=\"rank-math-step\">\n<h3 class=\"rank-math-step-title \"><strong>Vor dem Prozess<\/strong><\/h3>\n<div class=\"rank-math-step-content \"><img loading=\"lazy\" decoding=\"async\" width=\"1024\" height=\"681\" src=\"https:\/\/www.turkaesthetic.com\/wp-content\/uploads\/2021\/12\/Breast-Augmentation-1.webp\" class=\"attachment-full size-full\" alt=\"Brustvergr\u00f6\u00dferung in der t\u00fcrkei\" \/><p>Vor einer Brustvergr\u00f6\u00dferung ist es wichtig, dass Patientinnen ihren Chirurgen \u00fcber eventuelle chronische Erkrankungen, ihre aktuelle Medikamenteneinnahme und alle fr\u00fcheren Operationen informieren. Dar\u00fcber hinaus ist die Er\u00f6rterung relevanter gesundheitlicher Probleme entscheidend f\u00fcr die Sicherheit und Wirksamkeit des Eingriffs. Durch diese Informationen k\u00f6nnen Patientinnen ihren Chirurgen helfen, fundierte Entscheidungen zu treffen und das chirurgische Vorgehen an ihre individuellen Bed\u00fcrfnisse anzupassen.<br \/>Vorbereitende Ma\u00dfnahmen:<br \/>\u2013 Besprechen Sie die erwarteten Ergebnisse mit dem medizinischen Team.<br \/>\u2013 Fasten Sie mindestens sechs Stunden vor der Operation.<br \/>\u2013 Informieren Sie das medizinische Team \u00fcber alle eingenommenen Medikamente.<br \/>\u2013 Vermeiden Sie Alkohol und Rauchen mindestens eine Woche vor der Operation.<br \/>\u2013 Setzen Sie blutverd\u00fcnnende Medikamente wie Aspirin ab (nur nach R\u00fccksprache mit einem Arzt).<br \/>\u2013 Tragen Sie am Operationstag bequeme Kleidung<\/p>\n<\/div>\n<\/div>\n<div id=\"howto-step-1677068786265\" class=\"rank-math-step\">\n<h3 class=\"rank-math-step-title \"><strong>W\u00e4hrend des Prozesses<\/strong><\/h3>\n<div class=\"rank-math-step-content \"><img loading=\"lazy\" decoding=\"async\" width=\"1024\" height=\"683\" src=\"https:\/\/www.turkaesthetic.com\/wp-content\/uploads\/2021\/12\/Breast-Augmentation-3.webp\" class=\"attachment-full size-full\" alt=\"Brustvergr\u00f6\u00dferung in der t\u00fcrkei\" \/><p>Die passende Gr\u00f6\u00dfe und Art des Silikonimplantats werden w\u00e4hrend des Eingriffs ausgew\u00e4hlt. Anschlie\u00dfend beginnen die chirurgischen Schritte, darunter die Verabreichung der An\u00e4sthesie, die Sterilisation des Behandlungsbereichs und die Bestimmung der optimalen Position f\u00fcr das Einsetzen des Silikonimplantats. Der Schnitt wird typischerweise an einer verdeckten Stelle unterhalb der Brust oder in manchen F\u00e4llen direkt unter der Brustwarze gesetzt.<\/p>\n<\/div>\n<\/div>\n<div id=\"howto-step-1677068793938\" class=\"rank-math-step\">\n<h3 class=\"rank-math-step-title \"><strong>Nach dem Prozess<\/strong><\/h3>\n<div class=\"rank-math-step-content \"><p>Nach Abschluss des Eingriffs wird die Patientin nach dem Verschlie\u00dfen der f\u00fcr die Implantation verwendeten Einschnittstellen aus dem Operationssaal verlegt. Anschlie\u00dfend wird sie in den Aufwachraum gebracht und kann in der Regel am n\u00e4chsten Tag aus dem Krankenhaus entlassen werden. Ein Kontrolltermin beim Arzt wird in der Regel nach etwa sechs Tagen empfohlen.<br \/>Um die gew\u00fcnschten positiven Ergebnisse zu erzielen und unerw\u00fcnschte Nebenwirkungen zu minimieren, m\u00fcssen die Patientinnen die Anweisungen des Arztes und des medizinischen Teams strikt befolgen. Es wird au\u00dferdem empfohlen, ein bis zwei Monate nach der Operation einen medizinischen Kompressions-BH zu tragen. Verschriebene Medikamente sollten au\u00dferdem wie verordnet eingenommen werden. Patientinnen werden gebeten, w\u00e4hrend der Erholungsphase bei Fragen oder Bedenken hinsichtlich Nebenwirkungen mit dem Arzt oder dem medizinischen Team in Kontakt zu bleiben.<\/p>\n<\/div>\n<\/div>\n<\/div>\n<\/div>\n<p class=\"rank-math-howto-estimatedCost\"><strong>Gesch\u00e4tzte Kosten:<\/strong> <span>3450 Euro<\/span><\/p>\n\n\n\n\n\n<h3 class=\"wp-block-heading\">Vor und nach Brustvergr\u00f6\u00dferung<\/h3>\n\n\n\n<p>Hier unten sind die Fotos vor und nach der, die im <strong>Turk Aesthetic<\/strong> durchgef\u00fchrt wurde.<\/p>\n\n\n\n<figure class=\"wp-block-gallery has-nested-images columns-default is-cropped wp-block-gallery-1 is-layout-flex wp-block-gallery-is-layout-flex\">\n<figure class=\"wp-block-image size-large\"><img loading=\"lazy\" decoding=\"async\" width=\"1200\" height=\"800\" data-id=\"45108\" src=\"https:\/\/www.turkaesthetic.com\/wp-content\/uploads\/2023\/11\/before-after-breast-augmentation-4.jpg\" alt=\"Vor und nach einer Brustvergr\u00f6\u00dferung in der T\u00fcrkei\" class=\"wp-image-45108\"\/><figcaption class=\"wp-element-caption\">Vor und nach einer Brustvergr\u00f6\u00dferung<\/figcaption><\/figure>\n\n\n\n<figure class=\"wp-block-image size-large\"><img loading=\"lazy\" decoding=\"async\" width=\"1200\" height=\"800\" data-id=\"45090\" src=\"https:\/\/www.turkaesthetic.com\/wp-content\/uploads\/2023\/11\/before-after-breast-augmentation-2.jpg\" alt=\"Vor und nach einer Brustvergr\u00f6\u00dferung in der T\u00fcrkei\" class=\"wp-image-45090\"\/><figcaption class=\"wp-element-caption\">Vor und nach einer Brustvergr\u00f6\u00dferung<\/figcaption><\/figure>\n\n\n\n<figure class=\"wp-block-image size-large\"><img loading=\"lazy\" decoding=\"async\" width=\"1200\" height=\"800\" data-id=\"45081\" src=\"https:\/\/www.turkaesthetic.com\/wp-content\/uploads\/2023\/11\/before-after-breast-augmentation-1.jpg\" alt=\"Vor und nach einer Brustvergr\u00f6\u00dferung in der T\u00fcrkei\" class=\"wp-image-45081\"\/><figcaption class=\"wp-element-caption\">Vor und nach einer Brustvergr\u00f6\u00dferung<\/figcaption><\/figure>\n<\/figure>\n\n\n\n<h3 class=\"wp-block-heading\">Techniken der Brustvergr\u00f6\u00dferung<\/h3>\n\n\n\n<p>Es gibt verschiedene Techniken zur Brustvergr\u00f6\u00dferung, die g\u00e4ngigsten sind:<\/p>\n\n\n\n<p>Injektionen mit permanenten F\u00fcllstoffen<br>Fetttransplantation (autologe Fetttransplantation)<br>Silikonimplantate<br>\u00c4rzte bevorzugen Silikonimplantate in der Regel aus mehreren wichtigen Gr\u00fcnden:<\/p>\n\n\n\n<p>Hohe Sicherheitsstandards f\u00fcr Silikonimplantate<br>Pr\u00e4zise Symmetrie zwischen beiden Br\u00fcsten<br>Minimierung des Risikos von Nebenwirkungen im Zusammenhang mit Fetttransplantationen oder F\u00fcllstoffen<\/p>\n\n\n\n<h4 class=\"wp-block-heading\">Verwendete Silikonimplantatarten<\/h4>\n\n\n\n<p>F\u00fcr Brustvergr\u00f6\u00dferungen stehen verschiedene Arten von Silikonimplantaten zur Verf\u00fcgung. Bei Turk Aesthetic legen wir Wert auf hochwertige Implantate und verwenden Mentor (amerikanische Produktion) und Motiva (amerikanische Produktion). Auch andere Implantate aus anderen L\u00e4ndern, wie China und Russland, sind auf dem Markt erh\u00e4ltlich.-Implantate amerikanischer Herkunft. Es werden auch viele andere Qualit\u00e4ten aus verschiedenen L\u00e4ndern wie China oder Russland verwendet.<\/p>\n\n\n\n<figure class=\"wp-block-image size-full\"><img loading=\"lazy\" decoding=\"async\" width=\"1000\" height=\"667\" src=\"http:\/\/turkaesthetic.com\/wp-content\/uploads\/2021\/12\/Breast-Augmentation-4.webp\" alt=\"Brustvergr\u00f6\u00dferung in der t\u00fcrkei\" class=\"wp-image-14411\"\/><figcaption class=\"wp-element-caption\">Brustvergr\u00f6\u00dferung<\/figcaption><\/figure>\n\n\n\n<h3 class=\"wp-block-heading\">Postoperative Richtlinien <\/h3>\n\n\n\n<p>Nach einer Brustvergr\u00f6\u00dferung sind einige wichtige Hinweise zu beachten. Die wichtigsten Empfehlungen sind:<\/p>\n\n\n\n<ul class=\"wp-block-list\">\n<li>Befolgen Sie die Anweisungen Ihres Arztes sorgf\u00e4ltig.<\/li>\n\n\n\n<li>Nehmen Sie verschriebene Medikamente p\u00fcnktlich ein.<\/li>\n\n\n\n<li>Vermeiden Sie anstrengende Aktivit\u00e4ten w\u00e4hrend der ersten Erholungsphase.<\/li>\n\n\n\n<li>Tragen Sie gem\u00e4\u00df Anweisung einen medizinischen Kompressions-BH.<\/li>\n<\/ul>\n\n\n\n<h4 class=\"wp-block-heading\">Vor- und Nachteile einer <\/h4>\n\n\n\n<p><strong>Nachteile<\/strong><\/p>\n\n\n\n<p>Eine Brustvergr\u00f6\u00dferung hat f\u00fcr Frauen keine nennenswerten Nachteile, au\u00dfer in F\u00e4llen, in denen der Eingriff von einem unerfahrenen Chirurgen durchgef\u00fchrt wird, was zu einer Asymmetrie der Brustgr\u00f6\u00dfe f\u00fchren kann.<\/p>\n\n\n\n<p><strong>Vorteile<\/strong><\/p>\n\n\n\n<p>Eine erfolgreiche Brustvergr\u00f6\u00dferung st\u00e4rkt das Selbstbewusstsein einer Frau, da gr\u00f6\u00dfere Br\u00fcste oft mit Sch\u00f6nheitsidealen assoziiert werden.<br>Mehr Weiblichkeit und Attraktivit\u00e4t, da vollere Br\u00fcste zu einer proportionaleren K\u00f6rperform beitragen.<br>Ein sicherer Eingriff, da Silikonimplantate k\u00f6rperfreundlich und frei von schwerwiegenden Komplikationen sind.<\/p>\n\n\n\n<p><strong>Nebenwirkungen<\/strong><\/p>\n\n\n\n<ul class=\"wp-block-list\">\n<li>Schwellung und R\u00f6tung.<\/li>\n\n\n\n<li>Leichte Schmerzen.<\/li>\n\n\n\n<li>Beschwerden in den ersten Tagen nach der Operation.<\/li>\n\n\n\n<li>Leichter Juckreiz w\u00e4hrend der Wundheilung.<\/li>\n<\/ul>\n\n\n\n<h3 class=\"wp-block-heading\">Brustvergr\u00f6\u00dferung in Istanbul, T\u00fcrkei<\/h3>\n\n\n\n<p>Die T\u00fcrkei, und insbesondere Istanbul, hat sich zu einem Top-Reiseziel f\u00fcr Medizintourismus entwickelt und zieht Besucher an, die sowohl kosmetische Eingriffe als auch Reiseerlebnisse suchen. Das Land bietet zahlreiche Vorteile, darunter vielf\u00e4ltige Behandlungsm\u00f6glichkeiten, erfahrene Chirurgen, hochwertige Leistungen und faire Preise. Brustvergr\u00f6\u00dferungen z\u00e4hlen zu den beliebtesten kosmetischen Eingriffen. Die Kosten liegen je nach Klinik oder Krankenhaus zwischen 3.450 und 4.500 Euro.<\/p>\n\n\n\n<h4 class=\"wp-block-heading\">Kosten einer Brustvergr\u00f6\u00dferung<\/h4>\n\n\n\n<p>Die Kosten einer Brustvergr\u00f6\u00dferung variieren je nach Klinik und h\u00e4ngen von verschiedenen Faktoren ab, darunter:<\/p>\n\n\n\n<ul class=\"wp-block-list\">\n<li>Art der verwendeten Implantate<\/li>\n\n\n\n<li>Reputation der Klinik oder des Krankenhauses<\/li>\n\n\n\n<li>Erfahrung des Chirurgen<\/li>\n\n\n\n<li>Glaubw\u00fcrdigkeit der Klinik und angebotene Zusatzleistungen<\/li>\n\n\n\n<li>Bei Turk Aesthetic kostet eine <a href=\"https:\/\/www.turkaesthetic.com\/de\/surgeries-de\/breast-enlargement-cost\/\" data-type=\"post\" data-id=\"44717\" target=\"_blank\" rel=\"noreferrer noopener\">Brustvergr\u00f6\u00dferung zwischen <\/a>3.450 und 4.500 Euro.<\/li>\n<\/ul>\n\n\n\n<h2 class=\"wp-block-heading\">FAQ &#8211; Brustvergr\u00f6\u00dferung<\/h2>\n\n\n<div id=\"rank-math-faq\" class=\"rank-math-block\">\n<div class=\"rank-math-list \">\n<div id=\"faq-question-1677068864172\" class=\"rank-math-list-item\">\n<h3 class=\"rank-math-question \"><strong><strong>Wie lange dauert eine Brustvergr\u00f6\u00dferung?<\/strong><\/strong><\/h3>\n<div class=\"rank-math-answer \">\n\n<p>Wie lange dauert eine Brustvergr\u00f6\u00dferung?<br \/>Ungef\u00e4hr 3\u20134 Stunden.<\/p>\n\n<\/div>\n<\/div>\n<div id=\"faq-question-1741862659133\" class=\"rank-math-list-item\">\n<h3 class=\"rank-math-question \">Wann sehe ich die Ergebnisse der Brustvergr\u00f6\u00dferung?<\/h3>\n<div class=\"rank-math-answer \">\n\n<p>Die Ergebnisse sind sofort sichtbar und werden deutlicher, sobald die postoperative Schwellung zur\u00fcckgeht.<\/p>\n\n<\/div>\n<\/div>\n<div id=\"faq-question-1741862664467\" class=\"rank-math-list-item\">\n<h3 class=\"rank-math-question \">Welche Komplikationen sind m\u00f6glich?<\/h3>\n<div class=\"rank-math-answer \">\n\n<p>Der Eingriff ist im Allgemeinen sicher und weist nur wenige Komplikationen auf. Das Hauptrisiko ist eine Absto\u00dfung des implantierten Materials durch den K\u00f6rper, die bei minderwertigen Implantaten wahrscheinlicher ist.<\/p>\n\n<\/div>\n<\/div>\n<div id=\"faq-question-1741862669964\" class=\"rank-math-list-item\">\n<h3 class=\"rank-math-question \">Wie hoch ist die Erfolgsquote einer Brustvergr\u00f6\u00dferung?<\/h3>\n<div class=\"rank-math-answer \">\n\n<p>Die Erfolgsquote h\u00e4ngt direkt von der Expertise des Chirurgen, dem Ruf des Krankenhauses und der Qualit\u00e4t der verwendeten Materialien ab.<\/p>\n\n<\/div>\n<\/div>\n<div id=\"faq-question-1741862676285\" class=\"rank-math-list-item\">\n<h3 class=\"rank-math-question \">Verursacht eine Brustvergr\u00f6\u00dferung Krebs?<\/h3>\n<div class=\"rank-math-answer \">\n\n<p>Brustimplantate sind k\u00f6rpervertr\u00e4glich und verursachen keinen Krebs. In seltenen F\u00e4llen kann der K\u00f6rper das Implantat absto\u00dfen, was zu Symptomen wie Juckreiz oder Taubheitsgef\u00fchlen f\u00fchrt.<\/p>\n\n<\/div>\n<\/div>\n<div id=\"faq-question-1741862682033\" class=\"rank-math-list-item\">\n<h3 class=\"rank-math-question \">Kann eine Brustvergr\u00f6\u00dferung mit Eigenfett durchgef\u00fchrt werden?<\/h3>\n<div class=\"rank-math-answer \">\n\n<p>Obwohl eine Eigenfetttransplantation eine nicht-chirurgische Alternative ist, stellt sie keine dauerhafte L\u00f6sung dar. Der K\u00f6rper absorbiert das \u00fcbertragene Fett mit der Zeit, wodurch Gr\u00f6\u00dfe und Asymmetrie zwischen den Br\u00fcsten abnehmen. Daher raten \u00c4rzte in der Regel davon ab.<\/p>\n\n<\/div>\n<\/div>\n<\/div>\n<\/div>\n\n\n<p>Schlie\u00dflich k\u00f6nnen Sie unser Team direkt \u00fcber den Link&nbsp;<a href=\"http:\/\/turkaesthetic.com\/de\/contact-us\/\" target=\"_blank\" rel=\"noreferrer noopener\"><strong>kontaktieren<\/strong><\/a>, um Informationen und Preise von&nbsp;<a href=\"https:\/\/www.youtube.com\/channel\/UC0zggzdm5CFwpRMmn_CPpFQ\" target=\"_blank\" rel=\"noreferrer noopener\"><strong>Turk Aesthetic<\/strong><\/a>&nbsp;anzufordern.<a href=\"http:\/\/turkaesthetic.com\/de\/surgeries-de\/lip-lifting\/\"><\/a><a href=\"http:\/\/turkaesthetic.com\/de\/non-surgical-de\/cheek-filler\/\"><\/a><\/p>\n","protected":false},"excerpt":{"rendered":"<p>Eine Brustvergr\u00f6\u00dferung ist ein kosmetischer chirurgischer Eingriff, der von einem spezialisierten plastischen Chirurgen durchgef\u00fchrt wird. Viele Frauen entscheiden sich f\u00fcr diesen Eingriff, um ihre Brust zu vergr\u00f6\u00dfern, insbesondere bei nat\u00fcrlich kleinen Br\u00fcsten, einem Brustvolumenverlust durch Unf\u00e4lle oder Brustkrebs oder dem Austausch alter Silikonimplantate aus einer fr\u00fcheren Operation. An\u00e4sthesie voll Prozessdauer 3-4 Stunden Aufenthalt im Krankenhaus [&hellip;]<\/p>\n","protected":false},"author":1,"featured_media":14396,"parent":0,"menu_order":0,"comment_status":"closed","ping_status":"closed","template":"","meta":{"footnotes":""},"dep":[],"class_list":["post-15871","page","type-page","status-publish","has-post-thumbnail","hentry"],"_links":{"self":[{"href":"https:\/\/www.turkaesthetic.com\/de\/wp-json\/wp\/v2\/pages\/15871","targetHints":{"allow":["GET"]}}],"collection":[{"href":"https:\/\/www.turkaesthetic.com\/de\/wp-json\/wp\/v2\/pages"}],"about":[{"href":"https:\/\/www.turkaesthetic.com\/de\/wp-json\/wp\/v2\/types\/page"}],"author":[{"embeddable":true,"href":"https:\/\/www.turkaesthetic.com\/de\/wp-json\/wp\/v2\/users\/1"}],"replies":[{"embeddable":true,"href":"https:\/\/www.turkaesthetic.com\/de\/wp-json\/wp\/v2\/comments?post=15871"}],"version-history":[{"count":0,"href":"https:\/\/www.turkaesthetic.com\/de\/wp-json\/wp\/v2\/pages\/15871\/revisions"}],"wp:featuredmedia":[{"embeddable":true,"href":"https:\/\/www.turkaesthetic.com\/de\/wp-json\/wp\/v2\/media\/14396"}],"wp:attachment":[{"href":"https:\/\/www.turkaesthetic.com\/de\/wp-json\/wp\/v2\/media?parent=15871"}],"wp:term":[{"taxonomy":"dep","embeddable":true,"href":"https:\/\/www.turkaesthetic.com\/de\/wp-json\/wp\/v2\/dep?post=15871"}],"curies":[{"name":"wp","href":"https:\/\/api.w.org\/{rel}","templated":true}]}}