{"id":15860,"date":"2021-12-24T13:46:29","date_gmt":"2021-12-24T10:46:29","guid":{"rendered":"http:\/\/turkaesthetic.com\/breast-reduction-2\/"},"modified":"2025-04-07T17:14:21","modified_gmt":"2025-04-07T14:14:21","slug":"breast-reduction","status":"publish","type":"page","link":"https:\/\/www.turkaesthetic.com\/de\/breast-reduction\/","title":{"rendered":"Brustverkleinerung"},"content":{"rendered":"\n<p>Eine <strong>Brustverkleinerung<\/strong> ist ein kosmetischer Eingriff, der von einem plastischen Chirurgen durchgef\u00fchrt wird, um die Brust von Frauen mit \u00fcberm\u00e4\u00dfiger Brustgr\u00f6\u00dfe aufgrund genetischer Faktoren oder Gewichtszunahme neu zu formen. Das Ergebnis ist unmittelbar nach Abschluss sichtbar. Der Eingriff dauert in der Regel etwa drei Stunden unter Vollnarkose. Im Folgenden finden Sie alle wichtigen Informationen f\u00fcr Frauen, die diesen Eingriff in Erw\u00e4gung ziehen.<\/p>\n\n\n\n<figure class=\"wp-block-table\"><table><tbody><tr><td>An\u00e4sthesie<\/td><td>Voll<\/td><\/tr><tr><td>Prozessdauer<\/td><td>3 Stunden<\/td><\/tr><tr><td>Aufenthalt im Krankenhaus<\/td><td>1 Nacht wird nach dem Prozess ben\u00f6tigt<\/td><\/tr><tr><td>Ergebnisse<\/td><td>Sofort \/ Lebenszeit<\/td><\/tr><tr><td>Rekonvaleszenz<\/td><td>10-15 Tage<\/td><\/tr><\/tbody><\/table><\/figure>\n\n\n\n<h2 class=\"wp-block-heading\">Wie l\u00e4uft eine Brustverkleinerung ab?<\/h2>\n\n\n\n<p>Ziel des Eingriffs ist es, \u00fcberm\u00e4\u00dfig gro\u00dfe Br\u00fcste zu verkleinern, die verschiedene gesundheitliche Probleme wie R\u00fccken-, Wirbels\u00e4ulen- und Nackenschmerzen, Atembeschwerden und eine gekr\u00fcmmte Haltung aufgrund von \u00dcbergewicht verursachen k\u00f6nnen.<\/p>\n\n\n\n<p>Bei der Operation werden Dr\u00fcsengewebe, Fett und \u00fcbersch\u00fcssige Haut von der <a href=\"https:\/\/www.turkaesthetic.com\/de\/breast\/\" target=\"_blank\" data-type=\"page\" data-id=\"15876\" rel=\"noreferrer noopener\">Brust<\/a> entfernt, wodurch eine straffere, straffere und proportionalere Brustform entsteht. Dieser Eingriff verbessert die \u00c4sthetik und das Wohlbefinden sowie die allgemeine K\u00f6rperfunktion.<\/p>\n\n\n\n<h3 class=\"wp-block-heading\">Video<\/h3>\n\n\n\n<p>Eine Videodemonstration zeigt Ihnen, wie der Eingriff durchgef\u00fchrt wird.<\/p>\n\n\n\n<figure class=\"wp-block-embed is-type-video is-provider-youtube wp-block-embed-youtube wp-embed-aspect-16-9 wp-has-aspect-ratio\"><div class=\"wp-block-embed__wrapper\">\n<iframe loading=\"lazy\" title=\"Breast Reduction - Turk Aesthetic\" width=\"800\" height=\"450\" src=\"https:\/\/www.youtube.com\/embed\/Yta8qRQ-4-A?feature=oembed\" frameborder=\"0\" allow=\"accelerometer; autoplay; clipboard-write; encrypted-media; gyroscope; picture-in-picture; web-share\" referrerpolicy=\"strict-origin-when-cross-origin\" allowfullscreen><\/iframe>\n<\/div><\/figure>\n\n\n\n<h3 class=\"wp-block-heading\">Wer ist f\u00fcr den Eingriff geeignet?<\/h3>\n\n\n\n<p>Der Eingriff eignet sich f\u00fcr Frauen mit h\u00e4ngenden oder unverh\u00e4ltnism\u00e4\u00dfig gro\u00dfen Br\u00fcsten, die nicht zu ihrer K\u00f6rperform passen. Kandidatinnen m\u00fcssen:<\/p>\n\n\n\n<ul class=\"wp-block-list\">\n<li>\u00dcber 18 Jahre alt sein<\/li>\n\n\n\n<li>In gutem allgemeinen Gesundheitszustand sein<\/li>\n\n\n\n<li>Eine straffere, proportioniertere Brustform f\u00fcr mehr Selbstbewusstsein anstreben<\/li>\n<\/ul>\n\n\n\n<h4 class=\"wp-block-heading\">Wer ist f\u00fcr den Eingriff NICHT geeignet?<\/h4>\n\n\n\n<p>Manche Frauen haben Probleme mit gro\u00dfen und schweren Br\u00fcsten, sind aber aufgrund folgender Gr\u00fcnde m\u00f6glicherweise nicht f\u00fcr einen Eingriff geeignet:<\/p>\n\n\n\n<ul class=\"wp-block-list\">\n<li>Chronische Erkrankungen wie Herzerkrankungen oder unkontrollierter Diabetes<\/li>\n\n\n\n<li>Tumoren im fortgeschrittenen Stadium (\u00e4rztliche Konsultation erforderlich)<\/li>\n\n\n\n<li>Wundheilungsst\u00f6rungen<\/li>\n\n\n\n<li>M\u00e4dchen unter 18 Jahren, da sich ihr K\u00f6rper noch in der Entwicklung befindet<\/li>\n<\/ul>\n\n\n\n<h3 class=\"wp-block-heading\">Welcher Facharzt f\u00fchrt eine Brustverkleinerung durch?<\/h3>\n\n\n\n<p>Eine Brustverkleinerung ist ein kosmetischer chirurgischer Eingriff. Das bedeutet, dass sie von einem Facharzt f\u00fcr Plastische und \u00c4sthetische Chirurgie mit Fachkenntnissen in \u00e4sthetischen Verfahren durchgef\u00fchrt werden muss. \u00c4rzte anderer Fachrichtungen k\u00f6nnen diese Art von Operation nicht durchf\u00fchren.<\/p>\n\n\n\n<h4 class=\"wp-block-heading\">An\u00e4sthesieart<\/h4>\n\n\n\n<p>Der Eingriff kann nicht ausschlie\u00dflich in \u00f6rtlicher Bet\u00e4ubung durchgef\u00fchrt werden. Es ist eine Vollnarkose erforderlich. Vor dem Eingriff m\u00fcssen die Patienten mindestens sechs Stunden lang n\u00fcchtern sein. Nach der Operation wird eine Fastenzeit von etwa vier Stunden empfohlen, bevor schrittweise wieder leichte Mahlzeiten und anschlie\u00dfend eine R\u00fcckkehr zu normaler Ern\u00e4hrung erfolgen.<\/p>\n\n\n\n<h3 class=\"wp-block-heading\">Schritte <\/h3>\n\n\n<div id=\"rank-math-howto\" class=\"rank-math-block\" >\n<div class=\"rank-math-howto-description\">\n\n<p>Stufen :<\/p>\n\n<\/div>\n<p class=\"rank-math-howto-duration\"><strong>Gesamtzeit:<\/strong> <span>3 Stunden<\/span><\/p>\n<div class=\"rank-math-steps \">\n<div id=\"howto-step-1677142494164\" class=\"rank-math-step\">\n<h3 class=\"rank-math-step-title \"><strong>Vor dem Prozess<\/strong><\/h3>\n<div class=\"rank-math-step-content \"><img loading=\"lazy\" decoding=\"async\" width=\"1012\" height=\"768\" src=\"https:\/\/www.turkaesthetic.com\/wp-content\/uploads\/2021\/12\/before.webp\" class=\"attachment-full size-full\" alt=\"Brustverkleinerung in der istanbul\" \/><p>Vor einer Brustverkleinerung ist es ratsam, das medizinische Team oder den Arzt \u00fcber eventuelle chronische Erkrankungen der Patientin sowie gegebenenfalls eingenommene Medikamente zu informieren. Es ist auch wichtig, den Arzt \u00fcber fr\u00fchere Operationen zu informieren und keine Details zum Gesundheitszustand der Patientin auszulassen. Dar\u00fcber hinaus sollten folgende Hinweise befolgt werden:<br \/>\u2013 Besprechen Sie die zu erwartenden Ergebnisse mit dem medizinischen Team.<br \/>\u2013 Vermeiden Sie mindestens sechs Stunden vor der Operation Essen und Trinken.<br \/>\u2013 Informieren Sie das medizinische Team \u00fcber eingenommene Medikamente.<br \/>\u2013 Verzichten Sie mindestens eine Woche vor dem Eingriff auf Alkohol und Rauchen.<br \/>\u2013 Setzen Sie blutverd\u00fcnnende Medikamente wie Aspirin nach R\u00fccksprache mit dem Arzt ab.<br \/>\u2013 Tragen Sie am Operationstag bequeme Kleidung.<\/p>\n<\/div>\n<\/div>\n<div id=\"howto-step-1677142527589\" class=\"rank-math-step\">\n<h3 class=\"rank-math-step-title \"><strong>W\u00e4hrend des Prozesses<\/strong><\/h3>\n<div class=\"rank-math-step-content \"><img loading=\"lazy\" decoding=\"async\" width=\"1024\" height=\"531\" src=\"https:\/\/www.turkaesthetic.com\/wp-content\/uploads\/2021\/12\/breast-reduction-Process.webp\" class=\"attachment-full size-full\" alt=\"Brustverkleinerung in der t\u00fcrkei\" \/><p>Die Operationsmethode richtet sich nach den W\u00fcnschen der Patientin hinsichtlich der Brustform nach dem Eingriff. Nach der Vollnarkose setzt der Chirurg Schnitte um die Brustwarze und den umgebenden Warzenhof. Ein zweiter Schnitt wird vertikal vom Warzenhof bis zum erschlafften Bereich der Brust gesetzt. Anschlie\u00dfend entfernt der Chirurg \u00fcbersch\u00fcssiges Fett, Gewebe und Haut und hebt dabei Brustwarze und Warzenhof an. Zus\u00e4tzlich kann der Warzenhof, der sich nach Schwangerschaft, Geburt und Stillzeit oft vergr\u00f6\u00dfert, verkleinert werden. Der Eingriff dauert in der Regel etwa drei Stunden.<\/p>\n<\/div>\n<\/div>\n<div id=\"howto-step-1677142540098\" class=\"rank-math-step\">\n<h3 class=\"rank-math-step-title \"><strong>Nach dem Prozess<\/strong><\/h3>\n<div class=\"rank-math-step-content \"><p>Nach der Operation legt der Arzt einen Kompressionsverband an, der zwei bis drei Tage getragen werden sollte. Bluterg\u00fcsse klingen allm\u00e4hlich ab und k\u00f6nnen nach etwa ein bis drei Wochen vollst\u00e4ndig verschwinden. Die medizinischen N\u00e4hte l\u00f6sen sich allm\u00e4hlich von selbst auf. Es wird empfohlen, auf BHs mit B\u00fcgeln oder Polstern zu verzichten und stattdessen tags\u00fcber einen Sport-BH zu tragen. Anstrengende k\u00f6rperliche Aktivit\u00e4ten und Autofahren sollten 30 Tage lang vermieden werden. Nach einem Monat k\u00f6nnen Patientinnen ihren normalen Alltag wieder aufnehmen, sollten jedoch mindestens zwei Monate lang das Heben schwerer Gegenst\u00e4nde und intensives Training vermeiden.<\/p>\n<\/div>\n<\/div>\n<\/div>\n<\/div>\n<p class=\"rank-math-howto-estimatedCost\"><strong>Gesch\u00e4tzte Kosten:<\/strong> <span>3450 Euro<\/span><\/p>\n\n\n\n\n\n<h2 class=\"wp-block-heading\">Vor und nach einer Brustverkleinerungs operation <\/h2>\n\n\n\n<p>Unten sind einige Bilder <a href=\"https:\/\/www.turkaesthetic.com\/de\/before-after\/\" data-type=\"page\" data-id=\"46944\" target=\"_blank\" rel=\"noreferrer noopener\">vor und nach<\/a>, die im Turk Aesthetic durchgef\u00fchrt wurde.<\/p>\n\n\n\n<figure class=\"wp-block-gallery has-nested-images columns-default is-cropped wp-block-gallery-1 is-layout-flex wp-block-gallery-is-layout-flex\">\n<figure class=\"wp-block-image size-large\"><img loading=\"lazy\" decoding=\"async\" width=\"1200\" height=\"800\" data-id=\"45162\" src=\"https:\/\/www.turkaesthetic.com\/wp-content\/uploads\/2023\/11\/before-after-breast-reduction-2.jpg\" alt=\"Vor und nach der Brustverkleinerung in T\u00fcrkei\" class=\"wp-image-45162\"\/><figcaption class=\"wp-element-caption\">Vor und nach der Brustverkleinerung<\/figcaption><\/figure>\n\n\n\n<figure class=\"wp-block-image size-large\"><img loading=\"lazy\" decoding=\"async\" width=\"1200\" height=\"800\" data-id=\"45153\" src=\"https:\/\/www.turkaesthetic.com\/wp-content\/uploads\/2023\/11\/before-after-breast-reduction-1.jpg\" alt=\"Vor und nach der Brustverkleinerung in T\u00fcrkei\" class=\"wp-image-45153\"\/><figcaption class=\"wp-element-caption\">Vor und nach der Brustverkleinerung<\/figcaption><\/figure>\n\n\n\n<figure class=\"wp-block-image size-large\"><img loading=\"lazy\" decoding=\"async\" width=\"1200\" height=\"800\" data-id=\"45171\" src=\"https:\/\/www.turkaesthetic.com\/wp-content\/uploads\/2023\/11\/before-after-breast-reduction-3.jpg\" alt=\"Vor und nach der Brustverkleinerung in T\u00fcrkiye\" class=\"wp-image-45171\"\/><figcaption class=\"wp-element-caption\">Vor und nach der Brustverkleinerung<\/figcaption><\/figure>\n<\/figure>\n\n\n\n<h3 class=\"wp-block-heading\">Tipps nach einer Brustverkleinerung<\/h3>\n\n\n\n<p>Nach einer Brustverkleinerung ist es wichtig, die postoperativen Pflegehinweise zu befolgen, um eine optimale Heilung und optimale Ergebnisse zu gew\u00e4hrleisten:<\/p>\n\n\n\n<ul class=\"wp-block-list\">\n<li>Befolgen Sie strikt die Anweisungen Ihres Chirurgen.<\/li>\n\n\n\n<li>Nehmen Sie verschriebene Medikamente p\u00fcnktlich und wie verordnet ein.<\/li>\n\n\n\n<li>Vermeiden Sie anstrengende Aktivit\u00e4ten in der ersten Erholungsphase.<\/li>\n\n\n\n<li>Tragen Sie gem\u00e4\u00df den Empfehlungen medizinische Kompressionskleidung.<\/li>\n<\/ul>\n\n\n\n<h4 class=\"wp-block-heading\">Vor- und Nachteile<\/h4>\n\n\n\n<p><strong>Nachteile<\/strong><\/p>\n\n\n\n<p>Eine Brustverkleinerung hat keine nennenswerten Nachteile, au\u00dfer wenn sie von einem unerfahrenen Chirurgen durchgef\u00fchrt wird. In solchen F\u00e4llen k\u00f6nnen Asymmetrien oder ein un\u00e4sthetisches Ergebnis auftreten.<\/p>\n\n\n\n<p><strong>Vorteile<\/strong><\/p>\n\n\n\n<p>St\u00e4rkt das Selbstbewusstsein, die Weiblichkeit und die Attraktivit\u00e4t durch die Verbesserung der Brustproportionen.<br>Beseitigt R\u00fccken-, Nacken- und Schulterschmerzen, die durch eine zu gro\u00dfe Brust verursacht werden.<br>Reduziert Hautreizungen und Ausschl\u00e4ge unter den Br\u00fcsten, die durch \u00fcberm\u00e4\u00dfiges Schwitzen und Erschlaffung verursacht werden.<\/p>\n\n\n\n<p><strong>M\u00f6gliche Nebenwirkungen<\/strong><\/p>\n\n\n\n<p>Nach der Operation kann ein leichtes Taubheitsgef\u00fchl oder Kribbeln in den Brustwarzen auftreten.<br>Bei mangelnder Erfahrung des Chirurgen kann es zu leichten Abweichungen in der Brustgr\u00f6\u00dfe kommen.<br>W\u00e4hrend der Wundheilung kann leichter Juckreiz auftreten.<\/p>\n\n\n\n<h3 class=\"wp-block-heading\">Brustverkleinerung in der T\u00fcrkei (Istanbul)<\/h3>\n\n\n\n<p>Die T\u00fcrkei, insbesondere Istanbul, ist ein beliebtes Reiseziel f\u00fcr Medizintourismus und zieht viele internationale Patienten an, die Behandlung und Tourismus kombinieren. Dies liegt an mehreren Vorteilen, wie zum Beispiel:<\/p>\n\n\n\n<ul class=\"wp-block-list\">\n<li>Gro\u00dfe Auswahl an Eingriffen<\/li>\n\n\n\n<li>Sehr erfahrene plastische Chirurgen<\/li>\n\n\n\n<li>Hochwertige Leistungen zu erschwinglichen Preisen<\/li>\n\n\n\n<li>Ist einer der beliebtesten Eingriffe zur K\u00f6rperformung in der T\u00fcrkei. Die Kosten f\u00fcr eine Brustverkleinerung variieren je nach Klinik und liegen in der Regel zwischen 3.500 und 4.500 \u20ac.<\/li>\n<\/ul>\n\n\n\n<h4 class=\"wp-block-heading\">Kosten f\u00fcr eine Brustverkleinerung<\/h4>\n\n\n\n<p>Die Kosten f\u00fcr eine Brustverkleinerung variieren je nach:<\/p>\n\n\n\n<p>Ruf der Klinik oder des Krankenhauses<br>Erfahrung und Expertise des Chirurgen<br>Zus\u00e4tzliche Leistungen im Paket, wie Unterkunft und Transport.<br>Bei Turk Aesthetic Istanbul liegen die gesch\u00e4tzten Kosten f\u00fcr eine Brustverkleinerung zwischen 3.450 und 4.500 \u20ac.<br>Kontaktieren Sie Turk Aesthetic \u00fcber die Kontaktseite f\u00fcr Pauschalangebote inklusive Unterkunft und Transport. Unterkunft und Transport anzufordern, k\u00f6nnen Sie das Team von <strong>Turk Aesthetic <\/strong>\u00fcber die Kontaktseite kontaktieren.<\/p>\n\n\n\n<h2 class=\"wp-block-heading\">FAQ<\/h2>\n\n\n<div id=\"rank-math-faq\" class=\"rank-math-block\">\n<div class=\"rank-math-list \">\n<div id=\"faq-question-1677143436899\" class=\"rank-math-list-item\">\n<h3 class=\"rank-math-question \"><strong><strong>Wie lange dauert eine Brustverkleinerung?<\/strong><\/strong><\/h3>\n<div class=\"rank-math-answer \">\n\n<p>Der Eingriff dauert in der Regel 3-4 Stunden.<\/p>\n\n<\/div>\n<\/div>\n<div id=\"faq-question-1742029527980\" class=\"rank-math-list-item\">\n<h3 class=\"rank-math-question \">Wann sehe ich die Ergebnisse?<\/h3>\n<div class=\"rank-math-answer \">\n\n<p>Die Ergebnisse sind sofort sichtbar und k\u00f6nnen nach Abklingen der Schwellungen nach der Operation festgestellt werden.<\/p>\n\n<\/div>\n<\/div>\n<div id=\"faq-question-1742029533588\" class=\"rank-math-list-item\">\n<h3 class=\"rank-math-question \">Wie hoch ist die Erfolgsquote einer Brustverkleinerung?<\/h3>\n<div class=\"rank-math-answer \">\n\n<p>Die Erfolgsquote h\u00e4ngt direkt von der Erfahrung und dem K\u00f6nnen des Chirurgen ab, der den Eingriff durchf\u00fchrt.<\/p>\n\n<\/div>\n<\/div>\n<div id=\"faq-question-1742029539062\" class=\"rank-math-list-item\">\n<h3 class=\"rank-math-question \">Kann eine Brustverkleinerung unter \u00f6rtlicher Bet\u00e4ubung durchgef\u00fchrt werden?<\/h3>\n<div class=\"rank-math-answer \">\n\n<p>Nein, eine Brustverkleinerung erfordert eine Vollnarkose.<\/p>\n\n<\/div>\n<\/div>\n<div id=\"faq-question-1742029552437\" class=\"rank-math-list-item\">\n<h3 class=\"rank-math-question \">Was kostet eine Brustverkleinerung?<\/h3>\n<div class=\"rank-math-answer \">\n\n<p>Bei Turk Aesthetic Istanbul liegen die Kosten zwischen 3.450 und 4.500 \u20ac. Insgesamt liegen die Preise in der Regel in diesem Bereich.<\/p>\n\n<\/div>\n<\/div>\n<div id=\"faq-question-1742029565238\" class=\"rank-math-list-item\">\n<h3 class=\"rank-math-question \">Wie lange dauert die Erholungsphase nach einer Brustverkleinerung?<\/h3>\n<div class=\"rank-math-answer \">\n\n<p>Die Erholungsphase dauert etwa 10 bis 15 Tage.<\/p>\n\n<\/div>\n<\/div>\n<div id=\"faq-question-1742029583382\" class=\"rank-math-list-item\">\n<h3 class=\"rank-math-question \">K\u00f6nnen Br\u00fcste nach einer Brustverkleinerung gr\u00f6\u00dfer und h\u00e4ngender werden?<\/h3>\n<div class=\"rank-math-answer \">\n\n<p>Die Ergebnisse einer Brustverkleinerung sind dauerhaft.<\/p>\n\n<\/div>\n<\/div>\n<div id=\"faq-question-1742029587760\" class=\"rank-math-list-item\">\n<h3 class=\"rank-math-question \">Wie lange sollte ich nach der Operation Kompressionskleidung tragen?<\/h3>\n<div class=\"rank-math-answer \">\n\n<p>Es wird empfohlen, das Kompressionskleidungsst\u00fcck 30 \u2013 45 Tage lang zu tragen.<\/p>\n\n<\/div>\n<\/div>\n<\/div>\n<\/div>\n\n\n<p>Schlie\u00dflich k\u00f6nnen Sie unser Team direkt \u00fcber den Link&nbsp;<a href=\"http:\/\/turkaesthetic.com\/de\/contact-us\/\" target=\"_blank\" rel=\"noreferrer noopener\"><strong>kontaktieren<\/strong><\/a>, um Informationen und Preise von&nbsp;<strong><a href=\"https:\/\/www.youtube.com\/channel\/UC0zggzdm5CFwpRMmn_CPpFQ\" target=\"_blank\" rel=\"noreferrer noopener\">Turk Aesthetic<\/a>&nbsp;<\/strong>anzufordern.<a href=\"http:\/\/turkaesthetic.com\/de\/surgeries-de\/lip-lifting\/\"><\/a><a href=\"http:\/\/turkaesthetic.com\/de\/non-surgical-de\/cheek-filler\/\"><\/a><\/p>\n","protected":false},"excerpt":{"rendered":"<p>Eine Brustverkleinerung ist ein kosmetischer Eingriff, der von einem plastischen Chirurgen durchgef\u00fchrt wird, um die Brust von Frauen mit \u00fcberm\u00e4\u00dfiger Brustgr\u00f6\u00dfe aufgrund genetischer Faktoren oder Gewichtszunahme neu zu formen. Das Ergebnis ist unmittelbar nach Abschluss sichtbar. Der Eingriff dauert in der Regel etwa drei Stunden unter Vollnarkose. Im Folgenden finden Sie alle wichtigen Informationen f\u00fcr [&hellip;]<\/p>\n","protected":false},"author":1,"featured_media":32400,"parent":0,"menu_order":0,"comment_status":"closed","ping_status":"closed","template":"","meta":{"footnotes":""},"dep":[],"class_list":["post-15860","page","type-page","status-publish","has-post-thumbnail","hentry"],"_links":{"self":[{"href":"https:\/\/www.turkaesthetic.com\/de\/wp-json\/wp\/v2\/pages\/15860","targetHints":{"allow":["GET"]}}],"collection":[{"href":"https:\/\/www.turkaesthetic.com\/de\/wp-json\/wp\/v2\/pages"}],"about":[{"href":"https:\/\/www.turkaesthetic.com\/de\/wp-json\/wp\/v2\/types\/page"}],"author":[{"embeddable":true,"href":"https:\/\/www.turkaesthetic.com\/de\/wp-json\/wp\/v2\/users\/1"}],"replies":[{"embeddable":true,"href":"https:\/\/www.turkaesthetic.com\/de\/wp-json\/wp\/v2\/comments?post=15860"}],"version-history":[{"count":0,"href":"https:\/\/www.turkaesthetic.com\/de\/wp-json\/wp\/v2\/pages\/15860\/revisions"}],"wp:featuredmedia":[{"embeddable":true,"href":"https:\/\/www.turkaesthetic.com\/de\/wp-json\/wp\/v2\/media\/32400"}],"wp:attachment":[{"href":"https:\/\/www.turkaesthetic.com\/de\/wp-json\/wp\/v2\/media?parent=15860"}],"wp:term":[{"taxonomy":"dep","embeddable":true,"href":"https:\/\/www.turkaesthetic.com\/de\/wp-json\/wp\/v2\/dep?post=15860"}],"curies":[{"name":"wp","href":"https:\/\/api.w.org\/{rel}","templated":true}]}}