{"id":15811,"date":"2021-12-27T08:48:55","date_gmt":"2021-12-27T05:48:55","guid":{"rendered":"http:\/\/turkaesthetic.com\/breast-lift-2\/"},"modified":"2025-04-07T17:14:09","modified_gmt":"2025-04-07T14:14:09","slug":"breast-lift","status":"publish","type":"page","link":"https:\/\/www.turkaesthetic.com\/de\/breast-lift\/","title":{"rendered":"Bruststraffung"},"content":{"rendered":"\n<p>Eine <strong>Bruststraffung<\/strong> ist ein kosmetischer Eingriff, der von einem plastischen Chirurgen durchgef\u00fchrt wird, um die Brust von Frauen zu formen, deren Br\u00fcste aufgrund verschiedener Ursachen wie genetischer Veranlagung, Gewichtszunahme oder Schwerkraft h\u00e4ngen. Die Ergebnisse sind unmittelbar nach Abschluss des Eingriffs sichtbar, der in der Regel etwa drei Stunden unter Vollnarkose dauert.<\/p>\n\n\n\n<p>Die Ergebnisse einer Bruststraffung sind unmittelbar nach dem Eingriff sichtbar, der in der Regel etwa drei Stunden unter Vollnarkose dauert. Im Folgenden erl\u00e4utern wir die wichtigsten Details, die jede Frau, die diesen Eingriff in Erw\u00e4gung zieht, wissen sollte.<\/p>\n\n\n\n<figure class=\"wp-block-table\"><table><tbody><tr><td>An\u00e4sthesie<\/td><td>Voll<\/td><\/tr><tr><td>Prozessdauer<\/td><td>3 Stunden<\/td><\/tr><tr><td>Aufenthalt im Krankenhaus<\/td><td>1 Nacht wird nach dem Prozess ben\u00f6tigt<\/td><\/tr><tr><td>Ergebnisse<\/td><td>Sofort \/ Lebenszeit<\/td><\/tr><tr><td>Rekonvaleszenz<\/td><td>10-15 Tage<\/td><\/tr><\/tbody><\/table><\/figure>\n\n\n\n<h2 class=\"wp-block-heading\">Wie l\u00e4uft eine Bruststraffung ab?<\/h2>\n\n\n\n<p>Eine Bruststraffung reduziert das H\u00e4ngen der <a href=\"https:\/\/www.turkaesthetic.com\/de\/breast\/\" target=\"_blank\" data-type=\"page\" data-id=\"15876\" rel=\"noreferrer noopener\">Brust<\/a> und verleiht ihr ein strafferes, jugendlicheres Aussehen. Dabei werden \u00fcbersch\u00fcssiges Dr\u00fcsengewebe, Fett und schlaffe Haut entfernt, um eine straffere und \u00e4sthetisch ansprechendere Brustform zu erzielen, die proportional zum K\u00f6rper ist.<\/p>\n\n\n\n<p>Die Vorteile dieses Eingriffs gehen \u00fcber kosmetische Verbesserungen hinaus, da er auch zu einer besseren K\u00f6rperhaltung und einem besseren k\u00f6rperlichen Wohlbefinden beitragen kann.<\/p>\n\n\n\n<h3 class=\"wp-block-heading\">Video zur Bruststraffung<\/h3>\n\n\n\n<p>Im Folgenden sehen Sie ein Video, das die Durchf\u00fchrung einer Bruststraffung demonstriert.<\/p>\n\n\n\n<figure class=\"wp-block-embed is-type-video is-provider-youtube wp-block-embed-youtube wp-embed-aspect-16-9 wp-has-aspect-ratio\"><div class=\"wp-block-embed__wrapper\">\n<iframe loading=\"lazy\" title=\"Breast Lift - Turk Aesthetic\" width=\"800\" height=\"450\" src=\"https:\/\/www.youtube.com\/embed\/6tfVtjfXu6E?feature=oembed\" frameborder=\"0\" allow=\"accelerometer; autoplay; clipboard-write; encrypted-media; gyroscope; picture-in-picture; web-share\" referrerpolicy=\"strict-origin-when-cross-origin\" allowfullscreen><\/iframe>\n<\/div><figcaption class=\"wp-element-caption\">Bruststraffung<\/figcaption><\/figure>\n\n\n\n<h3 class=\"wp-block-heading\">Geeignete Kandidaten f\u00fcr den Eingriff<\/h3>\n\n\n\n<p>Eine Bruststraffung eignet sich f\u00fcr Frauen mit h\u00e4ngenden oder asymmetrischen Br\u00fcsten, die nicht zu ihrer K\u00f6rperform passen. Sie ist auch ideal f\u00fcr Frauen \u00fcber 18 Jahre, die sich in gutem Gesundheitszustand befinden und sich festere, proportioniertere Br\u00fcste w\u00fcnschen, um ihr Selbstbewusstsein zu st\u00e4rken.<\/p>\n\n\n\n<h4 class=\"wp-block-heading\">Nicht geeignete Kandidaten f\u00fcr den Eingriff<\/h4>\n\n\n\n<p>Manche Frauen leiden unter h\u00e4ngenden Br\u00fcsten, sind aber aufgrund chronischer Erkrankungen wie Herzerkrankungen oder unbehandeltem Diabetes f\u00fcr den Eingriff nicht geeignet. Fortgeschrittene Tumoren erfordern zudem eine vorherige \u00e4rztliche Beratung. Frauen mit schlechter Wundheilung sollten den Eingriff ebenfalls vermeiden. M\u00e4dchen unter 18 Jahren sind nicht f\u00fcr den Eingriff geeignet.<\/p>\n\n\n\n<h3 class=\"wp-block-heading\">Welcher Arzt f\u00fchrt den Eingriff durch?<\/h3>\n\n\n\n<p>Eine Bruststraffung ist ein kosmetischer Eingriff, der von einem Facharzt f\u00fcr Plastische und \u00c4sthetische Chirurgie mit umfassender Erfahrung durchgef\u00fchrt werden muss. \u00c4rzte anderer Fachrichtungen k\u00f6nnen diese Art von Operation nicht durchf\u00fchren.<\/p>\n\n\n\n<h4 class=\"wp-block-heading\">An\u00e4sthesieverfahren bei der Bruststraffung<\/h4>\n\n\n\n<p>Der Eingriff kann nicht ausschlie\u00dflich in \u00f6rtlicher Bet\u00e4ubung durchgef\u00fchrt werden. Der Eingriff muss unter Vollnarkose durchgef\u00fchrt werden. Der Patient muss mindestens sechs Stunden vor dem Eingriff fasten und etwa vier Stunden danach fasten. Danach kann der Patient mit leichten Mahlzeiten beginnen und allm\u00e4hlich zu seiner gewohnten Ern\u00e4hrung zur\u00fcckkehren.<\/p>\n\n\n\n<h3 class=\"wp-block-heading\">Schritte<\/h3>\n\n\n<div id=\"rank-math-howto\" class=\"rank-math-block\" >\n<div class=\"rank-math-howto-description\">\n\n<p>Die operation durchl\u00e4uft wie andere Operationen drei Phasen:<\/p>\n\n<\/div>\n<p class=\"rank-math-howto-duration\"><strong>Gesamtzeit:<\/strong> <span>3 Stunden<\/span><\/p>\n<div class=\"rank-math-steps \">\n<div id=\"howto-step-1677162794335\" class=\"rank-math-step\">\n<h3 class=\"rank-math-step-title \"><strong>Vor dem Prozess<\/strong><\/h3>\n<div class=\"rank-math-step-content \"><img loading=\"lazy\" decoding=\"async\" width=\"1024\" height=\"576\" src=\"https:\/\/www.turkaesthetic.com\/wp-content\/uploads\/2021\/12\/before-breast-lift.webp\" class=\"attachment-full size-full\" alt=\"Vor und nach der Bruststraffung in der T\u00fcrkei\" \/><p>Vor dem Eingriff sollten das medizinische Team und der Chirurg \u00fcber chronische Erkrankungen, gegebenenfalls eingenommene Medikamente und fr\u00fchere Operationen informiert werden. Es ist wichtig, keine gesundheitsrelevanten Informationen auszulassen. Dar\u00fcber hinaus sollten folgende Hinweise befolgt werden:<br \/>\u2013 Besprechen Sie die erwarteten Ergebnisse mit dem medizinischen Team.<br \/>\u2013 Verzichten Sie mindestens sechs Stunden vor der Operation auf Essen und Trinken.<br \/>\u2013 Informieren Sie das medizinische Team \u00fcber die Einnahme von Medikamenten.<br \/>\u2013 Vermeiden Sie Alkohol und Rauchen mindestens eine Woche vor dem Eingriff.<br \/>\u2013 Setzen Sie nach R\u00fccksprache mit dem Arzt die Einnahme von blutverd\u00fcnnenden Medikamenten (z. B. Aspirin) ab.<br \/>\u2013 Tragen Sie am Operationstag bequeme Kleidung.<\/p>\n<\/div>\n<\/div>\n<div id=\"howto-step-1677162809661\" class=\"rank-math-step\">\n<h3 class=\"rank-math-step-title \"><strong>W\u00e4hrend des Prozesses<\/strong><\/h3>\n<div class=\"rank-math-step-content \"><img loading=\"lazy\" decoding=\"async\" width=\"1024\" height=\"575\" src=\"https:\/\/www.turkaesthetic.com\/wp-content\/uploads\/2021\/12\/during-breast-lift.webp\" class=\"attachment-full size-full\" alt=\"Bruststraffung in der t\u00fcrkei\" \/><p>Die Operationstechnik und die gew\u00fcnschte Brustform werden nach den W\u00fcnschen der Patientin festgelegt. Nach der Vollnarkose setzt der Chirurg Schnitte um die Brustwarze und den Warzenhof (die dunkle Haut um die Brustwarze). Ein weiterer vertikaler Schnitt verl\u00e4uft vom Warzenhof bis zum erschlafften Bereich der Brust.<br \/>Anschlie\u00dfend entfernt der Chirurg \u00fcbersch\u00fcssiges Fett, Gewebe und Haut von der Brust. In manchen F\u00e4llen kommen lasergest\u00fctzte Ger\u00e4te zum Einsatz. Anschlie\u00dfend werden Brustwarze und Warzenhof h\u00f6her positioniert und die inneren und \u00e4u\u00dferen Brustbereiche mit kosmetischen N\u00e4hten fixiert (eine Technik, die als Bruststraffung mit F\u00e4den bezeichnet wird). Zus\u00e4tzlich kann der Warzenhof verkleinert werden, da er sich nach Schwangerschaft, Geburt und Stillzeit h\u00e4ufig vergr\u00f6\u00dfert. Der Eingriff dauert in der Regel etwa drei Stunden.<\/p>\n<\/div>\n<\/div>\n<div id=\"howto-step-1677162819629\" class=\"rank-math-step\">\n<h3 class=\"rank-math-step-title \"><strong>Nach dem Prozess<\/strong><\/h3>\n<div class=\"rank-math-step-content \"><img loading=\"lazy\" decoding=\"async\" width=\"1024\" height=\"575\" src=\"https:\/\/www.turkaesthetic.com\/wp-content\/uploads\/2021\/12\/after-breast-lift.webp\" class=\"attachment-full size-full\" alt=\"Vor und nach der Bruststraffung in der istanbul\" \/><p>Nach dem Eingriff legt der Chirurg einen Kompressionsverband an, der zwei bis drei Tage getragen werden muss. In den folgenden ein bis drei Wochen klingen die Bluterg\u00fcsse allm\u00e4hlich ab. Die chirurgischen N\u00e4hte l\u00f6sen sich mit der Zeit von selbst auf.<br \/>Zur postoperativen Pflege geh\u00f6ren:<br \/>\u2013 Vermeidung von BHs mit B\u00fcgeln oder Polstern.<br \/>\u2013 Tragen Sie tags\u00fcber einen Sport-BH f\u00fcr optimalen Halt.<br \/>\u2013 Vermeiden Sie k\u00f6rperliche Aktivit\u00e4ten, Sport und Autofahren f\u00fcr mindestens 30 Tage.<br \/>\u2013 R\u00fcckkehr zu normalen Alltagsaktivit\u00e4ten nach einem Monat, jedoch Vermeidung von schwerem Heben oder intensivem Training f\u00fcr zwei Monate.<\/p>\n<\/div>\n<\/div>\n<\/div>\n<\/div>\n<p class=\"rank-math-howto-estimatedCost\"><strong>Gesch\u00e4tzte Kosten:<\/strong> <span>3450 Euro<\/span><\/p>\n\n\n\n\n\n<h2 class=\"wp-block-heading\">Vor und nach der Bruststraffung<\/h2>\n\n\n\n<p>Unten sehen Sie einige Bilder <a href=\"https:\/\/www.turkaesthetic.com\/de\/before-after\/\" target=\"_blank\" data-type=\"page\" data-id=\"46944\" rel=\"noreferrer noopener\">vor und nach<\/a> einer Brustvergr\u00f6\u00dferungsoperation, die im Turk Aesthetic in Istanbul, T\u00fcrkei, durchgef\u00fchrt wurde.<\/p>\n\n\n\n<figure class=\"wp-block-gallery has-nested-images columns-default is-cropped wp-block-gallery-1 is-layout-flex wp-block-gallery-is-layout-flex\">\n<figure class=\"wp-block-image size-large\"><img loading=\"lazy\" decoding=\"async\" width=\"1200\" height=\"800\" data-id=\"45135\" src=\"https:\/\/www.turkaesthetic.com\/wp-content\/uploads\/2023\/11\/before-after-breast-lift-3.jpg\" alt=\"Vor und nach der Bruststraffung in T\u00fcrkiye\" class=\"wp-image-45135\"\/><figcaption class=\"wp-element-caption\">Vor und nach der Bruststraffung in T\u00fcrkiye<\/figcaption><\/figure>\n\n\n\n<figure class=\"wp-block-image size-large\"><img loading=\"lazy\" decoding=\"async\" width=\"1200\" height=\"800\" data-id=\"45126\" src=\"https:\/\/www.turkaesthetic.com\/wp-content\/uploads\/2023\/11\/before-after-breast-lift-2.jpg\" alt=\"Vor und nach der Bruststraffung in T\u00fcrkiye\" class=\"wp-image-45126\"\/><figcaption class=\"wp-element-caption\">Vor und nach der Bruststraffung in T\u00fcrkiye<\/figcaption><\/figure>\n\n\n\n<figure class=\"wp-block-image size-large\"><img loading=\"lazy\" decoding=\"async\" width=\"1200\" height=\"800\" data-id=\"45144\" src=\"https:\/\/www.turkaesthetic.com\/wp-content\/uploads\/2023\/11\/before-after-breast-lift-4.jpg\" alt=\"Vor und nach der Bruststraffung in T\u00fcrkiye\" class=\"wp-image-45144\"\/><figcaption class=\"wp-element-caption\">Vor und nach der Bruststraffung in T\u00fcrkiye<\/figcaption><\/figure>\n<\/figure>\n\n\n\n<h3 class=\"wp-block-heading\">Postoperative Anweisungen f\u00fcr die Bruststraffung<\/h3>\n\n\n\n<p>Nach einer Bruststraffung m\u00fcssen Patientinnen einige wichtige Hinweise beachten:<\/p>\n\n\n\n<ul class=\"wp-block-list\">\n<li>Halten Sie sich strikt an die postoperativen Anweisungen Ihres Arztes.<\/li>\n\n\n\n<li>Nehmen Sie verschriebene Medikamente p\u00fcnktlich ein.<\/li>\n\n\n\n<li>Vermeiden Sie zwei Monate nach der Operation anstrengende Aktivit\u00e4ten.<\/li>\n\n\n\n<li>F\u00fcr optimale Ergebnisse tragen Sie zwei Monate lang medizinische Kompressionskleidung.<\/li>\n<\/ul>\n\n\n\n<h4 class=\"wp-block-heading\">Vor- und Nachteile<\/h4>\n\n\n\n<p><strong>Nachteile<\/strong><\/p>\n\n\n\n<p>Es wurden keine nennenswerten Nachteile festgestellt, au\u00dfer wenn der Eingriff von einem unerfahrenen Chirurgen durchgef\u00fchrt wird, was zu einer Asymmetrie der Brustgr\u00f6\u00dfe f\u00fchren kann.<\/p>\n\n\n\n<p><strong>Vorteile<\/strong><\/p>\n\n\n\n<p>Eine erfolgreiche Bruststraffung st\u00e4rkt das Selbstbewusstsein, die Attraktivit\u00e4t und die Weiblichkeit von Frauen durch Verbesserung von Symmetrie und Proportionen.<br>Beseitigt R\u00fccken- und Schulterschmerzen, die durch schwere oder h\u00e4ngende Br\u00fcste verursacht werden.<br>Reduziert Reizungen und Hautausschl\u00e4ge, die durch Schwitzen unter h\u00e4ngenden Br\u00fcsten entstehen.<\/p>\n\n\n\n<p><strong>Nebenwirkungen<\/strong><\/p>\n\n\n\n<ul class=\"wp-block-list\">\n<li>Leichte Beschwerden in den ersten Tagen k\u00f6nnen mit \u00e4rztlich verordneten entz\u00fcndungshemmenden Medikamenten behandelt werden.<\/li>\n\n\n\n<li>Vor\u00fcbergehendes Taubheitsgef\u00fchl oder Kribbeln im Brustwarzenbereich.<\/li>\n\n\n\n<li>Geringe Unterschiede in der Brustgr\u00f6\u00dfe aufgrund mangelnder Erfahrung des Chirurgen.<\/li>\n\n\n\n<li>Leichter Juckreiz w\u00e4hrend der Wundheilung.<\/li>\n<\/ul>\n\n\n\n<h3 class=\"wp-block-heading\">Bruststraffung in der T\u00fcrkei (Istanbul)<\/h3>\n\n\n\n<p>Die T\u00fcrkei, insbesondere Istanbul, ist ein beliebtes Ziel f\u00fcr Medizintourismus, da sie hochwertige medizinische Versorgung, erfahrene \u00c4rzte und g\u00fcnstige Preise bietet. Die Bruststraffung z\u00e4hlt zu den gefragtesten Eingriffen zur K\u00f6rperformung in der T\u00fcrkei. Die Kosten liegen je nach Klinik zwischen 3.450 und 4.500 \u20ac.<\/p>\n\n\n\n<h4 class=\"wp-block-heading\">Kosten einer Bruststraffung in der T\u00fcrkei<\/h4>\n\n\n\n<p>Die Kosten einer Bruststraffung in der T\u00fcrkei variieren je nach verschiedenen Faktoren:<\/p>\n\n\n\n<p>Ruf der Klinik oder des Krankenhauses.<br>Erfahrung und Kompetenz des Chirurgen.<br>Zus\u00e4tzliche Leistungen der Klinik wie Behandlungspakete, Unterkunft und Transport werden angeboten.<br>Bei Turk Aesthetic Istanbul \u2013 Turkey liegen die Kosten f\u00fcr eine Bruststraffung zwischen 3.450 und 4.500 \u20ac. Sie k\u00f6nnen sich an das Team von Turk Aesthetic wenden, um ein individuelles Angebot zu erhalten, das Unterkunft und Transportdienste umfasst.<\/p>\n\n\n\n<h2 class=\"wp-block-heading\">FAQ &#8211; Bruststraffung<\/h2>\n\n\n<div id=\"rank-math-faq\" class=\"rank-math-block\">\n<div class=\"rank-math-list \">\n<div id=\"faq-question-1677162945313\" class=\"rank-math-list-item\">\n<h3 class=\"rank-math-question \"><strong><strong>Wie lange dauert eine Bruststraffung?<\/strong><\/strong><\/h3>\n<div class=\"rank-math-answer \">\n\n<p>Etwa 3 bis 4 Stunden.<\/p>\n\n<\/div>\n<\/div>\n<div id=\"faq-question-1742034637781\" class=\"rank-math-list-item\">\n<h3 class=\"rank-math-question \">Wann sind die Ergebnisse sichtbar?<\/h3>\n<div class=\"rank-math-answer \">\n\n<p>Die Ergebnisse sind sofort sichtbar und werden deutlicher, sobald die Schwellung nach der Operation zur\u00fcckgeht.<\/p>\n\n<\/div>\n<\/div>\n<div id=\"faq-question-1742034642555\" class=\"rank-math-list-item\">\n<h3 class=\"rank-math-question \">Wie hoch ist die Erfolgsquote einer Bruststraffung?<\/h3>\n<div class=\"rank-math-answer \">\n\n<p>Die Erfolgsquote h\u00e4ngt vom K\u00f6nnen und der Expertise des Chirurgen ab.<\/p>\n\n<\/div>\n<\/div>\n<div id=\"faq-question-1742034647993\" class=\"rank-math-list-item\">\n<h3 class=\"rank-math-question \">Kann eine Bruststraffung unter \u00f6rtlicher Bet\u00e4ubung durchgef\u00fchrt werden?<\/h3>\n<div class=\"rank-math-answer \">\n\n<p>Nein, der Eingriff erfordert eine Vollnarkose.<\/p>\n\n<\/div>\n<\/div>\n<div id=\"faq-question-1742034653647\" class=\"rank-math-list-item\">\n<h3 class=\"rank-math-question \">Was kostet eine Bruststraffung in der T\u00fcrkei?<\/h3>\n<div class=\"rank-math-answer \">\n\n<p>Bei Turk Aesthetic Istanbul liegen die Kosten zwischen 3.500 und 4.500 \u20ac, in der T\u00fcrkei insgesamt zwischen 3.500 und 4.500 \u20ac.<\/p>\n\n<\/div>\n<\/div>\n<div id=\"faq-question-1742034659502\" class=\"rank-math-list-item\">\n<h3 class=\"rank-math-question \">Wie lange dauert die Erholungsphase nach der Operation?<\/h3>\n<div class=\"rank-math-answer \">\n\n<p>Die Erholungsphase betr\u00e4gt etwa 10 bis 15 Tage.<\/p>\n\n<\/div>\n<\/div>\n<div id=\"faq-question-1742034664860\" class=\"rank-math-list-item\">\n<h3 class=\"rank-math-question \">K\u00f6nnen die Br\u00fcste nach einer Bruststraffung wieder h\u00e4ngen?<\/h3>\n<div class=\"rank-math-answer \">\n\n<p>Die Ergebnisse des Eingriffs sind nicht dauerhaft, da Alterung und Gewichtsschwankungen die Festigkeit der Brust beeintr\u00e4chtigen k\u00f6nnen.<\/p>\n\n<\/div>\n<\/div>\n<div id=\"faq-question-1742034670987\" class=\"rank-math-list-item\">\n<h3 class=\"rank-math-question \">Wie lange sollte ich nach der Operation Kompressionskleidung tragen?<\/h3>\n<div class=\"rank-math-answer \">\n\n<p>Sie sollten den Kompressions-BH 45 bis 60 Tage lang tragen.<\/p>\n\n<\/div>\n<\/div>\n<div id=\"faq-question-1742034679491\" class=\"rank-math-list-item\">\n<h3 class=\"rank-math-question \">Kann eine Bruststraffung mit Laser oder F\u00e4den durchgef\u00fchrt werden?<\/h3>\n<div class=\"rank-math-answer \">\n\n<p>Ja, Laser- oder Fadentechniken k\u00f6nnen Teil des Eingriffs sein.<\/p>\n\n<\/div>\n<\/div>\n<\/div>\n<\/div>\n\n\n<p>Schlie\u00dflich k\u00f6nnen Sie unser Team direkt \u00fcber den Link\u00a0<a href=\"http:\/\/turkaesthetic.com\/de\/contact-us\/\" target=\"_blank\" rel=\"noreferrer noopener\"><strong>kontaktieren<\/strong><\/a>, um Informationen und Preise von\u00a0<strong><a href=\"https:\/\/www.youtube.com\/channel\/UC0zggzdm5CFwpRMmn_CPpFQ\" target=\"_blank\" rel=\"noreferrer noopener\">Turk Aesthetic<\/a>\u00a0<\/strong>anzufordern.<a href=\"http:\/\/turkaesthetic.com\/de\/non-surgical-de\/lip-filler\/\"><\/a><\/p>\n","protected":false},"excerpt":{"rendered":"<p>Eine Bruststraffung ist ein kosmetischer Eingriff, der von einem plastischen Chirurgen durchgef\u00fchrt wird, um die Brust von Frauen zu formen, deren Br\u00fcste aufgrund verschiedener Ursachen wie genetischer Veranlagung, Gewichtszunahme oder Schwerkraft h\u00e4ngen. Die Ergebnisse sind unmittelbar nach Abschluss des Eingriffs sichtbar, der in der Regel etwa drei Stunden unter Vollnarkose dauert. Die Ergebnisse einer Bruststraffung [&hellip;]<\/p>\n","protected":false},"author":1,"featured_media":14401,"parent":0,"menu_order":0,"comment_status":"closed","ping_status":"closed","template":"","meta":{"footnotes":""},"dep":[],"class_list":["post-15811","page","type-page","status-publish","has-post-thumbnail","hentry"],"_links":{"self":[{"href":"https:\/\/www.turkaesthetic.com\/de\/wp-json\/wp\/v2\/pages\/15811","targetHints":{"allow":["GET"]}}],"collection":[{"href":"https:\/\/www.turkaesthetic.com\/de\/wp-json\/wp\/v2\/pages"}],"about":[{"href":"https:\/\/www.turkaesthetic.com\/de\/wp-json\/wp\/v2\/types\/page"}],"author":[{"embeddable":true,"href":"https:\/\/www.turkaesthetic.com\/de\/wp-json\/wp\/v2\/users\/1"}],"replies":[{"embeddable":true,"href":"https:\/\/www.turkaesthetic.com\/de\/wp-json\/wp\/v2\/comments?post=15811"}],"version-history":[{"count":0,"href":"https:\/\/www.turkaesthetic.com\/de\/wp-json\/wp\/v2\/pages\/15811\/revisions"}],"wp:featuredmedia":[{"embeddable":true,"href":"https:\/\/www.turkaesthetic.com\/de\/wp-json\/wp\/v2\/media\/14401"}],"wp:attachment":[{"href":"https:\/\/www.turkaesthetic.com\/de\/wp-json\/wp\/v2\/media?parent=15811"}],"wp:term":[{"taxonomy":"dep","embeddable":true,"href":"https:\/\/www.turkaesthetic.com\/de\/wp-json\/wp\/v2\/dep?post=15811"}],"curies":[{"name":"wp","href":"https:\/\/api.w.org\/{rel}","templated":true}]}}