{"id":15773,"date":"2021-12-28T13:13:29","date_gmt":"2021-12-28T10:13:29","guid":{"rendered":"http:\/\/turkaesthetic.com\/gynecomastia\/"},"modified":"2025-04-07T17:15:26","modified_gmt":"2025-04-07T14:15:26","slug":"gynecomastia","status":"publish","type":"page","link":"https:\/\/www.turkaesthetic.com\/de\/gynecomastia\/","title":{"rendered":"Gyn\u00e4komastie"},"content":{"rendered":"\n<p>La <strong>Gyn\u00e4komastie<\/strong> est une intervention chirurgicale visant \u00e0 retirer l&#8217;exc\u00e8s de tissu mammaire chez l&#8217;homme, ce qui peut lui donner une forme ressemblant \u00e0 celle des seins f\u00e9minins. Cette affection peut engendrer g\u00eane et perte de confiance en soi. La gyn\u00e9comastie peut \u00eatre class\u00e9e en diff\u00e9rents degr\u00e9s&nbsp;: l\u00e9g\u00e8re, mod\u00e9r\u00e9e et s\u00e9v\u00e8re.<\/p>\n\n\n\n<p>L&#8217;approche chirurgicale varie selon le degr\u00e9 de la gyn\u00e9comastie. Les diff\u00e9rences de gravit\u00e9 peuvent \u00eatre attribu\u00e9es \u00e0 des facteurs physiologiques et g\u00e9n\u00e9tiques. Quel que soit son degr\u00e9, la gyn\u00e9comastie provoque souvent une d\u00e9tresse \u00e9motionnelle et peut conduire \u00e0 la d\u00e9pression, ce qui rend une intervention esth\u00e9tique n\u00e9cessaire pour traiter efficacement le probl\u00e8me.<\/p>\n\n\n\n<figure class=\"wp-block-table\"><table><tbody><tr><td>An\u00e4sthesie<\/td><td>Sedierung \/ Allgemein<\/td><\/tr><tr><td>Verfahrensdauer<\/td><td>2-3 Stunden<\/td><\/tr><tr><td>Ergebnisse<\/td><td>Sofort \/ Lebenszeit<\/td><\/tr><tr><td>Rekonvaleszenz<\/td><td>5 Tage<\/td><\/tr><tr><td>Aufenthalt im Krankenhaus<\/td><td>1 Nacht bei Vollnarkose<\/td><\/tr><\/tbody><\/table><\/figure>\n\n\n\n<h2 class=\"wp-block-heading\">Comment se d\u00e9roule une chirurgie de la gyn\u00e9comastie&nbsp;?<\/h2>\n\n\n\n<p>D&#8217;un point de vue hygi\u00e9nique, la gyn\u00e9comastie n&#8217;est pas un probl\u00e8me grave qui devrait susciter des craintes. Elle rel\u00e8ve principalement des interventions esth\u00e9tiques et, dans de rares cas, l&#8217;apparition soudaine d&#8217;une augmentation mammaire chez l&#8217;homme peut \u00eatre li\u00e9e \u00e0 des probl\u00e8mes li\u00e9s au cancer.<\/p>\n\n\n\n<p>L&#8217;intervention est g\u00e9n\u00e9ralement r\u00e9alis\u00e9e sous anesth\u00e9sie locale, que de nombreux patients pr\u00e9f\u00e8rent. Dans certains cas, une anesth\u00e9sie g\u00e9n\u00e9rale peut \u00eatre utilis\u00e9e. L&#8217;intervention dure g\u00e9n\u00e9ralement 2 \u00e0 3 heures, selon le cas, et les r\u00e9sultats sont imm\u00e9diats et durables.<\/p>\n\n\n\n<h3 class=\"wp-block-heading\">Vid\u00e9o sur la chirurgie de la gyn\u00e9comastie<\/h3>\n\n\n\n<p>Vid\u00e9o expliquant en d\u00e9tail la chirurgie de r\u00e9duction mammaire masculine&nbsp;:<\/p>\n\n\n\n<figure class=\"wp-block-embed is-type-video is-provider-youtube wp-block-embed-youtube wp-embed-aspect-16-9 wp-has-aspect-ratio\"><div class=\"wp-block-embed__wrapper\">\n<iframe loading=\"lazy\" title=\"Gynecomastia - Turk Aesthetic\" width=\"800\" height=\"450\" src=\"https:\/\/www.youtube.com\/embed\/S2tbUZ3UaeM?feature=oembed\" frameborder=\"0\" allow=\"accelerometer; autoplay; clipboard-write; encrypted-media; gyroscope; picture-in-picture; web-share\" referrerpolicy=\"strict-origin-when-cross-origin\" allowfullscreen><\/iframe>\n<\/div><\/figure>\n\n\n\n<h3 class=\"wp-block-heading\">Causes de la gyn\u00e9comastie<\/h3>\n\n\n\n<ul class=\"wp-block-list\">\n<li>Utilisation de certains m\u00e9dicaments.<\/li>\n\n\n\n<li>Changements hormonaux naturels qui surviennent pendant la pubert\u00e9 chez les gar\u00e7ons.<\/li>\n\n\n\n<li>Dysfonctionnements de la s\u00e9cr\u00e9tion thyro\u00efdienne ou des gonades.<\/li>\n\n\n\n<li>Facteurs g\u00e9n\u00e9tiques.<\/li>\n\n\n\n<li>Prise de poids.<\/li>\n<\/ul>\n\n\n\n<h4 class=\"wp-block-heading\">Types de gyn\u00e9comastie<\/h4>\n\n\n\n<p>L&#8217;importance de l&#8217;hypertrophie mammaire chez l&#8217;homme peut varier consid\u00e9rablement d&#8217;un individu \u00e0 l&#8217;autre en raison de diff\u00e9rences g\u00e9n\u00e9tiques et physiologiques. Le surpoids peut jouer un r\u00f4le majeur dans le d\u00e9veloppement de la gyn\u00e9comastie. Les diff\u00e9rents types de gyn\u00e9comastie comprennent&nbsp;:<\/p>\n\n\n\n<ul class=\"wp-block-list\">\n<li>Gyn\u00e9comastie s\u00e9borrh\u00e9ique&nbsp;: Ce type est fr\u00e9quent \u00e0 tous les \u00e2ges et g\u00e9n\u00e9ralement trait\u00e9 par liposuccion seule.<\/li>\n\n\n\n<li>Gyn\u00e9comastie fibreuse&nbsp;: Caract\u00e9ris\u00e9e par une augmentation du volume des tissus sans exc\u00e8s de graisse au niveau de la poitrine. Le traitement consiste en l&#8217;ablation chirurgicale du tissu glandulaire et fibreux responsable de la maladie.<\/li>\n\n\n\n<li>Gyn\u00e9comastie mixte&nbsp;: Ce type de gyn\u00e9comastie comprend \u00e0 la fois du tissu adipeux et du tissu fibreux. Le traitement recommand\u00e9 comprend une liposuccion pour retirer la graisse, suivie de l&#8217;excision du tissu glandulaire par une petite incision dans la zone ar\u00e9olaire entourant le mamelon.<\/li>\n\n\n\n<li>Ces variations soulignent l&#8217;importance d&#8217;une approche th\u00e9rapeutique personnalis\u00e9e, en fonction du type et du degr\u00e9 d&#8217;hypertrophie mammaire chez l&#8217;homme.<\/li>\n<\/ul>\n\n\n\n<h5 class=\"wp-block-heading\">Qui peut subir cette intervention&nbsp;?<\/h5>\n\n\n\n<p>Les hommes souffrant d&#8217;une poitrine tombante ou pro\u00e9minente, source de g\u00eane et de manque de confiance en soi, peuvent envisager cette intervention. Il est important d&#8217;avoir des attentes r\u00e9alistes apr\u00e8s l&#8217;op\u00e9ration. Les candidats \u00e0 la chirurgie doivent avoir arr\u00eat\u00e9 le d\u00e9veloppement de leurs seins \u00e0 l&#8217;\u00e2ge de 20&nbsp;ans et ne doivent pas \u00eatre atteints de maladies infectieuses incurables.<\/p>\n\n\n\n<figure class=\"wp-block-image size-full\"><img loading=\"lazy\" decoding=\"async\" width=\"1024\" height=\"683\" src=\"http:\/\/turkaesthetic.com\/wp-content\/uploads\/2021\/12\/doctor-with-patient.webp\" alt=\"Gyn\u00e4komastie in der t\u00fcrkei\" class=\"wp-image-14580\"\/><figcaption class=\"wp-element-caption\">Gyn\u00e4komastie in der t\u00fcrkei\n<\/figcaption><\/figure>\n\n\n\n<h3 class=\"wp-block-heading\">Wer kann sich nicht f\u00fcr den Eingriff entscheiden?<\/h3>\n\n\n\n<p>M\u00e4nner sollten eine Operation vermeiden, wenn sie unter Vorerkrankungen wie unkontrolliertem Diabetes, starkem Bluthochdruck, Herzerkrankungen oder Infektionskrankheiten wie Immunschw\u00e4che leiden. Auch Personen, die die Wachstumsphase von 20 Jahren noch nicht abgeschlossen haben, sollten diesen Eingriff nicht in Anspruch nehmen, da die Dr\u00fcsensekretion vor diesem Alter schwanken und unregelm\u00e4\u00dfig sein kann.<\/p>\n\n\n\n<h4 class=\"wp-block-heading\">Der Arzt, der die Gyn\u00e4komastie durchf\u00fchrt<\/h4>\n\n\n\n<p>Die Gyn\u00e4komastie-Operation, bei der die m\u00e4nnliche Brust entfernt wird, ist ein kosmetischer Eingriff, der von einem qualifizierten plastischen Chirurgen mit umfassender Erfahrung in dieser Art von Operationen durchgef\u00fchrt werden muss.<\/p>\n\n\n\n<p>Kein anderer Facharzt sollte diesen Eingriff durchf\u00fchren. Bei der Wahl eines Krankenhauses oder einer medizinischen Klinik ist die Wahl einer renommierten Einrichtung mit hohem Sterilisationsstandard und einem hochqualifizierten Chirurgen entscheidend. Die Kosten des Eingriffs k\u00f6nnen zwar hoch sein, spiegeln aber oft die Effizienz und Seriosit\u00e4t der Klinik wider. Daher ist es ratsam, nicht \u00fcberm\u00e4\u00dfig \u00fcber den Preis zu verhandeln.<\/p>\n\n\n\n<h5 class=\"wp-block-heading\">An\u00e4sthesieart w\u00e4hrend der Operation<\/h5>\n\n\n\n<p>Die Gyn\u00e4komastie-Operation kann entweder unter Sedierung oder Vollnarkose durchgef\u00fchrt werden. Die Wahl der An\u00e4sthesie h\u00e4ngt von den W\u00fcnschen und dem individuellen Gesundheitszustand des Patienten ab.<\/p>\n\n\n\n<p>Bei einer Vollnarkose ist es wichtig, sechs Stunden vor dem Eingriff nichts zu essen und zu trinken. Diese Vorsichtsma\u00dfnahme beugt Magenbeschwerden beim Aufwachen nach dem Eingriff vor. Dar\u00fcber hinaus ist bei einer Vollnarkose in der Regel ein Krankenhausaufenthalt von einer Nacht erforderlich. Die Kosten f\u00fcr eine Vollnarkose sind in der Regel h\u00f6her als bei einer vor\u00fcbergehenden An\u00e4sthesie oder Sedierung.<\/p>\n\n\n\n<p>Bei einer vor\u00fcbergehenden An\u00e4sthesie entfallen hingegen die oben genannten N\u00fcchternheits- und Krankenhausaufenthaltsvorschriften. Diese Methode gilt als einfacher und kosteng\u00fcnstiger.<\/p>\n\n\n\n<h3 class=\"wp-block-heading\">Schritte <\/h3>\n\n\n<div id=\"rank-math-howto\" class=\"rank-math-block\" >\n<div class=\"rank-math-howto-description\">\n\n<p>Der Prozess der durchl\u00e4uft wie andere Operationen drei Phasen:<\/p>\n\n<\/div>\n<p class=\"rank-math-howto-duration\"><strong>Gesamtzeit:<\/strong> <span>2 Stunden<\/span><\/p>\n<div class=\"rank-math-steps \">\n<div id=\"howto-step-1677246636912\" class=\"rank-math-step\">\n<h3 class=\"rank-math-step-title \"><strong>Vor dem Prozess<\/strong><\/h3>\n<div class=\"rank-math-step-content \"><p>Bevor Sie sich einer Brustverkleinerung unterziehen, informieren Sie Ihren Arzt unbedingt \u00fcber chronische Erkrankungen, Medikamente, die Sie derzeit einnehmen, sowie \u00fcber fr\u00fchere Operationen. Hier sind einige wichtige Hinweise:<br \/>\u2013 Besprechen Sie die zu erwartenden Ergebnisse mit Ihrem Arzt.<br \/>\u2013 Verzichten Sie mindestens sechs Stunden vor der Operation auf Essen und Trinken, wenn Sie eine Vollnarkose erhalten.<br \/>\u2013 Informieren Sie Ihren Arzt \u00fcber alle Medikamente, die Sie regelm\u00e4\u00dfig einnehmen.<br \/>\u2013 Vermeiden Sie Alkohol und Rauchen mindestens eine Woche vor der Operation.<br \/>\u2013 Konsultieren Sie Ihren Arzt, bevor Sie blutverd\u00fcnnende Medikamente wie Aspirin absetzen.<\/p>\n<\/div>\n<\/div>\n<div id=\"howto-step-1677246805193\" class=\"rank-math-step\">\n<h3 class=\"rank-math-step-title \"><strong>W\u00e4hrend des Prozesses<\/strong><\/h3>\n<div class=\"rank-math-step-content \"><img loading=\"lazy\" decoding=\"async\" width=\"1024\" height=\"576\" src=\"https:\/\/www.turkaesthetic.com\/wp-content\/uploads\/2022\/03\/Gynecomastia-types.webp\" class=\"attachment-full size-full\" alt=\"Gyn\u00e4komastie in der t\u00fcrkei\" \/><p>Die Narkose wird nach der vereinbarten Methode verabreicht. Der Chirurg bestimmt au\u00dferdem die Art der Gyn\u00e4komastie und die zu behandelnden Brustbereiche. Der Eingriff dauert in der Regel 2\u20133 Stunden. \u00dcbersch\u00fcssiges Fett wird abgesaugt, \u00fcbersch\u00fcssiges Fettgewebe entfernt und der Chirurg verschlie\u00dft die Einschnitte anschlie\u00dfend mit plastisch-chirurgischen N\u00e4hten.<br \/>Zur Unterst\u00fctzung der Genesung kann ein Schlauch unter die Haut gelegt werden, um die nach der <a href=\"https:\/\/www.turkaesthetic.com\/de\/surgeries-de\/vagina-fat-transfer\/\" target=\"_blank\" data-type=\"post\" data-id=\"50783\" rel=\"noreferrer noopener\">Fettentfernung<\/a> angesammelte Fl\u00fcssigkeit abzuleiten. Nach der Operation sollte der Patient Kompressionskleidung tragen, um den Fl\u00fcssigkeitsabfluss zu unterst\u00fctzen und eine straffe, konturierte Brustform zu erreichen.<\/p>\n<\/div>\n<\/div>\n<div id=\"howto-step-1677246823589\" class=\"rank-math-step\">\n<h3 class=\"rank-math-step-title \"><strong>Nach dem Prozess<\/strong><\/h3>\n<div class=\"rank-math-step-content \"><p>Patienten wird empfohlen, die Kompressionskleidung 45\u201360 Tage lang zu tragen und alle postoperativen Anweisungen des Arztes zu befolgen, insbesondere w\u00e4hrend der ersten Genesungsphase. Wichtige Schritte zur Nachsorge sind:<br \/>\u2013 Ausreichende Ruhe und die Einnahme verschriebener Medikamente, einschlie\u00dflich Schmerzmittel und Entz\u00fcndungshemmer, um Schwellungen und Bluterg\u00fcsse zu minimieren.<br \/>\u2013 Eine ausgewogene Ern\u00e4hrung mit leichten Speisen sowie der Verzicht auf Rauchen und Schmerzmittel, die Blutungen verst\u00e4rken k\u00f6nnen, sind zu empfehlen.<br \/>\u2013 Eine ausreichende Fl\u00fcssigkeitszufuhr unterst\u00fctzt die Genesung und Wundheilung.<br \/>\u2013 Sorgen Sie f\u00fcr ausreichend Schlaf und lagern Sie den Kopf in den ersten drei Tagen in einem 45-Grad-Winkel, um den Komfort zu erh\u00f6hen.<br \/>\u2013 Pflege der Operationswunden: Ihr Arzt verwendet spezielle N\u00e4hte, die sich innerhalb von 10\u201314 Tagen von selbst aufl\u00f6sen. Danach beginnen die N\u00e4hte zu verschwinden.<\/p>\n<\/div>\n<\/div>\n<\/div>\n<\/div>\n<p class=\"rank-math-howto-estimatedCost\"><strong>Gesch\u00e4tzte Kosten:<\/strong> <span>2950 Euro<\/span><\/p>\n\n\n\n\n\n<h3 class=\"wp-block-heading\">Vorher-Nachher-Bilder einer Gyn\u00e4komastie<\/h3>\n\n\n\n<p>Hier finden Sie einige Vorher-Nachher-Fotos einer <a href=\"https:\/\/www.turkaesthetic.com\/de\/breast-reduction\/\" target=\"_blank\" data-type=\"page\" data-id=\"15860\" rel=\"noreferrer noopener\">Brustverkleinerung<\/a> bei M\u00e4nnern, die bei Turk Aesthetic in Istanbul, T\u00fcrkei, durchgef\u00fchrt wurde.<\/p>\n\n\n\n<figure class=\"wp-block-gallery has-nested-images columns-default is-cropped wp-block-gallery-1 is-layout-flex wp-block-gallery-is-layout-flex\">\n<figure class=\"wp-block-image size-large\"><img loading=\"lazy\" decoding=\"async\" width=\"1200\" height=\"800\" data-id=\"45721\" src=\"https:\/\/www.turkaesthetic.com\/wp-content\/uploads\/2023\/11\/before-after-gynecomastia-4.jpg\" alt=\"Vor und nach Gyn\u00e4komastie in T\u00fcrkei\" class=\"wp-image-45721\"\/><figcaption class=\"wp-element-caption\">Vor und nach Gyn\u00e4komastie in T\u00fcrkei<\/figcaption><\/figure>\n\n\n\n<figure class=\"wp-block-image size-large\"><img loading=\"lazy\" decoding=\"async\" width=\"1200\" height=\"800\" data-id=\"45712\" src=\"https:\/\/www.turkaesthetic.com\/wp-content\/uploads\/2023\/11\/before-after-gynecomastia-3.jpg\" alt=\"Vor und nach Gyn\u00e4komastie in T\u00fcrkei\" class=\"wp-image-45712\"\/><figcaption class=\"wp-element-caption\">Vor und nach Gyn\u00e4komastie in T\u00fcrkei<\/figcaption><\/figure>\n\n\n\n<figure class=\"wp-block-image size-large\"><img loading=\"lazy\" decoding=\"async\" width=\"1200\" height=\"800\" data-id=\"45703\" src=\"https:\/\/www.turkaesthetic.com\/wp-content\/uploads\/2023\/11\/before-after-gynecomastia-2.jpg\" alt=\"Vor und nach Gyn\u00e4komastie in T\u00fcrkei\" class=\"wp-image-45703\"\/><figcaption class=\"wp-element-caption\">Vor und nach Gyn\u00e4komastie in T\u00fcrkei<\/figcaption><\/figure>\n<\/figure>\n\n\n\n<h3 class=\"wp-block-heading\">Postoperative Tipps f\u00fcr Gyn\u00e4komastie-Chirurgen<\/h3>\n\n\n\n<p><br>Nach einer Gyn\u00e4komastie-Operation ist die Einhaltung bestimmter Richtlinien f\u00fcr eine erfolgreiche Genesung unerl\u00e4sslich. Hier einige wichtige Tipps:<\/p>\n\n\n\n<ul class=\"wp-block-list\">\n<li>Anweisungen des Arztes befolgen: Halten Sie sich strikt an die Anweisungen Ihres Chirurgen zur postoperativen Pflege, einschlie\u00dflich der rechtzeitigen Einnahme verschriebener Medikamente.<\/li>\n\n\n\n<li>Vermeiden Sie anstrengende Aktivit\u00e4ten: Vermeiden Sie w\u00e4hrend der ersten Erholungsphase anstrengende Arbeiten und das Heben schwerer Lasten.<\/li>\n\n\n\n<li>Tragen Sie ein medizinisches Korsett: Es ist wichtig, das empfohlene medizinische Korsett wie angegeben zu tragen, um die Heilung zu unterst\u00fctzen.<\/li>\n\n\n\n<li>Haltung: Versuchen Sie, auf dem R\u00fccken zu liegen, insbesondere in den ersten Tagen nach der Operation.<\/li>\n\n\n\n<li>Trinken Sie ausreichend: Trinken Sie viel Wasser und andere Fl\u00fcssigkeiten, um ausreichend Fl\u00fcssigkeit zu erhalten.<\/li>\n<\/ul>\n\n\n\n<h4 class=\"wp-block-heading\">Vor- und Nachteile<\/h4>\n\n\n\n<p><strong>Nachteile<\/strong><\/p>\n\n\n\n<p>Die potenziellen Nachteile einer Gyn\u00e4komastie-Operation h\u00e4ngen von der Erfahrung des Chirurgen und der Einhaltung der postoperativen Anweisungen durch den Patienten ab. Ein gro\u00dfes Problem ist die M\u00f6glichkeit, dass die gew\u00fcnschten Ergebnisse nicht erzielt werden.<\/p>\n\n\n\n<p><strong>Vorteil<\/strong><\/p>\n\n\n\n<p>Bei erfolgreichem Eingriff kann die Operation das Selbstbewusstsein eines Mannes deutlich st\u00e4rken, da das unerw\u00fcnschte Erscheinungsbild des Brustgewebes, das in fortgeschrittenen F\u00e4llen an weibliche Br\u00fcste erinnern kann, beseitigt wird.<\/p>\n\n\n\n<p><strong>Nebenwirkungen<\/strong><\/p>\n\n\n\n<p>Bei manchen Patienten kann es nach der Operation zu einer Asymmetrie im Brustbereich kommen, oft aufgrund mangelnder Erfahrung des Chirurgen.<br>Nach dem Eingriff kann ein Taubheitsgef\u00fchl oder Kribbeln im Brustbereich auftreten.<br>Es k\u00f6nnen kleine Narben entstehen, die jedoch oft mit \u00e4rztlich verordneten Salben minimiert werden k\u00f6nnen.<\/p>\n\n\n\n<h3 class=\"wp-block-heading\">Gyn\u00e4komastie in der T\u00fcrkei, Istanbul<\/h3>\n\n\n\n<p>Die T\u00fcrkei, insbesondere Istanbul, ist ein beliebtes Reiseziel f\u00fcr Touristen, die medizinische Behandlung und Freizeiterlebnisse suchen. Dies liegt an verschiedenen Vorteilen, darunter eine gro\u00dfe Auswahl an Behandlungsm\u00f6glichkeiten, erfahrene \u00c4rzte, hochwertige Leistungen und faire Preise.<\/p>\n\n\n\n<p>Gyn\u00e4komastie ist ein kosmetischer Eingriff in der T\u00fcrkei. Die Kosten variieren je nach Klinik und liegen in der Regel zwischen 2.500 und 3.500 \u20ac.<\/p>\n\n\n\n<h4 class=\"wp-block-heading\">Kosten einer Gyn\u00e4komastie-OP in der T\u00fcrkei, Istanbul<\/h4>\n\n\n\n<p>Die Kosten einer Gyn\u00e4komastie-OP in der T\u00fcrkei h\u00e4ngen von mehreren Faktoren ab:<\/p>\n\n\n\n<p>Der Ruf der Klinik oder des Krankenhauses.<br>Die Erfahrung des Arztes.<br>Die Art der An\u00e4sthesie.<br>Zus\u00e4tzliche Leistungen im Paket enthalten: Einige Kliniken bieten Komplettpakete an, die Behandlung, Unterkunft und Transport beinhalten.<br>Bei Turk Aesthetic in Istanbul betragen die Kosten f\u00fcr eine Gyn\u00e4komastie-OP etwa 2.500 bis 3.500 \u20ac f\u00fcr Lokalan\u00e4sthesie und 2.500 \u20ac f\u00fcr Vollnarkose. Sie k\u00f6nnen das Team von Turk Aesthetic \u00fcber die Kontaktseite kontaktieren, um die Paketkosten inklusive Unterkunft und Transport zu erfragen.<\/p>\n\n\n\n<h2 class=\"wp-block-heading\">FAQ <\/h2>\n\n\n<div id=\"rank-math-faq\" class=\"rank-math-block\">\n<div class=\"rank-math-list \">\n<div id=\"faq-question-1677246890249\" class=\"rank-math-list-item\">\n<h3 class=\"rank-math-question \">Wie lange dauert eine Gyn\u00e4komastie-Operation?<\/h3>\n<div class=\"rank-math-answer \">\n\n<p>Der Eingriff dauert in der Regel etwa 2 bis 3 Stunden, abh\u00e4ngig von Schweregrad und Art der Gyn\u00e4komastie.<\/p>\n\n<\/div>\n<\/div>\n<div id=\"faq-question-1742990087308\" class=\"rank-math-list-item\">\n<h3 class=\"rank-math-question \">Wann sehe ich die Ergebnisse nach einer Brustverkleinerung beim Mann?<\/h3>\n<div class=\"rank-math-answer \">\n\n<p>Die Ergebnisse sind in der Regel sofort sichtbar und werden deutlicher, sobald die Wirkung der Operation nachl\u00e4sst.<\/p>\n\n<\/div>\n<\/div>\n<div id=\"faq-question-1742990094925\" class=\"rank-math-list-item\">\n<h3 class=\"rank-math-question \">Wie hoch ist die Erfolgsquote bei einer Gyn\u00e4komastie?<\/h3>\n<div class=\"rank-math-answer \">\n\n<p>Das Ergebnis h\u00e4ngt ma\u00dfgeblich von der Kompetenz des behandelnden Arztes und der Einhaltung der postoperativen Pflegeanweisungen durch den Patienten ab. Im Allgemeinen ist die Erfolgsquote bei diesem Eingriff h\u00f6her als bei anderen Operationen.<\/p>\n\n<\/div>\n<\/div>\n<div id=\"faq-question-1742990100000\" class=\"rank-math-list-item\">\n<h3 class=\"rank-math-question \">Welche Art der An\u00e4sthesie wird bei einer Brustverkleinerung beim Mann verwendet?<\/h3>\n<div class=\"rank-math-answer \">\n\n<p>Eine Gyn\u00e4komastie-Operation kann entweder unter Vollnarkose oder unter \u00f6rtlicher Bet\u00e4ubung durchgef\u00fchrt werden.<\/p>\n\n<\/div>\n<\/div>\n<div id=\"faq-question-1742990109302\" class=\"rank-math-list-item\">\n<h3 class=\"rank-math-question \">Was kostet eine Gyn\u00e4komastie in der T\u00fcrkei?<\/h3>\n<div class=\"rank-math-answer \">\n\n<p>Bei Turk Aesthetic in Istanbul liegen die Kosten zwischen 2.500 und 3.500 \u20ac.<\/p>\n\n<\/div>\n<\/div>\n<div id=\"faq-question-1742990115110\" class=\"rank-math-list-item\">\n<h3 class=\"rank-math-question \">Wie lange dauert die Erholungsphase nach einer Brustverkleinerung beim Mann?<\/h3>\n<div class=\"rank-math-answer \">\n\n<p>Die Erholungsphase betr\u00e4gt in der Regel etwa 5 bis 7 Tage.<\/p>\n\n<\/div>\n<\/div>\n<div id=\"faq-question-1742990120645\" class=\"rank-math-list-item\">\n<h3 class=\"rank-math-question \">Kann sich meine Brust nach einer Gyn\u00e4komastie-Operation vergr\u00f6\u00dfern oder absacken<\/h3>\n<div class=\"rank-math-answer \">\n\n<p>Nein, die Ergebnisse einer Gyn\u00e4komastie-Operation sind dauerhaft.<\/p>\n\n<\/div>\n<\/div>\n<div id=\"faq-question-1742990129315\" class=\"rank-math-list-item\">\n<h3 class=\"rank-math-question \">Wie lange sollte ich nach einer Brustverkleinerung ein Korsett tragen?<\/h3>\n<div class=\"rank-math-answer \">\n\n<p>Die empfohlene Tragedauer f\u00fcr ein Korsett betr\u00e4gt 45 bis 60 Tage.<\/p>\n\n<\/div>\n<\/div>\n<\/div>\n<\/div>\n\n\n<p>Schlie\u00dflich k\u00f6nnen Sie unser Team direkt \u00fcber den Link&nbsp;<a href=\"http:\/\/turkaesthetic.com\/de\/contact-us\/\" target=\"_blank\" rel=\"noreferrer noopener\"><strong>kontaktieren<\/strong><\/a>, um Informationen und Preise von&nbsp;<strong><a href=\"https:\/\/www.youtube.com\/channel\/UC0zggzdm5CFwpRMmn_CPpFQ\" target=\"_blank\" rel=\"noreferrer noopener\">Turk Aesthetic<\/a>&nbsp;<\/strong>anzufordern.<a href=\"http:\/\/turkaesthetic.com\/de\/surgeries-de\/lip-lifting\/\"><\/a><a href=\"http:\/\/turkaesthetic.com\/de\/non-surgical-de\/cheek-filler\/\"><\/a><\/p>\n\n\n\n<p><\/p>\n","protected":false},"excerpt":{"rendered":"<p>La Gyn\u00e4komastie est une intervention chirurgicale visant \u00e0 retirer l&#8217;exc\u00e8s de tissu mammaire chez l&#8217;homme, ce qui peut lui donner une forme ressemblant \u00e0 celle des seins f\u00e9minins. Cette affection peut engendrer g\u00eane et perte de confiance en soi. La gyn\u00e9comastie peut \u00eatre class\u00e9e en diff\u00e9rents degr\u00e9s&nbsp;: l\u00e9g\u00e8re, mod\u00e9r\u00e9e et s\u00e9v\u00e8re. L&#8217;approche chirurgicale varie selon [&hellip;]<\/p>\n","protected":false},"author":1,"featured_media":14391,"parent":0,"menu_order":0,"comment_status":"closed","ping_status":"closed","template":"","meta":{"footnotes":""},"dep":[],"class_list":["post-15773","page","type-page","status-publish","has-post-thumbnail","hentry"],"_links":{"self":[{"href":"https:\/\/www.turkaesthetic.com\/de\/wp-json\/wp\/v2\/pages\/15773","targetHints":{"allow":["GET"]}}],"collection":[{"href":"https:\/\/www.turkaesthetic.com\/de\/wp-json\/wp\/v2\/pages"}],"about":[{"href":"https:\/\/www.turkaesthetic.com\/de\/wp-json\/wp\/v2\/types\/page"}],"author":[{"embeddable":true,"href":"https:\/\/www.turkaesthetic.com\/de\/wp-json\/wp\/v2\/users\/1"}],"replies":[{"embeddable":true,"href":"https:\/\/www.turkaesthetic.com\/de\/wp-json\/wp\/v2\/comments?post=15773"}],"version-history":[{"count":0,"href":"https:\/\/www.turkaesthetic.com\/de\/wp-json\/wp\/v2\/pages\/15773\/revisions"}],"wp:featuredmedia":[{"embeddable":true,"href":"https:\/\/www.turkaesthetic.com\/de\/wp-json\/wp\/v2\/media\/14391"}],"wp:attachment":[{"href":"https:\/\/www.turkaesthetic.com\/de\/wp-json\/wp\/v2\/media?parent=15773"}],"wp:term":[{"taxonomy":"dep","embeddable":true,"href":"https:\/\/www.turkaesthetic.com\/de\/wp-json\/wp\/v2\/dep?post=15773"}],"curies":[{"name":"wp","href":"https:\/\/api.w.org\/{rel}","templated":true}]}}