{"id":15696,"date":"2021-12-30T13:20:04","date_gmt":"2021-12-30T10:20:04","guid":{"rendered":"http:\/\/turkaesthetic.com\/facelift\/"},"modified":"2025-03-27T13:49:32","modified_gmt":"2025-03-27T10:49:32","slug":"facelift","status":"publish","type":"page","link":"https:\/\/www.turkaesthetic.com\/de\/facelift\/","title":{"rendered":"Facelifting \u00a0"},"content":{"rendered":"\n<p>Ein <strong>Facelifting<\/strong> (Rhytidektomie) ist ein kosmetischer Eingriff, der altersbedingte Falten und schlaffe Gesichtshaut beseitigen und so zu einem jugendlicheren Aussehen f\u00fchren soll. Bei dieser Operation werden auch Hals und Kinn neu geformt. Der Eingriff dauert normalerweise 2 bis 4 Stunden und wird unter Vollnarkose durchgef\u00fchrt. Die Patienten m\u00fcssen nach der Operation normalerweise eine Nacht im Krankenhaus bleiben. Die Ergebnisse werden sichtbar, wenn die unmittelbaren Auswirkungen der Operation nachlassen und k\u00f6nnen zwischen 7 und 15 Jahren anhalten.<\/p>\n\n\n\n<figure class=\"wp-block-table\"><table><tbody><tr><td>An\u00e4sthesie<\/td><td>Allgemein<\/td><\/tr><tr><td>Verfahrensdauer<\/td><td>2-4 Stunden<\/td><\/tr><tr><td>Ergebnisse<\/td><td>Sofort \/ 10 Jahre Ca.<\/td><\/tr><tr><td>Rekonvaleszenz<\/td><td>7-10 Tage<\/td><\/tr><tr><td>Aufenthalt im Krankenhaus<\/td><td>1 Nacht<\/td><\/tr><\/tbody><\/table><\/figure>\n\n\n\n<h2 class=\"wp-block-heading\">Wie wird ein Facelifting  durchgef\u00fchrt?<\/h2>\n\n\n\n<p>Erfahrene Chirurgen kombinieren ein Facelifting  oft mit einer Augenlidstraffung, um bessere Ergebnisse zu erzielen. Die Operation beginnt mit einem Einschnitt am Haaransatz \u00fcber und vor dem Ohr (Schl\u00e4fenregion). Der Einschnitt verl\u00e4uft nach unten, biegt sich dann hinter dem Ohr und endet schlie\u00dflich am Haaransatz hinter dem Ohr.<\/p>\n\n\n\n<p>W\u00e4hrend des Eingriffs hebt der Chirurg die Haut und das Fettgewebe vom darunter liegenden Muskel- und Bindegewebe ab, um die schlaffe Haut zu behandeln. Die Haut wird dann nach hinten und oben gezogen, wobei \u00fcbersch\u00fcssiges Gewebe entfernt wird. Sobald die Anpassungen vorgenommen wurden, wird der Einschnitt mit N\u00e4hten und kosmetischen N\u00e4hten geschlossen, die sich mit der Zeit aufl\u00f6sen. In einigen F\u00e4llen k\u00f6nnen Chirurgen je nach Situation einen speziellen Drainageschlauch in die Wunden legen, um die Fl\u00fcssigkeitsansammlung zu behandeln.<\/p>\n\n\n\n<h3 class=\"wp-block-heading\">Operationsvideo<\/h3>\n\n\n\n<p>Nachfolgend sehen Sie ein Video eines Facelifting \u00a0-Eingriffs.<\/p>\n\n\n\n<figure class=\"wp-block-embed is-type-video is-provider-youtube wp-block-embed-youtube wp-embed-aspect-16-9 wp-has-aspect-ratio\"><div class=\"wp-block-embed__wrapper\">\n<iframe loading=\"lazy\" title=\"Facelift - Turk Aesthetic\" width=\"800\" height=\"450\" src=\"https:\/\/www.youtube.com\/embed\/He0foU7OQBs?feature=oembed\" frameborder=\"0\" allow=\"accelerometer; autoplay; clipboard-write; encrypted-media; gyroscope; picture-in-picture; web-share\" referrerpolicy=\"strict-origin-when-cross-origin\" allowfullscreen><\/iframe>\n<\/div><figcaption class=\"wp-element-caption\">Facelifting &nbsp;<\/figcaption><\/figure>\n\n\n\n<h2 class=\"wp-block-heading\">Nicht-chirurgische Facelifting &nbsp;-Optionen<\/h2>\n\n\n\n<p>Ein Facelift kann ohne Operation durchgef\u00fchrt werden. Diese nicht-chirurgischen Methoden sind f\u00fcr ihre Einfachheit und schnellen Ergebnisse bekannt; es ist jedoch wichtig zu beachten, dass sie normalerweise keine langanhaltenden Effekte erzielen und f\u00fcr fortgeschrittene F\u00e4lle m\u00f6glicherweise nicht geeignet sind. Zu den nicht-chirurgischen Facelift-Methoden geh\u00f6ren:<\/p>\n\n\n\n<ul class=\"wp-block-list\">\n<li><a href=\"https:\/\/www.turkaesthetic.com\/de\/botox\/\" data-type=\"page\" data-id=\"15911\" target=\"_blank\" rel=\"noreferrer noopener\">Botox<\/a>.<\/li>\n\n\n\n<li>Laser.<\/li>\n\n\n\n<li><a href=\"https:\/\/www.turkaesthetic.com\/de\/non-surgical-de\/hifu-in-turkey\/\" data-type=\"post\" data-id=\"26254\" target=\"_blank\" rel=\"noreferrer noopener\">HIFU<\/a>.<\/li>\n\n\n\n<li><a href=\"https:\/\/www.turkaesthetic.com\/de\/non-surgical-de\/endolift-in-turkey\/\" data-type=\"post\" data-id=\"44216\" target=\"_blank\" rel=\"noreferrer noopener\">Endolift<\/a>.<\/li>\n<\/ul>\n\n\n\n<p><strong>Wer kann sich dem Eingriff unterziehen?<\/strong><\/p>\n\n\n\n<p>Personen, die bei guter Gesundheit sind, \u00fcber 20 Jahre alt sind und aufgrund genetischer oder umweltbedingter Faktoren Gesichtsfalten entwickelt haben, die zu einem gealterten oder unattraktiven Aussehen beitragen, k\u00f6nnen diesen Eingriff in Betracht ziehen, um ihr Selbstvertrauen wiederherzustellen. Diese Falten k\u00f6nnen zu Verlegenheitsgef\u00fchlen und einem verminderten Selbstwertgef\u00fchl f\u00fchren.<\/p>\n\n\n\n<p><strong>Wer kann sich dem nicht unterziehen?<\/strong><\/p>\n\n\n\n<p>Personen, die unter 20 Jahre alt sind. Personen mit einer chronischen oder ansteckenden Krankheit<br>F\u00fcr Personen mit leichten Falten, die keine chirurgischen Eingriffe erfordern, stehen einfachere Optionen zur Verf\u00fcgung, um diese zu verbergen. Behandlungen wie Botox-Injektionen und eine gute K\u00f6rperpflege k\u00f6nnen wirksam sein. Viele warten lieber, bis sie \u00e4lter sind, um fortgeschrittenere Verfahren in Betracht zu ziehen.<\/p>\n\n\n\n<h3 class=\"wp-block-heading\">Der Arzt, der Facelifting &nbsp;ft-Operationen durchf\u00fchrt<\/h3>\n\n\n\n<p>Ein Facelift ist ein kosmetischer Eingriff, der nur von einem qualifizierten plastischen Chirurgen mit entsprechender Erfahrung durchgef\u00fchrt werden sollte. Chirurgen anderer Fachrichtungen sind nicht f\u00fcr diese Operation ausgebildet. Bei der Auswahl eines Krankenhauses oder einer medizinischen Klinik f\u00fcr den Eingriff ist es wichtig, eine zuverl\u00e4ssige Einrichtung zu w\u00e4hlen, die einen hohen Standard an Sauberkeit und Sterilisation aufrechterh\u00e4lt und \u00fcber einen hochqualifizierten Chirurgen verf\u00fcgt.<\/p>\n\n\n\n<p>Die hohen Kosten f\u00fcr Facelifts k\u00f6nnen die Qualit\u00e4t und Glaubw\u00fcrdigkeit der Klinik widerspiegeln. Daher ist es ratsam, nicht \u00fcber den Preis des Eingriffs zu verhandeln oder zu feilschen.<\/p>\n\n\n\n<figure class=\"wp-block-image size-full\"><img loading=\"lazy\" decoding=\"async\" width=\"1024\" height=\"683\" src=\"http:\/\/turkaesthetic.com\/wp-content\/uploads\/2021\/12\/face-lift.webp\" alt=\"Facelifting in der T\u00fcrkei\" class=\"wp-image-14653\"\/><figcaption class=\"wp-element-caption\">Facelifting<\/figcaption><\/figure>\n\n\n\n<h3 class=\"wp-block-heading\">An\u00e4sthesiearten<\/h3>\n\n\n\n<p>Eine Gesichtsstraffung kann nur unter Vollnarkose durchgef\u00fchrt werden. Patienten d\u00fcrfen sechs Stunden vor der Operation nichts essen oder trinken, um Magenbeschwerden beim Aufwachen zu vermeiden. Nach dem Eingriff bleibt der Patient eine Nacht unter Vollnarkose im Krankenhaus.<\/p>\n\n\n\n<h4 class=\"wp-block-heading\">Schritte der Gesichtsstraffung<\/h4>\n\n\n<div id=\"rank-math-howto\" class=\"rank-math-block\" >\n<div class=\"rank-math-howto-description\">\n\n<p>Die Operation durchl\u00e4uft wie andere Operationen drei Phasen:<\/p>\n\n<\/div>\n<p class=\"rank-math-howto-duration\"><strong>Gesamtzeit:<\/strong> <span>3 Stunden<\/span><\/p>\n<div class=\"rank-math-steps \">\n<div id=\"howto-step-1677508037709\" class=\"rank-math-step\">\n<h3 class=\"rank-math-step-title \"><strong>Vor dem Prozess<\/strong><\/h3>\n<div class=\"rank-math-step-content \"><p>Bevor Sie sich der Operation unterziehen, m\u00fcssen Sie Ihren Arzt unbedingt \u00fcber chronische Krankheiten, Medikamente, die Sie derzeit einnehmen, und fr\u00fchere Operationen informieren. Es ist wichtig, vollst\u00e4ndige und genaue Informationen \u00fcber Ihren Gesundheitszustand bereitzustellen. Hier sind einige wichtige Anweisungen, die Sie befolgen sollten:<br \/>1- Besprechen Sie vor dem Eingriff mit Ihrem Arzt die erwarteten Ergebnisse.<br \/>2- Vermeiden Sie mindestens sechs Stunden vor der Operation Essen und Trinken, wenn Sie eine Vollnarkose erhalten.<br \/>3- Informieren Sie Ihren Arzt \u00fcber alle Medikamente, die Sie regelm\u00e4\u00dfig einnehmen.<br \/>4- Verzichten Sie mindestens eine Woche vor der Operation auf Alkohol und Rauchen.<br \/>5- Sprechen Sie mit Ihrem Arzt \u00fcber das Absetzen blutverd\u00fcnnender Medikamente wie Aspirin.<br \/>6- Tragen Sie am Tag der Operation bequeme Kleidung.<\/p>\n<\/div>\n<\/div>\n<div id=\"howto-step-1677508075178\" class=\"rank-math-step\">\n<h3 class=\"rank-math-step-title \"><strong>W\u00e4hrend des Prozesses<\/strong><\/h3>\n<div class=\"rank-math-step-content \"><p>Nach der Verabreichung einer Vollnarkose macht der Chirurg einen Einschnitt, der am Haaransatz \u00fcber und vor dem Ohr (der Schl\u00e4fenregion) beginnt. Dieser Einschnitt verl\u00e4uft nach unten bis unter das Ohr, biegt sich dann hinter dem Ohr nach oben und endet am Haaransatz dahinter.<br \/>Der Chirurg hebt dann nach Bedarf Haut und Fettgewebe vom darunter liegenden Muskel- und Bindegewebe an, um das Problem der schlaffen Haut zu beheben. Die Haut wird nach hinten und oben gezogen und \u00fcbersch\u00fcssiges Gewebe wird entfernt. Schlie\u00dflich wird die Wunde mit N\u00e4hten und kosmetischen N\u00e4hten geschlossen, die sich mit der Zeit aufl\u00f6sen. Manchmal kann der Chirurg einen speziellen Schlauch in die Wunde legen, um Fl\u00fcssigkeiten abflie\u00dfen zu lassen.<\/p>\n<\/div>\n<\/div>\n<div id=\"howto-step-1677508085251\" class=\"rank-math-step\">\n<h3 class=\"rank-math-step-title \"><strong>Nach dem Prozess<\/strong><\/h3>\n<div class=\"rank-math-step-content \"><p>Nach der Operation muss der Patient ein oder zwei N\u00e4chte im Krankenhaus bleiben. Der plastische Chirurg gibt genaue Anweisungen, und je besser der Patient diese Richtlinien befolgt, desto erfolgreicher sind die Ergebnisse. Hier sind einige wichtige \u00dcberlegungen:<br \/>1- Ruhe: Sorgen Sie f\u00fcr vollst\u00e4ndige Ruhe. Nehmen Sie alle Medikamente wie von Ihrem Arzt verschrieben ein, einschlie\u00dflich Schmerzmittel und Entz\u00fcndungshemmer, um Komplikationen zu minimieren.<br \/>2- Rauchen und Medikamente: Reduzieren oder beenden Sie das Rauchen und setzen Sie blutverd\u00fcnnende Medikamente ab, wie von Ihrem Arzt empfohlen.<br \/>3- Fl\u00fcssigkeitszufuhr: Trinken Sie viel Fl\u00fcssigkeit, um die Genesung zu unterst\u00fctzen und eine schnellere Wundheilung zu f\u00f6rdern.<br \/>4- Schlafposition: Sorgen Sie nach der Operation f\u00fcr ausreichend Schlaf und liegen Sie nur f\u00fcr die von Ihrem Arzt angegebene Dauer auf dem R\u00fccken.<br \/>5- Wundpflege: Achten Sie auf eine sorgf\u00e4ltige Wundpflege, um eine ordnungsgem\u00e4\u00dfe Heilung zu gew\u00e4hrleisten.<\/p>\n<\/div>\n<\/div>\n<\/div>\n<\/div>\n<p class=\"rank-math-howto-estimatedCost\"><strong>Gesch\u00e4tzte Kosten:<\/strong> <span>3250 Euro<\/span><\/p>\n\n\n\n\n\n<h3 class=\"wp-block-heading\">Vor und nach dem Facelift<\/h3>\n\n\n\n<p>Hier sind einige Vorher- und Nachher-Fotos des Faceliftings, das bei Turk Aesthetic durchgef\u00fchrt wurde.<\/p>\n\n\n\n<figure class=\"wp-block-gallery has-nested-images columns-default is-cropped wp-block-gallery-1 is-layout-flex wp-block-gallery-is-layout-flex\">\n<figure class=\"wp-block-image size-large\"><img loading=\"lazy\" decoding=\"async\" width=\"1200\" height=\"800\" data-id=\"50368\" src=\"https:\/\/www.turkaesthetic.com\/wp-content\/uploads\/2024\/01\/Face-lift-before-after-6.webp\" alt=\"Vor und nach dem Facelift in T\u00fcrkiye\" class=\"wp-image-50368\"\/><figcaption class=\"wp-element-caption\">Vor und nach dem Facelift<\/figcaption><\/figure>\n\n\n\n<figure class=\"wp-block-image size-large\"><img loading=\"lazy\" decoding=\"async\" width=\"1200\" height=\"800\" data-id=\"45522\" src=\"https:\/\/www.turkaesthetic.com\/wp-content\/uploads\/2023\/11\/before-after-face-lift-3.jpg\" alt=\"Vor und nach dem Facelift in T\u00fcrkiye\" class=\"wp-image-45522\"\/><figcaption class=\"wp-element-caption\">Vor und nach dem Facelift<\/figcaption><\/figure>\n<\/figure>\n\n\n\n<h2 class=\"wp-block-heading\">Facelift-Techniken<\/h2>\n\n\n\n<p><strong>Facelifting mit Botox<\/strong><\/p>\n\n\n\n<p>Botox wird in mehreren Bereichen eingesetzt, darunter in der Kosmetik und in der Therapie, und es wird gleichzeitig gemischt. Botox wird verwendet, um oberfl\u00e4chliche und leichte F\u00e4ltchen in Gesichtspartien wie der Stirn und den Augenr\u00e4ndern zu beseitigen. Manchmal wird es auch im Hals- oder Nackenbereich verwendet, um F\u00e4ltchen und einen straffen Gaumen zu beseitigen. Diese Technik wird als Nefertiti-Technik bezeichnet. Die Ergebnisse einer Botox-Sitzung halten etwa 4 bis 6 Monate an.<\/p>\n\n\n\n<p><strong>Facelifting mit Laser<\/strong><\/p>\n\n\n\n<p>Das Facelifting mit Laser hat sich zu einer beliebten Alternative bei kosmetischen Eingriffen entwickelt, weit entfernt von seiner fr\u00fcheren Unbeliebtheit aufgrund der hohen Kosten. Bei dieser Behandlung wird Lasertechnologie verwendet, um Strahlen auszusenden, die die Hautzellen stimulieren und die Kollagenproduktion f\u00f6rdern. Dadurch erscheint die Haut strahlender und jugendlicher. Jede Sitzung mit einem Facelifting mit Laser dauert etwa 30 bis 45 Minuten, und es sind mehrere Sitzungen erforderlich, um die Ergebnisse \u00fcber einen l\u00e4ngeren Zeitraum aufrechtzuerhalten.<\/p>\n\n\n\n<p><strong>Faden<\/strong><\/p>\n\n\n\n<p>Das Facelifting mit F\u00e4den eignet sich am besten f\u00fcr leichte bis mittelschwere Falten und ist nicht wirksam bei komplexer Erschlaffung. Die Idee hinter einem Fadenlifting besteht darin, sichtbar schlaffe Haut mit medizinischen F\u00e4den zu straffen, was mittelfristige Ergebnisse liefert. Die Dauer dieser Ergebnisse variiert je nach Qualit\u00e4t der F\u00e4den. Die Ergebnisse k\u00f6nnen mit F\u00e4den in Standardqualit\u00e4t bis zu zwei Jahre anhalten, w\u00e4hrend F\u00e4den in hoher Qualit\u00e4t etwa f\u00fcnf Jahre halten k\u00f6nnen. Patienten k\u00f6nnen sich daf\u00fcr entscheiden, den Eingriff zu wiederholen, sobald die Erschlaffung wieder sichtbar wird. W\u00e4hrend des Eingriffs wird eine Lokalan\u00e4sthesie angewendet.<\/p>\n\n\n\n<figure class=\"wp-block-image size-full\"><img loading=\"lazy\" decoding=\"async\" width=\"1024\" height=\"682\" src=\"http:\/\/turkaesthetic.com\/wp-content\/uploads\/2021\/12\/facelift-doctor.webp\" alt=\"Facelifting in der t\u00fcrkei\" class=\"wp-image-14696\"\/><figcaption class=\"wp-element-caption\">Facelifting<\/figcaption><\/figure>\n\n\n\n<p><strong>HIFU<\/strong><\/p>\n\n\n\n<p>Die Technologie (High-Intensity Focused Ultrasound) verwendet fokussierte Ultraschallwellen zur Behandlung schlaffer Haut und Falten. Diese Wellen dringen tief in die Haut ein und regen sie an, sich zu straffen, was zur Wiederherstellung der Elastizit\u00e4t beitr\u00e4gt und die Kollagenproduktion f\u00fcr ein verbessertes Hautbild anregt. Die Ergebnisse der HIFU-Facelift-Technik halten im Allgemeinen etwa ein Jahr an und jede Sitzung dauert etwa 30 bis 45 Minuten.<\/p>\n\n\n\n<p><strong>Nicht-chirurgisches Facelifting mit Endolift<\/strong><\/p>\n\n\n\n<p>Endolift ist ein nicht-chirurgisches Facelifting, bei dem Laserenergie verwendet wird, um die Haut zu straffen, die Kollagenproduktion anzuregen und Fett zu reduzieren. Dabei wird eine d\u00fcnne Laserfaser unter die Haut eingef\u00fchrt, um Lifting- und Konturierungseffekte zu erzielen. Es ist minimal invasiv, erfordert keine Ausfallzeit und verbessert mit der Zeit die Hautelastizit\u00e4t.<\/p>\n\n\n\n<p><strong>Mini-Facelifting<\/strong><\/p>\n\n\n\n<p>Ein komplettes Facelifting ist m\u00f6glicherweise nicht erforderlich; es kann ein mittleres oder Mini-Facelifting durchgef\u00fchrt werden. Bei diesem Verfahren wird ein kleiner Einschnitt im unteren Augenlidbereich vorgenommen und in seltenen F\u00e4llen kann es auch von der Mundinnenseite aus durchgef\u00fchrt werden. Ziel ist es, die Wangenmuskeln anzuheben, die aufgrund von Alterung, Gewichtsverlust oder anderen Faktoren erschlafft sein k\u00f6nnen, um den Wangen ein jugendlicheres Aussehen zu verleihen. Das Mini-Facelifting wird normalerweise unter Vollnarkose durchgef\u00fchrt und dauert im Durchschnitt etwa zwei Stunden.<\/p>\n\n\n\n<p><strong>Die Operation<\/strong><\/p>\n\n\n\n<p>Das Facelifting ist eine beliebte plastische Chirurgieoption, die in fortgeschrittenen F\u00e4llen angewendet wird, in denen Gesichtsfalten mit nicht-chirurgischen Techniken nicht wirksam behandelt werden k\u00f6nnen. Es gilt als radikalere L\u00f6sung zur Behandlung schlaffer Gesichtshaut.<\/p>\n\n\n\n<h3 class=\"wp-block-heading\">Anweisungen nach der Gesichtsstraffung<\/h3>\n\n\n\n<p>Nach einer Gesichtsstraffung sind viele Anweisungen zu befolgen, die wichtigsten davon sind:<\/p>\n\n\n\n<ul class=\"wp-block-list\">\n<li>Befolgen Sie strikt die Anweisungen des Arztes und nehmen Sie Medikamente p\u00fcnktlich ein.<\/li>\n\n\n\n<li>Vermeiden Sie direkte Sonneneinstrahlung oder Hitze.<\/li>\n\n\n\n<li>Vermeiden Sie Make-up und waschen Sie das Gesicht nur mit kaltem Wasser ohne Seife.<\/li>\n\n\n\n<li>Schlafen Sie nur auf dem R\u00fccken und schlafen Sie ruhig.<\/li>\n\n\n\n<li>Trinken Sie viel Wasser und Fl\u00fcssigkeit.<\/li>\n\n\n\n<li>Verpflichten Sie sich, das vom Arzt verschriebene Korsett w\u00e4hrend des angegebenen Zeitraums zu tragen.<\/li>\n<\/ul>\n\n\n\n<h2 class=\"wp-block-heading\">Vor- und Nachteile eines Facelifts<\/h2>\n\n\n\n<p><strong>Nachteile<\/strong><\/p>\n\n\n\n<p>Die negativen Aspekte eines Facelifts treten immer h\u00e4ufiger auf. Diese Probleme sind h\u00e4ufig auf die Erfahrung des Chirurgen und die mangelnde Befolgung der postoperativen Anweisungen durch den Patienten zur\u00fcckzuf\u00fchren. Eine der gr\u00f6\u00dften Sorgen ist die M\u00f6glichkeit, dass die gew\u00fcnschten Ergebnisse nicht erzielt werden. In seltenen F\u00e4llen kann auch eine Symmetriest\u00f6rung zwischen den beiden Gesichtsh\u00e4lften auftreten.<\/p>\n\n\n\n<p><strong>Vorteile<\/strong><\/p>\n\n\n\n<p>Auf der positiven Seite versp\u00fcren Patienten bei erfolgreichem Eingriff h\u00e4ufig einen Zuwachs an Selbstbewusstsein aufgrund der Verringerung der Gesichtsfalten, was zu einem jugendlicheren und attraktiveren Aussehen f\u00fchrt.<\/p>\n\n\n\n<p><strong>Nebenwirkungen<\/strong><\/p>\n\n\n\n<p>Es gibt jedoch einige Nebenwirkungen, die Sie beachten sollten, darunter:<\/p>\n\n\n\n<ul class=\"wp-block-list\">\n<li>Schwellung und R\u00f6tung im Gesicht.<\/li>\n\n\n\n<li>Leichter Juckreiz an der Operationsnaht.<\/li>\n\n\n\n<li>Unwohlsein w\u00e4hrend der ersten Woche.<\/li>\n\n\n\n<li>Vor\u00fcbergehende Taubheit.<\/li>\n<\/ul>\n\n\n\n<h3 class=\"wp-block-heading\">Facelift-Operation in der T\u00fcrkei, Istanbul<\/h3>\n\n\n\n<p>Die T\u00fcrkei, insbesondere Istanbul, ist ein beliebtes Reiseziel f\u00fcr Touristen, die medizinische Behandlung und Freizeit suchen. Diese doppelte Attraktivit\u00e4t ist auf mehrere Vorteile zur\u00fcckzuf\u00fchren, darunter eine breite Palette an Optionen, das Fachwissen medizinischer Fachkr\u00e4fte, hochwertiger Service und angemessene Preise.<\/p>\n\n\n\n<p>Facelift-Operationen in der T\u00fcrkei geh\u00f6ren zu den gefragtesten kosmetischen Eingriffen, wobei die Kosten je nach Klinik und spezifischen Operationsdetails variieren und normalerweise zwischen 3.500 und 4.500 Euro liegen.<\/p>\n\n\n\n<h4 class=\"wp-block-heading\">Kosten f\u00fcr Facelift<\/h4>\n\n\n\n<p>Die Kosten f\u00fcr ein Facelift variieren von Ort zu Ort je nach mehreren Faktoren:<\/p>\n\n\n\n<ul class=\"wp-block-list\">\n<li>Der Ruf der medizinischen Klinik oder des Krankenhauses.<\/li>\n\n\n\n<li>Die Erfahrung des Arztes.<\/li>\n\n\n\n<li>Details des Eingriffs.<\/li>\n\n\n\n<li>Die damit verbundenen Dienstleistungen der Klinik, da einige Kliniken Pakete anbieten, die Behandlung, Unterkunft und Transport beinhalten.<\/li>\n\n\n\n<li>Bei Turk Aesthetic, werden die Kosten f\u00fcr die Facelift-Operation anhand der Details des Eingriffs bestimmt und beginnen bei 3.500 \u2013 4.500 Euro.<\/li>\n<\/ul>\n\n\n\n<p>Sie k\u00f6nnen das Team von Turk Aesthetic \u00fcber die Kontaktseite kontaktieren, um die Paketkosten einschlie\u00dflich Unterkunft und Transport anzufragen.<\/p>\n\n\n\n<h2 class=\"wp-block-heading\">FAQ<\/h2>\n\n\n<div id=\"rank-math-faq\" class=\"rank-math-block\">\n<div class=\"rank-math-list \">\n<div id=\"faq-question-1677508178400\" class=\"rank-math-list-item\">\n<h3 class=\"rank-math-question \">Wie lange dauert ein Facelift?<\/h3>\n<div class=\"rank-math-answer \">\n\n<p>Je nach Operationsdetails dauert es etwa 2-4 Stunden.<\/p>\n\n<\/div>\n<\/div>\n<div id=\"faq-question-1738922045258\" class=\"rank-math-list-item\">\n<h3 class=\"rank-math-question \">Wann wird das Ergebnis der Facelift-Operation sichtbar?<\/h3>\n<div class=\"rank-math-answer \">\n\n<p>Die Ergebnisse des Eingriffs sind unmittelbar nach der Operation sichtbar.<\/p>\n\n<\/div>\n<\/div>\n<div id=\"faq-question-1738922045961\" class=\"rank-math-list-item\">\n<h3 class=\"rank-math-question \">Wie hoch ist die Erfolgsrate eines Facelifts?<\/h3>\n<div class=\"rank-math-answer \">\n\n<p>Der Erfolg des Eingriffs h\u00e4ngt weitgehend von den Operationsf\u00e4higkeiten des Chirurgen und der Einhaltung der postoperativen medizinischen Anweisungen durch den Patienten ab. Insgesamt ist die Erfolgsrate dieser Operation h\u00f6her als bei anderen Operationen.<\/p>\n\n<\/div>\n<\/div>\n<div id=\"faq-question-1738922067584\" class=\"rank-math-list-item\">\n<h3 class=\"rank-math-question \">Welche Art der An\u00e4sthesie wird bei einem Facelift verwendet?<\/h3>\n<div class=\"rank-math-answer \">\n\n<p>Ein Facelift kann unter Vollnarkose durchgef\u00fchrt werden.<\/p>\n\n<\/div>\n<\/div>\n<div id=\"faq-question-1738922077291\" class=\"rank-math-list-item\">\n<h3 class=\"rank-math-question \">Was kostet ein Facelift?<\/h3>\n<div class=\"rank-math-answer \">\n\n<p>Bei Turk Aesthetic kostet ein Facelift zwischen 3500 und 4500 Euro.<\/p>\n\n<\/div>\n<\/div>\n<div id=\"faq-question-1738922083774\" class=\"rank-math-list-item\">\n<h3 class=\"rank-math-question \">Wie lange dauert die Erholungsphase nach einer Facelift-Operation?<\/h3>\n<div class=\"rank-math-answer \">\n\n<p>Sie dauert etwa eine Woche bis zehn Tage.<\/p>\n\n<\/div>\n<\/div>\n<div id=\"faq-question-1738922091703\" class=\"rank-math-list-item\">\n<h3 class=\"rank-math-question \">Sind die Ergebnisse eines Facelift-Eingriffs dauerhaft?<\/h3>\n<div class=\"rank-math-answer \">\n\n<p>Ein Facelift ist eine radikale L\u00f6sung, um Falten und schlaffe Haut loszuwerden; die Ergebnisse k\u00f6nnen zwischen 8 und 15 Jahren anhalten.<\/p>\n\n<\/div>\n<\/div>\n<div id=\"faq-question-1738922099552\" class=\"rank-math-list-item\">\n<h3 class=\"rank-math-question \">Was kostet ein Facelift ohne Operation?<\/h3>\n<div class=\"rank-math-answer \">\n\n<p>Die Kosten variieren je nach Art der verwendeten Technik.<\/p>\n\n<\/div>\n<\/div>\n<div id=\"faq-question-1738922106269\" class=\"rank-math-list-item\">\n<h3 class=\"rank-math-question \">Was kostet ein Facelift mit Botox?<\/h3>\n<div class=\"rank-math-answer \">\n\n<p>Die Kosten f\u00fcr eine Botox-Injektion betragen 190 Euro. F\u00fcr ein Facelift mit Botox sind m\u00f6glicherweise etwa 2 \u2013 3 Injektionen erforderlich.<\/p>\n\n<\/div>\n<\/div>\n<\/div>\n<\/div>\n\n\n<p>Schlie\u00dflich k\u00f6nnen Sie unser Team direkt \u00fcber den Link&nbsp;<a href=\"http:\/\/turkaesthetic.com\/de\/contact-us\/\" target=\"_blank\" rel=\"noreferrer noopener\">kontaktieren<\/a>, um Informationen und Preise von&nbsp;<a href=\"https:\/\/www.youtube.com\/channel\/UC0zggzdm5CFwpRMmn_CPpFQ\" target=\"_blank\" rel=\"noreferrer noopener\">Turk Aesthetic<\/a>&nbsp;anzufordern.<a href=\"http:\/\/turkaesthetic.com\/de\/surgeries-de\/lip-lifting\/\"><\/a><a href=\"http:\/\/turkaesthetic.com\/de\/non-surgical-de\/cheek-filler\/\"><\/a><\/p>\n","protected":false},"excerpt":{"rendered":"<p>Ein Facelifting (Rhytidektomie) ist ein kosmetischer Eingriff, der altersbedingte Falten und schlaffe Gesichtshaut beseitigen und so zu einem jugendlicheren Aussehen f\u00fchren soll. Bei dieser Operation werden auch Hals und Kinn neu geformt. Der Eingriff dauert normalerweise 2 bis 4 Stunden und wird unter Vollnarkose durchgef\u00fchrt. Die Patienten m\u00fcssen nach der Operation normalerweise eine Nacht im [&hellip;]<\/p>\n","protected":false},"author":1,"featured_media":14636,"parent":0,"menu_order":0,"comment_status":"closed","ping_status":"closed","template":"","meta":{"footnotes":""},"dep":[1354],"class_list":["post-15696","page","type-page","status-publish","has-post-thumbnail","hentry","dep-plastic-surgeries"],"_links":{"self":[{"href":"https:\/\/www.turkaesthetic.com\/de\/wp-json\/wp\/v2\/pages\/15696","targetHints":{"allow":["GET"]}}],"collection":[{"href":"https:\/\/www.turkaesthetic.com\/de\/wp-json\/wp\/v2\/pages"}],"about":[{"href":"https:\/\/www.turkaesthetic.com\/de\/wp-json\/wp\/v2\/types\/page"}],"author":[{"embeddable":true,"href":"https:\/\/www.turkaesthetic.com\/de\/wp-json\/wp\/v2\/users\/1"}],"replies":[{"embeddable":true,"href":"https:\/\/www.turkaesthetic.com\/de\/wp-json\/wp\/v2\/comments?post=15696"}],"version-history":[{"count":0,"href":"https:\/\/www.turkaesthetic.com\/de\/wp-json\/wp\/v2\/pages\/15696\/revisions"}],"wp:featuredmedia":[{"embeddable":true,"href":"https:\/\/www.turkaesthetic.com\/de\/wp-json\/wp\/v2\/media\/14636"}],"wp:attachment":[{"href":"https:\/\/www.turkaesthetic.com\/de\/wp-json\/wp\/v2\/media?parent=15696"}],"wp:term":[{"taxonomy":"dep","embeddable":true,"href":"https:\/\/www.turkaesthetic.com\/de\/wp-json\/wp\/v2\/dep?post=15696"}],"curies":[{"name":"wp","href":"https:\/\/api.w.org\/{rel}","templated":true}]}}