{"id":15653,"date":"2022-01-03T13:56:25","date_gmt":"2022-01-03T10:56:25","guid":{"rendered":"http:\/\/turkaesthetic.com\/tummy-tuck\/"},"modified":"2025-03-07T13:57:50","modified_gmt":"2025-03-07T10:57:50","slug":"tummy-tuck","status":"publish","type":"page","link":"https:\/\/www.turkaesthetic.com\/de\/tummy-tuck\/","title":{"rendered":"Bauchdeckenstraffung"},"content":{"rendered":"\n<p>Eine <strong>Bauchstraffung<\/strong> (Abdominoplastik) ist eine <a href=\"https:\/\/www.turkaesthetic.com\/de\/plastic-surgeries\/\" target=\"_blank\" data-type=\"page\" data-id=\"28020\" rel=\"noreferrer noopener\">plastische Operation,<\/a> bei der \u00fcbersch\u00fcssiges Fett und Haut entfernt und schlaffe Muskeln gestrafft werden, um einen flacheren, strafferen Bauch zu schaffen. Dar\u00fcber hinaus hilft der Eingriff, durch Gewichtszunahme verursachte Falten und schlaffe Haut zu beseitigen, was zu einem jugendlicheren Aussehen f\u00fchrt.<\/p>\n\n\n\n<p>Der Eingriff dauert je nach Einzelfall normalerweise 2 bis 3 Stunden und wird unter Vollnarkose durchgef\u00fchrt, was einen Krankenhausaufenthalt von einer Nacht erfordert. Die Ergebnisse werden sofort sichtbar, sobald die postoperativen Auswirkungen nachlassen.<\/p>\n\n\n\n<figure class=\"wp-block-table\"><table><tbody><tr><td>An\u00e4sthesie<\/td><td>Allgemein<\/td><\/tr><tr><td>Verfahrensdauer<\/td><td>2-3 Stunden<\/td><\/tr><tr><td>Ergebnisse<\/td><td>Sofort<\/td><\/tr><tr><td>Rekonvaleszenz<\/td><td>7-10 Tage<\/td><\/tr><tr><td>Aufenthalt im Krankenhaus<\/td><td>1 Nacht<\/td><\/tr><\/tbody><\/table><figcaption class=\"wp-element-caption\">Bauchdeckenstraffung in Der T\u00fcrkei<\/figcaption><\/figure>\n\n\n\n<h2 class=\"wp-block-heading\">Wie wird eine Bauchdeckenstraffung in der T\u00fcrkei durchgef\u00fchrt?<\/h2>\n\n\n\n<p>Viele Menschen tr\u00e4umen davon, durch Sport, Gewichtskontrolle und Di\u00e4ten einen flachen Bauch mit prominenten sechseckigen Muskeln zu haben, aber leider reichen diese Methoden nicht aus, sodass die Bauchdeckenstraffung die perfekte L\u00f6sung ist. Das Ziel der Operation ist nicht, Gewicht zu verlieren, sondern nur Fett und Absacken loszuwerden, die durch Alterung, postpartale Ergebnisse oder was nach einer signifikanten Gewichtsabnahme und manchmal als Folge fr\u00fcherer Operationen passiert ist, die Bauchstraffung ist ein erg\u00e4nzendes Verfahren.n.<\/p>\n\n\n\n<h3 class=\"wp-block-heading\">Video Bauchdeckenstraffung<\/h3>\n\n\n\n<p>Unten ist ein Video der Bauchdeckenstraffung in der T\u00fcrkei, Istanbul.<\/p>\n\n\n\n<figure class=\"wp-block-embed is-type-video is-provider-youtube wp-block-embed-youtube wp-embed-aspect-16-9 wp-has-aspect-ratio\"><div class=\"wp-block-embed__wrapper\">\n<iframe loading=\"lazy\" title=\"Tummy Tuck - Turk Aesthetic\" width=\"800\" height=\"450\" src=\"https:\/\/www.youtube.com\/embed\/yTb9Q0EpUOw?feature=oembed\" frameborder=\"0\" allow=\"accelerometer; autoplay; clipboard-write; encrypted-media; gyroscope; picture-in-picture; web-share\" referrerpolicy=\"strict-origin-when-cross-origin\" allowfullscreen><\/iframe>\n<\/div><figcaption class=\"wp-element-caption\">Bauchdeckenstraffung<\/figcaption><\/figure>\n\n\n\n<h4 class=\"wp-block-heading\">Wer kann sich einer Bauchstraffung unterziehen?<\/h4>\n\n\n\n<p>Personen, die die folgenden Kriterien erf\u00fcllen, k\u00f6nnen sich dem Eingriff unterziehen:<\/p>\n\n\n\n<p>Sie sind in einem guten allgemeinen Gesundheitszustand und \u00fcber 20 Jahre alt.<br>Sie leiden aufgrund von Gewichtsverlust, Geburten oder pl\u00f6tzlichen k\u00f6rperlichen Ver\u00e4nderungen an schlaffer Haut und \u00fcbersch\u00fcssigem Fett im Bauchbereich.<br>Sie haben aufgrund des schlaffen Bauchs negative Auswirkungen auf ihr Selbstbewusstsein.<\/p>\n\n\n\n<h4 class=\"wp-block-heading\">Wer sollte sich keiner Bauchstraffung unterziehen?<\/h4>\n\n\n\n<p>Personen unter 20 Jahren.<br>Personen mit chronischen oder ansteckenden Krankheiten, die ein Operationsrisiko darstellen k\u00f6nnten.<br>Personen mit erheblichem \u00dcbergewicht m\u00fcssen zun\u00e4chst das zus\u00e4tzliche Gewicht verlieren, bevor sie sich dem Eingriff unterziehen, um das durch den Gewichtsverlust verursachte Erschlaffen zu beheben.<\/p>\n\n\n\n<h3 class=\"wp-block-heading\">Der Chirurg, der eine Bauchstraffung durchf\u00fchrt<\/h3>\n\n\n\n<p>Eine Bauchstraffung wird von einem qualifizierten plastischen Chirurgen mit umfassender Erfahrung in dieser Art von Eingriff durchgef\u00fchrt. Kein Arzt eines anderen Fachgebiets ist befugt, diese Operation durchzuf\u00fchren.<br>Bei der Auswahl eines Krankenhauses oder einer medizinischen Klinik ist es wichtig, eine zuverl\u00e4ssige Einrichtung mit hohen Sterilisationsstandards und einen hochqualifizierten Chirurgen auszuw\u00e4hlen. Manchmal spiegeln h\u00f6here Verfahrenskosten die Glaubw\u00fcrdigkeit und Expertise der Klinik wider. Daher ist es ratsam, bei der Qualit\u00e4t keine Kompromisse einzugehen, indem man \u00fcber den Preis verhandelt oder feilscht.<\/p>\n\n\n\n<h4 class=\"wp-block-heading\">W\u00e4hrend der Operation verwendete An\u00e4sthesiearten<\/h4>\n\n\n\n<p>Eine Bauchstraffung (Abdominoplastik) wird nur unter Vollnarkose durchgef\u00fchrt. Patienten m\u00fcssen mindestens 6 Stunden vor dem Eingriff mit dem Essen und Trinken aufh\u00f6ren, um Beschwerden oder Komplikationen beim Aufwachen zu vermeiden.<br>Nach der Operation bleiben Patienten normalerweise ein bis zwei N\u00e4chte zur \u00dcberwachung und Genesung im Krankenhaus.ollnarkose bleibt der Patient f\u00fcr ein bis zwei N\u00e4chte im Krankenhaus.<\/p>\n\n\n\n<h3 class=\"wp-block-heading\">Schritte zur Bauchstraffung in der T\u00fcrkei<\/h3>\n\n\n<div id=\"rank-math-howto\" class=\"rank-math-block\" >\n<div class=\"rank-math-howto-description\">\n\n<p>Die Bauchstraffungsoperation durchl\u00e4uft wie andere Operationen drei Phasen<\/p>\n\n<\/div>\n<p class=\"rank-math-howto-duration\"><strong>Gesamtzeit:<\/strong> <span>3 Stunden<\/span><\/p>\n<div class=\"rank-math-steps \">\n<div id=\"howto-step-1677928486352\" class=\"rank-math-step\">\n<h3 class=\"rank-math-step-title \"><strong>Vor dem Prozess<\/strong><\/h3>\n<div class=\"rank-math-step-content \"><p>Vor einer Bauchdeckenstraffung m\u00fcssen Sie dem Arzt unbedingt detaillierte medizinische Informationen geben, darunter:<br \/>\u2013 Chronische Erkrankungen oder eingenommene Medikamente.<br \/>\u2013 Fr\u00fchere Operationen.<br \/>Dar\u00fcber hinaus m\u00fcssen die Patienten die folgenden Anweisungen vor der Operation befolgen:<br \/>\u2013 Erwartungen und m\u00f6gliche Ergebnisse mit dem Arzt besprechen.<br \/>\u2013 Aufgrund der Vollnarkose mindestens 6 Stunden vor dem Eingriff nichts essen oder trinken.<br \/>\u2013 Den Arzt \u00fcber regelm\u00e4\u00dfig eingenommene Medikamente informieren.<br \/>\u2013 Mindestens eine Woche vor der Operation auf Alkohol und Rauchen verzichten.<br \/>\u2013 Blutverd\u00fcnnende Medikamente (z. B. Aspirin) nach R\u00fccksprache mit dem Arzt absetzen.<br \/>\u2013 Am Tag des Eingriffs lockere, bequeme Kleidung tragen.<\/p>\n<\/div>\n<\/div>\n<div id=\"howto-step-1677928634605\" class=\"rank-math-step\">\n<h3 class=\"rank-math-step-title \"><strong>W\u00e4hrend des Prozesses<\/strong><\/h3>\n<div class=\"rank-math-step-content \"><p>Nach der Verabreichung einer Vollnarkose macht der Chirurg einen horizontalen Schnitt zwischen dem Schambereich und dem Nabel. Form und L\u00e4nge des Schnitts h\u00e4ngen von der Menge der \u00fcbersch\u00fcssigen Haut ab, die entfernt werden muss. Falls erforderlich, kann ein zweiter Schnitt um den Nabel herum gemacht werden, um \u00fcbersch\u00fcssige Haut aus dem Oberbauch zu entfernen. Der Chirurg zieht dann die Haut des Oberbauchs nach unten, entfernt die \u00fcbersch\u00fcssige Haut und strafft und formt die Bauchmuskeln neu. Durch diese Neupositionierung entsteht eine neue kreisf\u00f6rmige \u00d6ffnung f\u00fcr den Nabel in seiner angepassten Position. Abschlie\u00dfend wird der Schnitt mit kosmetischen N\u00e4hten oder medizinischem Klebstoff, der speziell f\u00fcr die plastische Chirurgie entwickelt wurde, geschlossen.<\/p>\n<\/div>\n<\/div>\n<div id=\"howto-step-1677928659540\" class=\"rank-math-step\">\n<h3 class=\"rank-math-step-title \"><strong>Nach dem Prozess<\/strong><\/h3>\n<div class=\"rank-math-step-content \"><p>Nach der Operation werden Verb\u00e4nde auf den Operationsbereich aufgebracht, und die Patienten m\u00fcssen ein Kompressionskleidungsst\u00fcck wie ein Korsett tragen, um Bluterg\u00fcsse und Schwellungen zu reduzieren und die Heilung zu f\u00f6rdern. Ein tempor\u00e4rer Drainageschlauch kann unter die Haut gelegt werden, um \u00fcbersch\u00fcssiges Blut oder Fl\u00fcssigkeiten abzuleiten. Der Arzt wird detaillierte postoperative Anweisungen geben, und die strikte Einhaltung dieser Richtlinien ist f\u00fcr die Erzielung der besten Ergebnisse unerl\u00e4sslich. Ein Krankenhausaufenthalt von ein bis zwei N\u00e4chten ist zur \u00dcberwachung und Genesung ebenfalls erforderlich.<\/p>\n<\/div>\n<\/div>\n<\/div>\n<\/div>\n<p class=\"rank-math-howto-estimatedCost\"><strong>Gesch\u00e4tzte Kosten:<\/strong> <span>3450 Euro<\/span><\/p>\n\n\n\n\n\n<h3 class=\"wp-block-heading\">Vor und nach der Bauchstraffung<\/h3>\n\n\n\n<p>Nachfolgend finden Sie einige Bilder vor und nach der Bauchstraffung, die bei Turk Aesthetic in Istanbul durchgef\u00fchrt wurde.<\/p>\n\n\n\n<figure class=\"wp-block-gallery has-nested-images columns-default is-cropped wp-block-gallery-1 is-layout-flex wp-block-gallery-is-layout-flex\">\n<figure class=\"wp-block-image size-large\"><img loading=\"lazy\" decoding=\"async\" width=\"1200\" height=\"800\" data-id=\"50584\" src=\"https:\/\/www.turkaesthetic.com\/wp-content\/uploads\/2024\/01\/Tummy-tuck-before-after-8.webp\" alt=\"Vor und nach der Bauchstraffung in T\u00fcrkiye\" class=\"wp-image-50584\"\/><figcaption class=\"wp-element-caption\">Vor und nach der Bauchstraffung in T\u00fcrkiye<\/figcaption><\/figure>\n\n\n\n<figure class=\"wp-block-image size-large\"><img loading=\"lazy\" decoding=\"async\" width=\"1200\" height=\"800\" data-id=\"50575\" src=\"https:\/\/www.turkaesthetic.com\/wp-content\/uploads\/2024\/01\/Tummy-tuck-before-after-7.webp\" alt=\"Vor und nach der Bauchstraffung in T\u00fcrkiye\" class=\"wp-image-50575\"\/><figcaption class=\"wp-element-caption\">Vor und nach der Bauchstraffung in T\u00fcrkiye<\/figcaption><\/figure>\n\n\n\n<figure class=\"wp-block-image size-large\"><img loading=\"lazy\" decoding=\"async\" width=\"1200\" height=\"800\" data-id=\"50566\" src=\"https:\/\/www.turkaesthetic.com\/wp-content\/uploads\/2024\/01\/Tummy-tuck-before-after-5.webp\" alt=\"Vor und nach der Bauchstraffung in T\u00fcrkiye\" class=\"wp-image-50566\"\/><figcaption class=\"wp-element-caption\">Vor und nach der Bauchstraffung in T\u00fcrkiye<\/figcaption><\/figure>\n<\/figure>\n\n\n\n<h3 class=\"wp-block-heading\">Postoperative Anweisungen f\u00fcr die Bauchdeckenstraffung<\/h3>\n\n\n\n<p>Um eine reibungslose Genesung und optimale Ergebnisse zu gew\u00e4hrleisten, befolgen Sie diese Richtlinien f\u00fcr die postoperative Pflege:<\/p>\n\n\n\n<ul class=\"wp-block-list\">\n<li>Ruhen Sie sich vollst\u00e4ndig aus und nehmen Sie alle verschriebenen Medikamente, Schmerzmittel und entz\u00fcndungshemmenden Mittel ein, um Beschwerden und Komplikationen zu minimieren.<\/li>\n\n\n\n<li>Reduzieren Sie das Rauchen oder vermeiden Sie es vollst\u00e4ndig und setzen Sie blutverd\u00fcnnende Medikamente gem\u00e4\u00df den Anweisungen Ihres Arztes ab.<\/li>\n\n\n\n<li>Trinken Sie viel Fl\u00fcssigkeit, um die Wundheilung und Genesung zu beschleunigen.<\/li>\n\n\n\n<li>Sorgen Sie f\u00fcr ausreichend Schlaf und liegen Sie nur so lange auf dem R\u00fccken, wie vom Arzt empfohlen.<\/li>\n\n\n\n<li>Pflegen Sie die Operationswunde richtig, um Infektionen vorzubeugen.<\/li>\n\n\n\n<li>Verwenden Sie das Kompressionskleidungsst\u00fcck (Korsett), um die Heilung zu unterst\u00fctzen und Schwellungen zu minimieren.<\/li>\n\n\n\n<li>Legen Sie sich mit leicht erh\u00f6htem Oberk\u00f6rper auf den R\u00fccken, um die Belastung des Bauchbereichs zu verringern.<\/li>\n<\/ul>\n\n\n\n<h4 class=\"wp-block-heading\">Vor- und Nachteile der Bauchdeckenstraffung<\/h4>\n\n\n\n<p><strong>Nachteile<\/strong><\/p>\n\n\n\n<p>Die Risiken und Komplikationen des Eingriffs h\u00e4ngen von der Erfahrung des Chirurgen und der Einhaltung der Anweisungen zur postoperativen Pflege durch den Patienten ab.<\/p>\n\n\n\n<p><strong>Vorteile<\/strong><\/p>\n\n\n\n<p>Eine erfolgreiche Bauchdeckenstraffung st\u00e4rkt das Selbstvertrauen, indem \u00fcbersch\u00fcssige, schlaffe Haut entfernt wird.<br>Der Patient erh\u00e4lt ein strafferes, jugendlicheres und modellierteres Aussehen.<\/p>\n\n\n\n<h3 class=\"wp-block-heading\">Mini-Bauchstraffung<\/h3>\n\n\n\n<p>Die Mini-Bauchstraffung wird in der T\u00fcrkei immer beliebter. Sie ist eine effektive Option f\u00fcr Personen, die ihr Aussehen am Bauch verbessern m\u00f6chten, ohne die langwierige Genesungsphase, die mit einer herk\u00f6mmlichen Bauchstraffung verbunden ist. Hier sind die wichtigsten Merkmale, die diesen Eingriff auszeichnen:<\/p>\n\n\n\n<ul class=\"wp-block-list\">\n<li>Kleinerer Einschnitt: Einer der Hauptvorteile einer Mini-Bauchstraffung ist die Gr\u00f6\u00dfe des chirurgischen Einschnitts. Der Schnitt ist deutlich kleiner als bei einer vollst\u00e4ndigen Bauchstraffung und misst normalerweise 12 bis 15 cm. Dadurch werden sichtbare Narbenbildungen minimiert und das Gesamttrauma des umliegenden Gewebes verringert.<\/li>\n\n\n\n<li>Keine Fettabsaugung erforderlich: Anders als bei herk\u00f6mmlichen Bauchstraffungen, bei denen die Bauchkonturierung oft mit einer <a href=\"https:\/\/www.turkaesthetic.com\/de\/liposuction\/\" target=\"_blank\" data-type=\"page\" data-id=\"15291\" rel=\"noreferrer noopener\">Fettabsaugung<\/a> kombiniert wird, kann die Mini-Bauchstraffung ohne diesen zus\u00e4tzlichen Eingriff durchgef\u00fchrt werden, wenn das Hauptproblem schlaffe Haut im unteren Bauchbereich ist. Dies macht es zu einer ausgezeichneten Wahl f\u00fcr Patienten, die ein gesundes Gewicht gehalten haben, aber aufgrund genetischer Veranlagung oder Ver\u00e4nderungen nach einer Schwangerschaft mit schlaffer Haut zu k\u00e4mpfen haben.<\/li>\n\n\n\n<li>Unter Vollnarkose durchgef\u00fchrt: Die Operation wird unter Vollnarkose durchgef\u00fchrt, um sicherzustellen, dass sich die Patienten w\u00e4hrend des gesamten Eingriffs wohl und schmerzfrei f\u00fchlen. Dies erm\u00f6glicht ein ruhigeres Operationserlebnis und tr\u00e4gt zu einem reibungsloseren Genesungsprozess bei.<\/li>\n\n\n\n<li>Unterbauchschnitt: Bei dem chirurgischen Eingriff wird ein kleiner Schnitt knapp \u00fcber dem Schambereich im Unterbauch gemacht. Nach dem Entfernen \u00fcbersch\u00fcssiger Haut wird der Schnitt sorgf\u00e4ltig mit kosmetischen Nahttechniken geschlossen, die eine unauff\u00e4llige Narbe hinterlassen, die mit der Zeit verblasst. Die tiefere Platzierung des Schnitts stellt au\u00dferdem sicher, dass er leicht durch Badebekleidung oder Unterw\u00e4sche verborgen werden kann.<\/li>\n\n\n\n<li>Schnelle Genesung: Die Patienten erholen sich in der Regel schneller als bei einer vollst\u00e4ndigen Bauchstraffung. Viele Personen k\u00f6nnen innerhalb einer Woche wieder leichten Aktivit\u00e4ten nachgehen, was es zu einer attraktiven Option f\u00fcr Menschen mit einem aktiven Lebensstil macht.hbereich erschlafft. Sie wird unter Vollnarkose durchgef\u00fchrt und unterscheidet sich von der Abdominoplastik dadurch, dass bei einer Mini-Abdominoplastik ein kleiner Schnitt im Unterbauch in der N\u00e4he des Schambereichs vorgenommen wird, wonach eine kosmetische Naht durchgef\u00fchrt wird.\u00a0<\/li>\n<\/ul>\n\n\n\n<figure class=\"wp-block-image size-full\"><img loading=\"lazy\" decoding=\"async\" width=\"1024\" height=\"336\" src=\"http:\/\/turkaesthetic.com\/wp-content\/uploads\/2022\/01\/mini-tummy-tuck.webp\" alt=\"Bauchdeckenstraffung in der t\u00fcrkei\" class=\"wp-image-14727\"\/><figcaption class=\"wp-element-caption\">Bauchdeckenstraffung<\/figcaption><\/figure>\n\n\n\n<h3 class=\"wp-block-heading\">Optionen f\u00fcr eine nicht-chirurgische Bauchdeckenstraffung<\/h3>\n\n\n\n<p>F\u00fcr Personen, die einen nicht-chirurgischen Ansatz bevorzugen, gibt es mehrere minimal-invasive Techniken:<\/p>\n\n\n\n<ul class=\"wp-block-list\">\n<li>Ultraschall- oder Laserger\u00e4te: Diese Methoden helfen, die Haut zu straffen und Fett ohne Operation zu reduzieren.<\/li>\n\n\n\n<li>Schnellere Genesung: Patienten k\u00f6nnen sofort und ohne lange Genesungsphase in ihren Alltag zur\u00fcckkehren.<\/li>\n\n\n\n<li>Diese Techniken sind wirksam, es sei denn, es liegt eine starke Erschlaffung oder \u00fcberm\u00e4\u00dfige Fettansammlung vor, in welchem \u200b\u200bFall eine Operation erforderlich sein kann.<\/li>\n<\/ul>\n\n\n\n<h4 class=\"wp-block-heading\">Genesung und Nebenwirkungen einer Bauchstraffung<\/h4>\n\n\n\n<p>Die Genesungsphase nach einer Bauchstraffung dauert etwa 10 bis 15 Tage. Sie k\u00f6nnen einige Nebenwirkungen bemerken, wie:<\/p>\n\n\n\n<p>Leichte Schwellungen und Bluterg\u00fcsse.<br>Juckreiz um die Operationsnahtstelle.<br>Unwohlsein in der ersten Woche, insbesondere Schwierigkeiten beim Stehen f\u00fcr bis zu zwei Wochen.<br>Vor\u00fcbergehende Taubheit im behandelten Bereich.<\/p>\n\n\n\n<h4 class=\"wp-block-heading\">Bauchstraffung in der T\u00fcrkei, Istanbul<\/h4>\n\n\n\n<p>Die T\u00fcrkei (insbesondere Istanbul) hat sich zu einem Top-Reiseziel f\u00fcr Medizintourismus entwickelt und zieht Besucher an, die sowohl eine Behandlung als auch einen Tourismus suchen. Die Stadt bietet mehrere Vorteile, darunter:<\/p>\n\n\n\n<ul class=\"wp-block-list\">\n<li>Eine breite Palette an medizinischen Optionen.<\/li>\n\n\n\n<li>Hochqualifizierte und erfahrene \u00c4rzte.<\/li>\n\n\n\n<li>Hochwertige Dienstleistungen zu wettbewerbsf\u00e4higen Preisen.<\/li>\n\n\n\n<li>Unter den verschiedenen kosmetischen Chirurgieoptionen ist die Bauchdeckenstraffung einer der gefragtesten Eingriffe. Die Kosten f\u00fcr eine Bauchdeckenstraffung in der T\u00fcrkei variieren je nach Klinik und Patientenfall und liegen normalerweise zwischen 3.500 und 4.500 \u20ac.<\/li>\n<\/ul>\n\n\n\n<h3 class=\"wp-block-heading\">Kosten f\u00fcr eine Bauchdeckenstraffung in der T\u00fcrkei, Istanbul<\/h3>\n\n\n\n<p>Die Kosten f\u00fcr eine Bauchdeckenstraffung h\u00e4ngen von mehreren Faktoren ab, darunter:<\/p>\n\n\n\n<ul class=\"wp-block-list\">\n<li>Der Ruf der Klinik oder des Krankenhauses.<\/li>\n\n\n\n<li>Die Erfahrung und Qualifikation des Chirurgen.<\/li>\n\n\n\n<li>Die Komplexit\u00e4t des Patientenfalls.<\/li>\n\n\n\n<li>Zusatzleistungen: Einige Kliniken bieten umfassende Pakete an, die Behandlung, Unterkunft und Transport umfassen.<\/li>\n\n\n\n<li>Bei Turk Aesthetic Istanbul liegen die Kosten zwischen 3.500 und 4.500 \u20ac.<\/li>\n<\/ul>\n\n\n\n<p>Wenden Sie sich \u00fcber die Kontaktseite an das Team von Turk Aesthetic, um sich nach Paketangeboten zu erkundigen, die Unterkunft und Transport umfassen.Transport anzufordern, k\u00f6nnen Sie das Team von Turk Aesthetic \u00fcber die Kontaktseite kontaktieren.<\/p>\n\n\n\n<h2 class=\"wp-block-heading\">FAQ &#8211; Bauchdeckenstraffung <\/h2>\n\n\n<div id=\"rank-math-faq\" class=\"rank-math-block\">\n<div class=\"rank-math-list \">\n<div id=\"faq-question-1677928731381\" class=\"rank-math-list-item\">\n<h3 class=\"rank-math-question \"><strong>Wie lange dauert eine Bauchstraffung?<\/strong><\/h3>\n<div class=\"rank-math-answer \">\n\n<p>2-3 Stunden, je nach Einzelfall.<\/p>\n\n<\/div>\n<\/div>\n<div id=\"faq-question-1741344736905\" class=\"rank-math-list-item\">\n<h3 class=\"rank-math-question \">Wann sehe ich die Ergebnisse meiner Bauchstraffung?<\/h3>\n<div class=\"rank-math-answer \">\n\n<p>Die Ergebnisse sind sofort sichtbar und werden deutlicher, wenn die Nachwirkungen nachlassen.<\/p>\n\n<\/div>\n<\/div>\n<div id=\"faq-question-1741344739901\" class=\"rank-math-list-item\">\n<h3 class=\"rank-math-question \">Wie hoch ist die Erfolgsquote einer Bauchstraffung?<\/h3>\n<div class=\"rank-math-answer \">\n\n<p>Der Eingriff hat im Vergleich zu anderen Sch\u00f6nheitsoperationen eine hohe Erfolgsquote.<\/p>\n\n<\/div>\n<\/div>\n<div id=\"faq-question-1741344746247\" class=\"rank-math-list-item\">\n<h3 class=\"rank-math-question \">Welche Art der An\u00e4sthesie wird bei einer Bauchstraffung verwendet?<\/h3>\n<div class=\"rank-math-answer \">\n\n<p>Bauchstraffungen werden nur unter Vollnarkose durchgef\u00fchrt.<\/p>\n\n<\/div>\n<\/div>\n<div id=\"faq-question-1741344798558\" class=\"rank-math-list-item\">\n<h3 class=\"rank-math-question \">Was kostet eine Bauchstraffung in der T\u00fcrkei?<\/h3>\n<div class=\"rank-math-answer \">\n\n<p>Bei Turk Aesthetic Istanbul betragen die Kosten 3.500 bis 4.500 \u20ac.<\/p>\n\n<\/div>\n<\/div>\n<div id=\"faq-question-1741344804830\" class=\"rank-math-list-item\">\n<h3 class=\"rank-math-question \">Wie lange dauert die Erholungsphase nach einer Bauchstraffung?<\/h3>\n<div class=\"rank-math-answer \">\n\n<p>Die Erholung dauert normalerweise 7 bis 10 Tage.<\/p>\n\n<\/div>\n<\/div>\n<div id=\"faq-question-1741344810113\" class=\"rank-math-list-item\">\n<h3 class=\"rank-math-question \">Sind die Ergebnisse einer Bauchstraffung dauerhaft?<\/h3>\n<div class=\"rank-math-answer \">\n\n<p>Bei diesem Eingriff wird \u00fcbersch\u00fcssige Haut dauerhaft entfernt. Die Ergebnisse halten 5\u201315 Jahre an, vorausgesetzt, der Patient beh\u00e4lt sein Gewicht.<\/p>\n\n<\/div>\n<\/div>\n<div id=\"faq-question-1741344816926\" class=\"rank-math-list-item\">\n<h3 class=\"rank-math-question \">Hilft eine Bauchdeckenstraffung beim Abnehmen?<\/h3>\n<div class=\"rank-math-answer \">\n\n<p>Nein, bei einer Bauchstraffung wird \u00fcbersch\u00fcssige Haut entfernt, die durch Gewichtsverlust oder eine Geburt entstanden ist. Es handelt sich nicht um einen Eingriff zur Gewichtsabnahme.<\/p>\n\n<\/div>\n<\/div>\n<\/div>\n<\/div>\n\n\n<p>Schlie\u00dflich k\u00f6nnen Sie direkt \u00fcber den Link\u00a0<a href=\"http:\/\/turkaesthetic.com\/de\/contact-us\/\" target=\"_blank\" rel=\"noreferrer noopener\"><strong>kontaktieren<\/strong><\/a>, um Informationen und Preise von\u00a0<a href=\"https:\/\/www.youtube.com\/channel\/UC0zggzdm5CFwpRMmn_CPpFQ\" target=\"_blank\" rel=\"noreferrer noopener\"><strong>Turk Aesthetic<\/strong><\/a>\u00a0anzufordern.<a href=\"http:\/\/turkaesthetic.com\/de\/surgeries-de\/lip-lifting\/\"><\/a><\/p>\n","protected":false},"excerpt":{"rendered":"<p>Eine Bauchstraffung (Abdominoplastik) ist eine plastische Operation, bei der \u00fcbersch\u00fcssiges Fett und Haut entfernt und schlaffe Muskeln gestrafft werden, um einen flacheren, strafferen Bauch zu schaffen. Dar\u00fcber hinaus hilft der Eingriff, durch Gewichtszunahme verursachte Falten und schlaffe Haut zu beseitigen, was zu einem jugendlicheren Aussehen f\u00fchrt. Der Eingriff dauert je nach Einzelfall normalerweise 2 bis [&hellip;]<\/p>\n","protected":false},"author":1,"featured_media":14719,"parent":0,"menu_order":0,"comment_status":"closed","ping_status":"closed","template":"","meta":{"footnotes":""},"dep":[1354],"class_list":["post-15653","page","type-page","status-publish","has-post-thumbnail","hentry","dep-plastic-surgeries"],"_links":{"self":[{"href":"https:\/\/www.turkaesthetic.com\/de\/wp-json\/wp\/v2\/pages\/15653","targetHints":{"allow":["GET"]}}],"collection":[{"href":"https:\/\/www.turkaesthetic.com\/de\/wp-json\/wp\/v2\/pages"}],"about":[{"href":"https:\/\/www.turkaesthetic.com\/de\/wp-json\/wp\/v2\/types\/page"}],"author":[{"embeddable":true,"href":"https:\/\/www.turkaesthetic.com\/de\/wp-json\/wp\/v2\/users\/1"}],"replies":[{"embeddable":true,"href":"https:\/\/www.turkaesthetic.com\/de\/wp-json\/wp\/v2\/comments?post=15653"}],"version-history":[{"count":0,"href":"https:\/\/www.turkaesthetic.com\/de\/wp-json\/wp\/v2\/pages\/15653\/revisions"}],"wp:featuredmedia":[{"embeddable":true,"href":"https:\/\/www.turkaesthetic.com\/de\/wp-json\/wp\/v2\/media\/14719"}],"wp:attachment":[{"href":"https:\/\/www.turkaesthetic.com\/de\/wp-json\/wp\/v2\/media?parent=15653"}],"wp:term":[{"taxonomy":"dep","embeddable":true,"href":"https:\/\/www.turkaesthetic.com\/de\/wp-json\/wp\/v2\/dep?post=15653"}],"curies":[{"name":"wp","href":"https:\/\/api.w.org\/{rel}","templated":true}]}}