{"id":15561,"date":"2022-01-06T13:24:01","date_gmt":"2022-01-06T10:24:01","guid":{"rendered":"http:\/\/turkaesthetic.com\/bbl\/"},"modified":"2025-03-17T19:49:22","modified_gmt":"2025-03-17T16:49:22","slug":"bbl","status":"publish","type":"page","link":"https:\/\/www.turkaesthetic.com\/de\/bbl\/","title":{"rendered":"Po Vergr\u00f6\u00dferung"},"content":{"rendered":"\n<p>Po <strong>Vergr\u00f6\u00dferung<\/strong> (BBL) ist ein Verfahren, das darauf abzielt, das Ges\u00e4\u00df im Verh\u00e4ltnis zum K\u00f6rper zu vergr\u00f6\u00dfern; Dieser Prozess hat sich von einem relativ obskuren Verfahren zu einer der h\u00e4ufigsten <a href=\"https:\/\/de.wikipedia.org\/wiki\/Plastische_Chirurgie\" data-type=\"URL\" data-id=\"https:\/\/de.wikipedia.org\/wiki\/Plastische_Chirurgie\" target=\"_blank\" rel=\"noreferrer noopener\">plastischen Operationen <\/a>entwickelt. Der Eingriff kann in einem Zeitraum von 2 bis 3 Stunden abgeschlossen und unter Vollnarkose durchgef\u00fchrt werden und muss eine Nacht im Krankenhaus bleiben. Die Ergebnisse erscheinen sofort (sobald die chirurgischen Auswirkungen verschwinden).<\/p>\n\n\n\n<figure class=\"wp-block-table\"><table><tbody><tr><td>An\u00e4sthesie<\/td><td>Allgemein<\/td><\/tr><tr><td>Verfahrensdauer<\/td><td>2-3 Stunden<\/td><\/tr><tr><td>Ergebnisse<\/td><td>Sofort &#8211; 15 Jahre haltbar<\/td><\/tr><tr><td>Rekonvaleszenz<\/td><td>7-10 Tage<\/td><\/tr><tr><td>Aufenthalt im Krankenhaus<\/td><td>1-2 N\u00e4chte<\/td><\/tr><\/tbody><\/table><figcaption class=\"wp-element-caption\">Po Vergr\u00f6\u00dferung<\/figcaption><\/figure>\n\n\n\n<h2 class=\"wp-block-heading\">Wie wird eine Po Vergr\u00f6\u00dferung durchgef\u00fchrt?<\/h2>\n\n\n\n<p>Die Ges\u00e4\u00dfvergr\u00f6\u00dferung ist eine geeignete Option f\u00fcr diejenigen, die eine sichtbarere Ver\u00e4nderung des Aussehens ihres Ges\u00e4\u00dfes und K\u00f6rpers w\u00fcnschen, insbesondere Frauen mit flachem Ges\u00e4\u00df, um ein weiblicheres und attraktiveres Aussehen zu erzielen. Eine Ges\u00e4\u00dfvergr\u00f6\u00dferung kann durch Fetttransfer durchgef\u00fchrt werden und ist die gebr\u00e4uchlichste Methode, bei der Fett aus einem Bereich des K\u00f6rpers abgesaugt und dann in das Ges\u00e4\u00df injiziert wird. <\/p>\n\n\n\n<p>Die zweite Methode wird durch Silikonimplantate in Abwesenheit von Fett im K\u00f6rper durchgef\u00fchrt, aber diese Methode wird nicht als \u00fcblich angesehen und \u00c4rzte bevorzugen sie nicht.<\/p>\n\n\n\n<h2 class=\"wp-block-heading\">Po Vergr\u00f6\u00dferung video<\/h2>\n\n\n\n<p>Unten ist ein Video der Ges\u00e4\u00dfvergr\u00f6\u00dferung.<\/p>\n\n\n\n<figure class=\"wp-block-embed is-type-video is-provider-youtube wp-block-embed-youtube wp-embed-aspect-16-9 wp-has-aspect-ratio\"><div class=\"wp-block-embed__wrapper\">\n<iframe loading=\"lazy\" title=\"BBL - Turk Aesthetic\" width=\"800\" height=\"450\" src=\"https:\/\/www.youtube.com\/embed\/7TEn8-oqWOw?feature=oembed\" frameborder=\"0\" allow=\"accelerometer; autoplay; clipboard-write; encrypted-media; gyroscope; picture-in-picture; web-share\" referrerpolicy=\"strict-origin-when-cross-origin\" allowfullscreen><\/iframe>\n<\/div><figcaption class=\"wp-element-caption\"> Po Vergr\u00f6\u00dferung<\/figcaption><\/figure>\n\n\n\n<h4 class=\"wp-block-heading\">Wer kann eine Po Vergr\u00f6\u00dferung durchf\u00fchren?<\/h4>\n\n\n\n<p>Alle Frauen, die \u00fcber 20 bei guter Gesundheit sind und an einem flachen Po leiden, der asymmetrisch zum K\u00f6rper ist und die Psyche der Frau negativ beeinflussen kann, k\u00f6nnen sich einer Po-Vergr\u00f6\u00dferungsoperation zur Wiederherstellung des Selbstvertrauens unterziehen.<\/p>\n\n\n\n<h4 class=\"wp-block-heading\">Wer kann keine Ges\u00e4\u00dfvergr\u00f6\u00dferung durchf\u00fchren?<\/h4>\n\n\n\n<p>Wer das 20. Lebensjahr noch nicht vollendet hat.<\/p>\n\n\n\n<p>Sie leiden an einer chronischen oder ansteckenden Krankheit.<\/p>\n\n\n\n<p>Diejenigen, die an \u00dcbergewicht leiden, k\u00f6nnen den Eingriff nicht alleine durchf\u00fchren, aber es ist notwendig, eine Fettabsaugung des Bauches und des Ges\u00e4\u00dfes durchzuf\u00fchren, damit der K\u00f6rper mit der neuen Form des Ges\u00e4\u00dfes \u00fcbereinstimmt, damit die anderen Operationen als komplement\u00e4r und nicht sekund\u00e4r betrachtet werden der Po Vergr\u00f6\u00dferungsprozess.<\/p>\n\n\n\n<h3 class=\"wp-block-heading\">Der Arzt, eine Ges\u00e4\u00dfvergr\u00f6\u00dferung durchf\u00fchrt<\/h3>\n\n\n\n<p>Die Ges\u00e4\u00dfvergr\u00f6\u00dferung ist ein kosmetisches Verfahren, das von einem plastischen Chirurgen durchgef\u00fchrt wird, der \u00fcber ausreichende Erfahrung f\u00fcr diese Art von Operation verf\u00fcgt. Kein Arzt einer anderen Fachrichtung kann diese Art von Operation durchf\u00fchren. Es wird bei der Auswahl eines Krankenhauses oder medizinischen Zentrums ber\u00fccksichtigt, ein zuverl\u00e4ssiges Zentrum, eine klinische Umgebung mit einem hohen Sterilisationsgrad und einen hochqualifizierten Arzt zu untersuchen. Die hohen Kosten des Verfahrens k\u00f6nnen manchmal die hohe Effizienz und Glaubw\u00fcrdigkeit des Zentrums widerspiegeln, daher ist es vorzuziehen, nicht \u00fcber den hohen Preis zu diskutieren oder zu verhandeln.<\/p>\n\n\n\n<h4 class=\"wp-block-heading\">An\u00e4sthesietypen, die bei der Po Vergr\u00f6\u00dferung  verwendet werden<\/h4>\n\n\n\n<p>Eine Ges\u00e4\u00dfvergr\u00f6\u00dferung kann nur unter Vollnarkose durchgef\u00fchrt werden. Der Patient muss 6 Stunden vor der Operation aufh\u00f6ren zu essen und zu trinken, um ein unangenehmes Gef\u00fchl im Magen nach dem Aufwachen aus der Operation zu vermeiden. Bei Vollnarkose bleibt der Patient f\u00fcr ein bis zwei N\u00e4chte im Krankenhaus.<\/p>\n\n\n\n<h3 class=\"wp-block-heading\">Po Vergr\u00f6\u00dferung<\/h3>\n\n\n<div id=\"rank-math-howto\" class=\"rank-math-block\" >\n<div class=\"rank-math-howto-description\">\n\n<p>Das Po Vergr\u00f6\u00dferung durchl\u00e4uft wie andere Operationen drei Phasen:<\/p>\n\n<\/div>\n<p class=\"rank-math-howto-duration\"><strong>Gesamtzeit:<\/strong> <span>3 Stunden<\/span><\/p>\n<div class=\"rank-math-steps \">\n<div id=\"howto-step-1677063842956\" class=\"rank-math-step\">\n<h3 class=\"rank-math-step-title \"><strong>Vor der Operation<\/strong><\/h3>\n<div class=\"rank-math-step-content \"><img loading=\"lazy\" decoding=\"async\" width=\"1024\" height=\"682\" src=\"https:\/\/www.turkaesthetic.com\/wp-content\/uploads\/2022\/01\/doctor.webp\" class=\"attachment-full size-full\" alt=\"turk aesthetic\" \/><p>Vor Beginn der Ges\u00e4\u00dfvergr\u00f6\u00dferung ist es ratsam, den Arzt \u00fcber chronische Erkrankungen der Person oder gegebenenfalls eingenommene Medikamente zu informieren und den Arzt \u00fcber durchgef\u00fchrte Voroperationen zu informieren, ohne die Informationen zu vernachl\u00e4ssigen der Gesundheitszustand. Es m\u00fcssen mehrere Anweisungen befolgt werden, von denen die wichtigsten sind:<br \/>Besprechen Sie mit dem Arzt die Ergebnisse der Operation.<br \/>Verzichten Sie mindestens sechs Stunden vor der Operation auf Essen und Trinken, da sich der K\u00f6rper in Vollnarkose befindet.<br \/>Informieren Sie den Arzt \u00fcber alle Medikamente, die regelm\u00e4\u00dfig eingenommen werden.<br \/>Verzichten Sie mindestens eine Woche vor der Operation auf Alkohol und Rauchen.<br \/>Setzen Sie blutverd\u00fcnnende Medikamente wie Aspirin nach R\u00fccksprache mit einem Arzt ab.<br \/>W\u00e4hlen Sie am Tag der Operation bequeme Kleidung.<\/p>\n<\/div>\n<\/div>\n<div id=\"howto-step-1677063930071\" class=\"rank-math-step\">\n<h3 class=\"rank-math-step-title \"><strong>W\u00e4hrend des Prozesses<\/strong><\/h3>\n<div class=\"rank-math-step-content \"><p>Nach der Vollnarkose des K\u00f6rpers beginnt der Chirurg mit dem Eingriff, indem er das Fett an den Stellen absaugt, an denen es sich im K\u00f6rper angesammelt hat, dann wird das <a href=\"http:\/\/turkaesthetic.com\/de\/fat-transfer\/\" target=\"_blank\" data-type=\"URL\" data-id=\"http:\/\/turkaesthetic.com\/de\/fat-transfer\/\" rel=\"noreferrer noopener\">Fett <\/a>auf den R\u00fccken \u00fcbertragen, indem es an den zu ver\u00e4ndernden Stellen injiziert wird absolut sicher, da das spezielle Fett des gleichen K\u00f6rpers verwendet wird, in dem die Operation durchgef\u00fchrt wird ausreichend, um dem Ges\u00e4\u00df das Aussehen und die entsprechende Textur zu verleihen. Der Vorgang dauert etwa 3 Stunden.<\/p>\n<\/div>\n<\/div>\n<div id=\"howto-step-1677063944801\" class=\"rank-math-step\">\n<h3 class=\"rank-math-step-title \"><strong>Nach dem Prozess<\/strong><\/h3>\n<div class=\"rank-math-step-content \"><img loading=\"lazy\" decoding=\"async\" width=\"1024\" height=\"576\" src=\"https:\/\/www.turkaesthetic.com\/wp-content\/uploads\/2022\/01\/after-bbl.webp\" class=\"attachment-full size-full\" alt=\"Po Vergr\u00f6\u00dferung in Der T\u00fcrkei\" \/><p>Nach der Operation werden Verb\u00e4nde im Operationsbereich angelegt und \u00c4rzten wird empfohlen, ein enges Korsett zu tragen, um Druck auf die Prellungen auszu\u00fcben, Schwellungen zu reduzieren und schneller zu heilen. Ein kleiner absorbierender Schlauch kann vor\u00fcbergehend unter die Haut gelegt werden, um \u00fcbersch\u00fcssiges Blut oder Fl\u00fcssigkeit abzuleiten, die sich m\u00f6glicherweise ansammelt, und Anweisungen und Anweisungen werden vom Chirurgen gegeben Je buchst\u00e4blich der Patient bessere Ergebnisse erzielt, sollte der Patient f\u00fcr einen oder zwei N\u00e4chte.<\/p>\n<\/div>\n<\/div>\n<\/div>\n<\/div>\n<p class=\"rank-math-howto-estimatedCost\"><strong>Gesch\u00e4tzte Kosten:<\/strong> <span>3450 Euro<\/span><\/p>\n\n\n\n\n\n<h3 class=\"wp-block-heading\">Vor und nach einer Po Vergr\u00f6\u00dferung<\/h3>\n\n\n\n<p>Hier sind einige Vorher-Nachher-Bilder der brasilianischen Po Vergr\u00f6\u00dferung die im Turk Aesthetic in Istanbul durchgef\u00fchrt wurde.<\/p>\n\n\n\n<figure class=\"wp-block-gallery has-nested-images columns-default is-cropped wp-block-gallery-1 is-layout-flex wp-block-gallery-is-layout-flex\">\n<figure class=\"wp-block-image size-large\"><img loading=\"lazy\" decoding=\"async\" width=\"1200\" height=\"800\" data-id=\"44964\" src=\"https:\/\/www.turkaesthetic.com\/wp-content\/uploads\/2023\/11\/before-after-bbl-4.jpg\" alt=\"Vor und nach der Vergr\u00f6\u00dferung (BBL) in der T\u00fcrkei\" class=\"wp-image-44964\"\/><figcaption class=\"wp-element-caption\">Vor und nach der Vergr\u00f6\u00dferung (BBL)<\/figcaption><\/figure>\n\n\n\n<figure class=\"wp-block-image size-large\"><img loading=\"lazy\" decoding=\"async\" width=\"1200\" height=\"800\" data-id=\"44955\" src=\"https:\/\/www.turkaesthetic.com\/wp-content\/uploads\/2023\/11\/before-after-bbl-3.jpg\" alt=\"Vor und nach der Vergr\u00f6\u00dferung (BBL) in der T\u00fcrkei\" class=\"wp-image-44955\"\/><figcaption class=\"wp-element-caption\">Vor und nach der Vergr\u00f6\u00dferung (BBL)<\/figcaption><\/figure>\n\n\n\n<figure class=\"wp-block-image size-large\"><img loading=\"lazy\" decoding=\"async\" width=\"1200\" height=\"800\" data-id=\"44946\" src=\"https:\/\/www.turkaesthetic.com\/wp-content\/uploads\/2023\/11\/before-after-bbl-2.jpg\" alt=\"Vor und nach der Vergr\u00f6\u00dferung (BBL) in der T\u00fcrkei\" class=\"wp-image-44946\"\/><figcaption class=\"wp-element-caption\">Vor und nach der Vergr\u00f6\u00dferung (BBL)<\/figcaption><\/figure>\n<\/figure>\n\n\n\n<h3 class=\"wp-block-heading\">Anweisungen nach einer Po Vergr\u00f6\u00dferung <\/h3>\n\n\n\n<p>Hier sind einige Dinge, die Sie nach einer brasilianischen Butt-Lift-Operation beachten sollten:<\/p>\n\n\n\n<ul class=\"wp-block-list\">\n<li>Ruhen Sie sich vollst\u00e4ndig aus und nehmen Sie die vom Arzt verschriebenen Medikamente, Analgetika und Entz\u00fcndungshemmer ein, um Komplikationen oder Schmerzen zu reduzieren.<\/li>\n\n\n\n<li>Reduzierung oder Verzicht auf das Rauchen und Absetzen von blutverd\u00fcnnenden Medikamenten.<\/li>\n\n\n\n<li>Trinken Sie viel Fl\u00fcssigkeit, was zu einer besseren Erholung und Wundheilung in k\u00fcrzerer Zeit beitr\u00e4gt.<\/li>\n\n\n\n<li>Schlafen Sie nach der Operation ausreichend und legen Sie sich nach Anweisung des Arztes hin.<\/li>\n\n\n\n<li>Sorgf\u00e4ltige Wundversorgung.<\/li>\n\n\n\n<li>Verpflichten Sie sich, das vom Arzt verordnete Korsett w\u00e4hrend des angegebenen Zeitraums zu tragen.<\/li>\n\n\n\n<li>Der Patient sollte den K\u00f6rper nicht mehr als n\u00f6tig bewegen, w\u00e4hrend die Bewegung nach 3 Tagen allm\u00e4hlich beginnt.<\/li>\n\n\n\n<li>Innerhalb von zwei Wochen nach dem Eingriff muss der Patient auf einem weichen Sitz sitzen.<\/li>\n\n\n\n<li>Ihr Ges\u00e4\u00df wird nach etwa 4 Monaten des Eingriffs vollst\u00e4ndig flach sein.<\/li>\n\n\n\n<li>Der Patient muss die vom Arzt festgelegten Termine f\u00fcr die \u00dcberpr\u00fcfung einhalten.<\/li>\n<\/ul>\n\n\n\n<h3 class=\"wp-block-heading\">Vor- und Nachteile der Po Vergr\u00f6\u00dferung<\/h3>\n\n\n\n<h4 class=\"wp-block-heading\">Negative<\/h4>\n\n\n\n<p>Die Negative nach einer Ges\u00e4\u00dfvergr\u00f6\u00dferungsoperation h\u00e4ufen sich st\u00e4ndig, je nach Erfahrung des Chirurgen, zus\u00e4tzlich zu der Nichteinhaltung der nach der Operation empfohlenen Anweisungen durch den Patienten.<\/p>\n\n\n\n<h4 class=\"wp-block-heading\">Positiv<\/h4>\n\n\n\n<p>Bei erfolgreichen kosmetischen Ergebnissen gewinnt der Patient sein Selbstbewusstsein durch ein attraktiveres, weiblicheres und harmonischeres Aussehen des Po mit dem K\u00f6rper zur\u00fcck.<\/p>\n\n\n\n<h4 class=\"wp-block-heading\">Nebenwirkungen der Po-Vergr\u00f6\u00dferung<\/h4>\n\n\n\n<ul class=\"wp-block-list\">\n<li>Einige Prellungen auf der Haut.<\/li>\n\n\n\n<li>Leichter Juckreiz an der chirurgischen Nahtstelle.<\/li>\n\n\n\n<li>Beschwerden in der ersten Periode, insbesondere beim Sitzen oder Schlafen.<\/li>\n\n\n\n<li>Einfache und vor\u00fcbergehende Taubheit.<\/li>\n<\/ul>\n\n\n\n<h3 class=\"wp-block-heading\">Po Vergr\u00f6\u00dferung in der T\u00fcrkei \u0130stanbul<\/h3>\n\n\n\n<p>Die T\u00fcrkei im Allgemeinen und Istanbul im Besonderen ist aufgrund der vielen Vorteile, wie der Vielfalt der M\u00f6glichkeiten, der Kompetenz der \u00c4rzte, der Qualit\u00e4t der Service und angemessene Preise. Die brasilianische Butt-Lift-Operation gilt als eine der wichtigsten Optionen f\u00fcr Sch\u00f6nheitsoperationen, und ihre Kosten variieren je nach Zentrum oder Fall zwischen 3450 &#8211; 4450 Euro.<\/p>\n\n\n\n<h4 class=\"wp-block-heading\">Po Vergr\u00f6\u00dferung in Istanbul<\/h4>\n\n\n\n<p>Die Kosten f\u00fcr das brasilianische Butt Lifting variieren von Ort zu Ort aus mehreren Gr\u00fcnden:<\/p>\n\n\n\n<ul class=\"wp-block-list\">\n<li>Der Ruf des medizinischen Zentrums oder Krankenhauses.<\/li>\n\n\n\n<li>Erfahrung des Arztes.<\/li>\n\n\n\n<li>Zustand des Patienten<\/li>\n\n\n\n<li>Die angeschlossenen Dienstleistungen des Zentrums, da einige Zentren Pakete anbieten, die Behandlung, Unterkunft und Transport beinhalten.<\/li>\n<\/ul>\n\n\n\n<p>Bei Turk Aesthetic betragen die Kosten f\u00fcr die Ges\u00e4\u00dfvergr\u00f6\u00dferung 3450 &#8211; 4450 Euro. Um die Kosten des Pakets einschlie\u00dflich Unterkunft und Transport anzufordern, k\u00f6nnen Sie das Team von Turk Aesthetic \u00fcber die Kontaktseite kontaktieren.<\/p>\n\n\n\n<h2 class=\"wp-block-heading\">FAQ &#8211; Po Vergr\u00f6\u00dferung<\/h2>\n\n\n<div id=\"rank-math-faq\" class=\"rank-math-block\">\n<div class=\"rank-math-list \">\n<div id=\"faq-question-1677064158615\" class=\"rank-math-list-item\">\n<h3 class=\"rank-math-question \">Wie lange dauert der Brazilian Butt Lift Prozess?<\/h3>\n<div class=\"rank-math-answer \">\n\n<p>Etwa 3 Stunden je nach Fall<\/p>\n\n<\/div>\n<\/div>\n<div id=\"faq-question-1677064167256\" class=\"rank-math-list-item\">\n<h3 class=\"rank-math-question \">Wann erscheint das Ergebnis der Ges\u00e4\u00dfvergr\u00f6\u00dferung?<\/h3>\n<div class=\"rank-math-answer \">\n\n<p>Die Ergebnisse des Eingriffs sind unmittelbar und deutlich sichtbar, sobald die Auswirkungen der Operation nachlassen.<\/p>\n\n<\/div>\n<\/div>\n<div id=\"faq-question-1677064175100\" class=\"rank-math-list-item\">\n<h3 class=\"rank-math-question \">Wie hoch ist die Erfolgsrate einer Ges\u00e4\u00dfvergr\u00f6\u00dferung?<\/h3>\n<div class=\"rank-math-answer \">\n\n<p>Die Erfolgsrate der Operation ist im Vergleich zu anderen Operationen hoch und entspricht der gro\u00dfen Erfahrung des Arztes und der Verpflichtung des Patienten, die Anweisungen nach dem Eingriff einzuhalten.<\/p>\n\n<\/div>\n<\/div>\n<div id=\"faq-question-1677064183974\" class=\"rank-math-list-item\">\n<h3 class=\"rank-math-question \">Welche Art von An\u00e4sthesie wird bei der Ges\u00e4\u00dfvergr\u00f6\u00dferung verwendet?<\/h3>\n<div class=\"rank-math-answer \">\n\n<p>Eine Ges\u00e4\u00dfvergr\u00f6\u00dferung kann nur in Vollnarkose durchgef\u00fchrt werden.<\/p>\n\n<\/div>\n<\/div>\n<div id=\"faq-question-1677064192943\" class=\"rank-math-list-item\">\n<h3 class=\"rank-math-question \">Was kostet das Brazilian Butt Lift?<\/h3>\n<div class=\"rank-math-answer \">\n\n<p>Bei Turk Aesthetic Istanbul kostet eine Ges\u00e4\u00dfvergr\u00f6\u00dferung 3450 &#8211; 4450 Euro.<\/p>\n\n<\/div>\n<\/div>\n<div id=\"faq-question-1677064202020\" class=\"rank-math-list-item\">\n<h3 class=\"rank-math-question \">Wie lange ist die Erholungsphase nach einer Po-Vergr\u00f6\u00dferungsoperation?<\/h3>\n<div class=\"rank-math-answer \">\n\n<p>Ungef\u00e4hr eine Woche bis zehn Tage.<\/p>\n\n<\/div>\n<\/div>\n<div id=\"faq-question-1677064211280\" class=\"rank-math-list-item\">\n<h3 class=\"rank-math-question \">Sind die Ergebnisse der Ges\u00e4\u00dfvergr\u00f6\u00dferung dauerhaft?<\/h3>\n<div class=\"rank-math-answer \">\n\n<p>Die Ergebnisse einer Ges\u00e4\u00dfvergr\u00f6\u00dferung liegen zwischen 10-15 Jahren.<\/p>\n\n<\/div>\n<\/div>\n<\/div>\n<\/div>\n\n\n<p>Schlie\u00dflich k\u00f6nnen Sie unser Team direkt \u00fcber den Link&nbsp;<a href=\"http:\/\/turkaesthetic.com\/de\/contact-us\/\" target=\"_blank\" rel=\"noreferrer noopener\">kontaktieren<\/a>, um Informationen und Preise von&nbsp;<a href=\"https:\/\/www.youtube.com\/channel\/UC0zggzdm5CFwpRMmn_CPpFQ\" target=\"_blank\" rel=\"noreferrer noopener\">Turk Aesthetic<\/a>&nbsp;anzufordern.<a href=\"http:\/\/turkaesthetic.com\/de\/surgeries-de\/lip-lifting\/\"><\/a><a href=\"http:\/\/turkaesthetic.com\/de\/non-surgical-de\/cheek-filler\/\"><\/a><\/p>\n","protected":false},"excerpt":{"rendered":"<p>Po Vergr\u00f6\u00dferung (BBL) ist ein Verfahren, das darauf abzielt, das Ges\u00e4\u00df im Verh\u00e4ltnis zum K\u00f6rper zu vergr\u00f6\u00dfern; Dieser Prozess hat sich von einem relativ obskuren Verfahren zu einer der h\u00e4ufigsten plastischen Operationen entwickelt. Der Eingriff kann in einem Zeitraum von 2 bis 3 Stunden abgeschlossen und unter Vollnarkose durchgef\u00fchrt werden und muss eine Nacht im [&hellip;]<\/p>\n","protected":false},"author":1,"featured_media":14772,"parent":0,"menu_order":0,"comment_status":"closed","ping_status":"closed","template":"","meta":{"footnotes":""},"dep":[1354],"class_list":["post-15561","page","type-page","status-publish","has-post-thumbnail","hentry","dep-plastic-surgeries"],"_links":{"self":[{"href":"https:\/\/www.turkaesthetic.com\/de\/wp-json\/wp\/v2\/pages\/15561","targetHints":{"allow":["GET"]}}],"collection":[{"href":"https:\/\/www.turkaesthetic.com\/de\/wp-json\/wp\/v2\/pages"}],"about":[{"href":"https:\/\/www.turkaesthetic.com\/de\/wp-json\/wp\/v2\/types\/page"}],"author":[{"embeddable":true,"href":"https:\/\/www.turkaesthetic.com\/de\/wp-json\/wp\/v2\/users\/1"}],"replies":[{"embeddable":true,"href":"https:\/\/www.turkaesthetic.com\/de\/wp-json\/wp\/v2\/comments?post=15561"}],"version-history":[{"count":0,"href":"https:\/\/www.turkaesthetic.com\/de\/wp-json\/wp\/v2\/pages\/15561\/revisions"}],"wp:featuredmedia":[{"embeddable":true,"href":"https:\/\/www.turkaesthetic.com\/de\/wp-json\/wp\/v2\/media\/14772"}],"wp:attachment":[{"href":"https:\/\/www.turkaesthetic.com\/de\/wp-json\/wp\/v2\/media?parent=15561"}],"wp:term":[{"taxonomy":"dep","embeddable":true,"href":"https:\/\/www.turkaesthetic.com\/de\/wp-json\/wp\/v2\/dep?post=15561"}],"curies":[{"name":"wp","href":"https:\/\/api.w.org\/{rel}","templated":true}]}}