{"id":15516,"date":"2022-01-07T09:17:12","date_gmt":"2022-01-07T06:17:12","guid":{"rendered":"http:\/\/turkaesthetic.com\/arm-lift\/"},"modified":"2025-03-06T16:13:17","modified_gmt":"2025-03-06T13:13:17","slug":"arm-lift","status":"publish","type":"page","link":"https:\/\/www.turkaesthetic.com\/de\/arm-lift\/","title":{"rendered":"Oberarmstraffung"},"content":{"rendered":"\n<p>Eine <strong>Oberarmstraffung<\/strong> (Brachioplastik) ist ein kosmetischer Eingriff, bei dem Fett abgesaugt und schlaffe Haut gestrafft wird, die durch Gewichtsverlust, Alterung oder andere Faktoren verursacht wurde. H\u00e4ufige Ursachen f\u00fcr schlaffe Oberarme sind Alterung, Fettleibigkeit, pl\u00f6tzlicher Gewichtsverlust, genetische Veranlagung, hormonelle Ver\u00e4nderungen wie erh\u00f6hte \u00d6strogenaussch\u00fcttung, schlechte Ern\u00e4hrung mit Mangel an wichtigen Vitaminen und Mineralstoffen, Bewegungsmangel und Dehydrierung.<\/p>\n\n\n\n<p>Der Eingriff dauert normalerweise 2 bis 3 Stunden und wird unter Vollnarkose durchgef\u00fchrt. Die Patienten m\u00fcssen nach der Operation eine Nacht im Krankenhaus bleiben. Die Ergebnisse sind sofort sichtbar und werden deutlicher, wenn die Schwellung nach der Operation zur\u00fcckgeht. Bei richtiger Pflege k\u00f6nnen die Ergebnisse einer Oberarmstraffung 10 bis 20 Jahre anhalten.<\/p>\n\n\n\n<p>Nachfolgend finden Sie einige kurze Informationen zur Operation:<\/p>\n\n\n\n<figure class=\"wp-block-table\"><table><tbody><tr><td>An\u00e4sthesie<\/td><td>Allgemein<\/td><\/tr><tr><td>Verfahrensdauer<\/td><td>2-3 Stunden<\/td><\/tr><tr><td>Ergebnisse<\/td><td>Sofort \/ 10 -20 Jahre Ca.<\/td><\/tr><tr><td>Rekonvaleszenz<\/td><td>7-10 Tage<\/td><\/tr><tr><td>Aufenthalt im Krankenhaus<\/td><td>1 Nacht<\/td><\/tr><\/tbody><\/table><\/figure>\n\n\n\n<h2 class=\"wp-block-heading\">Wie wird eine Oberarmstraffung (Brachioplastik) durchgef\u00fchrt?<\/h2>\n\n\n\n<p>Vor dem Eingriff sammelt der Arzt detaillierte Informationen zur Krankengeschichte des Patienten, einschlie\u00dflich regelm\u00e4\u00dfig eingenommener Medikamente und bestehender Gesundheitszust\u00e4nde. Es folgt eine Besprechung der erwarteten Form der Arme nach der Operation, um sicherzustellen, dass die Ergebnisse harmonisch mit den Proportionen des K\u00f6rpers \u00fcbereinstimmen. Der Patient wird auch \u00fcber die Art der zu verwendenden An\u00e4sthesie und die erforderlichen Vorsichtsma\u00dfnahmen vor der An\u00e4sthesie informiert.<\/p>\n\n\n\n<p>Eine Reihe allgemeiner medizinischer Untersuchungen wird durchgef\u00fchrt, um sicherzustellen, dass der Patient bei guter Gesundheit und f\u00fcr den Eingriff geeignet ist. Die zu behandelnden Bereiche werden entsprechend markiert. W\u00e4hrend der Operation macht der Arzt einen chirurgischen Schnitt in einem verborgenen Bereich der Arme, entfernt \u00fcbersch\u00fcssige Haut und f\u00fchrt bei Bedarf eine Fettabsaugung durch. Abschlie\u00dfend werden die Gewebe gestrafft und die Schnitte mit kosmetischen aufl\u00f6sbaren N\u00e4hten geschlossen, um einen reibungslosen Heilungsprozess zu f\u00f6rdern.<\/p>\n\n\n\n<h3 class=\"wp-block-heading\">Video<\/h3>\n\n\n\n<p>Nachfolgend finden Sie ein Video, in dem die Operation zur Oberarmstraffung ausf\u00fchrlich erkl\u00e4rt wird:<\/p>\n\n\n\n<figure class=\"wp-block-embed is-type-video is-provider-youtube wp-block-embed-youtube wp-embed-aspect-16-9 wp-has-aspect-ratio\"><div class=\"wp-block-embed__wrapper\">\n<iframe loading=\"lazy\" title=\"Arm lift - Turk Aesthetic\" width=\"800\" height=\"450\" src=\"https:\/\/www.youtube.com\/embed\/aleyddeC4lI?feature=oembed\" frameborder=\"0\" allow=\"accelerometer; autoplay; clipboard-write; encrypted-media; gyroscope; picture-in-picture; web-share\" referrerpolicy=\"strict-origin-when-cross-origin\" allowfullscreen><\/iframe>\n<\/div><figcaption class=\"wp-element-caption\">Oberarmstraffung<\/figcaption><\/figure>\n\n\n\n<h3 class=\"wp-block-heading\">Arten von Oberarmstraffungen (Brachioplastik)<\/h3>\n\n\n\n<p>Es gibt drei Hauptarten dieses Eingriffs, die jeweils auf den Zustand des Patienten und das Ausma\u00df der Erschlaffung und Fettansammlung zugeschnitten sind:<\/p>\n\n\n\n<h4 class=\"wp-block-heading\">Mini-Oberarmstraffung<\/h4>\n\n\n\n<p>Eine Mini-Oberarmstraffung ist ideal f\u00fcr Personen mit minimal \u00fcbersch\u00fcssiger Haut. Bei dieser Technik wird ein kleiner chirurgischer Schnitt unter der Achselh\u00f6hle gemacht, um schlaffe Haut zu entfernen. Wenn \u00fcbersch\u00fcssiges Fett vorhanden ist, kann gleichzeitig eine Fettabsaugung durchgef\u00fchrt werden, um die Ergebnisse zu verbessern.<\/p>\n\n\n\n<figure class=\"wp-block-image size-full\"><img loading=\"lazy\" decoding=\"async\" width=\"1024\" height=\"576\" src=\"http:\/\/turkaesthetic.com\/wp-content\/uploads\/2022\/01\/minmal-arm-lift.webp\" alt=\"Armstraffung in der t\u00fcrkei\" class=\"wp-image-14791\"\/><figcaption class=\"wp-element-caption\">Armstraffung in der t\u00fcrkei\n<\/figcaption><\/figure>\n\n\n\n<h4 class=\"wp-block-heading\">Umfassende Oberarmstraffung<\/h4>\n\n\n\n<p>Diese Technik wird bei m\u00e4\u00dfig schlaffer Haut angewendet. Der Schnitt reicht von der Achselh\u00f6hle bis zum Ellenbogen und erm\u00f6glicht eine st\u00e4rkere Straffung der Haut. Bei Bedarf kann w\u00e4hrend des Eingriffs auch eine Fettabsaugung durchgef\u00fchrt werden.<\/p>\n\n\n\n<h3 class=\"wp-block-heading\">Standard-Oberarmstraffung<\/h3>\n\n\n\n<p>Bei starker Hauterschlaffung wird die vollst\u00e4ndige Oberarmstraffung empfohlen. Bei dieser Technik wird ein T-f\u00f6rmiger Schnitt entlang des Arms gemacht, der von der Achselh\u00f6hle bis zum Ellenbogen reicht. Diese Methode ist die umfassendste und entfernt effektiv \u00fcbersch\u00fcssige Haut und Fett, um ein jugendlicheres und strafferes Aussehen zu erzielen.<\/p>\n\n\n\n<h4 class=\"wp-block-heading\">Nicht-chirurgische Oberarmstraffung<\/h4>\n\n\n\n<p>F\u00fcr Personen, die einen nicht-chirurgischen Ansatz bevorzugen, kann eine Oberarmstraffung durch minimalinvasive Verfahren erreicht werden. Diese Methoden sind schnell und einfach durchzuf\u00fchren, die Ergebnisse sind jedoch vor\u00fcbergehend und m\u00f6glicherweise nicht f\u00fcr starke Erschlaffung geeignet. Die beiden wichtigsten nicht-chirurgischen Techniken sind:<\/p>\n\n\n\n<ul class=\"wp-block-list\">\n<li>Laser-Armstraffung \u2013 Verwendet Laserenergie, um die Kollagenproduktion anzuregen und die Hautfestigkeit zu verbessern.<\/li>\n\n\n\n<li>HIFU (hochintensiver fokussierter Ultraschall) \u2013 Dringt tief in die Hautschichten ein, um schlaffe Arme zu straffen und zu regenerieren.<\/li>\n<\/ul>\n\n\n\n<h3 class=\"wp-block-heading\">Wer kann sich einer Oberarmstraffung unterziehen?<\/h3>\n\n\n\n<p>Personen, die die folgenden Kriterien erf\u00fcllen, sind geeignete Kandidaten f\u00fcr die Operation:<\/p>\n\n\n\n<ul class=\"wp-block-list\">\n<li>\u00dcber 20 Jahre alt und in gutem Allgemeinzustand<\/li>\n\n\n\n<li>Sie leiden unter schlaffen Armen aufgrund von Gewichtsverlust oder genetischen Faktoren<\/li>\n\n\n\n<li>Sie suchen nach einer langfristigen L\u00f6sung, um das Aussehen ihrer Arme zu verbessern und ihr Selbstvertrauen zur\u00fcckzugewinnen<\/li>\n<\/ul>\n\n\n\n<h3 class=\"wp-block-heading\">Wer sollte eine Oberarmstraffung vermeiden?<\/h3>\n\n\n\n<ul class=\"wp-block-list\">\n<li>Personen unter 20 Jahren<\/li>\n\n\n\n<li>Personen, die an chronischen oder ansteckenden Krankheiten leiden<\/li>\n\n\n\n<li>Patienten mit leichten Hautfalten, die von nicht-chirurgischen Behandlungen wie Laser oder HIFU anstelle einer Operation profitieren k\u00f6nnen<\/li>\n<\/ul>\n\n\n\n<h4 class=\"wp-block-heading\">Der Arzt, der die Operation durchf\u00fchrt<\/h4>\n\n\n\n<p>Eine Oberarmstraffung ist ein spezieller kosmetischer Eingriff, der von einem erfahrenen plastischen Chirurgen durchgef\u00fchrt werden muss. \u00c4rzte aus anderen medizinischen Bereichen k\u00f6nnen diese Art von Operation nicht durchf\u00fchren. Bei der Auswahl eines Krankenhauses oder einer medizinischen Klinik ist es wichtig, Folgendes sicherzustellen:<\/p>\n\n\n\n<ul class=\"wp-block-list\">\n<li>Eine zuverl\u00e4ssige und zertifizierte medizinische Klinik<\/li>\n\n\n\n<li>Eine sterile klinische Umgebung mit hohen Hygienestandards<\/li>\n\n\n\n<li>Ein hochqualifizierter und erfahrener plastischer Chirurg<\/li>\n<\/ul>\n\n\n\n<p>Die Kosten des Eingriffs k\u00f6nnen die Qualit\u00e4t und Glaubw\u00fcrdigkeit der Klinik widerspiegeln. Es wird empfohlen, nicht \u00fcber den Preis zu verhandeln, da ein h\u00f6herer Preis oft bessere Ergebnisse, Sicherheit und Fachkompetenz garantiert.<\/p>\n\n\n\n<h3 class=\"wp-block-heading\">Bei Oberarmstraffungen verwendete An\u00e4sthesie<\/h3>\n\n\n\n<p>Der Eingriff wird unter Vollnarkose durchgef\u00fchrt. Aus Sicherheitsgr\u00fcnden darf der Patient mindestens 6 Stunden vor der Operation nichts essen und trinken, um Magenbeschwerden vorzubeugen, und muss nach dem Eingriff eine Nacht zur \u00dcberwachung und Erholung im Krankenhaus bleiben.llnarkose durchgef\u00fchrt werden. Der Patient muss 6 Stunden vor der Operation aufh\u00f6ren zu essen und zu trinken, um ein unangenehmes Gef\u00fchl im Magen zu vermeiden. Nach dem Aufwachen aus der Operation bleibt der Patient f\u00fcr eine Nacht unter Vollnarkose im Krankenhaus.<\/p>\n\n\n\n<h3 class=\"wp-block-heading\">Verfahrensschritte zur Armstraffung in der T\u00fcrkei<\/h3>\n\n\n<div id=\"rank-math-howto\" class=\"rank-math-block\" >\n<div class=\"rank-math-howto-description\">\n\n<p>Die Arm Straffungsoperation durchl\u00e4uft wie andere Operationen drei Phasen:<\/p>\n\n<\/div>\n<p class=\"rank-math-howto-duration\"><strong>Gesamtzeit:<\/strong> <span>3 Stunden<\/span><\/p>\n<div class=\"rank-math-steps \">\n<div id=\"howto-step-1677851042271\" class=\"rank-math-step\">\n<h3 class=\"rank-math-step-title \"><strong>Vor dem Verfahren<\/strong><\/h3>\n<div class=\"rank-math-step-content \"><p>Vor Beginn der Armstraffung ist Vor der Operation muss der Patient:<br \/>-den Arzt \u00fcber chronische Krankheiten oder eingenommene Medikamente informieren.<br \/>-die erwarteten Ergebnisse mit dem Arzt besprechen.<br \/>-aufgrund der erforderlichen Narkose mindestens 6 Stunden vor der Operation auf Essen und Trinken verzichten.<br \/>-mindestens eine Woche vor dem Eingriff auf Alkohol und Rauchen verzichten.<br \/>-blutverd\u00fcnnende Medikamente wie Aspirin absetzen (nur nach R\u00fccksprache mit dem Arzt).<br \/>am Tag der Operation bequeme Kleidung tragen.<\/p>\n<\/div>\n<\/div>\n<div id=\"howto-step-1677851066505\" class=\"rank-math-step\">\n<h3 class=\"rank-math-step-title \"><strong>W\u00e4hrend des Verfahrens<\/strong><\/h3>\n<div class=\"rank-math-step-content \"><p>Eine Oberarmstraffung wird je nach Zustand des Patienten und Grad der Erschlaffung in verschiedene Arten unterteilt, je nachdem, ob es sich um eine Mini-, Standard- oder umfangreiche Operation handelt. W\u00e4hrend des Eingriffs:<br \/>-an einer verborgenen Stelle der Arme wird ein chirurgischer Schnitt vorgenommen.<br \/>-bei Bedarf wird eine Fettabsaugung durchgef\u00fchrt.<br \/>\u00dcbersch\u00fcssige, schlaffe Haut wird vorsichtig entfernt.<br \/>Die Haut wird mit aufl\u00f6sbaren kosmetischen F\u00e4den vern\u00e4ht, die innerhalb von zwei Wochen auf nat\u00fcrliche Weise verschwinden.<\/p>\n<\/div>\n<\/div>\n<div id=\"howto-step-1677851076909\" class=\"rank-math-step\">\n<h3 class=\"rank-math-step-title \"><strong>Nach dem Verfahren<\/strong><\/h3>\n<div class=\"rank-math-step-content \"><p>Nach der Operation muss der Patient ein oder zwei N\u00e4chte im Krankenhaus bleiben. Der plastische Chirurg wird spezifische Anweisungen geben, um eine ordnungsgem\u00e4\u00dfe Heilung zu gew\u00e4hrleisten. Um die besten Ergebnisse zu erzielen, muss der Patient:<br \/>Sich vollst\u00e4ndig ausruhen und verschriebene Schmerzmittel und entz\u00fcndungshemmende Medikamente einnehmen.<br \/>Rauchen vermeiden und die Einnahme blutverd\u00fcnnender Medikamente einstellen.<br \/>Viel Fl\u00fcssigkeit trinken, um eine schnellere Genesung und Wundheilung zu unterst\u00fctzen.<br \/>Ausreichend schlafen und f\u00fcr einen vom Arzt festgelegten Zeitraum nur auf dem R\u00fccken liegen.<br \/>F\u00fcr eine optimale Heilung die richtigen Anweisungen zur Wundpflege befolgen.<\/p>\n<\/div>\n<\/div>\n<\/div>\n<\/div>\n<p class=\"rank-math-howto-estimatedCost\"><strong>Gesch\u00e4tzte Kosten:<\/strong> <span>2500 Euro<\/span><\/p>\n\n\n\n\n\n<h3 class=\"wp-block-heading\">Vor und nach der Oberarmstraffung<\/h3>\n\n\n\n<p>Patienten k\u00f6nnen nach dem Eingriff deutliche Verbesserungen feststellen. Viele Vorher-Nachher-Fotos erfolgreicher Operationen bei Turk Aesthetic in Istanbul zeigen die Transformation.<\/p>\n\n\n\n<figure class=\"wp-block-gallery has-nested-images columns-default is-cropped wp-block-gallery-1 is-layout-flex wp-block-gallery-is-layout-flex\">\n<figure class=\"wp-block-image size-large\"><img loading=\"lazy\" decoding=\"async\" width=\"1200\" height=\"800\" data-id=\"50377\" src=\"https:\/\/www.turkaesthetic.com\/wp-content\/uploads\/2024\/01\/Arm-lift-before-after-5.webp\" alt=\"Vor und nach der Oberarmstraffung in T\u00fcrkei\" class=\"wp-image-50377\"\/><figcaption class=\"wp-element-caption\">Vor und nach der Oberarmstraffung in T\u00fcrkei<\/figcaption><\/figure>\n\n\n\n<figure class=\"wp-block-image size-large\"><img loading=\"lazy\" decoding=\"async\" width=\"1200\" height=\"800\" data-id=\"44928\" src=\"https:\/\/www.turkaesthetic.com\/wp-content\/uploads\/2023\/11\/before-after-arm-lift-4.jpg\" alt=\"Vor und nach der Oberarmstraffung in T\u00fcrkiye\" class=\"wp-image-44928\"\/><figcaption class=\"wp-element-caption\">Vor und nach der Oberarmstraffung in T\u00fcrkiye<\/figcaption><\/figure>\n\n\n\n<figure class=\"wp-block-image size-large\"><img loading=\"lazy\" decoding=\"async\" width=\"1200\" height=\"800\" data-id=\"44919\" src=\"https:\/\/www.turkaesthetic.com\/wp-content\/uploads\/2023\/11\/before-after-arm-lift-3.jpg\" alt=\"Vor und nach der Oberarmstraffung in T\u00fcrkiye\" class=\"wp-image-44919\"\/><figcaption class=\"wp-element-caption\">Vor und nach der Oberarmstraffung in T\u00fcrkiye<\/figcaption><\/figure>\n<\/figure>\n\n\n\n<h3 class=\"wp-block-heading\">Oberarmstraffung mit Laser<\/h3>\n\n\n\n<p>Die Lasertechnologie hat als nicht-chirurgische Option zur Straffung der Oberarme an Popularit\u00e4t gewonnen. Sie funktioniert durch die Aussendung von Strahlen, die die Kollagenproduktion anregen und die Haut strahlender und jugendlicher erscheinen lassen.<\/p>\n\n\n\n<p>Sitzungsdauer: 30\u201345 Minuten<br>Erforderliche Sitzungen: Mehrere Sitzungen f\u00fcr langanhaltende Ergebnisse<br>HIFU (hochintensiver fokussierter Ultraschall)<br>Bei der HIFU-Technik dringen Ultraschallwellen tief in die Haut ein, straffen sie auf nat\u00fcrliche Weise und stimulieren die Kollagenproduktion.<\/p>\n\n\n\n<p>Sitzungsdauer: 30\u201345 Minuten<br>Ergebnisse halten an: etwa ein Jahr<\/p>\n\n\n\n<h4 class=\"wp-block-heading\">Die chirurgische Option<\/h4>\n\n\n\n<p>Dies ist die effektivste und dauerhafteste L\u00f6sung bei starker Erschlaffung. Je nach Grad der Erschlaffung wird in Mini-, Standard- oder umfangreiche Oberarmstraffungen eingeteilt.<\/p>\n\n\n\n<p>Mini-Oberarmstraffung: Kleiner Einschnitt unter der Achselh\u00f6hle bei leichter Erschlaffung.<\/p>\n\n\n\n<p>Standard-Oberarmstraffung: Erstreckt sich von der Achselh\u00f6hle bis zum Ellenbogen bei m\u00e4\u00dfiger Erschlaffung.<br>Umfangreiche Oberarmstraffung: Bei starker Erschlaffung wird ein T-f\u00f6rmiger Einschnitt vorgenommen.<br>Die chirurgische Option wird f\u00fcr lang anhaltende, dramatische Verbesserungen empfohlen, w\u00e4hrend Laser und HIFU f\u00fcr leichte F\u00e4lle besser geeignet sind.<\/p>\n\n\n\n<h5 class=\"wp-block-heading\">Anweisungen f\u00fcr die Zeit nach der Operation<\/h5>\n\n\n\n<p>Nach der Operation m\u00fcssen die Patienten mehrere wichtige Richtlinien einhalten, um eine ordnungsgem\u00e4\u00dfe Heilung und die bestm\u00f6glichen Ergebnisse sicherzustellen:<\/p>\n\n\n\n<ul class=\"wp-block-list\">\n<li>Befolgen Sie die Anweisungen des Arztes genau und nehmen Sie verschriebene Medikamente p\u00fcnktlich ein.<\/li>\n\n\n\n<li>Vermeiden Sie direkte Sonneneinstrahlung oder Hitze, um Komplikationen vorzubeugen.<\/li>\n\n\n\n<li>Schlafen Sie nur auf dem R\u00fccken und sorgen Sie f\u00fcr h\u00e4ufige Bewegung, um Steifheit zu vermeiden.<\/li>\n\n\n\n<li>Trinken Sie viel Wasser und Fl\u00fcssigkeiten, um die Genesung zu unterst\u00fctzen.<\/li>\n\n\n\n<li>Tragen Sie das vom Arzt bereitgestellte Kompressionskorsett f\u00fcr den empfohlenen Zeitraum, um Schwellungen zu reduzieren und die Heilung zu unterst\u00fctzen.<\/li>\n<\/ul>\n\n\n\n<h3 class=\"wp-block-heading\">Vor- und Nachteile der Operation<\/h3>\n\n\n\n<p><strong>Negative<\/strong><\/p>\n\n\n\n<p>Die Herausforderungen einer Oberarmstraffungsoperation h\u00e4ngen weitgehend von der Expertise des Chirurgen und der Einhaltung der Anweisungen f\u00fcr die Zeit nach der Operation durch den Patienten ab. M\u00f6gliche Nachteile sind:<\/p>\n\n\n\n<ul class=\"wp-block-list\">\n<li>Nichterreichen der erwarteten Ergebnisse, wenn der Eingriff nicht richtig durchgef\u00fchrt wird.<\/li>\n\n\n\n<li>In seltenen F\u00e4llen leichte Asymmetrie zwischen beiden Armen.<\/li>\n\n\n\n<li>Vor\u00fcbergehende Einschr\u00e4nkung der Armbewegung in der ersten Erholungsphase.<\/li>\n<\/ul>\n\n\n\n<p><strong>Positiv<\/strong><\/p>\n\n\n\n<p>Bei erfolgreicher Durchf\u00fchrung bietet es mehrere \u00e4sthetische und psychologische Vorteile, darunter:<\/p>\n\n\n\n<p>Gesteigertes Selbstbewusstsein durch verbessertes Aussehen der Arme.<br>Ein jugendlicheres, strafferes und strafferes Aussehen nach Beseitigung des H\u00e4ngens.<br>Wiederherstellung der nat\u00fcrlichen Armform f\u00fcr eine proportionalere und attraktivere Figur.<\/p>\n\n\n\n<p><strong>Nebenwirkungen der Operation<\/strong><\/p>\n\n\n\n<ul class=\"wp-block-list\">\n<li>Schwellung und R\u00f6tung in den Armen (vor\u00fcbergehend).<\/li>\n\n\n\n<li>Leichtes Jucken an der Operationsnahtstelle.<\/li>\n\n\n\n<li>Unwohlsein in der fr\u00fchen Erholungsphase.<\/li>\n\n\n\n<li>Vor\u00fcbergehende Taubheit im behandelten Bereich.<\/li>\n\n\n\n<li>Leichte Schmerzen, die mit \u00e4rztlich verschriebenen Schmerzmitteln behandelt werden k\u00f6nnen.<\/li>\n<\/ul>\n\n\n\n<h3 class=\"wp-block-heading\">Oberarmstraffungsoperation in der T\u00fcrkei (Istanbul)<\/h3>\n\n\n\n<p>Die T\u00fcrkei im Allgemeinen und Istanbul im Besonderen sind beliebte Reiseziele f\u00fcr viele Touristen, die sowohl zur Behandlung als auch zum Tourismus kommen. Dies liegt an den zahlreichen Vorteilen, die sie bieten, wie z. B. eine breite Palette an Optionen, das Fachwissen der \u00c4rzte, die Servicequalit\u00e4t und angemessene Preise. Eine Oberarmstraffung ist in der T\u00fcrkei eine der gefragtesten Sch\u00f6nheitsoperationen. Die Kosten liegen je nach Klinik und Operationsdetails zwischen 2.500 und 3.500 Euro.<\/p>\n\n\n\n<h4 class=\"wp-block-heading\">Kosten einer Oberarmstraffung in Istanbul, T\u00fcrkei<\/h4>\n\n\n\n<p>Die Kosten einer Oberarmstraffung in der T\u00fcrkei h\u00e4ngen von mehreren Faktoren ab:<\/p>\n\n\n\n<ul class=\"wp-block-list\">\n<li>Der Ruf der Klinik oder des Krankenhauses<\/li>\n\n\n\n<li>Die Erfahrung des Arztes<\/li>\n\n\n\n<li>Details des Eingriffs<\/li>\n\n\n\n<li>Die zus\u00e4tzlichen Leistungen der Klinik, da einige Kliniken Pakete anbieten, die Behandlung, Unterkunft und Transport beinhalten<\/li>\n\n\n\n<li>Bei Turk Aesthetic in Istanbul, T\u00fcrkei, richten sich die Kosten der Operation nach den Details des Eingriffs und liegen zwischen 2.500 und 3.500 Euro.<\/li>\n<\/ul>\n\n\n\n<p>Um die Kosten eines Pakets mit Unterkunft und Transport zu erfragen, k\u00f6nnen Sie das Team von Turk Aesthetic \u00fcber die Kontaktseite kontaktieren.<\/p>\n\n\n\n<h2 class=\"wp-block-heading\">FAQ &#8211; Armstraffung<\/h2>\n\n\n<div id=\"rank-math-faq\" class=\"rank-math-block\">\n<div class=\"rank-math-list \">\n<div id=\"faq-question-1677851148821\" class=\"rank-math-list-item\">\n<h3 class=\"rank-math-question \"><strong>Wie lange dauert eine Oberarmstraffung?<\/strong><\/h3>\n<div class=\"rank-math-answer \">\n\n<p>Je nach Operationsdetails etwa 2 bis 3 Stunden.<\/p>\n\n<\/div>\n<\/div>\n<div id=\"faq-question-1741263746120\" class=\"rank-math-list-item\">\n<h3 class=\"rank-math-question \">Wann werden die Ergebnisse der Oberarmstraffung sichtbar?<\/h3>\n<div class=\"rank-math-answer \">\n\n<p>Die Ergebnisse des Eingriffs sind sofort sichtbar und k\u00f6nnen deutlich gesehen werden, sobald die Wirkung der Operation nachl\u00e4sst.<\/p>\n\n<\/div>\n<\/div>\n<div id=\"faq-question-1741263748945\" class=\"rank-math-list-item\">\n<h3 class=\"rank-math-question \">Wie hoch ist die Erfolgsrate einer Brachioplastik?<\/h3>\n<div class=\"rank-math-answer \">\n\n<p>Der Grad der Ergebnisse ist proportional zum K\u00f6nnen des Arztes, der den Eingriff durchf\u00fchrt, und dem Engagement des Patienten f\u00fcr die empfohlenen medizinischen Anweisungen nach der Operation. Im Allgemeinen ist die Erfolgsrate der Operation im Vergleich zu anderen Operationen hoch.<\/p>\n\n<\/div>\n<\/div>\n<div id=\"faq-question-1741263755325\" class=\"rank-math-list-item\">\n<h3 class=\"rank-math-question \">Welche Art der An\u00e4sthesie wird bei einer Oberarmstraffung verwendet?<\/h3>\n<div class=\"rank-math-answer \">\n\n<p>Eine Oberarmstraffungsoperation kann unter Vollnarkose durchgef\u00fchrt werden.<\/p>\n\n<\/div>\n<\/div>\n<div id=\"faq-question-1741263762170\" class=\"rank-math-list-item\">\n<h3 class=\"rank-math-question \">Was kostet eine Oberarmstraffungsoperation in der T\u00fcrkei?<br><\/h3>\n<div class=\"rank-math-answer \">\n\n<p>Bei Turk Aesthetic Istanbul liegen die Kosten f\u00fcr eine Oberarmstraffungsoperation zwischen 2500 und 3500 Euro.<\/p>\n\n<\/div>\n<\/div>\n<div id=\"faq-question-1741263768696\" class=\"rank-math-list-item\">\n<h3 class=\"rank-math-question \">Wie lange dauert die Erholungsphase nach einer Brachioplastik?<\/h3>\n<div class=\"rank-math-answer \">\n\n<p>Ungef\u00e4hr eine Woche bis zehn Tage.<\/p>\n\n<\/div>\n<\/div>\n<div id=\"faq-question-1741263780236\" class=\"rank-math-list-item\">\n<h3 class=\"rank-math-question \">Sind die Ergebnisse einer Oberarmstraffungsoperation dauerhaft?<\/h3>\n<div class=\"rank-math-answer \">\n\n<p>Eine Oberarmstraffung ist eine radikale L\u00f6sung, um Falten und schlaffe Haut loszuwerden, und die Ergebnisse k\u00f6nnen 10 bis 20 Jahre anhalten.<\/p>\n\n<\/div>\n<\/div>\n<div id=\"faq-question-1741263784192\" class=\"rank-math-list-item\">\n<h3 class=\"rank-math-question \">Was kostet eine nicht-chirurgische Oberarmstraffung?<\/h3>\n<div class=\"rank-math-answer \">\n\n<p>Die Kosten variieren je nach Art der verwendeten Technik und der Anzahl der durchgef\u00fchrten Sitzungen.<\/p>\n\n<\/div>\n<\/div>\n<\/div>\n<\/div>\n\n\n<p>Schlie\u00dflich k\u00f6nnen Sie unser Team direkt \u00fcber den Link&nbsp;<a href=\"http:\/\/turkaesthetic.com\/de\/contact-us\/\" target=\"_blank\" rel=\"noreferrer noopener\">kontaktieren<\/a>, um Informationen und Preise von&nbsp;<a href=\"https:\/\/www.youtube.com\/channel\/UC0zggzdm5CFwpRMmn_CPpFQ\" target=\"_blank\" rel=\"noreferrer noopener\">Turk Aesthetic<\/a>&nbsp;anzufordern.<a href=\"http:\/\/turkaesthetic.com\/de\/surgeries-de\/lip-lifting\/\"><\/a><a href=\"http:\/\/turkaesthetic.com\/de\/non-surgical-de\/cheek-filler\/\"><\/a><\/p>\n","protected":false},"excerpt":{"rendered":"<p>Eine Oberarmstraffung (Brachioplastik) ist ein kosmetischer Eingriff, bei dem Fett abgesaugt und schlaffe Haut gestrafft wird, die durch Gewichtsverlust, Alterung oder andere Faktoren verursacht wurde. H\u00e4ufige Ursachen f\u00fcr schlaffe Oberarme sind Alterung, Fettleibigkeit, pl\u00f6tzlicher Gewichtsverlust, genetische Veranlagung, hormonelle Ver\u00e4nderungen wie erh\u00f6hte \u00d6strogenaussch\u00fcttung, schlechte Ern\u00e4hrung mit Mangel an wichtigen Vitaminen und Mineralstoffen, Bewegungsmangel und Dehydrierung. Der [&hellip;]<\/p>\n","protected":false},"author":1,"featured_media":14786,"parent":0,"menu_order":0,"comment_status":"closed","ping_status":"closed","template":"","meta":{"footnotes":""},"dep":[1354],"class_list":["post-15516","page","type-page","status-publish","has-post-thumbnail","hentry","dep-plastic-surgeries"],"_links":{"self":[{"href":"https:\/\/www.turkaesthetic.com\/de\/wp-json\/wp\/v2\/pages\/15516","targetHints":{"allow":["GET"]}}],"collection":[{"href":"https:\/\/www.turkaesthetic.com\/de\/wp-json\/wp\/v2\/pages"}],"about":[{"href":"https:\/\/www.turkaesthetic.com\/de\/wp-json\/wp\/v2\/types\/page"}],"author":[{"embeddable":true,"href":"https:\/\/www.turkaesthetic.com\/de\/wp-json\/wp\/v2\/users\/1"}],"replies":[{"embeddable":true,"href":"https:\/\/www.turkaesthetic.com\/de\/wp-json\/wp\/v2\/comments?post=15516"}],"version-history":[{"count":0,"href":"https:\/\/www.turkaesthetic.com\/de\/wp-json\/wp\/v2\/pages\/15516\/revisions"}],"wp:featuredmedia":[{"embeddable":true,"href":"https:\/\/www.turkaesthetic.com\/de\/wp-json\/wp\/v2\/media\/14786"}],"wp:attachment":[{"href":"https:\/\/www.turkaesthetic.com\/de\/wp-json\/wp\/v2\/media?parent=15516"}],"wp:term":[{"taxonomy":"dep","embeddable":true,"href":"https:\/\/www.turkaesthetic.com\/de\/wp-json\/wp\/v2\/dep?post=15516"}],"curies":[{"name":"wp","href":"https:\/\/api.w.org\/{rel}","templated":true}]}}