{"id":15332,"date":"2022-01-10T13:28:53","date_gmt":"2022-01-10T10:28:53","guid":{"rendered":"http:\/\/turkaesthetic.com\/prp\/"},"modified":"2024-01-26T12:52:33","modified_gmt":"2024-01-26T09:52:33","slug":"prp","status":"publish","type":"page","link":"https:\/\/www.turkaesthetic.com\/de\/prp\/","title":{"rendered":"PRP Behandlung"},"content":{"rendered":"\n<p>Die PRP Behandlung in der T\u00fcrkei ist eine Technik zur Behandlung verschiedener Gesundheitsprobleme wie <a href=\"https:\/\/de.wikipedia.org\/wiki\/Haarausfall\" data-type=\"URL\" data-id=\"https:\/\/de.wikipedia.org\/wiki\/Haarausfall\" target=\"_blank\" rel=\"noreferrer noopener\"><strong>Haarausfall<\/strong><\/a>, Behandlung von Hautproblemen, Gelenkverletzungen, Sehnenentz\u00fcndungen und anderen Dingen, die wir in diesem Artikel erw\u00e4hnen werden. Das Plasma wird aus dem Blut extrahiert und wieder in den zu behandelnden Bereich injiziert.<\/p>\n\n\n\n<p>Die PRP-Sitzung (Plated Rich Plasma) ist sehr einfach und bietet gro\u00dfe Vorteile, die nur innerhalb von 20 Minuten ohne An\u00e4sthesie durchgef\u00fchrt werden kann. Hier unten einige kurze Informationen zu PRP.<\/p>\n\n\n\n<figure class=\"wp-block-table\"><table><tbody><tr><td>An\u00e4sthesie<\/td><td>Keine Notwendigkeit (Bet\u00e4ubungscreme)<\/td><\/tr><tr><td>Prozessdauer<\/td><td>20 Minuten<\/td><\/tr><tr><td>Sonderf\u00e4lle<\/td><td>Manchmal ist eine Wiederholungssitzung erforderlich<\/td><\/tr><tr><td>Ergebnisse<\/td><td>Je nach Fall<\/td><\/tr><tr><td>Rekonvaleszenz<\/td><td>Das ist nicht n\u00f6tig<\/td><\/tr><tr><td>Kosten in Turk Aesthetic<\/td><td>175 EUR<\/td><\/tr><\/tbody><\/table><figcaption class=\"wp-element-caption\">PRP Behandlung in der T\u00fcrkei<\/figcaption><\/figure>\n\n\n\n<h2 class=\"wp-block-heading\">Wie wird die PRP Behandlung in Der T\u00fcrkei durchgef\u00fchrt?<\/h2>\n\n\n\n<p>Plasma wird hergestellt, indem eine kleine Menge Blut des Patienten entnommen und in ein spezielles R\u00f6hrchen gegeben wird. Dieses R\u00f6hrchen wird dann in ein spezielles Ger\u00e4t, die Zentrifuge, gegeben, wo dieses Ger\u00e4t das Blutplasma von den anderen Blutbestandteilen trennt. Dann wird dieses Plasma in eine kleine Spritze gegeben, um mit der Injektion in den Bereich zu beginnen, in dem das Verfahren angewendet werden soll. Dieser Vorgang dauert durchschnittlich 10 bis 20 Minuten.<\/p>\n\n\n\n<h3 class=\"wp-block-heading\">PRP Behandlung in Der T\u00fcrkei Video<\/h3>\n\n\n\n<p>Das folgende Video zeigt, wie die Plasmabehandlung funktioniert.<\/p>\n\n\n\n<figure class=\"wp-block-embed is-type-video is-provider-youtube wp-block-embed-youtube wp-embed-aspect-16-9 wp-has-aspect-ratio\"><div class=\"wp-block-embed__wrapper\">\n<iframe loading=\"lazy\" title=\"PRP injection in Turkey (20) minutes - Turk Aesthetic\" width=\"800\" height=\"450\" src=\"https:\/\/www.youtube.com\/embed\/JP3km_SrDaY?feature=oembed\" frameborder=\"0\" allow=\"accelerometer; autoplay; clipboard-write; encrypted-media; gyroscope; picture-in-picture; web-share\" allowfullscreen><\/iframe>\n<\/div><figcaption class=\"wp-element-caption\">PRP Behandlung in der T\u00fcrkei<\/figcaption><\/figure>\n\n\n\n<h3 class=\"wp-block-heading\">Wer kann eine PRP Behandlung in Der T\u00fcrkei durchf\u00fchren?<\/h3>\n\n\n\n<p>Viele M\u00e4nner und Frauen unterschiedlicher Altersgruppen greifen aus mehreren Gr\u00fcnden auf PRP-Sitzungen zur\u00fcck, und die wichtigsten Personen, die f\u00fcr dieses Verfahren geeignet sind, sind:<\/p>\n\n\n\n<ul class=\"wp-block-list\">\n<li>Personen \u00fcber 18 Jahren.<\/li>\n\n\n\n<li>Sie sind bei guter Gesundheit.<\/li>\n\n\n\n<li>Sie leiden an keinen schweren oder ansteckenden Krankheiten.<\/li>\n<\/ul>\n\n\n\n<h3 class=\"wp-block-heading\">Wer kann in der T\u00fcrkei keine PRP-Behandlung durchf\u00fchren?<\/h3>\n\n\n\n<p>Die PRP Behandlung in Der T\u00fcrkei ist ein einfaches Verfahren und birgt keine nennenswerten Risiken, aber es ist immer besser, den Arzt \u00fcber chronische Krankheiten, an denen Sie m\u00f6glicherweise leiden, oder eventuell verwendete Medikamente zu informieren, und einige k\u00f6nnen davon ausgeschlossen sein Verfahren, wie z. B. Personen, die an ansteckenden Krankheiten oder Erkrankungen leiden Ernsthaft nach R\u00fccksprache mit einem Arzt.<\/p>\n\n\n\n<h3 class=\"wp-block-heading\">Der Arzt, der eine PRP-Sitzung durchf\u00fchrt?<\/h3>\n\n\n\n<p>Die Plasmainjektion sollte wie jedes andere Verfahren nur von Spezialisten auf diesem Gebiet durchgef\u00fchrt werden. Aufgrund der Einfachheit des Verfahrens kann jede Person im medizinischen Bereich mit ausreichender Ausbildung oder mit einer akkreditierten Ausbildung wie plastische Chirurgen, nicht-chirurgische plastische Chirurgen oder Dermatologen solche Verfahren durchf\u00fchren.<\/p>\n\n\n\n<h3 class=\"wp-block-heading\">An\u00e4sthesietyp, der w\u00e4hrend der PRP-Sitzung verwendet wird<\/h3>\n\n\n\n<p>Die Plasmainjektion ist ein Verfahren, das keine signifikanten Schmerzen verursacht. Manchmal kann jedoch eine \u00f6rtliche Bet\u00e4ubungscreme aufgetragen werden, um das Gef\u00fchl des Nadelkribbelns zu lindern, und manchmal kann die Sitzung ohne jegliche An\u00e4sthesiemethode durchgef\u00fchrt werden.<\/p>\n\n\n\n<h3 class=\"wp-block-heading\">PRP-Anwendungen in der T\u00fcrkei<\/h3>\n\n\n\n<h4 class=\"wp-block-heading\">Plasma gegen Haarausfall<\/h4>\n\n\n\n<p>PRP Behandlung in Der T\u00fcrkei werden in mehrere Bereiche des K\u00f6rpers durchgef\u00fchrt, und zu den wichtigsten Bereichen, f\u00fcr die Plasmainjektionen angewendet werden, geh\u00f6rt der Kopfhautbereich, oder wie es Plasmainjektionen f\u00fcr Haare genannt werden, da Plasmainjektionen sehr stark helfen, die Haarfollikel zu st\u00e4rken und zu stoppen Haarverlust.<\/p>\n\n\n\n<p>\u00c4rzte empfehlen, die Behandlungssitzungen gegen Haarausfall von 4 bis 8 Sitzungen zu wiederholen, abh\u00e4ngig von der Menge an Fallout, die die Person leidet, und sowohl M\u00e4nner als auch Frauen k\u00f6nnen diese Sitzungen durchf\u00fchren. Es ist auch m\u00f6glich, Sitzungen nach der <a href=\"http:\/\/turkaesthetic.com\/de\/hair-transplant\/\" data-type=\"URL\" data-id=\"http:\/\/turkaesthetic.com\/de\/hair-transplant\/\" target=\"_blank\" rel=\"noreferrer noopener\"><strong>Haartransplantation<\/strong><\/a> durchzuf\u00fchren, um die transplantierten Haarfollikel zu st\u00e4rken und bessere Ergebnisse zu erzielen.<\/p>\n\n\n\n<figure class=\"wp-block-image size-full\"><img loading=\"lazy\" decoding=\"async\" width=\"1024\" height=\"599\" src=\"http:\/\/turkaesthetic.com\/wp-content\/uploads\/2022\/01\/PRP-hair-in-Turkey.webp\" alt=\"PRP Behandlung in Der T\u00fcrkei\" class=\"wp-image-14942\"\/><figcaption class=\"wp-element-caption\">PRP Behandlung in Der T\u00fcrkei<\/figcaption><\/figure>\n\n\n\n<h4 class=\"wp-block-heading\">Plasma f\u00fcr das Gesicht<\/h4>\n\n\n\n<p>Nach der Plasma-Injektion f\u00fcr Haare steht die Gesichts-Injektion hinsichtlich Menge und Bedeutung an zweiter Stelle, da die Plasma-Injektion f\u00fcr das Gesicht die Zellen in diesem Bereich zur Regeneration anregt und das vorhandene Kollagen stimuliert. Dieses Verfahren f\u00fchrt zu positiven Ergebnissen, um eine perfekte Haut zu erhalten. Es ist vorzuziehen, diese Sitzung zu wiederholen, um das gew\u00fcnschte Ergebnis zu erzielen, da eine Sitzung nicht ausreicht, um die gew\u00fcnschten Ergebnisse zu erzielen.<\/p>\n\n\n\n<figure class=\"wp-block-image size-full\"><img loading=\"lazy\" decoding=\"async\" width=\"1024\" height=\"682\" src=\"http:\/\/turkaesthetic.com\/wp-content\/uploads\/2022\/01\/PRP-face-in-Turkey.webp\" alt=\"PRP Behandlung in Der T\u00fcrkei\" class=\"wp-image-14936\"\/><figcaption class=\"wp-element-caption\">PRP Behandlung in Der T\u00fcrkei<\/figcaption><\/figure>\n\n\n\n<h4 class=\"wp-block-heading\">Plasma f\u00fcr erektile Dysfunktion des Penis<\/h4>\n\n\n\n<p>Eine der h\u00e4ufigsten Anwendungen von PRP Behandlung in Der T\u00fcrkei ist die Injektion in den Penis, wie es <a href=\"http:\/\/turkaesthetic.com\/de\/treatment-de\/p-shot-treatment-in-turkey\/\" target=\"_blank\" data-type=\"URL\" data-id=\"http:\/\/turkaesthetic.com\/de\/treatment-de\/p-shot-treatment-in-turkey\/\" rel=\"noreferrer noopener\">P-Shot<\/a> genannt wird, wobei diese Technik eine der wichtigsten Techniken zur Behandlung der <a href=\"http:\/\/turkaesthetic.com\/de\/surgeries-de\/erection-treatment-in-turkey\/\" target=\"_blank\" data-type=\"URL\" data-id=\"http:\/\/turkaesthetic.com\/de\/surgeries-de\/erection-treatment-in-turkey\/\" rel=\"noreferrer noopener\">erektilen Dysfunktion<\/a> ist, da sie sich in dieser Hinsicht bei Menschen mit Leiden als wirksam erwiesen hat von erektiler Dysfunktion. Es ist besser, einen Arzt zu konsultieren, bevor Sie sich einem solchen Verfahren unterziehen, um die Methode, den Anlass und die Anzahl der f\u00fcr den Patienten angemessenen Sitzungen zu bestimmen.<\/p>\n\n\n\n<h4 class=\"wp-block-heading\">Andere PRP-Anwendungen<\/h4>\n\n\n\n<p>Plasma kann bei vielen Kontraindikationen eingesetzt werden, beispielsweise zur St\u00e4rkung des Kieferknochens. Plasma wird auch bei chirurgischen Eingriffen und bei der Behandlung von B\u00e4nderrissen und Gelenkschmerzen verwendet.<\/p>\n\n\n\n<figure class=\"wp-block-image size-full\"><img loading=\"lazy\" decoding=\"async\" width=\"1024\" height=\"576\" src=\"http:\/\/turkaesthetic.com\/wp-content\/uploads\/2022\/01\/PRP-knee-in-Turkey.webp\" alt=\"PRP Behandlung in Der T\u00fcrkei\" class=\"wp-image-14931\"\/><figcaption class=\"wp-element-caption\">PRP Behandlung in Der T\u00fcrkei<\/figcaption><\/figure>\n\n\n\n<h2 class=\"wp-block-heading\">PRP Behandlung in Der T\u00fcrkei<\/h2>\n\n\n<div id=\"rank-math-howto\" class=\"rank-math-block\" >\n<div class=\"rank-math-howto-description\">\n\n<p>Der Prozess der PRP Behandlung in Der T\u00fcrkei durchl\u00e4uft drei Hauptphasen, eine Phase vor dem Eingriff, w\u00e4hrend des Eingriffs und eine Phase nach dem Eingriff, die wir im Detail erw\u00e4hnen:<\/p>\n\n<\/div>\n<p class=\"rank-math-howto-duration\"><strong>Gesamtzeit:<\/strong> <span>4 Tage und 20 Minuten<\/span><\/p>\n<div class=\"rank-math-steps \">\n<div id=\"howto-step-1673861620634\" class=\"rank-math-step\">\n<h3 class=\"rank-math-step-title \"><strong>Vor der Sitzung<\/strong><\/h3>\n<div class=\"rank-math-step-content \"><p>Der Fall wird mit dem Facharzt besprochen, um das Problem zu bestimmen und die Anzahl der durchzuf\u00fchrenden Sitzungen, den Zeitabstand zwischen jeder Sitzung und die andere Sitzung und den Zweck der Sitzung zu bestimmen, wobei die negativen und positiven Aspekte klar dargelegt werden, und Es ist vorzuziehen, den Arzt vor Beginn der Sitzung \u00fcber alle Angelegenheiten im Zusammenhang mit dem Gesundheitszustand der Person zu informieren. Bei Bedarf wird eine \u00f6rtliche Bet\u00e4ubungscreme auf die zu injizierende Stelle aufgetragen.<\/p>\n<\/div>\n<\/div>\n<div id=\"howto-step-1673861693426\" class=\"rank-math-step\">\n<h3 class=\"rank-math-step-title \"><strong>W\u00e4hrend der Sitzung<\/strong><\/h3>\n<div class=\"rank-math-step-content \"><p>W\u00e4hrend der Sitzung wird dem Patienten eine ausreichende Menge Blut entnommen und in ein spezielles R\u00f6hrchen gegeben, wobei das R\u00f6hrchen in ein spezielles Ger\u00e4t eingef\u00fchrt wird, dessen Funktion darin besteht, das Plasma im Blut von den restlichen Blutbestandteilen zu trennen, dann wird das entnommene Plasma wird in eine spezielle Injektion gegeben und der Injektionsvorgang beginnt. Die durchschnittliche Sitzung dauert 10 bis 20 Minuten.<\/p>\n<\/div>\n<\/div>\n<div id=\"howto-step-1673861720416\" class=\"rank-math-step\">\n<h3 class=\"rank-math-step-title \"><strong>Nach der Sitzung<\/strong><\/h3>\n<div class=\"rank-math-step-content \"><p>Nach Abschluss der Plasmainjektion wird der Patient \u00fcber die nach der Sitzung zu befolgenden Anweisungen informiert. Es ist auch vorzuziehen, die Bereiche, auf die das Plasma aufgetragen wurde, in den ersten Stunden oder bis zum Tag nach der Sitzung nicht zu waschen, damit die Sitzung den gr\u00f6\u00dftm\u00f6glichen Nutzen hat. Auch der Termin f\u00fcr die n\u00e4chste Sitzung wird festgelegt.<\/p>\n<\/div>\n<\/div>\n<\/div>\n<\/div>\n<p class=\"rank-math-howto-estimatedCost\"><strong>Gesch\u00e4tzte Kosten:<\/strong> <span>175 EUR<\/span><\/p>\n\n\n\n\n\n<h3 class=\"wp-block-heading\">Anleitung zur PRP-Nachsorge<\/h3>\n\n\n\n<ul class=\"wp-block-list\">\n<li>Hier sind einige der Anweisungen und Richtlinien, die nach jeder Sitzung zu befolgen sind:<\/li>\n\n\n\n<li>Befolgen Sie die Anweisungen des Arztes sorgf\u00e4ltig.<\/li>\n\n\n\n<li>Den Bereich, in den das Plasma injiziert wurde, am n\u00e4chsten Tag nicht waschen.<\/li>\n\n\n\n<li>Verwenden Sie in den ersten Tagen keine chemischen Produkte.<\/li>\n\n\n\n<li>Wenden Sie sich an Ihren Arzt, wenn Sie w\u00e4hrend der Behandlungszeit weitere Eingriffe vornehmen m\u00f6chten.<\/li>\n\n\n\n<li>Verwenden Sie in den ersten Tagen einen Sonnenschutz, wenn Plasmainjektionen f\u00fcr das Gesicht durchgef\u00fchrt werden.<\/li>\n<\/ul>\n\n\n\n<h3 class=\"wp-block-heading\">Vor- und Nachteile der Plasmainjektion<\/h3>\n\n\n\n<h4 class=\"wp-block-heading\">Positiv<\/h4>\n\n\n\n<ul class=\"wp-block-list\">\n<li>Einfache Aktion.<\/li>\n\n\n\n<li>Kurze Dauer der Sitzung.<\/li>\n\n\n\n<li>Weniger Nebenwirkungen.<\/li>\n\n\n\n<li>Effektive Ergebnisse.<\/li>\n<\/ul>\n\n\n\n<h4 class=\"wp-block-heading\">Negative<\/h4>\n\n\n\n<ul class=\"wp-block-list\">\n<li>Die Notwendigkeit, die Sitzung die meiste Zeit zu wiederholen.<\/li>\n\n\n\n<li>Die Zeitspanne zwischen den Sitzungen kann manchmal lang sein.<\/li>\n\n\n\n<li>Der Behandlungsplan kann lange dauern.<\/li>\n<\/ul>\n\n\n\n<h4 class=\"wp-block-heading\">Nebenwirkungen der PRP Behandlung in Der T\u00fcrkei<\/h4>\n\n\n\n<ul class=\"wp-block-list\">\n<li>Leichte R\u00f6tung, die nach der Injektion noch Stunden andauern kann.<\/li>\n\n\n\n<li>Ein leichter Schmerz an den Injektionsstellen verschwindet schnell.<\/li>\n\n\n\n<li>Einfacher Juckreiz.<\/li>\n<\/ul>\n\n\n\n<h3 class=\"wp-block-heading\">PRP Behandlung in Der T\u00fcrkei \u0130stanbul<\/h3>\n\n\n\n<p>Die T\u00fcrkei f\u00fchrt heute aus mehreren Gr\u00fcnden im Bereich Kosmetik und Medizintourismus viele L\u00e4nder an zuvor erw\u00e4hnt. Die T\u00fcrkei ist aus mehreren Gr\u00fcnden das Ziel vieler Menschen, von denen die wichtigsten die angemessenen Kosten, die geografische Lage der T\u00fcrkei und die hohe und fortgeschrittene Erfahrung im Bereich der kosmetischen Medizin und anderer kosmetischer Verfahren sind. Wo viele Plasma-Sitzungen im Rahmen ihrer Touren nach Istanbul durchf\u00fchren k\u00f6nnen.<\/p>\n\n\n\n<h3 class=\"wp-block-heading\">PRP Behandlung in Der T\u00fcrkei kosten<\/h3>\n\n\n\n<p>Die Kosten der Plasma Injektion in der T\u00fcrkei sind im Vergleich zu anderen L\u00e4ndern, in denen die Kosten zwischen 100 und 200 Euro pro Sitzung liegen, f\u00fcr viele Gesellschaftsschichten geeignet. Wir von Turk Aesthetic sind stets bem\u00fcht, wettbewerbsf\u00e4hige Angebote mit hoher Qualit\u00e4t anzubieten, da die Kosten in unserem Zentrum auf 175 Euro pro Sitzung gesch\u00e4tzt werden.<\/p>\n\n\n\n<h2 class=\"wp-block-heading\">FAQ &#8211; PRP Behandlung in Der T\u00fcrkei<\/h2>\n\n\n<div id=\"rank-math-faq\" class=\"rank-math-block\">\n<div class=\"rank-math-list \">\n<div id=\"faq-question-1673862637597\" class=\"rank-math-list-item\">\n<h3 class=\"rank-math-question \">Was ist das richtige Alter f\u00fcr eine Plasmainjektion?<\/h3>\n<div class=\"rank-math-answer \">\n\n<p>18 &#8211; 20 Jahre ist das Minimum f\u00fcr PRP behandlung in der T\u00fcrkei.<\/p>\n\n<\/div>\n<\/div>\n<div id=\"faq-question-1673862643091\" class=\"rank-math-list-item\">\n<h3 class=\"rank-math-question \">Verursachen Plasmainjektionen Schmerzen?<\/h3>\n<div class=\"rank-math-answer \">\n\n<p>Die Plasmainjektion verursacht leichte Schmerzen, die mit dem Ende der Sitzung verschwinden.<\/p>\n\n<\/div>\n<\/div>\n<div id=\"faq-question-1673862655030\" class=\"rank-math-list-item\">\n<h3 class=\"rank-math-question \">Kann es nach Plasmainjektion zu Blutungen kommen?<\/h3>\n<div class=\"rank-math-answer \">\n\n<p>Die Plasmainjektion hinterl\u00e4sst kleine Blutstropfen an der Injektionsstelle, die fast unbemerkt bleiben und in den ersten Minuten nach der Injektion schnell verschwinden.<\/p>\n\n<\/div>\n<\/div>\n<div id=\"faq-question-1673862665209\" class=\"rank-math-list-item\">\n<h3 class=\"rank-math-question \">Was sind die Vorteile der Plasmainjektion?<\/h3>\n<div class=\"rank-math-answer \">\n\n<p>Die wichtigste Verwendung von Plasma besteht darin, das Blut zu aktivieren, wenn es in die Haut injiziert wird, um ihr eine gesunde Farbe zu verleihen. Die Plasmainjektion hilft auch, die Haarfollikel zu st\u00e4rken und die Zellen an der Stelle zu erneuern, an der die Injektion vorgenommen wurde. Vor kurzem hat Plasma seine wirksame Rolle bei der Behandlung der erektilen Dysfunktion des Penis bewiesen.<\/p>\n\n<\/div>\n<\/div>\n<div id=\"faq-question-1673862677584\" class=\"rank-math-list-item\">\n<h3 class=\"rank-math-question \">Was kostet eine PRP behandlung in der T\u00fcrkei?<\/h3>\n<div class=\"rank-math-answer \">\n\n<p>Bei Turk Aesthetic betragen die Kosten f\u00fcr eine Plasmasitzung 175 Euro.<\/p>\n\n<\/div>\n<\/div>\n<div id=\"faq-question-1673862689381\" class=\"rank-math-list-item\">\n<h3 class=\"rank-math-question \">Wie viele Plasmainjektionen k\u00f6nnen in einer Sitzung injiziert werden?<\/h3>\n<div class=\"rank-math-answer \">\n\n<p>Die Plasmasitzung h\u00e4ngt nicht von der Anzahl der Injektionen ab, sondern von der Entnahme einer Menge Blut der Person, der Trennung von roten und wei\u00dfen Blutk\u00f6rperchen und der Verwendung des n\u00fctzlichen Extrakts zur Behandlung von Problemen.<\/p>\n\n<\/div>\n<\/div>\n<\/div>\n<\/div>\n\n\n<p><strong>Schlie\u00dflich k\u00f6nnen Sie unser Team direkt \u00fcber den Link\u00a0<a href=\"http:\/\/turkaesthetic.com\/de\/contact-us\/\" target=\"_blank\" rel=\"noreferrer noopener\">kontaktieren<\/a>, um Informationen und Preise von\u00a0<a href=\"https:\/\/www.youtube.com\/channel\/UC0zggzdm5CFwpRMmn_CPpFQ\" target=\"_blank\" rel=\"noreferrer noopener\">Turk Aesthetic<\/a>\u00a0anzufordern.<\/strong><a href=\"http:\/\/turkaesthetic.com\/de\/surgeries-de\/lip-lifting\/\"><\/a><a href=\"http:\/\/turkaesthetic.com\/de\/non-surgical-de\/cheek-filler\/\"><\/a><\/p>\n","protected":false},"excerpt":{"rendered":"<p>Die PRP Behandlung in der T\u00fcrkei ist eine Technik zur Behandlung verschiedener Gesundheitsprobleme wie Haarausfall, Behandlung von Hautproblemen, Gelenkverletzungen, Sehnenentz\u00fcndungen und anderen Dingen, die wir in diesem Artikel erw\u00e4hnen werden. Das Plasma wird aus dem Blut extrahiert und wieder in den zu behandelnden Bereich injiziert. Die PRP-Sitzung (Plated Rich Plasma) ist sehr einfach und bietet [&hellip;]<\/p>\n","protected":false},"author":1,"featured_media":14947,"parent":0,"menu_order":0,"comment_status":"closed","ping_status":"closed","template":"","meta":{"footnotes":""},"dep":[1357],"class_list":["post-15332","page","type-page","status-publish","has-post-thumbnail","hentry","dep-treatment"],"_links":{"self":[{"href":"https:\/\/www.turkaesthetic.com\/de\/wp-json\/wp\/v2\/pages\/15332","targetHints":{"allow":["GET"]}}],"collection":[{"href":"https:\/\/www.turkaesthetic.com\/de\/wp-json\/wp\/v2\/pages"}],"about":[{"href":"https:\/\/www.turkaesthetic.com\/de\/wp-json\/wp\/v2\/types\/page"}],"author":[{"embeddable":true,"href":"https:\/\/www.turkaesthetic.com\/de\/wp-json\/wp\/v2\/users\/1"}],"replies":[{"embeddable":true,"href":"https:\/\/www.turkaesthetic.com\/de\/wp-json\/wp\/v2\/comments?post=15332"}],"version-history":[{"count":0,"href":"https:\/\/www.turkaesthetic.com\/de\/wp-json\/wp\/v2\/pages\/15332\/revisions"}],"wp:featuredmedia":[{"embeddable":true,"href":"https:\/\/www.turkaesthetic.com\/de\/wp-json\/wp\/v2\/media\/14947"}],"wp:attachment":[{"href":"https:\/\/www.turkaesthetic.com\/de\/wp-json\/wp\/v2\/media?parent=15332"}],"wp:term":[{"taxonomy":"dep","embeddable":true,"href":"https:\/\/www.turkaesthetic.com\/de\/wp-json\/wp\/v2\/dep?post=15332"}],"curies":[{"name":"wp","href":"https:\/\/api.w.org\/{rel}","templated":true}]}}