{"id":15154,"date":"2022-01-15T10:10:33","date_gmt":"2022-01-15T07:10:33","guid":{"rendered":"http:\/\/turkaesthetic.com\/brow-lift\/"},"modified":"2025-03-27T13:42:50","modified_gmt":"2025-03-27T10:42:50","slug":"brow-lift","status":"publish","type":"page","link":"https:\/\/www.turkaesthetic.com\/de\/brow-lift\/","title":{"rendered":"Augenbrauenlift"},"content":{"rendered":"\n<p>Ein <strong>Augenbrauenlift <\/strong>ist ein \u00e4sthetischer Eingriff, der die Form der Augenbrauen verbessert und den Abstand zwischen Braue und Auge vergr\u00f6\u00dfert, wodurch Sch\u00f6nheit und Attraktivit\u00e4t gesteigert werden. Eine im Vergleich zur inneren Braue h\u00f6her stehende \u00e4u\u00dfere Braue tr\u00e4gt zu einem ansprechenderen Gesichtsausdruck bei.<\/p>\n\n\n\n<p>Tief sitzende Augenbrauen k\u00f6nnen ein m\u00fcdes oder ungl\u00fcckliches Aussehen erzeugen. Dieser Eingriff wird oft zusammen mit einem Facelift durchgef\u00fchrt. Daf\u00fcr stehen verschiedene Techniken zur Verf\u00fcgung, darunter chirurgische und nicht-chirurgische Injektionen. Hier sind einige wichtige Informationen zum Eingriff:<\/p>\n\n\n\n<figure class=\"wp-block-table\"><table><tbody><tr><td>An\u00e4sthesie<\/td><td>Allgemein \/ Lokal<\/td><\/tr><tr><td>Prozessdauer<\/td><td>1-2 Stunden<\/td><\/tr><tr><td>Bleiben Sie im Krankenhaus<\/td><td>1 Nacht bei Vollnarkose<\/td><\/tr><tr><td>Ergebnisse<\/td><td>Sofort \/ Dauerhaft 5-10 Jahre Ca.<\/td><\/tr><tr><td>Rekonvaleszenz<\/td><td>3-4 Tage<\/td><\/tr><\/tbody><\/table><\/figure>\n\n\n\n<h2 class=\"wp-block-heading\">Wie wird ein Brauenlifting durchgef\u00fchrt?<\/h2>\n\n\n\n<p>Ein chirurgisches Brauenlifting wird in der Regel unter Vollnarkose durchgef\u00fchrt und liefert im Vergleich zu nicht-chirurgischen Techniken, die wiederholte Behandlungen wie Botox-Behandlungen erfordern k\u00f6nnen, radikale und pr\u00e4zise Ergebnisse. Obwohl der chirurgische Eingriff teurer ist, sind die Ergebnisse dauerhafter.<\/p>\n\n\n\n<p>W\u00e4hrend des Eingriffs werden Schnitte entlang des Haaransatzes gesetzt, um die Haut zu straffen, und die Augenbrauen werden mit permanenten F\u00e4den angehoben. Da die N\u00e4hte an den Haarwurzeln platziert werden, bleiben sie diskret. Nach dem Eingriff bleiben die Patienten in der Regel eine Nacht im Krankenhaus, wenn eine Vollnarkose angewendet wird.<\/p>\n\n\n\n<h3 class=\"wp-block-heading\">Video einer Augenbrauenlifting-Operation<\/h3>\n\n\n\n<p>Bitte sehen Sie sich das Video zur Augenbrauenlifting-Operation unten an.<\/p>\n\n\n\n<figure class=\"wp-block-embed is-type-video is-provider-youtube wp-block-embed-youtube wp-embed-aspect-16-9 wp-has-aspect-ratio\"><div class=\"wp-block-embed__wrapper\">\n<iframe loading=\"lazy\" title=\"Brow Lift - Turk Aesthetic\" width=\"800\" height=\"450\" src=\"https:\/\/www.youtube.com\/embed\/PPNSWTsoIWk?feature=oembed\" frameborder=\"0\" allow=\"accelerometer; autoplay; clipboard-write; encrypted-media; gyroscope; picture-in-picture; web-share\" referrerpolicy=\"strict-origin-when-cross-origin\" allowfullscreen><\/iframe>\n<\/div><\/figure>\n\n\n\n<h3 class=\"wp-block-heading\">Techniken f\u00fcr ein Augenbrauenlifting<\/h3>\n\n\n\n<p>Brow-Lifting lassen sich in chirurgische und nicht-chirurgische Methoden unterteilen, die sich in Ergebnis, Erholungszeit und Kosten unterscheiden:<\/p>\n\n\n\n<h4 class=\"wp-block-heading\">Botox<\/h4>\n\n\n\n<p><a href=\"https:\/\/www.turkaesthetic.com\/de\/botox\/\" target=\"_blank\" data-type=\"page\" data-id=\"15911\" rel=\"noreferrer noopener\">Botox<\/a> kann f\u00fcr ein Augenbrauenlifting eingesetzt werden. Nach der Lokalan\u00e4sthesie w\u00e4hlt der Arzt die Injektionsstellen im Augenbereich aus, injiziert das Botox und kann den Eingriff bei Bedarf wiederholen. Diese Technik entspannt die Nerven und sorgt f\u00fcr ein nat\u00fcrliches Augenbrauenlifting.<\/p>\n\n\n\n<p>Vorteile sind geringere Kosten und schnelle Ergebnisse, wobei die Wirkung in der Regel zwischen sechs Monaten und einem Jahr anh\u00e4lt. Zur Nachsorge geh\u00f6rt es, Sonnenlicht zu meiden, die injizierten Stellen nicht zu reiben, Eisbeutel gegen Schwellungen aufzulegen und auf Make-up zu verzichten.<\/p>\n\n\n\n<figure class=\"wp-block-image size-full\"><img loading=\"lazy\" decoding=\"async\" width=\"1024\" height=\"576\" src=\"http:\/\/turkaesthetic.com\/wp-content\/uploads\/2022\/01\/botox-Brow-lift.webp\" alt=\"Augenbrauenlifting in der istanbul\" class=\"wp-image-15052\"\/><figcaption class=\"wp-element-caption\">Augenbrauenlifting in der istanbul<\/figcaption><\/figure>\n\n\n\n<h4 class=\"wp-block-heading\">Laser<\/h4>\n\n\n\n<p><a href=\"https:\/\/www.turkaesthetic.com\/de\/non-surgical-de\/hifu-in-turkey\/\" target=\"_blank\" data-type=\"post\" data-id=\"26254\" rel=\"noreferrer noopener\">Laser<\/a>-Brow-Liftings nutzen Radiofrequenztechnologie, um die Haut zu straffen, bis der gew\u00fcnschte Effekt erreicht ist. Lokalan\u00e4sthesie kann zus\u00e4tzlich angewendet werden.<\/p>\n\n\n\n<p>Bei fortgeschritteneren F\u00e4llen von h\u00e4ngenden Augenbrauen wird jedoch meist eine Operation empfohlen. Eine Laserbehandlung ist in der Regel g\u00fcnstiger als eine Operation, aber teurer als Injektionen.<\/p>\n\n\n\n<figure class=\"wp-block-image size-full\"><img loading=\"lazy\" decoding=\"async\" width=\"1024\" height=\"576\" src=\"http:\/\/turkaesthetic.com\/wp-content\/uploads\/2022\/01\/laser-Brow-lift-in-Turkey.webp\" alt=\"Augenbrauenlifting in der istanbul\" class=\"wp-image-15042\"\/><figcaption class=\"wp-element-caption\">Augenbrauenlifting in der istanbul<\/figcaption><\/figure>\n\n\n\n<h4 class=\"wp-block-heading\">Brauenlifting mit F\u00e4den<\/h4>\n\n\n\n<p>Das Brauenlifting mit F\u00e4den ist eine nicht-chirurgische Technik mit F\u00e4den und dauert in der Regel etwa eine halbe Stunde. Die Ergebnisse sind sofort sichtbar und k\u00f6nnen bis zu drei Jahre anhalten. Die Kosten sind vergleichbar mit denen einer Laserbehandlung.<\/p>\n\n\n\n<p>Diese Methode birgt nur minimale Risiken und Komplikationen, da sich die medizinischen F\u00e4den auf nat\u00fcrliche Weise in der Haut aufl\u00f6sen.<\/p>\n\n\n\n<figure class=\"wp-block-image size-full\"><img loading=\"lazy\" decoding=\"async\" width=\"1024\" height=\"576\" src=\"http:\/\/turkaesthetic.com\/wp-content\/uploads\/2022\/01\/Brow-lift-with-threads.webp\" alt=\"Augenbrauenlifting in der t\u00fcrkei\" class=\"wp-image-15081\"\/><figcaption class=\"wp-element-caption\">Augenbrauenlifting in der t\u00fcrkei<\/figcaption><\/figure>\n\n\n\n<h3 class=\"wp-block-heading\">Augenbrauenlifting<\/h3>\n\n\n\n<p>Ein chirurgischer Eingriff bietet eine L\u00f6sung f\u00fcr h\u00e4ngende Augenbrauen, die mit nicht-chirurgischen Methoden nicht korrigiert werden k\u00f6nnen. Die chirurgischen Ans\u00e4tze zur Anhebung tiefer Augenbrauen werden individuell auf den jeweiligen Patientenzustand abgestimmt.<\/p>\n\n\n\n<h4 class=\"wp-block-heading\">Wer kann sich dem Eingriff unterziehen?<\/h4>\n\n\n\n<ul class=\"wp-block-list\">\n<li>Personen ab 18 Jahren.<\/li>\n\n\n\n<li>Personen, die ihre tiefen Augenbrauen verbessern m\u00f6chten.<\/li>\n\n\n\n<li>\u00c4ltere Erwachsene, die sich ein jugendlicheres Aussehen w\u00fcnschen.<\/li>\n<\/ul>\n\n\n\n<h5 class=\"wp-block-heading\">Wer kann sich dem Eingriff nicht unterziehen?<\/h5>\n\n\n\n<ul class=\"wp-block-list\">\n<li>Personen unter 20 Jahren.<\/li>\n\n\n\n<li>Personen mit chronischen oder ansteckenden Erkrankungen.<\/li>\n\n\n\n<li>Herzpatienten im fortgeschrittenen Stadium oder Personen mit unregelm\u00e4\u00dfigem Diabetes.<\/li>\n<\/ul>\n\n\n\n<h3 class=\"wp-block-heading\">Der Arzt, der das Augenbrauenlifting durchf\u00fchrt<\/h3>\n\n\n\n<p>Das Augenbrauenlifting ist ein kosmetischer Eingriff, der von einem qualifizierten plastischen Chirurgen mit umfassender Erfahrung in dieser Art von Operation durchgef\u00fchrt wird. Die Wahl eines renommierten Krankenhauses oder einer medizinischen Klinik mit einem hohen Sterilisationsgrad und qualifizierten \u00c4rzten ist entscheidend. Obwohl hohe Kosten die Effizienz und Seriosit\u00e4t der Klinik widerspiegeln k\u00f6nnen, ist es ratsam, nicht \u00fcber den Preis zu verhandeln.<\/p>\n\n\n\n<h4 class=\"wp-block-heading\">An\u00e4sthesieverfahren<\/h4>\n\n\n\n<p>Ein Stirnlifting wird \u00fcblicherweise unter Vollnarkose durchgef\u00fchrt. Um Beschwerden nach der Narkose zu vermeiden, d\u00fcrfen die Patienten sechs Stunden vor dem Eingriff weder essen noch trinken.<\/p>\n\n\n\n<p>Bei nicht-chirurgischen Verfahren wie Botox, Laserbehandlungen und F\u00e4den wird eine Lokalan\u00e4sthesie angewendet, sodass ein anschlie\u00dfender Krankenhausaufenthalt nicht erforderlich ist.ersp\u00fcrt, und er sollte nach der Operation eine Nacht im Krankenhaus bleiben. Lokalan\u00e4sthesie wird verwendet, um die Augenbrauen durch nicht-chirurgische Methoden von Botox, Laser und F\u00e4den anzuheben. Nach einem nicht-operativen Augenbrauenlifting ist kein Krankenhausaufenthalt erforderlich.<\/p>\n\n\n\n<h3 class=\"wp-block-heading\">Schritte der Augenbrauenlifting-Operation<\/h3>\n\n\n<div id=\"rank-math-howto\" class=\"rank-math-block\" >\n<div class=\"rank-math-howto-description\">\n\n<p>Die Phasen der Augenbrauenlifting-Operation in Istanbul T\u00fcrkei sind wie folgt:<\/p>\n\n<\/div>\n<p class=\"rank-math-howto-duration\"><strong>Gesamtzeit:<\/strong> <span>2 Stunden<\/span><\/p>\n<div class=\"rank-math-steps \">\n<div id=\"howto-step-1677328026538\" class=\"rank-math-step\">\n<h3 class=\"rank-math-step-title \"><strong>Vor dem Eingriff<\/strong><\/h3>\n<div class=\"rank-math-step-content \"><p>Vor Beginn der Augenbrauenlifting-OVor der Operation muss der Patient den Arzt \u00fcber chronische Erkrankungen, Medikamente und fr\u00fchere Operationen informieren. Folgende Hinweise sollten ebenfalls befolgt werden:<br \/>\u2013 Besprechen Sie die zu erwartenden Ergebnisse mit Ihrem Arzt.<br \/>\u2013 Bei Vollnarkose sollten Sie mindestens sechs Stunden vor der Operation nichts essen und trinken.<br \/>\u2013 Informieren Sie Ihren Arzt \u00fcber alle regelm\u00e4\u00dfig eingenommenen Medikamente.<br \/>\u2013 Vermeiden Sie Alkohol und Rauchen mindestens eine Woche vor der Operation.<br \/>\u2013 Sprechen Sie mit Ihrem Arzt \u00fcber das Absetzen von Blutverd\u00fcnnern wie Aspirin.<br \/>\u2013 Tragen Sie am Tag des Eingriffs bequeme Kleidung.<\/p>\n<\/div>\n<\/div>\n<div id=\"howto-step-1677328090487\" class=\"rank-math-step\">\n<h3 class=\"rank-math-step-title \"><strong>W\u00e4hrend des Verfahrens<\/strong><\/h3>\n<div class=\"rank-math-step-content \"><p>Nach der Narkose setzt der Chirurg einen 2 cm langen Schnitt entlang des Haaransatzes an der Stirn. Das \u00fcbersch\u00fcssige Fett wird entfernt, um die Haut zu straffen. Die Augenbrauen werden anschlie\u00dfend mit permanenten N\u00e4hten neu positioniert, wodurch sie straffer und angehobener wirken. Nach dem Eingriff entfernt der Chirurg alle \u00fcbersch\u00fcssigen N\u00e4hte. Diese k\u00f6nnen zun\u00e4chst sichtbar sein, werden aber mit zunehmendem Haarwachstum weniger auff\u00e4llig. Nach dem Eingriff<\/p>\n<\/div>\n<\/div>\n<div id=\"howto-step-1677328100434\" class=\"rank-math-step\">\n<h3 class=\"rank-math-step-title \"><strong>Nach dem Eingriff<\/strong><\/h3>\n<div class=\"rank-math-step-content \"><p>Ein Krankenhausaufenthalt von einer Nacht zur \u00dcberwachung des Zustands des Patienten kann erforderlich sein. Anschlie\u00dfend folgt eine einw\u00f6chige Erholungsphase. Der Arzt kann einen Verband oder ein Korsett anlegen, um die Schwellung zu reduzieren. Die Ergebnisse werden in der Regel innerhalb der ersten Wochen sichtbar, sobald die Auswirkungen der Operation nachlassen.<\/p>\n<\/div>\n<\/div>\n<\/div>\n<\/div>\n<p class=\"rank-math-howto-estimatedCost\"><strong>Gesch\u00e4tzte Kosten:<\/strong> <span>2500 Euro<\/span><\/p>\n\n\n\n\n\n<h3 class=\"wp-block-heading\">Vor und nach einer Augenbrauenlifting-Operation <\/h3>\n\n\n\n<p>Hier sind einige Fotos vor und nach der Brauenlifting-Operation in der T\u00fcrkei, die bei Turk Aesthetic Turkey &#8211; Istanbul durchgef\u00fchrt wurde.<\/p>\n\n\n\n<figure class=\"wp-block-gallery has-nested-images columns-default is-cropped wp-block-gallery-1 is-layout-flex wp-block-gallery-is-layout-flex\">\n<figure class=\"wp-block-image size-large\"><a href=\"https:\/\/www.turkaesthetic.com\/wp-content\/uploads\/2023\/11\/before-after-brow-lift-4.jpg\"><img loading=\"lazy\" decoding=\"async\" width=\"1200\" height=\"800\" data-id=\"45216\" src=\"https:\/\/www.turkaesthetic.com\/wp-content\/uploads\/2023\/11\/before-after-brow-lift-4.jpg\" alt=\"Vor und nach dem Augenbrauenlifting in T\u00fcrkiye\" class=\"wp-image-45216\"\/><\/a><figcaption class=\"wp-element-caption\">Vor und nach dem Augenbrauenlifting in T\u00fcrkiye<\/figcaption><\/figure>\n\n\n\n<figure class=\"wp-block-image size-large\"><a href=\"https:\/\/www.turkaesthetic.com\/wp-content\/uploads\/2023\/11\/before-after-brow-lift-3.jpg\"><img loading=\"lazy\" decoding=\"async\" width=\"1200\" height=\"800\" data-id=\"45207\" src=\"https:\/\/www.turkaesthetic.com\/wp-content\/uploads\/2023\/11\/before-after-brow-lift-3.jpg\" alt=\"Vor und nach dem Augenbrauenlifting in T\u00fcrkei\" class=\"wp-image-45207\"\/><\/a><figcaption class=\"wp-element-caption\">Vor und nach dem Augenbrauenlifting in T\u00fcrkiye<\/figcaption><\/figure>\n\n\n\n<figure class=\"wp-block-image size-large\"><a href=\"https:\/\/www.turkaesthetic.com\/wp-content\/uploads\/2023\/11\/before-after-brow-lift-2.jpg\"><img loading=\"lazy\" decoding=\"async\" width=\"1200\" height=\"800\" data-id=\"45198\" src=\"https:\/\/www.turkaesthetic.com\/wp-content\/uploads\/2023\/11\/before-after-brow-lift-2.jpg\" alt=\"Vor und nach dem Augenbrauenlifting in T\u00fcrkiye\" class=\"wp-image-45198\"\/><\/a><figcaption class=\"wp-element-caption\">Vor und nach dem Augenbrauenlifting in T\u00fcrkiye<\/figcaption><\/figure>\n<\/figure>\n\n\n\n<h3 class=\"wp-block-heading\">Hinweise zur Nachsorge nach einem Augenbrauenlifting<\/h3>\n\n\n\n<ul class=\"wp-block-list\">\n<li>Sorgen Sie f\u00fcr absolute Ruhe und nehmen Sie alle Medikamente ein,<\/li>\n\n\n\n<li>einschlie\u00dflich verschriebener Schmerzmittel und entz\u00fcndungshemmender Medikamente, um Komplikationen zu minimieren.<\/li>\n\n\n\n<li>Reduzieren oder vermeiden Sie das Rauchen.<\/li>\n\n\n\n<li>Trinken Sie ausreichend, da dies die Genesung und Wundheilung f\u00f6rdert.<\/li>\n\n\n\n<li>Achten Sie auf Ihren Schlafrhythmus und versuchen Sie, auf dem R\u00fccken zu schlafen.<\/li>\n\n\n\n<li>Pflegen Sie Ihre Wunden sorgf\u00e4ltig.<\/li>\n\n\n\n<li>Ruhen Sie sich mindestens 15 Tage aus, um Komplikationen zu vermeiden.<\/li>\n\n\n\n<li>F\u00fcr optimale Ergebnisse verwenden Sie den Verband in den ersten 10 Tagen.<\/li>\n\n\n\n<li>Vermeiden Sie 10 Tage lang direkte Sonneneinstrahlung und tragen Sie vor\u00fcbergehend keine H\u00fcte.<\/li>\n\n\n\n<li>Seien Sie vorsichtig beim Tragen von Kleidung wie Jacken oder Hemden.<\/li>\n<\/ul>\n\n\n\n<h4 class=\"wp-block-heading\">Vor- &amp; Nachteile<\/h4>\n\n\n\n<p><strong>Vorteile<\/strong><\/p>\n\n\n\n<p>Nach einem erfolgreichen Ergebnis gewinnt der Patient durch die Beseitigung der tiefen Augenbrauen sein Selbstvertrauen zur\u00fcck und erh\u00e4lt ein j\u00fcngeres und sch\u00f6neres Aussehen.<\/p>\n\n\n\n<p><strong>Nachteile<\/strong><\/p>\n\n\n\n<p>M\u00f6gliche Nachteile k\u00f6nnen sich aus der Unerfahrenheit des Chirurgen bei der Auswahl der geeigneten Techniken ergeben. Dar\u00fcber hinaus kann die Nichtbeachtung postoperativer Anweisungen zu negativen Folgen f\u00fchren, darunter unerwartete Ergebnisse und in seltenen F\u00e4llen eine Asymmetrie zwischen den beiden Seiten.<\/p>\n\n\n\n<p><strong>Nebenwirkungen<\/strong><\/p>\n\n\n\n<p>H\u00e4ufige Nebenwirkungen k\u00f6nnen sein:<\/p>\n\n\n\n<ul class=\"wp-block-list\">\n<li>Schwellungen und R\u00f6tungen im Gesicht.<\/li>\n\n\n\n<li>Leichter Juckreiz an den Einschnittstellen.<\/li>\n\n\n\n<li>Unwohlsein in der ersten Woche.<\/li>\n\n\n\n<li>Vor\u00fcbergehendes Taubheitsgef\u00fchl.<\/li>\n\n\n\n<li>Leichte Schmerzen.<\/li>\n\n\n\n<li>Anf\u00e4nglich eingeschr\u00e4nkte Gesichtsbewegungen.<\/li>\n\n\n\n<li>Die korrekte Befolgung der Pflegehinweise kann diese Auswirkungen minimieren und zu einer erfolgreichen Genesung beitragen.<\/li>\n<\/ul>\n\n\n\n<h3 class=\"wp-block-heading\">Brauenlifting in Istanbul, T\u00fcrkei<\/h3>\n\n\n\n<p>Die T\u00fcrkei, insbesondere Istanbul, ist ein beliebtes Reiseziel f\u00fcr viele Touristen, die eine medizinische Behandlung in Kombination mit Tourismus suchen. Dies liegt an den zahlreichen Vorteilen, darunter eine breite Palette an Behandlungsm\u00f6glichkeiten, die Expertise der \u00c4rzte und die Qualit\u00e4t der Gesundheitsversorgung. Ein Stirnlifting in der T\u00fcrkei ist einer der kosmetischen Eingriffe. Die Preise variieren zwischen 2.500 und 3.500 Euro, je nach chirurgischem oder nicht-chirurgischem Eingriff und der jeweiligen Klinik.<\/p>\n\n\n\n<h4 class=\"wp-block-heading\">Kosten f\u00fcr ein Stirnlifting in der T\u00fcrkei, Istanbul<\/h4>\n\n\n\n<p>Die Kosten f\u00fcr ein Stirnlifting in der T\u00fcrkei k\u00f6nnen je nach verschiedenen Faktoren stark variieren:<\/p>\n\n\n\n<p>Ruf der Klinik oder des Krankenhauses.<br>Erfahrung des Arztes.<br>Spezifische Details des Eingriffs.<br>Verf\u00fcgbarkeit zus\u00e4tzlicher Leistungen: Einige Kliniken bieten Pakete an, die Behandlung, Unterkunft und Transport beinhalten.<br>Bei Turk Aesthetic in Istanbul liegen die Kosten f\u00fcr ein chirurgisches Stirnlifting zwischen 2.500 und 3.500 \u20ac. F\u00fcr nicht-chirurgische Optionen betragen die Kosten:<\/p>\n\n\n\n<p>190 \u20ac f\u00fcr eine Botox-Injektion.<br>1.500\u20132.500 \u20ac f\u00fcr ein Stirnlifting mit F\u00e4den.<br>Bei Fragen zu Behandlungspaketen inklusive Unterkunft und Transport kontaktieren Sie uns bitte.glich der Kosten f\u00fcr das Behandlungspaket (Unterkunft und Transport) kontaktieren.<\/p>\n\n\n\n<h2 class=\"wp-block-heading\">FAQ &#8211; Augenbrauenlifting<\/h2>\n\n\n<div id=\"rank-math-faq\" class=\"rank-math-block\">\n<div class=\"rank-math-list \">\n<div id=\"faq-question-1677328146802\" class=\"rank-math-list-item\">\n<h3 class=\"rank-math-question \"><strong> Wie lange dauert ein Stirnlifting?<\/strong><\/h3>\n<div class=\"rank-math-answer \">\n\n<p>Der Eingriff dauert in der Regel etwa 1 bis 2 Stunden, abh\u00e4ngig von den Operationsdetails.<\/p>\n\n<\/div>\n<\/div>\n<div id=\"faq-question-1743072062512\" class=\"rank-math-list-item\">\n<h3 class=\"rank-math-question \">Wann sind die Ergebnisse eines Stirnliftings sichtbar?<\/h3>\n<div class=\"rank-math-answer \">\n\n<p>Die Ergebnisse sind sofort sichtbar und werden erst sichtbar, nachdem die ersten Effekte abgeklungen sind.<\/p>\n\n<\/div>\n<\/div>\n<div id=\"faq-question-1743072069903\" class=\"rank-math-list-item\">\n<h3 class=\"rank-math-question \">Wie hoch ist die Erfolgsquote eines Stirnliftings?<\/h3>\n<div class=\"rank-math-answer \">\n\n<p>Der Erfolg h\u00e4ngt ma\u00dfgeblich vom K\u00f6nnen des Chirurgen und der Einhaltung der postoperativen Pflegeanweisungen durch den Patienten ab. Im Allgemeinen ist die Erfolgsquote eines Stirnliftings h\u00f6her als bei vielen anderen chirurgischen Eingriffen.<\/p>\n\n<\/div>\n<\/div>\n<div id=\"faq-question-1743072077545\" class=\"rank-math-list-item\">\n<h3 class=\"rank-math-question \">Welche Art der An\u00e4sthesie wird bei einem Stirnlifting verwendet?<\/h3>\n<div class=\"rank-math-answer \">\n\n<p>Bei nicht-chirurgischen Eingriffen wird Lokalan\u00e4sthesie verwendet, bei chirurgischen Eingriffen Vollnarkose.<\/p>\n\n<\/div>\n<\/div>\n<div id=\"faq-question-1743072083600\" class=\"rank-math-list-item\">\n<h3 class=\"rank-math-question \">Was kostet ein Stirnlifting in der T\u00fcrkei?<\/h3>\n<div class=\"rank-math-answer \">\n\n<p>Die Kosten f\u00fcr ein Stirnlifting in der T\u00fcrkei liegen zwischen 2.500 und 3.500 \u20ac.<\/p>\n\n<\/div>\n<\/div>\n<div id=\"faq-question-1743072088900\" class=\"rank-math-list-item\">\n<h3 class=\"rank-math-question \">Wie lange dauert die Erholungsphase nach einem Stirnlifting?<\/h3>\n<div class=\"rank-math-answer \">\n\n<p>Die Erholungsphase betr\u00e4gt in der Regel etwa 3 bis 4 Tage. <\/p>\n\n<\/div>\n<\/div>\n<div id=\"faq-question-1743072103152\" class=\"rank-math-list-item\">\n<h3 class=\"rank-math-question \">Sind die Ergebnisse einer Stirnstraffung dauerhaft?<\/h3>\n<div class=\"rank-math-answer \">\n\n<p>Die Dauerhaftigkeit der Ergebnisse h\u00e4ngt von der Art des Eingriffs ab. Chirurgische Ergebnisse k\u00f6nnen etwa f\u00fcnf Jahre anhalten, w\u00e4hrend nicht-chirurgische Optionen in der Regel zwischen sechs und 24 Monaten anhalten.<\/p>\n\n<\/div>\n<\/div>\n<\/div>\n<\/div>\n\n\n<p>Und schlie\u00dflich k\u00f6nnen Sie sich direkt wenden, um<a href=\"https:\/\/de.turkaesthetic.com\/kontaktieren-sie-uns\/\" target=\"_blank\" rel=\"noreferrer noopener\">\u00a0<strong>Informationen<\/strong><\/a>\u00a0und Preise vom\u00a0<a href=\"https:\/\/www.youtube.com\/channel\/UC0zggzdm5CFwpRMmn_CPpFQ\" target=\"_blank\" rel=\"noreferrer noopener\"><strong>Turk Aesthetic<\/strong><\/a>\u00a0Istanbul anzufordern.<a href=\"http:\/\/turkaesthetic.com\/de\/non-surgical-de\/cheek-filler\/\"><\/a><a href=\"http:\/\/turkaesthetic.com\/de\/treatment\/\"><\/a><\/p>\n\n\n\n<p><\/p>\n","protected":false},"excerpt":{"rendered":"<p>Ein Augenbrauenlift ist ein \u00e4sthetischer Eingriff, der die Form der Augenbrauen verbessert und den Abstand zwischen Braue und Auge vergr\u00f6\u00dfert, wodurch Sch\u00f6nheit und Attraktivit\u00e4t gesteigert werden. Eine im Vergleich zur inneren Braue h\u00f6her stehende \u00e4u\u00dfere Braue tr\u00e4gt zu einem ansprechenderen Gesichtsausdruck bei. Tief sitzende Augenbrauen k\u00f6nnen ein m\u00fcdes oder ungl\u00fcckliches Aussehen erzeugen. Dieser Eingriff wird [&hellip;]<\/p>\n","protected":false},"author":1,"featured_media":15074,"parent":0,"menu_order":0,"comment_status":"closed","ping_status":"closed","template":"","meta":{"footnotes":""},"dep":[1354],"class_list":["post-15154","page","type-page","status-publish","has-post-thumbnail","hentry","dep-plastic-surgeries"],"_links":{"self":[{"href":"https:\/\/www.turkaesthetic.com\/de\/wp-json\/wp\/v2\/pages\/15154","targetHints":{"allow":["GET"]}}],"collection":[{"href":"https:\/\/www.turkaesthetic.com\/de\/wp-json\/wp\/v2\/pages"}],"about":[{"href":"https:\/\/www.turkaesthetic.com\/de\/wp-json\/wp\/v2\/types\/page"}],"author":[{"embeddable":true,"href":"https:\/\/www.turkaesthetic.com\/de\/wp-json\/wp\/v2\/users\/1"}],"replies":[{"embeddable":true,"href":"https:\/\/www.turkaesthetic.com\/de\/wp-json\/wp\/v2\/comments?post=15154"}],"version-history":[{"count":0,"href":"https:\/\/www.turkaesthetic.com\/de\/wp-json\/wp\/v2\/pages\/15154\/revisions"}],"wp:featuredmedia":[{"embeddable":true,"href":"https:\/\/www.turkaesthetic.com\/de\/wp-json\/wp\/v2\/media\/15074"}],"wp:attachment":[{"href":"https:\/\/www.turkaesthetic.com\/de\/wp-json\/wp\/v2\/media?parent=15154"}],"wp:term":[{"taxonomy":"dep","embeddable":true,"href":"https:\/\/www.turkaesthetic.com\/de\/wp-json\/wp\/v2\/dep?post=15154"}],"curies":[{"name":"wp","href":"https:\/\/api.w.org\/{rel}","templated":true}]}}