{"id":15111,"date":"2022-01-18T10:02:46","date_gmt":"2022-01-18T07:02:46","guid":{"rendered":"http:\/\/turkaesthetic.com\/fat-transfer\/"},"modified":"2025-03-25T15:30:48","modified_gmt":"2025-03-25T12:30:48","slug":"fat-transfer","status":"publish","type":"page","link":"https:\/\/www.turkaesthetic.com\/de\/fat-transfer\/","title":{"rendered":"Fetttransplantation"},"content":{"rendered":"\n<p>Die <strong>Fetttransplantation<\/strong> ist eine Form der plastischen Chirurgie, bei der Fett aus unerw\u00fcnschten K\u00f6rperregionen entnommen und an anderen Stellen wieder injiziert wird. Ziel ist beispielsweise die Straffung der Haut sowie die Reduzierung von Falten und tiefen Narben.<\/p>\n\n\n\n<p>Fett kann auch in das Ges\u00e4\u00df transferiert werden, um ein proportionaleres Erscheinungsbild im Vergleich zum Rest des K\u00f6rpers zu erzielen. In manchen F\u00e4llen entscheiden sich M\u00e4nner f\u00fcr eine Fetttransplantation, um ihren Penis zu vergr\u00f6\u00dfern. Der Eingriff dauert in der Regel 2 bis 3 Stunden, abh\u00e4ngig vom Einzelfall. Er wird unter Vollnarkose durchgef\u00fchrt und erfordert einen Krankenhausaufenthalt \u00fcber Nacht.<\/p>\n\n\n\n<p>Die Ergebnisse sind in der Regel sichtbar, sobald die Wirkungen des Eingriffs nachlassen. Hier einige kurze Informationen zum Verfahren:<\/p>\n\n\n\n<figure class=\"wp-block-table\"><table><tbody><tr><td>An\u00e4sthesie<\/td><td>Allgemein<\/td><\/tr><tr><td>Verfahrensdauer<\/td><td>2-3 Stunden<\/td><\/tr><tr><td>Ergebnisse<\/td><td>Sofort &#8211; Anhaltend 5-10 Jahre ca.<\/td><\/tr><tr><td>Rekonvaleszenz<\/td><td>5-7 Tage<\/td><\/tr><tr><td>Bleiben Sie im Krankenhaus<\/td><td>1 Nacht<\/td><\/tr><tr><td>Turk \u00c4sthetik Kosten<\/td><td>2500 &#8211; 3000  Euro<\/td><\/tr><\/tbody><\/table><\/figure>\n\n\n\n<h2 class=\"wp-block-heading\">Wie wird eine Fetttransplantation (Lipofilling) durchgef\u00fchrt?<\/h2>\n\n\n\n<p>Lipofilling wird in der Regel mit einer Fettabsaugung in Verbindung gebracht, d. h., es kann kein Fremdfett verwendet werden. Sobald der Zweck der Fettinjektion \u2013 ob im Gesicht oder an anderen K\u00f6rperstellen \u2013 feststeht, werden die einzelnen Stellen f\u00fcr die Fettabsaugung anhand einfacher Richtlinien identifiziert, die dem Chirurgen als Hilfe dienen. Der Patient wird vollst\u00e4ndig bet\u00e4ubt, und anschlie\u00dfend wird Fett durch kleine R\u00f6hrchen abgesaugt, die durch maximal 0,5 cm gro\u00dfe Einschnitte eingef\u00fchrt werden. Das Fett wird mit einem Absaugger\u00e4t gesammelt. Nach der Absaugung wird das Fett gereinigt, um Unreinheiten zu entfernen, bevor es in die Behandlungsregion injiziert wird.<\/p>\n\n\n\n<h3 class=\"wp-block-heading\">Video zur Fetttransplantation (Lipofilling)<\/h3>\n\n\n\n<figure class=\"wp-block-embed is-type-video is-provider-youtube wp-block-embed-youtube wp-embed-aspect-16-9 wp-has-aspect-ratio\"><div class=\"wp-block-embed__wrapper\">\n<iframe loading=\"lazy\" title=\"Fat Transfer - Turk Aesthetic\" width=\"800\" height=\"450\" src=\"https:\/\/www.youtube.com\/embed\/_yc4DO-5CU0?feature=oembed\" frameborder=\"0\" allow=\"accelerometer; autoplay; clipboard-write; encrypted-media; gyroscope; picture-in-picture; web-share\" referrerpolicy=\"strict-origin-when-cross-origin\" allowfullscreen><\/iframe>\n<\/div><\/figure>\n\n\n\n<h3 class=\"wp-block-heading\">Eignung f\u00fcr eine Fetttransplantation<\/h3>\n\n\n\n<ul class=\"wp-block-list\">\n<li>Die Teilnehmer m\u00fcssen k\u00f6rperlich gesund sein.<\/li>\n\n\n\n<li>Die Kandidaten sollten mindestens 20 Jahre alt sein.<\/li>\n\n\n\n<li>Personen, die mit Hautproblemen im Gesicht unzufrieden sind, wie z. B. tiefen Falten oder Narben, die mit Fillern nicht behandelt werden k\u00f6nnen, sind geeignet.<\/li>\n\n\n\n<li>Frauen, die sich einen volleren, konturierteren Po w\u00fcnschen, der ihre K\u00f6rperform unterstreicht, k\u00f6nnen sich qualifizieren.<\/li>\n\n\n\n<li>Auch M\u00e4nner, die an einer Penisvergr\u00f6\u00dferung interessiert sind, k\u00f6nnen f\u00fcr eine Fetttransplantation in Betracht gezogen werden.<\/li>\n<\/ul>\n\n\n\n<h4 class=\"wp-block-heading\">Wer kann sich keiner Fetttransplantation unterziehen?<\/h4>\n\n\n\n<p>Zu den Personen, f\u00fcr die eine Fetttransplantation nicht in Frage kommt, geh\u00f6ren:<\/p>\n\n\n\n<ul class=\"wp-block-list\">\n<li>Personen unter 20 Jahren.<\/li>\n\n\n\n<li>Personen mit chronischen oder ansteckenden Krankheiten.<\/li>\n\n\n\n<li>Personen mit Hautproblemen, die mit nicht-chirurgischen Methoden wie Fillern und Lasern wirksam behandelt werden k\u00f6nnen.<\/li>\n<\/ul>\n\n\n\n<h5 class=\"wp-block-heading\">Der Arzt, der die Fetttransplantation durchf\u00fchrt<\/h5>\n\n\n\n<p>Der Eingriff wird von einem plastischen Chirurgen mit ausreichender Erfahrung in dieser Art von Operationen durchgef\u00fchrt. \u00c4rzte anderer Fachrichtungen sind f\u00fcr die Durchf\u00fchrung von Lipofilling nicht qualifiziert. Bei der Auswahl eines Krankenhauses oder einer medizinischen Klinik ist es wichtig, auf zuverl\u00e4ssige Einrichtungen mit hohen Sterilisationsstandards und hochqualifizierten \u00c4rzten zu achten. Obwohl die hohen Kosten des Eingriffs manchmal die Effizienz und Seriosit\u00e4t der Klinik widerspiegeln, ist es ratsam, den Preis nicht zu verhandeln oder in Frage zu stellen.<\/p>\n\n\n\n<h3 class=\"wp-block-heading\">An\u00e4sthesiearten<\/h3>\n\n\n\n<p>Lipofilling kann nur unter Vollnarkose durchgef\u00fchrt werden. Patienten d\u00fcrfen mindestens sechs Stunden vor dem Eingriff nichts essen und trinken, um Magenbeschwerden beim Aufwachen zu vermeiden. In der Regel bleiben Patienten bei Vollnarkose ein bis zwei N\u00e4chte im Krankenhaus.<\/p>\n\n\n\n<h4 class=\"wp-block-heading\">Anwendung und Vorteile der Fetttransplantation<\/h4>\n\n\n\n<h5 class=\"wp-block-heading\">Fetttransplantation im Gesicht<\/h5>\n\n\n\n<p>Eine Fetttransplantation im Gesicht, insbesondere in den Wangen, sorgt f\u00fcr ein volleres und strafferes Erscheinungsbild. Der Unterkiefer kann dadurch gr\u00f6\u00dfer und breiter werden, und auch die Lippen wirken voller und attraktiver.<\/p>\n\n\n\n<h5 class=\"wp-block-heading\">Fetttransplantation am Ges\u00e4\u00df<\/h5>\n\n\n\n<p>Eine <a href=\"https:\/\/www.turkaesthetic.com\/de\/bbl\/\" target=\"_blank\" data-type=\"page\" data-id=\"15561\" rel=\"noreferrer noopener\">Po-Lifting<\/a>-Operation ist ideal f\u00fcr alle, die sich eine deutlichere Ver\u00e4nderung ihres Ges\u00e4\u00dfes w\u00fcnschen, insbesondere f\u00fcr Frauen mit flachem Ges\u00e4\u00df, die sich eine femininere und attraktivere Silhouette w\u00fcnschen. Eine der g\u00e4ngigsten Methoden hierf\u00fcr ist die Fetttransplantation. Dabei wird Fett aus einer K\u00f6rperregion abgesaugt und in das Ges\u00e4\u00df injiziert.<\/p>\n\n\n\n<h5 class=\"wp-block-heading\">Fetttransplantation zur Penisvergr\u00f6\u00dferung<\/h5>\n\n\n\n<p>Eine <a href=\"https:\/\/www.turkaesthetic.com\/de\/penis-enlargement\/\" target=\"_blank\" data-type=\"page\" data-id=\"15896\" rel=\"noreferrer noopener\">Penisvergr\u00f6\u00dferung<\/a> kann durch eine Fetttransplantation erreicht werden. Dabei wird \u00fcbersch\u00fcssiges Fett oberhalb des Schambereichs entfernt (Fett, das die wahrgenommene L\u00e4nge des Penis beeintr\u00e4chtigen kann). Wenn oberhalb des Schambereichs nicht gen\u00fcgend Fett vorhanden ist, kann auch Fett aus anderen K\u00f6rperregionen entnommen werden. Das gewonnene Fett wird dann in den Penis injiziert, um dessen Dicke und Breite zu vergr\u00f6\u00dfern.<\/p>\n\n\n\n<figure class=\"wp-block-image size-full\"><img loading=\"lazy\" decoding=\"async\" width=\"800\" height=\"600\" src=\"http:\/\/turkaesthetic.com\/wp-content\/uploads\/2021\/12\/penis-enlargement-5.webp\" alt=\"Penisvergr\u00f6\u00dferung in der T\u00fcrkei\" class=\"wp-image-14241\"\/><figcaption class=\"wp-element-caption\">Penisvergr\u00f6\u00dferung in der T\u00fcrkei<\/figcaption><\/figure>\n\n\n\n<h3 class=\"wp-block-heading\">Schritte des Fett\u00fcbertragungsprozesses in der T\u00fcrkei<\/h3>\n\n\n<div id=\"rank-math-howto\" class=\"rank-math-block\" >\n<div class=\"rank-math-howto-description\">\n\n<p>Der Fetttransferprozess durchl\u00e4uft wie andere Operationen drei Phasen:<\/p>\n\n<\/div>\n<p class=\"rank-math-howto-duration\"><strong>Gesamtzeit:<\/strong> <span>2 Stunden<\/span><\/p>\n<div class=\"rank-math-steps \">\n<div id=\"howto-step-1676905050092\" class=\"rank-math-step\">\n<h3 class=\"rank-math-step-title \"><strong>Vor der Operation<\/strong><\/h3>\n<div class=\"rank-math-step-content \"><img loading=\"lazy\" decoding=\"async\" width=\"1024\" height=\"576\" src=\"https:\/\/www.turkaesthetic.com\/wp-content\/uploads\/2022\/01\/fat-transfer-1.webp\" class=\"attachment-full size-full\" alt=\"Fett\u00fcbertragung in der t\u00fcrkei\" \/><p>Vor einer Fetttransplantation ist es wichtig, den Arzt \u00fcber chronische Erkrankungen, eingenommene Medikamente und fr\u00fchere Operationen zu informieren. Umfassende Gesundheitsinformationen sind unerl\u00e4sslich. Hier sind einige wichtige Schritte:<br \/>\u2013 Besprechen Sie mit dem Arzt den Zweck des Eingriffs und die zu erwartenden Ergebnisse.<br \/>\u2013 Vermeiden Sie aufgrund der Vollnarkose mindestens sechs Stunden vor der Operation Essen und Trinken.<br \/>\u2013 Informieren Sie den Arzt \u00fcber regelm\u00e4\u00dfig eingenommene Medikamente.<br \/>\u2013 Verzichten Sie mindestens eine Woche vor der Operation auf Alkohol und Rauchen.<br \/>\u2013 Sprechen Sie mit dem Arzt \u00fcber das Absetzen blutverd\u00fcnnender Medikamente wie Aspirin.<br \/>\u2013 Tragen Sie am Tag des Eingriffs bequeme Kleidung.<\/p>\n<\/div>\n<\/div>\n<div id=\"howto-step-1676905084116\" class=\"rank-math-step\">\n<h3 class=\"rank-math-step-title \"><strong>W\u00e4hrend der Operation<\/strong><\/h3>\n<div class=\"rank-math-step-content \"><p>Nach der Vollnarkose umfasst die Fetttransplantation drei Hauptschritte:<br \/>Fettabsaugung.<br \/>Fettreinigung.<br \/>R\u00fcck\u00fcbertragung des Fetts in den Behandlungsbereich.<br \/>Der Arzt identifiziert zun\u00e4chst den Bereich, aus dem das Fett entnommen werden soll, z. B. Bauch, Ges\u00e4\u00df, Oberschenkel, Brust oder H\u00e4nde, und bestimmt die ben\u00f6tigte Fettmenge entsprechend dem Eingriffszweck. W\u00e4hrend der Fettabsaugung saugt der Chirurg mit Spezialger\u00e4ten Fettzellen aus dem K\u00f6rper ab und stellt dabei sicher, dass die Zellen am Leben bleiben.<br \/>Anschlie\u00dfend werden diese Fettzellen gereinigt, um Unreinheiten zu entfernen. Abschlie\u00dfend injiziert der Chirurg das gereinigte Fett erneut in den zu vergr\u00f6\u00dfernden Bereich. Diese Eingriffe werden mit h\u00f6chster Pr\u00e4zision durchgef\u00fchrt, um die Qualit\u00e4t der Fettzellen zu erhalten und Sch\u00e4den zu minimieren.<\/p>\n<\/div>\n<\/div>\n<div id=\"howto-step-1676905098075\" class=\"rank-math-step\">\n<h3 class=\"rank-math-step-title \"><strong>Nach der Operation<\/strong><\/h3>\n<div class=\"rank-math-step-content \"><p>Nach der Operation wird der betroffene Bereich mit Verb\u00e4nden versorgt. \u00c4rzte empfehlen das Tragen eines engen Korsetts, um Druck auf Bluterg\u00fcsse auszu\u00fcben, Schwellungen zu reduzieren und die Heilung zu beschleunigen. Ein kleiner Saugschlauch kann vor\u00fcbergehend unter die Haut gelegt werden, um angesammelte Fl\u00fcssigkeit abzuleiten. Der Chirurg gibt genaue Anweisungen, deren Einhaltung f\u00fcr eine optimale Genesung unerl\u00e4sslich ist. Der Patient muss eine Nacht im Krankenhaus bleiben.<\/p>\n<\/div>\n<\/div>\n<\/div>\n<\/div>\n<p class=\"rank-math-howto-estimatedCost\"><strong>Gesch\u00e4tzte Kosten:<\/strong> <span>2200 Euro<\/span><\/p>\n\n\n\n\n\n<h3 class=\"wp-block-heading\">Fetttransfer in andere K\u00f6rperregionen<\/h3>\n\n\n\n<p>In bestimmten F\u00e4llen kann Fett auch in andere K\u00f6rperregionen injiziert werden. Beispielsweise kann es verwendet werden, um das Erscheinungsbild von Narben an H\u00e4nden, F\u00fc\u00dfen oder anderen K\u00f6rperteilen, die durch Unf\u00e4lle entstanden sind, zu verbessern. Dar\u00fcber hinaus kann eine Fetttransplantation dazu beitragen, tiefe Falten an Hals, H\u00e4nden oder Brust zu minimieren. Dies sollte jedoch mit Vorsicht und in Ma\u00dfen erfolgen.<\/p>\n\n\n\n<h4 class=\"wp-block-heading\">Vor und nach der Fetttransplantation<\/h4>\n\n\n\n<p>Hier sind einige Vorher-Nachher-Bilder der Fetttransplantation, die bei Turk Aesthetic in Istanbul durchgef\u00fchrt wurde.<\/p>\n\n\n\n<figure class=\"wp-block-gallery has-nested-images columns-default is-cropped wp-block-gallery-1 is-layout-flex wp-block-gallery-is-layout-flex\">\n<figure class=\"wp-block-image size-large\"><img loading=\"lazy\" decoding=\"async\" width=\"1200\" height=\"800\" data-id=\"50269\" src=\"https:\/\/www.turkaesthetic.com\/wp-content\/uploads\/2023\/12\/Fat-transfer-before-after-5.webp\" alt=\"Vor und nach der Fetttransplantation in der T\u00fcrkei\" class=\"wp-image-50269\"\/><figcaption class=\"wp-element-caption\">Vor und nach der Fetttransplantation in der T\u00fcrkei<\/figcaption><\/figure>\n\n\n\n<figure class=\"wp-block-image size-large\"><img loading=\"lazy\" decoding=\"async\" width=\"1200\" height=\"800\" data-id=\"45540\" src=\"https:\/\/www.turkaesthetic.com\/wp-content\/uploads\/2023\/11\/before-after-fat-transfer-1.jpg\" alt=\"Vor und nach der Fetttransplantation in der T\u00fcrkei\" class=\"wp-image-45540\"\/><figcaption class=\"wp-element-caption\">Vor und nach der Fetttransplantation in der T\u00fcrkei<\/figcaption><\/figure>\n\n\n\n<figure class=\"wp-block-image size-large\"><img loading=\"lazy\" decoding=\"async\" width=\"1200\" height=\"800\" data-id=\"45549\" src=\"https:\/\/www.turkaesthetic.com\/wp-content\/uploads\/2023\/11\/before-after-fat-transfer-2.jpg\" alt=\"Vor und nach der Fetttransplantation in der T\u00fcrkei\" class=\"wp-image-45549\"\/><figcaption class=\"wp-element-caption\">Vor und nach der Fetttransplantation in der T\u00fcrkei<\/figcaption><\/figure>\n<\/figure>\n\n\n\n<h4 class=\"wp-block-heading\">Postoperative Hinweise zur Fetttransplantation<\/h4>\n\n\n\n<p>Wichtige Hinweise f\u00fcr die Zeit nach dem Eingriff:<\/p>\n\n\n\n<ul class=\"wp-block-list\">\n<li>Sorgen Sie f\u00fcr ausreichend Ruhe und nehmen Sie alle Medikamente, einschlie\u00dflich Schmerzmittel und Entz\u00fcndungshemmer, wie von Ihrem Arzt verordnet ein, um Komplikationen zu minimieren und Schmerzen zu lindern.<\/li>\n\n\n\n<li>Versuchen Sie, das Rauchen zu reduzieren oder ganz zu vermeiden und blutverd\u00fcnnende Medikamente abzusetzen.<\/li>\n\n\n\n<li>Trinken Sie viel, um die Genesung zu unterst\u00fctzen und die Wundheilung zu verbessern.<\/li>\n\n\n\n<li>Sorgen Sie nach der Operation f\u00fcr ausreichend Schlaf. Legen Sie sich je nach Eingriffsbereich in die von Ihrem Arzt verordnete Position.<\/li>\n\n\n\n<li>Befolgen Sie die Anweisungen zur Wundpflege sorgf\u00e4ltig, um die Heilung zu f\u00f6rdern.<\/li>\n\n\n\n<li>Tragen Sie das von Ihrem Arzt bereitgestellte Korsett f\u00fcr die angegebene Dauer.<\/li>\n<\/ul>\n\n\n\n<h3 class=\"wp-block-heading\">Vor- und Nachteile<\/h3>\n\n\n\n<p><strong>Nachteile<\/strong><\/p>\n\n\n\n<p>Nach dem Eingriff k\u00f6nnen Komplikationen auftreten, insbesondere abh\u00e4ngig von der Erfahrung des Chirurgen und der Einhaltung der postoperativen Anweisungen durch den Patienten. In seltenen F\u00e4llen kann es zu Asymmetrien in den behandelten Bereichen kommen.<\/p>\n\n\n\n<p><strong>Vorteile<\/strong><\/p>\n\n\n\n<p>Bei einem erfolgreichen Eingriff gewinnen Patienten oft ihr Selbstvertrauen zur\u00fcck, da sie ein jugendlicheres und attraktiveres Aussehen haben. Dar\u00fcber hinaus kann der Eingriff dazu beitragen, unerw\u00fcnschtes \u00fcbersch\u00fcssiges Fett in bestimmten K\u00f6rperbereichen zu reduzieren.<\/p>\n\n\n\n<p><strong>M\u00f6gliche Nebenwirkungen<\/strong><\/p>\n\n\n\n<p>Folgende Nebenwirkungen k\u00f6nnen auftreten:<\/p>\n\n\n\n<ul class=\"wp-block-list\">\n<li>Schwellungen und Bluterg\u00fcsse der Haut.<\/li>\n\n\n\n<li>Leichter Juckreiz an der Operationsnaht.<\/li>\n\n\n\n<li>Unangenehme Beschwerden in der ersten Woche.<\/li>\n\n\n\n<li>Leichtes und vor\u00fcbergehendes Taubheitsgef\u00fchl in bestimmten Bereichen.<\/li>\n\n\n\n<li>Vor\u00fcbergehende R\u00f6tung oder bl\u00e4uliche Verf\u00e4rbung in den Transferbereichen.<\/li>\n\n\n\n<li>Bitte wenden Sie sich bei Bedenken oder Fragen zu Ihrer Genesung an Ihren Arzt.<\/li>\n<\/ul>\n\n\n\n<h3 class=\"wp-block-heading\">Fetttransfer in Istanbul, T\u00fcrkei<\/h3>\n\n\n\n<p>Die T\u00fcrkei, insbesondere Istanbul, ist aufgrund ihrer vielen Vorteile ein beliebtes Reiseziel f\u00fcr Touristen, die sowohl medizinische Behandlung als auch Tourismus suchen. Dazu geh\u00f6ren eine breite Palette von Behandlungsm\u00f6glichkeiten, die Expertise der \u00c4rzte, hochwertige Leistungen und angemessene Preise. Kosmetische Chirurgie in der T\u00fcrkei geh\u00f6rt zu den gefragtesten Optionen. Die Kosten liegen in der Regel zwischen 2.000 und 2.500 \u20ac, je nach Klinik und individuellem Fall.<\/p>\n\n\n\n<h4 class=\"wp-block-heading\">Kosten f\u00fcr Fetttransfer in Istanbul, T\u00fcrkei<\/h4>\n\n\n\n<p>Die Kosten f\u00fcr einen Fetttransfer in der T\u00fcrkei variieren je nach Standort und h\u00e4ngen von mehreren Faktoren ab:<\/p>\n\n\n\n<p>Der Ruf der Klinik oder des Krankenhauses.<br>Die Erfahrung des Arztes.<br>Der zu behandelnde K\u00f6rperbereich.<br>Zus\u00e4tzliche Leistungen der Klinik: Einige Einrichtungen bieten Pakete an, die Behandlung, Unterkunft und Transport beinhalten.<br>Bei Turk Aesthetic in Istanbul betragen die Kosten f\u00fcr eine Fetttransplantation 2.200 \u20ac.<\/p>\n\n\n\n<p>F\u00fcr Anfragen zu Paketen inklusive Unterkunft und Transport erreichen Sie das Team von Turk Aesthetic \u00fcber die Kontaktseite.<\/p>\n\n\n\n<h2 class=\"wp-block-heading\">FAQ &#8211; Fetttransfer in der T\u00fcrkei Istanbul<\/h2>\n\n\n<div id=\"rank-math-faq\" class=\"rank-math-block\">\n<div class=\"rank-math-list \">\n<div id=\"faq-question-1676905198562\" class=\"rank-math-list-item\">\n<h3 class=\"rank-math-question \"><strong> Wie lange dauert eine Fetttransplantation?<\/strong><\/h3>\n<div class=\"rank-math-answer \">\n\n<p>Der Eingriff dauert in der Regel etwa 2 bis 3 Stunden, abh\u00e4ngig vom Einzelfall.<\/p>\n\n<\/div>\n<\/div>\n<div id=\"faq-question-1742905627244\" class=\"rank-math-list-item\">\n<h3 class=\"rank-math-question \">Wann sehe ich die Ergebnisse der Fetttransplantation?<\/h3>\n<div class=\"rank-math-answer \">\n\n<p>Die Ergebnisse sind unmittelbar nach dem Eingriff sichtbar, werden jedoch deutlicher, sobald die chirurgische Wirkung nachl\u00e4sst.<\/p>\n\n<\/div>\n<\/div>\n<div id=\"faq-question-1742905632877\" class=\"rank-math-list-item\">\n<h3 class=\"rank-math-question \">Wie hoch ist die Erfolgsquote einer Fetttransplantation?<\/h3>\n<div class=\"rank-math-answer \">\n\n<p>Die Erfolgsquote ist im Vergleich zu anderen Operationen hoch.<\/p>\n\n<\/div>\n<\/div>\n<div id=\"faq-question-1742905639446\" class=\"rank-math-list-item\">\n<h3 class=\"rank-math-question \">Welche Art der An\u00e4sthesie wird bei einer Fetttransplantation verwendet?<\/h3>\n<div class=\"rank-math-answer \">\n\n<p>Die Fetttransplantation wird unter Vollnarkose durchgef\u00fchrt.<\/p>\n\n<\/div>\n<\/div>\n<div id=\"faq-question-1742905645370\" class=\"rank-math-list-item\">\n<h3 class=\"rank-math-question \">Was kostet eine Fetttransplantation in der T\u00fcrkei?<\/h3>\n<div class=\"rank-math-answer \">\n\n<p>Die Kosten bei Turk Aesthetic Istanbul variieren je nach den Besonderheiten des Eingriffs und beginnen bei 2.500 \u20ac.<\/p>\n\n<\/div>\n<\/div>\n<div id=\"faq-question-1742905654201\" class=\"rank-math-list-item\">\n<h3 class=\"rank-math-question \">Wie lange dauert die Erholungsphase nach einer Fettinjektion?<\/h3>\n<div class=\"rank-math-answer \">\n\n<p>In der Regel ist eine Erholungsphase von etwa einer Woche nach der Fetttransplantation ausreichend.<\/p>\n\n<\/div>\n<\/div>\n<div id=\"faq-question-1742905671257\" class=\"rank-math-list-item\">\n<h3 class=\"rank-math-question \">Sind die Ergebnisse einer Fetttransplantation dauerhaft?<\/h3>\n<div class=\"rank-math-answer \">\n\n<p>Ja, die Ergebnisse einer Fetttransplantation gelten als Langzeitl\u00f6sung. Die Wirkung h\u00e4lt in der Regel 5 bis 10 Jahre an.<\/p>\n\n<\/div>\n<\/div>\n<div id=\"faq-question-1742905677732\" class=\"rank-math-list-item\">\n<h3 class=\"rank-math-question \">Beeinflusst die Ern\u00e4hrung die Ergebnisse einer Fetttransplantation?<\/h3>\n<div class=\"rank-math-answer \">\n\n<p>Ja, es wird empfohlen, nach dem Eingriff eine kohlenhydratreiche Ern\u00e4hrung einzuhalten, um sicherzustellen, dass die Ergebnisse nicht durch eine unzureichende Ern\u00e4hrung beeintr\u00e4chtigt werden.<\/p>\n\n<\/div>\n<\/div>\n<\/div>\n<\/div>\n\n\n<p>Schlie\u00dflich k\u00f6nnen Sie unser Team direkt \u00fcber den Link\u00a0<a href=\"http:\/\/turkaesthetic.com\/de\/contact-us\/\" target=\"_blank\" rel=\"noreferrer noopener\"><strong>kontaktieren<\/strong><\/a>, um Informationen und Preise von\u00a0<strong><a href=\"https:\/\/www.youtube.com\/channel\/UC0zggzdm5CFwpRMmn_CPpFQ\" target=\"_blank\" rel=\"noreferrer noopener\">Turk Aesthetic<\/a>\u00a0<\/strong>anzufordern.<a href=\"http:\/\/turkaesthetic.com\/de\/surgeries-de\/lip-lifting\/\"><\/a><a href=\"http:\/\/turkaesthetic.com\/de\/non-surgical-de\/cheek-filler\/\"><\/a><\/p>\n","protected":false},"excerpt":{"rendered":"<p>Die Fetttransplantation ist eine Form der plastischen Chirurgie, bei der Fett aus unerw\u00fcnschten K\u00f6rperregionen entnommen und an anderen Stellen wieder injiziert wird. Ziel ist beispielsweise die Straffung der Haut sowie die Reduzierung von Falten und tiefen Narben. Fett kann auch in das Ges\u00e4\u00df transferiert werden, um ein proportionaleres Erscheinungsbild im Vergleich zum Rest des K\u00f6rpers [&hellip;]<\/p>\n","protected":false},"author":1,"featured_media":15092,"parent":0,"menu_order":0,"comment_status":"closed","ping_status":"closed","template":"","meta":{"footnotes":""},"dep":[1354],"class_list":["post-15111","page","type-page","status-publish","has-post-thumbnail","hentry","dep-plastic-surgeries"],"_links":{"self":[{"href":"https:\/\/www.turkaesthetic.com\/de\/wp-json\/wp\/v2\/pages\/15111","targetHints":{"allow":["GET"]}}],"collection":[{"href":"https:\/\/www.turkaesthetic.com\/de\/wp-json\/wp\/v2\/pages"}],"about":[{"href":"https:\/\/www.turkaesthetic.com\/de\/wp-json\/wp\/v2\/types\/page"}],"author":[{"embeddable":true,"href":"https:\/\/www.turkaesthetic.com\/de\/wp-json\/wp\/v2\/users\/1"}],"replies":[{"embeddable":true,"href":"https:\/\/www.turkaesthetic.com\/de\/wp-json\/wp\/v2\/comments?post=15111"}],"version-history":[{"count":0,"href":"https:\/\/www.turkaesthetic.com\/de\/wp-json\/wp\/v2\/pages\/15111\/revisions"}],"wp:featuredmedia":[{"embeddable":true,"href":"https:\/\/www.turkaesthetic.com\/de\/wp-json\/wp\/v2\/media\/15092"}],"wp:attachment":[{"href":"https:\/\/www.turkaesthetic.com\/de\/wp-json\/wp\/v2\/media?parent=15111"}],"wp:term":[{"taxonomy":"dep","embeddable":true,"href":"https:\/\/www.turkaesthetic.com\/de\/wp-json\/wp\/v2\/dep?post=15111"}],"curies":[{"name":"wp","href":"https:\/\/api.w.org\/{rel}","templated":true}]}}