{"id":14967,"date":"2022-01-21T13:21:57","date_gmt":"2022-01-21T10:21:57","guid":{"rendered":"http:\/\/turkaesthetic.com\/skincare\/"},"modified":"2024-04-24T00:42:36","modified_gmt":"2024-04-23T21:42:36","slug":"skincare","status":"publish","type":"page","link":"https:\/\/www.turkaesthetic.com\/de\/skincare\/","title":{"rendered":"Hautpflege"},"content":{"rendered":"\n<p><strong>Hautpflege in der T\u00fcrkei<\/strong> <strong>Istanbul<\/strong> ist ein einfaches Verfahren, das die Haut verbessert und verj\u00fcngt. Jeder hat unterschiedliche Hauttypen, einige Hauttypen sind trocken und andere fettig. Im Laufe des Lebens und durch viele Faktoren, wie zum Beispiel die offensichtliche und schnelle Ver\u00e4nderung unseres Hautbildes, verliert die Haut ihre Frische und es treten irritierende Faktoren wie Akne und Mitesser auf. <\/p>\n\n\n\n<p>Andere Faktoren wie Rauchen, Hautsch\u00e4den, Sonneneinstrahlung oder ung\u00fcnstige Wetterbedingungen wirken sich ebenfalls auf die Gesundheit der Haut aus. Der wichtigste Faktor bei der Hautpflege ist der Hauttyp. Mit einer k\u00f6nnen Hautprobleme beseitigt und der Haut Vitalit\u00e4t verliehen werden. Hier sind einige kurze Informationen zur Hautpflegesitzung:<\/p>\n\n\n\n<figure class=\"wp-block-table\"><table><tbody><tr><td>An\u00e4sthesie<\/td><td>Das ist nicht n\u00f6tig<\/td><\/tr><tr><td>Prozessdauer<\/td><td>45 Minuten<\/td><\/tr><tr><td>Sitzungszweck<\/td><td>Befreien Sie die Haut von Mitessern, Akne und abgestorbenen Zellen und verleihen Sie der Haut ein strahlendes und lebendiges Aussehen.<\/td><\/tr><tr><td>Ergebnisse<\/td><td>Sofort &#8211; 30 &#8211; 45 Tage lang<\/td><\/tr><tr><td>Sitzungsnummer<\/td><td>Je nach Fall<\/td><\/tr><tr><td>Kosten in der t\u00fcrkischen \u00c4sthetik<\/td><td>90 EUR<\/td><\/tr><\/tbody><\/table><figcaption class=\"wp-element-caption\"><strong>Hautpflege in der T\u00fcrkei<\/strong><\/figcaption><\/figure>\n\n\n\n<h3 class=\"wp-block-heading\">Wie wird eine Hautpflegesitzung in der T\u00fcrkei durchgef\u00fchrt?<\/h3>\n\n\n\n<p>Wird von einem plastischen Chirurgen oder Kosmetiker durchgef\u00fchrt. Die Sitzung beginnt mit der Auswahl der richtigen Materialien f\u00fcr Ihren Hauttyp und Ihre Hautform. Anschlie\u00dfend werden diese Komponenten mit einem sanften Dampfbad und Gesichtsmasken aufgetragen.<\/p>\n\n\n\n<p>Techniken wie <a href=\"http:\/\/turkaesthetic.com\/de\/non-surgical-de\/dermapen-in-turkey\/\" data-type=\"URL\" data-id=\"http:\/\/turkaesthetic.com\/de\/non-surgical-de\/dermapen-in-turkey\/\" target=\"_blank\" rel=\"noreferrer noopener\">Dermapen<\/a>, <a href=\"http:\/\/turkaesthetic.com\/de\/non-surgical-de\/dermabrasion-in-turkey\/\" data-type=\"URL\" data-id=\"http:\/\/turkaesthetic.com\/de\/non-surgical-de\/dermabrasion-in-turkey\/\" target=\"_blank\" rel=\"noreferrer noopener\">Dermabrasion<\/a>, <a href=\"http:\/\/turkaesthetic.com\/de\/prp\/\" data-type=\"URL\" data-id=\"http:\/\/turkaesthetic.com\/de\/prp\/\" target=\"_blank\" rel=\"noreferrer noopener\">PRP<\/a> (Skin Plasma), Hydrafacial und Peeling k\u00f6nnen in Verbindung mit der pers\u00f6nlichen verwendet werden. Abschlie\u00dfend wird eine sanfte Gesichtsmassage mit Hilfe spezieller \u00d6le aufgetragen, die der Haut helfen, sich zu entspannen.<\/p>\n\n\n\n<h3 class=\"wp-block-heading\">Video einer Hautpflegesitzung in der T\u00fcrkei<\/h3>\n\n\n\n<p>Sie k\u00f6nnen sich das Video ansehen, das zeigt, wie man eine hautpflege in der T\u00fcrkei in Istanbul, durchf\u00fchrt.<\/p>\n\n\n\n<figure class=\"wp-block-embed is-type-video is-provider-youtube wp-block-embed-youtube wp-embed-aspect-16-9 wp-has-aspect-ratio\"><div class=\"wp-block-embed__wrapper\">\n<iframe loading=\"lazy\" title=\"Skin Care in Turkey (45) Minutes - Turk Aesthetic\" width=\"800\" height=\"450\" src=\"https:\/\/www.youtube.com\/embed\/BkRAs41IWgw?feature=oembed\" frameborder=\"0\" allow=\"accelerometer; autoplay; clipboard-write; encrypted-media; gyroscope; picture-in-picture; web-share\" allowfullscreen><\/iframe>\n<\/div><figcaption class=\"wp-element-caption\"><strong>Hautpflege in der T\u00fcrkei<\/strong><\/figcaption><\/figure>\n\n\n\n<h3 class=\"wp-block-heading\">Der Arzt, der hautpflege in der T\u00fcrkei durchf\u00fchrt<\/h3>\n\n\n\n<p>\u0130st ein kosmetischer Prozess, der von einem ausreichend erfahrenen Kosmetikarzt oder einer ausgebildeten Kosmetikerin in einem vertrauensw\u00fcrdigen Zentrum, einer hochsterilen klinischen Umgebung und einem hochqualifizierten Arzt durchgef\u00fchrt wird, alles Dinge, die bei der Auswahl eines medizinischen Zentrums ber\u00fccksichtigt werden. Hohe Kosten k\u00f6nnen manchmal die hohe Effizienz und Zuverl\u00e4ssigkeit des Zentrums widerspiegeln, daher ist es besser, die Kosten nicht zu diskutieren oder zu verhandeln.<\/p>\n\n\n\n<h3 class=\"wp-block-heading\">Techniken<\/h3>\n\n\n\n<p>Neben den in verwendeten Materialien k\u00f6nnen viele verschiedene Techniken angewendet werden. Im Folgenden werden wir \u00fcber die Techniken sprechen, die in der verwendet werden:<\/p>\n\n\n\n<h4 class=\"wp-block-heading\">Dermapen<\/h4>\n\n\n\n<p>Es ist ein Verfahren, bei dem die Hautoberfl\u00e4che mit einem speziellen Stift durch feine Nadeln stimuliert wird. Hilft Formationen wie helle Flecken, Falten und Aknenarben zu entfernen. Das Verfahren verleiht der Haut Vitalit\u00e4t und Frische und hilft, sie zu straffen. Die Dauer des Verfahrens betr\u00e4gt durchschnittlich 20-30 Minuten. Vor dem Eingriff kann eine Lokalan\u00e4sthesiecreme aufgetragen werden, um das Nadelstichgef\u00fchl zu reduzieren.<\/p>\n\n\n\n<figure class=\"wp-block-image size-full\"><img loading=\"lazy\" decoding=\"async\" width=\"1024\" height=\"724\" src=\"http:\/\/turkaesthetic.com\/wp-content\/uploads\/2022\/01\/skincare-Dermapen.webp\" alt=\"Hautpflege in der istanbul\" class=\"wp-image-15166\"\/><\/figure>\n\n\n\n<h4 class=\"wp-block-heading\">Dermabrasion<\/h4>\n\n\n\n<p>Es ist ein Verfahren zum Sch\u00e4len der Hautoberfl\u00e4che. Es kann mit einer Hautpflegesitzung angewendet werden, um Narben, Akne, leichte Falten und Gr\u00fcbchen auf der Haut zu entfernen. Neues Gewebe und Zellen ersetzen die abgebl\u00e4tterte Haut, was zu neuer, gl\u00e4nzender, fleckenfreier Haut f\u00fchrt.<\/p>\n\n\n\n<p>Da sich die Hautoberfl\u00e4che absch\u00e4lt, kann vor dem Eingriff eine Lokalan\u00e4sthesiecreme verwendet werden, damit die Person keine Beschwerden versp\u00fcrt. Es kann 7-10 Tage dauern, bis die Haut nach einer Derma-Schwangerschaftssitzung vollst\u00e4ndig geheilt ist. Die Dauer des Verfahrens betr\u00e4gt 30-40 Minuten, und die Anzahl der Sitzungen kann je nach Hauttyp und Hautzustand variieren.<\/p>\n\n\n\n<h4 class=\"wp-block-heading\">Plasma (PRP)<\/h4>\n\n\n\n<p>Wenn Plasma w\u00e4hrend einer hautpflege in der T\u00fcrkei auf das Gesicht aufgetragen wird, erzielt die Sitzung gro\u00dfartige Ergebnisse, da das Plasma Zellen regeneriert und Kollagen stimuliert. Es ist vorzuziehen, diesen Vorgang zu wiederholen, um dauerhaftere Ergebnisse zu erzielen, da eine Sitzung nicht ausreicht, um ein ideales Ergebnis zu erzielen.<\/p>\n\n\n\n<h4 class=\"wp-block-heading\">Hydrafacial<\/h4>\n\n\n\n<p>Eine Technik, die die vielen Vorteile von Kristall- und chemischen Peelings gleichzeitig kombiniert. Es ist eine nicht-chirurgische Alternative zu einer wirksamen Behandlung, die eine halbe Stunde nicht \u00fcberschreitet, ohne den Einsatz von Antioxidantien, mit \u00fcberraschenden Ergebnissen bei der Verj\u00fcngung und Befeuchtung der Haut, ohne Komplikationen und Risiken.<\/p>\n\n\n\n<p>Dank der Vakuumk\u00f6pfe reinigt es Mitesser und Akne. Es umfasst mehrere Methoden wie das Auftragen von Serum unter die Haut, Hautstraffung dank des roten LED-Lichts, Peeling abgestorbener Haut und Hauttonisierung.<\/p>\n\n\n\n<figure class=\"wp-block-image size-full\"><img loading=\"lazy\" decoding=\"async\" width=\"1024\" height=\"768\" src=\"http:\/\/turkaesthetic.com\/wp-content\/uploads\/2022\/01\/during-skincare.webp\" alt=\"Hautpflege in der t\u00fcrkei\" class=\"wp-image-15138\"\/><\/figure>\n\n\n\n<h4 class=\"wp-block-heading\">Peeling<\/h4>\n\n\n\n<p><a href=\"http:\/\/turkaesthetic.com\/de\/non-surgical-de\/carbon-peeling\/\" data-type=\"URL\" data-id=\"http:\/\/turkaesthetic.com\/de\/non-surgical-de\/carbon-peeling\/\" target=\"_blank\" rel=\"noreferrer noopener\">Peeling<\/a> ist eine M\u00f6glichkeit, die Haut von Zellen zu reinigen, die ihre Vitalit\u00e4t verloren haben. Auf diese Weise erh\u00e4lt die Haut ihre fr\u00fchere Vitalit\u00e4t und Frische zur\u00fcck. Es gibt verschiedene Arten von Peelings, wie z. B. chemisches und Kohlenstoff-Peeling. Chemische Peelings entfernen abgestorbene Zellen, die durch einige Chemikalien ihre Vitalit\u00e4t in der Haut verloren haben.<\/p>\n\n\n\n<p>Das Kohlenstoff-Peeling reinigt die Haut mit Aktivkohle. Je nach Hauttyp und \u00e4rztlicher Empfehlung kann eine der Peeling-Methoden angewendet werden.<\/p>\n\n\n\n<figure class=\"wp-block-image size-full\"><img loading=\"lazy\" decoding=\"async\" width=\"1024\" height=\"683\" src=\"http:\/\/turkaesthetic.com\/wp-content\/uploads\/2022\/01\/carbon-facial-peeling.webp\" alt=\"Hautpflege in der t\u00fcrkei\" class=\"wp-image-14974\"\/><\/figure>\n\n\n\n<h4 class=\"wp-block-heading\">Masken<\/h4>\n\n\n\n<p>Nach der Auswahl der f\u00fcr Ihren Hauttyp geeigneten Hautpflegeprodukte wird bei Bedarf eine der oben genannten Techniken angewendet. Nach Abschluss aller Verfahren werden Masken verwendet, um das Gleichgewicht und die Feuchtigkeit der Haut zu erhalten und der Haut einen Glanz zu verleihen.<\/p>\n\n\n\n<figure class=\"wp-block-image size-full\"><img loading=\"lazy\" decoding=\"async\" width=\"1024\" height=\"681\" src=\"http:\/\/turkaesthetic.com\/wp-content\/uploads\/2022\/01\/skincare-mask-.webp\" alt=\"Hautpflege in der t\u00fcrkei\" class=\"wp-image-15171\"\/><\/figure>\n\n\n\n<h2 class=\"wp-block-heading\">Schritte<\/h2>\n\n\n<div id=\"rank-math-howto\" class=\"rank-math-block\" >\n<div class=\"rank-math-howto-description\">\n\n<p>Schritte:<\/p>\n\n<\/div>\n<p class=\"rank-math-howto-duration\"><strong>Gesamtzeit:<\/strong> <span>45 Minuten<\/span><\/p>\n<div class=\"rank-math-steps \">\n<div id=\"howto-step-1676366901520\" class=\"rank-math-step\">\n<h3 class=\"rank-math-step-title \"><strong>Vor der Sitzung<\/strong><\/h3>\n<div class=\"rank-math-step-content \"><p>Vor der Hautpflegesitzung wird der Zweck des Verfahrens anhand des Hauttyps, der Hautprobleme, der Anzahl der durchzuf\u00fchrenden Sitzungen und des Zeitintervalls zwischen den einzelnen Sitzungen besprochen. Je nach Fall ist eine Hautpflegesitzung mit Plasma, Dermapen oder Peeling vorzuziehen. Eine lokalan\u00e4sthetische Creme kann vor dem Eingriff verwendet werden, wenn er durchgef\u00fchrt wird. \u00dcbernahme einer der Techniken, die die Hautpflegesitzung begleiten.<\/p>\n<\/div>\n<\/div>\n<div id=\"howto-step-1676366985397\" class=\"rank-math-step\">\n<h3 class=\"rank-math-step-title \"><strong>W\u00e4hrend der Sitzung<\/strong><\/h3>\n<div class=\"rank-math-step-content \"><p>Die Sitzung beginnt mit der Entfernung von Make-up und Creme auf der Haut, und schwarze Flecken, Akne, Narben und Gr\u00fcbchen, falls vorhanden, werden mit den Techniken entfernt, die wir bei der erw\u00e4hnt haben. Abschlie\u00dfend werden dem Hauttyp entsprechende Masken verwendet. Abschlie\u00dfend wird das Gesicht mit speziellen \u00d6len massiert.<\/p>\n<\/div>\n<\/div>\n<div id=\"howto-step-1676366994855\" class=\"rank-math-step\">\n<h3 class=\"rank-math-step-title \"><strong>Nach der Sitzung<\/strong><\/h3>\n<div class=\"rank-math-step-content \"><p>Eine Person kann sofort zu ihrem normalen Leben zur\u00fcckkehren, indem sie die vom Spezialisten empfohlenen Cremes verwendet und die Pflegeanweisungen befolgt, um effektivere und dauerhaftere Ergebnisse zu erzielen. Wenn Techniken wie Dermapen oder Hautplasma verwendet werden, sollte ein Sonnenschutz verwendet werden.<\/p>\n<\/div>\n<\/div>\n<\/div>\n<\/div>\n<p class=\"rank-math-howto-estimatedCost\"><strong>Gesch\u00e4tzte Kosten:<\/strong> <span>90 EUR<\/span><\/p>\n\n\n\n\n\n<h3 class=\"wp-block-heading\">Vor und nach der hautpflege in der T\u00fcrkei<\/h3>\n\n\n\n<p>Unten sehen Sie die Vorher-Nachher-Fotos unserer Patienten, die sich einer unterzogen haben.<\/p>\n\n\n\n<figure class=\"wp-block-gallery has-nested-images columns-default is-cropped wp-block-gallery-1 is-layout-flex wp-block-gallery-is-layout-flex\">\n<figure class=\"wp-block-image size-large\"><img loading=\"lazy\" decoding=\"async\" width=\"1200\" height=\"800\" data-id=\"46531\" src=\"http:\/\/turkaesthetic.com\/wp-content\/uploads\/2023\/11\/before-after-skin-care-1.jpg\" alt=\"Vor und nach der Hautpflege in T\u00fcrkei\" class=\"wp-image-46531\"\/><figcaption class=\"wp-element-caption\">Vor und nach der Hautpflege in T\u00fcrkei<\/figcaption><\/figure>\n\n\n\n<figure class=\"wp-block-image size-large\"><img loading=\"lazy\" decoding=\"async\" width=\"1200\" height=\"800\" data-id=\"46540\" src=\"http:\/\/turkaesthetic.com\/wp-content\/uploads\/2023\/11\/before-after-skin-care-2.jpg\" alt=\"Vor und nach der Hautpflege in T\u00fcrkei\" class=\"wp-image-46540\"\/><figcaption class=\"wp-element-caption\">Vor und nach der Hautpflege in T\u00fcrkei<\/figcaption><\/figure>\n\n\n\n<figure class=\"wp-block-image size-large\"><img loading=\"lazy\" decoding=\"async\" width=\"1200\" height=\"800\" data-id=\"46549\" src=\"http:\/\/turkaesthetic.com\/wp-content\/uploads\/2023\/11\/before-after-skin-care-3.jpg\" alt=\"Vor und nach der Hautpflege in T\u00fcrkiye\" class=\"wp-image-46549\"\/><figcaption class=\"wp-element-caption\">Vor und nach der Hautpflege in T\u00fcrkiye<\/figcaption><\/figure>\n\n\n\n<figure class=\"wp-block-image size-large\"><img loading=\"lazy\" decoding=\"async\" width=\"1200\" height=\"800\" data-id=\"46558\" src=\"http:\/\/turkaesthetic.com\/wp-content\/uploads\/2023\/11\/before-after-skin-care-4.jpg\" alt=\"Vor und nach der Hautpflege in T\u00fcrkiye\" class=\"wp-image-46558\"\/><figcaption class=\"wp-element-caption\">Vor und nach der Hautpflege in T\u00fcrkiye<\/figcaption><\/figure>\n<\/figure>\n\n\n\n<h3 class=\"wp-block-heading\">Anleitung nach der hautpflege in der T\u00fcrkei<\/h3>\n\n\n\n<ul class=\"wp-block-list\">\n<li>Halten Sie sich an die Anweisungen des Arztes<\/li>\n\n\n\n<li>Wenn Plasma, Dermapen oder Dermabrasion angewendet wird, sollte der Bereich bis zum n\u00e4chsten Tag nicht gewaschen werden.<\/li>\n\n\n\n<li>Verwenden Sie in der Anfangszeit keine chemischen Produkte.<\/li>\n\n\n\n<li>Wenden Sie sich an Ihren Arzt, wenn Sie zus\u00e4tzliche Verfahren wie F\u00fcllstoffe oder Botox anwenden m\u00f6chten.<\/li>\n\n\n\n<li>Wenn Plasma, Dermapen oder Dermabrasion angewendet wird, sollte kein Sonnenschutzmittel verwendet werden.<\/li>\n<\/ul>\n\n\n\n<h3 class=\"wp-block-heading\">Vor- und Nachteile einer Hautpflegesitzung<\/h3>\n\n\n\n<h4 class=\"wp-block-heading\">Vorteile<\/h4>\n\n\n\n<p>Sobald die Hautpflege- und Reinigungssitzung vorbei ist, wird eine Person eine deutliche Verbesserung des Hauttons, der Textur und des Strahlens bemerken. Es erm\u00f6glicht Ihnen ein lebendiges und sauberes Gesicht frei von schwarzen Flecken, Akne und abgestorbenen Zellen.<\/p>\n\n\n\n<h4 class=\"wp-block-heading\">M\u00e4ngel<\/h4>\n\n\n\n<p>Aufgrund pers\u00f6nlicher und umweltbedingter Faktoren kann im Laufe der Zeit eine erneute Sitzung erforderlich sein. Hautpflege, die von Laien unter unsterilen Bedingungen durchgef\u00fchrt wird und keine guten Ger\u00e4te verwendet, kann zu negativen Auswirkungen auf die Ergebnisse f\u00fchren.<\/p>\n\n\n\n<h4 class=\"wp-block-heading\">Nebenwirkungen der Sitzung<\/h4>\n\n\n\n<p>In sehr seltenen F\u00e4llen kann es zu einer Allergie gegen die in Kr\u00e4utermasken und anderen Bio-\u00d6len verwendeten Substanzen kommen. Wenn bei der Hautpflegebehandlung Techniken angewendet werden, wie z. B. Hautplasma oder Peeling, kann es nach der Sitzung zu leichten R\u00f6tungen kommen.<\/p>\n\n\n\n<h3 class=\"wp-block-heading\">Hautpflege in der T\u00fcrkei in Istanbul<\/h3>\n\n\n\n<p>Die T\u00fcrkei im Allgemeinen und Istanbul im Besonderen ist das Ziel vieler Touristen, die die T\u00fcrkei wegen ihrer vielen Vorteile wie der F\u00fclle an M\u00f6glichkeiten, dem Fachwissen der \u00c4rzte und der Qualit\u00e4t der Gesundheitsversorgung gleichzeitig zur Behandlung und zum Tourismus besuchen. \u0130st eine der wichtigsten verf\u00fcgbaren kosmetischen Optionen und kostet je nach Zentrum und Sitzungsdetails zwischen 90 und 120 Euro.<\/p>\n\n\n\n<h3 class=\"wp-block-heading\">Kosten f\u00fcr eine Hautpflege in der T\u00fcrkei Istanbul<\/h3>\n\n\n\n<ul class=\"wp-block-list\">\n<li>Die Kosten f\u00fcr variieren je nach Ort von Ort zu Ort:<\/li>\n\n\n\n<li>Der Ruf des medizinischen Zentrums oder Krankenhauses.<\/li>\n\n\n\n<li>Erfahrung des Arztes.<\/li>\n\n\n\n<li>Verfahrensdetails.<\/li>\n\n\n\n<li>Das Zentrum bietet zus\u00e4tzliche Dienstleistungen an, da einige Zentren Pakete anbieten, die Behandlung, Unterkunft und Transport beinhalten.<\/li>\n\n\n\n<li>Turk Aesthetic Istanbul &#8211; Die Kosten f\u00fcr eine Hautpflegesitzung betragen 90 Euro<\/li>\n\n\n\n<li>Sie k\u00f6nnen das Team von Turkish Aesthetic auf der Kontaktseite kontaktieren, um eine Paketgeb\u00fchr einschlie\u00dflich Unterkunft und Transport anzufordern.<\/li>\n<\/ul>\n\n\n\n<h2 class=\"wp-block-heading\">FAQ &#8211; Hautpflege in der T\u00fcrkei<\/h2>\n\n\n<div id=\"rank-math-faq\" class=\"rank-math-block\">\n<div class=\"rank-math-list \">\n<div id=\"faq-question-1676367036057\" class=\"rank-math-list-item\">\n<h3 class=\"rank-math-question \">Ab welchem \u200b\u200bAlter ist sinnvoll?<\/h3>\n<div class=\"rank-math-answer \">\n\n<p>Jeder \u00fcber 20 Jahre alt<\/p>\n\n<\/div>\n<\/div>\n<div id=\"faq-question-1676367041010\" class=\"rank-math-list-item\">\n<h3 class=\"rank-math-question \">Wie lange dauert eine Hautpflegesitzung?<\/h3>\n<div class=\"rank-math-answer \">\n\n<p>Es dauert etwa 45-60 Minuten, je nach verwendeter Technik.<\/p>\n\n<\/div>\n<\/div>\n<div id=\"faq-question-1676367049508\" class=\"rank-math-list-item\">\n<h3 class=\"rank-math-question \">Wird es w\u00e4hrend der Hautpflegesitzung zu Schmerzen kommen?<\/h3>\n<div class=\"rank-math-answer \">\n\n<p>Es gibt keine Schmerzen w\u00e4hrend der hautpflege in der T\u00fcrkei.<\/p>\n\n<\/div>\n<\/div>\n<div id=\"faq-question-1676367058843\" class=\"rank-math-list-item\">\n<h3 class=\"rank-math-question \">Was sind die vorteile der hautpflege in der T\u00fcrkei?<\/h3>\n<div class=\"rank-math-answer \">\n\n<p>Der Hauptzweck der besteht darin, die Haut von Mitessern, Akne und abgestorbenen Zellen zu reinigen und der Haut ein strahlendes und lebendiges Aussehen zu verleihen.<\/p>\n\n<\/div>\n<\/div>\n<div id=\"faq-question-1676367072831\" class=\"rank-math-list-item\">\n<h3 class=\"rank-math-question \">Was kostet eine hautpflege in der T\u00fcrkei?<\/h3>\n<div class=\"rank-math-answer \">\n\n<p>Der Preis f\u00fcr eine hautpflege in der T\u00fcrkei bei T\u00fcrk Aesthetic betr\u00e4gt 90 \u20ac.<\/p>\n\n<\/div>\n<\/div>\n<div id=\"faq-question-1676367087756\" class=\"rank-math-list-item\">\n<h3 class=\"rank-math-question \">Welche Techniken k\u00f6nnen zur Hautpflege angewendet werden?<\/h3>\n<div class=\"rank-math-answer \">\n\n<p>Techniken wie Plasma, Dermapen, Dermabrasion, Hydrafacial oder Peeling k\u00f6nnen mit der Hautpflegesitzung verwendet werden.<\/p>\n\n<\/div>\n<\/div>\n<\/div>\n<\/div>\n\n\n<p><strong>Schlie\u00dflich k\u00f6nnen Sie unser Team direkt \u00fcber den Link\u00a0<a href=\"http:\/\/turkaesthetic.com\/de\/contact-us\/\" target=\"_blank\" rel=\"noreferrer noopener\">kontaktieren<\/a>, um Informationen und Preise von\u00a0<a href=\"https:\/\/www.youtube.com\/channel\/UC0zggzdm5CFwpRMmn_CPpFQ\" target=\"_blank\" rel=\"noreferrer noopener\">Turk Aesthetic<\/a>\u00a0anzufordern.<\/strong><a href=\"http:\/\/turkaesthetic.com\/de\/surgeries-de\/lip-lifting\/\"><\/a><a href=\"http:\/\/turkaesthetic.com\/de\/non-surgical-de\/cheek-filler\/\"><\/a><\/p>\n","protected":false},"excerpt":{"rendered":"<p>Hautpflege in der T\u00fcrkei Istanbul ist ein einfaches Verfahren, das die Haut verbessert und verj\u00fcngt. Jeder hat unterschiedliche Hauttypen, einige Hauttypen sind trocken und andere fettig. Im Laufe des Lebens und durch viele Faktoren, wie zum Beispiel die offensichtliche und schnelle Ver\u00e4nderung unseres Hautbildes, verliert die Haut ihre Frische und es treten irritierende Faktoren wie [&hellip;]<\/p>\n","protected":false},"author":1,"featured_media":14977,"parent":0,"menu_order":0,"comment_status":"closed","ping_status":"closed","template":"","meta":{"footnotes":""},"dep":[1355],"class_list":["post-14967","page","type-page","status-publish","has-post-thumbnail","hentry","dep-medical-aesthetic"],"_links":{"self":[{"href":"https:\/\/www.turkaesthetic.com\/de\/wp-json\/wp\/v2\/pages\/14967","targetHints":{"allow":["GET"]}}],"collection":[{"href":"https:\/\/www.turkaesthetic.com\/de\/wp-json\/wp\/v2\/pages"}],"about":[{"href":"https:\/\/www.turkaesthetic.com\/de\/wp-json\/wp\/v2\/types\/page"}],"author":[{"embeddable":true,"href":"https:\/\/www.turkaesthetic.com\/de\/wp-json\/wp\/v2\/users\/1"}],"replies":[{"embeddable":true,"href":"https:\/\/www.turkaesthetic.com\/de\/wp-json\/wp\/v2\/comments?post=14967"}],"version-history":[{"count":0,"href":"https:\/\/www.turkaesthetic.com\/de\/wp-json\/wp\/v2\/pages\/14967\/revisions"}],"wp:featuredmedia":[{"embeddable":true,"href":"https:\/\/www.turkaesthetic.com\/de\/wp-json\/wp\/v2\/media\/14977"}],"wp:attachment":[{"href":"https:\/\/www.turkaesthetic.com\/de\/wp-json\/wp\/v2\/media?parent=14967"}],"wp:term":[{"taxonomy":"dep","embeddable":true,"href":"https:\/\/www.turkaesthetic.com\/de\/wp-json\/wp\/v2\/dep?post=14967"}],"curies":[{"name":"wp","href":"https:\/\/api.w.org\/{rel}","templated":true}]}}