{"id":14913,"date":"2022-01-26T09:28:46","date_gmt":"2022-01-26T06:28:46","guid":{"rendered":"http:\/\/turkaesthetic.com\/filler\/"},"modified":"2025-07-18T15:52:17","modified_gmt":"2025-07-18T12:52:17","slug":"filler","status":"publish","type":"page","link":"https:\/\/www.turkaesthetic.com\/de\/filler\/","title":{"rendered":"Filler"},"content":{"rendered":"\n<p><strong>Filler<\/strong> geh\u00f6ren zu den wichtigsten \u00e4sthetischen L\u00f6sungen, die heute angewendet werden. Durch Faktoren wie nat\u00fcrliche Alterung, Sonneneinstrahlung und Umwelteinfl\u00fcsse k\u00f6nnen sich mit der Zeit Falten und Mimikfalten bilden. Filler werden eingesetzt, um diese Probleme zu beheben. Es handelt sich um Materialien, die unter die Haut injiziert werden, um das Gesicht zu straffen, F\u00e4ltchen zu reduzieren und die Haut zu erfrischen.<\/p>\n\n\n\n<p>Alle Filler sind tempor\u00e4r, da sie aus Hyalurons\u00e4ure bestehen, einer Substanz, die der K\u00f6rper auf nat\u00fcrliche Weise abbaut und absorbiert. Dies erm\u00f6glicht ein jugendlicheres Aussehen ohne Operation. Eine Sitzung dauert in der Regel nicht l\u00e4nger als 5\u201310 Minuten.<\/p>\n\n\n\n<figure class=\"wp-block-table\"><table><tbody><tr><td>An\u00e4sthesie<\/td><td>Keine Notwendigkeit (Bet\u00e4ubungscreme)<\/td><\/tr><tr><td>Prozessdauer<\/td><td>5 &#8211; 10 Minuten<\/td><\/tr><tr><td>F\u00fcllzweck<\/td><td>Minimieren Sie das Erscheinungsbild von Gesichtslinien und Falten, um ein jugendliches Aussehen wiederherzustellen<\/td><\/tr><tr><td>Ergebnisse<\/td><td>8 &#8211; 12 Monate &#8211; sofort<\/td><\/tr><tr><td>Rekonvaleszenz<\/td><td>Das ist nicht n\u00f6tig<\/td><\/tr><\/tbody><\/table><figcaption class=\"wp-element-caption\"><strong>Filler in der T\u00fcrkei<\/strong><\/figcaption><\/figure>\n\n\n\n<h2 class=\"wp-block-heading\">Wie wird es durchgef\u00fchrt?<\/h2>\n\n\n\n<p>Nachdem Sie den Arzt \u00fcber Ihre Anliegen informiert haben, wird der Eingriff durchgef\u00fchrt. Der Arzt bietet therapeutische L\u00f6sungen durch die Injektion von Hautf\u00fcllern zur Behandlung verschiedener Probleme an, wie zum Beispiel:<\/p>\n\n\n\n<p>Auff\u00fcllen tiefer Furchen zwischen Nase und Lippen, sogenannte Lachfalten.<br>Vergr\u00f6\u00dferung schmaler Lippen und Gl\u00e4ttung der Mundwinkel.<br>Mehr Volumen f\u00fcr die Wangen f\u00fcr ein jugendlicheres, volleres Aussehen.<br>Kaschieren von Augenringen oder h\u00e4ngenden Wangen.<br>Lifting und Auff\u00fcllen des Wangenbereichs, der durch Gewichtsverlust hohl oder schlaff wirken kann.<br>Verj\u00fcngung der Handr\u00fccken durch Ersatz von verlorenem Volumen oder Fett f\u00fcr ein frischeres, jugendlicheres Aussehen.<br>Die \u201eTexas-Technik\u201c umfasst Injektionen im Kieferbereich, um den Kieferknochen zu definieren und die Kinnstruktur zu verbessern.<\/p>\n\n\n\n<h3 class=\"wp-block-heading\">Filler in der T\u00fcrkei video<\/h3>\n\n\n\n<p>Unten sehen Sie ein Video der Filler-Injektionssitzung in Istanbul, T\u00fcrkei.<\/p>\n\n\n\n<figure class=\"wp-block-embed is-type-video is-provider-youtube wp-block-embed-youtube wp-embed-aspect-16-9 wp-has-aspect-ratio\"><div class=\"wp-block-embed__wrapper\">\n<iframe loading=\"lazy\" title=\"Filler - Turk Aesthetic\" width=\"800\" height=\"450\" src=\"https:\/\/www.youtube.com\/embed\/to-3yaMgXyE?feature=oembed\" frameborder=\"0\" allow=\"accelerometer; autoplay; clipboard-write; encrypted-media; gyroscope; picture-in-picture; web-share\" referrerpolicy=\"strict-origin-when-cross-origin\" allowfullscreen><\/iframe>\n<\/div><\/figure>\n\n\n\n<h3 class=\"wp-block-heading\">Anwendungsgebiete<\/h3>\n\n\n\n<p>Diese Substanzen k\u00f6nnen in vielen medizinischen Bereichen eingesetzt werden. Hier sind einige der h\u00e4ufigsten Anwendungsgebiete:<\/p>\n\n\n\n<h4 class=\"wp-block-heading\">Lachfalten (Nasolabialfalten)<\/h4>\n\n\n\n<p>Lachfalten symbolisieren nicht immer Freude und Gl\u00fcck. Oft spiegeln sie das Alter und die tiefen Falten wider, die von den Nasenfl\u00fcgeln bis zu den Mundwinkeln verlaufen. Diese Falten entstehen oft durch Umweltfaktoren wie Sonneneinstrahlung. Injektionen reduzieren diese Mimikfalten und sind besonders effektiv bei leichteren Falten.<\/p>\n\n\n\n<figure class=\"wp-block-image size-full\"><img loading=\"lazy\" decoding=\"async\" width=\"1024\" height=\"576\" src=\"http:\/\/turkaesthetic.com\/wp-content\/uploads\/2022\/01\/Smile-lines-filler.webp\" alt=\"Nasolabialf\u00fcller in der T\u00fcrkei\" class=\"wp-image-15187\"\/><figcaption class=\"wp-element-caption\">Nasolabialf\u00fcller in der T\u00fcrkei\n<\/figcaption><\/figure>\n\n\n\n<h4 class=\"wp-block-heading\">Lippenfiller<\/h4>\n\n\n\n<p>Diese Art der Injektion geh\u00f6rt zu den am h\u00e4ufigsten nachgefragten Verfahren, insbesondere von Frauen, um die Lippen zu versch\u00f6nern und aufzupolstern. Es handelt sich um einen nicht-chirurgischen, einfachen Eingriff mit sofortigen Ergebnissen und minimalem Risiko. <a href=\"https:\/\/www.turkaesthetic.com\/de\/non-surgical-de\/lip-filler\/\" target=\"_blank\" data-type=\"post\" data-id=\"31769\" rel=\"noreferrer noopener\">Lippenfiller<\/a> werden bevorzugt, um die Lippen attraktiver zu gestalten, ohne dass ein invasiver Eingriff erforderlich ist.<\/p>\n\n\n\n<figure class=\"wp-block-image size-full\"><img loading=\"lazy\" decoding=\"async\" width=\"900\" height=\"900\" src=\"http:\/\/turkaesthetic.com\/wp-content\/uploads\/2021\/12\/filler.webp\" alt=\"filler in der t\u00fcrkei\" class=\"wp-image-14276\"\/><figcaption class=\"wp-element-caption\">filler in der t\u00fcrkei<\/figcaption><\/figure>\n\n\n\n<h4 class=\"wp-block-heading\">Nase<\/h4>\n\n\n\n<p>Bei geringf\u00fcgigen Deformit\u00e4ten der Nasenform kann ein komplexer chirurgischer Eingriff unn\u00f6tig sein. Stattdessen bieten Nasenfiller eine effektive und kosteng\u00fcnstige medizinische L\u00f6sung mit minimalem Aufwand. Sie helfen, das Aussehen der Nase ohne Operation zu verbessern.<\/p>\n\n\n\n<h4 class=\"wp-block-heading\">Wangen<\/h4>\n\n\n\n<p>Der K\u00f6rper verliert allm\u00e4hlich Fett in bestimmten Bereichen wie Gesicht und <a href=\"https:\/\/www.turkaesthetic.com\/de\/non-surgical-de\/cheek-filler\/\" target=\"_blank\" data-type=\"post\" data-id=\"31891\" rel=\"noreferrer noopener\">Wangen<\/a>. Dieser Verlust kann zu Falten, Ver\u00e4nderungen des Nasenbildes und fehlendem Gesichtsvolumen f\u00fchren und oft den falschen Eindruck erwecken, dass ein chirurgischer Eingriff erforderlich ist. Tats\u00e4chlich kann eine viel einfachere L\u00f6sung wie Wangenfiller dem Gesicht Frische und Vitalit\u00e4t zur\u00fcckgeben und ist somit eine praktische und effektive Wahl.<\/p>\n\n\n\n<figure class=\"wp-block-image size-full\"><img loading=\"lazy\" decoding=\"async\" width=\"1024\" height=\"576\" src=\"http:\/\/turkaesthetic.com\/wp-content\/uploads\/2022\/01\/Cheek-filler.webp\" alt=\"Wangenf\u00fcller in der t\u00fcrkei\" class=\"wp-image-14923\"\/><figcaption class=\"wp-element-caption\">Wangenf\u00fcller in der t\u00fcrkei\n<\/figcaption><\/figure>\n\n\n\n<h4 class=\"wp-block-heading\">Leichter Filler<\/h4>\n\n\n\n<p>Auch bekannt als (optischer Filler), ist eine der modernen medizinischen L\u00f6sungen der plastischen Chirurgie zur Behandlung von Unvollkommenheiten wie Augenringen, Schwellungen und Tr\u00e4nens\u00e4cken. Diese Art von Injektionen hilft, Hautunreinheiten zu reparieren und dunkle Augenringe zu behandeln.<\/p>\n\n\n\n<figure class=\"wp-block-image size-full\"><img decoding=\"async\" src=\"http:\/\/turkaesthetic.com\/wp-content\/uploads\/2021\/11\/light-filler-2.webp\" alt=\"Lichtf\u00fcller in der t\u00fcrkei\" class=\"wp-image-13901\"\/><figcaption class=\"wp-element-caption\">Lichtf\u00fcller in der t\u00fcrkei<\/figcaption><\/figure>\n\n\n\n<h4 class=\"wp-block-heading\">F\u00fcr wen ist die Sitzung geeignet?<\/h4>\n\n\n\n<p>Jeder \u00fcber 18 Jahre kann sich Filler unterziehen, unabh\u00e4ngig vom Zweck. Sie werden h\u00e4ufig bei leichten bis mittelschweren Unreinheiten im Gesicht angewendet. Es gibt keine zwingenden Anforderungen, aber Personen mit chronischen Erkrankungen, bestimmten Beschwerden oder Hautproblemen sollten ihren Arzt vorher informieren.<\/p>\n\n\n\n<h5 class=\"wp-block-heading\">Wer sollte diese Injektion vermeiden?<\/h5>\n\n\n\n<p>Obwohl die Injektion im Allgemeinen sicher ist und Nebenwirkungen selten auftreten, wird sie in bestimmten F\u00e4llen nicht empfohlen:<\/p>\n\n\n\n<ul class=\"wp-block-list\">\n<li>Personen mit Allergien gegen Filler-Substanzen<\/li>\n\n\n\n<li>Personen mit tiefen Falten, die einer chirurgischen Korrektur bed\u00fcrfen<\/li>\n\n\n\n<li>Personen unter 18 Jahren<\/li>\n\n\n\n<li>Personen, die bereits zweimal innerhalb eines Jahres eine Sitzung im selben Bereich hatten<\/li>\n\n\n\n<li>Schwangere<\/li>\n<\/ul>\n\n\n\n<p><strong>Der Arzt, der Dermalfiller durchf\u00fchrt<\/strong><\/p>\n\n\n\n<p>Die Anwendung sollte ausschlie\u00dflich in einer sterilen Klinik oder einem Krankenhaus durch einen zertifizierten Dermatologen oder plastischen Chirurgen erfolgen. Der Eingriff darf nicht von Kosmetikerinnen, Friseuren oder nicht-medizinischem Personal durchgef\u00fchrt werden.<\/p>\n\n\n\n<h2 class=\"wp-block-heading\">Ablauf der Sitzung<\/h2>\n\n\n\n<p>Wie viele andere Behandlungen umfasst auch diese drei detaillierte Phasen: vor, w\u00e4hrend und nach der Injektion.<\/p>\n\n\n<div id=\"rank-math-howto\" class=\"rank-math-block\" >\n<div class=\"rank-math-howto-description\">\n\n<p>Die Filler-Session durchl\u00e4uft, wie jede andere auch, drei Phasen davor, w\u00e4hrend und nachher, die wir im Detail erw\u00e4hnen werden:<\/p>\n\n<\/div>\n<p class=\"rank-math-howto-duration\"><strong>Gesamtzeit:<\/strong> <span>10 Minuten<\/span><\/p>\n<div class=\"rank-math-steps \">\n<div id=\"howto-step-1676465937550\" class=\"rank-math-step\">\n<h3 class=\"rank-math-step-title \"><strong>Vor der Sitzung<\/strong><\/h3>\n<div class=\"rank-math-step-content \"><p>Vor der Sitzung beurteilt der Arzt das Anliegen des Patienten und fragt, ob Filler das Problem l\u00f6sen k\u00f6nnen. In manchen F\u00e4llen kann ein chirurgischer Eingriff erforderlich sein. Der Arzt fragt auch nach chronischen Erkrankungen, Medikamentenallergien oder laufenden Medikamenten. Sie m\u00fcssen genaue und vollst\u00e4ndige Gesundheitsinformationen angeben und au\u00dferdem:<br \/>\u2013 Blutverd\u00fcnnende Medikamente und Alkohol absetzen.<br \/>\u2013 Rauchen so weit wie m\u00f6glich reduzieren.<br \/>Der Arzt untersucht das Gesicht, identifiziert die Injektionspunkte und bestimmt die ben\u00f6tigte Menge. Anschlie\u00dfend wird eine bet\u00e4ubende Creme auf die Injektionsstelle aufgetragen, um die erste Vorbereitung abzuschlie\u00dfen.<\/p>\n<\/div>\n<\/div>\n<div id=\"howto-step-1752842895735\" class=\"rank-math-step\">\n<h3 class=\"rank-math-step-title \">W\u00e4hrend der Sitzung<\/h3>\n<div class=\"rank-math-step-content \"><p>Nach dem Auftragen der Bet\u00e4ubungscreme wird der Filler in die vorher festgelegten Punkte injiziert. Dies gilt als relativ einfacher und zeitsparender Eingriff, der in der Regel nicht l\u00e4nger als 5 bis 15 Minuten dauert.<\/p>\n<\/div>\n<\/div>\n<div id=\"howto-step-1752842900803\" class=\"rank-math-step\">\n<h3 class=\"rank-math-step-title \">Nach der Sitzung<\/h3>\n<div class=\"rank-math-step-content \"><p>Nach Abschluss der Injektion gibt Ihnen der Arzt Anweisungen zur Nachbehandlung. Diese beinhalten:<br \/>\u2013 Massieren Sie die Injektionsstelle in den ersten Tagen sanft.<br \/>\u2013 Vermeiden Sie \u00fcberm\u00e4\u00dfige Hitze in den ersten Tagen.<br \/>\u2013 Vermeiden Sie direkte Sonneneinstrahlung und tragen Sie w\u00e4hrend der Heilungsphase Sonnenschutz auf.<br \/>Die Ergebnisse sind unmittelbar nach der Sitzung sichtbar, die Dauer bis zur vollst\u00e4ndigen Sichtbarkeit variiert jedoch je nach individueller Physiologie.<\/p>\n<\/div>\n<\/div>\n<\/div>\n<\/div>\n<p class=\"rank-math-howto-estimatedCost\"><strong>Gesch\u00e4tzte Kosten:<\/strong> <span>290 EUR<\/span><\/p>\n\n\n\n\n\n<h3 class=\"wp-block-heading\">Vorher und nach der Filler-Behandlung<\/h3>\n\n\n\n<p>Die Wirkung setzt unmittelbar nach der Injektion ein. Das endg\u00fcltige Ergebnis zeigt sich etwa am dritten Tag und h\u00e4lt je nach Fall durchschnittlich bis zu 12 Monate an. Nachfolgend finden Sie einige Vorher-Nachher-Ergebnisse von Turk Aesthetic: Schritte Filler in der T\u00fcrkei<\/p>\n\n\n\n<figure class=\"wp-block-gallery has-nested-images columns-default is-cropped wp-block-gallery-1 is-layout-flex wp-block-gallery-is-layout-flex\">\n<figure class=\"wp-block-image size-large\"><img decoding=\"async\" data-id=\"50053\" src=\"http:\/\/turkaesthetic.com\/wp-content\/uploads\/2023\/12\/Light-filler-before-after-in-Turkey-13.webp\" alt=\"Vorher und nachher Hautf\u00fcller unter den Augen in Der T\u00fcrkei\" class=\"wp-image-50053\"\/><figcaption class=\"wp-element-caption\">Vorher und nachher Hautf\u00fcller unter den Augen in Der T\u00fcrkei<\/figcaption><\/figure>\n\n\n\n<figure class=\"wp-block-image size-large\"><img loading=\"lazy\" decoding=\"async\" width=\"1200\" height=\"800\" data-id=\"46729\" src=\"http:\/\/turkaesthetic.com\/wp-content\/uploads\/2023\/11\/before-after-texas-filler-4.jpg\" alt=\"Vor und nach der Kinnauff\u00fcllung in T\u00fcrkei\" class=\"wp-image-46729\"\/><figcaption class=\"wp-element-caption\">Vor und nach der Kinnauff\u00fcllung in T\u00fcrkei<\/figcaption><\/figure>\n\n\n\n<figure class=\"wp-block-image size-large\"><img loading=\"lazy\" decoding=\"async\" width=\"1200\" height=\"800\" data-id=\"49972\" src=\"http:\/\/turkaesthetic.com\/wp-content\/uploads\/2023\/12\/before-after-nose-filler-in-Turkey.webp\" alt=\"Vor und nach der Nasenf\u00fcllung in T\u00fcrkiye\" class=\"wp-image-49972\"\/><figcaption class=\"wp-element-caption\">Vor und nach der Nasenf\u00fcllung in T\u00fcrkiye<\/figcaption><\/figure>\n\n\n\n<figure class=\"wp-block-image size-large\"><img loading=\"lazy\" decoding=\"async\" width=\"1200\" height=\"800\" data-id=\"46261\" src=\"http:\/\/turkaesthetic.com\/wp-content\/uploads\/2023\/11\/before-after-nasolabial-filler-7.jpg\" alt=\"Vor und nach der Nasolenf\u00fcllung in T\u00fcrkiye\" class=\"wp-image-46261\"\/><figcaption class=\"wp-element-caption\">Vor und nach der Nasolenf\u00fcllung in T\u00fcrkiye<\/figcaption><\/figure>\n\n\n\n<figure class=\"wp-block-image size-large\"><img loading=\"lazy\" decoding=\"async\" width=\"1200\" height=\"800\" data-id=\"46072\" src=\"http:\/\/turkaesthetic.com\/wp-content\/uploads\/2023\/11\/before-after-lip-filler-2.jpg\" alt=\"Vorher und nachher Lippenf\u00fcller in T\u00fcrkiye\" class=\"wp-image-46072\"\/><figcaption class=\"wp-element-caption\">Vorher und nachher Lippenf\u00fcller in T\u00fcrkiye<\/figcaption><\/figure>\n\n\n\n<figure class=\"wp-block-image size-large\"><img loading=\"lazy\" decoding=\"async\" width=\"1200\" height=\"800\" data-id=\"45234\" src=\"http:\/\/turkaesthetic.com\/wp-content\/uploads\/2023\/11\/before-after-cheek-filler-2.jpg\" alt=\"Vor und nach dem Wangenf\u00fcller in T\u00fcrkiye\" class=\"wp-image-45234\"\/><figcaption class=\"wp-element-caption\">Vor und nach dem Wangenf\u00fcller in T\u00fcrkiye<\/figcaption><\/figure>\n<\/figure>\n\n\n\n<h4 class=\"wp-block-heading\">Nachsorgehinweise<\/h4>\n\n\n\n<ul class=\"wp-block-list\">\n<li>Waschen Sie Ihr Gesicht unmittelbar nach der Injektion nicht mit hei\u00dfem Wasser.<\/li>\n\n\n\n<li>Vermeiden Sie das Waschen der Injektionsstelle f\u00fcr einige Stunden.<\/li>\n\n\n\n<li>Vermeiden Sie mindestens 24 Stunden lang hei\u00dfe Speisen und Getr\u00e4nke.<\/li>\n\n\n\n<li>Reinigen Sie die Haut mit lauwarmem Wasser.<\/li>\n\n\n\n<li>Vermeiden Sie die Einnahme von blutverd\u00fcnnenden Medikamenten wie Aspirin vor und nach dem Eingriff.<\/li>\n\n\n\n<li>Vermeiden Sie die Kombination der Behandlung mit anderen Verfahren wie Hautreinigung oder Plasmainjektionen, da dies die Wirkung verringern kann.<\/li>\n<\/ul>\n\n\n\n<h4 class=\"wp-block-heading\">M\u00f6gliche Nebenwirkungen<\/h4>\n\n\n\n<ul class=\"wp-block-list\">\n<li>Leichte R\u00f6tung an der Injektionsstelle<\/li>\n\n\n\n<li>Leichte Schwellung, die in der Regel innerhalb weniger Stunden abklingt<\/li>\n\n\n\n<li>Ein vor\u00fcbergehendes Brennen an der Injektionsstelle, das einige Minuten anh\u00e4lt<\/li>\n\n\n\n<li>Diese Nebenwirkungen treten nicht immer auf und k\u00f6nnen individuell unterschiedlich sein.<\/li>\n<\/ul>\n\n\n\n<h5 class=\"wp-block-heading\">F\u00fcr M\u00e4nner<\/h5>\n\n\n\n<p>Filler f\u00fcr M\u00e4nner haben sich zu einer beliebten Behandlung entwickelt, insbesondere bei oberfl\u00e4chlichen Falten. Nicht nur Frauen, auch viele M\u00e4nner entscheiden sich f\u00fcr diesen Eingriff, da Alterung und Faltenbildung zunehmend sichtbar werden. Die Symptome der Hautalterung sind oft deutlich sichtbar, was diese Injektion auch f\u00fcr m\u00e4nnliche Patienten attraktiv macht.<\/p>\n\n\n\n<h3 class=\"wp-block-heading\">Filler-Typen<\/h3>\n\n\n\n<p>Es gibt viele verschiedene Arten und Marken. Turk Aesthetic verwendet folgende Marken:<\/p>\n\n\n\n<p><strong>Juvederm<\/strong><\/p>\n\n\n\n<p>Bei der Injektion spielt die Qualit\u00e4t des Fillers eine entscheidende Rolle f\u00fcr das Ergebnis. Deshalb bevorzugt Turk Aesthetic international anerkannte, hochwertige Optionen wie die franz\u00f6sische Marke Juvederm, die sich unter anderem durch ihre Wirksamkeit und Sicherheit auszeichnet.<\/p>\n\n\n\n<p><strong>Teosyal<\/strong><\/p>\n\n\n\n<p>Teosyal, eine Schweizer Marke, die f\u00fcr ihre hohe Dichte und hervorragende Qualit\u00e4t bekannt ist, wird besonders f\u00fcr Filler unter den Augen bevorzugt, da hier ihre hervorragende Qualit\u00e4t besonders deutlich zum Tragen kommt.<\/p>\n\n\n\n<h4 class=\"wp-block-heading\">Filler in Istanbul, T\u00fcrkei<\/h4>\n\n\n\n<p>Istanbul gilt dank seiner erfahrenen \u00c4rzte, der g\u00fcnstigen Preise und des hohen Standards der medizinischen Versorgung als eines der f\u00fchrenden Reiseziele f\u00fcr Medizintourismus. Es gibt viele Kliniken zur Auswahl, aber Turk Aesthetic geh\u00f6rt zu den renommiertesten und arbeitet mit Top-\u00c4rzten zusammen, die von vielen Pers\u00f6nlichkeiten des \u00f6ffentlichen Lebens und Prominenten gesch\u00e4tzt werden.<\/p>\n\n\n\n<h5 class=\"wp-block-heading\">Kosten f\u00fcr Filler in Istanbul, T\u00fcrkei<\/h5>\n\n\n\n<p>Die Kosten f\u00fcr Injektionen in Istanbul variieren je nach verschiedenen Faktoren, darunter:<\/p>\n\n\n\n<p>Qualit\u00e4t des verwendeten Fillers<br>Erfahrung des Arztes<br>Ruf der Klinik<br>Behandlungsbereich und ben\u00f6tigte Fillermenge<br>Bei Turk Aesthetic in Istanbul kostet eine Injektion mit einem Kubikzentimeter etwa 290 Euro.<\/p>\n\n\n\n<h2 class=\"wp-block-heading\">FAQ<\/h2>\n\n\n<div id=\"rank-math-faq\" class=\"rank-math-block\">\n<div class=\"rank-math-list \">\n<div id=\"faq-question-1676466027588\" class=\"rank-math-list-item\">\n<h3 class=\"rank-math-question \">Wann wirken Dermalfiller?<\/h3>\n<div class=\"rank-math-answer \">\n\n<p>Die Wirkung tritt unmittelbar nach der Injektion ein.<\/p>\n\n<\/div>\n<\/div>\n<div id=\"faq-question-1752842975328\" class=\"rank-math-list-item\">\n<h3 class=\"rank-math-question \">Wie lange h\u00e4lt das Ergebnis der Fillerbehandlung an?<\/h3>\n<div class=\"rank-math-answer \">\n\n<p>Die Ergebnisse halten in der Regel etwa 12 Monate an.<\/p>\n\n<\/div>\n<\/div>\n<div id=\"faq-question-1752842980733\" class=\"rank-math-list-item\">\n<h3 class=\"rank-math-question \">K\u00f6nnen Fillerbehandlungen in Sch\u00f6nheitssalons durchgef\u00fchrt werden?<\/h3>\n<div class=\"rank-math-answer \">\n\n<p>Nein. Filler-Injektionen d\u00fcrfen nur von einem zugelassenen Arzt durchgef\u00fchrt werden. Pflegekr\u00e4fte oder Techniker ohne entsprechende Ausbildung sollten diesen Eingriff nicht durchf\u00fchren, da dies zu schwerwiegenden Komplikationen wie einer ungleichm\u00e4\u00dfigen Verteilung des Fillers f\u00fchren kann.<\/p>\n\n<\/div>\n<\/div>\n<div id=\"faq-question-1752842987452\" class=\"rank-math-list-item\">\n<h3 class=\"rank-math-question \">Ist die Injektion schmerzhaft?<\/h3>\n<div class=\"rank-math-answer \">\n\n<p>Die Injektion ist mit minimalen Schmerzen verbunden. Es wird eine weiche Spritze verwendet, und eine \u00f6rtliche Bet\u00e4ubungscreme kann aufgetragen werden, um die Beschwerden zu minimieren. Eine Vollnarkose oder Lokalan\u00e4sthesie ist nicht erforderlich.<\/p>\n\n<\/div>\n<\/div>\n<div id=\"faq-question-1752842993133\" class=\"rank-math-list-item\">\n<h3 class=\"rank-math-question \">Wie viel kostet eine Filler-Injektion?<\/h3>\n<div class=\"rank-math-answer \">\n\n<p>Bei Turk Aesthetic betr\u00e4gt der Durchschnittspreis 290 \u20ac pro Kubikzentimeter.<\/p>\n\n<\/div>\n<\/div>\n<div id=\"faq-question-1752843000581\" class=\"rank-math-list-item\">\n<h3 class=\"rank-math-question \">Wie alt muss man f\u00fcr diese Injektion sein?<\/h3>\n<div class=\"rank-math-answer \">\n\n<p>Jeder \u00fcber 18 Jahre ist berechtigt.<\/p>\n\n<\/div>\n<\/div>\n<div id=\"faq-question-1752843006423\" class=\"rank-math-list-item\">\n<h3 class=\"rank-math-question \">Wie viele Tage muss ich f\u00fcr die Filler-Injektion in der T\u00fcrkei bleiben?<\/h3>\n<div class=\"rank-math-answer \">\n\n<p>Da die Behandlung schnell und einfach ist, reicht bereits ein Tag.<\/p>\n\n<\/div>\n<\/div>\n<div id=\"faq-question-1752843011557\" class=\"rank-math-list-item\">\n<h3 class=\"rank-math-question \">Reicht eine Filler-Injektion unter den Augen aus, um dunkle Ringe zu behandeln?<\/h3>\n<div class=\"rank-math-answer \">\n\n<p>Das h\u00e4ngt vom Schweregrad des Problems ab. In leichten F\u00e4llen kann eine Sitzung ausreichen. Bei auff\u00e4lligeren Problemen k\u00f6nnen mehrere Sitzungen erforderlich sein.<\/p>\n\n<\/div>\n<\/div>\n<div id=\"faq-question-1752843017380\" class=\"rank-math-list-item\">\n<h3 class=\"rank-math-question \">Wie viele Sitzungen sind erforderlich?<\/h3>\n<div class=\"rank-math-answer \">\n\n<p>In der Regel reicht eine Sitzung aus. Bei Bedarf kann je nach Patientenfall zwei Wochen sp\u00e4ter eine Folgesitzung vereinbart werden.<\/p>\n\n<\/div>\n<\/div>\n<div id=\"faq-question-1752843022289\" class=\"rank-math-list-item\">\n<h3 class=\"rank-math-question \">Wie lange dauert die Erholungsphase?<\/h3>\n<div class=\"rank-math-answer \">\n\n<p>Es ist keine Ausfallzeit erforderlich. Patienten sollten jedoch die Nachsorgeanweisungen des Arztes genau befolgen. Turk Aesthetic in Istanbul kostet eine Injektion etwa 290 Euro.<\/p>\n\n<\/div>\n<\/div>\n<\/div>\n<\/div>\n\n\n<p>Schlie\u00dflich k\u00f6nnen Sie uns \u00fcber den Link<a href=\"http:\/\/turkaesthetic.com\/de\/contact-us\/\" data-type=\"URL\" data-id=\"http:\/\/turkaesthetic.com\/de\/contact-us\/\" target=\"_blank\" rel=\"noreferrer noopener\"> <strong>kontaktieren<\/strong><\/a>, um Informationen und Preise zur Filler-Behandlung von <strong><a href=\"https:\/\/www.youtube.com\/channel\/UC0zggzdm5CFwpRMmn_CPpFQ\" data-type=\"URL\" data-id=\"https:\/\/www.youtube.com\/channel\/UC0zggzdm5CFwpRMmn_CPpFQ\" target=\"_blank\" rel=\"noreferrer noopener\">Turk Aesthetic<\/a> <\/strong>in Istanbul T\u00fcrkei anzufordern.<\/p>\n","protected":false},"excerpt":{"rendered":"<p>Filler geh\u00f6ren zu den wichtigsten \u00e4sthetischen L\u00f6sungen, die heute angewendet werden. Durch Faktoren wie nat\u00fcrliche Alterung, Sonneneinstrahlung und Umwelteinfl\u00fcsse k\u00f6nnen sich mit der Zeit Falten und Mimikfalten bilden. Filler werden eingesetzt, um diese Probleme zu beheben. Es handelt sich um Materialien, die unter die Haut injiziert werden, um das Gesicht zu straffen, F\u00e4ltchen zu reduzieren [&hellip;]<\/p>\n","protected":false},"author":1,"featured_media":14924,"parent":0,"menu_order":0,"comment_status":"closed","ping_status":"closed","template":"","meta":{"footnotes":""},"dep":[1355],"class_list":["post-14913","page","type-page","status-publish","has-post-thumbnail","hentry","dep-medical-aesthetic"],"_links":{"self":[{"href":"https:\/\/www.turkaesthetic.com\/de\/wp-json\/wp\/v2\/pages\/14913","targetHints":{"allow":["GET"]}}],"collection":[{"href":"https:\/\/www.turkaesthetic.com\/de\/wp-json\/wp\/v2\/pages"}],"about":[{"href":"https:\/\/www.turkaesthetic.com\/de\/wp-json\/wp\/v2\/types\/page"}],"author":[{"embeddable":true,"href":"https:\/\/www.turkaesthetic.com\/de\/wp-json\/wp\/v2\/users\/1"}],"replies":[{"embeddable":true,"href":"https:\/\/www.turkaesthetic.com\/de\/wp-json\/wp\/v2\/comments?post=14913"}],"version-history":[{"count":0,"href":"https:\/\/www.turkaesthetic.com\/de\/wp-json\/wp\/v2\/pages\/14913\/revisions"}],"wp:featuredmedia":[{"embeddable":true,"href":"https:\/\/www.turkaesthetic.com\/de\/wp-json\/wp\/v2\/media\/14924"}],"wp:attachment":[{"href":"https:\/\/www.turkaesthetic.com\/de\/wp-json\/wp\/v2\/media?parent=14913"}],"wp:term":[{"taxonomy":"dep","embeddable":true,"href":"https:\/\/www.turkaesthetic.com\/de\/wp-json\/wp\/v2\/dep?post=14913"}],"curies":[{"name":"wp","href":"https:\/\/api.w.org\/{rel}","templated":true}]}}