{"id":14857,"date":"2022-01-26T12:59:23","date_gmt":"2022-01-26T09:59:23","guid":{"rendered":"http:\/\/turkaesthetic.com\/dental-lumineers\/"},"modified":"2025-08-26T17:58:44","modified_gmt":"2025-08-26T14:58:44","slug":"dental-lumineers","status":"publish","type":"page","link":"https:\/\/www.turkaesthetic.com\/de\/dental-lumineers\/","title":{"rendered":"Dental-Lumineers"},"content":{"rendered":"\n<p><strong>Dental-Lumineers<\/strong> stehen ganz oben auf der Liste der kosmetischen Zahnbehandlungen, die sich vom Wort Laminate <a href=\"https:\/\/www.turkaesthetic.com\/de\/dental-veneer\/\" target=\"_blank\" data-type=\"link\" data-id=\"https:\/\/www.turkaesthetic.com\/de\/dental-veneer\/\" rel=\"noreferrer noopener\"><strong>Veneers<\/strong><\/a> ableiten, was (verd\u00fcnnte Veneers) bedeutet. Sie werden auf die Z\u00e4hne gesetzt, um eine gleichm\u00e4\u00dfige und perfekte L\u00e4chelnform zu erhalten, nachdem sichergestellt wurde, dass der Zustand der Z\u00e4hne f\u00fcr das Einsetzen von Linsen geeignet ist.<\/p>\n\n\n\n<figure class=\"wp-block-table\"><table><tbody><tr><td>An\u00e4sthesie<\/td><td>Lokal<\/td><\/tr><tr><td>Prozessdauer<\/td><td>2 Stunden<\/td><\/tr><tr><td>Ergebnisse<\/td><td>Sofort &#8211; 10 Jahre<\/td><\/tr><tr><td>Rekonvaleszenz<\/td><td>7 Tage<\/td><\/tr><\/tbody><\/table><figcaption class=\"wp-element-caption\"><strong>Dental-Lumineers<\/strong><\/figcaption><\/figure>\n\n\n\n<h2 class=\"wp-block-heading\">Wie wird <strong>Dental-Lumineers<\/strong> durchgef\u00fchrt?<\/h2>\n\n\n\n<p>Dental-Lumineers \u00e4hneln Dental-Veneers. Zuerst untersucht der Zahnarzt den Fall und macht R\u00f6ntgenaufnahmen, um sicherzustellen, dass er f\u00fcr Lumineers geeignet ist. Dann bereitet der Zahnarzt die Linsen vor, indem er Messungen vornimmt, die geeignete Form und Farbe ausw\u00e4hlt, die zu den urspr\u00fcnglichen <a href=\"https:\/\/www.turkaesthetic.com\/de\/dentistry-de\/dental-crown-vs-dental-bridge\/\" target=\"_blank\" data-type=\"link\" data-id=\"https:\/\/www.turkaesthetic.com\/de\/dentistry-de\/dental-crown-vs-dental-bridge\/\" rel=\"noreferrer noopener\"><strong>Z\u00e4hnen<\/strong><\/a> passt, und sie an das Labor sendet. Im letzten Schritt setzt der Zahnarzt die Linsen dauerhaft ein.<\/p>\n\n\n\n<h3 class=\"wp-block-heading\"><strong>Dental-Lumineers<\/strong> video<\/h3>\n\n\n\n<p>In diesem kurzen Video sehen Sie, wie die Lumineers-Sitzung funktioniert<\/p>\n\n\n\n<figure class=\"wp-block-embed is-type-video is-provider-youtube wp-block-embed-youtube wp-embed-aspect-16-9 wp-has-aspect-ratio\"><div class=\"wp-block-embed__wrapper\">\n<iframe loading=\"lazy\" title=\"Dental Lumineers in Turkey (7) Days - Turk Aesthetic\" width=\"800\" height=\"450\" src=\"https:\/\/www.youtube.com\/embed\/3ZNN6r8v7q4?feature=oembed\" frameborder=\"0\" allow=\"accelerometer; autoplay; clipboard-write; encrypted-media; gyroscope; picture-in-picture; web-share\" referrerpolicy=\"strict-origin-when-cross-origin\" allowfullscreen><\/iframe>\n<\/div><figcaption class=\"wp-element-caption\"><strong>Dental-Lumineers<\/strong><\/figcaption><\/figure>\n\n\n\n<h3 class=\"wp-block-heading\">Wer kann sich zahn\u00e4rztliche Lumineers machen lassen?<\/h3>\n\n\n\n<p>Jeder \u00fcber 18 Jahre, der bei guter Gesundheit ist und nicht an schweren oder ansteckenden Krankheiten leidet, gilt als f\u00fcr diesen Eingriff geeignet. Die f\u00fcr die Behandlung geeigneten Personen sind:<\/p>\n\n\n\n<ul class=\"wp-block-list\">\n<li>Personen, die unter unregelm\u00e4\u00dfiger Zahnform leiden.<\/li>\n\n\n\n<li>Personen, die unter dauerhafter Gelbf\u00e4rbung der Z\u00e4hne leiden.<\/li>\n<\/ul>\n\n\n\n<h3 class=\"wp-block-heading\">Wer kann sich keine dental-lumineers machen lassen?<\/h3>\n\n\n\n<p>Sie sind f\u00fcr einen gro\u00dfen Teil der Personen geeignet, die ein unverwechselbares und harmonisches L\u00e4cheln haben m\u00f6chten. Wir k\u00f6nnen einige F\u00e4lle ausschlie\u00dfen, die f\u00fcr diesen Eingriff als ungeeignet eingestuft werden k\u00f6nnen, wie:<\/p>\n\n\n\n<ul class=\"wp-block-list\">\n<li>Personen, die an ansteckenden Krankheiten leiden.<\/li>\n\n\n\n<li>Personen, deren Z\u00e4hne perfekt auseinanderliegen.<\/li>\n\n\n\n<li>Personen, die an tiefer Karies leiden.<\/li>\n\n\n\n<li>Personen, die bereits Zahnkronen haben.<\/li>\n\n\n\n<li>Personen, die unter starkem Zahnfleischr\u00fcckgang leiden.<\/li>\n<\/ul>\n\n\n\n<h4 class=\"wp-block-heading\">Wer f\u00fchrt den Eingriff durch?<\/h4>\n\n\n\n<p>Zahn\u00e4rztliche Lumineers fallen unter die Liste der zahn\u00e4rztlichen Eingriffe, daher ist der Zahnarzt der einzige, der f\u00fcr diesen Eingriff autorisiert ist und vorzugsweise \u00fcber gro\u00dfe Erfahrung auf diesem Gebiet verf\u00fcgen sollte, um die gew\u00fcnschten Ergebnisse zu erzielen. Das Turk Aesthetic r\u00e4t seinen Kunden, den richtigen Arzt mit Fachkenntnissen auf diesem Gebiet zu w\u00e4hlen und aus Kostengr\u00fcnden oder aus anderen Gr\u00fcnden, die zu zuk\u00fcnftigen Komplikationen f\u00fchren k\u00f6nnten, auf die Inanspruchnahme eines zahnmedizinischen Laborspezialisten zu verzichten.<\/p>\n\n\n\n<h5 class=\"wp-block-heading\">W\u00e4hrend des Verfahrens verwendete An\u00e4sthesiearten<\/h5>\n\n\n\n<p>F\u00fcr die bei jedem kosmetischen oder Behandlungsverfahren verwendete An\u00e4sthesiemethode ist ein individuelles Muster geeignet. Bei Dental-Lumineers oder kosmetischen Dentalveneers wird eine Lokalan\u00e4sthesie verwendet. Bei Dentalveneers reicht jedoch eine Lokalan\u00e4sthesie aus. In sporadischen F\u00e4llen kann bei Patienten, die eine Phobie vor Lokalan\u00e4sthesie haben, eine vor\u00fcbergehende An\u00e4sthesie (Sedierung) angewendet werden.Patienten, die eine Phobie vor Lokalan\u00e4sthesie haben, eine vor\u00fcbergehende An\u00e4sthesie (Sedierung) angewendet werden.<\/p>\n\n\n\n<h2 class=\"wp-block-heading\">Verfahrensschritte von dental-lumineers<\/h2>\n\n\n<div id=\"rank-math-howto\" class=\"rank-math-block\" >\n<div class=\"rank-math-howto-description\">\n\n<p>Die Phasen der Arbeit von dental-lumineers werden in den folgenden Abschnitten ausf\u00fchrlich erl\u00e4utert, beginnend mit den ersten Schritten und endend mit den letzten Phasen des Verfahrens:<\/p>\n\n<\/div>\n<p class=\"rank-math-howto-duration\"><strong>Gesamtzeit:<\/strong> <span>7 Tage<\/span><\/p>\n<div class=\"rank-math-steps \">\n<div id=\"howto-step-1675456080158\" class=\"rank-math-step\">\n<h3 class=\"rank-math-step-title \">Vor dem Eingriff<\/h3>\n<div class=\"rank-math-step-content \"><img loading=\"lazy\" decoding=\"async\" width=\"800\" height=\"600\" src=\"https:\/\/www.turkaesthetic.com\/wp-content\/uploads\/2022\/01\/lumineer-colores.webp\" class=\"attachment-full size-full\" alt=\"vor der Dental-Lumineer-Behandlung\" \/><p>Zun\u00e4chst nimmt der Patient Kontakt mit dem medizinischen Team von Turk Aesthetic auf. Der Fachzahnarzt bespricht dann den Fall und entwickelt einen ungef\u00e4hren ersten Plan, den er dem Patienten mitteilt. W\u00e4hrend des Besuchs des Patienten in der Turk Aesthetic Clinic sammelt das Team wichtige pers\u00f6nliche und gesundheitliche Informationen und macht R\u00f6ntgenaufnahmen. Der Zahnarzt wertet diese Informationen aus, um sicherzustellen, dass alles f\u00fcr die Gestaltung bereit ist.<\/p>\n<\/div>\n<\/div>\n<div id=\"howto-step-1675456128495\" class=\"rank-math-step\">\n<h3 class=\"rank-math-step-title \">W\u00e4hrend des Verfahrens<\/h3>\n<div class=\"rank-math-step-content \"><p>Der Patient w\u00e4hlt die Anzahl der Z\u00e4hne, die er bekommen m\u00f6chte. Dann bereitet der Zahnarzt die Z\u00e4hne vor und w\u00e4hlt die entsprechende Farbe und Form der Veneers aus. Der Zahnarzt nimmt die Gr\u00f6\u00dfen und Abdr\u00fccke der Z\u00e4hne und schickt sie an das Labor, um die Lumineer-Linsen zu entwerfen. Wenn die Linsen fertig sind, setzt der Zahnarzt sie w\u00e4hrend Ihres Aufenthalts ein.<br \/>Wie bei jedem Eingriff sollten Sie die Anweisungen des Zahnarztes und des Turk Aesthetic-Teams so genau wie m\u00f6glich befolgen, um m\u00f6glichst positive Ergebnisse zu erzielen. Wenn Sie weitere Fragen haben, z\u00f6gern Sie nicht, den medizinischen Berater um Unterst\u00fctzung und Rat zu bitten.<\/p>\n<\/div>\n<\/div>\n<div id=\"howto-step-1675456143000\" class=\"rank-math-step\">\n<h3 class=\"rank-math-step-title \">Nach dem Eingriff<\/h3>\n<div class=\"rank-math-step-content \"><img loading=\"lazy\" decoding=\"async\" width=\"800\" height=\"600\" src=\"https:\/\/www.turkaesthetic.com\/wp-content\/uploads\/2022\/01\/lumineer.webp\" class=\"attachment-full size-full\" alt=\"nach der Dental-Lumineer-Behandlung\" \/><p>Wie bei jedem Verfahren sollten Sie die Anweisungen des Zahnarztes und des Turk Aesthetic-Teams so weit wie m\u00f6glich beachten, um so positive Ergebnisse wie m\u00f6glich zu erzielen. Bei weiteren Fragen sollten Sie sich jederzeit an den medizinischen Berater wenden, um die notwendige Unterst\u00fctzung und Beratung zu erhalten.<\/p>\n<\/div>\n<\/div>\n<\/div>\n<\/div>\n<p class=\"rank-math-howto-estimatedCost\"><strong>Gesch\u00e4tzte Kosten:<\/strong> <span>190 EUR<\/span><\/p>\n\n\n\n\n\n<h3 class=\"wp-block-heading\">Vorher und nachher dental-lumineers<\/h3>\n\n\n\n<p>Hier zeigen wir Ihnen einige Vorher-Nachher-Fotos f\u00fcr die Arbeit von dental-lumineers Turk Aesthetic.<\/p>\n\n\n<style>.kb-gallery-id-14857_7c4e2a-0a .kadence-blocks-gallery-item .kb-gal-image-radius, .kb-gallery-id-14857_7c4e2a-0a .kb-slide-item .kb-gal-image-radius img{border-radius:0px 0px 0px 0px;;}.kb-gallery-wrap-id-14857_7c4e2a-0a.wp-block-kadence-advancedgallery{overflow:visible;}.kb-gallery-wrap-id-14857_7c4e2a-0a.wp-block-kadence-advancedgallery .kt-blocks-carousel{overflow:visible;}<\/style><div class=\"kb-gallery-wrap-id-14857_7c4e2a-0a alignnone wp-block-kadence-advancedgallery\"><div class=\"kb-gallery-ul kb-gallery-non-static kb-gallery-type-slider kb-gallery-id-14857_7c4e2a-0a kb-gallery-caption-style-bottom-hover kb-gallery-filter-none\" data-image-filter=\"none\" data-lightbox-caption=\"true\"><div class=\"kt-blocks-carousel splide kt-carousel-container-dotstyle-dark kt-carousel-arrowstyle-whiteondark kt-carousel-dotstyle-dark kb-slider-group-arrow kb-slider-arrow-position-center\" data-slider-anim-speed=\"400\" data-slider-scroll=\"1\" data-slider-arrows=\"true\" data-slider-fade=\"true\" data-slider-dots=\"true\" data-slider-type=\"slider\" data-slider-hover-pause=\"false\" data-slider-auto=\"\" data-slider-speed=\"7000\" data-show-pause-button=\"false\"><div class=\"splide__track\"><ul class=\"kt-blocks-carousel-init kb-blocks-slider splide__list\"><li class=\"kb-slide-item kb-gallery-slide-item splide__slide\"><div class=\"kadence-blocks-gallery-item\"><div class=\"kadence-blocks-gallery-item-inner\"><figure class=\"kb-gallery-figure kadence-blocks-gallery-item-hide-caption\"><div class=\"kb-gal-image-radius\"><div class=\"kb-gallery-image-contain kadence-blocks-gallery-intrinsic kb-gallery-image-ratio-land32 kb-has-image-ratio-land32\" ><img loading=\"lazy\" decoding=\"async\" src=\"https:\/\/www.turkaesthetic.com\/wp-content\/uploads\/2023\/12\/Hollywood-smile-before-after-17.webp\" width=\"1200\" height=\"800\" alt=\"Vorher und nachher lumineer\" data-full-image=\"https:\/\/www.turkaesthetic.com\/wp-content\/uploads\/2023\/12\/Hollywood-smile-before-after-17.webp\" data-light-image=\"https:\/\/www.turkaesthetic.com\/wp-content\/uploads\/2023\/12\/Hollywood-smile-before-after-17.webp\" data-id=\"49562\" class=\"wp-image-49562 skip-lazy\"\/><\/div><\/div><\/figure><\/div><\/div><\/li><li class=\"kb-slide-item kb-gallery-slide-item splide__slide\"><div class=\"kadence-blocks-gallery-item\"><div class=\"kadence-blocks-gallery-item-inner\"><figure class=\"kb-gallery-figure kadence-blocks-gallery-item-hide-caption\"><div class=\"kb-gal-image-radius\"><div class=\"kb-gallery-image-contain kadence-blocks-gallery-intrinsic kb-gallery-image-ratio-land32 kb-has-image-ratio-land32\" ><img loading=\"lazy\" decoding=\"async\" src=\"https:\/\/www.turkaesthetic.com\/wp-content\/uploads\/2023\/12\/Hollywood-smile-before-after-16.webp\" width=\"1200\" height=\"800\" alt=\"Vorher und nachher lumineer\" data-full-image=\"https:\/\/www.turkaesthetic.com\/wp-content\/uploads\/2023\/12\/Hollywood-smile-before-after-16.webp\" data-light-image=\"https:\/\/www.turkaesthetic.com\/wp-content\/uploads\/2023\/12\/Hollywood-smile-before-after-16.webp\" data-id=\"49553\" class=\"wp-image-49553 skip-lazy\"\/><\/div><\/div><\/figure><\/div><\/div><\/li><li class=\"kb-slide-item kb-gallery-slide-item splide__slide\"><div class=\"kadence-blocks-gallery-item\"><div class=\"kadence-blocks-gallery-item-inner\"><figure class=\"kb-gallery-figure kadence-blocks-gallery-item-hide-caption\"><div class=\"kb-gal-image-radius\"><div class=\"kb-gallery-image-contain kadence-blocks-gallery-intrinsic kb-gallery-image-ratio-land32 kb-has-image-ratio-land32\" ><img loading=\"lazy\" decoding=\"async\" src=\"https:\/\/www.turkaesthetic.com\/wp-content\/uploads\/2023\/12\/Hollywood-smile-before-after-15.webp\" width=\"1200\" height=\"800\" alt=\"Vorher und nachher lumineer\" data-full-image=\"https:\/\/www.turkaesthetic.com\/wp-content\/uploads\/2023\/12\/Hollywood-smile-before-after-15.webp\" data-light-image=\"https:\/\/www.turkaesthetic.com\/wp-content\/uploads\/2023\/12\/Hollywood-smile-before-after-15.webp\" data-id=\"49544\" class=\"wp-image-49544 skip-lazy\"\/><\/div><\/div><\/figure><\/div><\/div><\/li><li class=\"kb-slide-item kb-gallery-slide-item splide__slide\"><div class=\"kadence-blocks-gallery-item\"><div class=\"kadence-blocks-gallery-item-inner\"><figure class=\"kb-gallery-figure kadence-blocks-gallery-item-hide-caption\"><div class=\"kb-gal-image-radius\"><div class=\"kb-gallery-image-contain kadence-blocks-gallery-intrinsic kb-gallery-image-ratio-land32 kb-has-image-ratio-land32\" ><img loading=\"lazy\" decoding=\"async\" src=\"https:\/\/www.turkaesthetic.com\/wp-content\/uploads\/2023\/12\/Hollywood-smile-before-after-14.webp\" width=\"1200\" height=\"800\" alt=\"Vorher und nachher lumineer\" data-full-image=\"https:\/\/www.turkaesthetic.com\/wp-content\/uploads\/2023\/12\/Hollywood-smile-before-after-14.webp\" data-light-image=\"https:\/\/www.turkaesthetic.com\/wp-content\/uploads\/2023\/12\/Hollywood-smile-before-after-14.webp\" data-id=\"49535\" class=\"wp-image-49535 skip-lazy\"\/><\/div><\/div><\/figure><\/div><\/div><\/li><li class=\"kb-slide-item kb-gallery-slide-item splide__slide\"><div class=\"kadence-blocks-gallery-item\"><div class=\"kadence-blocks-gallery-item-inner\"><figure class=\"kb-gallery-figure kadence-blocks-gallery-item-hide-caption\"><div class=\"kb-gal-image-radius\"><div class=\"kb-gallery-image-contain kadence-blocks-gallery-intrinsic kb-gallery-image-ratio-land32 kb-has-image-ratio-land32\" ><img loading=\"lazy\" decoding=\"async\" src=\"https:\/\/www.turkaesthetic.com\/wp-content\/uploads\/2023\/12\/Hollywood-smile-before-after-12.webp\" width=\"1200\" height=\"800\" alt=\"Vorher und nachher lumineer\" data-full-image=\"https:\/\/www.turkaesthetic.com\/wp-content\/uploads\/2023\/12\/Hollywood-smile-before-after-12.webp\" data-light-image=\"https:\/\/www.turkaesthetic.com\/wp-content\/uploads\/2023\/12\/Hollywood-smile-before-after-12.webp\" data-id=\"49526\" class=\"wp-image-49526 skip-lazy\"\/><\/div><\/div><\/figure><\/div><\/div><\/li><\/ul><\/div><\/div><\/div><\/div>\n\n\n<h3 class=\"wp-block-heading\">Anweisungen Nachsorge dental-lumineers<\/h3>\n\n\n\n<p>F\u00fcr jede Behandlung oder kosmetische Prozedur gibt es spezielle Anweisungen f\u00fcr optimale Ergebnisse. Wir nennen die wichtigsten Anweisungen, die der Patient befolgen sollte:<\/p>\n\n\n\n<p>Befolgen Sie die Anweisungen des Zahnarztes und des Turk Aesthetic-Teams mit gr\u00f6\u00dfter Genauigkeit.<br>Vermeiden Sie in den ersten Tagen Dinge, die zu Zahn- oder Zahnfleischempfindlichkeit f\u00fchren k\u00f6nnen.<br>Belasten Sie Ihre Z\u00e4hne nicht zu stark beim Essen oder in anderen F\u00e4llen.<br>Sorgen Sie f\u00fcr die Sicherheit und Mundgesundheit, indem Sie den Zahnarzt in regelm\u00e4\u00dfigen Abst\u00e4nden aufsuchen.<br>Putzen Sie Ihre Z\u00e4hne t\u00e4glich zu Hause.<\/p>\n\n\n\n<h3 class=\"wp-block-heading\"><br>Vor- und Nachteile \u2013 Dental Lumineers<\/h3>\n\n\n\n<p>Hier nennen wir die wichtigsten Vor- und Nachteile von Dental Lumineers:<\/p>\n\n\n\n<h4 class=\"wp-block-heading\">Nachteile<\/h4>\n\n\n\n<p>Einer der gr\u00f6\u00dften Nachteile, unter denen Menschen leiden k\u00f6nnen, die sich Dental Lumineers zulegen m\u00f6chten, ist ihre Empfindlichkeit. Sie sollten beim Essen vorsichtig sein, da eine falsche Anwendung ihre Lebensdauer verk\u00fcrzen oder zu Br\u00fcchen f\u00fchren kann.<\/p>\n\n\n\n<h4 class=\"wp-block-heading\">Vorteile<\/h4>\n\n\n\n<p>Einer der wichtigsten Vorteile, die eine Person nach kosmetischen zahn\u00e4rztlichen Lumineers oder, wie sie genannt werden, Zahnlinsen erzielen kann, ist die Beseitigung der uneinheitlichen Form der Z\u00e4hne und eine wei\u00dfere Farbe innerhalb k\u00fcrzester Zeit. Ein weiterer bedeutender Vorteil ist, dass nicht viel Zahnfeilen erforderlich ist, \u00e4hnlich wie bei normalen Zahnkronen.<\/p>\n\n\n\n<h5 class=\"wp-block-heading\">Nebenwirkungen<\/h5>\n\n\n\n<p>Die Nebenwirkungen von zahn\u00e4rztlichen Lumineer-Linsen sind einfach. Empfindlichkeit kann selten im Zahnfleisch auftreten und verschwindet w\u00e4hrend der ersten Tage. Es kann auch eine gewisse R\u00f6tung im Zahnfleischbereich oder ein leichter Juckreiz beim Essen oder Trinken nur in den ersten Tagen auftreten.<\/p>\n\n\n\n<h3 class=\"wp-block-heading\">Dental-lumineers in der T\u00fcrkei Istanbul<\/h3>\n\n\n\n<p>Heute ist die T\u00fcrkei, insbesondere Istanbul, eines der ber\u00fchmtesten touristischen und medizinischen Reiseziele, und viele Menschen aus arabischen und europ\u00e4ischen L\u00e4ndern besuchen es entweder aus touristischen oder therapeutischen Gr\u00fcnden. Zahnbehandlungen im Allgemeinen und kosmetische Lumineers im Besonderen z\u00e4hlen zu den bekanntesten Zahnbehandlungen, die in Zahnkliniken in Istanbul, T\u00fcrkei, durchgef\u00fchrt werden.<\/p>\n\n\n\n<h3 class=\"wp-block-heading\">Kosten f\u00fcr Dental Lumineers<\/h3>\n\n\n\n<p>Die Kosten werden von mehreren Faktoren bestimmt, die wichtigsten davon sind:<\/p>\n\n\n\n<p>Z\u00e4hnezahl.<br>Die Qualit\u00e4t.<br>Die Erfahrung des Arztes.<br>Der Ruf des Krankenhauses oder der Klinik.<br>Die damit verbundenen Leistungen im Behandlungspaket.<br>Die Kosten sind f\u00fcr viele Menschen im Vergleich zu den Preisen in anderen arabischen und ausl\u00e4ndischen L\u00e4ndern erschwinglich. Bei Turk Aesthetic betragen die Kosten pro Zahn 190 Euro.ergleich zu Preisen in anderen arabischen und ausl\u00e4ndischen L\u00e4ndern f\u00fcr ein gro\u00dfes Segment von Menschen geeignet. Bei Turk Aesthetic betragen die Kosten pro Lumineers-Zahn 190 Euro.<\/p>\n\n\n\n<h2 class=\"wp-block-heading\">FAQ<\/h2>\n\n\n<div id=\"rank-math-faq\" class=\"rank-math-block\">\n<div class=\"rank-math-list \">\n<div id=\"faq-question-1725271760359\" class=\"rank-math-list-item\">\n<h3 class=\"rank-math-question \">Was ist der Unterschied zwischen dental-lumineers und Veneers?<\/h3>\n<div class=\"rank-math-answer \">\n\n<p>Lumineers gelten als weniger dick als Veneers, weshalb weniger Zahnfeilen erforderlich ist als bei Veneers.<\/p>\n\n<\/div>\n<\/div>\n<div id=\"faq-question-1725271763541\" class=\"rank-math-list-item\">\n<h3 class=\"rank-math-question \">Aus welchen Materialien werden zahn\u00e4rztliche dental-lumineers hergestellt?<\/h3>\n<div class=\"rank-math-answer \">\n\n<p>Zirkon und Emax werden als Grundmaterialien zur Herstellung dieser Linsen verwendet.<\/p>\n\n<\/div>\n<\/div>\n<div id=\"faq-question-1725271770023\" class=\"rank-math-list-item\">\n<h3 class=\"rank-math-question \">Wie lange dauert der zahn\u00e4rztliche Lumineers-Prozess?<\/h3>\n<div class=\"rank-math-answer \">\n\n<p>Er dauert 5 \u2013 7 Tage.<\/p>\n\n<\/div>\n<\/div>\n<div id=\"faq-question-1725271775936\" class=\"rank-math-list-item\">\n<h3 class=\"rank-math-question \">Wie viele Besuche ben\u00f6tigt ein Patient f\u00fcr dental-lumineers?<\/h3>\n<div class=\"rank-math-answer \">\n\n<p>Der Patient ben\u00f6tigt drei regelm\u00e4\u00dfige Klinikbesuche, um den Prozess abzuschlie\u00dfen.<\/p>\n\n<\/div>\n<\/div>\n<div id=\"faq-question-1725271786216\" class=\"rank-math-list-item\">\n<h3 class=\"rank-math-question \">Verursachen dental-lumineers Mundgeruch?<\/h3>\n<div class=\"rank-math-answer \">\n\n<p>Nein, sie verursachen keinen unangenehmen Mundgeruch, weil sie so d\u00fcnn sind.<\/p>\n\n<\/div>\n<\/div>\n<div id=\"faq-question-1725271793716\" class=\"rank-math-list-item\">\n<h3 class=\"rank-math-question \">Was kostet der zahn\u00e4rztliche Lumineers-Prozess?<\/h3>\n<div class=\"rank-math-answer \">\n\n<p>Die Kosten variieren je nach Material, z. B. Zirkonoxid oder Emax.<\/p>\n\n<\/div>\n<\/div>\n<div id=\"faq-question-1725271800225\" class=\"rank-math-list-item\">\n<h3 class=\"rank-math-question \">Was kostet der zahn\u00e4rztliche Lumineers-Prozess?<\/h3>\n<div class=\"rank-math-answer \">\n\n<p>Die Kosten bei Turk Aesthetic betragen 190 Euro.<\/p>\n\n<\/div>\n<\/div>\n<div id=\"faq-question-1725271806373\" class=\"rank-math-list-item\">\n<h3 class=\"rank-math-question \">Verursacht es Schmerzen?<\/h3>\n<div class=\"rank-math-answer \">\n\n<p>Nein, es verursacht keine nennenswerten Schmerzen, weil es ein einfacher Eingriff ist.<\/p>\n\n<\/div>\n<\/div>\n<\/div>\n<\/div>\n\n\n<p>Schlie\u00dflich k\u00f6nnen Sie unser Team direkt \u00fcber den Link\u00a0<a href=\"https:\/\/www.turkaesthetic.com\/de\/contact-us\/\" target=\"_blank\" data-type=\"link\" data-id=\"https:\/\/www.turkaesthetic.com\/de\/contact-us\/\" rel=\"noreferrer noopener\"><strong>kontaktieren<\/strong><\/a>, um Informationen und Preise von\u00a0<a href=\"https:\/\/www.youtube.com\/channel\/UC0zggzdm5CFwpRMmn_CPpFQ\" target=\"_blank\" rel=\"noreferrer noopener\"><strong>Turk Aesthetic<\/strong><\/a>\u00a0anzufordern.<a href=\"http:\/\/turkaesthetic.com\/de\/surgeries-de\/lip-lifting\/\"><\/a><a href=\"http:\/\/turkaesthetic.com\/de\/non-surgical-de\/cheek-filler\/\"><\/a><\/p>\n","protected":false},"excerpt":{"rendered":"<p>Dental-Lumineers stehen ganz oben auf der Liste der kosmetischen Zahnbehandlungen, die sich vom Wort Laminate Veneers ableiten, was (verd\u00fcnnte Veneers) bedeutet. Sie werden auf die Z\u00e4hne gesetzt, um eine gleichm\u00e4\u00dfige und perfekte L\u00e4chelnform zu erhalten, nachdem sichergestellt wurde, dass der Zustand der Z\u00e4hne f\u00fcr das Einsetzen von Linsen geeignet ist. An\u00e4sthesie Lokal Prozessdauer 2 Stunden [&hellip;]<\/p>\n","protected":false},"author":1,"featured_media":14869,"parent":0,"menu_order":0,"comment_status":"closed","ping_status":"closed","template":"","meta":{"footnotes":""},"dep":[1356],"class_list":["post-14857","page","type-page","status-publish","has-post-thumbnail","hentry","dep-cosmetic-dentistry"],"_links":{"self":[{"href":"https:\/\/www.turkaesthetic.com\/de\/wp-json\/wp\/v2\/pages\/14857","targetHints":{"allow":["GET"]}}],"collection":[{"href":"https:\/\/www.turkaesthetic.com\/de\/wp-json\/wp\/v2\/pages"}],"about":[{"href":"https:\/\/www.turkaesthetic.com\/de\/wp-json\/wp\/v2\/types\/page"}],"author":[{"embeddable":true,"href":"https:\/\/www.turkaesthetic.com\/de\/wp-json\/wp\/v2\/users\/1"}],"replies":[{"embeddable":true,"href":"https:\/\/www.turkaesthetic.com\/de\/wp-json\/wp\/v2\/comments?post=14857"}],"version-history":[{"count":0,"href":"https:\/\/www.turkaesthetic.com\/de\/wp-json\/wp\/v2\/pages\/14857\/revisions"}],"wp:featuredmedia":[{"embeddable":true,"href":"https:\/\/www.turkaesthetic.com\/de\/wp-json\/wp\/v2\/media\/14869"}],"wp:attachment":[{"href":"https:\/\/www.turkaesthetic.com\/de\/wp-json\/wp\/v2\/media?parent=14857"}],"wp:term":[{"taxonomy":"dep","embeddable":true,"href":"https:\/\/www.turkaesthetic.com\/de\/wp-json\/wp\/v2\/dep?post=14857"}],"curies":[{"name":"wp","href":"https:\/\/api.w.org\/{rel}","templated":true}]}}