{"id":14814,"date":"2022-01-27T10:26:45","date_gmt":"2022-01-27T07:26:45","guid":{"rendered":"http:\/\/turkaesthetic.com\/gastric-balloon-2\/"},"modified":"2024-02-12T13:35:41","modified_gmt":"2024-02-12T10:35:41","slug":"gastric-balloon","status":"publish","type":"page","link":"https:\/\/www.turkaesthetic.com\/de\/gastric-balloon\/","title":{"rendered":"Magenballon"},"content":{"rendered":"\n<p>Der magenballon in der T\u00fcrkei ist ein einfaches Verfahren, das 10 Minuten nicht \u00fcberschreitet, indem ein Ballon aus dem Mund eingef\u00fchrt und im <a href=\"https:\/\/de.wikipedia.org\/wiki\/Magen\" data-type=\"URL\" data-id=\"https:\/\/de.wikipedia.org\/wiki\/Magen\" target=\"_blank\" rel=\"noreferrer noopener\">Magen<\/a> belassen und dann mit einer Substanz (Gas oder Fl\u00fcssigkeit) gef\u00fcllt wird, um den Magenbereich so zu verkleinern, dass der Der Patient f\u00fchlt sich satt, wenn er ein Viertel der Nahrungsmenge isst, die er normalerweise isst, um sich schnell satt zu f\u00fchlen.<\/p>\n\n\n\n<p>Der Ballon verbleibt nicht lebenslang im Magen, sondern ist ein vor\u00fcbergehender Eingriff f\u00fcr etwa sechs Monate, in dem sich der Patient an eine geringe Nahrungsaufnahme gew\u00f6hnt und so das Gewicht der \u00dcbergewichtigen reduziert.<\/p>\n\n\n\n<figure class=\"wp-block-table\"><table><tbody><tr><td>An\u00e4sthesie<\/td><td>Sedierung<\/td><\/tr><tr><td>Prozessdauer<\/td><td>10 Minuten<\/td><\/tr><tr><td>Prozesszweck<\/td><td>Abnehmen<\/td><\/tr><tr><td>Ergebnisse<\/td><td>Beginn nach 2 Wochen &#8211; Dauer 6 Monate<\/td><\/tr><tr><td>Rekonvaleszenz<\/td><td>Das ist nicht n\u00f6tig<\/td><\/tr><tr><td>Kosten<\/td><td>1400 &#8211; 2800 EUR<\/td><\/tr><\/tbody><\/table><figcaption class=\"wp-element-caption\">Magenballon in der T\u00fcrkei<\/figcaption><\/figure>\n\n\n\n<h2 class=\"wp-block-heading\">Wie wird der magenballon in der T\u00fcrkei durchgef\u00fchrt?<\/h2>\n\n\n\n<p>Der magenballon in der T\u00fcrkei zur Gewichtsreduktion ist ein sehr einfaches Verfahren, das nur etwa 10 Minuten unter Sedierungsan\u00e4sthesie mit der endoskopischen Methode dauert, der Ballon wird in den Magen eingef\u00fchrt, dann wird der Ballon mit einer speziellen Fl\u00fcssigkeit gef\u00fcllt, um eine Fl\u00e4che von etwa 70 einzunehmen % des Magenvolumens, so dass das Hungergef\u00fchl abnimmt und die Nahrungsaufnahme abnimmt, auch die verzehrten Mengen sind im Vergleich zu vor dem Eingriff gering.<\/p>\n\n\n\n<p>Eine Person kann unmittelbar nach der magenballon in der T\u00fcrkei am selben Tag zu ihrem normalen Leben zur\u00fcckkehren, wobei die vom Arzt empfohlenen Anweisungen eingehalten werden m\u00fcssen.<\/p>\n\n\n\n<figure class=\"wp-block-embed is-type-video is-provider-youtube wp-block-embed-youtube wp-embed-aspect-16-9 wp-has-aspect-ratio\"><div class=\"wp-block-embed__wrapper\">\n<iframe loading=\"lazy\" title=\"Gastric Balloon in Turkey (45) Minutes - Turk Aesthetic\" width=\"800\" height=\"450\" src=\"https:\/\/www.youtube.com\/embed\/BcKsJowf4_A?feature=oembed\" frameborder=\"0\" allow=\"accelerometer; autoplay; clipboard-write; encrypted-media; gyroscope; picture-in-picture; web-share\" allowfullscreen><\/iframe>\n<\/div><figcaption class=\"wp-element-caption\">Magenballon in der T\u00fcrkei<\/figcaption><\/figure>\n\n\n\n<h3 class=\"wp-block-heading\">Wer kann in der T\u00fcrkei einen durchf\u00fchren?<\/h3>\n\n\n\n<ul class=\"wp-block-list\">\n<li>Menschen, die ein begrenztes Gewicht wie 10 bis 15 oder sogar 20 Kilo verlieren m\u00f6chten.<\/li>\n\n\n\n<li>Diejenigen, die nicht in der Lage sind, das als Gewichtsstabilisierung bezeichnete Gewicht zu verlieren, werden nach der Operation ein gutes Ergebnis haben.<\/li>\n\n\n\n<li>Wer aufgrund von \u00dcbergewicht unter Wirbels\u00e4ulen- und Knochenschmerzen leidet, kann diese Operation durchf\u00fchren, um diese l\u00e4stigen Schmerzen loszuwerden.<\/li>\n\n\n\n<li>Menschen, die im Allgemeinen nicht unter Magen- oder K\u00f6rperproblemen leiden.<\/li>\n<\/ul>\n\n\n\n<figure class=\"wp-block-image size-full\"><img loading=\"lazy\" decoding=\"async\" width=\"1024\" height=\"683\" src=\"http:\/\/turkaesthetic.com\/wp-content\/uploads\/2022\/01\/Gastric-Balloon-istanbul.webp\" alt=\"Magen Botox in der istanbul\" class=\"wp-image-15245\"\/><\/figure>\n\n\n\n<h3 class=\"wp-block-heading\">Wer kann in der T\u00fcrkei keinen Magenballon durchf\u00fchren?<\/h3>\n\n\n\n<ul class=\"wp-block-list\">\n<li>Personen unter 20 Jahren.<\/li>\n\n\n\n<li>Menschen mit einer chronischen oder ansteckenden Krankheit.<\/li>\n\n\n\n<li>Menschen, die \u00fcbergewichtig sind und mehr als 25 Kilogramm \u00dcbergewicht haben.<\/li>\n\n\n\n<li>Sie haben eine K\u00f6rpermasse von mehr als 40.<\/li>\n\n\n\n<li>Menschen mit Magengeschw\u00fcrproblemen k\u00f6nnen nach der Behandlung von Geschw\u00fcren einen durchf\u00fchren<\/li>\n\n\n\n<li>Der Ballon kann nicht als L\u00f6sung f\u00fcr diejenigen angesehen werden, die an \u00fcbersch\u00fcssigem K\u00f6rperfett leiden. Der Ballon entfernt kein Fett, sondern hilft nur beim Abnehmen.<\/li>\n<\/ul>\n\n\n\n<h3 class=\"wp-block-heading\">Der Arzt, der das Magenballonverfahren durchf\u00fchrt<\/h3>\n\n\n\n<p>\u0130st ein Verfahren, das von sehr erfahrenen <a href=\"http:\/\/turkaesthetic.com\/de\/obesity-treatment\/\" data-type=\"URL\" data-id=\"http:\/\/turkaesthetic.com\/de\/obesity-treatment\/\" target=\"_blank\" rel=\"noreferrer noopener\"><strong>Adipositas<\/strong><\/a>&#8211; und Allgemeinchirurgen durchgef\u00fchrt wird. Kein Arzt anderer Fachrichtungen kann diese Art von Operation durchf\u00fchren. Das Zentrum muss mit einer hochsterilen klinischen Umgebung zuverl\u00e4ssig sein, und ein hochqualifizierter Arzt ist alles, was bei der Auswahl eines Krankenhauses oder medizinischen Zentrums zu ber\u00fccksichtigen ist<\/p>\n\n\n\n<h3 class=\"wp-block-heading\">An\u00e4sthesiearten, die beim Magenballonverfahren verwendet werden<\/h3>\n\n\n\n<p>Wird unter Sedierungsnarkose des K\u00f6rpers durchgef\u00fchrt. Bei einer Sedierungsnarkose sollten Sie 6 Stunden vor der Operation nichts mehr essen und trinken und m\u00fcssen nicht im Krankenhaus bleiben. Der Vorgang dauert etwa 10 Minuten.<\/p>\n\n\n\n<h2 class=\"wp-block-heading\">Schritte des Magenballonverfahrens in der T\u00fcrkei<\/h2>\n\n\n<div id=\"rank-math-howto\" class=\"rank-math-block\" >\n<div class=\"rank-math-howto-description\">\n\n<p>Durchl\u00e4uft wie andere Operationen drei Phasen:<\/p>\n\n<\/div>\n<p class=\"rank-math-howto-duration\"><strong>Gesamtzeit:<\/strong> <span>10 Minuten<\/span><\/p>\n<div class=\"rank-math-steps \">\n<div id=\"howto-step-1675617760257\" class=\"rank-math-step\">\n<h3 class=\"rank-math-step-title \">Vor dem Prozess<\/h3>\n<div class=\"rank-math-step-content \"><img loading=\"lazy\" decoding=\"async\" width=\"1024\" height=\"682\" src=\"https:\/\/www.turkaesthetic.com\/wp-content\/uploads\/2022\/01\/befor-Gastric-Balloon.webp\" class=\"attachment-full size-full\" alt=\"Magen Botox in der istanbul\" \/><p>Vor der Operation sind einige wichtige Schritte zu beachten:<br \/>Sie sollten dem Arzt mitteilen, wenn Sie gegen ein bestimmtes Arzneimittel oder eine bestimmte Substanz allergisch sind.<br \/>Wenn Sie unter Magenproblemen oder Erkrankungen der Speiser\u00f6hre leiden, sollten Sie unbedingt Ihren Arzt benachrichtigen.<br \/>Informieren Sie den Arzt \u00fcber die regelm\u00e4\u00dfig verwendeten Arzneimittel.<br \/>Um unerw\u00fcnschte Komplikationen zu vermeiden, sollten Sie Blutverd\u00fcnner eine Woche vor dem Eingriff absetzen.<br \/>Beenden Sie eine Woche vor dem Eingriff das Rauchen und den Alkohol.<br \/>Der Arzt f\u00fchrt vor dem Eingriff eine Sigmoidoskopie durch, um die Gesundheit des Magens zu \u00fcberpr\u00fcfen.<\/p>\n<\/div>\n<\/div>\n<div id=\"howto-step-1675617798842\" class=\"rank-math-step\">\n<h3 class=\"rank-math-step-title \">W\u00e4hrend des Prozesses<\/h3>\n<div class=\"rank-math-step-content \"><p>Der Prozess beginnt mit einer Lokalan\u00e4sthesie, zus\u00e4tzlich zu der Verabreichung eines Nervenberuhigungsmittels, das hilft, sich zu entspannen, damit sich die Muskeln der Speiser\u00f6hre nicht zusammenziehen, wenn das Endoskop durch den Mund eingef\u00fchrt wird. Am Ende des Endoskops wird eine Kapsel (Ballon) platziert und im Magen des Patienten belassen. Blaue Farbe, eine Warnung f\u00fcr den Patienten, dass der Ballon perforiert und abgelaufen ist, oder er kann mit einem leichten Gas gef\u00fcllt sein, die Operation endet danach und es besteht keine Notwendigkeit, im Krankenhaus zu bleiben.<\/p>\n<\/div>\n<\/div>\n<div id=\"howto-step-1675617810011\" class=\"rank-math-step\">\n<h3 class=\"rank-math-step-title \">Nach dem Prozess<\/h3>\n<div class=\"rank-math-step-content \"><img loading=\"lazy\" decoding=\"async\" width=\"1024\" height=\"682\" src=\"https:\/\/www.turkaesthetic.com\/wp-content\/uploads\/2022\/01\/after-Gastric-Balloon.webp\" class=\"attachment-full size-full\" alt=\"Magenverkleinerung in Der T\u00fcrkei\" \/><p>Nach Erteilung der nach dem Eingriff zu befolgenden Anweisungen k\u00f6nnen Sie das Krankenhaus noch am selben Tag verlassen, nachdem die Wirkung der Narkose vollst\u00e4ndig abgeklungen ist, und es empfiehlt sich, das Krankenhaus in Begleitung eines Angeh\u00f6rigen oder Freundes zu verlassen. Es wird auch empfohlen, nach der Operation nicht Auto zu fahren. Sie sollten auch eine Di\u00e4t einhalten, die Ballaststoffe und Proteine \u200b\u200benth\u00e4lt.<\/p>\n<\/div>\n<\/div>\n<\/div>\n<\/div>\n<p class=\"rank-math-howto-estimatedCost\"><strong>Gesch\u00e4tzte Kosten:<\/strong> <span>1400 EUR<\/span><\/p>\n\n\n\n\n\n<h3 class=\"wp-block-heading\">Magenballontypen in der T\u00fcrkei<\/h3>\n\n\n\n<p>Die Arten von Magenballons variieren je nach Verweildauer im Magen, einige Arten verbleiben f\u00fcr 6 Monate und andere f\u00fcr einen l\u00e4ngeren Zeitraum von etwa 12 Monaten. Aller Art ist jedoch gemeinsam, dass die Verweildauer im Magen nur vor\u00fcbergehend und nicht dauerhaft ist. Au\u00dferdem unterscheiden sich die Arten von Magenballons je nach Material des Ballons.<\/p>\n\n\n\n<p>Einige Ballons bestehen aus Silikon und andere aus Polyurethan. Die Typen unterscheiden sich auch nach der Substanz, die in den Ballon injiziert wird, um ihn im Magen zu vergr\u00f6\u00dfern. Einige Typen werden mit Fl\u00fcssigkeiten und andere mit Gas injiziert. Alle Typen teilen das Verfahren und sind in der Regel laparoskopisch. Hier sind die Namen der h\u00e4ufigsten Arten:<\/p>\n\n\n\n<ul class=\"wp-block-list\">\n<li>Orbera-Ballon<\/li>\n\n\n\n<li>Ballon umformen<\/li>\n\n\n\n<li>Obalon-Ballon<\/li>\n<\/ul>\n\n\n\n<h3 class=\"wp-block-heading\">Anleitung zur Magenballon-Nachsorge<\/h3>\n\n\n\n<ul class=\"wp-block-list\">\n<li>Beginnen Sie 2-3 Stunden nach der Operation mit dem Essen und Trinken.<\/li>\n\n\n\n<li>Verzichten Sie am ersten Tag auf feste Nahrung.<\/li>\n\n\n\n<li>Nach dem m\u00fcssen Sie das vom Arzt verordnete Di\u00e4tprogramm befolgen.<\/li>\n\n\n\n<li>Vermeiden Sie den Verzehr von fett- und kohlenhydrathaltigen Speisen und s\u00e4urehaltigen Getr\u00e4nken.<\/li>\n\n\n\n<li>Halten Sie sich von Zigaretten, Wasserpfeifen und Alkohol fern.<\/li>\n\n\n\n<li>Vollst\u00e4ndige Einhaltung aller Anweisungen des Arztes.<\/li>\n<\/ul>\n\n\n\n<figure class=\"wp-block-gallery has-nested-images columns-default is-cropped wp-block-gallery-1 is-layout-flex wp-block-gallery-is-layout-flex\">\n<figure class=\"wp-block-image size-large\"><img loading=\"lazy\" decoding=\"async\" width=\"1200\" height=\"800\" data-id=\"45604\" src=\"http:\/\/turkaesthetic.com\/wp-content\/uploads\/2023\/11\/before-after-gastric-balloon-4.jpg\" alt=\"Vor und nach dem Magenballon in T\u00fcrkiye\" class=\"wp-image-45604\"\/><figcaption class=\"wp-element-caption\">Vor und nach dem Magenballon in T\u00fcrkiye<\/figcaption><\/figure>\n\n\n\n<figure class=\"wp-block-image size-large\"><img loading=\"lazy\" decoding=\"async\" width=\"1200\" height=\"800\" data-id=\"45595\" src=\"http:\/\/turkaesthetic.com\/wp-content\/uploads\/2023\/11\/before-after-gastric-balloon-3.jpg\" alt=\"Vor und nach dem Magenballon in T\u00fcrkiye\" class=\"wp-image-45595\"\/><figcaption class=\"wp-element-caption\">Vor und nach dem Magenballon in T\u00fcrkiye<\/figcaption><\/figure>\n\n\n\n<figure class=\"wp-block-image size-large\"><img loading=\"lazy\" decoding=\"async\" width=\"1200\" height=\"800\" data-id=\"45585\" src=\"http:\/\/turkaesthetic.com\/wp-content\/uploads\/2023\/11\/before-after-gastric-balloon-2.jpg\" alt=\"Vor und nach dem Magenballon in T\u00fcrkiye\" class=\"wp-image-45585\"\/><figcaption class=\"wp-element-caption\">Vor und nach dem Magenballon in T\u00fcrkiye<\/figcaption><\/figure>\n\n\n\n<figure class=\"wp-block-image size-large\"><img loading=\"lazy\" decoding=\"async\" width=\"1200\" height=\"800\" data-id=\"45576\" src=\"http:\/\/turkaesthetic.com\/wp-content\/uploads\/2023\/11\/before-after-gastric-balloon-1.jpg\" alt=\"Vor und nach dem Magenballon in T\u00fcrkiye\" class=\"wp-image-45576\"\/><figcaption class=\"wp-element-caption\">Vor und nach dem Magenballon in T\u00fcrkiye<\/figcaption><\/figure>\n<\/figure>\n\n\n\n<h3 class=\"wp-block-heading\">Vor- und Nachteile<\/h3>\n\n\n\n<h4 class=\"wp-block-heading\">Vorteile<\/h4>\n\n\n\n<p>Der wichtigste und erw\u00fcnschte Effekt des Magenballons ist eine Gewichtsabnahme von 10 bis 15 Kilogramm, bei gesunder Ern\u00e4hrung k\u00f6nnen es bis zu 20 Kilogramm werden. Ein gesunder und schlanker K\u00f6rper wird erhalten, wodurch das Selbstvertrauen der Person durch ein einfaches Verfahren ohne Operation, Komplikationen und hohe Kosten gest\u00e4rkt wird.<\/p>\n\n\n\n<h4 class=\"wp-block-heading\">M\u00e4ngel<\/h4>\n\n\n\n<p>Obwohl das Magenballonverfahren keine wesentlichen Nachteile hat, ist es erw\u00e4hnenswert, dass die Person nicht in der Lage sein wird, das gew\u00fcnschte Gewicht zu verlieren, wenn sie die Anweisungen des Di\u00e4tprogramms nicht befolgt. Der Ballon kann auch durch Nichtbeachtung der \u00e4rztlichen Anweisung punktiert werden und somit nicht den gew\u00fcnschten Erfolg erzielen.<\/p>\n\n\n\n<h4 class=\"wp-block-heading\">Nebenwirkungen<\/h4>\n\n\n\n<p>Der Ballon kann f\u00fcr Allergiker Probleme bereiten, da der Patient in der ersten Periode ein unangenehmes Magengef\u00fchl und \u00dcbelkeit versp\u00fcren kann.<\/p>\n\n\n\n<h3 class=\"wp-block-heading\">Magenballon in der T\u00fcrkei Istanbul<\/h3>\n\n\n\n<p>Die T\u00fcrkei im Allgemeinen und Istanbul im Besonderen ist das Ziel vieler Touristen, die die T\u00fcrkei wegen ihrer vielen Vorteile wie den vielen Optionen, dem Fachwissen der \u00c4rzte und der Qualit\u00e4t der Gesundheitsversorgung gleichzeitig zur Behandlung und zum Tourismus besuchen. Der magenballon in der T\u00fcrkei ist eine der wichtigsten Optionen zur Gewichtsreduktion in der T\u00fcrkei und kostet je nach Zentrum und Operationsdetails zwischen 1400 &#8211; 2800 Euro.<\/p>\n\n\n\n<h3 class=\"wp-block-heading\">Magenballonkosten in der T\u00fcrkei Istanbul<\/h3>\n\n\n\n<p>Die Kosten f\u00fcr einen Magenballon in der T\u00fcrkei variieren von Ort zu Ort nach mehreren Faktoren:<\/p>\n\n\n\n<ul class=\"wp-block-list\">\n<li>Der Name des medizinischen Zentrums oder Krankenhauses.<\/li>\n\n\n\n<li>Erfahrung des Arztes.<\/li>\n\n\n\n<li>Der verwendete Ballontyp<\/li>\n\n\n\n<li>Zus\u00e4tzliche Dienstleistungen, da einige Zentren Pakete anbieten, die Behandlung, Unterkunft und Transport beinhalten.<\/li>\n<\/ul>\n\n\n\n<p>Bei Turk Aesthetic Istanbul liegen die Kosten f\u00fcr das Magenballonverfahren zwischen 1400 &#8211; 2800 EUR<\/p>\n\n\n\n<p>Sie k\u00f6nnen das Team von Turk Aesthetic auf der Kontaktseite kontaktieren, um die Kosten f\u00fcr das Behandlungspaket mit Unterkunft und Transport zu erfragen.<\/p>\n\n\n\n<h2 class=\"wp-block-heading\">FAQ &#8211; Magenballon in der T\u00fcrkei Istanbul<\/h2>\n\n\n<div id=\"rank-math-faq\" class=\"rank-math-block\">\n<div class=\"rank-math-list \">\n<div id=\"faq-question-1675617914601\" class=\"rank-math-list-item\">\n<h3 class=\"rank-math-question \">Wozu dient der magenballon in der T\u00fcrkei?<\/h3>\n<div class=\"rank-math-answer \">\n\n<p>Ziel des Magenballonverfahrens ist es, \u00dcbergewicht abzubauen und einen fitteren K\u00f6rper zu bekommen.<\/p>\n\n<\/div>\n<\/div>\n<div id=\"faq-question-1675617919967\" class=\"rank-math-list-item\">\n<h3 class=\"rank-math-question \">Wer kann den Magenballon-Eingriff durchf\u00fchren?<\/h3>\n<div class=\"rank-math-answer \">\n\n<p>Jeder, der ein starkes Verlangen nach Essen hat, ein stabiles Gewicht hat oder Schmerzen in den Knochen hat und ein Gewicht von mehr als 20 kg hat.<\/p>\n\n<\/div>\n<\/div>\n<div id=\"faq-question-1675617933001\" class=\"rank-math-list-item\">\n<h3 class=\"rank-math-question \">Wie lange dauert die magenballon in der T\u00fcrkei?<\/h3>\n<div class=\"rank-math-answer \">\n\n<p>Das Verfahren ist sehr einfach und kann in weniger als 30 Minuten durchgef\u00fchrt werden, und die Person kann am selben Tag zu ihrem normalen Leben zur\u00fcckkehren.<\/p>\n\n<\/div>\n<\/div>\n<div id=\"faq-question-1675617942826\" class=\"rank-math-list-item\">\n<h3 class=\"rank-math-question \">Ist der magenballon in der T\u00fcrkei ein schwieriger oder gef\u00e4hrlicher Eingriff?<\/h3>\n<div class=\"rank-math-answer \">\n\n<p>Nein, ist ein einfacher Eingriff, der Ihr Leben nicht gef\u00e4hrdet.<\/p>\n\n<\/div>\n<\/div>\n<div id=\"faq-question-1675617954355\" class=\"rank-math-list-item\">\n<h3 class=\"rank-math-question \">Wie viel Gewicht kann ich verlieren, wenn ich mich einem Magenballonverfahren unterziehe?<\/h3>\n<div class=\"rank-math-answer \">\n\n<p>Sie k\u00f6nnen durchschnittlich 10 bis 15 Kilogramm abnehmen, und Menschen, die das Di\u00e4tprogramm und die Anweisungen des Arztes befolgen, k\u00f6nnen bis zu 20 Kilogramm abnehmen.<\/p>\n\n<\/div>\n<\/div>\n<div id=\"faq-question-1675617981811\" class=\"rank-math-list-item\">\n<h3 class=\"rank-math-question \">Wann beginnt das Magenballonverfahren?<\/h3>\n<div class=\"rank-math-answer \">\n\n<p>Das Ergebnis beginnt nach einer Woche und endet je nach Ballontyp am Ende des 6. oder 12. Monats.<\/p>\n\n<\/div>\n<\/div>\n<div id=\"faq-question-1675618018328\" class=\"rank-math-list-item\">\n<h3 class=\"rank-math-question \">Ist die magenballon in der T\u00fcrkei schmerzhaft?<\/h3>\n<div class=\"rank-math-answer \">\n\n<p>Dank der vor\u00fcbergehenden An\u00e4sthesie des K\u00f6rpers und eines Nervenberuhigungsmittels, das das Krampfgef\u00fchl reduziert, versp\u00fcrt der Patient w\u00e4hrend der Fertigstellung des magenballon in der T\u00fcrkei keine Schmerzen.<\/p>\n\n<\/div>\n<\/div>\n<div id=\"faq-question-1675618046852\" class=\"rank-math-list-item\">\n<h3 class=\"rank-math-question \">Ist es m\u00f6glich, den Magenballon-Eingriff zweimal zu wiederholen?<\/h3>\n<div class=\"rank-math-answer \">\n\n<p>\u00c4rzte raten davon ab, das Magenballonverfahren zu wiederholen, da eine Wiederholung zu unerw\u00fcnschten Komplikationen f\u00fchren kann.<\/p>\n\n<\/div>\n<\/div>\n<div id=\"faq-question-1675618062925\" class=\"rank-math-list-item\">\n<h3 class=\"rank-math-question \">Ist es m\u00f6glich, nach dem Magenballon-Eingriff Erfrischungsgetr\u00e4nke zu trinken?<\/h3>\n<div class=\"rank-math-answer \">\n\n<p>\u00c4rzte empfehlen nicht, Erfrischungsgetr\u00e4nke als Fl\u00fcssigkeitsquelle im K\u00f6rper zu verwenden, sondern sich eher auf Wasser und nat\u00fcrliche S\u00e4fte zu verlassen, und Erfrischungsgetr\u00e4nke verursachen Sch\u00e4den am Ballon.<\/p>\n\n<\/div>\n<\/div>\n<\/div>\n<\/div>\n\n\n<p><strong>Schlie\u00dflich k\u00f6nnen direkt \u00fcber den Link\u00a0<a href=\"http:\/\/turkaesthetic.com\/de\/contact-us\/\" target=\"_blank\" rel=\"noreferrer noopener\">kontaktieren<\/a>, um Informationen und Preise von\u00a0<a href=\"https:\/\/www.youtube.com\/channel\/UC0zggzdm5CFwpRMmn_CPpFQ\" target=\"_blank\" rel=\"noreferrer noopener\">Turk Aesthetic<\/a>\u00a0anzufordern.<\/strong><a href=\"http:\/\/turkaesthetic.com\/de\/surgeries-de\/lip-lifting\/\"><\/a><a href=\"http:\/\/turkaesthetic.com\/de\/non-surgical-de\/cheek-filler\/\"><\/a><\/p>\n","protected":false},"excerpt":{"rendered":"<p>Der magenballon in der T\u00fcrkei ist ein einfaches Verfahren, das 10 Minuten nicht \u00fcberschreitet, indem ein Ballon aus dem Mund eingef\u00fchrt und im Magen belassen und dann mit einer Substanz (Gas oder Fl\u00fcssigkeit) gef\u00fcllt wird, um den Magenbereich so zu verkleinern, dass der Der Patient f\u00fchlt sich satt, wenn er ein Viertel der Nahrungsmenge isst, [&hellip;]<\/p>\n","protected":false},"author":1,"featured_media":20904,"parent":0,"menu_order":0,"comment_status":"closed","ping_status":"closed","template":"","meta":{"footnotes":""},"dep":[1357],"class_list":["post-14814","page","type-page","status-publish","has-post-thumbnail","hentry","dep-treatment"],"_links":{"self":[{"href":"https:\/\/www.turkaesthetic.com\/de\/wp-json\/wp\/v2\/pages\/14814","targetHints":{"allow":["GET"]}}],"collection":[{"href":"https:\/\/www.turkaesthetic.com\/de\/wp-json\/wp\/v2\/pages"}],"about":[{"href":"https:\/\/www.turkaesthetic.com\/de\/wp-json\/wp\/v2\/types\/page"}],"author":[{"embeddable":true,"href":"https:\/\/www.turkaesthetic.com\/de\/wp-json\/wp\/v2\/users\/1"}],"replies":[{"embeddable":true,"href":"https:\/\/www.turkaesthetic.com\/de\/wp-json\/wp\/v2\/comments?post=14814"}],"version-history":[{"count":0,"href":"https:\/\/www.turkaesthetic.com\/de\/wp-json\/wp\/v2\/pages\/14814\/revisions"}],"wp:featuredmedia":[{"embeddable":true,"href":"https:\/\/www.turkaesthetic.com\/de\/wp-json\/wp\/v2\/media\/20904"}],"wp:attachment":[{"href":"https:\/\/www.turkaesthetic.com\/de\/wp-json\/wp\/v2\/media?parent=14814"}],"wp:term":[{"taxonomy":"dep","embeddable":true,"href":"https:\/\/www.turkaesthetic.com\/de\/wp-json\/wp\/v2\/dep?post=14814"}],"curies":[{"name":"wp","href":"https:\/\/api.w.org\/{rel}","templated":true}]}}