{"id":14774,"date":"2022-01-27T12:23:14","date_gmt":"2022-01-27T09:23:14","guid":{"rendered":"http:\/\/turkaesthetic.com\/dental-veneer\/"},"modified":"2025-08-18T19:03:05","modified_gmt":"2025-08-18T16:03:05","slug":"dental-veneer","status":"publish","type":"page","link":"https:\/\/www.turkaesthetic.com\/de\/dental-veneer\/","title":{"rendered":"Zahnveneers"},"content":{"rendered":"\n<p><strong>Zahnveneers<\/strong> gelten als eine der wichtigsten kosmetischen Optionen in der Zahn\u00e4sthetik, um ein perfektes L\u00e4cheln zu erreichen. Sie geh\u00f6ren zur Kategorie der kosmetischen Schalen und werden nach leichtem Feilen der Zahnoberfl\u00e4che auf die Z\u00e4hne aufgebracht. Der Begriff \u201eVeneer\u201c stammt aus dem Englischen und bedeutet \u201eSchalen\u201c.<\/p>\n\n\n\n<figure class=\"wp-block-table\"><table><tbody><tr><td>An\u00e4sthesie<\/td><td>Lokal<\/td><\/tr><tr><td>Prozessdauer<\/td><td>2 Stunden<\/td><\/tr><tr><td>Ergebnisse<\/td><td>Sofort &#8211; 10 Jahre<\/td><\/tr><tr><td>Rekonvaleszenz<\/td><td>7 Tage<\/td><\/tr><\/tbody><\/table><figcaption class=\"wp-element-caption\"><strong>Zahnveneers<\/strong><\/figcaption><\/figure>\n\n\n\n<h2 class=\"wp-block-heading\">Wie werden Zahnveneers gemacht?<\/h2>\n\n\n\n<p>Der Prozess beginnt mit der Besprechung des Falls mit dem Zahnarzt. Dann werden R\u00f6ntgenaufnahmen und eine klinische Untersuchung durchgef\u00fchrt. Der Vorgang beginnt, sobald der Zahnarzt sicherstellt, dass der Fall f\u00fcr Zahnveneers geeignet ist. Zuerst wird die Oberfl\u00e4che der Z\u00e4hne gefeilt, dann werden Form und Farbe ausgew\u00e4hlt. Abdr\u00fccke oder Messungen der Z\u00e4hne werden genommen und zur Vorbereitung an das Labor geschickt. Schlie\u00dflich werden sie im letzten Schritt eingesetzt.<\/p>\n\n\n\n<h3 class=\"wp-block-heading\">Video zu Zahnveneers<\/h3>\n\n\n\n<p>In diesem kurzen Video sehen Sie, wie ablaufen<\/p>\n\n\n\n<figure class=\"wp-block-embed is-type-video is-provider-youtube wp-block-embed-youtube wp-embed-aspect-16-9 wp-has-aspect-ratio\"><div class=\"wp-block-embed__wrapper\">\n<iframe loading=\"lazy\" title=\"Dental Veneers - Turk Aesthetic\" width=\"800\" height=\"450\" src=\"https:\/\/www.youtube.com\/embed\/03FDckdC-Ew?feature=oembed\" frameborder=\"0\" allow=\"accelerometer; autoplay; clipboard-write; encrypted-media; gyroscope; picture-in-picture; web-share\" referrerpolicy=\"strict-origin-when-cross-origin\" allowfullscreen><\/iframe>\n<\/div><figcaption class=\"wp-element-caption\"><strong>Zahnveneers<\/strong><\/figcaption><\/figure>\n\n\n\n<h3 class=\"wp-block-heading\">Wer kann sie bekommen?<\/h3>\n\n\n\n<p>Jeder \u00fcber 18 Jahre, der bei guter Gesundheit ist, gilt als f\u00fcr eine kosmetische Veneer-Behandlung geeignet. Am geeignetsten sind:<\/p>\n\n\n\n<ul class=\"wp-block-list\">\n<li>Wer an Zahnfehlstellungen leidet.<\/li>\n\n\n\n<li>Wer an dauerhafter Zahnverf\u00e4rbung oder Pigmentierung leidet.<\/li>\n<\/ul>\n\n\n\n<h4 class=\"wp-block-heading\">Wer kann es nicht bekommen?<\/h4>\n\n\n\n<p>Diese Behandlung eignet sich f\u00fcr eine gro\u00dfe Gruppe von Menschen, die ein unverwechselbares und harmonisches L\u00e4cheln erreichen m\u00f6chten. Einige F\u00e4lle k\u00f6nnen jedoch als ungeeignet f\u00fcr dieses Verfahren angesehen werden, wie z. B.:<\/p>\n\n\n\n<ul class=\"wp-block-list\">\n<li>Personen mit Infektionskrankheiten.<\/li>\n\n\n\n<li>Personen mit Z\u00e4hnen, die nicht perfekt ausgerichtet sind.<\/li>\n\n\n\n<li>Personen mit tiefer Karies.<\/li>\n\n\n\n<li>Personen mit fr\u00fcheren Zahnkronen.<\/li>\n\n\n\n<li>Personen mit erheblichem Zahnfleischr\u00fcckgang.\u201c<\/li>\n<\/ul>\n\n\n\n<h4 class=\"wp-block-heading\">Wer f\u00fchrt Zahnveneers durch<\/h4>\n\n\n\n<p>Diese Behandlung ist in der Liste der zahn\u00e4rztlichen Verfahren enthalten, daher sind nur Zahn\u00e4rzte befugt, diese Art von Behandlung durchzuf\u00fchren. Umfangreiche Erfahrung auf diesem Gebiet wird dringend empfohlen, um sicherzustellen, dass die Patienten die gew\u00fcnschten Ergebnisse erzielen. Turk Aesthetic r\u00e4t seinen Kunden, einen sehr erfahrenen Zahnarzt auszuw\u00e4hlen und zu vermeiden, zu einem Zahnlaborspezialisten zu gehen, um die Preise zu senken oder aus anderen Gr\u00fcnden, da dies zu zuk\u00fcnftigen Komplikationen f\u00fchren kann.<\/p>\n\n\n\n<h5 class=\"wp-block-heading\">W\u00e4hrend der Behandlung verwendete An\u00e4sthesiearten<\/h5>\n\n\n\n<p>F\u00fcr jedes kosmetische oder Behandlungsverfahren ist eine individuelle An\u00e4sthesiemethode geeignet. Normalerweise wird eine Lokalan\u00e4sthesie verwendet. Eine Lokalan\u00e4sthesie ist f\u00fcr Zahnveneers im Allgemeinen ausreichend. In seltenen F\u00e4llen kann jedoch bei Patienten mit einer Phobie vor \u00f6rtlichercht. In sehr seltenen F\u00e4llen kann bei Patienten, die eine Phobie vor Lokalan\u00e4sthesie haben, eine vor\u00fcbergehende An\u00e4sthesie (Sedierung) angewendet werden.<\/p>\n\n\n\n<h2 class=\"wp-block-heading\">Zahnveneers Verfahrensschritte<\/h2>\n\n\n<div id=\"rank-math-howto\" class=\"rank-math-block\" >\n<div class=\"rank-math-howto-description\">\n\n<p>Die Phasen der Arbeit von werden in den folgenden Abschnitten ausf\u00fchrlich erl\u00e4utert, beginnend mit den ersten Schritten und endend mit den letzten Phasen des Verfahrens:<\/p>\n\n<\/div>\n<p class=\"rank-math-howto-duration\"><strong>Gesamtzeit:<\/strong> <span>7 Tage<\/span><\/p>\n<div class=\"rank-math-steps \">\n<div id=\"howto-step-1675342119837\" class=\"rank-math-step\">\n<h3 class=\"rank-math-step-title \">Vor dem Prozess<\/h3>\n<div class=\"rank-math-step-content \"><p>Dans un premier temps, le patient contacte l\u2019\u00e9quipe m\u00e9dicale de Turk Aesthetic. Le dentiste sp\u00e9cialis\u00e9 discute ensuite du cas et \u00e9labore un plan initial approximatif, qu\u2019il partage avec le patient. Lors de la visite du patient \u00e0 la clinique Turk Aesthetic, l\u2019\u00e9quipe recueille des informations personnelles et de sant\u00e9 importantes et prend des radiographies. Le dentiste \u00e9value ces informations pour s\u2019assurer que tout est pr\u00eat pour concevoir les facettes.<\/p>\n<\/div>\n<\/div>\n<div id=\"howto-step-1675342181352\" class=\"rank-math-step\">\n<h3 class=\"rank-math-step-title \">W\u00e4hrend des Prozesses<\/h3>\n<div class=\"rank-math-step-content \"><p>Le patient choisit le nombre de dents qu\u2019il souhaite obtenir. Ensuite, le dentiste pr\u00e9pare les dents et s\u00e9lectionne la couleur et la forme appropri\u00e9es. Le dentiste prend les tailles et les empreintes des dents et les envoie au laboratoire pour concevoir les lentilles.<\/p>\n<\/div>\n<\/div>\n<div id=\"howto-step-1675342194114\" class=\"rank-math-step\">\n<h3 class=\"rank-math-step-title \">Nach dem Prozess<\/h3>\n<div class=\"rank-math-step-content \"><p>Comme pour toute proc\u00e9dure, vous devez pr\u00eater autant que possible attention aux instructions qui vous sont donn\u00e9es par le dentiste et l\u2019\u00e9quipe de Turk Aesthetic pour obtenir les meilleurs r\u00e9sultats possibles. Si vous avez des questions suppl\u00e9mentaires, n\u2019h\u00e9sitez pas \u00e0 contacter le conseiller m\u00e9dical pour obtenir le soutien et les conseils n\u00e9cessaires.<\/p>\n<\/div>\n<\/div>\n<\/div>\n<\/div>\n<p class=\"rank-math-howto-estimatedCost\"><strong>Gesch\u00e4tzte Kosten:<\/strong> <span>190 EUR<\/span><\/p>\n\n\n\n\n\n<h3 class=\"wp-block-heading\">Vorher und nachher veneers<\/h3>\n\n\n\n<p>Hier einige Vorher-Nachher-Fotos von Zahn veneers in der <strong>Turk Aesthetic<\/strong>.<\/p>\n\n\n<style>.kb-gallery-id-14774_804048-12 .kadence-blocks-gallery-item .kb-gal-image-radius, .kb-gallery-id-14774_804048-12 .kb-slide-item .kb-gal-image-radius img{border-radius:0px 0px 0px 0px;;}.kb-gallery-wrap-id-14774_804048-12.wp-block-kadence-advancedgallery{overflow:visible;}.kb-gallery-wrap-id-14774_804048-12.wp-block-kadence-advancedgallery .kt-blocks-carousel{overflow:visible;}<\/style><div class=\"kb-gallery-wrap-id-14774_804048-12 alignnone wp-block-kadence-advancedgallery\"><div class=\"kb-gallery-ul kb-gallery-non-static kb-gallery-type-slider kb-gallery-id-14774_804048-12 kb-gallery-caption-style-bottom-hover kb-gallery-filter-none\" data-image-filter=\"none\" data-lightbox-caption=\"true\"><div class=\"kt-blocks-carousel splide kt-carousel-container-dotstyle-dark kt-carousel-arrowstyle-whiteondark kt-carousel-dotstyle-dark kb-slider-group-arrow kb-slider-arrow-position-center\" data-slider-anim-speed=\"400\" data-slider-scroll=\"1\" data-slider-arrows=\"true\" data-slider-fade=\"true\" data-slider-dots=\"true\" data-slider-type=\"slider\" data-slider-hover-pause=\"false\" data-slider-auto=\"\" data-slider-speed=\"7000\" data-show-pause-button=\"false\"><div class=\"splide__track\"><ul class=\"kt-blocks-carousel-init kb-blocks-slider splide__list\"><li class=\"kb-slide-item kb-gallery-slide-item splide__slide\"><div class=\"kadence-blocks-gallery-item\"><div class=\"kadence-blocks-gallery-item-inner\"><figure class=\"kb-gallery-figure kadence-blocks-gallery-item-hide-caption\"><div class=\"kb-gal-image-radius\"><div class=\"kb-gallery-image-contain kadence-blocks-gallery-intrinsic kb-gallery-image-ratio-land32 kb-has-image-ratio-land32\" ><img loading=\"lazy\" decoding=\"async\" src=\"https:\/\/www.turkaesthetic.com\/wp-content\/uploads\/2023\/11\/before-after-veneer-1.jpg\" width=\"1200\" height=\"800\" alt=\"vorher nachher Veneer\" data-full-image=\"https:\/\/www.turkaesthetic.com\/wp-content\/uploads\/2023\/11\/before-after-veneer-1.jpg\" data-light-image=\"https:\/\/www.turkaesthetic.com\/wp-content\/uploads\/2023\/11\/before-after-veneer-1.jpg\" data-id=\"46828\" class=\"wp-image-46828 skip-lazy\"\/><\/div><\/div><\/figure><\/div><\/div><\/li><li class=\"kb-slide-item kb-gallery-slide-item splide__slide\"><div class=\"kadence-blocks-gallery-item\"><div class=\"kadence-blocks-gallery-item-inner\"><figure class=\"kb-gallery-figure kadence-blocks-gallery-item-hide-caption\"><div class=\"kb-gal-image-radius\"><div class=\"kb-gallery-image-contain kadence-blocks-gallery-intrinsic kb-gallery-image-ratio-land32 kb-has-image-ratio-land32\" ><img loading=\"lazy\" decoding=\"async\" src=\"https:\/\/www.turkaesthetic.com\/wp-content\/uploads\/2023\/11\/before-after-veneer-2.jpg\" width=\"1200\" height=\"800\" alt=\"vorher nachher Veneer\" data-full-image=\"https:\/\/www.turkaesthetic.com\/wp-content\/uploads\/2023\/11\/before-after-veneer-2.jpg\" data-light-image=\"https:\/\/www.turkaesthetic.com\/wp-content\/uploads\/2023\/11\/before-after-veneer-2.jpg\" data-id=\"46837\" class=\"wp-image-46837 skip-lazy\"\/><\/div><\/div><\/figure><\/div><\/div><\/li><li class=\"kb-slide-item kb-gallery-slide-item splide__slide\"><div class=\"kadence-blocks-gallery-item\"><div class=\"kadence-blocks-gallery-item-inner\"><figure class=\"kb-gallery-figure kadence-blocks-gallery-item-hide-caption\"><div class=\"kb-gal-image-radius\"><div class=\"kb-gallery-image-contain kadence-blocks-gallery-intrinsic kb-gallery-image-ratio-land32 kb-has-image-ratio-land32\" ><img loading=\"lazy\" decoding=\"async\" src=\"https:\/\/www.turkaesthetic.com\/wp-content\/uploads\/2023\/11\/before-after-veneer-2-1.jpg\" width=\"1200\" height=\"800\" alt=\"vorher nachher Veneer\" data-full-image=\"https:\/\/www.turkaesthetic.com\/wp-content\/uploads\/2023\/11\/before-after-veneer-2-1.jpg\" data-light-image=\"https:\/\/www.turkaesthetic.com\/wp-content\/uploads\/2023\/11\/before-after-veneer-2-1.jpg\" data-id=\"47103\" class=\"wp-image-47103 skip-lazy\"\/><\/div><\/div><\/figure><\/div><\/div><\/li><li class=\"kb-slide-item kb-gallery-slide-item splide__slide\"><div class=\"kadence-blocks-gallery-item\"><div class=\"kadence-blocks-gallery-item-inner\"><figure class=\"kb-gallery-figure kadence-blocks-gallery-item-hide-caption\"><div class=\"kb-gal-image-radius\"><div class=\"kb-gallery-image-contain kadence-blocks-gallery-intrinsic kb-gallery-image-ratio-land32 kb-has-image-ratio-land32\" ><img loading=\"lazy\" decoding=\"async\" src=\"https:\/\/www.turkaesthetic.com\/wp-content\/uploads\/2023\/11\/before-after-veneer-3.jpg\" width=\"1200\" height=\"800\" alt=\"vorher nachher Veneer\" data-full-image=\"https:\/\/www.turkaesthetic.com\/wp-content\/uploads\/2023\/11\/before-after-veneer-3.jpg\" data-light-image=\"https:\/\/www.turkaesthetic.com\/wp-content\/uploads\/2023\/11\/before-after-veneer-3.jpg\" data-id=\"46855\" class=\"wp-image-46855 skip-lazy\"\/><\/div><\/div><\/figure><\/div><\/div><\/li><li class=\"kb-slide-item kb-gallery-slide-item splide__slide\"><div class=\"kadence-blocks-gallery-item\"><div class=\"kadence-blocks-gallery-item-inner\"><figure class=\"kb-gallery-figure kadence-blocks-gallery-item-hide-caption\"><div class=\"kb-gal-image-radius\"><div class=\"kb-gallery-image-contain kadence-blocks-gallery-intrinsic kb-gallery-image-ratio-land32 kb-has-image-ratio-land32\" ><img loading=\"lazy\" decoding=\"async\" src=\"https:\/\/www.turkaesthetic.com\/wp-content\/uploads\/2023\/11\/before-after-veneer-4.jpg\" width=\"1200\" height=\"800\" alt=\"vorher nachher Veneer\" data-full-image=\"https:\/\/www.turkaesthetic.com\/wp-content\/uploads\/2023\/11\/before-after-veneer-4.jpg\" data-light-image=\"https:\/\/www.turkaesthetic.com\/wp-content\/uploads\/2023\/11\/before-after-veneer-4.jpg\" data-id=\"46864\" class=\"wp-image-46864 skip-lazy\"\/><\/div><\/div><\/figure><\/div><\/div><\/li><\/ul><\/div><\/div><\/div><\/div>\n\n\n<h3 class=\"wp-block-heading\">Anweisungen zur Nachsorge<\/h3>\n\n\n\n<p>F\u00fcr jede Behandlung oder jedes kosmetische Verfahren gibt es spezielle Anweisungen f\u00fcr optimale Ergebnisse. Wir nennen die wichtigsten Anweisungen, die der Patient befolgen sollte:<\/p>\n\n\n\n<p>Befolgen Sie die Anweisungen des Zahnarztes und des Turk Aesthetic-Teams genau.<br>Vermeiden Sie in den ersten Tagen Nahrungsmittel und Getr\u00e4nke, die die Z\u00e4hne oder das Zahnfleisch empfindlich machen k\u00f6nnen.<br>Vermeiden Sie es, die Z\u00e4hne beim Essen oder in anderen F\u00e4llen grob zu beanspruchen.<br>Sie k\u00f6nnen auf die Sicherheit und Gesundheit Ihres Mundes achten, indem Sie regelm\u00e4\u00dfig zum Zahnarzt gehen.<br>T\u00e4gliche Zahnreinigung zu Hause.<\/p>\n\n\n\n<h4 class=\"wp-block-heading\">Vor- und Nachteile<\/h4>\n\n\n\n<p>Hier nennen wir die wichtigsten Vor- und Nachteile von Zahnveneers:<\/p>\n\n\n\n<h5 class=\"wp-block-heading\">Nachteile<\/h5>\n\n\n\n<p>Einer der wichtigsten Nachteile ist, dass Menschen, die Zahnlinsen tragen m\u00f6chten, unter Empfindlichkeit leiden k\u00f6nnen. Sie sollten beim Essen vorsichtig sein, da ein falscher Gebrauch dieser Linsen ihre Lebensdauer verk\u00fcrzen oder zu Br\u00fcchen f\u00fchren kann.<\/p>\n\n\n\n<h5 class=\"wp-block-heading\">Vorteile<\/h5>\n\n\n\n<p>Einer der wichtigsten Vorteile, die eine Person nach dem Anbringen von Veneers oder Zahnlinsen haben kann, ist die Beseitigung der unregelm\u00e4\u00dfigen Form der Z\u00e4hne und das Erreichen einer wei\u00dferen Farbe innerhalb k\u00fcrzester Zeit.<\/p>\n\n\n\n<h6 class=\"wp-block-heading\">Nebenwirkungen<\/h6>\n\n\n\n<p>Die Nebenwirkungen von Zahnlinsen sind einfach. Selten kann eine Empfindlichkeit des Zahnfleisches auftreten, die in den ersten Tagen verschwindet. In den ersten Tagen kann es auch zu R\u00f6tungen im Zahnfleischbereich oder einem leichten Juckreiz beim Essen oder Trinken kommen.<\/p>\n\n\n\n<h3 class=\"wp-block-heading\">Zahnveneers in der T\u00fcrkei, Istanbul<\/h3>\n\n\n\n<p>Heute ist die T\u00fcrkei, insbesondere Istanbul, eines der ber\u00fchmtesten Reiseziele f\u00fcr Touristen und Mediziner, und viele Menschen aus arabischen und europ\u00e4ischen L\u00e4ndern besuchen es entweder aus touristischen oder therapeutischen Gr\u00fcnden. Zahnbehandlungen im Allgemeinen und kosmetische Veneers im Besonderen z\u00e4hlen zu den bekanntesten Zahnbehandlungen, die in Zahnkliniken in der T\u00fcrkei, Istanbul, durchgef\u00fchrt werden.<\/p>\n\n\n\n<h3 class=\"wp-block-heading\">Kosten f\u00fcr Zahnveneers<\/h3>\n\n\n\n<p>Die <strong><a href=\"https:\/\/www.turkaesthetic.com\/de\/dentistry-de\/veneer-cost\/\" target=\"_blank\" data-type=\"link\" data-id=\"https:\/\/www.turkaesthetic.com\/de\/dentistry-de\/veneer-cost\/\" rel=\"noreferrer noopener\">Kosten f\u00fcr Veneers<\/a><\/strong> werden von mehreren Faktoren bestimmt, von denen die wichtigsten sind:<\/p>\n\n\n\n<p>Z\u00e4hnezahl.<br>Die Qualit\u00e4t.<br>Die Erfahrung des Arztes.<br>Der Ruf des Krankenhauses oder der Klinik.<br>Die im Rahmen des Behandlungspakets erbrachten Leistungen.<br>Die Kosten sind im Vergleich zu den Preisen in anderen arabischen und ausl\u00e4ndischen L\u00e4ndern f\u00fcr viele Menschen erschwinglich. Bei <strong>Turk Aesthetic<\/strong> betragen die Kosten pro Zahn 190 Euro.s Segment von Menschen geeignet. Bei Turk Aesthetic betragen die Kosten pro Verblendzahn 190 Euro.<\/p>\n\n\n\n<h2 class=\"wp-block-heading\">H\u00e4ufig gestellte Fragen<\/h2>\n\n\n<div id=\"rank-math-faq\" class=\"rank-math-block\">\n<div class=\"rank-math-list \">\n<div id=\"faq-question-1725102776382\" class=\"rank-math-list-item\">\n<h3 class=\"rank-math-question \">Wie viel kosten Zahnveneers?<\/h3>\n<div class=\"rank-math-answer \">\n\n<p>Die Kosten betragen im Durchschnitt 190 Euro pro Zahn.<\/p>\n\n<\/div>\n<\/div>\n<div id=\"faq-question-1725102778931\" class=\"rank-math-list-item\">\n<h3 class=\"rank-math-question \">Wie lange halten die Ergebnisse?<\/h3>\n<div class=\"rank-math-answer \">\n\n<p>Sie halten mindestens 10 Jahre.<\/p>\n\n<\/div>\n<\/div>\n<div id=\"faq-question-1725102782901\" class=\"rank-math-list-item\">\n<h3 class=\"rank-math-question \">Was ist der Unterschied zwischen Zahnveneers und Zahnkronen?<\/h3>\n<div class=\"rank-math-answer \">\n\n<p>Der Unterschied zwischen Zahnveneers und Zahnkronen besteht darin, dass es sich bei Zahnveneers um winzige Linsen handelt, die auf der Au\u00dfenfl\u00e4che der Z\u00e4hne angebracht werden. Zahnkronen hingegen bedecken die Z\u00e4hne vollst\u00e4ndig mit Zirkon- oder Keramikmaterialien.<\/p>\n\n<\/div>\n<\/div>\n<div id=\"faq-question-1725102787317\" class=\"rank-math-list-item\">\n<h3 class=\"rank-math-question \">Aus welchem \u200b\u200bMaterial werden Zahnlinsen hergestellt?<\/h3>\n<div class=\"rank-math-answer \">\n\n<p>Deutscher Zirkon und amerikanisches Emax sind die bekanntesten Materialien f\u00fcr Zahnlinsen.<\/p>\n\n<\/div>\n<\/div>\n<div id=\"faq-question-1725102793300\" class=\"rank-math-list-item\">\n<h3 class=\"rank-math-question \">Werden Z\u00e4hne f\u00fcr Zahnveneers gefeilt?<\/h3>\n<div class=\"rank-math-answer \">\n\n<p>Z\u00e4hne werden vor dem Anbringen der Zahnveneers leicht gefeilt.<\/p>\n\n<\/div>\n<\/div>\n<div id=\"faq-question-1725102798613\" class=\"rank-math-list-item\">\n<h3 class=\"rank-math-question \">Wie lange dauert die Behandlung?<\/h3>\n<div class=\"rank-math-answer \">\n\n<p>Ungef\u00e4hr sieben Tage<\/p>\n\n<\/div>\n<\/div>\n<\/div>\n<\/div>\n\n\n<p>Schlie\u00dflich k\u00f6nnen Sie unser Team direkt \u00fcber den Link\u00a0<a href=\"https:\/\/www.turkaesthetic.com\/de\/contact-us\/\" target=\"_blank\" data-type=\"link\" data-id=\"https:\/\/www.turkaesthetic.com\/de\/contact-us\/\" rel=\"noreferrer noopener\"><strong>kontaktieren<\/strong><\/a>, um Informationen und Preise von\u00a0<a href=\"https:\/\/www.youtube.com\/channel\/UC0zggzdm5CFwpRMmn_CPpFQ\" target=\"_blank\" rel=\"noreferrer noopener\"><strong>Turk Aesthetic<\/strong><\/a>\u00a0anzufordern.<a href=\"http:\/\/turkaesthetic.com\/de\/non-surgical-de\/cheek-filler\/\"><\/a><\/p>\n","protected":false},"excerpt":{"rendered":"<p>Zahnveneers gelten als eine der wichtigsten kosmetischen Optionen in der Zahn\u00e4sthetik, um ein perfektes L\u00e4cheln zu erreichen. Sie geh\u00f6ren zur Kategorie der kosmetischen Schalen und werden nach leichtem Feilen der Zahnoberfl\u00e4che auf die Z\u00e4hne aufgebracht. Der Begriff \u201eVeneer\u201c stammt aus dem Englischen und bedeutet \u201eSchalen\u201c. An\u00e4sthesie Lokal Prozessdauer 2 Stunden Ergebnisse Sofort &#8211; 10 Jahre [&hellip;]<\/p>\n","protected":false},"author":1,"featured_media":14775,"parent":0,"menu_order":0,"comment_status":"closed","ping_status":"closed","template":"","meta":{"footnotes":""},"dep":[1356],"class_list":["post-14774","page","type-page","status-publish","has-post-thumbnail","hentry","dep-cosmetic-dentistry"],"_links":{"self":[{"href":"https:\/\/www.turkaesthetic.com\/de\/wp-json\/wp\/v2\/pages\/14774","targetHints":{"allow":["GET"]}}],"collection":[{"href":"https:\/\/www.turkaesthetic.com\/de\/wp-json\/wp\/v2\/pages"}],"about":[{"href":"https:\/\/www.turkaesthetic.com\/de\/wp-json\/wp\/v2\/types\/page"}],"author":[{"embeddable":true,"href":"https:\/\/www.turkaesthetic.com\/de\/wp-json\/wp\/v2\/users\/1"}],"replies":[{"embeddable":true,"href":"https:\/\/www.turkaesthetic.com\/de\/wp-json\/wp\/v2\/comments?post=14774"}],"version-history":[{"count":0,"href":"https:\/\/www.turkaesthetic.com\/de\/wp-json\/wp\/v2\/pages\/14774\/revisions"}],"wp:featuredmedia":[{"embeddable":true,"href":"https:\/\/www.turkaesthetic.com\/de\/wp-json\/wp\/v2\/media\/14775"}],"wp:attachment":[{"href":"https:\/\/www.turkaesthetic.com\/de\/wp-json\/wp\/v2\/media?parent=14774"}],"wp:term":[{"taxonomy":"dep","embeddable":true,"href":"https:\/\/www.turkaesthetic.com\/de\/wp-json\/wp\/v2\/dep?post=14774"}],"curies":[{"name":"wp","href":"https:\/\/api.w.org\/{rel}","templated":true}]}}