{"id":14624,"date":"2022-01-27T13:25:46","date_gmt":"2022-01-27T13:25:46","guid":{"rendered":"http:\/\/turkaesthetic.com\/gastric-sleeve-2\/"},"modified":"2023-09-05T00:30:25","modified_gmt":"2023-09-05T00:30:25","slug":"gastric-sleeve","status":"publish","type":"page","link":"https:\/\/www.turkaesthetic.com\/de\/gastric-sleeve\/","title":{"rendered":"Magenverkleinerung in Der T\u00fcrkei"},"content":{"rendered":"\n<p>Magenverkleinerung in der T\u00fcrkei ist ein Verfahren, bei dem ein Teil des <a href=\"https:\/\/de.wikipedia.org\/wiki\/Magen\" data-type=\"URL\" data-id=\"https:\/\/de.wikipedia.org\/wiki\/Magen\" target=\"_blank\" rel=\"noreferrer noopener\">Magens <\/a>durchtrennt wird, um seine Gr\u00f6\u00dfe zu reduzieren. Infolgedessen ist es nicht erlaubt, die gleiche Menge an Nahrung zu sich zu nehmen, die der Patient vor der Operation zu sich genommen hat, da die Gr\u00f6\u00dfe des Magens klein geworden ist und die gro\u00dfe Menge an Nahrung, die er zuvor zu sich genommen hat, nicht mehr aufnehmen kann V\u00f6llegef\u00fchl durch das Essen Nur eine kleine Menge Nahrung, so dass der Patient nach dem Eingriff allm\u00e4hlich einen gro\u00dfen Teil seines Gewichts verliert.<\/p>\n\n\n\n<p>Es ist erw\u00e4hnenswert, dass das Schlauchmagen-Verfahren eine radikale und dauerhafte L\u00f6sung f\u00fcr <a href=\"http:\/\/turkaesthetic.com\/de\/obesity-treatment\/\" data-type=\"URL\" data-id=\"http:\/\/turkaesthetic.com\/de\/obesity-treatment\/\" target=\"_blank\" rel=\"noreferrer noopener\">Fettleibigkeit <\/a>ist und was aus dem Magen geschnitten wurde, kann nicht zur\u00fcckgegeben werden. Hier einige kurze Informationen zum Schlauchmagen:<\/p>\n\n\n\n<figure class=\"wp-block-table\"><table><tbody><tr><td>An\u00e4sthesie<\/td><td>Allgemein<\/td><\/tr><tr><td>Prozessdauer<\/td><td>3 Stunden<\/td><\/tr><tr><td>Prozesszweck<\/td><td>Abnehmen<\/td><\/tr><tr><td>Ergebnisse<\/td><td>Allm\u00e4hliches Fasten &#8211; H\u00e4lt ein Leben lang<\/td><\/tr><tr><td>Rekonvaleszenz<\/td><td>2 Wochen<\/td><\/tr><tr><td>Kosten in der t\u00fcrkischen \u00c4sthetik<\/td><td>4500 &#8211; 5000 euro<\/td><\/tr><\/tbody><\/table><figcaption class=\"wp-element-caption\">Magenverkleinerung in Der T\u00fcrkei<\/figcaption><\/figure>\n\n\n\n<h2 class=\"wp-block-heading\">Wie wird die Magenverkleinerung in Der T\u00fcrkei durchgef\u00fchrt?<\/h2>\n\n\n\n<p>Die Schlauchmagenresektion zur Gewichtsreduktion ist ein funktionsmindernder Eingriff des Magens und dauert etwa zwei bis drei Stunden unter Vollnarkose. Dies kann durch eine traditionelle <a href=\"http:\/\/turkaesthetic.com\/de\/plastic-surgeries\/\" data-type=\"URL\" data-id=\"http:\/\/turkaesthetic.com\/de\/plastic-surgeries\/\" target=\"_blank\" rel=\"noreferrer noopener\">Operation<\/a> oder durch Endoskopie erfolgen, was die beste Option ist.<\/p>\n\n\n\n<p>Nach dem Verlust eines Teils des Magens ist die Kapazit\u00e4t des Magens auf die H\u00e4lfte oder ein Viertel reduziert, was bedeutet, dass der Patient nach dem Magenband-Eingriff nicht die gleiche Menge an Nahrung zu sich nehmen kann. Ein abgeschnittener Teil des Magens f\u00fchrt auch zu einer Abnahme der Menge des vom Magen ausgesch\u00fctteten Hungerhormons, was bedeutet, dass sich die Person nicht satt f\u00fchlt, wenn sie nur eine kleine Menge Nahrung zu sich nimmt, aber auch keinen h\u00e4ufigen Hunger versp\u00fcrt ein Ergebnis der Abnahme der Sekretion dieses Hormons.<\/p>\n\n\n\n<h2 class=\"wp-block-heading\">Magenverkleinerung in Der T\u00fcrkei video<\/h2>\n\n\n\n<p>Ein Video, das die Methode der Magenverkleinerung in Der T\u00fcrkei , zeigt.<\/p>\n\n\n\n<h2 class=\"wp-block-heading\">Wer kann in der T\u00fcrkei einen Schlauchmagen machen?<\/h2>\n\n\n\n<ul class=\"wp-block-list\">\n<li>Menschen, die 20 bis 60 Kilo abnehmen m\u00f6chten.<\/li>\n\n\n\n<li>Diejenigen, die mit traditionellen Methoden nicht abnehmen k\u00f6nnen.<\/li>\n\n\n\n<li>F\u00fcr alle, die durch \u00dcbergewicht unter Wirbels\u00e4ulen- und Knochenschmerzen leiden<\/li>\n\n\n\n<li>Menschen, die unter einigen mit Fettleibigkeit verbundenen Problemen wie Atemnot und Typ-2-Diabetes leiden, ist die Option einer Magenbandage f\u00fcr sie sehr geeignet.<\/li>\n\n\n\n<li>Diejenigen, die an Magengeschw\u00fcren leiden, k\u00f6nnen ihren Zustand f\u00fcr eine Magenmanschette und die Beseitigung des geschw\u00fcrverursachenden Teils des Magens geeignet machen.<\/li>\n<\/ul>\n\n\n\n<h2 class=\"wp-block-heading\">Wer kann keinen Schlauchmagen machen?<\/h2>\n\n\n\n<ul class=\"wp-block-list\">\n<li>F\u00fcr Personen unter 18 Jahren (kann gemacht werden, aber nicht bevorzugt)<\/li>\n\n\n\n<li>Patienten mit fortgeschrittener oder ansteckender chronischer Erkrankung.<\/li>\n\n\n\n<li>Menschen, die unter einfachem \u00dcbergewicht leiden, brauchen keine radikale L\u00f6sung wie einen Schlauchmagen.<\/li>\n\n\n\n<li>Die Magenmanschette kann nicht als L\u00f6sung f\u00fcr diejenigen angesehen werden, die an \u00fcbersch\u00fcssigem Fett im K\u00f6rper leiden, die Manschette entfernt kein Fett, sondern hilft nur beim Abnehmen.<\/li>\n<\/ul>\n\n\n\n<h2 class=\"wp-block-heading\">Der Arzt, der die Magenverkleinerung in Der T\u00fcrkei durchf\u00fchrt<\/h2>\n\n\n\n<p>Schlauchmagen ist ein chirurgischer Eingriff, der von erfahrenen Adipositas-\u00c4rzten und einer Abteilung f\u00fcr allgemeine Chirurgie durchgef\u00fchrt wird. Kein Arzt anderer Fachrichtungen kann diese Art von Operation durchf\u00fchren. Das Zentrum muss zuverl\u00e4ssig sein und \u00fcber eine hochsterile klinische Umgebung verf\u00fcgen, und ein hochqualifizierter Arzt ist alles, was bei der Auswahl eines Krankenhauses oder medizinischen Zentrums zu ber\u00fccksichtigen ist.<\/p>\n\n\n\n<h2 class=\"wp-block-heading\">An\u00e4sthesiearten, die bei Schlauchmagenoperationen verwendet werden<\/h2>\n\n\n\n<p>Die Schlauchmagenentfernung kann unter Vollnarkose des K\u00f6rpers durchgef\u00fchrt werden. Der Patient muss 6 Stunden vor der Operation aufh\u00f6ren zu essen und zu trinken, um ein unangenehmes Magengef\u00fchl nach dem Aufwachen von der Operation zu vermeiden. Bei Vollnarkose bleibt der Patient ein bis zwei N\u00e4chte im Krankenhaus.<\/p>\n\n\n\n<h2 class=\"wp-block-heading\">Magenverkleinerung in Der T\u00fcrkei<\/h2>\n\n\n<div id=\"rank-math-howto\" class=\"rank-math-block\" >\n<div class=\"rank-math-howto-description\">\n\n<p>Der Magenverkleinerung in Der T\u00fcrkei durchl\u00e4uft wie bei anderen Operationen drei Phasen:<\/p>\n\n<\/div>\n<p class=\"rank-math-howto-duration\"><strong>Gesamtzeit:<\/strong> <span>3 Stunden<\/span><\/p>\n<div class=\"rank-math-steps \">\n<div id=\"howto-step-1675625314389\" class=\"rank-math-step\">\n<h3 class=\"rank-math-step-title \"><strong>Vor der Operation<\/strong><\/h3>\n<div class=\"rank-math-step-content \"><img loading=\"lazy\" decoding=\"async\" width=\"1024\" height=\"682\" src=\"https:\/\/www.turkaesthetic.com\/wp-content\/uploads\/2022\/01\/befor-Gastric-Balloon.webp\" class=\"attachment-full size-full\" alt=\"Magen Botox in der istanbul\" \/><p>Nachdem sich der Patient f\u00fcr das Verfahren entschieden hat, muss er sich vor dem Verfahren an einige neue Gewohnheiten halten. Die wichtigsten dieser Gewohnheiten sind:<br \/>Reduzieren Sie die Nahrung schrittweise, damit der K\u00f6rper seinen Anteil an dem, was verloren geht, ersetzt.<br \/>Bewegung und \u00dcbung.<br \/>Der Arzt muss \u00fcber die von ihm angewendeten Arzneimittel oder etwaige gesundheitliche Symptome informiert werden.<br \/>Sie sollten dem Arzt mitteilen, wenn Sie gegen ein bestimmtes Arzneimittel oder eine bestimmte Substanz allergisch sind.<br \/>Wenn Sie unter Magenproblemen oder Erkrankungen der Speiser\u00f6hre leiden, sollten Sie unbedingt Ihren Arzt benachrichtigen.<br \/>Um unerw\u00fcnschte Komplikationen zu vermeiden, sollten Sie Blutverd\u00fcnner eine Woche vor dem Eingriff absetzen.<br \/>Beenden Sie eine Woche vor dem Eingriff das Rauchen und den Alkohol.<br \/>Der Arzt f\u00fchrt vor dem Eingriff eine Sigmoidoskopie durch, um die Gesundheit des Magens zu \u00fcberpr\u00fcfen.<\/p>\n<\/div>\n<\/div>\n<div id=\"howto-step-1675625348642\" class=\"rank-math-step\">\n<h3 class=\"rank-math-step-title \"><strong>W\u00e4hrend der Operation<\/strong><\/h3>\n<div class=\"rank-math-step-content \"><p>Magenverkleinerung in Der T\u00fcrkei Es ist erw\u00e4hnenswert, dass die Schlauchmagen-Operation chirurgisch oder endoskopisch erfolgen kann, und in beiden F\u00e4llen erh\u00e4lt der K\u00f6rper eine Vollnarkose<br \/>Das chirurgische Verfahren ist das \u00fcbliche, aber es wird nicht bevorzugt, da es Operationsnarben hinterl\u00e4sst, die eine weitere plastische Operation erfordern. Das laparoskopische Verfahren wird durch winzige Einschnitte durchgef\u00fchrt, um das Endoskop einzuf\u00fchren und das Verfahren ohne die Notwendigkeit einer Operation oder anderer Komplikationen abzuschlie\u00dfen. Nur der Arzt entscheidet letztendlich, wie der Eingriff im Einzelfall durchgef\u00fchrt wird. Der Schnitt erfolgt in der Regel l\u00e4ngs von der Pylorusregion und endet unten.<\/p>\n<\/div>\n<\/div>\n<div id=\"howto-step-1675625360956\" class=\"rank-math-step\">\n<h3 class=\"rank-math-step-title \"><strong>Nach der Operation<\/strong><\/h3>\n<div class=\"rank-math-step-content \"><img loading=\"lazy\" decoding=\"async\" width=\"1024\" height=\"682\" src=\"https:\/\/www.turkaesthetic.com\/wp-content\/uploads\/2022\/01\/after-Gastric-Balloon.webp\" class=\"attachment-full size-full\" alt=\"Magenverkleinerung in Der T\u00fcrkei\" \/><p>Nach der Operation bleibt der Patient zwei Tage im Krankenhaus, in denen er einen Lebensabschnitt mit einer neuen Routine und Gewohnheiten beginnt, die mit einigen Schmerzen beginnen, die m\u00f6glicherweise eine Woche anhalten und durch Schmerzmittel beseitigt werden k\u00f6nnen. Bewegung und Anstrengung m\u00fcssen vermieden werden, da dies die Erholungsphase verl\u00e4ngert, insbesondere wenn der Eingriff chirurgisch und nicht durch ein Endoskop erfolgt; Der Patient kann nach dem Essen Schmerzen versp\u00fcren, aber er muss sich eine Weile gedulden, um sich an die neue Ern\u00e4hrung zu gew\u00f6hnen. Die Futtermenge sollte vor allem im ersten Monat reduziert werden. In der ersten Woche sollten Sie sich nur an leichte Kost, Suppe und Gem\u00fcse halten.<\/p>\n<\/div>\n<\/div>\n<\/div>\n<\/div>\n\n\n\n\n\n\n<h2 class=\"wp-block-heading\">Anleitung zur Magenschlauch-Nachsorge<\/h2>\n\n\n\n<ul class=\"wp-block-list\">\n<li>Beginnen Sie 4-6 Stunden nach der Operation mit dem Essen und Trinken.<\/li>\n\n\n\n<li>Verzichten Sie im ersten Monat auf feste Nahrung.<\/li>\n\n\n\n<li>Nach einem Magenbypass m\u00fcssen Sie das vom Arzt verordnete Di\u00e4tprogramm befolgen.<\/li>\n\n\n\n<li>Vermeiden Sie den Verzehr von fett- und kohlenhydrathaltigen Speisen und s\u00e4urehaltigen Getr\u00e4nken.<\/li>\n\n\n\n<li>Halten Sie sich von Zigaretten, Wasserpfeifen und Alkohol fern.<\/li>\n\n\n\n<li>Vollst\u00e4ndige Einhaltung aller Anweisungen des Arztes.<\/li>\n<\/ul>\n\n\n\n<h3 class=\"wp-block-heading\">Vor- und Nachteile des Schlauchmagens<\/h3>\n\n\n\n<h4 class=\"wp-block-heading\">Vorteile Magenverkleinerung in Der T\u00fcrkei<\/h4>\n\n\n\n<ul class=\"wp-block-list\">\n<li>Der Schlauchmagen-Eingriff ist eine radikale L\u00f6sung, um \u00dcbergewicht loszuwerden, an dem alle traditionellen L\u00f6sungen und Versuche, es loszuwerden, gescheitert sind.<\/li>\n\n\n\n<li>Mit der Magenmanschette wird der Patient die mit \u00dcbergewicht verbundenen Probleme los, von denen die wichtigsten Knochen- und Wirbels\u00e4ulenschmerzen, Atemnot und Erm\u00fcdung bei jeder einfachen Bewegung sind.<\/li>\n\n\n\n<li>Der Patient erh\u00e4lt eine schnelle schrittweise Formung zu einem schlanken und gesunden K\u00f6rper.<\/li>\n\n\n\n<li>Befreien Sie sich von Faulheit und Bewegungsmangel.<\/li>\n\n\n\n<li>Selbstvertrauen und das Tragen der Kleidung, von der er getr\u00e4umt hat, bevor er abgenommen hat.<\/li>\n<\/ul>\n\n\n\n<h4 class=\"wp-block-heading\">M\u00e4ngel<\/h4>\n\n\n\n<p>Nach dem Eingriff kann es mit einem Gef\u00fchl der Depression einhergehen, einen neuen Lebensstil und eine neue Routine anzunehmen, aber er gew\u00f6hnt sich schnell daran. Eine R\u00fcckg\u00e4ngigmachung des Magenbypass-Verfahrens im Laufe der Zeit ist bei Reue nicht m\u00f6glich.<\/p>\n\n\n\n<h4 class=\"wp-block-heading\">Nebenwirkungen nach Magenverkleinerung in Der T\u00fcrkei<\/h4>\n\n\n\n<p>Magenbeschwerden, \u00dcbelkeit und Erbrechen nach dem Essen, besonders in der ersten Periode.<\/p>\n\n\n\n<p>Postoperative Depressionen treten bei dieser Art von Operation h\u00e4ufig auf.<\/p>\n\n\n\n<h2 class=\"wp-block-heading\">Magenverkleinerung in Der T\u00fcrkei &#8211; Istanbul<\/h2>\n\n\n\n<p>Die T\u00fcrkei im Allgemeinen und Istanbul im Besonderen ist das Ziel vieler Touristen, die die T\u00fcrkei wegen ihrer vielen Vorteile wie den vielen Optionen, dem Fachwissen der \u00c4rzte und der Qualit\u00e4t der Gesundheitsversorgung gleichzeitig zur Behandlung und zum Tourismus besuchen. Die Schlauchmagenentfernung ist eine der wichtigsten verf\u00fcgbaren Optionen zur Gewichtsreduktion in der T\u00fcrkei und kostet je nach Zentrum und Einzelheiten der Operation zwischen 4500 und 5500 Euro.<\/p>\n\n\n\n<h3 class=\"wp-block-heading\">Kosten einer Magenverkleinerung in Der T\u00fcrkei- Istanbul<\/h3>\n\n\n\n<p>Die Kosten f\u00fcr Magenverkleinerung in Der T\u00fcrkei variieren von Ort zu Ort nach mehreren Faktoren:<\/p>\n\n\n\n<ul class=\"wp-block-list\">\n<li>Medizinisches Zentrum oder Krankenhaus.<\/li>\n\n\n\n<li>Erfahrung des Arztes.<\/li>\n\n\n\n<li>Die Art der Schlauchmagen ist chirurgisch oder laparoskopisch<\/li>\n\n\n\n<li>Zus\u00e4tzliche Dienstleistungen, da einige Zentren Pakete anbieten, die Behandlung, Unterkunft und Transport beinhalten.<\/li>\n<\/ul>\n\n\n\n<p>Bei Turk Aesthetic Istanbul liegen die Kosten f\u00fcr die Magenverkleinerung in Der T\u00fcrkei zwischen 4500 und 5500 Euro.<\/p>\n\n\n\n<p>Sie k\u00f6nnen das Team von Turk Aesthetic auf der Kontaktseite kontaktieren, um die Kosten f\u00fcr das Behandlungspaket mit Unterkunft und Transport zu erfragen.<\/p>\n\n\n\n<h2 class=\"wp-block-heading\">FAQ &#8211; Magenverkleinerung in Der T\u00fcrkei<\/h2>\n\n\n<div id=\"rank-math-faq\" class=\"rank-math-block\">\n<div class=\"rank-math-list \">\n<div id=\"faq-question-1675625469904\" class=\"rank-math-list-item\">\n<h3 class=\"rank-math-question \"><strong>Welchen Zweck hat ein Schlauchmagen?<\/strong><\/h3>\n<div class=\"rank-math-answer \">\n\n<p>Das Ziel des Magenverkleinerung in Der T\u00fcrkei ist es, \u00dcbergewicht zu verlieren und einen fitteren K\u00f6rper zu bekommen.<\/p>\n\n<\/div>\n<\/div>\n<div id=\"faq-question-1675625475108\" class=\"rank-math-list-item\">\n<h3 class=\"rank-math-question \"><strong>Wer kann den Schlauchmagen durchf\u00fchren?<\/strong><\/h3>\n<div class=\"rank-math-answer \">\n\n<p>Alle, die \u00dcbergewicht haben und es auf keine Weise geschafft haben, es loszuwerden, sowie alle, die unter Problemen im Zusammenhang mit \u00dcbergewicht leiden.<\/p>\n\n<\/div>\n<\/div>\n<div id=\"faq-question-1675625483798\" class=\"rank-math-list-item\">\n<h3 class=\"rank-math-question \"><strong>Wie lange dauert eine Magenverkleinerung in Der T\u00fcrkei?<\/strong><\/h3>\n<div class=\"rank-math-answer \">\n\n<p>Der Schlauchmagen-Eingriff dauert etwa zwei bis drei Stunden.<\/p>\n\n<\/div>\n<\/div>\n<div id=\"faq-question-1675625496236\" class=\"rank-math-list-item\">\n<h3 class=\"rank-math-question \"><strong>Ist Schlauchmagen ein schwieriger oder gef\u00e4hrlicher Eingriff?<\/strong><\/h3>\n<div class=\"rank-math-answer \">\n\n<p>Der Schlauchmagen gilt als radikale und irreversible L\u00f6sung mit schnellen, schrittweisen Ergebnissen. Andererseits gilt es im Vergleich zum Ballon als komplizierter Eingriff.<\/p>\n\n<\/div>\n<\/div>\n<div id=\"faq-question-1675625511047\" class=\"rank-math-list-item\">\n<h3 class=\"rank-math-question \"><strong>Wie viel Gewicht kann ich mit einem Schlauchmagen verlieren?<\/strong><\/h3>\n<div class=\"rank-math-answer \">\n\n<p>Etwa 30 &#8211; 70 Kilo.<\/p>\n\n<\/div>\n<\/div>\n<div id=\"faq-question-1675625527644\" class=\"rank-math-list-item\">\n<h3 class=\"rank-math-question \"><strong>Wann beginnt der Schlauchmagen-Eingriff?<\/strong><\/h3>\n<div class=\"rank-math-answer \">\n\n<p>Die Ergebnisse beginnen allm\u00e4hlich und innerhalb eines Monats ist der Unterschied schnell sichtbar.<\/p>\n\n<\/div>\n<\/div>\n<div id=\"faq-question-1675625555440\" class=\"rank-math-list-item\">\n<h3 class=\"rank-math-question \"><strong>Ist die Schlauchmagen-Operation schmerzhaft?<\/strong><\/h3>\n<div class=\"rank-math-answer \">\n\n<p>Der Patient versp\u00fcrt w\u00e4hrend der Schlauchmagen-Operation dank der vollst\u00e4ndigen Bet\u00e4ubung des K\u00f6rpers keine Schmerzen, aber nach dem Eingriff kann er Schmerzen versp\u00fcren, die mit Analgetika \u00fcberwunden werden k\u00f6nnen.<\/p>\n\n<\/div>\n<\/div>\n<div id=\"faq-question-1675625569405\" class=\"rank-math-list-item\">\n<h3 class=\"rank-math-question \"><strong>Darf man nach einer Schlauchmagen-OP Softdrinks trinken?<\/strong><\/h3>\n<div class=\"rank-math-answer \">\n\n<p>\u00c4rzte empfehlen nicht, Erfrischungsgetr\u00e4nke als Fl\u00fcssigkeitsquelle f\u00fcr den K\u00f6rper zu verwenden, sondern sich nur auf Wasser und nat\u00fcrliche S\u00e4fte zu verlassen.<\/p>\n\n<\/div>\n<\/div>\n<\/div>\n<\/div>\n\n\n<p>Schlie\u00dflich k\u00f6nnen Sie unser Team direkt \u00fcber den Link&nbsp;<a href=\"http:\/\/turkaesthetic.com\/de\/contact-us\/\" target=\"_blank\" rel=\"noreferrer noopener\">kontaktieren<\/a>, um Informationen und Preise von&nbsp;<a href=\"https:\/\/www.youtube.com\/channel\/UC0zggzdm5CFwpRMmn_CPpFQ\" target=\"_blank\" rel=\"noreferrer noopener\">Turk Aesthetic<\/a>&nbsp;anzufordern.<a href=\"http:\/\/turkaesthetic.com\/de\/non-surgical-de\/lip-filler\/\"><\/a><\/p>\n","protected":false},"excerpt":{"rendered":"<p>Magenverkleinerung in der T\u00fcrkei ist ein Verfahren, bei dem ein Teil des Magens durchtrennt wird, um seine Gr\u00f6\u00dfe zu reduzieren. Infolgedessen ist es nicht erlaubt, die gleiche Menge an Nahrung zu sich zu nehmen, die der Patient vor der Operation zu sich genommen hat, da die Gr\u00f6\u00dfe des Magens klein geworden ist und die gro\u00dfe [&hellip;]<\/p>\n","protected":false},"author":1,"featured_media":20907,"parent":0,"menu_order":0,"comment_status":"closed","ping_status":"closed","template":"","meta":{"footnotes":""},"dep":[1357],"class_list":["post-14624","page","type-page","status-publish","has-post-thumbnail","hentry","dep-treatment"],"_links":{"self":[{"href":"https:\/\/www.turkaesthetic.com\/de\/wp-json\/wp\/v2\/pages\/14624","targetHints":{"allow":["GET"]}}],"collection":[{"href":"https:\/\/www.turkaesthetic.com\/de\/wp-json\/wp\/v2\/pages"}],"about":[{"href":"https:\/\/www.turkaesthetic.com\/de\/wp-json\/wp\/v2\/types\/page"}],"author":[{"embeddable":true,"href":"https:\/\/www.turkaesthetic.com\/de\/wp-json\/wp\/v2\/users\/1"}],"replies":[{"embeddable":true,"href":"https:\/\/www.turkaesthetic.com\/de\/wp-json\/wp\/v2\/comments?post=14624"}],"version-history":[{"count":0,"href":"https:\/\/www.turkaesthetic.com\/de\/wp-json\/wp\/v2\/pages\/14624\/revisions"}],"wp:featuredmedia":[{"embeddable":true,"href":"https:\/\/www.turkaesthetic.com\/de\/wp-json\/wp\/v2\/media\/20907"}],"wp:attachment":[{"href":"https:\/\/www.turkaesthetic.com\/de\/wp-json\/wp\/v2\/media?parent=14624"}],"wp:term":[{"taxonomy":"dep","embeddable":true,"href":"https:\/\/www.turkaesthetic.com\/de\/wp-json\/wp\/v2\/dep?post=14624"}],"curies":[{"name":"wp","href":"https:\/\/api.w.org\/{rel}","templated":true}]}}