{"id":14032,"date":"2022-01-28T13:00:25","date_gmt":"2022-01-28T10:00:25","guid":{"rendered":"http:\/\/turkaesthetic.com\/clitoris-aesthetics\/"},"modified":"2025-03-27T15:56:37","modified_gmt":"2025-03-27T12:56:37","slug":"clitoris-aesthetics","status":"publish","type":"page","link":"https:\/\/www.turkaesthetic.com\/de\/clitoris-aesthetics\/","title":{"rendered":"Klitorismantelstraffung"},"content":{"rendered":"\n<p>Die <strong>Klitorismantelstraffung<\/strong> z\u00e4hlt zu den bekanntesten plastischen Operationen im Bereich der weiblichen Geschlechtsorgane. Die Klitoris ist ein kleines, erektiles Organ im vorderen Bereich der weiblichen Genitalien.<\/p>\n\n\n\n<p>Obwohl sie unbedeutend erscheinen mag, spielt die Klitoris eine wichtige Rolle f\u00fcr die weibliche Erregung und Lust. Probleme in diesem Bereich k\u00f6nnen die Lustf\u00e4higkeit einer Frau beeintr\u00e4chtigen und Korrekturma\u00dfnahmen erforderlich machen, um den vollen Genuss beim Geschlechtsverkehr wiederherzustellen. Dar\u00fcber hinaus kann ein unsachgem\u00e4\u00dfer chirurgischer Eingriff in diesem Bereich zu psychischen Belastungen f\u00fchren.<\/p>\n\n\n\n<figure class=\"wp-block-table\"><table><tbody><tr><td>An\u00e4sthesie<\/td><td>Allgemein &#8211; Lokal<\/td><\/tr><tr><td>Verfahrensdauer<\/td><td>1 &#8211; 2 Stunden<\/td><\/tr><tr><td>Ergebnisse<\/td><td>Sofort &#8211; Lebenszeit<\/td><\/tr><tr><td>Rekonvaleszenz<\/td><td>Keine Notwendigkeit, aber Geschlechtsverkehr nach Monat<\/td><\/tr><tr><td>Operations Zweck<\/td><td>\u00c4sthetisch mit steigendem sexuellen Vergn\u00fcgen<\/td><\/tr><\/tbody><\/table><figcaption class=\"wp-element-caption\">Klitorismantelstraffung<\/figcaption><\/figure>\n\n\n\n<h2 class=\"wp-block-heading\">Anatomie der Klitoris<\/h2>\n\n\n\n<p>Die Klitoris der Frau ist mit dem Penis des Mannes vergleichbar. Ihr sichtbarer Teil misst typischerweise 3 bis 6 mm, kann sich aber bei Erregung auf 6 bis 10 mm ausdehnen. Die Klitorisvorhaut ist eine Hautschicht, die die Klitoris bedeckt und sch\u00fctzt, im Gegensatz zum Penis, der meist unbedeckt ist. Die Klitoris erstreckt sich auch in die kleinen Bereiche der <a href=\"https:\/\/www.turkaesthetic.com\/de\/vaginoplasty\/\" target=\"_blank\" data-type=\"page\" data-id=\"15243\" rel=\"noreferrer noopener\">Vagina<\/a>.<\/p>\n\n\n\n<p>Zusammenfassend l\u00e4sst sich sagen, dass der sichtbare Teil der Klitoris im Vergleich zum m\u00e4nnlichen Penis relativ klein ist und sich bei Erregung vergr\u00f6\u00dfert, \u00e4hnlich wie bei einer Erektion beim Mann. Die innere Struktur der Klitoris besteht aus einem Stamm und zwei gr\u00f6\u00dferen Wurzeln, die sich in der Vagina und unterhalb der kleinen Schamlippen befinden. Diese gesamte Klitorisstruktur spielt eine wichtige Rolle f\u00fcr die weibliche Lust; die Stimulation des \u00e4u\u00dferen Teils kann Erregung ausl\u00f6sen und die inneren Empfindungen beim Eindringen erg\u00e4nzen.<\/p>\n\n\n\n<figure class=\"wp-block-embed is-type-video is-provider-youtube wp-block-embed-youtube wp-embed-aspect-16-9 wp-has-aspect-ratio\"><div class=\"wp-block-embed__wrapper\">\n<iframe loading=\"lazy\" title=\"Labiaplasty - Turk Aesthetic\" width=\"800\" height=\"450\" src=\"https:\/\/www.youtube.com\/embed\/WkJY_9-bobo?feature=oembed\" frameborder=\"0\" allow=\"accelerometer; autoplay; clipboard-write; encrypted-media; gyroscope; picture-in-picture; web-share\" referrerpolicy=\"strict-origin-when-cross-origin\" allowfullscreen><\/iframe>\n<\/div><figcaption class=\"wp-element-caption\">Klitorismantelstraffung<\/figcaption><\/figure>\n\n\n\n<h3 class=\"wp-block-heading\">Wie l\u00e4uft eine Klitoris\u00e4sthetik ab?<\/h3>\n\n\n\n<p>Klitoris\u00e4sthetische Eingriffe gelten im Allgemeinen als einfach im Vergleich zu anderen Operationen, die l\u00e4ngere Erholungsphasen erfordern k\u00f6nnen. Die Befolgung der Empfehlungen des plastischen Chirurgen kann die Sicherheit w\u00e4hrend des Eingriffs erh\u00f6hen.<\/p>\n\n\n\n<p>W\u00e4hrend des Eingriffs bet\u00e4ubt der Chirurg den Bereich mit dem entsprechenden An\u00e4sthetikum, bevor er die Gr\u00f6\u00dfe der Klitoris anpasst. \u00dcbersch\u00fcssiges Gewebe wird entfernt, um eine ansprechendere und gleichm\u00e4\u00dfigere Form zu erzielen und diese an die nat\u00fcrliche Gr\u00f6\u00dfe bzw. L\u00e4nge anzupassen. Anschlie\u00dfend wird die kleine Wunde mit biologisch abbaubaren F\u00e4den vern\u00e4ht und der betroffene Bereich nach kurzer Zeit verbunden.<\/p>\n\n\n\n<h4 class=\"wp-block-heading\">Wer kann sich einer Klitoriskorrektur unterziehen?<\/h4>\n\n\n\n<p>Frauen mit angeborener Klitorisverkr\u00fcmmung k\u00f6nnen nach umfassender Beratung durch Fach\u00e4rzte und das \u00c4rzteteam von Turk Aesthetic eine Klitoriskorrektur in Anspruch nehmen.<\/p>\n\n\n\n<p>Diese Behandlung ist auch f\u00fcr Frauen relevant, die aufgrund der Beschneidung, einer in manchen Kulturen aus ideologischen Gr\u00fcnden praktizierten Praxis, Missbildungen erlitten haben. Die Beschneidung kann erhebliche Risiken wie Blutungen, Infektionen und Komplikationen beim Geschlechtsverkehr und bei der Geburt mit sich bringen, die weitere Missbildungen zur Folge haben k\u00f6nnen.<\/p>\n\n\n\n<p>Auch Frauen mit Reizungen, chronischen Schmerzen oder anhaltendem Ausfluss in diesem Bereich k\u00f6nnen diesen Eingriff in Erw\u00e4gung ziehen, jedoch nur nach R\u00fccksprache mit einem qualifizierten Arzt.<\/p>\n\n\n\n<h3 class=\"wp-block-heading\">Wer kann sich keiner Klitorismantelstraffung unterziehen?<\/h3>\n\n\n\n<ul class=\"wp-block-list\">\n<li>M\u00e4dchen unter 18 Jahren.<\/li>\n\n\n\n<li>Personen mit chronischen oder infekti\u00f6sen Erkrankungen.<\/li>\n\n\n\n<li>Frauen mit unkontrolliertem Diabetes.<\/li>\n\n\n\n<li>Bei Adipositas ist eine Korrektur der Klitoriskonturen erforderlich, bevor die \u00e4sthetischen Aspekte behandelt werden.<\/li>\n<\/ul>\n\n\n\n<figure class=\"wp-block-image size-full\"><img loading=\"lazy\" decoding=\"async\" width=\"1024\" height=\"576\" src=\"http:\/\/turkaesthetic.com\/wp-content\/uploads\/2022\/01\/ClitorisAesthetic.webp\" alt=\"Klitorismantelstraffung in Der T\u00fcrkei \" class=\"wp-image-14033\"\/><figcaption class=\"wp-element-caption\">Klitorismantelstraffung<\/figcaption><\/figure>\n\n\n\n<h3 class=\"wp-block-heading\">Welcher Chirurg f\u00fchrt eine Klitoriskorrektur durch?<\/h3>\n\n\n\n<p>Die Klitoriskorrektur wird gleichzeitig von Gyn\u00e4kologen und plastischen Chirurgen durchgef\u00fchrt. Es ist wichtig, dass nur Spezialisten dieser Fachrichtungen diese Operation durchf\u00fchren. Bei der Wahl eines Krankenhauses oder einer Klinik ist auf einen guten Ruf und eine hochgradig sterile klinische Umgebung zu achten. Auch die Erfahrung des Arztes oder Chirurgen spielt eine wichtige Rolle.<\/p>\n\n\n\n<h4 class=\"wp-block-heading\">An\u00e4sthesiearten bei der Klitorismantelstraffung<\/h4>\n\n\n\n<p>Dieser Eingriff kann je nach Wunsch der Patientin und Empfehlung des <a href=\"https:\/\/www.turkaesthetic.com\/de\/genital-aesthetic\/\" target=\"_blank\" data-type=\"page\" data-id=\"53412\" rel=\"noreferrer noopener\">Chirurgen<\/a> unter \u00f6rtlicher Bet\u00e4ubung oder Vollnarkose durchgef\u00fchrt werden. Bei einer Vollnarkose d\u00fcrfen Sie 6 Stunden vor dem Eingriff nichts essen und trinken. Bei einer \u00f6rtlichen Bet\u00e4ubung ist keine Krankenhaus\u00fcbernachtung erforderlich. Bei einer Vollnarkose hingegen ist in der Regel eine \u00dcbernachtung im Krankenhaus erforderlich. Der gesamte Vorgang dauert normalerweise etwa 1 bis 2 Stunden.it, im Krankenhaus zu bleiben, wenn die gew\u00e4hlte Art der An\u00e4sthesie eine lokale An\u00e4sthesie ist. Nat\u00fcrlich erfordert eine Vollnarkose nur eine Nacht Aufenthalt im Krankenhaus. Der Vorgang dauert nur etwa 1 &#8211; 2 Stunden.<\/p>\n\n\n\n<h3 class=\"wp-block-heading\">Klitorismantelstraffung Schritte<\/h3>\n\n\n<div id=\"rank-math-howto\" class=\"rank-math-block\" >\n<div class=\"rank-math-howto-description\">\n\n<p>Die Klitorisoperation durchl\u00e4uft wie andere Operationen drei Phasen:<\/p>\n\n<\/div>\n<p class=\"rank-math-howto-duration\"><strong>Gesamtzeit:<\/strong> <span>50 Minuten<\/span><\/p>\n<div class=\"rank-math-steps \">\n<div id=\"howto-step-1678362106346\" class=\"rank-math-step\">\n<h3 class=\"rank-math-step-title \">Vor der Operation<\/h3>\n<div class=\"rank-math-step-content \"><p>Vor der Operation sind folgende Schritte wichtig:<br \/>\u2013 Informieren Sie Ihren Arzt \u00fcber Medikamenten- oder Substanzallergien.<br \/>\u2013 Informieren Sie Ihren Arzt \u00fcber Bluthochdruck oder sexuell \u00fcbertragbare Krankheiten.<br \/>\u2013 Informieren Sie Ihren Arzt \u00fcber alle Medikamente, die Sie regelm\u00e4\u00dfig einnehmen.<br \/>\u2013 Um \u00fcberm\u00e4\u00dfige Blutungen w\u00e4hrend der Klitorisoperation zu vermeiden und Komplikationen zu vermeiden, sprechen Sie mit Ihrem Arzt mindestens eine Woche vor dem Eingriff \u00fcber das Absetzen von Antikoagulanzien.<br \/>\u2013 Verzichten Sie eine Woche vor der Operation auf Rauchen und Alkohol.<\/p>\n<\/div>\n<\/div>\n<div id=\"howto-step-1678362124162\" class=\"rank-math-step\">\n<h3 class=\"rank-math-step-title \">W\u00e4hrend der Operation<\/h3>\n<div class=\"rank-math-step-content \"><p>Nachdem sichergestellt wurde, dass die Patientin keine Beeintr\u00e4chtigungen f\u00fcr die Operation hat, wird eine An\u00e4sthesie verabreicht. Der Chirurg passt dann die Gr\u00f6\u00dfe der Klitoris an, entfernt \u00fcbersch\u00fcssiges Gewebe und schafft so eine markantere und symmetrischere Form, die der nat\u00fcrlichen Gr\u00f6\u00dfe und L\u00e4nge entspricht. Nach Abschluss des Eingriffs wird die Wunde mit biologisch abbaubarem Nahtmaterial vern\u00e4ht und der Bereich verbunden. Ein Harnkatheter wird gelegt und 24 Stunden lang belassen.<\/p>\n<\/div>\n<\/div>\n<div id=\"howto-step-1678362138847\" class=\"rank-math-step\">\n<h3 class=\"rank-math-step-title \">Nach der Operation<\/h3>\n<div class=\"rank-math-step-content \"><img loading=\"lazy\" decoding=\"async\" width=\"999\" height=\"768\" src=\"https:\/\/www.turkaesthetic.com\/wp-content\/uploads\/2022\/01\/after-Clitoris-Aesthetic.webp\" class=\"attachment-full size-full\" alt=\"Klitorismantelstraffung\" \/><p>Nach Erhalt der postoperativen Anweisungen kann der Patient das Krankenhaus noch am selben Tag verlassen, sobald die Wirkung der Narkose vollst\u00e4ndig abgeklungen ist. Aufgrund der anhaltenden Wirkung der Narkose ist es ratsam, sich bei der Entlassung von einem Angeh\u00f6rigen oder Freund begleiten zu lassen. Ein Krankenhausaufenthalt ist nicht notwendig, es wird jedoch empfohlen, nach dem Eingriff nicht Auto zu fahren. Zus\u00e4tzlich sollten Sie w\u00e4hrend der ersten Erholungsphase eine ballaststoff- und eiwei\u00dfreiche Ern\u00e4hrung einhalten.<\/p>\n<\/div>\n<\/div>\n<\/div>\n<\/div>\n<p class=\"rank-math-howto-estimatedCost\"><strong>Gesch\u00e4tzte Kosten:<\/strong> <span>1450 EUR<\/span><\/p>\n\n\n\n\n\n<h3 class=\"wp-block-heading\">Klitorismantelstraffung Nachsorgeanleitung<\/h3>\n\n\n\n<ul class=\"wp-block-list\">\n<li>Sie m\u00fcssen die Einschr\u00e4nkungen des Chirurgen befolgen, um jegliche Art von Infektion zu vermeiden.<\/li>\n\n\n\n<li>Verzichten Sie 30 Tage lang auf jegliche sexuelle Aktivit\u00e4t.<\/li>\n\n\n\n<li>Vermeiden Sie Alkoholkonsum und Rauchen.<\/li>\n\n\n\n<li>Vollst\u00e4ndige Einhaltung aller Anweisungen des Arztes zur Einnahme von Medikamenten.<\/li>\n<\/ul>\n\n\n\n<figure class=\"wp-block-gallery has-nested-images columns-default is-cropped wp-block-gallery-1 is-layout-flex wp-block-gallery-is-layout-flex\">\n<figure class=\"wp-block-image size-large\"><img decoding=\"async\" data-id=\"45288\" src=\"https:\/\/www.turkaesthetic.com\/wp-content\/uploads\/2023\/11\/before-after-clitoris-aesthetic-4-1024x1024.jpg\" alt=\"Vor und nach der Klitoris\u00e4sthetik in T\u00fcrkiye\" class=\"wp-image-45288\"\/><figcaption class=\"wp-element-caption\">Vor und nach der Klitoris\u00e4sthetik in T\u00fcrkiye<\/figcaption><\/figure>\n\n\n\n<figure class=\"wp-block-image size-large\"><img decoding=\"async\" data-id=\"45279\" src=\"https:\/\/www.turkaesthetic.com\/wp-content\/uploads\/2023\/11\/before-after-clitoris-aesthetic-3-1024x1024.jpg\" alt=\"Vor und nach der Klitoris\u00e4sthetik in T\u00fcrkiye\" class=\"wp-image-45279\"\/><figcaption class=\"wp-element-caption\">Vor und nach der Klitoris\u00e4sthetik in T\u00fcrkiye<\/figcaption><\/figure>\n\n\n\n<figure class=\"wp-block-image size-large\"><img decoding=\"async\" data-id=\"45270\" src=\"https:\/\/www.turkaesthetic.com\/wp-content\/uploads\/2023\/11\/before-after-clitoris-aesthetic-2-1024x1024.jpg\" alt=\"Vor und nach der Klitoris\u00e4sthetik in T\u00fcrkiye\" class=\"wp-image-45270\"\/><figcaption class=\"wp-element-caption\">Vor und nach der Klitoris\u00e4sthetik in T\u00fcrkiye<\/figcaption><\/figure>\n<\/figure>\n\n\n\n<h3 class=\"wp-block-heading\">Hinweise zur Nachsorge bei Klitorismantelstraffung<\/h3>\n\n\n\n<p>Um Infektionsrisiken zu vermeiden, beachten Sie bitte die Anweisungen des Chirurgen:<\/p>\n\n\n\n<ul class=\"wp-block-list\">\n<li>Verzichten Sie 30 Tage lang auf jegliche sexuelle Aktivit\u00e4t.<\/li>\n\n\n\n<li>Vermeiden Sie Alkohol und Rauchen.<\/li>\n\n\n\n<li>Halten Sie sich strikt an alle Anweisungen des Arztes zur Medikamenteneinnahme.<\/li>\n<\/ul>\n\n\n\n<h4 class=\"wp-block-heading\">Vor- und Nachteile der Klitorismantelstraffung<\/h4>\n\n\n\n<p><strong>Positive Aspekte<\/strong><\/p>\n\n\n\n<p>Nach dem Eingriff nimmt die weibliche Anatomie ihre optimale und nat\u00fcrliche Form wieder an.<br>Patientinnen k\u00f6nnen gesteigertes Vergn\u00fcgen und ein gesteigertes Intimit\u00e4tsgef\u00fchl erleben.<br>Au\u00dferdem werden l\u00e4stiger Juckreiz und unangenehmer Ausfluss gelindert.<br>Nach mindestens 30 Tagen kann die Patientin wieder ein vollwertiges Sexualleben f\u00fchren.<\/p>\n\n\n\n<p><strong>Defekte<br><\/strong>Klitoris\u00e4sthetische Eingriffe k\u00f6nnen mit Schmerzen verbunden sein, die jedoch in der Regel nach Einnahme der verschriebenen Medikamente schnell abklingen.<\/p>\n\n\n\n<p><strong>M\u00f6gliche Nebenwirkungen<\/strong><\/p>\n\n\n\n<p>Klitoris\u00e4sthetische Eingriffe k\u00f6nnen mit Nebenwirkungen verbunden sein. Zu den wichtigsten geh\u00f6ren:<\/p>\n\n\n\n<p>Seltene Infektionen, die auftreten k\u00f6nnen, wenn keine ausreichende Hygiene eingehalten oder notwendige Medikamente wie Antibiotika nicht eingesetzt werden. Leichte R\u00f6tung im Vaginalbereich in den ersten Tagen nach dem Eingriff. Leichter Juckreiz. Leichte Schwierigkeiten beim Gehen. Klitoriskorrektur in Istanbul, T\u00fcrkei<\/p>\n\n\n\n<p>Die T\u00fcrkei, insbesondere Istanbul, ist zu einem beliebten Reiseziel f\u00fcr Touristen geworden, die sowohl medizinische Behandlungen als auch Freizeitaktivit\u00e4ten suchen. Diese Beliebtheit ist auf verschiedene Vorteile zur\u00fcckzuf\u00fchren, darunter die gro\u00dfe Auswahl an Behandlungsm\u00f6glichkeiten, die Expertise der \u00c4rzte und die hohe Qualit\u00e4t der Gesundheitsversorgung. Ein wichtiger Eingriff in der T\u00fcrkei ist die Klitoriskorrektur. Die Kosten liegen in der Regel zwischen 1.000 und 2.000 Euro, abh\u00e4ngig von der Klinik und den Details des Eingriffs.<\/p>\n\n\n\n<h3 class=\"wp-block-heading\">Kosten f\u00fcr Klitorismantelstraffung in Istanbul, T\u00fcrkei<\/h3>\n\n\n\n<p>Die Kosten f\u00fcr eine Klitorismantelstraffung in der T\u00fcrkei variieren je nach verschiedenen Faktoren, darunter:<\/p>\n\n\n\n<p>Name der Klinik oder des Krankenhauses<br>Erfahrung des Arztes<br>Art des Eingriffs<br>Zus\u00e4tzliche Leistungen: Einige Kliniken bieten Pakete an, die Behandlung, Unterkunft und Transport beinhalten.<br>Bei Turk Aesthetic in Istanbul, T\u00fcrkei, liegen die Kosten f\u00fcr eine Klitoriskorrektur zwischen 1.450 und 2.250 \u20ac.<\/p>\n\n\n\n<p>Um Informationen zu den Kosten f\u00fcr Unterkunft, Transport und weitere Leistungen zu erhalten, kontaktieren Sie das Team von Turk Aesthetic \u00fcber die Kontaktseite.<strong>Turk Aesthetic<\/strong> \u00fcber die Kontaktseite kontaktieren, um die Kosten f\u00fcr die Unterkunft mit Transport- und Lieferservice anzufordern.<\/p>\n\n\n\n<h2 class=\"wp-block-heading\">FAQ &#8211; Klitorismantelstraffung <\/h2>\n\n\n<div id=\"rank-math-faq\" class=\"rank-math-block\">\n<div class=\"rank-math-list \">\n<div id=\"faq-question-1678362189022\" class=\"rank-math-list-item\">\n<h3 class=\"rank-math-question \">Was ist eine Klitorismantelstraffung?<\/h3>\n<div class=\"rank-math-answer \">\n\n<p>Eine Klitoriskorrektur ist ein plastisch-chirurgischer Eingriff, der die ideale Form des weiblichen Fortpflanzungssystems schaffen soll.<\/p>\n\n<\/div>\n<\/div>\n<div id=\"faq-question-1743079993664\" class=\"rank-math-list-item\">\n<h3 class=\"rank-math-question \">Wer kann sich einer Klitoriskorrektur unterziehen?<\/h3>\n<div class=\"rank-math-answer \">\n\n<p>Dieser Eingriff eignet sich f\u00fcr Frauen mit einer Klitorisdeformation.<\/p>\n\n<\/div>\n<\/div>\n<div id=\"faq-question-1743080000043\" class=\"rank-math-list-item\">\n<h3 class=\"rank-math-question \">Wie lange dauert eine Klitorismantelstraffung?<\/h3>\n<div class=\"rank-math-answer \">\n\n<p>Der Eingriff dauert in der Regel ein bis zwei Stunden, abh\u00e4ngig vom Einzelfall.<\/p>\n\n<\/div>\n<\/div>\n<div id=\"faq-question-1743080008096\" class=\"rank-math-list-item\">\n<h3 class=\"rank-math-question \">Ist eine Klitoriskorrektur schwierig oder riskant?<\/h3>\n<div class=\"rank-math-answer \">\n\n<p>Obwohl eine Klitoriskorrektur in der Regel ein einfacher Eingriff ist, ist es wichtig, auf Sauberkeit, eine ordnungsgem\u00e4\u00dfe Sterilisation des betroffenen Bereichs und die rechtzeitige Einnahme von Antibiotika zu achten.<\/p>\n\n<\/div>\n<\/div>\n<div id=\"faq-question-1743080016117\" class=\"rank-math-list-item\">\n<h3 class=\"rank-math-question \">Wie lange nach der Operation sollte auf Geschlechtsverkehr verzichtet werden?<\/h3>\n<div class=\"rank-math-answer \">\n\n<p>Es wird empfohlen, 30 Tage nach der Operation auf Geschlechtsverkehr zu verzichten.<\/p>\n\n<\/div>\n<\/div>\n<div id=\"faq-question-1743080022490\" class=\"rank-math-list-item\">\n<h3 class=\"rank-math-question \">Verursacht dieser Eingriff Schmerzen?<\/h3>\n<div class=\"rank-math-answer \">\n\n<p>Alle Operationen k\u00f6nnen leichte Schmerzen verursachen. Diese Beschwerden lassen sich jedoch normalerweise mit Schmerzmitteln lindern, die dabei helfen, sie zu lindern.<\/p>\n\n<\/div>\n<\/div>\n<\/div>\n<\/div>\n\n\n<p>Schlie\u00dflich k\u00f6nnen Sie unser Team direkt \u00fcber den Link\u00a0<a href=\"http:\/\/turkaesthetic.com\/de\/contact-us\/\" target=\"_blank\" rel=\"noreferrer noopener\"><strong>kontaktieren<\/strong><\/a>, um Informationen und Preise von\u00a0<a href=\"https:\/\/www.youtube.com\/channel\/UC0zggzdm5CFwpRMmn_CPpFQ\" target=\"_blank\" rel=\"noreferrer noopener\"><strong>Turk Aesthetic<\/strong><\/a>\u00a0anzufordern.<a href=\"http:\/\/turkaesthetic.com\/de\/surgeries-de\/lip-lifting\/\"><\/a><\/p>\n\n\n\n<p><\/p>\n","protected":false},"excerpt":{"rendered":"<p>Die Klitorismantelstraffung z\u00e4hlt zu den bekanntesten plastischen Operationen im Bereich der weiblichen Geschlechtsorgane. Die Klitoris ist ein kleines, erektiles Organ im vorderen Bereich der weiblichen Genitalien. Obwohl sie unbedeutend erscheinen mag, spielt die Klitoris eine wichtige Rolle f\u00fcr die weibliche Erregung und Lust. Probleme in diesem Bereich k\u00f6nnen die Lustf\u00e4higkeit einer Frau beeintr\u00e4chtigen und Korrekturma\u00dfnahmen [&hellip;]<\/p>\n","protected":false},"author":1,"featured_media":14034,"parent":0,"menu_order":0,"comment_status":"closed","ping_status":"closed","template":"","meta":{"footnotes":""},"dep":[],"class_list":["post-14032","page","type-page","status-publish","has-post-thumbnail","hentry"],"_links":{"self":[{"href":"https:\/\/www.turkaesthetic.com\/de\/wp-json\/wp\/v2\/pages\/14032","targetHints":{"allow":["GET"]}}],"collection":[{"href":"https:\/\/www.turkaesthetic.com\/de\/wp-json\/wp\/v2\/pages"}],"about":[{"href":"https:\/\/www.turkaesthetic.com\/de\/wp-json\/wp\/v2\/types\/page"}],"author":[{"embeddable":true,"href":"https:\/\/www.turkaesthetic.com\/de\/wp-json\/wp\/v2\/users\/1"}],"replies":[{"embeddable":true,"href":"https:\/\/www.turkaesthetic.com\/de\/wp-json\/wp\/v2\/comments?post=14032"}],"version-history":[{"count":0,"href":"https:\/\/www.turkaesthetic.com\/de\/wp-json\/wp\/v2\/pages\/14032\/revisions"}],"wp:featuredmedia":[{"embeddable":true,"href":"https:\/\/www.turkaesthetic.com\/de\/wp-json\/wp\/v2\/media\/14034"}],"wp:attachment":[{"href":"https:\/\/www.turkaesthetic.com\/de\/wp-json\/wp\/v2\/media?parent=14032"}],"wp:term":[{"taxonomy":"dep","embeddable":true,"href":"https:\/\/www.turkaesthetic.com\/de\/wp-json\/wp\/v2\/dep?post=14032"}],"curies":[{"name":"wp","href":"https:\/\/api.w.org\/{rel}","templated":true}]}}